{"id":3048,"date":"2024-02-13T15:26:40","date_gmt":"2024-02-13T15:26:40","guid":{"rendered":"https:\/\/green-card-usa.net\/lotari-green-card-vendet-afrika\/"},"modified":"2024-12-30T09:44:31","modified_gmt":"2024-12-30T09:44:31","slug":"lotari-green-card-vendet-afrika","status":"publish","type":"page","link":"https:\/\/us-gc.net\/sq\/lotari-green-card-vendet-afrika\/","title":{"rendered":"Lotaria e Green Card p\u00ebr vendet afrikane"},"content":{"rendered":"\n<h1 class=\"wp-block-heading\" id=\"h-les-pays-d-afrique-a-la-loterie-de-la-carte-verte-americaine\">Vendet afrikane n\u00eb lotarin\u00eb e Kartonit t\u00eb Gjelb\u00ebr t\u00eb SHBA<\/h1>\n\n<p>\u00c7do vit miliona kandidat\u00eb marrin pjes\u00eb n\u00eb shortin e shortit t\u00eb Kartonit Gjelb\u00ebr Amerikan. Ne kemi p\u00ebrpiluar statistikat e publikuara nga Departamenti i Shtetit n\u00eb <a href=\"https:\/\/travel.state.gov\/content\/travel\/en\/us-visas\/immigrate\/diversity-visa-program-entry\/diversity-visa-program-statistics.html\">travel.state.gov<\/a> p\u00ebr t&#8217;ju prezantuar shifrat kryesore mbi pjes\u00ebmarrjen e qytetar\u00ebve afrikan\u00eb n\u00eb shortin e Kartonit t\u00eb Gjelb\u00ebr.<\/p>\n\n<h2 class=\"wp-block-heading\" id=\"h-quelle-est-la-participation-des-africains-a-la-loterie\">Cila \u00ebsht\u00eb pjes\u00ebmarrja e afrikan\u00ebve n\u00eb lotari?<\/h2>\n\n<p>Rreth 50% e aplikant\u00ebve t\u00eb t\u00ebrheqjes s\u00eb <a href=\"https:\/\/us-gc.net\/sq\/lotaria-green-card\/\">Lotaris\u00eb s\u00eb Kartonit t\u00eb Gjelb\u00ebr<\/a> jan\u00eb qytetar\u00eb t\u00eb nj\u00eb vendi afrikan n\u00eb vitet e fundit p\u00ebr t\u00eb cilin disponohen statistika.<\/p>\n\n<figure class=\"wp-block-table\"><table><tbody><tr><td><strong>vite<\/strong><\/td><td class=\"has-text-align-center\" data-align=\"center\"><strong>2019<\/strong><\/td><td class=\"has-text-align-center\" data-align=\"center\"><strong>2020<\/strong><\/td><td class=\"has-text-align-center\" data-align=\"center\"><strong>2021<\/strong><\/td><\/tr><tr><td>Numri i t\u00eb regjistruarve afrikan\u00eb<\/td><td class=\"has-text-align-center\" data-align=\"center\">7,832,894<\/td><td class=\"has-text-align-center\" data-align=\"center\">8,145,390<\/td><td class=\"has-text-align-center\" data-align=\"center\">3,100,982<\/td><\/tr><tr><td>Totali i skedar\u00ebve t\u00eb regjistrimit<\/td><td class=\"has-text-align-center\" data-align=\"center\">14,352,013<\/td><td class=\"has-text-align-center\" data-align=\"center\">14,722,798<\/td><td class=\"has-text-align-center\" data-align=\"center\">6,741,128<\/td><\/tr><tr><td><strong>Pjesa e t\u00eb regjistruarve afrikan\u00eb<\/strong><\/td><td class=\"has-text-align-center\" data-align=\"center\"><strong>55%<\/strong><\/td><td class=\"has-text-align-center\" data-align=\"center\"><strong>55%<\/strong><\/td><td class=\"has-text-align-center\" data-align=\"center\"><strong>46%<\/strong><\/td><\/tr><\/tbody><\/table><figcaption class=\"wp-element-caption\">Pjesa e afrikan\u00ebve t\u00eb regjistruar p\u00ebr lotarin\u00eb e Kartonit t\u00eb Gjelb\u00ebr<\/figcaption><\/figure>\n\n<h2 class=\"wp-block-heading\" id=\"h-quels-sont-les-principaux-pays-d-afrique-d-ou-proviennent-les-candidats\">Cilat jan\u00eb vendet kryesore afrikane nga vijn\u00eb kandidat\u00ebt?<\/h2>\n\n<p>K\u00ebtu \u00ebsht\u00eb numri i dosjeve t\u00eb regjistrimit p\u00ebr lotarin\u00eb e Kartonit t\u00eb Gjelb\u00ebr p\u00ebr 20 vendet kryesore afrikane. Shifrat e fundit t\u00eb b\u00ebra publike nga Departamenti i Shtetit kan\u00eb t\u00eb b\u00ebjn\u00eb me vitet 2019-2021:<\/p>\n\n<figure class=\"wp-block-table\"><table><tbody><tr><td><strong>vendet afrikane<\/strong><\/td><td class=\"has-text-align-center\" data-align=\"center\"><strong>2019<\/strong><\/td><td class=\"has-text-align-center\" data-align=\"center\"><strong>2020<\/strong><\/td><td class=\"has-text-align-center\" data-align=\"center\"><strong>2021<\/strong><\/td><\/tr><tr><td>Kongo Kinshasa<\/td><td class=\"has-text-align-center\" data-align=\"center\">617,573<\/td><td class=\"has-text-align-center\" data-align=\"center\">924 918<\/td><td class=\"has-text-align-center\" data-align=\"center\">593,917<\/td><\/tr><tr><td>Etiopia<\/td><td class=\"has-text-align-center\" data-align=\"center\">781,945<\/td><td class=\"has-text-align-center\" data-align=\"center\">775 252<\/td><td class=\"has-text-align-center\" data-align=\"center\">401 661<\/td><\/tr><tr><td>Egjipti<\/td><td class=\"has-text-align-center\" data-align=\"center\">525 593<\/td><td class=\"has-text-align-center\" data-align=\"center\">525 717<\/td><td class=\"has-text-align-center\" data-align=\"center\">327 401<\/td><\/tr><tr><td>Gana<\/td><td class=\"has-text-align-center\" data-align=\"center\">2,010,531<\/td><td class=\"has-text-align-center\" data-align=\"center\">1,905,520<\/td><td class=\"has-text-align-center\" data-align=\"center\">298 151<\/td><\/tr><tr><td>Sudani<\/td><td class=\"has-text-align-center\" data-align=\"center\">276,827<\/td><td class=\"has-text-align-center\" data-align=\"center\">327 475<\/td><td class=\"has-text-align-center\" data-align=\"center\">232,832<\/td><\/tr><tr><td>Algjeria<\/td><td class=\"has-text-align-center\" data-align=\"center\">227,019<\/td><td class=\"has-text-align-center\" data-align=\"center\">252684<\/td><td class=\"has-text-align-center\" data-align=\"center\">221 212<\/td><\/tr><tr><td>Maroku<\/td><td class=\"has-text-align-center\" data-align=\"center\">203,581<\/td><td class=\"has-text-align-center\" data-align=\"center\">253 336<\/td><td class=\"has-text-align-center\" data-align=\"center\">161,349<\/td><\/tr><tr><td>Kamerun<\/td><td class=\"has-text-align-center\" data-align=\"center\">310 373<\/td><td class=\"has-text-align-center\" data-align=\"center\">310 802<\/td><td class=\"has-text-align-center\" data-align=\"center\">150,970<\/td><\/tr><tr><td>Kenia<\/td><td class=\"has-text-align-center\" data-align=\"center\">322 307<\/td><td class=\"has-text-align-center\" data-align=\"center\">398,959<\/td><td class=\"has-text-align-center\" data-align=\"center\">102,018<\/td><\/tr><tr><td>beninje<\/td><td class=\"has-text-align-center\" data-align=\"center\">128,911<\/td><td class=\"has-text-align-center\" data-align=\"center\">150,386<\/td><td class=\"has-text-align-center\" data-align=\"center\">92,847<\/td><\/tr><tr><td>Liberia<\/td><td class=\"has-text-align-center\" data-align=\"center\">438 333<\/td><td class=\"has-text-align-center\" data-align=\"center\">459,005<\/td><td class=\"has-text-align-center\" data-align=\"center\">71724<\/td><\/tr><tr><td>Togo<\/td><td class=\"has-text-align-center\" data-align=\"center\">231.564<\/td><td class=\"has-text-align-center\" data-align=\"center\">259,819<\/td><td class=\"has-text-align-center\" data-align=\"center\">68,994<\/td><\/tr><tr><td>Sierra Leone<\/td><td class=\"has-text-align-center\" data-align=\"center\">1,005,370<\/td><td class=\"has-text-align-center\" data-align=\"center\">947 803<\/td><td class=\"has-text-align-center\" data-align=\"center\">57779<\/td><\/tr><tr><td>Guinea<\/td><td class=\"has-text-align-center\" data-align=\"center\">179,735<\/td><td class=\"has-text-align-center\" data-align=\"center\">142,008<\/td><td class=\"has-text-align-center\" data-align=\"center\">47607<\/td><\/tr><tr><td>Bregu i Fildisht\u00eb<\/td><td class=\"has-text-align-center\" data-align=\"center\">160,790<\/td><td class=\"has-text-align-center\" data-align=\"center\">145,913<\/td><td class=\"has-text-align-center\" data-align=\"center\">35,090<\/td><\/tr><tr><td>Uganda<\/td><td class=\"has-text-align-center\" data-align=\"center\">33,460<\/td><td class=\"has-text-align-center\" data-align=\"center\">37,079<\/td><td class=\"has-text-align-center\" data-align=\"center\">26,852<\/td><\/tr><tr><td>Ruanda<\/td><td class=\"has-text-align-center\" data-align=\"center\">41.526<\/td><td class=\"has-text-align-center\" data-align=\"center\">50,711<\/td><td class=\"has-text-align-center\" data-align=\"center\">26612<\/td><\/tr><tr><td>Congo Brazzaville<\/td><td class=\"has-text-align-center\" data-align=\"center\">21793<\/td><td class=\"has-text-align-center\" data-align=\"center\">25,592<\/td><td class=\"has-text-align-center\" data-align=\"center\">21,958<\/td><\/tr><tr><td>Senegali<\/td><td class=\"has-text-align-center\" data-align=\"center\">44,785<\/td><td class=\"has-text-align-center\" data-align=\"center\">33,063<\/td><td class=\"has-text-align-center\" data-align=\"center\">16920<\/td><\/tr><tr><td>Eritrea<\/td><td class=\"has-text-align-center\" data-align=\"center\">26,121<\/td><td class=\"has-text-align-center\" data-align=\"center\">17,872<\/td><td class=\"has-text-align-center\" data-align=\"center\">16610<\/td><\/tr><\/tbody><\/table><figcaption class=\"wp-element-caption\">Vendet kryesore afrikane sipas numrit t\u00eb pjes\u00ebmarr\u00ebsve n\u00eb lotarin\u00eb amerikane t\u00eb kartave jeshile<\/figcaption><\/figure>\n\n<h2 class=\"wp-block-heading\" id=\"h-quels-sont-les-gagnants-a-la-loterie-provenant-de-pays-d-afrique\">Cil\u00ebt jan\u00eb fituesit e lotaris\u00eb nga vendet afrikane?<\/h2>\n\n<p>Departamenti i Shtetit publikon gjithashtu numrin e vizave t\u00eb marra \u00e7do vit p\u00ebrmes programit t\u00eb diversitetit. K\u00ebto <a href=\"https:\/\/us-gc.net\/sq\/gjelber-llotari-rezultatet\/\">rezultate t\u00eb lotaris\u00eb<\/a> publikohen sipas zon\u00ebs gjeografike dhe t\u00eb detajuara sipas vendeve.<\/p>\n\n<p>K\u00ebtu \u00ebsht\u00eb numri i vizave t\u00eb marra p\u00ebrmes <a href=\"https:\/\/us-gc.net\/sq\/amerikano-karton-jeshil-llotari\/\">lotaris\u00eb s\u00eb Kartonit t\u00eb Gjelb\u00ebr<\/a> p\u00ebr 20 vendet m\u00eb t\u00eb mira afrikane midis 2018 dhe 2022:<\/p>\n\n<figure class=\"wp-block-table\"><table><tbody><tr><td><strong>vendet afrikane<\/strong><\/td><td class=\"has-text-align-center\" data-align=\"center\"><strong>2018<\/strong><\/td><td class=\"has-text-align-center\" data-align=\"center\"><strong>2019<\/strong><\/td><td class=\"has-text-align-center\" data-align=\"center\"><strong>2020<\/strong><\/td><td class=\"has-text-align-center\" data-align=\"center\"><strong>2021<\/strong><\/td><td class=\"has-text-align-center\" data-align=\"center\"><strong>2022<\/strong><\/td><\/tr><tr><td>Maroku<\/td><td class=\"has-text-align-center\" data-align=\"center\">1011<\/td><td class=\"has-text-align-center\" data-align=\"center\">1132<\/td><td class=\"has-text-align-center\" data-align=\"center\">719<\/td><td class=\"has-text-align-center\" data-align=\"center\">1126<\/td><td class=\"has-text-align-center\" data-align=\"center\">2559<\/td><\/tr><tr><td>Algjeria<\/td><td class=\"has-text-align-center\" data-align=\"center\">1346<\/td><td class=\"has-text-align-center\" data-align=\"center\">1649<\/td><td class=\"has-text-align-center\" data-align=\"center\">783<\/td><td class=\"has-text-align-center\" data-align=\"center\">814<\/td><td class=\"has-text-align-center\" data-align=\"center\">2380<\/td><\/tr><tr><td>Egjipti<\/td><td class=\"has-text-align-center\" data-align=\"center\">3466<\/td><td class=\"has-text-align-center\" data-align=\"center\">3312<\/td><td class=\"has-text-align-center\" data-align=\"center\">1297<\/td><td class=\"has-text-align-center\" data-align=\"center\">447<\/td><td class=\"has-text-align-center\" data-align=\"center\">2147<\/td><\/tr><tr><td>Kamerun<\/td><td class=\"has-text-align-center\" data-align=\"center\">1626<\/td><td class=\"has-text-align-center\" data-align=\"center\">1661<\/td><td class=\"has-text-align-center\" data-align=\"center\">460<\/td><td class=\"has-text-align-center\" data-align=\"center\">653<\/td><td class=\"has-text-align-center\" data-align=\"center\">1705<\/td><\/tr><tr><td>Sudani<\/td><td class=\"has-text-align-center\" data-align=\"center\">1680<\/td><td class=\"has-text-align-center\" data-align=\"center\">1548<\/td><td class=\"has-text-align-center\" data-align=\"center\">403<\/td><td class=\"has-text-align-center\" data-align=\"center\">249<\/td><td class=\"has-text-align-center\" data-align=\"center\">1704<\/td><\/tr><tr><td>Kenia<\/td><td class=\"has-text-align-center\" data-align=\"center\">1220<\/td><td class=\"has-text-align-center\" data-align=\"center\">1207<\/td><td class=\"has-text-align-center\" data-align=\"center\">393<\/td><td class=\"has-text-align-center\" data-align=\"center\">278<\/td><td class=\"has-text-align-center\" data-align=\"center\">1157<\/td><\/tr><tr><td>Kongo Kinshasa<\/td><td class=\"has-text-align-center\" data-align=\"center\">2874<\/td><td class=\"has-text-align-center\" data-align=\"center\">3096<\/td><td class=\"has-text-align-center\" data-align=\"center\">478<\/td><td class=\"has-text-align-center\" data-align=\"center\">592<\/td><td class=\"has-text-align-center\" data-align=\"center\">903<\/td><\/tr><tr><td>Togo<\/td><td class=\"has-text-align-center\" data-align=\"center\">664<\/td><td class=\"has-text-align-center\" data-align=\"center\">757<\/td><td class=\"has-text-align-center\" data-align=\"center\">208<\/td><td class=\"has-text-align-center\" data-align=\"center\">186<\/td><td class=\"has-text-align-center\" data-align=\"center\">838<\/td><\/tr><tr><td>Ruanda<\/td><td class=\"has-text-align-center\" data-align=\"center\">277<\/td><td class=\"has-text-align-center\" data-align=\"center\">338<\/td><td class=\"has-text-align-center\" data-align=\"center\">115<\/td><td class=\"has-text-align-center\" data-align=\"center\">155<\/td><td class=\"has-text-align-center\" data-align=\"center\">661<\/td><\/tr><tr><td>Etiopia<\/td><td class=\"has-text-align-center\" data-align=\"center\">2106<\/td><td class=\"has-text-align-center\" data-align=\"center\">1696<\/td><td class=\"has-text-align-center\" data-align=\"center\">339<\/td><td class=\"has-text-align-center\" data-align=\"center\">67<\/td><td class=\"has-text-align-center\" data-align=\"center\">621<\/td><\/tr><tr><td>Liberia<\/td><td class=\"has-text-align-center\" data-align=\"center\">1249<\/td><td class=\"has-text-align-center\" data-align=\"center\">653<\/td><td class=\"has-text-align-center\" data-align=\"center\">89<\/td><td class=\"has-text-align-center\" data-align=\"center\">46<\/td><td class=\"has-text-align-center\" data-align=\"center\">531<\/td><\/tr><tr><td>Bregu i Fildisht\u00eb<\/td><td class=\"has-text-align-center\" data-align=\"center\">386<\/td><td class=\"has-text-align-center\" data-align=\"center\">424<\/td><td class=\"has-text-align-center\" data-align=\"center\">76<\/td><td class=\"has-text-align-center\" data-align=\"center\">144<\/td><td class=\"has-text-align-center\" data-align=\"center\">383<\/td><\/tr><tr><td>Guinea<\/td><td class=\"has-text-align-center\" data-align=\"center\">155<\/td><td class=\"has-text-align-center\" data-align=\"center\">300<\/td><td class=\"has-text-align-center\" data-align=\"center\">38<\/td><td class=\"has-text-align-center\" data-align=\"center\">41<\/td><td class=\"has-text-align-center\" data-align=\"center\">377<\/td><\/tr><tr><td>Gana<\/td><td class=\"has-text-align-center\" data-align=\"center\">777<\/td><td class=\"has-text-align-center\" data-align=\"center\">640<\/td><td class=\"has-text-align-center\" data-align=\"center\">111<\/td><td class=\"has-text-align-center\" data-align=\"center\">229<\/td><td class=\"has-text-align-center\" data-align=\"center\">355<\/td><\/tr><tr><td>Angola<\/td><td class=\"has-text-align-center\" data-align=\"center\">20<\/td><td class=\"has-text-align-center\" data-align=\"center\">60<\/td><td class=\"has-text-align-center\" data-align=\"center\">9<\/td><td class=\"has-text-align-center\" data-align=\"center\">17<\/td><td class=\"has-text-align-center\" data-align=\"center\">293<\/td><\/tr><tr><td>beninje<\/td><td class=\"has-text-align-center\" data-align=\"center\">237<\/td><td class=\"has-text-align-center\" data-align=\"center\">364<\/td><td class=\"has-text-align-center\" data-align=\"center\">92<\/td><td class=\"has-text-align-center\" data-align=\"center\">58<\/td><td class=\"has-text-align-center\" data-align=\"center\">266<\/td><\/tr><tr><td>Afrika e Jugut<\/td><td class=\"has-text-align-center\" data-align=\"center\">175<\/td><td class=\"has-text-align-center\" data-align=\"center\">180<\/td><td class=\"has-text-align-center\" data-align=\"center\">38<\/td><td class=\"has-text-align-center\" data-align=\"center\">106<\/td><td class=\"has-text-align-center\" data-align=\"center\">266<\/td><\/tr><tr><td>Sierra Leone<\/td><td class=\"has-text-align-center\" data-align=\"center\">119<\/td><td class=\"has-text-align-center\" data-align=\"center\">172<\/td><td class=\"has-text-align-center\" data-align=\"center\">13<\/td><td class=\"has-text-align-center\" data-align=\"center\">70<\/td><td class=\"has-text-align-center\" data-align=\"center\">207<\/td><\/tr><tr><td>Uganda<\/td><td class=\"has-text-align-center\" data-align=\"center\">177<\/td><td class=\"has-text-align-center\" data-align=\"center\">133<\/td><td class=\"has-text-align-center\" data-align=\"center\">64<\/td><td class=\"has-text-align-center\" data-align=\"center\">69<\/td><td class=\"has-text-align-center\" data-align=\"center\">206<\/td><\/tr><tr><td>Libin\u00eb<\/td><td class=\"has-text-align-center\" data-align=\"center\">47<\/td><td class=\"has-text-align-center\" data-align=\"center\">72<\/td><td class=\"has-text-align-center\" data-align=\"center\">24<\/td><td class=\"has-text-align-center\" data-align=\"center\">59<\/td><td class=\"has-text-align-center\" data-align=\"center\">192<\/td><\/tr><\/tbody><\/table><figcaption class=\"wp-element-caption\">Numri i vizave nga <a href=\"https:\/\/us-gc.net\/sq\/diversitet-viza-program\/\">Programi i Vizave t\u00eb Shum\u00ebllojshm\u00ebris\u00eb<\/a> p\u00ebr vendet kryesore afrikane<\/figcaption><\/figure>\n\n<p><\/p>\n","protected":false},"excerpt":{"rendered":"<p>Vendet afrikane n\u00eb lotarin\u00eb e Kartonit t\u00eb Gjelb\u00ebr t\u00eb SHBA \u00c7do vit miliona kandidat\u00eb marrin pjes\u00eb n\u00eb shortin e shortit t\u00eb Kartonit Gjelb\u00ebr Amerikan. Ne kemi p\u00ebrpiluar statistikat e publikuara nga Departamenti i Shtetit n\u00eb travel.state.gov p\u00ebr t&#8217;ju prezantuar shifrat kryesore mbi pjes\u00ebmarrjen e qytetar\u00ebve afrikan\u00eb n\u00eb shortin e Kartonit t\u00eb Gjelb\u00ebr. Cila \u00ebsht\u00eb pjes\u00ebmarrja [&hellip;]<\/p>\n","protected":false},"author":1,"featured_media":0,"parent":0,"menu_order":0,"comment_status":"closed","ping_status":"closed","template":"","meta":{"footnotes":""},"class_list":["post-3048","page","type-page","status-publish","hentry"],"yoast_head":"<!-- This site is optimized with the Yoast SEO plugin v27.4 - https:\/\/yoast.com\/product\/yoast-seo-wordpress\/ -->\n<title>Lotaria e Green Card p\u00ebr vendet afrikane - USA GC<\/title>\n<meta name=\"description\" content=\"Pjes\u00ebmarrja e detajuar n\u00eb lotarin\u00eb Amerikane t\u00eb Kartonit Gjelb\u00ebr p\u00ebr shtetasit e vendeve afrikane n\u00eb vitet e fundit\" \/>\n<meta name=\"robots\" content=\"index, follow, max-snippet:-1, max-image-preview:large, max-video-preview:-1\" \/>\n<link rel=\"canonical\" href=\"https:\/\/us-gc.net\/sq\/lotari-green-card-vendet-afrika\/\" \/>\n<meta property=\"og:locale\" content=\"sq_AL\" \/>\n<meta property=\"og:type\" content=\"article\" \/>\n<meta property=\"og:title\" content=\"Lotaria e Green Card p\u00ebr vendet afrikane - USA GC\" \/>\n<meta property=\"og:description\" content=\"Pjes\u00ebmarrja e detajuar n\u00eb lotarin\u00eb Amerikane t\u00eb Kartonit Gjelb\u00ebr p\u00ebr shtetasit e vendeve afrikane n\u00eb vitet e fundit\" \/>\n<meta property=\"og:url\" content=\"https:\/\/us-gc.net\/sq\/lotari-green-card-vendet-afrika\/\" \/>\n<meta property=\"og:site_name\" content=\"USA GC\" \/>\n<meta property=\"article:modified_time\" content=\"2024-12-30T09:44:31+00:00\" \/>\n<meta name=\"twitter:card\" content=\"summary_large_image\" \/>\n<meta name=\"twitter:label1\" content=\"Est. reading time\" \/>\n\t<meta name=\"twitter:data1\" content=\"2 minutes\" \/>\n<script type=\"application\/ld+json\" class=\"yoast-schema-graph\">{\"@context\":\"https:\\\/\\\/schema.org\",\"@graph\":[{\"@type\":\"WebPage\",\"@id\":\"https:\\\/\\\/us-gc.net\\\/sq\\\/lotari-green-card-vendet-afrika\\\/\",\"url\":\"https:\\\/\\\/us-gc.net\\\/sq\\\/lotari-green-card-vendet-afrika\\\/\",\"name\":\"Lotaria e Green Card p\u00ebr vendet afrikane - USA GC\",\"isPartOf\":{\"@id\":\"https:\\\/\\\/us-gc.net\\\/sq\\\/#website\"},\"datePublished\":\"2024-02-13T15:26:40+00:00\",\"dateModified\":\"2024-12-30T09:44:31+00:00\",\"description\":\"Pjes\u00ebmarrja e detajuar n\u00eb lotarin\u00eb Amerikane t\u00eb Kartonit Gjelb\u00ebr p\u00ebr shtetasit e vendeve afrikane n\u00eb vitet e fundit\",\"breadcrumb\":{\"@id\":\"https:\\\/\\\/us-gc.net\\\/sq\\\/lotari-green-card-vendet-afrika\\\/#breadcrumb\"},\"inLanguage\":\"sq-AL\",\"potentialAction\":[{\"@type\":\"ReadAction\",\"target\":[\"https:\\\/\\\/us-gc.net\\\/sq\\\/lotari-green-card-vendet-afrika\\\/\"]}]},{\"@type\":\"BreadcrumbList\",\"@id\":\"https:\\\/\\\/us-gc.net\\\/sq\\\/lotari-green-card-vendet-afrika\\\/#breadcrumb\",\"itemListElement\":[{\"@type\":\"ListItem\",\"position\":1,\"name\":\"Accueil\",\"item\":\"https:\\\/\\\/us-gc.net\\\/sq\\\/green-card\\\/\"},{\"@type\":\"ListItem\",\"position\":2,\"name\":\"Lotaria e Green Card p\u00ebr vendet afrikane\"}]},{\"@type\":\"WebSite\",\"@id\":\"https:\\\/\\\/us-gc.net\\\/sq\\\/#website\",\"url\":\"https:\\\/\\\/us-gc.net\\\/sq\\\/\",\"name\":\"USA GC\",\"description\":\"\",\"potentialAction\":[{\"@type\":\"SearchAction\",\"target\":{\"@type\":\"EntryPoint\",\"urlTemplate\":\"https:\\\/\\\/us-gc.net\\\/sq\\\/?s={search_term_string}\"},\"query-input\":{\"@type\":\"PropertyValueSpecification\",\"valueRequired\":true,\"valueName\":\"search_term_string\"}}],\"inLanguage\":\"sq-AL\"}]}<\/script>\n<!-- \/ Yoast SEO plugin. -->","yoast_head_json":{"title":"Lotaria e Green Card p\u00ebr vendet afrikane - USA GC","description":"Pjes\u00ebmarrja e detajuar n\u00eb lotarin\u00eb Amerikane t\u00eb Kartonit Gjelb\u00ebr p\u00ebr shtetasit e vendeve afrikane n\u00eb vitet e fundit","robots":{"index":"index","follow":"follow","max-snippet":"max-snippet:-1","max-image-preview":"max-image-preview:large","max-video-preview":"max-video-preview:-1"},"canonical":"https:\/\/us-gc.net\/sq\/lotari-green-card-vendet-afrika\/","og_locale":"sq_AL","og_type":"article","og_title":"Lotaria e Green Card p\u00ebr vendet afrikane - USA GC","og_description":"Pjes\u00ebmarrja e detajuar n\u00eb lotarin\u00eb Amerikane t\u00eb Kartonit Gjelb\u00ebr p\u00ebr shtetasit e vendeve afrikane n\u00eb vitet e fundit","og_url":"https:\/\/us-gc.net\/sq\/lotari-green-card-vendet-afrika\/","og_site_name":"USA GC","article_modified_time":"2024-12-30T09:44:31+00:00","twitter_card":"summary_large_image","twitter_misc":{"Est. reading time":"2 minutes"},"schema":{"@context":"https:\/\/schema.org","@graph":[{"@type":"WebPage","@id":"https:\/\/us-gc.net\/sq\/lotari-green-card-vendet-afrika\/","url":"https:\/\/us-gc.net\/sq\/lotari-green-card-vendet-afrika\/","name":"Lotaria e Green Card p\u00ebr vendet afrikane - USA GC","isPartOf":{"@id":"https:\/\/us-gc.net\/sq\/#website"},"datePublished":"2024-02-13T15:26:40+00:00","dateModified":"2024-12-30T09:44:31+00:00","description":"Pjes\u00ebmarrja e detajuar n\u00eb lotarin\u00eb Amerikane t\u00eb Kartonit Gjelb\u00ebr p\u00ebr shtetasit e vendeve afrikane n\u00eb vitet e fundit","breadcrumb":{"@id":"https:\/\/us-gc.net\/sq\/lotari-green-card-vendet-afrika\/#breadcrumb"},"inLanguage":"sq-AL","potentialAction":[{"@type":"ReadAction","target":["https:\/\/us-gc.net\/sq\/lotari-green-card-vendet-afrika\/"]}]},{"@type":"BreadcrumbList","@id":"https:\/\/us-gc.net\/sq\/lotari-green-card-vendet-afrika\/#breadcrumb","itemListElement":[{"@type":"ListItem","position":1,"name":"Accueil","item":"https:\/\/us-gc.net\/sq\/green-card\/"},{"@type":"ListItem","position":2,"name":"Lotaria e Green Card p\u00ebr vendet afrikane"}]},{"@type":"WebSite","@id":"https:\/\/us-gc.net\/sq\/#website","url":"https:\/\/us-gc.net\/sq\/","name":"USA GC","description":"","potentialAction":[{"@type":"SearchAction","target":{"@type":"EntryPoint","urlTemplate":"https:\/\/us-gc.net\/sq\/?s={search_term_string}"},"query-input":{"@type":"PropertyValueSpecification","valueRequired":true,"valueName":"search_term_string"}}],"inLanguage":"sq-AL"}]}},"_links":{"self":[{"href":"https:\/\/us-gc.net\/sq\/wp-json\/wp\/v2\/pages\/3048","targetHints":{"allow":["GET"]}}],"collection":[{"href":"https:\/\/us-gc.net\/sq\/wp-json\/wp\/v2\/pages"}],"about":[{"href":"https:\/\/us-gc.net\/sq\/wp-json\/wp\/v2\/types\/page"}],"author":[{"embeddable":true,"href":"https:\/\/us-gc.net\/sq\/wp-json\/wp\/v2\/users\/1"}],"replies":[{"embeddable":true,"href":"https:\/\/us-gc.net\/sq\/wp-json\/wp\/v2\/comments?post=3048"}],"version-history":[{"count":1,"href":"https:\/\/us-gc.net\/sq\/wp-json\/wp\/v2\/pages\/3048\/revisions"}],"predecessor-version":[{"id":7888,"href":"https:\/\/us-gc.net\/sq\/wp-json\/wp\/v2\/pages\/3048\/revisions\/7888"}],"wp:attachment":[{"href":"https:\/\/us-gc.net\/sq\/wp-json\/wp\/v2\/media?parent=3048"}],"curies":[{"name":"wp","href":"https:\/\/api.w.org\/{rel}","templated":true}]}}