{"id":2927,"date":"2024-01-31T14:45:08","date_gmt":"2024-01-31T14:45:08","guid":{"rendered":"https:\/\/green-card-usa.net\/foto-green-card\/"},"modified":"2024-12-30T09:39:53","modified_gmt":"2024-12-30T09:39:53","slug":"foto-green-card","status":"publish","type":"page","link":"https:\/\/us-gc.net\/sq\/foto-green-card\/","title":{"rendered":"Specifikat e kartonit jeshil t\u00eb fotografis\u00eb s\u00eb identitetit"},"content":{"rendered":"\n<h1 class=\"wp-block-heading\" id=\"h-les-specificites-de-la-photo-pour-la-green-card\">Specifikat e fotos p\u00ebr Kartonin e Gjelb\u00ebr<\/h1>\n\n<p>Gjat\u00eb procesit t\u00eb marrjes s\u00eb Kartonit Jeshil, aplikanti duhet t\u00eb siguroj\u00eb nj\u00eb let\u00ebrnjoftim me foto. Formati i k\u00ebsaj fotoje \u00ebsht\u00eb specifik.Ka disa rregulla t\u00eb detyrueshme q\u00eb duhen respektuar n\u00eb m\u00ebnyr\u00eb q\u00eb fotografia t\u00eb mos refuzohet.  <\/p>\n\n<h2 class=\"wp-block-heading\" id=\"h-quelles-sont-les-principales-regles-concernant-la-photo\">Cilat jan\u00eb rregullat kryesore n\u00eb lidhje me fotografin\u00eb?<\/h2>\n\n<p>Rregullat kryesore q\u00eb duhen ndjekur p\u00ebr foton e Kartonit t\u00eb Gjelb\u00ebr jan\u00eb si m\u00eb posht\u00eb:<\/p>\n\n<ol class=\"wp-block-list\">\n<li>Formati i fotos<\/li>\n\n\n\n<li>Mosha e fotos<\/li>\n\n\n\n<li>Pozicioni i kok\u00ebs n\u00eb foto<\/li>\n\n\n\n<li>Sfondi i goditjes<\/li>\n\n\n\n<li>\u00c7far\u00eb mund t\u00eb vishni n\u00eb foto?<\/li>\n<\/ol>\n\n<h3 class=\"wp-block-heading\" id=\"h-1-quel-est-le-format-de-la-photo-pour-la-green-card\">1. Cili \u00ebsht\u00eb formati i fotografis\u00eb p\u00ebr Kartonin Jeshil?<\/h3>\n\n<p>Fotografia n\u00eb versionin dixhital duhet t\u00eb jet\u00eb nj\u00eb skedar JPEG. Madh\u00ebsia minimale e fotografis\u00eb duhet t\u00eb jet\u00eb s\u00eb paku 600 piksel me 600 piksel dhe t\u00eb pakt\u00ebn 54 kb.<\/p>\n\n<h3 class=\"wp-block-heading\" id=\"h-2-quelle-peut-etre-l-anciennete-de-la-photo\">2. Sa e vjet\u00ebr mund t\u00eb jet\u00eb fotografia?<\/h3>\n\n<p>Fotografia e dor\u00ebzuar p\u00ebr t\u00eb marr\u00eb Kartonin Jeshil nuk duhet t\u00eb jet\u00eb m\u00eb e vjet\u00ebr se 6 muaj. Kjo i lejon Departamentit Amerikan t\u00eb Shtetit t\u00eb siguroj\u00eb q\u00eb fotografia t\u00eb p\u00ebrputhet me fytyr\u00ebn e aplikantit. Ky rregull \u00ebsht\u00eb imperativ dhe duhet marr\u00eb shum\u00eb seriozisht. Fotoja v\u00ebrtetohet p\u00ebrfundimisht gjat\u00eb nj\u00eb <a href=\"https:\/\/us-gc.net\/sq\/green-card-interview\/\">interviste p\u00ebrfundimtare p\u00ebr Kartonin Jeshil<\/a> .<\/p>\n\n<h3 class=\"wp-block-heading\" id=\"h-3-quelle-doit-etre-la-position-de-la-tete-sur-la-photo\">3. Cili duhet t\u00eb jet\u00eb pozicioni i kok\u00ebs n\u00eb foto?<\/h3>\n\n<p>Kandidati duhet t\u00eb ket\u00eb nj\u00eb shprehje neutrale t\u00eb fytyr\u00ebs dhe t\u00eb mos buz\u00ebqesh\u00eb. Fytyra e tyre duhet t\u00eb jet\u00eb plot\u00ebsisht e dukshme dhe n\u00eb qend\u00ebr t\u00eb fotos. Kandidati duhet t\u00eb jet\u00eb p\u00ebrball\u00eb kamer\u00ebs dhe koka e tij duhet t\u00eb p\u00ebrfaq\u00ebsoj\u00eb 60% t\u00eb lart\u00ebsis\u00eb totale t\u00eb fotografis\u00eb. Syt\u00eb e tij duhet t\u00eb jen\u00eb t\u00eb hapur.<\/p>\n\n<h3 class=\"wp-block-heading\" id=\"h-4-comment-doit-etre-l-arriere-plan-de-la-prise-de-vue\">4. Si duhet t\u00eb duket sfondi i shkrepjes?<\/h3>\n\n<p>Sfondi i fotografis\u00eb duhet t\u00eb jet\u00eb nj\u00eb ngjyr\u00eb e fort\u00eb, e qart\u00eb dhe pa asnj\u00eb hije. Ngjyra e sfondit mund t\u00eb jet\u00eb e bardh\u00eb ose e bardh\u00eb.<\/p>\n\n<h3 class=\"wp-block-heading\" id=\"h-5-peut-on-porter-des-lunettes-ou-le-voile-sur-la-photo\">5. A mund t\u00eb mbajm\u00eb syze apo vello n\u00eb foto?<\/h3>\n\n<p>Ndalohet mbajtja e syzeve n\u00eb foton e Kartonit Jeshil. Aplikanti i Kartonit t\u00eb Gjelb\u00ebr nuk mund t\u00eb mbaj\u00eb as kapele apo kapele.<\/p>\n\n<p>Sidoqoft\u00eb, nj\u00eb shall fetar mund t\u00eb vishet n\u00eb foton e Kartonit t\u00eb Gjelb\u00ebr. Megjithat\u00eb, fytyra duhet t\u00eb jet\u00eb e dukshme nga maja e ballit deri n\u00eb fund t\u00eb mjekr\u00ebs.<\/p>\n\n<p>K\u00ebto rregulla kan\u00eb t\u00eb b\u00ebjn\u00eb me t\u00eb gjitha procedurat p\u00ebr marrjen e Kartonit Jeshil, pavar\u00ebsisht n\u00ebse:<\/p>\n\n<ul class=\"wp-block-list\">\n<li>Foto si pjes\u00eb e <a href=\"https:\/\/us-gc.net\/sq\/lotaria-green-card\/\">shortit t\u00eb Kartonit t\u00eb Gjelb\u00ebr<\/a> ;<\/li>\n\n\n\n<li>Fotografia e dor\u00ebzuar p\u00ebr nj\u00eb <a href=\"https:\/\/us-gc.net\/sq\/green-card-per-martese\/\">Green Card nga martesa<\/a>, nj\u00eb <a href=\"https:\/\/us-gc.net\/sq\/green-card-sponsorizimi\/\">Green Card nga sponsori<\/a> ose t\u00eb gjitha procedurat e tjera p\u00ebr t\u00eb marr\u00eb nj\u00eb Green Card.<\/li>\n<\/ul>\n\n<div style=\"height:10px\" aria-hidden=\"true\" class=\"wp-block-spacer\"><\/div>\n\n<h2 class=\"wp-block-heading\" id=\"h-dimensions-de-la-photo-d-identite-de-la-green-card\">Dimensionet e fotografis\u00eb s\u00eb kartonit jeshil<\/h2>\n\n<figure class=\"wp-block-image size-full\"><img fetchpriority=\"high\" decoding=\"async\" width=\"601\" height=\"378\" src=\"https:\/\/us-gc.net\/wp-content\/uploads\/2024\/05\/Green-card-2024.jpg\" alt=\"Imazhi i nj&#xEB; kartoni jeshil t&#xEB; vlefsh&#xEB;m n&#xEB; 2024\" class=\"wp-image-4826\" srcset=\"https:\/\/us-gc.net\/wp-content\/uploads\/2024\/05\/Green-card-2024.jpg 601w, https:\/\/us-gc.net\/wp-content\/uploads\/2024\/05\/Green-card-2024-300x189.jpg 300w\" sizes=\"(max-width: 601px) 100vw, 601px\" \/><figcaption class=\"wp-element-caption\">Karton jeshil p\u00ebr rezident t\u00eb p\u00ebrhersh\u00ebm n\u00eb SHBA<\/figcaption><\/figure>\n","protected":false},"excerpt":{"rendered":"<p>Specifikat e fotos p\u00ebr Kartonin e Gjelb\u00ebr Gjat\u00eb procesit t\u00eb marrjes s\u00eb Kartonit Jeshil, aplikanti duhet t\u00eb siguroj\u00eb nj\u00eb let\u00ebrnjoftim me foto. Formati i k\u00ebsaj fotoje \u00ebsht\u00eb specifik.Ka disa rregulla t\u00eb detyrueshme q\u00eb duhen respektuar n\u00eb m\u00ebnyr\u00eb q\u00eb fotografia t\u00eb mos refuzohet. Cilat jan\u00eb rregullat kryesore n\u00eb lidhje me fotografin\u00eb? Rregullat kryesore q\u00eb duhen ndjekur [&hellip;]<\/p>\n","protected":false},"author":1,"featured_media":0,"parent":0,"menu_order":0,"comment_status":"closed","ping_status":"closed","template":"","meta":{"footnotes":""},"class_list":["post-2927","page","type-page","status-publish","hentry"],"yoast_head":"<!-- This site is optimized with the Yoast SEO plugin v27.4 - https:\/\/yoast.com\/product\/yoast-seo-wordpress\/ -->\n<title>Specifikat e kartonit jeshil t\u00eb fotografis\u00eb s\u00eb identitetit - USA GC<\/title>\n<meta name=\"description\" content=\"Me rastin e marrjes ose rinovimit t\u00eb Kartonit Jeshil, kandidati duhet t\u00eb siguroj\u00eb foton e tij t\u00eb identitetit n\u00eb p\u00ebrputhje me rregullat.\" \/>\n<meta name=\"robots\" content=\"index, follow, max-snippet:-1, max-image-preview:large, max-video-preview:-1\" \/>\n<link rel=\"canonical\" href=\"https:\/\/us-gc.net\/sq\/foto-green-card\/\" \/>\n<meta property=\"og:locale\" content=\"sq_AL\" \/>\n<meta property=\"og:type\" content=\"article\" \/>\n<meta property=\"og:title\" content=\"Specifikat e kartonit jeshil t\u00eb fotografis\u00eb s\u00eb identitetit - USA GC\" \/>\n<meta property=\"og:description\" content=\"Me rastin e marrjes ose rinovimit t\u00eb Kartonit Jeshil, kandidati duhet t\u00eb siguroj\u00eb foton e tij t\u00eb identitetit n\u00eb p\u00ebrputhje me rregullat.\" \/>\n<meta property=\"og:url\" content=\"https:\/\/us-gc.net\/sq\/foto-green-card\/\" \/>\n<meta property=\"og:site_name\" content=\"USA GC\" \/>\n<meta property=\"article:modified_time\" content=\"2024-12-30T09:39:53+00:00\" \/>\n<meta property=\"og:image\" content=\"https:\/\/us-gc.net\/wp-content\/uploads\/2024\/05\/Green-card-2024.jpg\" \/>\n<meta name=\"twitter:card\" content=\"summary_large_image\" \/>\n<meta name=\"twitter:label1\" content=\"Est. reading time\" \/>\n\t<meta name=\"twitter:data1\" content=\"2 minutes\" \/>\n<script type=\"application\/ld+json\" class=\"yoast-schema-graph\">{\"@context\":\"https:\\\/\\\/schema.org\",\"@graph\":[{\"@type\":\"WebPage\",\"@id\":\"https:\\\/\\\/us-gc.net\\\/sq\\\/foto-green-card\\\/\",\"url\":\"https:\\\/\\\/us-gc.net\\\/sq\\\/foto-green-card\\\/\",\"name\":\"Specifikat e kartonit jeshil t\u00eb fotografis\u00eb s\u00eb identitetit - USA GC\",\"isPartOf\":{\"@id\":\"https:\\\/\\\/us-gc.net\\\/sq\\\/#website\"},\"primaryImageOfPage\":{\"@id\":\"https:\\\/\\\/us-gc.net\\\/sq\\\/foto-green-card\\\/#primaryimage\"},\"image\":{\"@id\":\"https:\\\/\\\/us-gc.net\\\/sq\\\/foto-green-card\\\/#primaryimage\"},\"thumbnailUrl\":\"https:\\\/\\\/us-gc.net\\\/wp-content\\\/uploads\\\/2024\\\/05\\\/Green-card-2024.jpg\",\"datePublished\":\"2024-01-31T14:45:08+00:00\",\"dateModified\":\"2024-12-30T09:39:53+00:00\",\"description\":\"Me rastin e marrjes ose rinovimit t\u00eb Kartonit Jeshil, kandidati duhet t\u00eb siguroj\u00eb foton e tij t\u00eb identitetit n\u00eb p\u00ebrputhje me rregullat.\",\"breadcrumb\":{\"@id\":\"https:\\\/\\\/us-gc.net\\\/sq\\\/foto-green-card\\\/#breadcrumb\"},\"inLanguage\":\"sq-AL\",\"potentialAction\":[{\"@type\":\"ReadAction\",\"target\":[\"https:\\\/\\\/us-gc.net\\\/sq\\\/foto-green-card\\\/\"]}]},{\"@type\":\"ImageObject\",\"inLanguage\":\"sq-AL\",\"@id\":\"https:\\\/\\\/us-gc.net\\\/sq\\\/foto-green-card\\\/#primaryimage\",\"url\":\"https:\\\/\\\/us-gc.net\\\/wp-content\\\/uploads\\\/2024\\\/05\\\/Green-card-2024.jpg\",\"contentUrl\":\"https:\\\/\\\/us-gc.net\\\/wp-content\\\/uploads\\\/2024\\\/05\\\/Green-card-2024.jpg\"},{\"@type\":\"BreadcrumbList\",\"@id\":\"https:\\\/\\\/us-gc.net\\\/sq\\\/foto-green-card\\\/#breadcrumb\",\"itemListElement\":[{\"@type\":\"ListItem\",\"position\":1,\"name\":\"Accueil\",\"item\":\"https:\\\/\\\/us-gc.net\\\/sq\\\/green-card\\\/\"},{\"@type\":\"ListItem\",\"position\":2,\"name\":\"Specifikat e kartonit jeshil t\u00eb fotografis\u00eb s\u00eb identitetit\"}]},{\"@type\":\"WebSite\",\"@id\":\"https:\\\/\\\/us-gc.net\\\/sq\\\/#website\",\"url\":\"https:\\\/\\\/us-gc.net\\\/sq\\\/\",\"name\":\"USA GC\",\"description\":\"\",\"potentialAction\":[{\"@type\":\"SearchAction\",\"target\":{\"@type\":\"EntryPoint\",\"urlTemplate\":\"https:\\\/\\\/us-gc.net\\\/sq\\\/?s={search_term_string}\"},\"query-input\":{\"@type\":\"PropertyValueSpecification\",\"valueRequired\":true,\"valueName\":\"search_term_string\"}}],\"inLanguage\":\"sq-AL\"}]}<\/script>\n<!-- \/ Yoast SEO plugin. -->","yoast_head_json":{"title":"Specifikat e kartonit jeshil t\u00eb fotografis\u00eb s\u00eb identitetit - USA GC","description":"Me rastin e marrjes ose rinovimit t\u00eb Kartonit Jeshil, kandidati duhet t\u00eb siguroj\u00eb foton e tij t\u00eb identitetit n\u00eb p\u00ebrputhje me rregullat.","robots":{"index":"index","follow":"follow","max-snippet":"max-snippet:-1","max-image-preview":"max-image-preview:large","max-video-preview":"max-video-preview:-1"},"canonical":"https:\/\/us-gc.net\/sq\/foto-green-card\/","og_locale":"sq_AL","og_type":"article","og_title":"Specifikat e kartonit jeshil t\u00eb fotografis\u00eb s\u00eb identitetit - USA GC","og_description":"Me rastin e marrjes ose rinovimit t\u00eb Kartonit Jeshil, kandidati duhet t\u00eb siguroj\u00eb foton e tij t\u00eb identitetit n\u00eb p\u00ebrputhje me rregullat.","og_url":"https:\/\/us-gc.net\/sq\/foto-green-card\/","og_site_name":"USA GC","article_modified_time":"2024-12-30T09:39:53+00:00","og_image":[{"url":"https:\/\/us-gc.net\/wp-content\/uploads\/2024\/05\/Green-card-2024.jpg","type":"","width":"","height":""}],"twitter_card":"summary_large_image","twitter_misc":{"Est. reading time":"2 minutes"},"schema":{"@context":"https:\/\/schema.org","@graph":[{"@type":"WebPage","@id":"https:\/\/us-gc.net\/sq\/foto-green-card\/","url":"https:\/\/us-gc.net\/sq\/foto-green-card\/","name":"Specifikat e kartonit jeshil t\u00eb fotografis\u00eb s\u00eb identitetit - USA GC","isPartOf":{"@id":"https:\/\/us-gc.net\/sq\/#website"},"primaryImageOfPage":{"@id":"https:\/\/us-gc.net\/sq\/foto-green-card\/#primaryimage"},"image":{"@id":"https:\/\/us-gc.net\/sq\/foto-green-card\/#primaryimage"},"thumbnailUrl":"https:\/\/us-gc.net\/wp-content\/uploads\/2024\/05\/Green-card-2024.jpg","datePublished":"2024-01-31T14:45:08+00:00","dateModified":"2024-12-30T09:39:53+00:00","description":"Me rastin e marrjes ose rinovimit t\u00eb Kartonit Jeshil, kandidati duhet t\u00eb siguroj\u00eb foton e tij t\u00eb identitetit n\u00eb p\u00ebrputhje me rregullat.","breadcrumb":{"@id":"https:\/\/us-gc.net\/sq\/foto-green-card\/#breadcrumb"},"inLanguage":"sq-AL","potentialAction":[{"@type":"ReadAction","target":["https:\/\/us-gc.net\/sq\/foto-green-card\/"]}]},{"@type":"ImageObject","inLanguage":"sq-AL","@id":"https:\/\/us-gc.net\/sq\/foto-green-card\/#primaryimage","url":"https:\/\/us-gc.net\/wp-content\/uploads\/2024\/05\/Green-card-2024.jpg","contentUrl":"https:\/\/us-gc.net\/wp-content\/uploads\/2024\/05\/Green-card-2024.jpg"},{"@type":"BreadcrumbList","@id":"https:\/\/us-gc.net\/sq\/foto-green-card\/#breadcrumb","itemListElement":[{"@type":"ListItem","position":1,"name":"Accueil","item":"https:\/\/us-gc.net\/sq\/green-card\/"},{"@type":"ListItem","position":2,"name":"Specifikat e kartonit jeshil t\u00eb fotografis\u00eb s\u00eb identitetit"}]},{"@type":"WebSite","@id":"https:\/\/us-gc.net\/sq\/#website","url":"https:\/\/us-gc.net\/sq\/","name":"USA GC","description":"","potentialAction":[{"@type":"SearchAction","target":{"@type":"EntryPoint","urlTemplate":"https:\/\/us-gc.net\/sq\/?s={search_term_string}"},"query-input":{"@type":"PropertyValueSpecification","valueRequired":true,"valueName":"search_term_string"}}],"inLanguage":"sq-AL"}]}},"_links":{"self":[{"href":"https:\/\/us-gc.net\/sq\/wp-json\/wp\/v2\/pages\/2927","targetHints":{"allow":["GET"]}}],"collection":[{"href":"https:\/\/us-gc.net\/sq\/wp-json\/wp\/v2\/pages"}],"about":[{"href":"https:\/\/us-gc.net\/sq\/wp-json\/wp\/v2\/types\/page"}],"author":[{"embeddable":true,"href":"https:\/\/us-gc.net\/sq\/wp-json\/wp\/v2\/users\/1"}],"replies":[{"embeddable":true,"href":"https:\/\/us-gc.net\/sq\/wp-json\/wp\/v2\/comments?post=2927"}],"version-history":[{"count":1,"href":"https:\/\/us-gc.net\/sq\/wp-json\/wp\/v2\/pages\/2927\/revisions"}],"predecessor-version":[{"id":7688,"href":"https:\/\/us-gc.net\/sq\/wp-json\/wp\/v2\/pages\/2927\/revisions\/7688"}],"wp:attachment":[{"href":"https:\/\/us-gc.net\/sq\/wp-json\/wp\/v2\/media?parent=2927"}],"curies":[{"name":"wp","href":"https:\/\/api.w.org\/{rel}","templated":true}]}}