{"id":2889,"date":"2024-02-10T08:30:09","date_gmt":"2024-02-10T08:30:09","guid":{"rendered":"https:\/\/green-card-usa.net\/vende-jo-autorizar-marr-pjese-llotari-green-card\/"},"modified":"2024-12-30T09:46:25","modified_gmt":"2024-12-30T09:46:25","slug":"vende-jo-autorizar-marr-pjese-llotari-green-card","status":"publish","type":"page","link":"https:\/\/us-gc.net\/sq\/vende-jo-autorizar-marr-pjese-llotari-green-card\/","title":{"rendered":"Vendet q\u00eb nuk lejohen t\u00eb marrin pjes\u00eb n\u00eb shortin e Kartonit t\u00eb Gjelb\u00ebr"},"content":{"rendered":"\n<h1 class=\"wp-block-heading\" id=\"h-liste-des-pays-non-participants-a-la-loterie-de-la-green-card\">Lista e vendeve q\u00eb nuk marrin pjes\u00eb n\u00eb shortin e Kartonit t\u00eb Gjelb\u00ebr<\/h1>\n\n<p>Shtetet e Bashkuara duan t\u00eb ruajn\u00eb diversitetin brenda popullsis\u00eb emigrante. Prandaj, Programi i Vizave t\u00eb Shum\u00ebllojshm\u00ebris\u00eb p\u00ebrcakton \u00e7do vit list\u00ebn e vendeve, shtetasit e t\u00eb cil\u00ebve nuk jan\u00eb t\u00eb autorizuar t\u00eb marrin pjes\u00eb n\u00eb shortin e Kartonit t\u00eb Gjelb\u00ebr. K\u00ebto vende jo-pjes\u00ebmarr\u00ebse jan\u00eb ato nga t\u00eb cilat m\u00eb shum\u00eb se 50,000 shtetas t\u00eb emigruar n\u00eb Shtetet e Bashkuara n\u00eb pes\u00eb vitet e m\u00ebparshme nuk mund t\u00eb marrin pjes\u00eb n\u00eb shortin e vitit.<\/p>\n\n<h2 class=\"wp-block-heading\" id=\"h-pays-exclus-de-la-loterie-green-card-dv-2024\">Vendet e p\u00ebrjashtuara nga shorti i Kartonit t\u00eb Gjelb\u00ebr DV-2024<\/h2>\n\n<p>P\u00ebr t\u00ebrheqjen vjetore t\u00eb Lotaris\u00eb s\u00eb <a href=\"https:\/\/us-gc.net\/sq\/lotaria-kartonit-jeshil-2024\/\">Kart\u00ebs s\u00eb Gjelb\u00ebr DV-2024<\/a> , vendasit e vendeve dhe rajoneve t\u00eb m\u00ebposhtme nuk ishin t\u00eb pranuesh\u00ebm sepse m\u00eb shum\u00eb se 50,000 vendas t\u00eb k\u00ebtyre vendeve emigruan n\u00eb Shtetet e Bashkuara n\u00eb pes\u00eb vitet e m\u00ebparshme: Bangladesh, Brazil, Kanada, Kin\u00eb (p\u00ebrfshir\u00eb Hong-un Kong), Kolumbia, Republika Dominikane, El Salvador, Haiti, Honduras, Indi, Xhamajka, Meksik\u00eb, Nigeri, Pakistan, Filipine, Republika e Kores\u00eb, Mbret\u00ebria e Bashkuar (n\u00eb me p\u00ebrjashtim t\u00eb Irland\u00ebs s\u00eb Veriut) dhe territoreve t\u00eb saj t\u00eb varura, Venezuel\u00ebs dhe Vietnamit.<\/p>\n\n<p><strong>P\u00ebrjashtim kinez<\/strong> : Vendasit e Makaos dhe Tajvanit ishin t\u00eb pranuesh\u00ebm.<\/p>\n\n<h2 class=\"wp-block-heading\" id=\"h-pays-exclus-de-la-loterie-green-card-dv-2025\">Vendet e p\u00ebrjashtuara nga shorti i Kart\u00ebs s\u00eb Gjelb\u00ebr DV-2025<\/h2>\n\n<p>P\u00ebr shortin vjetor t\u00eb lotaris\u00eb <a href=\"https:\/\/us-gc.net\/sq\/lotaria-green-card-2025\/\">Green Card DV-2025<\/a> , shtetasit e vendeve t\u00eb m\u00ebposhtme nuk kan\u00eb t\u00eb drejt\u00eb: Bangladeshi, Brazili, Kanadaja, Kina (p\u00ebrfshir\u00eb Hong Kongun), Kolumbin\u00eb, Republik\u00ebn Domenikane, El Salvador, Haiti, Honduras, Indi, Xhamajka, Meksik\u00eb , Nigeria, Pakistani, Filipinet, Republika e Kores\u00eb, Venezuela dhe Vietnami.<\/p>\n\n<p><strong>P\u00ebrjashtim kinez<\/strong> : Vendasit e Makaos dhe Tajvanit ishin t\u00eb pranuesh\u00ebm.<\/p>\n\n<p>Vet\u00ebm nj\u00eb territor ka mbetur nga lista e vendeve t\u00eb p\u00ebrjashtuara nd\u00ebrmjet programit DV-2024 dhe DV-2025: <strong>Kjo \u00ebsht\u00eb Mbret\u00ebria e Bashkuar<\/strong>. K\u00ebshtu qytetar\u00ebt britanik\u00eb mund\u00ebn t\u00eb aplikonin s\u00ebrish p\u00ebr <a href=\"https:\/\/us-gc.net\/sq\/amerikano-karton-jeshil-llotari\/\">lotarin\u00eb e Kartonit t\u00eb Gjelb\u00ebr<\/a> si pjes\u00eb e shortit DV-2025.<\/p>\n","protected":false},"excerpt":{"rendered":"<p>Lista e vendeve q\u00eb nuk marrin pjes\u00eb n\u00eb shortin e Kartonit t\u00eb Gjelb\u00ebr Shtetet e Bashkuara duan t\u00eb ruajn\u00eb diversitetin brenda popullsis\u00eb emigrante. Prandaj, Programi i Vizave t\u00eb Shum\u00ebllojshm\u00ebris\u00eb p\u00ebrcakton \u00e7do vit list\u00ebn e vendeve, shtetasit e t\u00eb cil\u00ebve nuk jan\u00eb t\u00eb autorizuar t\u00eb marrin pjes\u00eb n\u00eb shortin e Kartonit t\u00eb Gjelb\u00ebr. K\u00ebto vende jo-pjes\u00ebmarr\u00ebse [&hellip;]<\/p>\n","protected":false},"author":1,"featured_media":0,"parent":0,"menu_order":0,"comment_status":"closed","ping_status":"closed","template":"","meta":{"footnotes":""},"class_list":["post-2889","page","type-page","status-publish","hentry"],"yoast_head":"<!-- This site is optimized with the Yoast SEO plugin v27.4 - https:\/\/yoast.com\/product\/yoast-seo-wordpress\/ -->\n<title>Vendet q\u00eb nuk lejohen t\u00eb marrin pjes\u00eb n\u00eb shortin e Kartonit t\u00eb Gjelb\u00ebr - USA GC<\/title>\n<meta name=\"robots\" content=\"index, follow, max-snippet:-1, max-image-preview:large, max-video-preview:-1\" \/>\n<link rel=\"canonical\" href=\"https:\/\/us-gc.net\/sq\/vende-jo-autorizar-marr-pjese-llotari-green-card\/\" \/>\n<meta property=\"og:locale\" content=\"sq_AL\" \/>\n<meta property=\"og:type\" content=\"article\" \/>\n<meta property=\"og:title\" content=\"Vendet q\u00eb nuk lejohen t\u00eb marrin pjes\u00eb n\u00eb shortin e Kartonit t\u00eb Gjelb\u00ebr - USA GC\" \/>\n<meta property=\"og:description\" content=\"Lista e vendeve q\u00eb nuk marrin pjes\u00eb n\u00eb shortin e Kartonit t\u00eb Gjelb\u00ebr Shtetet e Bashkuara duan t\u00eb ruajn\u00eb diversitetin brenda popullsis\u00eb emigrante. Prandaj, Programi i Vizave t\u00eb Shum\u00ebllojshm\u00ebris\u00eb p\u00ebrcakton \u00e7do vit list\u00ebn e vendeve, shtetasit e t\u00eb cil\u00ebve nuk jan\u00eb t\u00eb autorizuar t\u00eb marrin pjes\u00eb n\u00eb shortin e Kartonit t\u00eb Gjelb\u00ebr. K\u00ebto vende jo-pjes\u00ebmarr\u00ebse [&hellip;]\" \/>\n<meta property=\"og:url\" content=\"https:\/\/us-gc.net\/sq\/vende-jo-autorizar-marr-pjese-llotari-green-card\/\" \/>\n<meta property=\"og:site_name\" content=\"USA GC\" \/>\n<meta property=\"article:modified_time\" content=\"2024-12-30T09:46:25+00:00\" \/>\n<meta name=\"twitter:card\" content=\"summary_large_image\" \/>\n<meta name=\"twitter:label1\" content=\"Est. reading time\" \/>\n\t<meta name=\"twitter:data1\" content=\"2 minutes\" \/>\n<script type=\"application\/ld+json\" class=\"yoast-schema-graph\">{\"@context\":\"https:\\\/\\\/schema.org\",\"@graph\":[{\"@type\":\"WebPage\",\"@id\":\"https:\\\/\\\/us-gc.net\\\/sq\\\/vende-jo-autorizar-marr-pjese-llotari-green-card\\\/\",\"url\":\"https:\\\/\\\/us-gc.net\\\/sq\\\/vende-jo-autorizar-marr-pjese-llotari-green-card\\\/\",\"name\":\"Vendet q\u00eb nuk lejohen t\u00eb marrin pjes\u00eb n\u00eb shortin e Kartonit t\u00eb Gjelb\u00ebr - USA GC\",\"isPartOf\":{\"@id\":\"https:\\\/\\\/us-gc.net\\\/sq\\\/#website\"},\"datePublished\":\"2024-02-10T08:30:09+00:00\",\"dateModified\":\"2024-12-30T09:46:25+00:00\",\"breadcrumb\":{\"@id\":\"https:\\\/\\\/us-gc.net\\\/sq\\\/vende-jo-autorizar-marr-pjese-llotari-green-card\\\/#breadcrumb\"},\"inLanguage\":\"sq-AL\",\"potentialAction\":[{\"@type\":\"ReadAction\",\"target\":[\"https:\\\/\\\/us-gc.net\\\/sq\\\/vende-jo-autorizar-marr-pjese-llotari-green-card\\\/\"]}]},{\"@type\":\"BreadcrumbList\",\"@id\":\"https:\\\/\\\/us-gc.net\\\/sq\\\/vende-jo-autorizar-marr-pjese-llotari-green-card\\\/#breadcrumb\",\"itemListElement\":[{\"@type\":\"ListItem\",\"position\":1,\"name\":\"Accueil\",\"item\":\"https:\\\/\\\/us-gc.net\\\/sq\\\/green-card\\\/\"},{\"@type\":\"ListItem\",\"position\":2,\"name\":\"Vendet q\u00eb nuk lejohen t\u00eb marrin pjes\u00eb n\u00eb shortin e Kartonit t\u00eb Gjelb\u00ebr\"}]},{\"@type\":\"WebSite\",\"@id\":\"https:\\\/\\\/us-gc.net\\\/sq\\\/#website\",\"url\":\"https:\\\/\\\/us-gc.net\\\/sq\\\/\",\"name\":\"USA GC\",\"description\":\"\",\"potentialAction\":[{\"@type\":\"SearchAction\",\"target\":{\"@type\":\"EntryPoint\",\"urlTemplate\":\"https:\\\/\\\/us-gc.net\\\/sq\\\/?s={search_term_string}\"},\"query-input\":{\"@type\":\"PropertyValueSpecification\",\"valueRequired\":true,\"valueName\":\"search_term_string\"}}],\"inLanguage\":\"sq-AL\"}]}<\/script>\n<!-- \/ Yoast SEO plugin. -->","yoast_head_json":{"title":"Vendet q\u00eb nuk lejohen t\u00eb marrin pjes\u00eb n\u00eb shortin e Kartonit t\u00eb Gjelb\u00ebr - USA GC","robots":{"index":"index","follow":"follow","max-snippet":"max-snippet:-1","max-image-preview":"max-image-preview:large","max-video-preview":"max-video-preview:-1"},"canonical":"https:\/\/us-gc.net\/sq\/vende-jo-autorizar-marr-pjese-llotari-green-card\/","og_locale":"sq_AL","og_type":"article","og_title":"Vendet q\u00eb nuk lejohen t\u00eb marrin pjes\u00eb n\u00eb shortin e Kartonit t\u00eb Gjelb\u00ebr - USA GC","og_description":"Lista e vendeve q\u00eb nuk marrin pjes\u00eb n\u00eb shortin e Kartonit t\u00eb Gjelb\u00ebr Shtetet e Bashkuara duan t\u00eb ruajn\u00eb diversitetin brenda popullsis\u00eb emigrante. Prandaj, Programi i Vizave t\u00eb Shum\u00ebllojshm\u00ebris\u00eb p\u00ebrcakton \u00e7do vit list\u00ebn e vendeve, shtetasit e t\u00eb cil\u00ebve nuk jan\u00eb t\u00eb autorizuar t\u00eb marrin pjes\u00eb n\u00eb shortin e Kartonit t\u00eb Gjelb\u00ebr. K\u00ebto vende jo-pjes\u00ebmarr\u00ebse [&hellip;]","og_url":"https:\/\/us-gc.net\/sq\/vende-jo-autorizar-marr-pjese-llotari-green-card\/","og_site_name":"USA GC","article_modified_time":"2024-12-30T09:46:25+00:00","twitter_card":"summary_large_image","twitter_misc":{"Est. reading time":"2 minutes"},"schema":{"@context":"https:\/\/schema.org","@graph":[{"@type":"WebPage","@id":"https:\/\/us-gc.net\/sq\/vende-jo-autorizar-marr-pjese-llotari-green-card\/","url":"https:\/\/us-gc.net\/sq\/vende-jo-autorizar-marr-pjese-llotari-green-card\/","name":"Vendet q\u00eb nuk lejohen t\u00eb marrin pjes\u00eb n\u00eb shortin e Kartonit t\u00eb Gjelb\u00ebr - USA GC","isPartOf":{"@id":"https:\/\/us-gc.net\/sq\/#website"},"datePublished":"2024-02-10T08:30:09+00:00","dateModified":"2024-12-30T09:46:25+00:00","breadcrumb":{"@id":"https:\/\/us-gc.net\/sq\/vende-jo-autorizar-marr-pjese-llotari-green-card\/#breadcrumb"},"inLanguage":"sq-AL","potentialAction":[{"@type":"ReadAction","target":["https:\/\/us-gc.net\/sq\/vende-jo-autorizar-marr-pjese-llotari-green-card\/"]}]},{"@type":"BreadcrumbList","@id":"https:\/\/us-gc.net\/sq\/vende-jo-autorizar-marr-pjese-llotari-green-card\/#breadcrumb","itemListElement":[{"@type":"ListItem","position":1,"name":"Accueil","item":"https:\/\/us-gc.net\/sq\/green-card\/"},{"@type":"ListItem","position":2,"name":"Vendet q\u00eb nuk lejohen t\u00eb marrin pjes\u00eb n\u00eb shortin e Kartonit t\u00eb Gjelb\u00ebr"}]},{"@type":"WebSite","@id":"https:\/\/us-gc.net\/sq\/#website","url":"https:\/\/us-gc.net\/sq\/","name":"USA GC","description":"","potentialAction":[{"@type":"SearchAction","target":{"@type":"EntryPoint","urlTemplate":"https:\/\/us-gc.net\/sq\/?s={search_term_string}"},"query-input":{"@type":"PropertyValueSpecification","valueRequired":true,"valueName":"search_term_string"}}],"inLanguage":"sq-AL"}]}},"_links":{"self":[{"href":"https:\/\/us-gc.net\/sq\/wp-json\/wp\/v2\/pages\/2889","targetHints":{"allow":["GET"]}}],"collection":[{"href":"https:\/\/us-gc.net\/sq\/wp-json\/wp\/v2\/pages"}],"about":[{"href":"https:\/\/us-gc.net\/sq\/wp-json\/wp\/v2\/types\/page"}],"author":[{"embeddable":true,"href":"https:\/\/us-gc.net\/sq\/wp-json\/wp\/v2\/users\/1"}],"replies":[{"embeddable":true,"href":"https:\/\/us-gc.net\/sq\/wp-json\/wp\/v2\/comments?post=2889"}],"version-history":[{"count":1,"href":"https:\/\/us-gc.net\/sq\/wp-json\/wp\/v2\/pages\/2889\/revisions"}],"predecessor-version":[{"id":8042,"href":"https:\/\/us-gc.net\/sq\/wp-json\/wp\/v2\/pages\/2889\/revisions\/8042"}],"wp:attachment":[{"href":"https:\/\/us-gc.net\/sq\/wp-json\/wp\/v2\/media?parent=2889"}],"curies":[{"name":"wp","href":"https:\/\/api.w.org\/{rel}","templated":true}]}}