{"id":2867,"date":"2024-02-13T09:26:58","date_gmt":"2024-02-13T09:26:58","guid":{"rendered":"https:\/\/green-card-usa.net\/diversitet-viza-program\/"},"modified":"2024-12-30T09:40:51","modified_gmt":"2024-12-30T09:40:51","slug":"diversitet-viza-program","status":"publish","type":"page","link":"https:\/\/us-gc.net\/sq\/diversitet-viza-program\/","title":{"rendered":"Programi Amerikan i Vizave t\u00eb Diversitetit"},"content":{"rendered":"\n<h1 class=\"wp-block-heading\" id=\"h-le-diversity-visa-program-des-etats-unis\">Programi i Vizave t\u00eb Diversitetit t\u00eb Shteteve t\u00eb Bashkuara  <\/h1>\n\n<h2 class=\"wp-block-heading\" id=\"h-qu-est-ce-que-le-diversity-visa-program\">\u00c7far\u00eb \u00ebsht\u00eb programi i vizave t\u00eb diversitetit?<\/h2>\n\n<p>Programi i Vizave t\u00eb Shum\u00ebllojshm\u00ebris\u00eb \u00ebsht\u00eb nj\u00eb iniciativ\u00eb e qeveris\u00eb s\u00eb Shteteve t\u00eb Bashkuara t\u00eb krijuar p\u00ebr t\u00eb diversifikuar popullsin\u00eb e emigrant\u00ebve t\u00eb Amerik\u00ebs. \u00c7do vit, m\u00eb shum\u00eb se 50,000 viza u jepen njer\u00ebzve nga vendet me shkall\u00eb t\u00eb ul\u00ebt imigrimi n\u00eb Shtetet e Bashkuara. Programi DV njihet si <a href=\"https:\/\/us-gc.net\/sq\/amerikano-karton-jeshil-llotari\/\">Lotaria e Kart\u00ebs s\u00eb Gjelb\u00ebr<\/a> .<\/p>\n\n<h2 class=\"wp-block-heading\" id=\"h-comment-fonctionne-t-il\">Si punon ?<\/h2>\n\n<p>Pjes\u00ebmarrja n\u00eb Programin e Vizave t\u00eb Shum\u00ebllojshm\u00ebris\u00eb i n\u00ebnshtrohet nj\u00eb procesi p\u00ebrzgjedhjeje t\u00eb rast\u00ebsishme. Aplikant\u00ebt duhet t\u00eb dor\u00ebzojn\u00eb nj\u00eb <a href=\"https:\/\/us-gc.net\/sq\/green-card-llotari-formular\/\">aplikim online<\/a> deri n\u00eb fund t\u00eb tetorit t\u00eb \u00e7do viti. Kriteret e pranueshm\u00ebris\u00eb p\u00ebrfshijn\u00eb zot\u00ebrimin e nj\u00eb diplome t\u00eb shkoll\u00ebs s\u00eb mesme ose ekuivalentin e saj, ose dy vjet p\u00ebrvoj\u00eb pune n\u00eb nj\u00eb fush\u00eb q\u00eb k\u00ebrkon t\u00eb pakt\u00ebn dy vjet trajnim ose p\u00ebrvoj\u00eb brenda pes\u00eb viteve t\u00eb fundit.<\/p>\n\n<h2 class=\"wp-block-heading\" id=\"h-qui-peut-en-beneficier\">Kush mund t\u00eb p\u00ebrfitoj\u00eb?<\/h2>\n\n<p>Shtetasit e vendeve me shkall\u00eb t\u00eb ul\u00ebt imigrimi n\u00eb Shtetet e Bashkuara kan\u00eb t\u00eb drejt\u00eb. \u00c7do vit, Departamenti Amerikan i Shtetit publikon nj\u00eb list\u00eb t\u00eb <a href=\"https:\/\/us-gc.net\/sq\/vende-jo-autorizar-marr-pjese-llotari-green-card\/\">vendeve, shtetasit e t\u00eb cil\u00ebve nuk mund t\u00eb marrin pjes\u00eb<\/a> . Njer\u00ebzit nga vendet me shkall\u00eb t\u00eb lart\u00eb imigrimi n\u00eb Shtetet e Bashkuara jan\u00eb t\u00eb p\u00ebrjashtuar. Ju mund t\u00eb konsultoni statistikat tona n\u00eb faqet tona t\u00eb dedikuara:<\/p>\n\n<ul class=\"wp-block-list\">\n<li><a href=\"https:\/\/us-gc.net\/sq\/lotaria-green-card-evrope\/\">Karta jeshile p\u00ebr qytetar\u00ebt europian\u00eb<\/a><\/li>\n\n\n\n<li><a href=\"https:\/\/us-gc.net\/sq\/lotari-green-card-vendet-afrika\/\">Karta jeshile p\u00ebr qytetar\u00ebt afrikan\u00eb<\/a><\/li>\n\n\n\n<li><a href=\"https:\/\/us-gc.net\/sq\/vendi-i-pjesemarrjes-negreen-card-te-lotarise-azi\/\">Kartoni jeshil p\u00ebr qytetar\u00ebt aziatik\u00eb<\/a><\/li>\n<\/ul>\n\n<div style=\"height:10px\" aria-hidden=\"true\" class=\"wp-block-spacer\"><\/div>\n\n<h2 class=\"wp-block-heading\" id=\"h-qu-apporte-le-programme\">\u00c7far\u00eb ofron programi?<\/h2>\n\n<p>Programi i Vizave t\u00eb Shum\u00ebllojshm\u00ebris\u00eb ofron nj\u00eb mund\u00ebsi unike p\u00ebr t\u00eb marr\u00eb nj\u00eb q\u00ebndrim t\u00eb p\u00ebrhersh\u00ebm n\u00eb Shtetet e Bashkuara, duke hapur der\u00ebn p\u00ebr pun\u00ebsim, arsimim dhe mund\u00ebsin\u00eb p\u00ebr t&#8217;u b\u00ebr\u00eb shtetas amerikan pas pes\u00eb vjet\u00ebsh. \u00cbsht\u00eb nj\u00eb shans p\u00ebr marr\u00ebsit q\u00eb t\u00eb p\u00ebrjetojn\u00eb \u00ebndrr\u00ebn amerikane dhe t\u00eb kontribuojn\u00eb n\u00eb diversitetin kulturor t\u00eb Shteteve t\u00eb Bashkuara.<\/p>\n\n<h2 class=\"wp-block-heading\" id=\"h-qu-est-ce-que-la-loterie-du-dv\">\u00c7far\u00eb \u00ebsht\u00eb lotaria DV?<\/h2>\n\n<p><a href=\"https:\/\/us-gc.net\/sq\/lotaria-green-card\/\">Lotaria e Kart\u00ebs s\u00eb Gjelb\u00ebr<\/a> DV \u00ebsht\u00eb procesi i p\u00ebrzgjedhjes n\u00eb qend\u00ebr t\u00eb Programit t\u00eb Vizave t\u00eb Shum\u00ebllojshm\u00ebris\u00eb. Regjistrimi b\u00ebhet p\u00ebrmes nj\u00eb <a href=\"https:\/\/us-gc.net\/sq\/green-card-llotari-formular\/\">formulari online<\/a> gjat\u00eb tremujorit t\u00eb fundit t\u00eb \u00e7do viti. <a href=\"https:\/\/us-gc.net\/sq\/gjelber-llotari-rezultatet\/\">Rezultatet e shortit<\/a> publikohen 6 muaj m\u00eb von\u00eb. Fituesit zgjidhen n\u00eb m\u00ebnyr\u00eb t\u00eb rast\u00ebsishme nga t\u00eb gjith\u00eb pjes\u00ebmarr\u00ebsit e kualifikuar. Ky proces siguron q\u00eb t\u00eb gjith\u00eb pjes\u00ebmarr\u00ebsit t\u00eb ken\u00eb shanse t\u00eb barabarta p\u00ebr t\u00eb fituar, pavar\u00ebsisht nga statusi i tyre social, ekonomik apo arsimor.<\/p>\n\n<p><\/p>\n","protected":false},"excerpt":{"rendered":"<p>Programi i Vizave t\u00eb Diversitetit t\u00eb Shteteve t\u00eb Bashkuara \u00c7far\u00eb \u00ebsht\u00eb programi i vizave t\u00eb diversitetit? Programi i Vizave t\u00eb Shum\u00ebllojshm\u00ebris\u00eb \u00ebsht\u00eb nj\u00eb iniciativ\u00eb e qeveris\u00eb s\u00eb Shteteve t\u00eb Bashkuara t\u00eb krijuar p\u00ebr t\u00eb diversifikuar popullsin\u00eb e emigrant\u00ebve t\u00eb Amerik\u00ebs. \u00c7do vit, m\u00eb shum\u00eb se 50,000 viza u jepen njer\u00ebzve nga vendet me shkall\u00eb t\u00eb [&hellip;]<\/p>\n","protected":false},"author":1,"featured_media":0,"parent":0,"menu_order":0,"comment_status":"closed","ping_status":"closed","template":"","meta":{"footnotes":""},"class_list":["post-2867","page","type-page","status-publish","hentry"],"yoast_head":"<!-- This site is optimized with the Yoast SEO plugin v27.4 - https:\/\/yoast.com\/product\/yoast-seo-wordpress\/ -->\n<title>Programi Amerikan i Vizave t\u00eb Diversitetit - USA GC<\/title>\n<meta name=\"robots\" content=\"index, follow, max-snippet:-1, max-image-preview:large, max-video-preview:-1\" \/>\n<link rel=\"canonical\" href=\"https:\/\/us-gc.net\/sq\/diversitet-viza-program\/\" \/>\n<meta property=\"og:locale\" content=\"sq_AL\" \/>\n<meta property=\"og:type\" content=\"article\" \/>\n<meta property=\"og:title\" content=\"Programi Amerikan i Vizave t\u00eb Diversitetit - USA GC\" \/>\n<meta property=\"og:description\" content=\"Programi i Vizave t\u00eb Diversitetit t\u00eb Shteteve t\u00eb Bashkuara \u00c7far\u00eb \u00ebsht\u00eb programi i vizave t\u00eb diversitetit? Programi i Vizave t\u00eb Shum\u00ebllojshm\u00ebris\u00eb \u00ebsht\u00eb nj\u00eb iniciativ\u00eb e qeveris\u00eb s\u00eb Shteteve t\u00eb Bashkuara t\u00eb krijuar p\u00ebr t\u00eb diversifikuar popullsin\u00eb e emigrant\u00ebve t\u00eb Amerik\u00ebs. \u00c7do vit, m\u00eb shum\u00eb se 50,000 viza u jepen njer\u00ebzve nga vendet me shkall\u00eb t\u00eb [&hellip;]\" \/>\n<meta property=\"og:url\" content=\"https:\/\/us-gc.net\/sq\/diversitet-viza-program\/\" \/>\n<meta property=\"og:site_name\" content=\"USA GC\" \/>\n<meta property=\"article:modified_time\" content=\"2024-12-30T09:40:51+00:00\" \/>\n<meta name=\"twitter:card\" content=\"summary_large_image\" \/>\n<meta name=\"twitter:label1\" content=\"Est. reading time\" \/>\n\t<meta name=\"twitter:data1\" content=\"2 minutes\" \/>\n<script type=\"application\/ld+json\" class=\"yoast-schema-graph\">{\"@context\":\"https:\\\/\\\/schema.org\",\"@graph\":[{\"@type\":\"WebPage\",\"@id\":\"https:\\\/\\\/us-gc.net\\\/sq\\\/diversitet-viza-program\\\/\",\"url\":\"https:\\\/\\\/us-gc.net\\\/sq\\\/diversitet-viza-program\\\/\",\"name\":\"Programi Amerikan i Vizave t\u00eb Diversitetit - USA GC\",\"isPartOf\":{\"@id\":\"https:\\\/\\\/us-gc.net\\\/sq\\\/#website\"},\"datePublished\":\"2024-02-13T09:26:58+00:00\",\"dateModified\":\"2024-12-30T09:40:51+00:00\",\"breadcrumb\":{\"@id\":\"https:\\\/\\\/us-gc.net\\\/sq\\\/diversitet-viza-program\\\/#breadcrumb\"},\"inLanguage\":\"sq-AL\",\"potentialAction\":[{\"@type\":\"ReadAction\",\"target\":[\"https:\\\/\\\/us-gc.net\\\/sq\\\/diversitet-viza-program\\\/\"]}]},{\"@type\":\"BreadcrumbList\",\"@id\":\"https:\\\/\\\/us-gc.net\\\/sq\\\/diversitet-viza-program\\\/#breadcrumb\",\"itemListElement\":[{\"@type\":\"ListItem\",\"position\":1,\"name\":\"Accueil\",\"item\":\"https:\\\/\\\/us-gc.net\\\/sq\\\/green-card\\\/\"},{\"@type\":\"ListItem\",\"position\":2,\"name\":\"Programi Amerikan i Vizave t\u00eb Diversitetit\"}]},{\"@type\":\"WebSite\",\"@id\":\"https:\\\/\\\/us-gc.net\\\/sq\\\/#website\",\"url\":\"https:\\\/\\\/us-gc.net\\\/sq\\\/\",\"name\":\"USA GC\",\"description\":\"\",\"potentialAction\":[{\"@type\":\"SearchAction\",\"target\":{\"@type\":\"EntryPoint\",\"urlTemplate\":\"https:\\\/\\\/us-gc.net\\\/sq\\\/?s={search_term_string}\"},\"query-input\":{\"@type\":\"PropertyValueSpecification\",\"valueRequired\":true,\"valueName\":\"search_term_string\"}}],\"inLanguage\":\"sq-AL\"}]}<\/script>\n<!-- \/ Yoast SEO plugin. -->","yoast_head_json":{"title":"Programi Amerikan i Vizave t\u00eb Diversitetit - USA GC","robots":{"index":"index","follow":"follow","max-snippet":"max-snippet:-1","max-image-preview":"max-image-preview:large","max-video-preview":"max-video-preview:-1"},"canonical":"https:\/\/us-gc.net\/sq\/diversitet-viza-program\/","og_locale":"sq_AL","og_type":"article","og_title":"Programi Amerikan i Vizave t\u00eb Diversitetit - USA GC","og_description":"Programi i Vizave t\u00eb Diversitetit t\u00eb Shteteve t\u00eb Bashkuara \u00c7far\u00eb \u00ebsht\u00eb programi i vizave t\u00eb diversitetit? Programi i Vizave t\u00eb Shum\u00ebllojshm\u00ebris\u00eb \u00ebsht\u00eb nj\u00eb iniciativ\u00eb e qeveris\u00eb s\u00eb Shteteve t\u00eb Bashkuara t\u00eb krijuar p\u00ebr t\u00eb diversifikuar popullsin\u00eb e emigrant\u00ebve t\u00eb Amerik\u00ebs. \u00c7do vit, m\u00eb shum\u00eb se 50,000 viza u jepen njer\u00ebzve nga vendet me shkall\u00eb t\u00eb [&hellip;]","og_url":"https:\/\/us-gc.net\/sq\/diversitet-viza-program\/","og_site_name":"USA GC","article_modified_time":"2024-12-30T09:40:51+00:00","twitter_card":"summary_large_image","twitter_misc":{"Est. reading time":"2 minutes"},"schema":{"@context":"https:\/\/schema.org","@graph":[{"@type":"WebPage","@id":"https:\/\/us-gc.net\/sq\/diversitet-viza-program\/","url":"https:\/\/us-gc.net\/sq\/diversitet-viza-program\/","name":"Programi Amerikan i Vizave t\u00eb Diversitetit - USA GC","isPartOf":{"@id":"https:\/\/us-gc.net\/sq\/#website"},"datePublished":"2024-02-13T09:26:58+00:00","dateModified":"2024-12-30T09:40:51+00:00","breadcrumb":{"@id":"https:\/\/us-gc.net\/sq\/diversitet-viza-program\/#breadcrumb"},"inLanguage":"sq-AL","potentialAction":[{"@type":"ReadAction","target":["https:\/\/us-gc.net\/sq\/diversitet-viza-program\/"]}]},{"@type":"BreadcrumbList","@id":"https:\/\/us-gc.net\/sq\/diversitet-viza-program\/#breadcrumb","itemListElement":[{"@type":"ListItem","position":1,"name":"Accueil","item":"https:\/\/us-gc.net\/sq\/green-card\/"},{"@type":"ListItem","position":2,"name":"Programi Amerikan i Vizave t\u00eb Diversitetit"}]},{"@type":"WebSite","@id":"https:\/\/us-gc.net\/sq\/#website","url":"https:\/\/us-gc.net\/sq\/","name":"USA GC","description":"","potentialAction":[{"@type":"SearchAction","target":{"@type":"EntryPoint","urlTemplate":"https:\/\/us-gc.net\/sq\/?s={search_term_string}"},"query-input":{"@type":"PropertyValueSpecification","valueRequired":true,"valueName":"search_term_string"}}],"inLanguage":"sq-AL"}]}},"_links":{"self":[{"href":"https:\/\/us-gc.net\/sq\/wp-json\/wp\/v2\/pages\/2867","targetHints":{"allow":["GET"]}}],"collection":[{"href":"https:\/\/us-gc.net\/sq\/wp-json\/wp\/v2\/pages"}],"about":[{"href":"https:\/\/us-gc.net\/sq\/wp-json\/wp\/v2\/types\/page"}],"author":[{"embeddable":true,"href":"https:\/\/us-gc.net\/sq\/wp-json\/wp\/v2\/users\/1"}],"replies":[{"embeddable":true,"href":"https:\/\/us-gc.net\/sq\/wp-json\/wp\/v2\/comments?post=2867"}],"version-history":[{"count":1,"href":"https:\/\/us-gc.net\/sq\/wp-json\/wp\/v2\/pages\/2867\/revisions"}],"predecessor-version":[{"id":7732,"href":"https:\/\/us-gc.net\/sq\/wp-json\/wp\/v2\/pages\/2867\/revisions\/7732"}],"wp:attachment":[{"href":"https:\/\/us-gc.net\/sq\/wp-json\/wp\/v2\/media?parent=2867"}],"curies":[{"name":"wp","href":"https:\/\/api.w.org\/{rel}","templated":true}]}}