{"id":2847,"date":"2024-01-31T16:18:19","date_gmt":"2024-01-31T16:18:19","guid":{"rendered":"https:\/\/green-card-usa.net\/udhetim-jashte-me-karton-jeshile\/"},"modified":"2025-03-31T11:23:15","modified_gmt":"2025-03-31T11:23:15","slug":"udhetim-jashte-me-karton-jeshile","status":"publish","type":"page","link":"https:\/\/us-gc.net\/sq\/udhetim-jashte-me-karton-jeshile\/","title":{"rendered":"Udh\u00ebtimi jasht\u00eb vendit me karton jeshil"},"content":{"rendered":"\n<h1 class=\"wp-block-heading\" id=\"h-voyager-hors-des-etats-unis-avec-une-green-card\">Udh\u00ebtimi jasht\u00eb Shteteve t\u00eb Bashkuara me nj\u00eb karton jeshil<\/h1>\n\n<p>Fuqia e pasaport\u00ebs amerikane u mund\u00ebson qytetar\u00ebve amerikan\u00eb t\u00eb udh\u00ebtojn\u00eb n\u00eb m\u00eb shum\u00eb se 140 vende t\u00eb bot\u00ebs pa pasur nevoj\u00eb p\u00ebr viz\u00eb. Disa nga k\u00ebto vende e kan\u00eb shtrir\u00eb k\u00ebt\u00eb t\u00eb drejt\u00eb p\u00ebr udh\u00ebtim pa viza edhe p\u00ebr mbajt\u00ebsit e nj\u00eb <a href=\"https:\/\/us-gc.net\/sq\/\">karte jeshile amerikane<\/a> .<\/p>\n\n<h2 class=\"wp-block-heading\" id=\"h-ou-peut-on-voyager-a-l-etranger-avec-une-green-card\">Ku mund t\u00eb udh\u00ebtoni jasht\u00eb vendit me nj\u00eb karton jeshil?<\/h2>\n\n<p>Nj\u00eb marr\u00ebveshje rajonale \u00ebsht\u00eb n\u00eb fuqi me disa vende fqinje t\u00eb Shteteve t\u00eb Bashkuara p\u00ebr t\u00eb kaluar kufijt\u00eb e tyre si mbajt\u00ebs i Kartonit t\u00eb Gjelb\u00ebr. Banor\u00ebt e SHBA mund t\u00eb kalojn\u00eb kufijt\u00eb e vendeve t\u00eb m\u00ebposhtme:<\/p>\n\n<ul class=\"wp-block-list\">\n<li>Kanadaja<\/li>\n\n\n\n<li>Meksika<\/li>\n\n\n\n<li>Kosta Rika<\/li>\n\n\n\n<li>Ishujt e Virgj\u00ebr Britanik\u00eb<\/li>\n\n\n\n<li>Aruba dhe Curacao<\/li>\n<\/ul>\n\n<p>Vende t\u00eb tjera shum\u00eb m\u00eb larg n\u00eb bot\u00eb gjithashtu autorizojn\u00eb mbajt\u00ebsit e Kartonit t\u00eb Gjelb\u00ebr Amerikan p\u00ebr t\u00eb udh\u00ebtuar n\u00eb territorin e tyre pa viz\u00eb, si: Gjeorgjia, Singapori ose vendet e Ballkanit si Shqip\u00ebria, Bosnja dhe Hercegovina. , Kosova, Mali i Zi, Serbia.<\/p>\n\n<p>Pavar\u00ebsisht n\u00ebse e keni marr\u00eb <a href=\"https:\/\/us-gc.net\/sq\/green-card-per-martese\/\">Kartonin Gjelb\u00ebr p\u00ebrmes martes\u00ebs<\/a> , ose n\u00ebse keni fituar nj\u00eb <a href=\"https:\/\/us-gc.net\/sq\/lotaria-green-card\/\">Karton t\u00eb Gjelb\u00ebr n\u00eb llotari<\/a> , ju p\u00ebrfitoni t\u00eb nj\u00ebjtat t\u00eb drejta si t\u00eb gjith\u00eb mbajt\u00ebsit e Kartonit t\u00eb Gjelb\u00ebr Amerikan.<\/p>\n\n<h2 class=\"wp-block-heading\" id=\"h-comment-voyager-au-canada-avec-une-green-card\">Si t\u00eb udh\u00ebtoni n\u00eb Kanada me nj\u00eb karton jeshil?<\/h2>\n\n<p>N\u00ebse keni nj\u00eb karton jeshil t\u00eb SHBA-s\u00eb, mund t\u00eb kaloni kufirin n\u00eb Kanada pa marr\u00eb m\u00eb par\u00eb nj\u00eb viz\u00eb turistike kanadeze. Ky rregull funksionon p\u00ebr t\u00eb gjith\u00eb mbajt\u00ebsit e kartonit jeshil, pavar\u00ebsisht nga komb\u00ebsia e tyre.  <\/p>\n\n<p>Megjithat\u00eb, n\u00ebse po udh\u00ebtoni me avion ose po kaloni tranzit p\u00ebrmes Kanadas\u00eb, do t&#8217;ju duhet t\u00eb merrni nj\u00eb autorizim elektronik kanadez t\u00eb udh\u00ebtimit ETA p\u00ebrpara se t\u00eb hipni. S\u00eb fundi, n\u00ebse kaloni kufirin me rrug\u00eb tok\u00ebsore, ju duhet vet\u00ebm pasaporta dhe Kartoni i Gjelb\u00ebr.<\/p>\n\n<h2 class=\"wp-block-heading\" id=\"h-peut-on-voyager-a-l-etranger-avec-une-green-card-sans-passeport\">A mund t\u00eb udh\u00ebtoni jasht\u00eb vendit me karton jeshil pa pasaport\u00eb?<\/h2>\n\n<p>N\u00eb p\u00ebrgjith\u00ebsi \u00ebsht\u00eb thelb\u00ebsore t\u00eb keni nj\u00eb pasaport\u00eb p\u00ebr t\u00eb udh\u00ebtuar jasht\u00eb vendit. Vet\u00ebm mbajtja e nj\u00eb kartoni jeshil nuk mjafton p\u00ebr t\u00eb kaluar kufijt\u00eb nd\u00ebrkomb\u00ebtar\u00eb. Qoft\u00eb nga ajri apo nga toka, autoritetet doganore dhe t\u00eb imigracionit k\u00ebrkojn\u00eb paraqitjen e nj\u00eb pasaporte t\u00eb vlefshme. Vet\u00ebm pasaporta mund t\u00eb v\u00ebrtetoj\u00eb identitetin dhe komb\u00ebsin\u00eb e nj\u00eb udh\u00ebtari.<\/p>\n\n<p>Megjithat\u00eb, ka p\u00ebrjashtime t\u00eb kufizuara nga ky rregull. N\u00eb disa raste specifike, vendet kan\u00eb lidhur nj\u00eb marr\u00ebveshje rajonale p\u00ebr t\u00eb kaluar kufijt\u00eb e tyre pa paraqitur pasaport\u00eb. Shembulli m\u00eb i r\u00ebnd\u00ebsish\u00ebm ka t\u00eb b\u00ebj\u00eb me shtetasit e vendeve t\u00eb zon\u00ebs Shengen. Ata mund t\u00eb l\u00ebvizin lirsh\u00ebm nd\u00ebrmjet shteteve an\u00ebtare pa paraqitur pasaport\u00eb.<\/p>\n\n<h2 class=\"wp-block-heading\" id=\"h-peut-on-voyager-avec-une-copie-de-la-green-card\">A mund t\u00eb udh\u00ebtoj me nj\u00eb kopje t\u00eb Kartonit t\u00eb Gjelb\u00ebr?<\/h2>\n\n<p>Karta jeshile \u00ebsht\u00eb nj\u00eb dokument zyrtar q\u00eb v\u00ebrteton statusin e rezidentit t\u00eb p\u00ebrhersh\u00ebm n\u00eb Shtetet e Bashkuara. Udh\u00ebtimi jasht\u00eb vendit vet\u00ebm me nj\u00eb kopje t\u00eb Kartonit t\u00eb Gjelb\u00ebr nuk rekomandohet. P\u00ebr udh\u00ebtimet nd\u00ebrkomb\u00ebtare, autoritetet kufitare k\u00ebrkojn\u00eb t\u00eb shohin dokumentet origjinale p\u00ebr t\u00eb verifikuar identitetin dhe statusin e udh\u00ebtarit.<\/p>\n\n<p>N\u00ebse jeni duke udh\u00ebtuar jasht\u00eb Shteteve t\u00eb Bashkuara, duhet t\u00eb sillni Kart\u00ebn Gjelb\u00ebr origjinale p\u00ebr t\u00eb rihyr\u00eb n\u00eb vend. Nj\u00eb kopje e Kartonit t\u00eb Gjelb\u00ebr nuk mjafton p\u00ebr t\u00eb v\u00ebrtetuar statusin tuaj t\u00eb rezidentit t\u00eb p\u00ebrhersh\u00ebm.<\/p>\n\n<p>N\u00ebse Kartoni Juaj i Gjelb\u00ebr humbet ose vidhet gjat\u00eb koh\u00ebs q\u00eb jeni jasht\u00eb vendit, duhet t\u00eb kontaktoni menj\u00ebher\u00eb ambasad\u00ebn ose konsullat\u00ebn e SHBA. Ambasada do t&#8217;ju siguroj\u00eb nj\u00eb dokument z\u00ebvend\u00ebsues q\u00eb ju lejon t\u00eb hipni dhe t\u00eb ktheheni n\u00eb Shtetet e Bashkuara.<\/p>\n","protected":false},"excerpt":{"rendered":"<p>Udh\u00ebtimi jasht\u00eb Shteteve t\u00eb Bashkuara me nj\u00eb karton jeshil Fuqia e pasaport\u00ebs amerikane u mund\u00ebson qytetar\u00ebve amerikan\u00eb t\u00eb udh\u00ebtojn\u00eb n\u00eb m\u00eb shum\u00eb se 140 vende t\u00eb bot\u00ebs pa pasur nevoj\u00eb p\u00ebr viz\u00eb. Disa nga k\u00ebto vende e kan\u00eb shtrir\u00eb k\u00ebt\u00eb t\u00eb drejt\u00eb p\u00ebr udh\u00ebtim pa viza edhe p\u00ebr mbajt\u00ebsit e nj\u00eb karte jeshile amerikane . [&hellip;]<\/p>\n","protected":false},"author":1,"featured_media":0,"parent":0,"menu_order":0,"comment_status":"closed","ping_status":"closed","template":"","meta":{"footnotes":""},"class_list":["post-2847","page","type-page","status-publish","hentry"],"yoast_head":"<!-- This site is optimized with the Yoast SEO plugin v27.4 - https:\/\/yoast.com\/product\/yoast-seo-wordpress\/ -->\n<title>Udh\u00ebtimi jasht\u00eb vendit me karton jeshil - USA GC<\/title>\n<meta name=\"description\" content=\"Cilat jan\u00eb rregullat p\u00ebr t\u00eb udh\u00ebtuar me Green Card jasht\u00eb vendit p\u00ebr nj\u00eb rezident n\u00eb SHBA?\" \/>\n<meta name=\"robots\" content=\"index, follow, max-snippet:-1, max-image-preview:large, max-video-preview:-1\" \/>\n<link rel=\"canonical\" href=\"https:\/\/us-gc.net\/sq\/udhetim-jashte-me-karton-jeshile\/\" \/>\n<meta property=\"og:locale\" content=\"sq_AL\" \/>\n<meta property=\"og:type\" content=\"article\" \/>\n<meta property=\"og:title\" content=\"Udh\u00ebtimi jasht\u00eb vendit me karton jeshil - USA GC\" \/>\n<meta property=\"og:description\" content=\"Cilat jan\u00eb rregullat p\u00ebr t\u00eb udh\u00ebtuar me Green Card jasht\u00eb vendit p\u00ebr nj\u00eb rezident n\u00eb SHBA?\" \/>\n<meta property=\"og:url\" content=\"https:\/\/us-gc.net\/sq\/udhetim-jashte-me-karton-jeshile\/\" \/>\n<meta property=\"og:site_name\" content=\"USA GC\" \/>\n<meta property=\"article:modified_time\" content=\"2025-03-31T11:23:15+00:00\" \/>\n<meta name=\"twitter:card\" content=\"summary_large_image\" \/>\n<meta name=\"twitter:label1\" content=\"Est. reading time\" \/>\n\t<meta name=\"twitter:data1\" content=\"3 minutes\" \/>\n<script type=\"application\/ld+json\" class=\"yoast-schema-graph\">{\"@context\":\"https:\\\/\\\/schema.org\",\"@graph\":[{\"@type\":\"WebPage\",\"@id\":\"https:\\\/\\\/us-gc.net\\\/sq\\\/udhetim-jashte-me-karton-jeshile\\\/\",\"url\":\"https:\\\/\\\/us-gc.net\\\/sq\\\/udhetim-jashte-me-karton-jeshile\\\/\",\"name\":\"Udh\u00ebtimi jasht\u00eb vendit me karton jeshil - USA GC\",\"isPartOf\":{\"@id\":\"https:\\\/\\\/us-gc.net\\\/sq\\\/#website\"},\"datePublished\":\"2024-01-31T16:18:19+00:00\",\"dateModified\":\"2025-03-31T11:23:15+00:00\",\"description\":\"Cilat jan\u00eb rregullat p\u00ebr t\u00eb udh\u00ebtuar me Green Card jasht\u00eb vendit p\u00ebr nj\u00eb rezident n\u00eb SHBA?\",\"breadcrumb\":{\"@id\":\"https:\\\/\\\/us-gc.net\\\/sq\\\/udhetim-jashte-me-karton-jeshile\\\/#breadcrumb\"},\"inLanguage\":\"sq-AL\",\"potentialAction\":[{\"@type\":\"ReadAction\",\"target\":[\"https:\\\/\\\/us-gc.net\\\/sq\\\/udhetim-jashte-me-karton-jeshile\\\/\"]}]},{\"@type\":\"BreadcrumbList\",\"@id\":\"https:\\\/\\\/us-gc.net\\\/sq\\\/udhetim-jashte-me-karton-jeshile\\\/#breadcrumb\",\"itemListElement\":[{\"@type\":\"ListItem\",\"position\":1,\"name\":\"Accueil\",\"item\":\"https:\\\/\\\/us-gc.net\\\/sq\\\/green-card\\\/\"},{\"@type\":\"ListItem\",\"position\":2,\"name\":\"Udh\u00ebtimi jasht\u00eb vendit me karton jeshil\"}]},{\"@type\":\"WebSite\",\"@id\":\"https:\\\/\\\/us-gc.net\\\/sq\\\/#website\",\"url\":\"https:\\\/\\\/us-gc.net\\\/sq\\\/\",\"name\":\"USA GC\",\"description\":\"\",\"potentialAction\":[{\"@type\":\"SearchAction\",\"target\":{\"@type\":\"EntryPoint\",\"urlTemplate\":\"https:\\\/\\\/us-gc.net\\\/sq\\\/?s={search_term_string}\"},\"query-input\":{\"@type\":\"PropertyValueSpecification\",\"valueRequired\":true,\"valueName\":\"search_term_string\"}}],\"inLanguage\":\"sq-AL\"}]}<\/script>\n<!-- \/ Yoast SEO plugin. -->","yoast_head_json":{"title":"Udh\u00ebtimi jasht\u00eb vendit me karton jeshil - USA GC","description":"Cilat jan\u00eb rregullat p\u00ebr t\u00eb udh\u00ebtuar me Green Card jasht\u00eb vendit p\u00ebr nj\u00eb rezident n\u00eb SHBA?","robots":{"index":"index","follow":"follow","max-snippet":"max-snippet:-1","max-image-preview":"max-image-preview:large","max-video-preview":"max-video-preview:-1"},"canonical":"https:\/\/us-gc.net\/sq\/udhetim-jashte-me-karton-jeshile\/","og_locale":"sq_AL","og_type":"article","og_title":"Udh\u00ebtimi jasht\u00eb vendit me karton jeshil - USA GC","og_description":"Cilat jan\u00eb rregullat p\u00ebr t\u00eb udh\u00ebtuar me Green Card jasht\u00eb vendit p\u00ebr nj\u00eb rezident n\u00eb SHBA?","og_url":"https:\/\/us-gc.net\/sq\/udhetim-jashte-me-karton-jeshile\/","og_site_name":"USA GC","article_modified_time":"2025-03-31T11:23:15+00:00","twitter_card":"summary_large_image","twitter_misc":{"Est. reading time":"3 minutes"},"schema":{"@context":"https:\/\/schema.org","@graph":[{"@type":"WebPage","@id":"https:\/\/us-gc.net\/sq\/udhetim-jashte-me-karton-jeshile\/","url":"https:\/\/us-gc.net\/sq\/udhetim-jashte-me-karton-jeshile\/","name":"Udh\u00ebtimi jasht\u00eb vendit me karton jeshil - USA GC","isPartOf":{"@id":"https:\/\/us-gc.net\/sq\/#website"},"datePublished":"2024-01-31T16:18:19+00:00","dateModified":"2025-03-31T11:23:15+00:00","description":"Cilat jan\u00eb rregullat p\u00ebr t\u00eb udh\u00ebtuar me Green Card jasht\u00eb vendit p\u00ebr nj\u00eb rezident n\u00eb SHBA?","breadcrumb":{"@id":"https:\/\/us-gc.net\/sq\/udhetim-jashte-me-karton-jeshile\/#breadcrumb"},"inLanguage":"sq-AL","potentialAction":[{"@type":"ReadAction","target":["https:\/\/us-gc.net\/sq\/udhetim-jashte-me-karton-jeshile\/"]}]},{"@type":"BreadcrumbList","@id":"https:\/\/us-gc.net\/sq\/udhetim-jashte-me-karton-jeshile\/#breadcrumb","itemListElement":[{"@type":"ListItem","position":1,"name":"Accueil","item":"https:\/\/us-gc.net\/sq\/green-card\/"},{"@type":"ListItem","position":2,"name":"Udh\u00ebtimi jasht\u00eb vendit me karton jeshil"}]},{"@type":"WebSite","@id":"https:\/\/us-gc.net\/sq\/#website","url":"https:\/\/us-gc.net\/sq\/","name":"USA GC","description":"","potentialAction":[{"@type":"SearchAction","target":{"@type":"EntryPoint","urlTemplate":"https:\/\/us-gc.net\/sq\/?s={search_term_string}"},"query-input":{"@type":"PropertyValueSpecification","valueRequired":true,"valueName":"search_term_string"}}],"inLanguage":"sq-AL"}]}},"_links":{"self":[{"href":"https:\/\/us-gc.net\/sq\/wp-json\/wp\/v2\/pages\/2847","targetHints":{"allow":["GET"]}}],"collection":[{"href":"https:\/\/us-gc.net\/sq\/wp-json\/wp\/v2\/pages"}],"about":[{"href":"https:\/\/us-gc.net\/sq\/wp-json\/wp\/v2\/types\/page"}],"author":[{"embeddable":true,"href":"https:\/\/us-gc.net\/sq\/wp-json\/wp\/v2\/users\/1"}],"replies":[{"embeddable":true,"href":"https:\/\/us-gc.net\/sq\/wp-json\/wp\/v2\/comments?post=2847"}],"version-history":[{"count":3,"href":"https:\/\/us-gc.net\/sq\/wp-json\/wp\/v2\/pages\/2847\/revisions"}],"predecessor-version":[{"id":10173,"href":"https:\/\/us-gc.net\/sq\/wp-json\/wp\/v2\/pages\/2847\/revisions\/10173"}],"wp:attachment":[{"href":"https:\/\/us-gc.net\/sq\/wp-json\/wp\/v2\/media?parent=2847"}],"curies":[{"name":"wp","href":"https:\/\/api.w.org\/{rel}","templated":true}]}}