{"id":2725,"date":"2024-01-31T15:53:04","date_gmt":"2024-01-31T15:53:04","guid":{"rendered":"https:\/\/green-card-usa.net\/amerikano-karton-jeshil-llotari\/"},"modified":"2024-12-30T09:46:12","modified_gmt":"2024-12-30T09:46:12","slug":"amerikano-karton-jeshil-llotari","status":"publish","type":"page","link":"https:\/\/us-gc.net\/sq\/amerikano-karton-jeshil-llotari\/","title":{"rendered":"Merrni pjes\u00eb n\u00eb Lotarin\u00eb Amerikane t\u00eb Kart\u00ebs s\u00eb Gjelb\u00ebr"},"content":{"rendered":"\n<h1 class=\"wp-block-heading\" id=\"h-la-carte-verte-permet-de-vivre-aux-etats-unis\">Karta jeshile ju lejon t\u00eb jetoni n\u00eb Shtetet e Bashkuara<\/h1>\n\n<p>Mij\u00ebra qytetar\u00eb nga e gjith\u00eb bota p\u00ebrpiqen \u00e7do vit t\u00eb marrin nj\u00eb kart\u00eb jeshile rezidente n\u00eb SHBA p\u00ebr t\u00eb qen\u00eb n\u00eb gjendje t\u00eb jetojn\u00eb n\u00eb Shtetet e Bashkuara.<\/p>\n\n<h2 class=\"wp-block-heading\" id=\"h-qu-est-ce-que-la-carte-verte\">\u00c7far\u00eb \u00ebsht\u00eb Kartoni i Gjelb\u00ebr?<\/h2>\n\n<p>Green Card \u00ebsht\u00eb nj\u00eb kart\u00eb amerikane q\u00eb jep t\u00eb drejt\u00ebn p\u00ebr t&#8217;u b\u00ebr\u00eb rezident i p\u00ebrhersh\u00ebm i Shteteve t\u00eb Bashkuara. Ai lejon t\u00eb huajt t\u00eb vijn\u00eb dhe t\u00eb punojn\u00eb legalisht n\u00eb Shtetet e Bashkuara. Kjo leje q\u00ebndrimi quhet globalisht Karta e Gjelb\u00ebr Amerikane sepse \u00ebsht\u00eb nj\u00eb kart\u00eb me ngjyr\u00eb jeshile.<\/p>\n\n<h2 class=\"wp-block-heading\" id=\"h-comment-obtenir-une-carte-verte\">Si t\u00eb merrni nj\u00eb karton jeshil?<\/h2>\n\n<p>Ka disa m\u00ebnyra p\u00ebr t\u00eb marr\u00eb nj\u00eb karton jeshil n\u00eb SHBA. Aplikant\u00ebt e huaj p\u00ebr nj\u00eb karton jeshil mund t\u00eb aplikojn\u00eb p\u00ebr arsyet e m\u00ebposhtme:<\/p>\n\n<ul class=\"wp-block-list\">\n<li><a href=\"https:\/\/us-gc.net\/sq\/green-card-per-martese\/\">Kart\u00ebn e Gjelb\u00ebr p\u00ebrmes martes\u00ebs<\/a> me nj\u00eb mbajt\u00ebs t\u00eb Kartonit t\u00eb Gjelb\u00ebr t\u00eb SHBA;<\/li>\n\n\n\n<li>Merrni nj\u00eb <a href=\"https:\/\/us-gc.net\/sq\/green-card-employment-based\/\">karton jeshil p\u00ebrmes pun\u00ebsimit<\/a> ;<\/li>\n\n\n\n<li>Merrni nj\u00eb <a href=\"https:\/\/us-gc.net\/sq\/green-card-sponsorizimi\/\">karton jeshil p\u00ebrmes nj\u00eb sponsori familjar ose biznesi<\/a> ;<\/li>\n<\/ul>\n\n<div style=\"height:10px\" aria-hidden=\"true\" class=\"wp-block-spacer\"><\/div>\n\n<p>Ka m\u00ebnyra t\u00eb tjera p\u00ebr t\u00eb marr\u00eb nj\u00eb karton jeshil. Zgjidhja m\u00eb e lakmuar n\u00eb mbar\u00eb bot\u00ebn p\u00ebr marrjen e kartonit jeshil \u00ebsht\u00eb lotaria amerikane. <strong>Ju mund t\u00eb merrni pjes\u00eb n\u00eb k\u00ebt\u00eb llotari vjetore duke u regjistruar online<\/strong> n\u00eb vet\u00ebm pak minuta duke klikuar n\u00eb <a href=\"https:\/\/us-gc.net\/sq\/green-card-llotari-formular\/\">formularin online<\/a> .<\/p>\n\n<div style=\"height:10px\" aria-hidden=\"true\" class=\"wp-block-spacer\"><\/div>\n\n<h2 class=\"wp-block-heading\" id=\"h-qu-est-ce-que-la-loterie-americaine-de-la-carte-verte\">\u00c7far\u00eb \u00ebsht\u00eb Lotaria e Kart\u00ebs s\u00eb Gjelb\u00ebr t\u00eb SHBA?<\/h2>\n\n<p>Shtetet e Bashkuara kan\u00eb zbatuar Programin e Vizave t\u00eb Shum\u00ebllojshm\u00ebris\u00eb p\u00ebr t\u00eb menaxhuar imigracionin e tyre t\u00eb huaj. Kjo \u00ebsht\u00eb nj\u00eb llotari vjetore n\u00eb t\u00eb cil\u00ebn marrin pjes\u00eb disa milion\u00eb t\u00eb huaj \u00e7do vit p\u00ebr t\u00eb marr\u00eb nj\u00eb nga 50,000 Karton\u00ebt jeshil t\u00eb ofruar me short.<\/p>\n\n<h2 class=\"wp-block-heading\" id=\"h-quand-se-deroule-le-tirage-de-la-loterie-carte-verte\">Kur b\u00ebhet shorti i Kartonit t\u00eb Gjelb\u00ebr?<\/h2>\n\n<p>Lotaria e Kartonit Jeshil zhvillohet nj\u00eb her\u00eb n\u00eb vit. Ajo zhvillohet n\u00eb fund t\u00eb vitit n\u00eb n\u00ebntor. Prandaj, shortet p\u00ebrcaktohen sipas vitit t\u00eb tyre: Ka <a href=\"https:\/\/us-gc.net\/sq\/lotaria-kartonit-jeshil-2024\/\">Lotarin\u00eb e Kart\u00ebs s\u00eb Gjelb\u00ebr 2024<\/a> , <a href=\"https:\/\/us-gc.net\/sq\/lotaria-green-card-2025\/\">Lotarin\u00eb e Kartonit t\u00eb Gjelb\u00ebr 2025<\/a> dhe <a href=\"https:\/\/us-gc.net\/sq\/lotari-karta-jeshile-2026\/\">Lotarin\u00eb e Kartonit t\u00eb Gjelb\u00ebr 2026<\/a> . Kandidat\u00ebt duhet t\u00eb regjistrohen p\u00ebrpara mbylljes s\u00eb regjistrimit p\u00ebr t\u00eb marr\u00eb pjes\u00eb n\u00eb short. <a href=\"https:\/\/us-gc.net\/sq\/gjelber-llotari-rezultatet\/\">Rezultatet e lotaris\u00eb s\u00eb Kartonit t\u00eb Gjelb\u00ebr<\/a> publikohen m\u00eb pas drejtp\u00ebrdrejt n\u00eb ueb.<\/p>\n\n<h2 class=\"wp-block-heading\" id=\"h-comment-s-inscrire-a-la-loterie\">Si t\u00eb regjistroheni p\u00ebr lotarin\u00eb?<\/h2>\n\n<p>Aplikant\u00ebt duhet s\u00eb pari t\u00eb verifikojn\u00eb p\u00ebrshtatshm\u00ebrin\u00eb e tyre p\u00ebr t\u00eb marr\u00eb pjes\u00eb n\u00eb llotari. N\u00eb t\u00eb v\u00ebrtet\u00eb, \u00e7do vit administrata amerikane publikon nj\u00eb list\u00eb t\u00eb <a href=\"https:\/\/us-gc.net\/sq\/vende-jo-autorizar-marr-pjese-llotari-green-card\/\">vendeve q\u00eb nuk jan\u00eb t\u00eb autorizuara p\u00ebr t\u00eb marr\u00eb pjes\u00eb n\u00eb lotarin\u00eb e Kartonit t\u00eb Gjelb\u00ebr<\/a> .<\/p>\n\n<p>Aplikant\u00ebt p\u00ebr Lotarin\u00eb e Kartonit t\u00eb Gjelb\u00ebr duhet t\u00eb regjistrohen drejtp\u00ebrdrejt n\u00eb internet n\u00eb internet. ata duhet t\u00eb plot\u00ebsojn\u00eb nj\u00eb <a href=\"https:\/\/us-gc.net\/sq\/green-card-llotari-formular\/\">formular online<\/a> p\u00ebr t\u00eb regjistruar regjistrimin e tyre n\u00eb lotari.<\/p>\n","protected":false},"excerpt":{"rendered":"<p>Karta jeshile ju lejon t\u00eb jetoni n\u00eb Shtetet e Bashkuara Mij\u00ebra qytetar\u00eb nga e gjith\u00eb bota p\u00ebrpiqen \u00e7do vit t\u00eb marrin nj\u00eb kart\u00eb jeshile rezidente n\u00eb SHBA p\u00ebr t\u00eb qen\u00eb n\u00eb gjendje t\u00eb jetojn\u00eb n\u00eb Shtetet e Bashkuara. \u00c7far\u00eb \u00ebsht\u00eb Kartoni i Gjelb\u00ebr? Green Card \u00ebsht\u00eb nj\u00eb kart\u00eb amerikane q\u00eb jep t\u00eb drejt\u00ebn p\u00ebr t&#8217;u [&hellip;]<\/p>\n","protected":false},"author":1,"featured_media":0,"parent":0,"menu_order":0,"comment_status":"closed","ping_status":"closed","template":"","meta":{"footnotes":""},"class_list":["post-2725","page","type-page","status-publish","hentry"],"yoast_head":"<!-- This site is optimized with the Yoast SEO plugin v27.4 - https:\/\/yoast.com\/product\/yoast-seo-wordpress\/ -->\n<title>Merrni pjes\u00eb n\u00eb Lotarin\u00eb Amerikane t\u00eb Kart\u00ebs s\u00eb Gjelb\u00ebr - USA GC<\/title>\n<meta name=\"description\" content=\"Merrni pjes\u00eb n\u00eb lotarin\u00eb amerikane p\u00ebr t\u00eb fituar nj\u00eb karton jeshil. Kjo \u00ebsht\u00eb karta e q\u00ebndrimit t\u00eb p\u00ebrhersh\u00ebm p\u00ebr t\u00eb jetuar n\u00eb Shtetet e Bashkuara.\" \/>\n<meta name=\"robots\" content=\"index, follow, max-snippet:-1, max-image-preview:large, max-video-preview:-1\" \/>\n<link rel=\"canonical\" href=\"https:\/\/us-gc.net\/sq\/amerikano-karton-jeshil-llotari\/\" \/>\n<meta property=\"og:locale\" content=\"sq_AL\" \/>\n<meta property=\"og:type\" content=\"article\" \/>\n<meta property=\"og:title\" content=\"Merrni pjes\u00eb n\u00eb Lotarin\u00eb Amerikane t\u00eb Kart\u00ebs s\u00eb Gjelb\u00ebr - USA GC\" \/>\n<meta property=\"og:description\" content=\"Merrni pjes\u00eb n\u00eb lotarin\u00eb amerikane p\u00ebr t\u00eb fituar nj\u00eb karton jeshil. Kjo \u00ebsht\u00eb karta e q\u00ebndrimit t\u00eb p\u00ebrhersh\u00ebm p\u00ebr t\u00eb jetuar n\u00eb Shtetet e Bashkuara.\" \/>\n<meta property=\"og:url\" content=\"https:\/\/us-gc.net\/sq\/amerikano-karton-jeshil-llotari\/\" \/>\n<meta property=\"og:site_name\" content=\"USA GC\" \/>\n<meta property=\"article:modified_time\" content=\"2024-12-30T09:46:12+00:00\" \/>\n<meta name=\"twitter:card\" content=\"summary_large_image\" \/>\n<meta name=\"twitter:label1\" content=\"Est. reading time\" \/>\n\t<meta name=\"twitter:data1\" content=\"2 minutes\" \/>\n<script type=\"application\/ld+json\" class=\"yoast-schema-graph\">{\"@context\":\"https:\\\/\\\/schema.org\",\"@graph\":[{\"@type\":\"WebPage\",\"@id\":\"https:\\\/\\\/us-gc.net\\\/sq\\\/amerikano-karton-jeshil-llotari\\\/\",\"url\":\"https:\\\/\\\/us-gc.net\\\/sq\\\/amerikano-karton-jeshil-llotari\\\/\",\"name\":\"Merrni pjes\u00eb n\u00eb Lotarin\u00eb Amerikane t\u00eb Kart\u00ebs s\u00eb Gjelb\u00ebr - USA GC\",\"isPartOf\":{\"@id\":\"https:\\\/\\\/us-gc.net\\\/sq\\\/#website\"},\"datePublished\":\"2024-01-31T15:53:04+00:00\",\"dateModified\":\"2024-12-30T09:46:12+00:00\",\"description\":\"Merrni pjes\u00eb n\u00eb lotarin\u00eb amerikane p\u00ebr t\u00eb fituar nj\u00eb karton jeshil. Kjo \u00ebsht\u00eb karta e q\u00ebndrimit t\u00eb p\u00ebrhersh\u00ebm p\u00ebr t\u00eb jetuar n\u00eb Shtetet e Bashkuara.\",\"breadcrumb\":{\"@id\":\"https:\\\/\\\/us-gc.net\\\/sq\\\/amerikano-karton-jeshil-llotari\\\/#breadcrumb\"},\"inLanguage\":\"sq-AL\",\"potentialAction\":[{\"@type\":\"ReadAction\",\"target\":[\"https:\\\/\\\/us-gc.net\\\/sq\\\/amerikano-karton-jeshil-llotari\\\/\"]}]},{\"@type\":\"BreadcrumbList\",\"@id\":\"https:\\\/\\\/us-gc.net\\\/sq\\\/amerikano-karton-jeshil-llotari\\\/#breadcrumb\",\"itemListElement\":[{\"@type\":\"ListItem\",\"position\":1,\"name\":\"Accueil\",\"item\":\"https:\\\/\\\/us-gc.net\\\/sq\\\/green-card\\\/\"},{\"@type\":\"ListItem\",\"position\":2,\"name\":\"Merrni pjes\u00eb n\u00eb Lotarin\u00eb Amerikane t\u00eb Kart\u00ebs s\u00eb Gjelb\u00ebr\"}]},{\"@type\":\"WebSite\",\"@id\":\"https:\\\/\\\/us-gc.net\\\/sq\\\/#website\",\"url\":\"https:\\\/\\\/us-gc.net\\\/sq\\\/\",\"name\":\"USA GC\",\"description\":\"\",\"potentialAction\":[{\"@type\":\"SearchAction\",\"target\":{\"@type\":\"EntryPoint\",\"urlTemplate\":\"https:\\\/\\\/us-gc.net\\\/sq\\\/?s={search_term_string}\"},\"query-input\":{\"@type\":\"PropertyValueSpecification\",\"valueRequired\":true,\"valueName\":\"search_term_string\"}}],\"inLanguage\":\"sq-AL\"}]}<\/script>\n<!-- \/ Yoast SEO plugin. -->","yoast_head_json":{"title":"Merrni pjes\u00eb n\u00eb Lotarin\u00eb Amerikane t\u00eb Kart\u00ebs s\u00eb Gjelb\u00ebr - USA GC","description":"Merrni pjes\u00eb n\u00eb lotarin\u00eb amerikane p\u00ebr t\u00eb fituar nj\u00eb karton jeshil. Kjo \u00ebsht\u00eb karta e q\u00ebndrimit t\u00eb p\u00ebrhersh\u00ebm p\u00ebr t\u00eb jetuar n\u00eb Shtetet e Bashkuara.","robots":{"index":"index","follow":"follow","max-snippet":"max-snippet:-1","max-image-preview":"max-image-preview:large","max-video-preview":"max-video-preview:-1"},"canonical":"https:\/\/us-gc.net\/sq\/amerikano-karton-jeshil-llotari\/","og_locale":"sq_AL","og_type":"article","og_title":"Merrni pjes\u00eb n\u00eb Lotarin\u00eb Amerikane t\u00eb Kart\u00ebs s\u00eb Gjelb\u00ebr - USA GC","og_description":"Merrni pjes\u00eb n\u00eb lotarin\u00eb amerikane p\u00ebr t\u00eb fituar nj\u00eb karton jeshil. Kjo \u00ebsht\u00eb karta e q\u00ebndrimit t\u00eb p\u00ebrhersh\u00ebm p\u00ebr t\u00eb jetuar n\u00eb Shtetet e Bashkuara.","og_url":"https:\/\/us-gc.net\/sq\/amerikano-karton-jeshil-llotari\/","og_site_name":"USA GC","article_modified_time":"2024-12-30T09:46:12+00:00","twitter_card":"summary_large_image","twitter_misc":{"Est. reading time":"2 minutes"},"schema":{"@context":"https:\/\/schema.org","@graph":[{"@type":"WebPage","@id":"https:\/\/us-gc.net\/sq\/amerikano-karton-jeshil-llotari\/","url":"https:\/\/us-gc.net\/sq\/amerikano-karton-jeshil-llotari\/","name":"Merrni pjes\u00eb n\u00eb Lotarin\u00eb Amerikane t\u00eb Kart\u00ebs s\u00eb Gjelb\u00ebr - USA GC","isPartOf":{"@id":"https:\/\/us-gc.net\/sq\/#website"},"datePublished":"2024-01-31T15:53:04+00:00","dateModified":"2024-12-30T09:46:12+00:00","description":"Merrni pjes\u00eb n\u00eb lotarin\u00eb amerikane p\u00ebr t\u00eb fituar nj\u00eb karton jeshil. Kjo \u00ebsht\u00eb karta e q\u00ebndrimit t\u00eb p\u00ebrhersh\u00ebm p\u00ebr t\u00eb jetuar n\u00eb Shtetet e Bashkuara.","breadcrumb":{"@id":"https:\/\/us-gc.net\/sq\/amerikano-karton-jeshil-llotari\/#breadcrumb"},"inLanguage":"sq-AL","potentialAction":[{"@type":"ReadAction","target":["https:\/\/us-gc.net\/sq\/amerikano-karton-jeshil-llotari\/"]}]},{"@type":"BreadcrumbList","@id":"https:\/\/us-gc.net\/sq\/amerikano-karton-jeshil-llotari\/#breadcrumb","itemListElement":[{"@type":"ListItem","position":1,"name":"Accueil","item":"https:\/\/us-gc.net\/sq\/green-card\/"},{"@type":"ListItem","position":2,"name":"Merrni pjes\u00eb n\u00eb Lotarin\u00eb Amerikane t\u00eb Kart\u00ebs s\u00eb Gjelb\u00ebr"}]},{"@type":"WebSite","@id":"https:\/\/us-gc.net\/sq\/#website","url":"https:\/\/us-gc.net\/sq\/","name":"USA GC","description":"","potentialAction":[{"@type":"SearchAction","target":{"@type":"EntryPoint","urlTemplate":"https:\/\/us-gc.net\/sq\/?s={search_term_string}"},"query-input":{"@type":"PropertyValueSpecification","valueRequired":true,"valueName":"search_term_string"}}],"inLanguage":"sq-AL"}]}},"_links":{"self":[{"href":"https:\/\/us-gc.net\/sq\/wp-json\/wp\/v2\/pages\/2725","targetHints":{"allow":["GET"]}}],"collection":[{"href":"https:\/\/us-gc.net\/sq\/wp-json\/wp\/v2\/pages"}],"about":[{"href":"https:\/\/us-gc.net\/sq\/wp-json\/wp\/v2\/types\/page"}],"author":[{"embeddable":true,"href":"https:\/\/us-gc.net\/sq\/wp-json\/wp\/v2\/users\/1"}],"replies":[{"embeddable":true,"href":"https:\/\/us-gc.net\/sq\/wp-json\/wp\/v2\/comments?post=2725"}],"version-history":[{"count":1,"href":"https:\/\/us-gc.net\/sq\/wp-json\/wp\/v2\/pages\/2725\/revisions"}],"predecessor-version":[{"id":8020,"href":"https:\/\/us-gc.net\/sq\/wp-json\/wp\/v2\/pages\/2725\/revisions\/8020"}],"wp:attachment":[{"href":"https:\/\/us-gc.net\/sq\/wp-json\/wp\/v2\/media?parent=2725"}],"curies":[{"name":"wp","href":"https:\/\/api.w.org\/{rel}","templated":true}]}}