{"id":2702,"date":"2024-02-02T15:07:30","date_gmt":"2024-02-02T15:07:30","guid":{"rendered":"https:\/\/green-card-usa.net\/gjelber-llotari-rezultatet\/"},"modified":"2024-12-30T09:47:01","modified_gmt":"2024-12-30T09:47:01","slug":"gjelber-llotari-rezultatet","status":"publish","type":"page","link":"https:\/\/us-gc.net\/sq\/gjelber-llotari-rezultatet\/","title":{"rendered":"Rezultatet e Lotaris\u00eb s\u00eb Kartonit t\u00eb Gjelb\u00ebr"},"content":{"rendered":"\n<h1 class=\"wp-block-heading\" id=\"h-les-resultats-du-tirage-au-sort-de-la-loterie-de-la-green-card\">Rezultatet e shortit t\u00eb Lotaris\u00eb s\u00eb Kartonit t\u00eb Gjelb\u00ebr<\/h1>\n\n<p>Rezultatet e shortit t\u00eb Lotaris\u00eb s\u00eb Kart\u00ebs s\u00eb Gjelb\u00ebr t\u00eb SHBA publikohen \u00e7do vit si pjes\u00eb e <a href=\"https:\/\/us-gc.net\/sq\/diversitet-viza-program\/\">Programit t\u00eb Vizave t\u00eb Shum\u00ebllojshm\u00ebris\u00eb<\/a> . \u00c7do aplikant <a href=\"https:\/\/us-gc.net\/sq\/amerikano-karton-jeshil-llotari\/\">p\u00ebr lotarin\u00eb e kart\u00ebs s\u00eb gjelb\u00ebr<\/a> mund t\u00eb marr\u00eb rezultatin e tij personal n\u00eb internet.<\/p>\n\n<h2 class=\"wp-block-heading\" id=\"h-quand-a-lieu-le-tirage-de-la-loterie-de-la-green-card\">Kur b\u00ebhet shorti i Kartonit t\u00eb Gjelb\u00ebr?<\/h2>\n\n<p>Shorti b\u00ebhet n\u00eb n\u00ebntor t\u00eb \u00e7do viti. Datat e sakta t\u00eb hapjes dhe mbylljes p\u00ebr regjistrimet publikohen disa muaj p\u00ebrpara \u00e7do vit.<\/p>\n\n<h2 class=\"wp-block-heading\" id=\"h-quand-est-ce-que-les-resultats-sont-publies\">Kur publikohen rezultatet?<\/h2>\n\n<p>Rezultatet <a href=\"https:\/\/us-gc.net\/sq\/lotaria-green-card\/\">e lotaris\u00eb s\u00eb Kartonit t\u00eb Gjelb\u00ebr<\/a> jan\u00eb t\u00eb disponueshme af\u00ebrsisht 6 muaj pas mbylljes s\u00eb regjistrimit. Prandaj ato botohen \u00e7do vit rreth majit. Rezultatet e shortit t\u00eb vizave t\u00eb shum\u00ebllojshm\u00ebris\u00eb 2025 t\u00eb n\u00ebntorit 2023 u postuan n\u00eb internet m\u00eb 4 maj 2024 n\u00eb k\u00ebt\u00eb faqe <a href=\"https:\/\/dvprogram.state.gov\/ESC\/CheckStatus.aspx\">dvprogram.state.gov<\/a> .<\/p>\n\n<h2 class=\"wp-block-heading\" id=\"h-resultats-de-la-loterie-de-2018-a-2022\">Rezultatet e lotaris\u00eb nga 2018 deri n\u00eb 2022<\/h2>\n\n<p>Bazuar n\u00eb statistikat e publikuara nga Departamenti i Shtetit \u00e7do vit, k\u00ebtu jan\u00eb rezultatet e lotaris\u00eb gjat\u00eb 5 viteve t\u00eb fundit p\u00ebr t\u00eb cilat rezultatet jan\u00eb publike:<\/p>\n\n<figure class=\"wp-block-table\"><table><tbody><tr><td><strong>Zonat gjeografike  <\/strong><\/td><td class=\"has-text-align-center\" data-align=\"center\"><strong>2018<\/strong><\/td><td class=\"has-text-align-center\" data-align=\"center\"><strong>2019<\/strong><\/td><td class=\"has-text-align-center\" data-align=\"center\"><strong>2020<\/strong><\/td><td class=\"has-text-align-center\" data-align=\"center\"><strong>2021<\/strong><\/td><td class=\"has-text-align-center\" data-align=\"center\"><strong>2022<\/strong><\/td><\/tr><tr><td><a href=\"https:\/\/us-gc.net\/sq\/lotari-green-card-vendet-afrika\/\">vendet afrikane<\/a><\/td><td class=\"has-text-align-center\" data-align=\"center\">20,532<\/td><td class=\"has-text-align-center\" data-align=\"center\">20,336<\/td><td class=\"has-text-align-center\" data-align=\"center\">6017<\/td><td class=\"has-text-align-center\" data-align=\"center\">5801<\/td><td class=\"has-text-align-center\" data-align=\"center\">19215<\/td><\/tr><tr><td><a href=\"https:\/\/us-gc.net\/sq\/vendi-i-pjesemarrjes-negreen-card-te-lotarise-azi\/\">vendet aziatike<\/a><\/td><td class=\"has-text-align-center\" data-align=\"center\">6290<\/td><td class=\"has-text-align-center\" data-align=\"center\">6079<\/td><td class=\"has-text-align-center\" data-align=\"center\">4055<\/td><td class=\"has-text-align-center\" data-align=\"center\">4498<\/td><td class=\"has-text-align-center\" data-align=\"center\">11693<\/td><\/tr><tr><td><a href=\"https:\/\/us-gc.net\/sq\/lotaria-green-card-evrope\/\">Vendet n\u00eb Evrop\u00eb<\/a><\/td><td class=\"has-text-align-center\" data-align=\"center\">20,434<\/td><td class=\"has-text-align-center\" data-align=\"center\">17,897<\/td><td class=\"has-text-align-center\" data-align=\"center\">7643<\/td><td class=\"has-text-align-center\" data-align=\"center\">5795<\/td><td class=\"has-text-align-center\" data-align=\"center\">21806<\/td><\/tr><tr><td>Vendet e Amerik\u00ebs s\u00eb Veriut (Bahamat)<\/td><td class=\"has-text-align-center\" data-align=\"center\">2<\/td><td class=\"has-text-align-center\" data-align=\"center\">8<\/td><td class=\"has-text-align-center\" data-align=\"center\">13<\/td><td class=\"has-text-align-center\" data-align=\"center\">21<\/td><td class=\"has-text-align-center\" data-align=\"center\">12<\/td><\/tr><tr><td>Vendet e Oqeanis\u00eb<\/td><td class=\"has-text-align-center\" data-align=\"center\">824<\/td><td class=\"has-text-align-center\" data-align=\"center\">592<\/td><td class=\"has-text-align-center\" data-align=\"center\">543<\/td><td class=\"has-text-align-center\" data-align=\"center\">631<\/td><td class=\"has-text-align-center\" data-align=\"center\">1,195<\/td><\/tr><tr><td>Vendet e Amerik\u00ebs Qendrore dhe Jugore<\/td><td class=\"has-text-align-center\" data-align=\"center\">1631<\/td><td class=\"has-text-align-center\" data-align=\"center\">977<\/td><td class=\"has-text-align-center\" data-align=\"center\">854<\/td><td class=\"has-text-align-center\" data-align=\"center\">2166<\/td><td class=\"has-text-align-center\" data-align=\"center\">1961<\/td><\/tr><tr><td><strong>Total  <\/strong><\/td><td class=\"has-text-align-center\" data-align=\"center\"><strong>49713<\/strong><\/td><td class=\"has-text-align-center\" data-align=\"center\"><strong><strong>45,889<\/strong><\/strong><\/td><td class=\"has-text-align-center\" data-align=\"center\"><strong><strong>19,125<\/strong><\/strong><\/td><td class=\"has-text-align-center\" data-align=\"center\"><strong><strong>18,912<\/strong><\/strong><\/td><td class=\"has-text-align-center\" data-align=\"center\"><strong>55,882<\/strong><\/td><\/tr><\/tbody><\/table><figcaption class=\"wp-element-caption\">Numri i Karton\u00ebve t\u00eb Gjelb\u00ebr t\u00eb fituar n\u00eb short nga viti 2018 deri n\u00eb vitin 2022 sipas zon\u00ebs gjeografike<\/figcaption><\/figure>\n\n<h2 class=\"wp-block-heading\" id=\"h-ou-trouver-les-resultats-en-ligne-de-la-loterie-de-la-green-card\">Ku mund t&#8217;i gjej rezultatet e lotaris\u00eb s\u00eb Kartonit t\u00eb Gjelb\u00ebr n\u00eb internet?<\/h2>\n\n<p>Faqja e dedikuar e programit amerikan t\u00eb diversitetit ju lejon t\u00eb kontrolloni drejtp\u00ebrdrejt n\u00eb internet rezultatet e nj\u00eb kandidati p\u00ebr lotarin\u00eb e Kartonit t\u00eb Gjelb\u00ebr. Faqja p\u00ebr t\u00eb kontrolluar drejtp\u00ebrdrejt rezultatet personale \u00ebsht\u00eb kjo: <a href=\"https:\/\/dvprogram.state.gov\/ESC\/CheckStatus.aspx\">https:\/\/dvprogram.state.gov\/ESC\/CheckStatus.aspx<\/a> .<\/p>\n\n<p>P\u00ebr t\u00eb marr\u00eb rezultatet ju duhet:<\/p>\n\n<ul class=\"wp-block-list\">\n<li>Tregoni <strong>numrin tuaj t\u00eb konfirmimit<\/strong> t\u00eb pjes\u00ebmarrjes n\u00eb lotari<\/li>\n\n\n\n<li>Shkruani mbiemrin tuaj t\u00eb p\u00ebrdorur p\u00ebr regjistrimin e lotaris\u00eb s\u00eb Kartonit t\u00eb Gjelb\u00ebr<\/li>\n\n\n\n<li>Shkruani dat\u00ebn tuaj t\u00eb lindjes p\u00ebr t\u00eb konfirmuar identitetin tuaj<\/li>\n\n\n\n<li>Dhe n\u00eb fund futni tekstin q\u00eb shfaqet n\u00eb CAPTCHA p\u00ebr t&#8217;ju v\u00ebrtetuar<\/li>\n<\/ul>\n\n<div style=\"height:9px\" aria-hidden=\"true\" class=\"wp-block-spacer\"><\/div>\n\n<p>Duke klikuar mbi validate do t\u00eb merrni rezultatin e pjes\u00ebmarrjes tuaj n\u00eb shortin e Kartonit t\u00eb Gjelb\u00ebr.<\/p>\n\n<p>K\u00ebtu \u00ebsht\u00eb fotografia e formularit p\u00ebr t\u00eb plot\u00ebsuar p\u00ebr t\u00eb marr\u00eb rezultatet e lotaris\u00eb online<\/p>\n\n<figure class=\"wp-block-image size-large\" id=\"Formulaire-de-r&#xE9;sultat-de-la-loterie\"><img fetchpriority=\"high\" decoding=\"async\" width=\"1024\" height=\"953\" src=\"https:\/\/us-gc.net\/wp-content\/uploads\/2024\/02\/check-lotery-green-card-usa-1024x953.jpg\" alt=\"Rezultatet e lotaris&#xEB; s&#xEB; Kartonit t&#xEB; Gjelb&#xEB;r\" class=\"wp-image-182\" title=\"Rezultati i Lotaris&#xEB; s&#xEB; Kartonit t&#xEB; Gjelb&#xEB;r\" srcset=\"https:\/\/us-gc.net\/wp-content\/uploads\/2024\/02\/check-lotery-green-card-usa-1024x953.jpg 1024w, https:\/\/us-gc.net\/wp-content\/uploads\/2024\/02\/check-lotery-green-card-usa-300x279.jpg 300w, https:\/\/us-gc.net\/wp-content\/uploads\/2024\/02\/check-lotery-green-card-usa-768x714.jpg 768w, https:\/\/us-gc.net\/wp-content\/uploads\/2024\/02\/check-lotery-green-card-usa.jpg 1119w\" sizes=\"(max-width: 1024px) 100vw, 1024px\" \/><\/figure>\n\n<p><\/p>\n","protected":false},"excerpt":{"rendered":"<p>Rezultatet e shortit t\u00eb Lotaris\u00eb s\u00eb Kartonit t\u00eb Gjelb\u00ebr Rezultatet e shortit t\u00eb Lotaris\u00eb s\u00eb Kart\u00ebs s\u00eb Gjelb\u00ebr t\u00eb SHBA publikohen \u00e7do vit si pjes\u00eb e Programit t\u00eb Vizave t\u00eb Shum\u00ebllojshm\u00ebris\u00eb . \u00c7do aplikant p\u00ebr lotarin\u00eb e kart\u00ebs s\u00eb gjelb\u00ebr mund t\u00eb marr\u00eb rezultatin e tij personal n\u00eb internet. Kur b\u00ebhet shorti i Kartonit t\u00eb [&hellip;]<\/p>\n","protected":false},"author":1,"featured_media":0,"parent":0,"menu_order":0,"comment_status":"closed","ping_status":"closed","template":"","meta":{"footnotes":""},"class_list":["post-2702","page","type-page","status-publish","hentry"],"yoast_head":"<!-- This site is optimized with the Yoast SEO plugin v27.4 - https:\/\/yoast.com\/product\/yoast-seo-wordpress\/ -->\n<title>Rezultatet e Lotaris\u00eb s\u00eb Kartonit t\u00eb Gjelb\u00ebr - USA GC<\/title>\n<meta name=\"description\" content=\"Konsultohuni me rezultatet e shortit t\u00eb llotaris\u00eb s\u00eb Kartonit t\u00eb Gjelb\u00ebr n\u00eb Shtetet e Bashkuara n\u00eb internet me numrin tuaj t\u00eb konfirmimit\" \/>\n<meta name=\"robots\" content=\"index, follow, max-snippet:-1, max-image-preview:large, max-video-preview:-1\" \/>\n<link rel=\"canonical\" href=\"https:\/\/us-gc.net\/sq\/gjelber-llotari-rezultatet\/\" \/>\n<meta property=\"og:locale\" content=\"sq_AL\" \/>\n<meta property=\"og:type\" content=\"article\" \/>\n<meta property=\"og:title\" content=\"Rezultatet e Lotaris\u00eb s\u00eb Kartonit t\u00eb Gjelb\u00ebr - USA GC\" \/>\n<meta property=\"og:description\" content=\"Konsultohuni me rezultatet e shortit t\u00eb llotaris\u00eb s\u00eb Kartonit t\u00eb Gjelb\u00ebr n\u00eb Shtetet e Bashkuara n\u00eb internet me numrin tuaj t\u00eb konfirmimit\" \/>\n<meta property=\"og:url\" content=\"https:\/\/us-gc.net\/sq\/gjelber-llotari-rezultatet\/\" \/>\n<meta property=\"og:site_name\" content=\"USA GC\" \/>\n<meta property=\"article:modified_time\" content=\"2024-12-30T09:47:01+00:00\" \/>\n<meta property=\"og:image\" content=\"https:\/\/us-gc.net\/wp-content\/uploads\/2024\/02\/check-lotery-green-card-usa-1024x953.jpg\" \/>\n<meta name=\"twitter:card\" content=\"summary_large_image\" \/>\n<meta name=\"twitter:label1\" content=\"Est. reading time\" \/>\n\t<meta name=\"twitter:data1\" content=\"2 minutes\" \/>\n<script type=\"application\/ld+json\" class=\"yoast-schema-graph\">{\"@context\":\"https:\\\/\\\/schema.org\",\"@graph\":[{\"@type\":\"WebPage\",\"@id\":\"https:\\\/\\\/us-gc.net\\\/sq\\\/gjelber-llotari-rezultatet\\\/\",\"url\":\"https:\\\/\\\/us-gc.net\\\/sq\\\/gjelber-llotari-rezultatet\\\/\",\"name\":\"Rezultatet e Lotaris\u00eb s\u00eb Kartonit t\u00eb Gjelb\u00ebr - USA GC\",\"isPartOf\":{\"@id\":\"https:\\\/\\\/us-gc.net\\\/sq\\\/#website\"},\"primaryImageOfPage\":{\"@id\":\"https:\\\/\\\/us-gc.net\\\/sq\\\/gjelber-llotari-rezultatet\\\/#primaryimage\"},\"image\":{\"@id\":\"https:\\\/\\\/us-gc.net\\\/sq\\\/gjelber-llotari-rezultatet\\\/#primaryimage\"},\"thumbnailUrl\":\"https:\\\/\\\/us-gc.net\\\/wp-content\\\/uploads\\\/2024\\\/02\\\/check-lotery-green-card-usa-1024x953.jpg\",\"datePublished\":\"2024-02-02T15:07:30+00:00\",\"dateModified\":\"2024-12-30T09:47:01+00:00\",\"description\":\"Konsultohuni me rezultatet e shortit t\u00eb llotaris\u00eb s\u00eb Kartonit t\u00eb Gjelb\u00ebr n\u00eb Shtetet e Bashkuara n\u00eb internet me numrin tuaj t\u00eb konfirmimit\",\"breadcrumb\":{\"@id\":\"https:\\\/\\\/us-gc.net\\\/sq\\\/gjelber-llotari-rezultatet\\\/#breadcrumb\"},\"inLanguage\":\"sq-AL\",\"potentialAction\":[{\"@type\":\"ReadAction\",\"target\":[\"https:\\\/\\\/us-gc.net\\\/sq\\\/gjelber-llotari-rezultatet\\\/\"]}]},{\"@type\":\"ImageObject\",\"inLanguage\":\"sq-AL\",\"@id\":\"https:\\\/\\\/us-gc.net\\\/sq\\\/gjelber-llotari-rezultatet\\\/#primaryimage\",\"url\":\"https:\\\/\\\/us-gc.net\\\/wp-content\\\/uploads\\\/2024\\\/02\\\/check-lotery-green-card-usa-1024x953.jpg\",\"contentUrl\":\"https:\\\/\\\/us-gc.net\\\/wp-content\\\/uploads\\\/2024\\\/02\\\/check-lotery-green-card-usa-1024x953.jpg\"},{\"@type\":\"BreadcrumbList\",\"@id\":\"https:\\\/\\\/us-gc.net\\\/sq\\\/gjelber-llotari-rezultatet\\\/#breadcrumb\",\"itemListElement\":[{\"@type\":\"ListItem\",\"position\":1,\"name\":\"Accueil\",\"item\":\"https:\\\/\\\/us-gc.net\\\/sq\\\/green-card\\\/\"},{\"@type\":\"ListItem\",\"position\":2,\"name\":\"Rezultatet e Lotaris\u00eb s\u00eb Kartonit t\u00eb Gjelb\u00ebr\"}]},{\"@type\":\"WebSite\",\"@id\":\"https:\\\/\\\/us-gc.net\\\/sq\\\/#website\",\"url\":\"https:\\\/\\\/us-gc.net\\\/sq\\\/\",\"name\":\"USA GC\",\"description\":\"\",\"potentialAction\":[{\"@type\":\"SearchAction\",\"target\":{\"@type\":\"EntryPoint\",\"urlTemplate\":\"https:\\\/\\\/us-gc.net\\\/sq\\\/?s={search_term_string}\"},\"query-input\":{\"@type\":\"PropertyValueSpecification\",\"valueRequired\":true,\"valueName\":\"search_term_string\"}}],\"inLanguage\":\"sq-AL\"}]}<\/script>\n<!-- \/ Yoast SEO plugin. -->","yoast_head_json":{"title":"Rezultatet e Lotaris\u00eb s\u00eb Kartonit t\u00eb Gjelb\u00ebr - USA GC","description":"Konsultohuni me rezultatet e shortit t\u00eb llotaris\u00eb s\u00eb Kartonit t\u00eb Gjelb\u00ebr n\u00eb Shtetet e Bashkuara n\u00eb internet me numrin tuaj t\u00eb konfirmimit","robots":{"index":"index","follow":"follow","max-snippet":"max-snippet:-1","max-image-preview":"max-image-preview:large","max-video-preview":"max-video-preview:-1"},"canonical":"https:\/\/us-gc.net\/sq\/gjelber-llotari-rezultatet\/","og_locale":"sq_AL","og_type":"article","og_title":"Rezultatet e Lotaris\u00eb s\u00eb Kartonit t\u00eb Gjelb\u00ebr - USA GC","og_description":"Konsultohuni me rezultatet e shortit t\u00eb llotaris\u00eb s\u00eb Kartonit t\u00eb Gjelb\u00ebr n\u00eb Shtetet e Bashkuara n\u00eb internet me numrin tuaj t\u00eb konfirmimit","og_url":"https:\/\/us-gc.net\/sq\/gjelber-llotari-rezultatet\/","og_site_name":"USA GC","article_modified_time":"2024-12-30T09:47:01+00:00","og_image":[{"url":"https:\/\/us-gc.net\/wp-content\/uploads\/2024\/02\/check-lotery-green-card-usa-1024x953.jpg","type":"","width":"","height":""}],"twitter_card":"summary_large_image","twitter_misc":{"Est. reading time":"2 minutes"},"schema":{"@context":"https:\/\/schema.org","@graph":[{"@type":"WebPage","@id":"https:\/\/us-gc.net\/sq\/gjelber-llotari-rezultatet\/","url":"https:\/\/us-gc.net\/sq\/gjelber-llotari-rezultatet\/","name":"Rezultatet e Lotaris\u00eb s\u00eb Kartonit t\u00eb Gjelb\u00ebr - USA GC","isPartOf":{"@id":"https:\/\/us-gc.net\/sq\/#website"},"primaryImageOfPage":{"@id":"https:\/\/us-gc.net\/sq\/gjelber-llotari-rezultatet\/#primaryimage"},"image":{"@id":"https:\/\/us-gc.net\/sq\/gjelber-llotari-rezultatet\/#primaryimage"},"thumbnailUrl":"https:\/\/us-gc.net\/wp-content\/uploads\/2024\/02\/check-lotery-green-card-usa-1024x953.jpg","datePublished":"2024-02-02T15:07:30+00:00","dateModified":"2024-12-30T09:47:01+00:00","description":"Konsultohuni me rezultatet e shortit t\u00eb llotaris\u00eb s\u00eb Kartonit t\u00eb Gjelb\u00ebr n\u00eb Shtetet e Bashkuara n\u00eb internet me numrin tuaj t\u00eb konfirmimit","breadcrumb":{"@id":"https:\/\/us-gc.net\/sq\/gjelber-llotari-rezultatet\/#breadcrumb"},"inLanguage":"sq-AL","potentialAction":[{"@type":"ReadAction","target":["https:\/\/us-gc.net\/sq\/gjelber-llotari-rezultatet\/"]}]},{"@type":"ImageObject","inLanguage":"sq-AL","@id":"https:\/\/us-gc.net\/sq\/gjelber-llotari-rezultatet\/#primaryimage","url":"https:\/\/us-gc.net\/wp-content\/uploads\/2024\/02\/check-lotery-green-card-usa-1024x953.jpg","contentUrl":"https:\/\/us-gc.net\/wp-content\/uploads\/2024\/02\/check-lotery-green-card-usa-1024x953.jpg"},{"@type":"BreadcrumbList","@id":"https:\/\/us-gc.net\/sq\/gjelber-llotari-rezultatet\/#breadcrumb","itemListElement":[{"@type":"ListItem","position":1,"name":"Accueil","item":"https:\/\/us-gc.net\/sq\/green-card\/"},{"@type":"ListItem","position":2,"name":"Rezultatet e Lotaris\u00eb s\u00eb Kartonit t\u00eb Gjelb\u00ebr"}]},{"@type":"WebSite","@id":"https:\/\/us-gc.net\/sq\/#website","url":"https:\/\/us-gc.net\/sq\/","name":"USA GC","description":"","potentialAction":[{"@type":"SearchAction","target":{"@type":"EntryPoint","urlTemplate":"https:\/\/us-gc.net\/sq\/?s={search_term_string}"},"query-input":{"@type":"PropertyValueSpecification","valueRequired":true,"valueName":"search_term_string"}}],"inLanguage":"sq-AL"}]}},"_links":{"self":[{"href":"https:\/\/us-gc.net\/sq\/wp-json\/wp\/v2\/pages\/2702","targetHints":{"allow":["GET"]}}],"collection":[{"href":"https:\/\/us-gc.net\/sq\/wp-json\/wp\/v2\/pages"}],"about":[{"href":"https:\/\/us-gc.net\/sq\/wp-json\/wp\/v2\/types\/page"}],"author":[{"embeddable":true,"href":"https:\/\/us-gc.net\/sq\/wp-json\/wp\/v2\/users\/1"}],"replies":[{"embeddable":true,"href":"https:\/\/us-gc.net\/sq\/wp-json\/wp\/v2\/comments?post=2702"}],"version-history":[{"count":1,"href":"https:\/\/us-gc.net\/sq\/wp-json\/wp\/v2\/pages\/2702\/revisions"}],"predecessor-version":[{"id":8107,"href":"https:\/\/us-gc.net\/sq\/wp-json\/wp\/v2\/pages\/2702\/revisions\/8107"}],"wp:attachment":[{"href":"https:\/\/us-gc.net\/sq\/wp-json\/wp\/v2\/media?parent=2702"}],"curies":[{"name":"wp","href":"https:\/\/api.w.org\/{rel}","templated":true}]}}