{"id":2677,"date":"2024-01-30T17:24:00","date_gmt":"2024-01-30T17:24:00","guid":{"rendered":"https:\/\/green-card-usa.net\/green-card\/"},"modified":"2024-12-30T09:40:07","modified_gmt":"2024-12-30T09:40:07","slug":"green-card","status":"publish","type":"page","link":"https:\/\/us-gc.net\/sq\/","title":{"rendered":"Green Card SHBA | Karta e Q\u00ebndrimit t\u00eb P\u00ebrhersh\u00ebm"},"content":{"rendered":"\n<h1 class=\"wp-block-heading\" id=\"h-la-green-card-pour-resider-aux-etats-unis\">Kartoni jeshil p\u00ebr t\u00eb banuar n\u00eb Shtetet e Bashkuara<\/h1>\n\n<p>Shtetet e Bashkuara t\u00eb Amerik\u00ebs jan\u00eb vendi m\u00eb i lakmuar n\u00eb bot\u00eb p\u00ebr shtetasit e huaj q\u00eb d\u00ebshirojn\u00eb t\u00eb emigrojn\u00eb. Karta e Gjelb\u00ebr \u00ebsht\u00eb nj\u00eb mund\u00ebsi p\u00ebr shum\u00eb t\u00eb huaj p\u00ebr t\u00eb marr\u00eb t\u00eb drejt\u00ebn p\u00ebr t\u00eb jetuar dhe punuar n\u00eb Shtetet e Bashkuara.<\/p>\n\n<h2 class=\"wp-block-heading\" id=\"h-qu-est-ce-que-la-green-card\">\u00c7far\u00eb \u00ebsht\u00eb Kartoni i Gjelb\u00ebr?<\/h2>\n\n<p>Karta jeshile \u00ebsht\u00eb nj\u00eb kart\u00eb rezidenti i p\u00ebrhersh\u00ebm n\u00eb Shtetet e Bashkuara. Ai lejon shtetasit e huaj t\u00eb jetojn\u00eb dhe punojn\u00eb p\u00ebrgjithmon\u00eb n\u00eb Shtetet e Bashkuara. Kushtet p\u00ebr marrjen e Kartonit t\u00eb Gjelb\u00ebr varen nga arsyeja e k\u00ebrkes\u00ebs.<\/p>\n\n<h2 class=\"wp-block-heading\" id=\"h-quelle-est-son-utilite\">Cili \u00ebsht\u00eb p\u00ebrdorimi i tij?<\/h2>\n\n<p>Dobia e Kartonit t\u00eb Gjelb\u00ebr q\u00ebndron n\u00eb aksesin q\u00eb ofron n\u00eb territorin amerikan dhe tregun e tij t\u00eb gjer\u00eb t\u00eb pun\u00ebs. Qindra mij\u00ebra kandidat\u00eb shpresojn\u00eb \u00e7do vit t\u00eb marrin nj\u00eb Karton jeshil p\u00ebr t\u00eb ardhur dhe p\u00ebr t\u00eb punuar n\u00eb Shtetet e Bashkuara.<\/p>\n\n<h2 class=\"wp-block-heading\" id=\"h-comment-obtenir-une-green-card\">Si t\u00eb merrni nj\u00eb karton jeshil?<\/h2>\n\n<p>Ka disa m\u00ebnyra p\u00ebr t\u00eb marr\u00eb nj\u00eb karton jeshil. Procedura p\u00ebr marrjen e saj varet nga arsyeja p\u00ebr t\u00eb cil\u00ebn kandidati po aplikon p\u00ebr nj\u00eb kart\u00eb rezidenti n\u00eb SHBA. K\u00ebtu jan\u00eb kat\u00ebr arsyet kryesore p\u00ebr marrjen e Kartonit t\u00eb Gjelb\u00ebr:<\/p>\n\n<ul class=\"wp-block-list\">\n<li><a href=\"https:\/\/us-gc.net\/sq\/green-card-employment-based\/\">Kartoni jeshil i bazuar n\u00eb pun\u00ebsim<\/a><\/li>\n\n\n\n<li><a href=\"https:\/\/us-gc.net\/sq\/green-card-per-martese\/\">Kartoni jeshil p\u00ebrmes martes\u00ebs<\/a><\/li>\n\n\n\n<li><a href=\"https:\/\/us-gc.net\/sq\/green-card-sponsorizimi\/\">Kartoni jeshil me sponsorizimin<\/a> e nj\u00eb an\u00ebtari t\u00eb familjes ose nj\u00eb kompanie<\/li>\n\n\n\n<li>Pjes\u00ebmarrja n\u00eb <a href=\"https:\/\/us-gc.net\/sq\/lotaria-green-card\/\">Lotarin\u00eb e Kartonit t\u00eb Gjelb\u00ebr<\/a><\/li>\n<\/ul>\n\n<div style=\"height:10px\" aria-hidden=\"true\" class=\"wp-block-spacer\"><\/div>\n\n<p>\u00c7do procedur\u00eb \u00ebsht\u00eb e ndryshme p\u00ebr sa i p\u00ebrket dokumentacionit dhe kushteve q\u00eb duhen plot\u00ebsuar p\u00ebr marrjen e Kartonit Jeshil.  <\/p>\n\n<h2 class=\"wp-block-heading\" id=\"h-quand-effectuer-la-demande-d-une-green-card\">Kur t\u00eb aplikoni p\u00ebr nj\u00eb karton jeshil?<\/h2>\n\n<p>\u00cbsht\u00eb e nevojshme t\u00eb dallohen dy situata n\u00eb var\u00ebsi t\u00eb llojit t\u00eb kartonit jeshil t\u00eb k\u00ebrkuar.  <\/p>\n\n<ol class=\"wp-block-list\">\n<li>T\u00eb gjitha aplikimet p\u00ebr kartonin jeshil, qoft\u00eb n\u00eb baz\u00eb t\u00eb pun\u00ebsimit, sponsorizimit apo martes\u00ebs, mund t\u00eb b\u00ebhen n\u00eb \u00e7do koh\u00eb t\u00eb vitit. Procesi i studimit t\u00eb dosjeve zhvillohet sapo k\u00ebrkesa t\u00eb jet\u00eb p\u00ebrfunduar.<\/li>\n\n\n\n<li><a href=\"https:\/\/us-gc.net\/sq\/amerikano-karton-jeshil-llotari\/\">Lotaria e Kart\u00ebs s\u00eb Gjelb\u00ebr t\u00eb SHBA-s\u00eb<\/a> b\u00ebhet vet\u00ebm nj\u00eb her\u00eb n\u00eb vit. Shorti i cili zhvillohet n\u00eb fund t\u00eb vitit 2024 ka t\u00eb b\u00ebj\u00eb me ndarjen e <a href=\"https:\/\/us-gc.net\/sq\/lotari-karta-jeshile-2026\/\">shortit t\u00eb Kartonit t\u00eb Gjelb\u00ebr 2026<\/a> . Regjistrimi p\u00ebr shortin duhet t\u00eb b\u00ebhet jo m\u00eb von\u00eb se java e par\u00eb e n\u00ebntorit t\u00eb \u00e7do viti. Gjat\u00eb vitit 2024, USCIS finalizon procesin e dh\u00ebnies s\u00eb Karton\u00ebve t\u00eb Gjelb\u00ebr t\u00eb fituar gjat\u00eb fushat\u00ebs s\u00eb <a href=\"https:\/\/us-gc.net\/sq\/lotaria-kartonit-jeshil-2024\/\">Lotaris\u00eb s\u00eb Kartonit t\u00eb Gjelb\u00ebr 2024<\/a>. Po ashtu po vazhdon t\u00eb p\u00ebrpunohet edhe rezultatet e shortit t\u00eb kryer p\u00ebr <a href=\"https:\/\/us-gc.net\/sq\/lotaria-green-card-2025\/\">shortin e Kartonit Jeshil 2025<\/a> .<\/li>\n<\/ol>\n\n<div style=\"height:10px\" aria-hidden=\"true\" class=\"wp-block-spacer\"><\/div>\n\n<p>N\u00eb t\u00eb gjitha rastet, procesi i marrjes s\u00eb Kartonit t\u00eb Gjelb\u00ebr p\u00ebrfshin nj\u00eb <a href=\"https:\/\/us-gc.net\/sq\/green-card-interview\/\">intervist\u00eb p\u00ebr Kart\u00ebn e Gjelb\u00ebr<\/a> me nj\u00eb oficer t\u00eb USCIS. Kandidati duhet t\u00eb sjell\u00eb n\u00eb takim dokumentet origjinale q\u00eb mb\u00ebshtesin aplikimin e tyre p\u00ebr Kartonin Jeshil.<\/p>\n\n<h2 class=\"wp-block-heading\" id=\"h-comment-renouveler-une-green-card\">Si t\u00eb rinovoni nj\u00eb karton jeshil?<\/h2>\n\n<p>P\u00ebr t\u00eb rinovuar nj\u00eb kart\u00eb jeshile, duhet t\u00eb dor\u00ebzoni nj\u00eb Formular I-90 n\u00eb USCIS p\u00ebrpara se t\u00eb skadoj\u00eb karta aktuale, zakonisht \u00e7do 10 vjet.<\/p>\n\n<h2 class=\"wp-block-heading\" id=\"h-a-quoi-ressemble-une-green-card\">Si duket nj\u00eb karton jeshil?<\/h2>\n\n<p>Si\u00e7 sugjeron emri i tij, Kartoni i Gjelb\u00ebr \u00ebsht\u00eb nj\u00eb kart\u00eb me ngjyr\u00eb t\u00eb gjelb\u00ebr. Duket si nj\u00eb kart\u00eb identiteti me foton e mbajt\u00ebsit t\u00eb saj. Kjo <a href=\"https:\/\/us-gc.net\/sq\/foto-green-card\/\">foto e Kartonit t\u00eb Gjelb\u00ebr<\/a> respekton dimensione t\u00eb ve\u00e7anta, si\u00e7 tregohet n\u00eb imazhin m\u00eb posht\u00eb. \u00cbsht\u00eb m\u00eb pak se 6 muajsh kur parashikohet vendosja e Kartonit Jeshil.<\/p>\n\n<figure class=\"wp-block-image size-full\"><img decoding=\"async\" src=\"https:\/\/us-gc.net\/wp-content\/uploads\/2024\/05\/Green-card-2024-1.jpg\" alt=\"imazhi i nj&#xEB; kartoni jeshil t&#xEB; vlefsh&#xEB;m n&#xEB; 2024\" class=\"wp-image-4848\"\/><figcaption class=\"wp-element-caption\">Imazhi i nj\u00eb karte jeshile p\u00ebr SHBA<\/figcaption><\/figure>\n\n<h2 class=\"wp-block-heading\" id=\"h-combien-coute-une-green-card\">Sa kushton nj\u00eb karton jeshil?<\/h2>\n\n<p>Procedura p\u00ebr marrjen e Kartonit Jeshil p\u00ebrfshin pages\u00ebn e tarifave administrative t\u00eb detyrueshme. K\u00ebto <a href=\"https:\/\/us-gc.net\/sq\/cmimi-green-card\/\">tarifa p\u00ebr Kartonin Jeshil<\/a> jan\u00eb shuma t\u00eb ndryshme n\u00eb var\u00ebsi t\u00eb llojit t\u00eb Kartonit t\u00eb Gjelb\u00ebr t\u00eb k\u00ebrkuar.<\/p>\n\n<h2 class=\"wp-block-heading\" id=\"h-peut-on-voyager-avec-une-green-card\">A mund t\u00eb udh\u00ebtoni me nj\u00eb karton jeshil?<\/h2>\n\n<p>Mbajt\u00ebsit e kartonit jeshil mund t\u00eb udh\u00ebtojn\u00eb n\u00eb vende t\u00eb caktuara anemban\u00eb bot\u00ebs me t\u00eb nj\u00ebjtat leht\u00ebsira si nj\u00eb mbajt\u00ebs i pasaport\u00ebs amerikane. Kjo mund\u00ebsi p\u00ebr <a href=\"https:\/\/us-gc.net\/sq\/udhetim-jashte-me-karton-jeshile\/\">t\u00eb udh\u00ebtuar me karton jeshil<\/a> ka t\u00eb b\u00ebj\u00eb vet\u00ebm me disa vende q\u00eb kan\u00eb lidhur marr\u00ebveshje specifike me Shtetet e Bashkuara. Vendet partnere kryesore jan\u00eb vendet fqinje gjeografikisht, si Kanadaja dhe Meksika.<\/p>\n","protected":false},"excerpt":{"rendered":"<p>Kartoni jeshil p\u00ebr t\u00eb banuar n\u00eb Shtetet e Bashkuara Shtetet e Bashkuara t\u00eb Amerik\u00ebs jan\u00eb vendi m\u00eb i lakmuar n\u00eb bot\u00eb p\u00ebr shtetasit e huaj q\u00eb d\u00ebshirojn\u00eb t\u00eb emigrojn\u00eb. Karta e Gjelb\u00ebr \u00ebsht\u00eb nj\u00eb mund\u00ebsi p\u00ebr shum\u00eb t\u00eb huaj p\u00ebr t\u00eb marr\u00eb t\u00eb drejt\u00ebn p\u00ebr t\u00eb jetuar dhe punuar n\u00eb Shtetet e Bashkuara. \u00c7far\u00eb \u00ebsht\u00eb [&hellip;]<\/p>\n","protected":false},"author":1,"featured_media":0,"parent":0,"menu_order":0,"comment_status":"closed","ping_status":"closed","template":"","meta":{"footnotes":""},"class_list":["post-2677","page","type-page","status-publish","hentry"],"yoast_head":"<!-- This site is optimized with the Yoast SEO plugin v27.4 - https:\/\/yoast.com\/product\/yoast-seo-wordpress\/ -->\n<title>Green Card SHBA | Karta e Q\u00ebndrimit t\u00eb P\u00ebrhersh\u00ebm - USA GC<\/title>\n<meta name=\"description\" content=\"Karta jeshile \u00ebsht\u00eb karta e q\u00ebndrimit t\u00eb p\u00ebrhersh\u00ebm n\u00eb Shtetet e Bashkuara. Mund t\u00eb merret n\u00eb m\u00ebnyra t\u00eb ndryshme p\u00ebr t\u00eb jetuar dhe punuar n\u00eb SHBA\" \/>\n<meta name=\"robots\" content=\"index, follow, max-snippet:-1, max-image-preview:large, max-video-preview:-1\" \/>\n<link rel=\"canonical\" href=\"https:\/\/us-gc.net\/sq\/\" \/>\n<meta property=\"og:locale\" content=\"sq_AL\" \/>\n<meta property=\"og:type\" content=\"article\" \/>\n<meta property=\"og:title\" content=\"Green Card SHBA | Karta e Q\u00ebndrimit t\u00eb P\u00ebrhersh\u00ebm - USA GC\" \/>\n<meta property=\"og:description\" content=\"Karta jeshile \u00ebsht\u00eb karta e q\u00ebndrimit t\u00eb p\u00ebrhersh\u00ebm n\u00eb Shtetet e Bashkuara. Mund t\u00eb merret n\u00eb m\u00ebnyra t\u00eb ndryshme p\u00ebr t\u00eb jetuar dhe punuar n\u00eb SHBA\" \/>\n<meta property=\"og:url\" content=\"https:\/\/us-gc.net\/sq\/\" \/>\n<meta property=\"og:site_name\" content=\"USA GC\" \/>\n<meta property=\"article:modified_time\" content=\"2024-12-30T09:40:07+00:00\" \/>\n<meta property=\"og:image\" content=\"https:\/\/us-gc.net\/wp-content\/uploads\/2024\/05\/Green-card-2024-1.jpg\" \/>\n<meta name=\"twitter:card\" content=\"summary_large_image\" \/>\n<meta name=\"twitter:label1\" content=\"Est. reading time\" \/>\n\t<meta name=\"twitter:data1\" content=\"4 minutes\" \/>\n<script type=\"application\/ld+json\" class=\"yoast-schema-graph\">{\"@context\":\"https:\\\/\\\/schema.org\",\"@graph\":[{\"@type\":\"WebPage\",\"@id\":\"https:\\\/\\\/us-gc.net\\\/sq\\\/\",\"url\":\"https:\\\/\\\/us-gc.net\\\/sq\\\/\",\"name\":\"Green Card SHBA | Karta e Q\u00ebndrimit t\u00eb P\u00ebrhersh\u00ebm - USA GC\",\"isPartOf\":{\"@id\":\"https:\\\/\\\/us-gc.net\\\/sq\\\/#website\"},\"primaryImageOfPage\":{\"@id\":\"https:\\\/\\\/us-gc.net\\\/sq\\\/#primaryimage\"},\"image\":{\"@id\":\"https:\\\/\\\/us-gc.net\\\/sq\\\/#primaryimage\"},\"thumbnailUrl\":\"https:\\\/\\\/us-gc.net\\\/wp-content\\\/uploads\\\/2024\\\/05\\\/Green-card-2024-1.jpg\",\"datePublished\":\"2024-01-30T17:24:00+00:00\",\"dateModified\":\"2024-12-30T09:40:07+00:00\",\"description\":\"Karta jeshile \u00ebsht\u00eb karta e q\u00ebndrimit t\u00eb p\u00ebrhersh\u00ebm n\u00eb Shtetet e Bashkuara. Mund t\u00eb merret n\u00eb m\u00ebnyra t\u00eb ndryshme p\u00ebr t\u00eb jetuar dhe punuar n\u00eb SHBA\",\"breadcrumb\":{\"@id\":\"https:\\\/\\\/us-gc.net\\\/sq\\\/#breadcrumb\"},\"inLanguage\":\"sq-AL\",\"potentialAction\":[{\"@type\":\"ReadAction\",\"target\":[\"https:\\\/\\\/us-gc.net\\\/sq\\\/\"]}]},{\"@type\":\"ImageObject\",\"inLanguage\":\"sq-AL\",\"@id\":\"https:\\\/\\\/us-gc.net\\\/sq\\\/#primaryimage\",\"url\":\"https:\\\/\\\/us-gc.net\\\/wp-content\\\/uploads\\\/2024\\\/05\\\/Green-card-2024-1.jpg\",\"contentUrl\":\"https:\\\/\\\/us-gc.net\\\/wp-content\\\/uploads\\\/2024\\\/05\\\/Green-card-2024-1.jpg\"},{\"@type\":\"BreadcrumbList\",\"@id\":\"https:\\\/\\\/us-gc.net\\\/sq\\\/#breadcrumb\",\"itemListElement\":[{\"@type\":\"ListItem\",\"position\":1,\"name\":\"Accueil\",\"item\":\"https:\\\/\\\/us-gc.net\\\/sq\\\/green-card\\\/\"},{\"@type\":\"ListItem\",\"position\":2,\"name\":\"Green Card SHBA | Karta e Q\u00ebndrimit t\u00eb P\u00ebrhersh\u00ebm\"}]},{\"@type\":\"WebSite\",\"@id\":\"https:\\\/\\\/us-gc.net\\\/sq\\\/#website\",\"url\":\"https:\\\/\\\/us-gc.net\\\/sq\\\/\",\"name\":\"USA GC\",\"description\":\"\",\"potentialAction\":[{\"@type\":\"SearchAction\",\"target\":{\"@type\":\"EntryPoint\",\"urlTemplate\":\"https:\\\/\\\/us-gc.net\\\/sq\\\/?s={search_term_string}\"},\"query-input\":{\"@type\":\"PropertyValueSpecification\",\"valueRequired\":true,\"valueName\":\"search_term_string\"}}],\"inLanguage\":\"sq-AL\"}]}<\/script>\n<!-- \/ Yoast SEO plugin. -->","yoast_head_json":{"title":"Green Card SHBA | Karta e Q\u00ebndrimit t\u00eb P\u00ebrhersh\u00ebm - USA GC","description":"Karta jeshile \u00ebsht\u00eb karta e q\u00ebndrimit t\u00eb p\u00ebrhersh\u00ebm n\u00eb Shtetet e Bashkuara. Mund t\u00eb merret n\u00eb m\u00ebnyra t\u00eb ndryshme p\u00ebr t\u00eb jetuar dhe punuar n\u00eb SHBA","robots":{"index":"index","follow":"follow","max-snippet":"max-snippet:-1","max-image-preview":"max-image-preview:large","max-video-preview":"max-video-preview:-1"},"canonical":"https:\/\/us-gc.net\/sq\/","og_locale":"sq_AL","og_type":"article","og_title":"Green Card SHBA | Karta e Q\u00ebndrimit t\u00eb P\u00ebrhersh\u00ebm - USA GC","og_description":"Karta jeshile \u00ebsht\u00eb karta e q\u00ebndrimit t\u00eb p\u00ebrhersh\u00ebm n\u00eb Shtetet e Bashkuara. Mund t\u00eb merret n\u00eb m\u00ebnyra t\u00eb ndryshme p\u00ebr t\u00eb jetuar dhe punuar n\u00eb SHBA","og_url":"https:\/\/us-gc.net\/sq\/","og_site_name":"USA GC","article_modified_time":"2024-12-30T09:40:07+00:00","og_image":[{"url":"https:\/\/us-gc.net\/wp-content\/uploads\/2024\/05\/Green-card-2024-1.jpg","type":"","width":"","height":""}],"twitter_card":"summary_large_image","twitter_misc":{"Est. reading time":"4 minutes"},"schema":{"@context":"https:\/\/schema.org","@graph":[{"@type":"WebPage","@id":"https:\/\/us-gc.net\/sq\/","url":"https:\/\/us-gc.net\/sq\/","name":"Green Card SHBA | Karta e Q\u00ebndrimit t\u00eb P\u00ebrhersh\u00ebm - USA GC","isPartOf":{"@id":"https:\/\/us-gc.net\/sq\/#website"},"primaryImageOfPage":{"@id":"https:\/\/us-gc.net\/sq\/#primaryimage"},"image":{"@id":"https:\/\/us-gc.net\/sq\/#primaryimage"},"thumbnailUrl":"https:\/\/us-gc.net\/wp-content\/uploads\/2024\/05\/Green-card-2024-1.jpg","datePublished":"2024-01-30T17:24:00+00:00","dateModified":"2024-12-30T09:40:07+00:00","description":"Karta jeshile \u00ebsht\u00eb karta e q\u00ebndrimit t\u00eb p\u00ebrhersh\u00ebm n\u00eb Shtetet e Bashkuara. Mund t\u00eb merret n\u00eb m\u00ebnyra t\u00eb ndryshme p\u00ebr t\u00eb jetuar dhe punuar n\u00eb SHBA","breadcrumb":{"@id":"https:\/\/us-gc.net\/sq\/#breadcrumb"},"inLanguage":"sq-AL","potentialAction":[{"@type":"ReadAction","target":["https:\/\/us-gc.net\/sq\/"]}]},{"@type":"ImageObject","inLanguage":"sq-AL","@id":"https:\/\/us-gc.net\/sq\/#primaryimage","url":"https:\/\/us-gc.net\/wp-content\/uploads\/2024\/05\/Green-card-2024-1.jpg","contentUrl":"https:\/\/us-gc.net\/wp-content\/uploads\/2024\/05\/Green-card-2024-1.jpg"},{"@type":"BreadcrumbList","@id":"https:\/\/us-gc.net\/sq\/#breadcrumb","itemListElement":[{"@type":"ListItem","position":1,"name":"Accueil","item":"https:\/\/us-gc.net\/sq\/green-card\/"},{"@type":"ListItem","position":2,"name":"Green Card SHBA | Karta e Q\u00ebndrimit t\u00eb P\u00ebrhersh\u00ebm"}]},{"@type":"WebSite","@id":"https:\/\/us-gc.net\/sq\/#website","url":"https:\/\/us-gc.net\/sq\/","name":"USA GC","description":"","potentialAction":[{"@type":"SearchAction","target":{"@type":"EntryPoint","urlTemplate":"https:\/\/us-gc.net\/sq\/?s={search_term_string}"},"query-input":{"@type":"PropertyValueSpecification","valueRequired":true,"valueName":"search_term_string"}}],"inLanguage":"sq-AL"}]}},"_links":{"self":[{"href":"https:\/\/us-gc.net\/sq\/wp-json\/wp\/v2\/pages\/2677","targetHints":{"allow":["GET"]}}],"collection":[{"href":"https:\/\/us-gc.net\/sq\/wp-json\/wp\/v2\/pages"}],"about":[{"href":"https:\/\/us-gc.net\/sq\/wp-json\/wp\/v2\/types\/page"}],"author":[{"embeddable":true,"href":"https:\/\/us-gc.net\/sq\/wp-json\/wp\/v2\/users\/1"}],"replies":[{"embeddable":true,"href":"https:\/\/us-gc.net\/sq\/wp-json\/wp\/v2\/comments?post=2677"}],"version-history":[{"count":1,"href":"https:\/\/us-gc.net\/sq\/wp-json\/wp\/v2\/pages\/2677\/revisions"}],"predecessor-version":[{"id":7710,"href":"https:\/\/us-gc.net\/sq\/wp-json\/wp\/v2\/pages\/2677\/revisions\/7710"}],"wp:attachment":[{"href":"https:\/\/us-gc.net\/sq\/wp-json\/wp\/v2\/media?parent=2677"}],"curies":[{"name":"wp","href":"https:\/\/api.w.org\/{rel}","templated":true}]}}