{"id":2658,"date":"2024-01-31T07:57:06","date_gmt":"2024-01-31T07:57:06","guid":{"rendered":"https:\/\/green-card-usa.net\/lotaria-green-card\/"},"modified":"2026-01-15T13:42:23","modified_gmt":"2026-01-15T13:42:23","slug":"lotaria-green-card","status":"publish","type":"page","link":"https:\/\/us-gc.net\/sq\/lotaria-green-card\/","title":{"rendered":"Lotaria e Kart\u00ebs s\u00eb Gjelb\u00ebr t\u00eb SHBA"},"content":{"rendered":"\n<h1 class=\"wp-block-heading\" id=\"h-loterie-americaine-pour-obtenir-une-green-card\">Lotaria amerikane p\u00ebr t\u00eb marr\u00eb nj\u00eb karton jeshil<\/h1>\n\n<p>\u00c7do vit, m\u00eb shum\u00eb se 50,000 njer\u00ebz n\u00eb mbar\u00eb bot\u00ebn marrin nj\u00eb kart\u00eb jeshile fal\u00eb lotaris\u00eb amerikane. P\u00ebr t\u00eb fituar k\u00ebt\u00eb t\u00eb drejt\u00eb p\u00ebr t\u00eb marr\u00eb nj\u00eb Karton jeshil, kandidat\u00ebt marrin pjes\u00eb n\u00eb nj\u00eb vizatim t\u00eb rast\u00ebsish\u00ebm kompjuterik i cili zhvillohet nj\u00eb her\u00eb n\u00eb vit.<\/p>\n\n<p><strong>Merrni pjes\u00eb n\u00eb k\u00ebt\u00eb llotari vjetore<\/strong> duke plot\u00ebsuar <a href=\"https:\/\/us-gc.net\/fr\/formulaire-loterie-green-card\/\">formularin online t\u00eb Kart\u00ebs s\u00eb Gjelb\u00ebr<\/a> . <\/p>\n\n<div style=\"height:10px\" aria-hidden=\"true\" class=\"wp-block-spacer\"><\/div>\n\n<h2 class=\"wp-block-heading\" id=\"h-qu-est-ce-que-la-loterie-de-la-green-card\">\u00c7far\u00eb \u00ebsht\u00eb Lotaria e Kartonit t\u00eb Gjelb\u00ebr?<\/h2>\n\n<p>Shtetet e Bashkuara kan\u00eb zbatuar nj\u00eb program p\u00ebr t\u00eb menaxhuar diversitetin e emigracionit t\u00eb huaj. Ky proces quhet Programi i Vizave t\u00eb Shum\u00ebllojshm\u00ebris\u00eb. Ai p\u00ebrfshin nj\u00eb short vjetor midis kandidat\u00ebve p\u00ebr emigracion n\u00eb SHBA. Fituesit kan\u00eb t\u00eb drejt\u00eb t\u00eb aplikojn\u00eb p\u00ebr nj\u00eb <a href=\"https:\/\/us-gc.net\/sq\/\">Karton t\u00eb Gjelb\u00ebr<\/a> n\u00ebn Programin e Vizave t\u00eb Shum\u00ebllojshm\u00ebris\u00eb.<\/p>\n\n<h2 class=\"wp-block-heading\" id=\"h-quand-se-deroule-la-loterie-de-la-green-card\">Kur zhvillohet shorti i Kartonit Jeshil?<\/h2>\n\n<p>Regjistrimet p\u00ebr shortin e kartonit jeshil b\u00ebhen gjat\u00eb nj\u00eb periudhe t\u00eb caktuar nga administrata amerikane. Kjo faz\u00eb e regjistrimit zhvillohet si m\u00eb posht\u00eb:<\/p>\n\n<ul class=\"wp-block-list\">\n<li>Periudha e regjistrimit fillon gjat\u00eb jav\u00ebs s\u00eb par\u00eb t\u00eb tetorit;<\/li>\n\n\n\n<li>Regjistrimi mbyllet gjat\u00eb jav\u00ebs s\u00eb par\u00eb t\u00eb n\u00ebntorit.<\/li>\n<\/ul>\n\n<div style=\"height:10px\" aria-hidden=\"true\" class=\"wp-block-spacer\"><\/div>\n\n<p>Shorti p\u00ebrfundimtar b\u00ebhet gjat\u00eb muajit n\u00ebntor t\u00eb \u00e7do viti.<\/p>\n\n<h2 class=\"wp-block-heading\" id=\"h-comment-s-inscrire-a-la-loterie\">Si t\u00eb regjistroheni p\u00ebr lotarin\u00eb?<\/h2>\n\n<p>Regjistrimi \u00ebsht\u00eb i mundur vet\u00ebm n\u00eb internet n\u00eb internet. Dy hapa kryesor\u00eb p\u00ebr t&#8217;u regjistruar:<\/p>\n\n<ul class=\"wp-block-list\">\n<li>Aplikanti duhet t\u00eb verifikoj\u00eb p\u00ebrshtatshm\u00ebrin\u00eb e tij p\u00ebr t\u00eb marr\u00eb pjes\u00eb n\u00eb lotarin\u00eb e Programit t\u00eb Vizave t\u00eb Shum\u00ebllojshm\u00ebris\u00eb<\/li>\n\n\n\n<li>Kandidati duhet t\u00eb plot\u00ebsoj\u00eb nj\u00eb formular online p\u00ebr t\u00eb regjistruar pjes\u00ebmarrjen e tij n\u00eb short.<\/li>\n<\/ul>\n\n<h3 class=\"wp-block-heading\" id=\"h-verifier-son-eligibilite-pour-participer-a-la-loterie\">Kontrolloni p\u00ebrshtatshm\u00ebrin\u00eb tuaj p\u00ebr t\u00eb marr\u00eb pjes\u00eb n\u00eb llotari<\/h3>\n\n<p><strong>Kushti i par\u00eb i pranueshm\u00ebris\u00eb<\/strong> : kushti i par\u00eb p\u00ebr t\u00eb qen\u00eb n\u00eb gjendje t\u00eb marr\u00ebsh pjes\u00eb n\u00eb shortin e Kartonit t\u00eb Gjelb\u00ebr \u00ebsht\u00eb t\u00eb mos jesh shtetas i nj\u00eb vendi q\u00eb nuk \u00ebsht\u00eb i autorizuar p\u00ebr t\u00eb marr\u00eb pjes\u00eb.<\/p>\n\n<p>Shtetet e Bashkuara duan t\u00eb ruajn\u00eb diversitetin brenda popullsis\u00eb emigrante. Administrata amerikane p\u00ebrcakton \u00e7do vit se cilat <a href=\"https:\/\/us-gc.net\/fr\/pays-non-autorises-participer-loterie-green-card\/\">vende nuk jan\u00eb t\u00eb autorizuara t\u00eb marrin pjes\u00eb n\u00eb lotarin\u00eb e Kartonit t\u00eb Gjelb\u00ebr<\/a> . Kjo p\u00ebrzgjedhje e vendeve jo-pjes\u00ebmarr\u00ebse b\u00ebhet n\u00eb baz\u00eb t\u00eb rregullit t\u00eb m\u00ebposht\u00ebm: Shtetasit e vendeve nga t\u00eb cilat m\u00eb shum\u00eb se 50,000 qytetar\u00eb kan\u00eb emigruar n\u00eb Shtetet e Bashkuara gjat\u00eb pes\u00eb viteve t\u00eb m\u00ebparshme nuk mund t\u00eb marrin pjes\u00eb n\u00eb shortin e vitit.<\/p>\n\n<p><strong>Kushti i dyt\u00eb i pranueshm\u00ebris\u00eb<\/strong> : Kandidati duhet t\u00eb ket\u00eb nj\u00eb nivel bacalaureate ose t\u00eb ket\u00eb mbajtur nj\u00eb pozicion p\u00ebr 2 vjet ose m\u00eb shum\u00eb gjat\u00eb 5 viteve t\u00eb fundit, duke k\u00ebrkuar nj\u00eb nivel trajnimi ose p\u00ebrvoj\u00eb t\u00eb pakt\u00ebn 2 vjet.<\/p>\n\n<h3 class=\"wp-block-heading\" id=\"h-s-inscrire-en-ligne-a-la-loterie\">Regjistrohu online p\u00ebr lotarin\u00eb<\/h3>\n\n<p>Regjistrimi p\u00ebr <a href=\"https:\/\/us-gc.net\/fr\/loterie-carte-verte-americaine\/\">shortin e kartonit jeshil<\/a> mund t\u00eb b\u00ebhet online n\u00eb pak minuta duke plot\u00ebsuar <a href=\"https:\/\/us-gc.net\/fr\/formulaire-loterie-green-card\/\">formularin online<\/a> .  <\/p>\n\n<h2 class=\"wp-block-heading\" id=\"h-comment-connaitre-les-resultats-de-la-loterie-de-la-green-card\">Si i di rezultatet e shortit t\u00eb Kartonit t\u00eb Gjelb\u00ebr?<\/h2>\n\n<p><a href=\"https:\/\/us-gc.net\/fr\/resultats-loterie-green-card\/\">Rezultatet e t\u00ebrheqjes s\u00eb Kartonit t\u00eb Gjelb\u00ebr<\/a> publikohen \u00e7do vit t\u00eb pakt\u00ebn 6 muaj pas shortit t\u00eb n\u00ebntorit. Prandaj, rezultatet e shortit publikohen n\u00eb internet nga maji i vitit t\u00eb ardhsh\u00ebm.<\/p>\n\n<p>Departamenti Amerikan i Shtetit, i cili menaxhon Programin e Vizave t\u00eb Shum\u00ebllojshm\u00ebris\u00eb, publikon \u00e7do vit statistika p\u00ebr aplikant\u00ebt q\u00eb marrin pjes\u00eb n\u00eb llotari n\u00eb internet.  <\/p>\n\n<h2 class=\"wp-block-heading\" id=\"h-est-ce-qu-il-y-a-des-quotas-par-pays-pour-la-loterie\">A ka kuota t\u00eb vendit p\u00ebr lotarin\u00eb?<\/h2>\n\n<p>Nuk ka kuota p\u00ebr \u00e7do shtet p\u00ebr regjistrim p\u00ebr t\u00eb marr\u00eb pjes\u00eb n\u00eb shortin e Kartonit t\u00eb Gjelb\u00ebr. Nga ana tjet\u00ebr, Programi i Vizave t\u00eb Shum\u00ebllojshm\u00ebris\u00eb ofron kuota p\u00ebr \u00e7do vend p\u00ebr ndarjen p\u00ebrfundimtare t\u00eb vizave nga programi i diversitetit: <strong>Qytetar\u00ebt e nj\u00eb vendi nuk mund t\u00eb p\u00ebrfaq\u00ebsojn\u00eb m\u00eb shum\u00eb se 7% t\u00eb fituesve total<\/strong> .<\/p>\n\n<p><strong>Shembull p\u00ebr vitin 2023<\/strong> : P\u00ebr nj\u00eb total prej 55,000 Kartona Gjelb\u00ebr t\u00eb l\u00ebshuar n\u00eb vitin 2023, asnj\u00eb vend nuk mund t\u00eb kishte m\u00eb shum\u00eb se 7% t\u00eb tyre, ose maksimumi 3,850 Kartona Gjelb\u00ebr.<\/p>\n\n<h2 class=\"wp-block-heading\" id=\"h-synthese-des-candidats-ayant-participes-a-la-loterie-de-2019-a-2021\">P\u00ebrmbledhja e kandidat\u00ebve q\u00eb mor\u00ebn pjes\u00eb n\u00eb short nga viti 2019 deri n\u00eb vitin 2021<\/h2>\n\n<p>Shifrat e fundit t\u00eb publikuara nga Departamenti Amerikan i Shtetit n\u00eb lidhje me numrin e regjistrimeve online p\u00ebr shortin e Kartonit t\u00eb Gjelb\u00ebr jan\u00eb ato p\u00ebr vitin 2021. K\u00ebtu \u00ebsht\u00eb p\u00ebrmbledhja e pjes\u00ebmarrjes nga viti 2019 deri n\u00eb vitin 2021 e ndar\u00eb sipas zon\u00ebs gjeografike:  <\/p>\n\n<figure class=\"wp-block-table\"><table><tbody><tr><td><strong>Zonat gjeografike  <\/strong><\/td><td class=\"has-text-align-center\" data-align=\"center\"><strong>2019<\/strong><\/td><td class=\"has-text-align-center\" data-align=\"center\"><strong>2020<\/strong><\/td><td class=\"has-text-align-center\" data-align=\"center\"><strong>2021<\/strong><\/td><\/tr><tr><td><a href=\"https:\/\/us-gc.net\/fr\/loterie-green-card-participation-pays-afrique\/\">vendet afrikane<\/a><\/td><td class=\"has-text-align-center\" data-align=\"center\">7,832,894<\/td><td class=\"has-text-align-center\" data-align=\"center\">8,145,390<\/td><td class=\"has-text-align-center\" data-align=\"center\">3,100,982<\/td><\/tr><tr><td><a href=\"https:\/\/us-gc.net\/fr\/loterie-green-card-participation-pays-asie\/\">vendet aziatike<\/a><\/td><td class=\"has-text-align-center\" data-align=\"center\">1,871,824<\/td><td class=\"has-text-align-center\" data-align=\"center\">1,952,489<\/td><td class=\"has-text-align-center\" data-align=\"center\">1,281,046<\/td><\/tr><tr><td><a href=\"https:\/\/us-gc.net\/fr\/loterie-green-card-europe\/\">Vendet n\u00eb Evrop\u00eb<\/a><\/td><td class=\"has-text-align-center\" data-align=\"center\">4,349,555<\/td><td class=\"has-text-align-center\" data-align=\"center\">4,072,324<\/td><td class=\"has-text-align-center\" data-align=\"center\">2,014,089<\/td><\/tr><tr><td>Vendet e Amerik\u00ebs s\u00eb Veriut (Bahamat)<\/td><td class=\"has-text-align-center\" data-align=\"center\">1506<\/td><td class=\"has-text-align-center\" data-align=\"center\">1,445<\/td><td class=\"has-text-align-center\" data-align=\"center\">937<\/td><\/tr><tr><td>Vendet e Oqeanis\u00eb<\/td><td class=\"has-text-align-center\" data-align=\"center\">23,201<\/td><td class=\"has-text-align-center\" data-align=\"center\">22722<\/td><td class=\"has-text-align-center\" data-align=\"center\">16672<\/td><\/tr><tr><td>Vendet e Amerik\u00ebs Qendrore dhe Jugore<\/td><td class=\"has-text-align-center\" data-align=\"center\">273,033<\/td><td class=\"has-text-align-center\" data-align=\"center\">528 428<\/td><td class=\"has-text-align-center\" data-align=\"center\">327 402<\/td><\/tr><tr><td><strong>Totali i skedar\u00ebve t\u00eb regjistrimit<\/strong><\/td><td class=\"has-text-align-center\" data-align=\"center\"><strong>14,352,013<\/strong><\/td><td class=\"has-text-align-center\" data-align=\"center\"><strong>14,722,798<\/strong><\/td><td class=\"has-text-align-center\" data-align=\"center\"><strong>6,741,128<\/strong><\/td><\/tr><\/tbody><\/table><\/figure>\n\n<p>K\u00ebto statistika u p\u00ebrpiluan nga t\u00eb dh\u00ebnat publike t\u00eb publikuara nga Departamenti i Shtetit n\u00eb <a href=\"https:\/\/travel.state.gov\/content\/travel\/en\/us-visas\/immigrate\/diversity-visa-program-entry\/diversity-visa-program-statistics.html\">travel.state.gov<\/a>.<\/p>\n\n<h2 class=\"wp-block-heading\" id=\"h-qu-est-ce-qu-il-se-passe-apres-la-loterie-de-la-green-card\">\u00c7far\u00eb ndodh pas shortit t\u00eb Kartonit t\u00eb Gjelb\u00ebr?<\/h2>\n\n<p>Fituesit e lotaris\u00eb duhet t\u00eb ndjekin disa hapa pas fitimit t\u00eb lotaris\u00eb. Hapat e m\u00ebtejsh\u00ebm t\u00eb procedur\u00ebs jan\u00eb:<\/p>\n\n<ul class=\"wp-block-list\">\n<li>Plot\u00ebsoni <a href=\"https:\/\/travel.state.gov\/content\/travel\/en\/us-visas\/visa-information-resources\/forms\/online-immigrant-visa-forms\/ds-260-faqs.html\">formularin e aplikimit p\u00ebr viz\u00eb DS-260<\/a>.<\/li>\n\n\n\n<li>Paguani <a href=\"https:\/\/us-gc.net\/fr\/prix-green-card\/\">tarifat p\u00ebr marrjen e Kartonit t\u00eb Gjelb\u00ebr<\/a> si pjes\u00eb e k\u00ebtij aplikimi t\u00eb detyruesh\u00ebm p\u00ebr viz\u00eb;<\/li>\n\n\n\n<li>Plot\u00ebsoni nj\u00eb <a href=\"https:\/\/us-gc.net\/fr\/entretien-green-card\/\">intervist\u00eb p\u00ebr Kart\u00ebn e Gjelb\u00ebr<\/a> me nj\u00eb agjent t\u00eb Programit t\u00eb Vizave t\u00eb Diversitetit t\u00eb USCIS;<\/li>\n\n\n\n<li>Kryeni nj\u00eb ekzaminim mjek\u00ebsor.<\/li>\n<\/ul>\n\n<div style=\"height:10px\" aria-hidden=\"true\" class=\"wp-block-spacer\"><\/div>\n\n<p><\/p>\n","protected":false},"excerpt":{"rendered":"<p>Lotaria amerikane p\u00ebr t\u00eb marr\u00eb nj\u00eb karton jeshil \u00c7do vit, m\u00eb shum\u00eb se 50,000 njer\u00ebz n\u00eb mbar\u00eb bot\u00ebn marrin nj\u00eb kart\u00eb jeshile fal\u00eb lotaris\u00eb amerikane. P\u00ebr t\u00eb fituar k\u00ebt\u00eb t\u00eb drejt\u00eb p\u00ebr t\u00eb marr\u00eb nj\u00eb Karton jeshil, kandidat\u00ebt marrin pjes\u00eb n\u00eb nj\u00eb vizatim t\u00eb rast\u00ebsish\u00ebm kompjuterik i cili zhvillohet nj\u00eb her\u00eb n\u00eb vit. Merrni pjes\u00eb [&hellip;]<\/p>\n","protected":false},"author":1,"featured_media":0,"parent":0,"menu_order":0,"comment_status":"closed","ping_status":"closed","template":"","meta":{"footnotes":""},"class_list":["post-2658","page","type-page","status-publish","hentry"],"yoast_head":"<!-- This site is optimized with the Yoast SEO plugin v27.4 - https:\/\/yoast.com\/product\/yoast-seo-wordpress\/ -->\n<title>Lotaria e Kart\u00ebs s\u00eb Gjelb\u00ebr t\u00eb SHBA - USA GC<\/title>\n<meta name=\"description\" content=\"Merrni pjes\u00eb n\u00eb lotarin\u00eb vjetore amerikane e cila ju lejon t\u00eb merrni nj\u00eb Karton jeshil si 50,000 fitues t\u00eb tjer\u00eb n\u00eb short.\" \/>\n<meta name=\"robots\" content=\"index, follow, max-snippet:-1, max-image-preview:large, max-video-preview:-1\" \/>\n<link rel=\"canonical\" href=\"https:\/\/us-gc.net\/sq\/lotaria-green-card\/\" \/>\n<meta property=\"og:locale\" content=\"sq_AL\" \/>\n<meta property=\"og:type\" content=\"article\" \/>\n<meta property=\"og:title\" content=\"Lotaria e Kart\u00ebs s\u00eb Gjelb\u00ebr t\u00eb SHBA - USA GC\" \/>\n<meta property=\"og:description\" content=\"Merrni pjes\u00eb n\u00eb lotarin\u00eb vjetore amerikane e cila ju lejon t\u00eb merrni nj\u00eb Karton jeshil si 50,000 fitues t\u00eb tjer\u00eb n\u00eb short.\" \/>\n<meta property=\"og:url\" content=\"https:\/\/us-gc.net\/sq\/lotaria-green-card\/\" \/>\n<meta property=\"og:site_name\" content=\"USA GC\" \/>\n<meta property=\"article:modified_time\" content=\"2026-01-15T13:42:23+00:00\" \/>\n<meta name=\"twitter:card\" content=\"summary_large_image\" \/>\n<meta name=\"twitter:label1\" content=\"Est. reading time\" \/>\n\t<meta name=\"twitter:data1\" content=\"4 minutes\" \/>\n<script type=\"application\/ld+json\" class=\"yoast-schema-graph\">{\"@context\":\"https:\\\/\\\/schema.org\",\"@graph\":[{\"@type\":\"WebPage\",\"@id\":\"https:\\\/\\\/us-gc.net\\\/sq\\\/lotaria-green-card\\\/\",\"url\":\"https:\\\/\\\/us-gc.net\\\/sq\\\/lotaria-green-card\\\/\",\"name\":\"Lotaria e Kart\u00ebs s\u00eb Gjelb\u00ebr t\u00eb SHBA - USA GC\",\"isPartOf\":{\"@id\":\"https:\\\/\\\/us-gc.net\\\/sq\\\/#website\"},\"datePublished\":\"2024-01-31T07:57:06+00:00\",\"dateModified\":\"2026-01-15T13:42:23+00:00\",\"description\":\"Merrni pjes\u00eb n\u00eb lotarin\u00eb vjetore amerikane e cila ju lejon t\u00eb merrni nj\u00eb Karton jeshil si 50,000 fitues t\u00eb tjer\u00eb n\u00eb short.\",\"breadcrumb\":{\"@id\":\"https:\\\/\\\/us-gc.net\\\/sq\\\/lotaria-green-card\\\/#breadcrumb\"},\"inLanguage\":\"sq-AL\",\"potentialAction\":[{\"@type\":\"ReadAction\",\"target\":[\"https:\\\/\\\/us-gc.net\\\/sq\\\/lotaria-green-card\\\/\"]}]},{\"@type\":\"BreadcrumbList\",\"@id\":\"https:\\\/\\\/us-gc.net\\\/sq\\\/lotaria-green-card\\\/#breadcrumb\",\"itemListElement\":[{\"@type\":\"ListItem\",\"position\":1,\"name\":\"Accueil\",\"item\":\"https:\\\/\\\/us-gc.net\\\/sq\\\/green-card\\\/\"},{\"@type\":\"ListItem\",\"position\":2,\"name\":\"Lotaria e Kart\u00ebs s\u00eb Gjelb\u00ebr t\u00eb SHBA\"}]},{\"@type\":\"WebSite\",\"@id\":\"https:\\\/\\\/us-gc.net\\\/sq\\\/#website\",\"url\":\"https:\\\/\\\/us-gc.net\\\/sq\\\/\",\"name\":\"USA GC\",\"description\":\"\",\"potentialAction\":[{\"@type\":\"SearchAction\",\"target\":{\"@type\":\"EntryPoint\",\"urlTemplate\":\"https:\\\/\\\/us-gc.net\\\/sq\\\/?s={search_term_string}\"},\"query-input\":{\"@type\":\"PropertyValueSpecification\",\"valueRequired\":true,\"valueName\":\"search_term_string\"}}],\"inLanguage\":\"sq-AL\"}]}<\/script>\n<!-- \/ Yoast SEO plugin. -->","yoast_head_json":{"title":"Lotaria e Kart\u00ebs s\u00eb Gjelb\u00ebr t\u00eb SHBA - USA GC","description":"Merrni pjes\u00eb n\u00eb lotarin\u00eb vjetore amerikane e cila ju lejon t\u00eb merrni nj\u00eb Karton jeshil si 50,000 fitues t\u00eb tjer\u00eb n\u00eb short.","robots":{"index":"index","follow":"follow","max-snippet":"max-snippet:-1","max-image-preview":"max-image-preview:large","max-video-preview":"max-video-preview:-1"},"canonical":"https:\/\/us-gc.net\/sq\/lotaria-green-card\/","og_locale":"sq_AL","og_type":"article","og_title":"Lotaria e Kart\u00ebs s\u00eb Gjelb\u00ebr t\u00eb SHBA - USA GC","og_description":"Merrni pjes\u00eb n\u00eb lotarin\u00eb vjetore amerikane e cila ju lejon t\u00eb merrni nj\u00eb Karton jeshil si 50,000 fitues t\u00eb tjer\u00eb n\u00eb short.","og_url":"https:\/\/us-gc.net\/sq\/lotaria-green-card\/","og_site_name":"USA GC","article_modified_time":"2026-01-15T13:42:23+00:00","twitter_card":"summary_large_image","twitter_misc":{"Est. reading time":"4 minutes"},"schema":{"@context":"https:\/\/schema.org","@graph":[{"@type":"WebPage","@id":"https:\/\/us-gc.net\/sq\/lotaria-green-card\/","url":"https:\/\/us-gc.net\/sq\/lotaria-green-card\/","name":"Lotaria e Kart\u00ebs s\u00eb Gjelb\u00ebr t\u00eb SHBA - USA GC","isPartOf":{"@id":"https:\/\/us-gc.net\/sq\/#website"},"datePublished":"2024-01-31T07:57:06+00:00","dateModified":"2026-01-15T13:42:23+00:00","description":"Merrni pjes\u00eb n\u00eb lotarin\u00eb vjetore amerikane e cila ju lejon t\u00eb merrni nj\u00eb Karton jeshil si 50,000 fitues t\u00eb tjer\u00eb n\u00eb short.","breadcrumb":{"@id":"https:\/\/us-gc.net\/sq\/lotaria-green-card\/#breadcrumb"},"inLanguage":"sq-AL","potentialAction":[{"@type":"ReadAction","target":["https:\/\/us-gc.net\/sq\/lotaria-green-card\/"]}]},{"@type":"BreadcrumbList","@id":"https:\/\/us-gc.net\/sq\/lotaria-green-card\/#breadcrumb","itemListElement":[{"@type":"ListItem","position":1,"name":"Accueil","item":"https:\/\/us-gc.net\/sq\/green-card\/"},{"@type":"ListItem","position":2,"name":"Lotaria e Kart\u00ebs s\u00eb Gjelb\u00ebr t\u00eb SHBA"}]},{"@type":"WebSite","@id":"https:\/\/us-gc.net\/sq\/#website","url":"https:\/\/us-gc.net\/sq\/","name":"USA GC","description":"","potentialAction":[{"@type":"SearchAction","target":{"@type":"EntryPoint","urlTemplate":"https:\/\/us-gc.net\/sq\/?s={search_term_string}"},"query-input":{"@type":"PropertyValueSpecification","valueRequired":true,"valueName":"search_term_string"}}],"inLanguage":"sq-AL"}]}},"_links":{"self":[{"href":"https:\/\/us-gc.net\/sq\/wp-json\/wp\/v2\/pages\/2658","targetHints":{"allow":["GET"]}}],"collection":[{"href":"https:\/\/us-gc.net\/sq\/wp-json\/wp\/v2\/pages"}],"about":[{"href":"https:\/\/us-gc.net\/sq\/wp-json\/wp\/v2\/types\/page"}],"author":[{"embeddable":true,"href":"https:\/\/us-gc.net\/sq\/wp-json\/wp\/v2\/users\/1"}],"replies":[{"embeddable":true,"href":"https:\/\/us-gc.net\/sq\/wp-json\/wp\/v2\/comments?post=2658"}],"version-history":[{"count":7,"href":"https:\/\/us-gc.net\/sq\/wp-json\/wp\/v2\/pages\/2658\/revisions"}],"predecessor-version":[{"id":10204,"href":"https:\/\/us-gc.net\/sq\/wp-json\/wp\/v2\/pages\/2658\/revisions\/10204"}],"wp:attachment":[{"href":"https:\/\/us-gc.net\/sq\/wp-json\/wp\/v2\/media?parent=2658"}],"curies":[{"name":"wp","href":"https:\/\/api.w.org\/{rel}","templated":true}]}}