{"id":2657,"date":"2024-01-31T14:27:27","date_gmt":"2024-01-31T14:27:27","guid":{"rendered":"https:\/\/green-card-usa.net\/green-card-employment-based\/"},"modified":"2024-12-30T09:39:26","modified_gmt":"2024-12-30T09:39:26","slug":"green-card-employment-based","status":"publish","type":"page","link":"https:\/\/us-gc.net\/sq\/green-card-employment-based\/","title":{"rendered":"Karta jeshile e bazuar n\u00eb pun\u00ebsim p\u00ebr emigrant\u00ebt"},"content":{"rendered":"\n<h1 class=\"wp-block-heading\" id=\"h-obtenir-une-green-card-basee-sur-l-emploi\">Merrni nj\u00eb Karton t\u00eb Gjelb\u00ebr t\u00eb bazuar n\u00eb pun\u00ebsim<\/h1>\n\n<p>Zbuloni se si t\u00eb merrni nj\u00eb <a href=\"https:\/\/us-gc.net\/sq\/\">karton jeshil<\/a> n\u00eb Shtetet e Bashkuara p\u00ebrmes pun\u00ebsimit. Karta jeshile e bazuar n\u00eb pun\u00ebsim \u00ebsht\u00eb shum\u00eb e popullarizuar p\u00ebr emigrant\u00ebt e aft\u00eb q\u00eb duan t\u00eb punojn\u00eb dhe t\u00eb banojn\u00eb legalisht n\u00eb Shtetet e Bashkuara.<\/p>\n\n<h2 class=\"wp-block-heading\" id=\"h-qu-est-ce-qu-une-green-card-basee-sur-l-emploi\">\u00c7far\u00eb \u00ebsht\u00eb Kartoni i Gjelb\u00ebr i bazuar n\u00eb pun\u00ebsim?<\/h2>\n\n<p>Karta jeshile e bazuar n\u00eb pun\u00ebsim \u00ebsht\u00eb nj\u00eb m\u00ebnyr\u00eb p\u00ebr pun\u00ebtor\u00ebt e huaj t\u00eb kualifikuar p\u00ebr t\u00eb marr\u00eb q\u00ebndrimin e p\u00ebrhersh\u00ebm n\u00eb Shtetet e Bashkuara p\u00ebrmes pun\u00ebsimit. Ndryshe nga opsionet e tjera t\u00eb imigracionit, kjo u drejtohet ve\u00e7an\u00ebrisht individ\u00ebve q\u00eb kan\u00eb aft\u00ebsi profesionale t\u00eb k\u00ebrkuara nga pun\u00ebdh\u00ebn\u00ebsit amerikan\u00eb. Ai lejon mbajt\u00ebsit e vizave t\u00eb pun\u00ebs t\u00eb b\u00ebhen banor\u00eb t\u00eb p\u00ebrhersh\u00ebm.<\/p>\n\n<h2 class=\"wp-block-heading\" id=\"h-eligibilite-et-criteres-de-qualification\">Kriteret e pranueshm\u00ebris\u00eb dhe kualifikimit<\/h2>\n\n<p>P\u00ebr t&#8217;u kualifikuar p\u00ebr nj\u00eb Karton jeshil t\u00eb bazuar n\u00eb pun\u00ebsim, aplikant\u00ebt duhet t\u00eb plot\u00ebsojn\u00eb disa kushte:<\/p>\n\n<ul class=\"wp-block-list\">\n<li>T\u00eb ket\u00eb p\u00ebrvoj\u00eb adekuate profesionale n\u00eb nj\u00eb fush\u00eb t\u00eb caktuar;<\/li>\n\n\n\n<li>Nj\u00eb ofert\u00eb e vlefshme pune nga nj\u00eb pun\u00ebdh\u00ebn\u00ebs amerikan;<\/li>\n\n\n\n<li>Kualifikime arsimore ose profesionale q\u00eb plot\u00ebsojn\u00eb k\u00ebrkesat e pozicionit t\u00eb propozuar.  <\/li>\n<\/ul>\n\n<p>S\u00eb fundi, pun\u00ebdh\u00ebn\u00ebsi duhet t\u00eb jet\u00eb i gatsh\u00ebm t\u00eb <a href=\"https:\/\/us-gc.net\/sq\/green-card-sponsorizimi\/\">sponsorizoj\u00eb kandidatin p\u00ebr Kartonin Jeshil<\/a> dhe t\u00eb respektoj\u00eb t\u00eb gjitha detyrimet ligjore q\u00eb lidhen me pun\u00ebsimin e pun\u00ebtor\u00ebve t\u00eb huaj.<\/p>\n\n<h2 class=\"wp-block-heading\" id=\"h-processus-de-demande\">Procesi i aplikimit<\/h2>\n\n<p>Procesi i aplikimit p\u00ebr Kart\u00ebn e Gjelb\u00ebr t\u00eb bazuar n\u00eb pun\u00ebsim p\u00ebrfshin disa hapa. S\u00eb pari, pun\u00ebdh\u00ebn\u00ebsi duhet t\u00eb marr\u00eb certifikat\u00ebn e pun\u00ebs nga Departamenti Amerikan i Pun\u00ebs. M\u00eb pas, aplikanti duhet t\u00eb dor\u00ebzoj\u00eb nj\u00eb aplikim p\u00ebr viz\u00eb pune <a href=\"https:\/\/www.uscis.gov\/\">n\u00eb USCIS<\/a> . Pasi t\u00eb jet\u00eb miratuar viza e pun\u00ebs, aplikanti mund t\u00eb filloj\u00eb procesin e aplikimit p\u00ebr Kartonin Jeshil. Kjo procedur\u00eb p\u00ebrfshin:<\/p>\n\n<ul class=\"wp-block-list\">\n<li>Dor\u00ebzimi i formularit t\u00eb aplikimit;<\/li>\n\n\n\n<li>Mbledhja e dokumenteve mb\u00ebshtet\u00ebse;<\/li>\n\n\n\n<li>Nj\u00eb <a href=\"https:\/\/us-gc.net\/sq\/green-card-interview\/\">intervist\u00eb p\u00ebr Kartonin e Gjelb\u00ebr<\/a> ;<\/li>\n\n\n\n<li>Nj\u00eb ekzaminim mjek\u00ebsor.<\/li>\n<\/ul>\n\n<h2 class=\"wp-block-heading\" id=\"h-duree-et-delais-de-traitement\">Koh\u00ebzgjatja dhe koha e p\u00ebrpunimit<\/h2>\n\n<p>Koha q\u00eb duhet p\u00ebr t\u00eb marr\u00eb nj\u00eb Karton jeshil t\u00eb bazuar n\u00eb pun\u00ebsim mund t\u00eb ndryshoj\u00eb ndjesh\u00ebm n\u00eb var\u00ebsi t\u00eb faktor\u00ebve t\u00eb ndrysh\u00ebm si: kategoria e vizave, ngarkesa e pun\u00ebs <a href=\"https:\/\/www.uscis.gov\/green-card\/green-card-processes-and-procedures\">n\u00eb USCIS<\/a> dhe rrethana t\u00eb tjera individuale.  <\/p>\n\n<p>N\u00eb m\u00ebnyr\u00eb tipike, procesi mund t\u00eb zgjas\u00eb nga disa muaj deri n\u00eb disa vjet. \u00cbsht\u00eb e r\u00ebnd\u00ebsishme q\u00eb kandidat\u00ebt t\u00eb jen\u00eb t\u00eb duruesh\u00ebm dhe t\u00eb p\u00ebrgatitur p\u00ebr t&#8217;u marr\u00eb me vonesat e mundshme gjat\u00eb procesit. Nj\u00eb kandidat mund t\u00eb aplikoj\u00eb paralelisht p\u00ebr t\u00eb aplikuar n\u00eb <a href=\"https:\/\/us-gc.net\/sq\/lotaria-green-card\/\">shortin e Kartonit Jeshil<\/a>.<\/p>\n\n<p><\/p>\n","protected":false},"excerpt":{"rendered":"<p>Merrni nj\u00eb Karton t\u00eb Gjelb\u00ebr t\u00eb bazuar n\u00eb pun\u00ebsim Zbuloni se si t\u00eb merrni nj\u00eb karton jeshil n\u00eb Shtetet e Bashkuara p\u00ebrmes pun\u00ebsimit. Karta jeshile e bazuar n\u00eb pun\u00ebsim \u00ebsht\u00eb shum\u00eb e popullarizuar p\u00ebr emigrant\u00ebt e aft\u00eb q\u00eb duan t\u00eb punojn\u00eb dhe t\u00eb banojn\u00eb legalisht n\u00eb Shtetet e Bashkuara. \u00c7far\u00eb \u00ebsht\u00eb Kartoni i Gjelb\u00ebr i [&hellip;]<\/p>\n","protected":false},"author":1,"featured_media":0,"parent":0,"menu_order":0,"comment_status":"closed","ping_status":"closed","template":"","meta":{"footnotes":""},"class_list":["post-2657","page","type-page","status-publish","hentry"],"yoast_head":"<!-- This site is optimized with the Yoast SEO plugin v27.4 - https:\/\/yoast.com\/product\/yoast-seo-wordpress\/ -->\n<title>Karta jeshile e bazuar n\u00eb pun\u00ebsim p\u00ebr emigrant\u00ebt - USA GC<\/title>\n<meta name=\"description\" content=\"Merrni nj\u00eb Karton jeshil Amerikan bazuar n\u00eb pun\u00ebsimin e marr\u00eb n\u00eb territorin amerikan. T\u00eb gjitha informacionet p\u00ebr t\u00eb marr\u00eb Kartonin e Gjelb\u00ebr\" \/>\n<meta name=\"robots\" content=\"index, follow, max-snippet:-1, max-image-preview:large, max-video-preview:-1\" \/>\n<link rel=\"canonical\" href=\"https:\/\/us-gc.net\/sq\/green-card-employment-based\/\" \/>\n<meta property=\"og:locale\" content=\"sq_AL\" \/>\n<meta property=\"og:type\" content=\"article\" \/>\n<meta property=\"og:title\" content=\"Karta jeshile e bazuar n\u00eb pun\u00ebsim p\u00ebr emigrant\u00ebt - USA GC\" \/>\n<meta property=\"og:description\" content=\"Merrni nj\u00eb Karton jeshil Amerikan bazuar n\u00eb pun\u00ebsimin e marr\u00eb n\u00eb territorin amerikan. T\u00eb gjitha informacionet p\u00ebr t\u00eb marr\u00eb Kartonin e Gjelb\u00ebr\" \/>\n<meta property=\"og:url\" content=\"https:\/\/us-gc.net\/sq\/green-card-employment-based\/\" \/>\n<meta property=\"og:site_name\" content=\"USA GC\" \/>\n<meta property=\"article:modified_time\" content=\"2024-12-30T09:39:26+00:00\" \/>\n<meta name=\"twitter:card\" content=\"summary_large_image\" \/>\n<meta name=\"twitter:label1\" content=\"Est. reading time\" \/>\n\t<meta name=\"twitter:data1\" content=\"2 minutes\" \/>\n<script type=\"application\/ld+json\" class=\"yoast-schema-graph\">{\"@context\":\"https:\\\/\\\/schema.org\",\"@graph\":[{\"@type\":\"WebPage\",\"@id\":\"https:\\\/\\\/us-gc.net\\\/sq\\\/green-card-employment-based\\\/\",\"url\":\"https:\\\/\\\/us-gc.net\\\/sq\\\/green-card-employment-based\\\/\",\"name\":\"Karta jeshile e bazuar n\u00eb pun\u00ebsim p\u00ebr emigrant\u00ebt - USA GC\",\"isPartOf\":{\"@id\":\"https:\\\/\\\/us-gc.net\\\/sq\\\/#website\"},\"datePublished\":\"2024-01-31T14:27:27+00:00\",\"dateModified\":\"2024-12-30T09:39:26+00:00\",\"description\":\"Merrni nj\u00eb Karton jeshil Amerikan bazuar n\u00eb pun\u00ebsimin e marr\u00eb n\u00eb territorin amerikan. T\u00eb gjitha informacionet p\u00ebr t\u00eb marr\u00eb Kartonin e Gjelb\u00ebr\",\"breadcrumb\":{\"@id\":\"https:\\\/\\\/us-gc.net\\\/sq\\\/green-card-employment-based\\\/#breadcrumb\"},\"inLanguage\":\"sq-AL\",\"potentialAction\":[{\"@type\":\"ReadAction\",\"target\":[\"https:\\\/\\\/us-gc.net\\\/sq\\\/green-card-employment-based\\\/\"]}]},{\"@type\":\"BreadcrumbList\",\"@id\":\"https:\\\/\\\/us-gc.net\\\/sq\\\/green-card-employment-based\\\/#breadcrumb\",\"itemListElement\":[{\"@type\":\"ListItem\",\"position\":1,\"name\":\"Accueil\",\"item\":\"https:\\\/\\\/us-gc.net\\\/sq\\\/green-card\\\/\"},{\"@type\":\"ListItem\",\"position\":2,\"name\":\"Karta jeshile e bazuar n\u00eb pun\u00ebsim p\u00ebr emigrant\u00ebt\"}]},{\"@type\":\"WebSite\",\"@id\":\"https:\\\/\\\/us-gc.net\\\/sq\\\/#website\",\"url\":\"https:\\\/\\\/us-gc.net\\\/sq\\\/\",\"name\":\"USA GC\",\"description\":\"\",\"potentialAction\":[{\"@type\":\"SearchAction\",\"target\":{\"@type\":\"EntryPoint\",\"urlTemplate\":\"https:\\\/\\\/us-gc.net\\\/sq\\\/?s={search_term_string}\"},\"query-input\":{\"@type\":\"PropertyValueSpecification\",\"valueRequired\":true,\"valueName\":\"search_term_string\"}}],\"inLanguage\":\"sq-AL\"}]}<\/script>\n<!-- \/ Yoast SEO plugin. -->","yoast_head_json":{"title":"Karta jeshile e bazuar n\u00eb pun\u00ebsim p\u00ebr emigrant\u00ebt - USA GC","description":"Merrni nj\u00eb Karton jeshil Amerikan bazuar n\u00eb pun\u00ebsimin e marr\u00eb n\u00eb territorin amerikan. T\u00eb gjitha informacionet p\u00ebr t\u00eb marr\u00eb Kartonin e Gjelb\u00ebr","robots":{"index":"index","follow":"follow","max-snippet":"max-snippet:-1","max-image-preview":"max-image-preview:large","max-video-preview":"max-video-preview:-1"},"canonical":"https:\/\/us-gc.net\/sq\/green-card-employment-based\/","og_locale":"sq_AL","og_type":"article","og_title":"Karta jeshile e bazuar n\u00eb pun\u00ebsim p\u00ebr emigrant\u00ebt - USA GC","og_description":"Merrni nj\u00eb Karton jeshil Amerikan bazuar n\u00eb pun\u00ebsimin e marr\u00eb n\u00eb territorin amerikan. T\u00eb gjitha informacionet p\u00ebr t\u00eb marr\u00eb Kartonin e Gjelb\u00ebr","og_url":"https:\/\/us-gc.net\/sq\/green-card-employment-based\/","og_site_name":"USA GC","article_modified_time":"2024-12-30T09:39:26+00:00","twitter_card":"summary_large_image","twitter_misc":{"Est. reading time":"2 minutes"},"schema":{"@context":"https:\/\/schema.org","@graph":[{"@type":"WebPage","@id":"https:\/\/us-gc.net\/sq\/green-card-employment-based\/","url":"https:\/\/us-gc.net\/sq\/green-card-employment-based\/","name":"Karta jeshile e bazuar n\u00eb pun\u00ebsim p\u00ebr emigrant\u00ebt - USA GC","isPartOf":{"@id":"https:\/\/us-gc.net\/sq\/#website"},"datePublished":"2024-01-31T14:27:27+00:00","dateModified":"2024-12-30T09:39:26+00:00","description":"Merrni nj\u00eb Karton jeshil Amerikan bazuar n\u00eb pun\u00ebsimin e marr\u00eb n\u00eb territorin amerikan. T\u00eb gjitha informacionet p\u00ebr t\u00eb marr\u00eb Kartonin e Gjelb\u00ebr","breadcrumb":{"@id":"https:\/\/us-gc.net\/sq\/green-card-employment-based\/#breadcrumb"},"inLanguage":"sq-AL","potentialAction":[{"@type":"ReadAction","target":["https:\/\/us-gc.net\/sq\/green-card-employment-based\/"]}]},{"@type":"BreadcrumbList","@id":"https:\/\/us-gc.net\/sq\/green-card-employment-based\/#breadcrumb","itemListElement":[{"@type":"ListItem","position":1,"name":"Accueil","item":"https:\/\/us-gc.net\/sq\/green-card\/"},{"@type":"ListItem","position":2,"name":"Karta jeshile e bazuar n\u00eb pun\u00ebsim p\u00ebr emigrant\u00ebt"}]},{"@type":"WebSite","@id":"https:\/\/us-gc.net\/sq\/#website","url":"https:\/\/us-gc.net\/sq\/","name":"USA GC","description":"","potentialAction":[{"@type":"SearchAction","target":{"@type":"EntryPoint","urlTemplate":"https:\/\/us-gc.net\/sq\/?s={search_term_string}"},"query-input":{"@type":"PropertyValueSpecification","valueRequired":true,"valueName":"search_term_string"}}],"inLanguage":"sq-AL"}]}},"_links":{"self":[{"href":"https:\/\/us-gc.net\/sq\/wp-json\/wp\/v2\/pages\/2657","targetHints":{"allow":["GET"]}}],"collection":[{"href":"https:\/\/us-gc.net\/sq\/wp-json\/wp\/v2\/pages"}],"about":[{"href":"https:\/\/us-gc.net\/sq\/wp-json\/wp\/v2\/types\/page"}],"author":[{"embeddable":true,"href":"https:\/\/us-gc.net\/sq\/wp-json\/wp\/v2\/users\/1"}],"replies":[{"embeddable":true,"href":"https:\/\/us-gc.net\/sq\/wp-json\/wp\/v2\/comments?post=2657"}],"version-history":[{"count":1,"href":"https:\/\/us-gc.net\/sq\/wp-json\/wp\/v2\/pages\/2657\/revisions"}],"predecessor-version":[{"id":7644,"href":"https:\/\/us-gc.net\/sq\/wp-json\/wp\/v2\/pages\/2657\/revisions\/7644"}],"wp:attachment":[{"href":"https:\/\/us-gc.net\/sq\/wp-json\/wp\/v2\/media?parent=2657"}],"curies":[{"name":"wp","href":"https:\/\/api.w.org\/{rel}","templated":true}]}}