{"id":2520,"date":"2024-02-01T08:19:27","date_gmt":"2024-02-01T08:19:27","guid":{"rendered":"https:\/\/green-card-usa.net\/green-card-llotari-formular\/"},"modified":"2025-03-31T10:05:57","modified_gmt":"2025-03-31T10:05:57","slug":"green-card-llotari-formular","status":"publish","type":"page","link":"https:\/\/us-gc.net\/sq\/green-card-llotari-formular\/","title":{"rendered":"Formulari i regjistrimit online t\u00eb Lotaris\u00eb s\u00eb Kartonit t\u00eb Gjelb\u00ebr"},"content":{"rendered":"\t\t<div data-elementor-type=\"wp-page\" data-elementor-id=\"2520\" class=\"elementor elementor-2520 elementor-145\" data-elementor-post-type=\"page\">\n\t\t\t\t<div class=\"elementor-element elementor-element-75ef7d8 e-flex e-con-boxed e-con e-parent\" data-id=\"75ef7d8\" data-element_type=\"container\" data-e-type=\"container\">\n\t\t\t\t\t<div class=\"e-con-inner\">\n\t\t\t\t<div class=\"elementor-element elementor-element-3149e08 elementor-widget elementor-widget-heading\" data-id=\"3149e08\" data-element_type=\"widget\" data-e-type=\"widget\" data-widget_type=\"heading.default\">\n\t\t\t\t<div class=\"elementor-widget-container\">\n\t\t\t\t\t<h1 class=\"elementor-heading-title elementor-size-default\">Formulari i regjistrimit t\u00eb Lotaris\u00eb s\u00eb Kartonit t\u00eb Gjelb\u00ebr<\/h1>\t\t\t\t<\/div>\n\t\t\t\t<\/div>\n\t\t\t\t\t<\/div>\n\t\t\t\t<\/div>\n\t\t<div class=\"elementor-element elementor-element-1c60801 e-flex e-con-boxed e-con e-parent\" data-id=\"1c60801\" data-element_type=\"container\" data-e-type=\"container\">\n\t\t\t\t\t<div class=\"e-con-inner\">\n\t\t\t\t<div class=\"elementor-element elementor-element-2e9ffc9 elementor-widget elementor-widget-text-editor\" data-id=\"2e9ffc9\" data-element_type=\"widget\" data-e-type=\"widget\" data-widget_type=\"text-editor.default\">\n\t\t\t\t<div class=\"elementor-widget-container\">\n\t\t\t\t\t\t\t\t\t<p>Regjistrimi p\u00ebr shortin e ardhsh\u00ebm t\u00eb Kartonit Jeshil kryhet t\u00ebr\u00ebsisht online n\u00eb internet. Formulari k\u00ebrkon vet\u00ebm disa minuta p\u00ebr t&#8217;u plot\u00ebsuar. Siguroni aplikimin tuaj sa m\u00eb shpejt q\u00eb t\u00eb jet\u00eb e mundur p\u00ebr t\u00eb mos humbur afatin e regjistrimit.<\/p>\n\t\t\t\t\t\t\t\t<\/div>\n\t\t\t\t<\/div>\n\t\t\t\t\t<\/div>\n\t\t\t\t<\/div>\n\t\t<div class=\"elementor-element elementor-element-9d42428 e-flex e-con-boxed e-con e-parent\" data-id=\"9d42428\" data-element_type=\"container\" data-e-type=\"container\">\n\t\t\t\t\t<div class=\"e-con-inner\">\n\t\t\t\t<div class=\"elementor-element elementor-element-6933e78 elementor-widget elementor-widget-text-editor\" data-id=\"6933e78\" data-element_type=\"widget\" data-e-type=\"widget\" data-widget_type=\"text-editor.default\">\n\t\t\t\t<div class=\"elementor-widget-container\">\n\t\t\t\t\t\t\t\t\t<p>Formulari i regjistrimit plot\u00ebsohet mjaft shpejt. Ju duhet t\u00eb jepni nj\u00eb s\u00ebr\u00eb informacionesh personale dhe t\u00eb plot\u00ebsoni disa kushte t\u00eb pranueshm\u00ebris\u00eb.<\/p>\n\t\t\t\t\t\t\t\t<\/div>\n\t\t\t\t<\/div>\n\t\t\t\t\t<\/div>\n\t\t\t\t<\/div>\n\t\t<div class=\"elementor-element elementor-element-6306da8 e-flex e-con-boxed e-con e-parent\" data-id=\"6306da8\" data-element_type=\"container\" data-e-type=\"container\">\n\t\t\t\t\t<div class=\"e-con-inner\">\n\t\t\t\t<div class=\"elementor-element elementor-element-b506912 elementor-widget elementor-widget-heading\" data-id=\"b506912\" data-element_type=\"widget\" data-e-type=\"widget\" data-widget_type=\"heading.default\">\n\t\t\t\t<div class=\"elementor-widget-container\">\n\t\t\t\t\t<h2 class=\"elementor-heading-title elementor-size-default\">Si t\u00eb plot\u00ebsoni formularin<\/h2>\t\t\t\t<\/div>\n\t\t\t\t<\/div>\n\t\t\t\t\t<\/div>\n\t\t\t\t<\/div>\n\t\t<div class=\"elementor-element elementor-element-e5c6b45 e-flex e-con-boxed e-con e-parent\" data-id=\"e5c6b45\" data-element_type=\"container\" data-e-type=\"container\">\n\t\t\t\t\t<div class=\"e-con-inner\">\n\t\t\t\t<div class=\"elementor-element elementor-element-e90f36f elementor-widget elementor-widget-text-editor\" data-id=\"e90f36f\" data-element_type=\"widget\" data-e-type=\"widget\" data-widget_type=\"text-editor.default\">\n\t\t\t\t<div class=\"elementor-widget-container\">\n\t\t\t\t\t\t\t\t\t<p>Formulari plot\u00ebsohet t\u00ebr\u00ebsisht online. informacioni q\u00eb do t\u00eb komunikohet p\u00ebr t\u00eb v\u00ebrtetuar regjistrimin tuaj:<\/p>\n<ul>\n<li>Gjendja juaj civile;<\/li>\n<li>vendbanimi juaj;<\/li>\n<li>T\u00eb dh\u00ebnat tuaja t\u00eb emailit dhe telefonit;<\/li>\n<li>Niveli juaj i arsimimit;<\/li>\n<li>Situata juaj familjare;<\/li>\n<li>Pasaporta juaj e vlefshme.<\/li>\n<\/ul>\n<div> <\/div>\n<div>P\u00ebr t\u00eb finalizuar regjistrimin tuaj p\u00ebr lotarin\u00eb e kartonit jeshil, do t&#8217;ju duhet t\u00eb dor\u00ebzoni nj\u00eb <span style=\"text-decoration: underline;\"><a href=\"https:\/\/us-gc.net\/sq\/foto-green-card\/\">foto t\u00eb Kartonit Jeshil<\/a><\/span> t\u00eb dat\u00ebs m\u00eb pak se 6 muaj m\u00eb par\u00eb, n\u00eb formatin rregullator.<\/div>\n\t\t\t\t\t\t\t\t<\/div>\n\t\t\t\t<\/div>\n\t\t\t\t\t<\/div>\n\t\t\t\t<\/div>\n\t\t<div class=\"elementor-element elementor-element-b40a6c1 e-flex e-con-boxed e-con e-parent\" data-id=\"b40a6c1\" data-element_type=\"container\" data-e-type=\"container\">\n\t\t\t\t\t<div class=\"e-con-inner\">\n\t\t\t\t<div class=\"elementor-element elementor-element-844f7e4 elementor-widget elementor-widget-heading\" data-id=\"844f7e4\" data-element_type=\"widget\" data-e-type=\"widget\" data-widget_type=\"heading.default\">\n\t\t\t\t<div class=\"elementor-widget-container\">\n\t\t\t\t\t<h2 class=\"elementor-heading-title elementor-size-default\">Kushtet e pranimit<\/h2>\t\t\t\t<\/div>\n\t\t\t\t<\/div>\n\t\t\t\t\t<\/div>\n\t\t\t\t<\/div>\n\t\t<div class=\"elementor-element elementor-element-905f167 e-flex e-con-boxed e-con e-parent\" data-id=\"905f167\" data-element_type=\"container\" data-e-type=\"container\">\n\t\t\t\t\t<div class=\"e-con-inner\">\n\t\t\t\t<div class=\"elementor-element elementor-element-a70162a elementor-widget elementor-widget-text-editor\" data-id=\"a70162a\" data-element_type=\"widget\" data-e-type=\"widget\" data-widget_type=\"text-editor.default\">\n\t\t\t\t<div class=\"elementor-widget-container\">\n\t\t\t\t\t\t\t\t\t<p>K\u00ebrkesat e pranueshm\u00ebris\u00eb p\u00ebr t\u00eb marr\u00eb pjes\u00eb n\u00eb lotarin\u00eb vjetore t\u00eb Kart\u00ebs s\u00eb Gjelb\u00ebr t\u00eb SHBA-s\u00eb jan\u00eb shum\u00eb t\u00eb thjeshta. Ato kan\u00eb t\u00eb b\u00ebjn\u00eb kryesisht me dy kritere q\u00eb duhen respektuar:<\/p>\n<h3>Ju duhet t\u00eb jeni shtetas i nj\u00eb vendi t\u00eb p\u00ebrshtatsh\u00ebm<\/h3>\n<p>Jo t\u00eb gjitha vendet kan\u00eb t\u00eb drejt\u00eb t\u00eb marrin pjes\u00eb n\u00eb <span style=\"text-decoration: underline;\"><a href=\"https:\/\/us-gc.net\/sq\/lotaria-green-card\/\">lotarin\u00eb e Kartonit t\u00eb Gjelb\u00ebr<\/a><\/span> . Shtetet e Bashkuara p\u00ebrpiqen t\u00eb ruajn\u00eb diversitetin brenda popullsis\u00eb s\u00eb saj emigrante. Shtetasit e vendeve ku m\u00eb shum\u00eb se 50,000 qytetar\u00eb kan\u00eb emigruar n\u00eb Shtetet e Bashkuara n\u00eb pes\u00eb vitet e fundit nuk mund t\u00eb p\u00ebrpiqen t\u00eb fitojn\u00eb nj\u00eb <span style=\"text-decoration: underline;\"><a href=\"https:\/\/us-gc.net\/sq\/\">karton jeshil<\/a><\/span> . Lista e vendeve, shtetasit e t\u00eb cil\u00ebve nuk mund t\u00eb marrin pjes\u00eb publikohet \u00e7do vit nga USCIS. K\u00ebtu \u00ebsht\u00eb lista e vendeve q\u00eb nuk lejohen t\u00eb marrin pjes\u00eb n\u00eb shortin <span style=\"text-decoration: underline;\"><a href=\"https:\/\/us-gc.net\/sq\/lotaria-green-card-2025\/\">e llotaris\u00eb s\u00eb Kartonit t\u00eb Gjelb\u00ebr 2025<\/a><\/span> .<\/p>\n<h3>Ju duhet t\u00eb keni nj\u00eb nivel minimal t\u00eb arsimit t\u00eb lart\u00eb<\/h3>\n<p>P\u00ebr t\u00eb marr\u00eb pjes\u00eb n\u00eb <span style=\"text-decoration: underline;\"><a href=\"https:\/\/us-gc.net\/sq\/amerikano-karton-jeshil-llotari\/\">shortin e kartonit jeshil<\/a><\/span> duhet t\u00eb keni nj\u00eb nivel minimal akademik. Ky nivel m\u00eb i lart\u00eb arsimor mund t\u00eb justifikohet n\u00eb dy m\u00ebnyra:<\/p>\n<ul>\n<li>T\u00eb ket\u00eb marr\u00eb nj\u00eb diplom\u00eb ose ekuivalent;<\/li>\n<li>T\u00eb ket\u00eb mbajtur nj\u00eb pozicion gjat\u00eb 5 viteve t\u00eb fundit q\u00eb zgjat 2 vjet ose m\u00eb shum\u00eb, q\u00eb k\u00ebrkon nj\u00eb nivel trajnimi ose p\u00ebrvoj\u00eb t\u00eb pakt\u00ebn 2 vjet.<\/li>\n<\/ul>\n\t\t\t\t\t\t\t\t<\/div>\n\t\t\t\t<\/div>\n\t\t\t\t\t<\/div>\n\t\t\t\t<\/div>\n\t\t<div class=\"elementor-element elementor-element-6a0528e e-flex e-con-boxed e-con e-parent\" data-id=\"6a0528e\" data-element_type=\"container\" data-e-type=\"container\">\n\t\t\t\t\t<div class=\"e-con-inner\">\n\t\t\t\t<div class=\"elementor-element elementor-element-57b8aba elementor-widget elementor-widget-heading\" data-id=\"57b8aba\" data-element_type=\"widget\" data-e-type=\"widget\" data-widget_type=\"heading.default\">\n\t\t\t\t<div class=\"elementor-widget-container\">\n\t\t\t\t\t<h2 class=\"elementor-heading-title elementor-size-default\">Rezultatet e Lotaris\u00eb s\u00eb Kartonit t\u00eb Gjelb\u00ebr<\/h2>\t\t\t\t<\/div>\n\t\t\t\t<\/div>\n\t\t\t\t\t<\/div>\n\t\t\t\t<\/div>\n\t\t<div class=\"elementor-element elementor-element-5bfb210 e-flex e-con-boxed e-con e-parent\" data-id=\"5bfb210\" data-element_type=\"container\" data-e-type=\"container\">\n\t\t\t\t\t<div class=\"e-con-inner\">\n\t\t\t\t<div class=\"elementor-element elementor-element-2e3ef98 elementor-widget elementor-widget-text-editor\" data-id=\"2e3ef98\" data-element_type=\"widget\" data-e-type=\"widget\" data-widget_type=\"text-editor.default\">\n\t\t\t\t<div class=\"elementor-widget-container\">\n\t\t\t\t\t\t\t\t\t<p><span style=\"text-decoration: underline;\"><a href=\"https:\/\/us-gc.net\/sq\/gjelber-llotari-rezultatet\/\">Rezultatet e Lotaris\u00eb s\u00eb Kartonit t\u00eb Gjelb\u00ebr<\/a><\/span> publikohen \u00e7do vit n\u00eb internet. P\u00ebr t\u00eb gjith\u00eb aplikant\u00ebt q\u00eb fitojn\u00eb shortin e shortit, nis procesi i marrjes s\u00eb Kartonit Jeshil. Ky proces zhvillohet p\u00ebr disa muaj. Hapi i fundit \u00ebsht\u00eb nj\u00eb <span style=\"text-decoration: underline;\"><a href=\"https:\/\/us-gc.net\/sq\/green-card-interview\/\">intervist\u00eb p\u00ebr t\u00eb marr\u00eb Kart\u00ebn e Gjelb\u00ebr<\/a><\/span> . Kjo intervist\u00eb zhvillohet me nj\u00eb agjent t\u00eb USCIS dhe ndihmon n\u00eb finalizimin e procesit.<\/p>\n\t\t\t\t\t\t\t\t<\/div>\n\t\t\t\t<\/div>\n\t\t\t\t\t<\/div>\n\t\t\t\t<\/div>\n\t\t\t\t<\/div>\n\t\t","protected":false},"excerpt":{"rendered":"<p>Formulari i regjistrimit t\u00eb Lotaris\u00eb s\u00eb Kartonit t\u00eb Gjelb\u00ebr Regjistrimi p\u00ebr shortin e ardhsh\u00ebm t\u00eb Kartonit Jeshil kryhet t\u00ebr\u00ebsisht online n\u00eb internet. Formulari k\u00ebrkon vet\u00ebm disa minuta p\u00ebr t&#8217;u plot\u00ebsuar. Siguroni aplikimin tuaj sa m\u00eb shpejt q\u00eb t\u00eb jet\u00eb e mundur p\u00ebr t\u00eb mos humbur afatin e regjistrimit. Formulari i regjistrimit plot\u00ebsohet mjaft shpejt. Ju [&hellip;]<\/p>\n","protected":false},"author":1,"featured_media":0,"parent":0,"menu_order":0,"comment_status":"closed","ping_status":"closed","template":"","meta":{"footnotes":""},"class_list":["post-2520","page","type-page","status-publish","hentry"],"yoast_head":"<!-- This site is optimized with the Yoast SEO plugin v27.4 - https:\/\/yoast.com\/product\/yoast-seo-wordpress\/ -->\n<title>Formulari i regjistrimit online t\u00eb Lotaris\u00eb s\u00eb Kartonit t\u00eb Gjelb\u00ebr - USA GC<\/title>\n<meta name=\"description\" content=\"Regjistrohuni drejtp\u00ebrdrejt n\u00eb internet p\u00ebr t\u00eb marr\u00eb pjes\u00eb n\u00eb shortin e ardhsh\u00ebm t\u00eb llotaris\u00eb s\u00eb Kartonit t\u00eb Gjelb\u00ebr Amerikan\" \/>\n<meta name=\"robots\" content=\"index, follow, max-snippet:-1, max-image-preview:large, max-video-preview:-1\" \/>\n<link rel=\"canonical\" href=\"https:\/\/us-gc.net\/sq\/green-card-llotari-formular\/\" \/>\n<meta property=\"og:locale\" content=\"sq_AL\" \/>\n<meta property=\"og:type\" content=\"article\" \/>\n<meta property=\"og:title\" content=\"Formulari i regjistrimit online t\u00eb Lotaris\u00eb s\u00eb Kartonit t\u00eb Gjelb\u00ebr - USA GC\" \/>\n<meta property=\"og:description\" content=\"Regjistrohuni drejtp\u00ebrdrejt n\u00eb internet p\u00ebr t\u00eb marr\u00eb pjes\u00eb n\u00eb shortin e ardhsh\u00ebm t\u00eb llotaris\u00eb s\u00eb Kartonit t\u00eb Gjelb\u00ebr Amerikan\" \/>\n<meta property=\"og:url\" content=\"https:\/\/us-gc.net\/sq\/green-card-llotari-formular\/\" \/>\n<meta property=\"og:site_name\" content=\"USA GC\" \/>\n<meta property=\"article:modified_time\" content=\"2025-03-31T10:05:57+00:00\" \/>\n<meta name=\"twitter:card\" content=\"summary_large_image\" \/>\n<meta name=\"twitter:label1\" content=\"Est. reading time\" \/>\n\t<meta name=\"twitter:data1\" content=\"2 minutes\" \/>\n<script type=\"application\/ld+json\" class=\"yoast-schema-graph\">{\"@context\":\"https:\\\/\\\/schema.org\",\"@graph\":[{\"@type\":\"WebPage\",\"@id\":\"https:\\\/\\\/us-gc.net\\\/sq\\\/green-card-llotari-formular\\\/\",\"url\":\"https:\\\/\\\/us-gc.net\\\/sq\\\/green-card-llotari-formular\\\/\",\"name\":\"Formulari i regjistrimit online t\u00eb Lotaris\u00eb s\u00eb Kartonit t\u00eb Gjelb\u00ebr - USA GC\",\"isPartOf\":{\"@id\":\"https:\\\/\\\/us-gc.net\\\/sq\\\/#website\"},\"datePublished\":\"2024-02-01T08:19:27+00:00\",\"dateModified\":\"2025-03-31T10:05:57+00:00\",\"description\":\"Regjistrohuni drejtp\u00ebrdrejt n\u00eb internet p\u00ebr t\u00eb marr\u00eb pjes\u00eb n\u00eb shortin e ardhsh\u00ebm t\u00eb llotaris\u00eb s\u00eb Kartonit t\u00eb Gjelb\u00ebr Amerikan\",\"breadcrumb\":{\"@id\":\"https:\\\/\\\/us-gc.net\\\/sq\\\/green-card-llotari-formular\\\/#breadcrumb\"},\"inLanguage\":\"sq-AL\",\"potentialAction\":[{\"@type\":\"ReadAction\",\"target\":[\"https:\\\/\\\/us-gc.net\\\/sq\\\/green-card-llotari-formular\\\/\"]}]},{\"@type\":\"BreadcrumbList\",\"@id\":\"https:\\\/\\\/us-gc.net\\\/sq\\\/green-card-llotari-formular\\\/#breadcrumb\",\"itemListElement\":[{\"@type\":\"ListItem\",\"position\":1,\"name\":\"Accueil\",\"item\":\"https:\\\/\\\/us-gc.net\\\/sq\\\/green-card\\\/\"},{\"@type\":\"ListItem\",\"position\":2,\"name\":\"Formulari i regjistrimit online t\u00eb Lotaris\u00eb s\u00eb Kartonit t\u00eb Gjelb\u00ebr\"}]},{\"@type\":\"WebSite\",\"@id\":\"https:\\\/\\\/us-gc.net\\\/sq\\\/#website\",\"url\":\"https:\\\/\\\/us-gc.net\\\/sq\\\/\",\"name\":\"USA GC\",\"description\":\"\",\"potentialAction\":[{\"@type\":\"SearchAction\",\"target\":{\"@type\":\"EntryPoint\",\"urlTemplate\":\"https:\\\/\\\/us-gc.net\\\/sq\\\/?s={search_term_string}\"},\"query-input\":{\"@type\":\"PropertyValueSpecification\",\"valueRequired\":true,\"valueName\":\"search_term_string\"}}],\"inLanguage\":\"sq-AL\"}]}<\/script>\n<!-- \/ Yoast SEO plugin. -->","yoast_head_json":{"title":"Formulari i regjistrimit online t\u00eb Lotaris\u00eb s\u00eb Kartonit t\u00eb Gjelb\u00ebr - USA GC","description":"Regjistrohuni drejtp\u00ebrdrejt n\u00eb internet p\u00ebr t\u00eb marr\u00eb pjes\u00eb n\u00eb shortin e ardhsh\u00ebm t\u00eb llotaris\u00eb s\u00eb Kartonit t\u00eb Gjelb\u00ebr Amerikan","robots":{"index":"index","follow":"follow","max-snippet":"max-snippet:-1","max-image-preview":"max-image-preview:large","max-video-preview":"max-video-preview:-1"},"canonical":"https:\/\/us-gc.net\/sq\/green-card-llotari-formular\/","og_locale":"sq_AL","og_type":"article","og_title":"Formulari i regjistrimit online t\u00eb Lotaris\u00eb s\u00eb Kartonit t\u00eb Gjelb\u00ebr - USA GC","og_description":"Regjistrohuni drejtp\u00ebrdrejt n\u00eb internet p\u00ebr t\u00eb marr\u00eb pjes\u00eb n\u00eb shortin e ardhsh\u00ebm t\u00eb llotaris\u00eb s\u00eb Kartonit t\u00eb Gjelb\u00ebr Amerikan","og_url":"https:\/\/us-gc.net\/sq\/green-card-llotari-formular\/","og_site_name":"USA GC","article_modified_time":"2025-03-31T10:05:57+00:00","twitter_card":"summary_large_image","twitter_misc":{"Est. reading time":"2 minutes"},"schema":{"@context":"https:\/\/schema.org","@graph":[{"@type":"WebPage","@id":"https:\/\/us-gc.net\/sq\/green-card-llotari-formular\/","url":"https:\/\/us-gc.net\/sq\/green-card-llotari-formular\/","name":"Formulari i regjistrimit online t\u00eb Lotaris\u00eb s\u00eb Kartonit t\u00eb Gjelb\u00ebr - USA GC","isPartOf":{"@id":"https:\/\/us-gc.net\/sq\/#website"},"datePublished":"2024-02-01T08:19:27+00:00","dateModified":"2025-03-31T10:05:57+00:00","description":"Regjistrohuni drejtp\u00ebrdrejt n\u00eb internet p\u00ebr t\u00eb marr\u00eb pjes\u00eb n\u00eb shortin e ardhsh\u00ebm t\u00eb llotaris\u00eb s\u00eb Kartonit t\u00eb Gjelb\u00ebr Amerikan","breadcrumb":{"@id":"https:\/\/us-gc.net\/sq\/green-card-llotari-formular\/#breadcrumb"},"inLanguage":"sq-AL","potentialAction":[{"@type":"ReadAction","target":["https:\/\/us-gc.net\/sq\/green-card-llotari-formular\/"]}]},{"@type":"BreadcrumbList","@id":"https:\/\/us-gc.net\/sq\/green-card-llotari-formular\/#breadcrumb","itemListElement":[{"@type":"ListItem","position":1,"name":"Accueil","item":"https:\/\/us-gc.net\/sq\/green-card\/"},{"@type":"ListItem","position":2,"name":"Formulari i regjistrimit online t\u00eb Lotaris\u00eb s\u00eb Kartonit t\u00eb Gjelb\u00ebr"}]},{"@type":"WebSite","@id":"https:\/\/us-gc.net\/sq\/#website","url":"https:\/\/us-gc.net\/sq\/","name":"USA GC","description":"","potentialAction":[{"@type":"SearchAction","target":{"@type":"EntryPoint","urlTemplate":"https:\/\/us-gc.net\/sq\/?s={search_term_string}"},"query-input":{"@type":"PropertyValueSpecification","valueRequired":true,"valueName":"search_term_string"}}],"inLanguage":"sq-AL"}]}},"_links":{"self":[{"href":"https:\/\/us-gc.net\/sq\/wp-json\/wp\/v2\/pages\/2520","targetHints":{"allow":["GET"]}}],"collection":[{"href":"https:\/\/us-gc.net\/sq\/wp-json\/wp\/v2\/pages"}],"about":[{"href":"https:\/\/us-gc.net\/sq\/wp-json\/wp\/v2\/types\/page"}],"author":[{"embeddable":true,"href":"https:\/\/us-gc.net\/sq\/wp-json\/wp\/v2\/users\/1"}],"replies":[{"embeddable":true,"href":"https:\/\/us-gc.net\/sq\/wp-json\/wp\/v2\/comments?post=2520"}],"version-history":[{"count":4,"href":"https:\/\/us-gc.net\/sq\/wp-json\/wp\/v2\/pages\/2520\/revisions"}],"predecessor-version":[{"id":10089,"href":"https:\/\/us-gc.net\/sq\/wp-json\/wp\/v2\/pages\/2520\/revisions\/10089"}],"wp:attachment":[{"href":"https:\/\/us-gc.net\/sq\/wp-json\/wp\/v2\/media?parent=2520"}],"curies":[{"name":"wp","href":"https:\/\/api.w.org\/{rel}","templated":true}]}}