{"id":2504,"date":"2024-01-31T08:01:49","date_gmt":"2024-01-31T08:01:49","guid":{"rendered":"https:\/\/green-card-usa.net\/privacy-policy\/"},"modified":"2025-03-31T11:22:14","modified_gmt":"2025-03-31T11:22:14","slug":"privacy-policy","status":"publish","type":"page","link":"https:\/\/us-gc.net\/sq\/privacy-policy\/","title":{"rendered":"Politika e privat\u00ebsis\u00eb s\u00eb t\u00eb dh\u00ebnave personale"},"content":{"rendered":"\n<h1 class=\"wp-block-heading\" id=\"h-politique-de-confidentialite\">Politika e privat\u00ebsis\u00eb<\/h1>\n\n<p>Ne jemi nj\u00eb faqe informative p\u00ebr tregun amerikan t\u00eb pun\u00ebs. Ne nuk ofrojm\u00eb asnj\u00eb sh\u00ebrbim online dhe nuk kemi nj\u00eb formular regjistrimi n\u00eb faqe. Formulari i vet\u00ebm n\u00eb faqe \u00ebsht\u00eb <a href=\"https:\/\/us-gc.net\/sq\/kontakt\/\">formulari yn\u00eb i kontaktit<\/a> .<\/p>\n\n<h2 class=\"wp-block-heading\" id=\"h-la-collecte-d-informations-sur-le-site\">Mbledhja e informacionit n\u00eb sit<\/h2>\n\n<p>K\u00ebtu \u00ebsht\u00eb lista e informacioneve personale q\u00eb mund t\u00eb mblidhen n\u00eb faqen ton\u00eb:<\/p>\n\n<ul class=\"wp-block-list\">\n<li>Informacioni i kontaktit kur i d\u00ebrgoni nj\u00eb email ekipit ton\u00eb t\u00eb mb\u00ebshtetjes, si p.sh. emri, mbiemri, emaili. Informacioni q\u00eb p\u00ebrmban emailet q\u00eb na d\u00ebrgoni.<\/li>\n<\/ul>\n\n<div style=\"height:10px\" aria-hidden=\"true\" class=\"wp-block-spacer\"><\/div>\n\n<h2 class=\"wp-block-heading\" id=\"h-duree-de-conservation-des-donnees\">Periudha e ruajtjes s\u00eb t\u00eb dh\u00ebnave<\/h2>\n\n<p>T\u00eb dh\u00ebnat e mbledhura fshihen rregullisht, kjo do t\u00eb thot\u00eb se ne nuk mbajm\u00eb asnj\u00eb p\u00ebrmbajtje emaili q\u00eb na \u00ebsht\u00eb d\u00ebrguar p\u00ebr m\u00eb shum\u00eb se nj\u00eb jav\u00eb.  <\/p>\n\n<p>P\u00ebrdit\u00ebsimi i informacionit t\u00eb ruajtur: Ju lutemi na tregoni n\u00ebse d\u00ebshironi q\u00eb informacioni personal q\u00eb mbajm\u00eb p\u00ebr ju t\u00eb korrigjohet ose p\u00ebrdit\u00ebsohet gjat\u00eb periudh\u00ebs s\u00eb ruajtjes s\u00eb tij.<\/p>\n\n<h2 class=\"wp-block-heading\" id=\"h-securite-de-vos-donnees-personnelles\">Siguria e t\u00eb dh\u00ebnave tuaja personale<\/h2>\n\n<p>Ne marrim masa paraprake teknike p\u00ebr t\u00eb parandaluar vjedhjen e informacionit personal q\u00eb gjendet n\u00eb baz\u00ebn ton\u00eb t\u00eb t\u00eb dh\u00ebnave gjat\u00eb periudh\u00ebs s\u00eb ruajtjes s\u00eb tij, edhe n\u00ebse \u00ebsht\u00eb i kufizuar. Ne do t\u00eb ruajm\u00eb t\u00eb gjitha informacionet personale t\u00eb transmetuara n\u00eb server\u00ebt tan\u00eb t\u00eb sigurt.<\/p>\n\n<p>Ju e pranoni iden\u00eb se d\u00ebrgimi i informacionit n\u00ebp\u00ebrmjet internetit n\u00eb p\u00ebrgjith\u00ebsi nuk \u00ebsht\u00eb shum\u00eb i sigurt. \u00cbsht\u00eb pothuajse e pamundur p\u00ebr ne t\u00eb garantojm\u00eb sigurin\u00eb e plot\u00eb t\u00eb t\u00eb dh\u00ebnave tuaja t\u00eb transmetuara.<\/p>\n\n<h2 class=\"wp-block-heading\" id=\"h-vos-droits-en-matiere-de-donnees-personnelles\">T\u00eb drejtat tuaja n\u00eb lidhje me t\u00eb dh\u00ebnat personale<\/h2>\n\n<p>Ju keni t\u00eb drejt\u00eb t\u00eb na k\u00ebrkoni t&#8217;ju ofrojm\u00eb \u00e7do informacion personal q\u00eb kemi p\u00ebr ju; Ky transmetim mund t\u00eb b\u00ebhet me paraqitjen e v\u00ebrtetimit t\u00eb identitetit tuaj (fotokopje e v\u00ebrtetuar e pasaport\u00ebs + fatur\u00eb q\u00eb tregon adres\u00ebn tuaj personale).<\/p>\n\n<h2 class=\"wp-block-heading\" id=\"h-mise-a-jour-de-cette-politique-de-confidentialite\">P\u00ebrdit\u00ebsimi i k\u00ebsaj politike t\u00eb privat\u00ebsis\u00eb<\/h2>\n\n<p>Ne e p\u00ebrdit\u00ebsojm\u00eb rregullisht k\u00ebt\u00eb politik\u00eb. \u00cbsht\u00eb e nevojshme t\u00eb kontrolloni k\u00ebt\u00eb faqe kur p\u00ebrdorni faqen p\u00ebr ndryshime n\u00eb privat\u00ebsin\u00eb e t\u00eb dh\u00ebnave personale.<\/p>\n\n<h2 class=\"wp-block-heading\" id=\"h-liens-contextuels-vers-des-sites-web-tiers\">Lidhje kontekstuale me faqet e internetit t\u00eb pal\u00ebve t\u00eb treta<\/h2>\n\n<p>Faqja jon\u00eb e internetit p\u00ebrmban lidhje hiperteksti q\u00eb \u00e7ojn\u00eb n\u00eb faqet e internetit t\u00eb pal\u00ebve t\u00eb treta. Ne nuk kemi asnj\u00eb kontroll mbi k\u00ebto sajte dhe nuk jemi p\u00ebrgjegj\u00ebs p\u00ebr politikat e tyre t\u00eb privat\u00ebsis\u00eb ose praktikat e tyre t\u00eb biznesit ose marketingut. K\u00ebto lidhje nuk p\u00ebrfshijn\u00eb p\u00ebrgjegj\u00ebsin\u00eb ton\u00eb n\u00eb asnj\u00eb m\u00ebnyr\u00eb.<\/p>\n","protected":false},"excerpt":{"rendered":"<p>Politika e privat\u00ebsis\u00eb Ne jemi nj\u00eb faqe informative p\u00ebr tregun amerikan t\u00eb pun\u00ebs. Ne nuk ofrojm\u00eb asnj\u00eb sh\u00ebrbim online dhe nuk kemi nj\u00eb formular regjistrimi n\u00eb faqe. Formulari i vet\u00ebm n\u00eb faqe \u00ebsht\u00eb formulari yn\u00eb i kontaktit . Mbledhja e informacionit n\u00eb sit K\u00ebtu \u00ebsht\u00eb lista e informacioneve personale q\u00eb mund t\u00eb mblidhen n\u00eb faqen [&hellip;]<\/p>\n","protected":false},"author":1,"featured_media":0,"parent":0,"menu_order":0,"comment_status":"closed","ping_status":"closed","template":"","meta":{"footnotes":""},"class_list":["post-2504","page","type-page","status-publish","hentry"],"yoast_head":"<!-- This site is optimized with the Yoast SEO plugin v27.4 - https:\/\/yoast.com\/product\/yoast-seo-wordpress\/ -->\n<title>Politika e privat\u00ebsis\u00eb s\u00eb t\u00eb dh\u00ebnave personale - USA GC<\/title>\n<meta name=\"description\" content=\"Politika e detajuar e konfidencialitetit dhe respektimi i rregullave p\u00ebr mbrojtjen e t\u00eb dh\u00ebnave personale n\u00eb fuqi\" \/>\n<meta name=\"robots\" content=\"noindex, nofollow\" \/>\n<meta property=\"og:locale\" content=\"sq_AL\" \/>\n<meta property=\"og:type\" content=\"article\" \/>\n<meta property=\"og:title\" content=\"Politika e privat\u00ebsis\u00eb s\u00eb t\u00eb dh\u00ebnave personale - USA GC\" \/>\n<meta property=\"og:description\" content=\"Politika e detajuar e konfidencialitetit dhe respektimi i rregullave p\u00ebr mbrojtjen e t\u00eb dh\u00ebnave personale n\u00eb fuqi\" \/>\n<meta property=\"og:url\" content=\"https:\/\/us-gc.net\/sq\/privacy-policy\/\" \/>\n<meta property=\"og:site_name\" content=\"USA GC\" \/>\n<meta property=\"article:modified_time\" content=\"2025-03-31T11:22:14+00:00\" \/>\n<meta name=\"twitter:card\" content=\"summary_large_image\" \/>\n<meta name=\"twitter:label1\" content=\"Est. reading time\" \/>\n\t<meta name=\"twitter:data1\" content=\"2 minutes\" \/>\n<script type=\"application\/ld+json\" class=\"yoast-schema-graph\">{\"@context\":\"https:\\\/\\\/schema.org\",\"@graph\":[{\"@type\":\"WebPage\",\"@id\":\"https:\\\/\\\/us-gc.net\\\/sq\\\/privacy-policy\\\/\",\"url\":\"https:\\\/\\\/us-gc.net\\\/sq\\\/privacy-policy\\\/\",\"name\":\"Politika e privat\u00ebsis\u00eb s\u00eb t\u00eb dh\u00ebnave personale - USA GC\",\"isPartOf\":{\"@id\":\"https:\\\/\\\/us-gc.net\\\/sq\\\/#website\"},\"datePublished\":\"2024-01-31T08:01:49+00:00\",\"dateModified\":\"2025-03-31T11:22:14+00:00\",\"description\":\"Politika e detajuar e konfidencialitetit dhe respektimi i rregullave p\u00ebr mbrojtjen e t\u00eb dh\u00ebnave personale n\u00eb fuqi\",\"breadcrumb\":{\"@id\":\"https:\\\/\\\/us-gc.net\\\/sq\\\/privacy-policy\\\/#breadcrumb\"},\"inLanguage\":\"sq-AL\",\"potentialAction\":[{\"@type\":\"ReadAction\",\"target\":[\"https:\\\/\\\/us-gc.net\\\/sq\\\/privacy-policy\\\/\"]}]},{\"@type\":\"BreadcrumbList\",\"@id\":\"https:\\\/\\\/us-gc.net\\\/sq\\\/privacy-policy\\\/#breadcrumb\",\"itemListElement\":[{\"@type\":\"ListItem\",\"position\":1,\"name\":\"Accueil\",\"item\":\"https:\\\/\\\/us-gc.net\\\/sq\\\/green-card\\\/\"},{\"@type\":\"ListItem\",\"position\":2,\"name\":\"Politika e privat\u00ebsis\u00eb s\u00eb t\u00eb dh\u00ebnave personale\"}]},{\"@type\":\"WebSite\",\"@id\":\"https:\\\/\\\/us-gc.net\\\/sq\\\/#website\",\"url\":\"https:\\\/\\\/us-gc.net\\\/sq\\\/\",\"name\":\"USA GC\",\"description\":\"\",\"potentialAction\":[{\"@type\":\"SearchAction\",\"target\":{\"@type\":\"EntryPoint\",\"urlTemplate\":\"https:\\\/\\\/us-gc.net\\\/sq\\\/?s={search_term_string}\"},\"query-input\":{\"@type\":\"PropertyValueSpecification\",\"valueRequired\":true,\"valueName\":\"search_term_string\"}}],\"inLanguage\":\"sq-AL\"}]}<\/script>\n<!-- \/ Yoast SEO plugin. -->","yoast_head_json":{"title":"Politika e privat\u00ebsis\u00eb s\u00eb t\u00eb dh\u00ebnave personale - USA GC","description":"Politika e detajuar e konfidencialitetit dhe respektimi i rregullave p\u00ebr mbrojtjen e t\u00eb dh\u00ebnave personale n\u00eb fuqi","robots":{"index":"noindex","follow":"nofollow"},"og_locale":"sq_AL","og_type":"article","og_title":"Politika e privat\u00ebsis\u00eb s\u00eb t\u00eb dh\u00ebnave personale - USA GC","og_description":"Politika e detajuar e konfidencialitetit dhe respektimi i rregullave p\u00ebr mbrojtjen e t\u00eb dh\u00ebnave personale n\u00eb fuqi","og_url":"https:\/\/us-gc.net\/sq\/privacy-policy\/","og_site_name":"USA GC","article_modified_time":"2025-03-31T11:22:14+00:00","twitter_card":"summary_large_image","twitter_misc":{"Est. reading time":"2 minutes"},"schema":{"@context":"https:\/\/schema.org","@graph":[{"@type":"WebPage","@id":"https:\/\/us-gc.net\/sq\/privacy-policy\/","url":"https:\/\/us-gc.net\/sq\/privacy-policy\/","name":"Politika e privat\u00ebsis\u00eb s\u00eb t\u00eb dh\u00ebnave personale - USA GC","isPartOf":{"@id":"https:\/\/us-gc.net\/sq\/#website"},"datePublished":"2024-01-31T08:01:49+00:00","dateModified":"2025-03-31T11:22:14+00:00","description":"Politika e detajuar e konfidencialitetit dhe respektimi i rregullave p\u00ebr mbrojtjen e t\u00eb dh\u00ebnave personale n\u00eb fuqi","breadcrumb":{"@id":"https:\/\/us-gc.net\/sq\/privacy-policy\/#breadcrumb"},"inLanguage":"sq-AL","potentialAction":[{"@type":"ReadAction","target":["https:\/\/us-gc.net\/sq\/privacy-policy\/"]}]},{"@type":"BreadcrumbList","@id":"https:\/\/us-gc.net\/sq\/privacy-policy\/#breadcrumb","itemListElement":[{"@type":"ListItem","position":1,"name":"Accueil","item":"https:\/\/us-gc.net\/sq\/green-card\/"},{"@type":"ListItem","position":2,"name":"Politika e privat\u00ebsis\u00eb s\u00eb t\u00eb dh\u00ebnave personale"}]},{"@type":"WebSite","@id":"https:\/\/us-gc.net\/sq\/#website","url":"https:\/\/us-gc.net\/sq\/","name":"USA GC","description":"","potentialAction":[{"@type":"SearchAction","target":{"@type":"EntryPoint","urlTemplate":"https:\/\/us-gc.net\/sq\/?s={search_term_string}"},"query-input":{"@type":"PropertyValueSpecification","valueRequired":true,"valueName":"search_term_string"}}],"inLanguage":"sq-AL"}]}},"_links":{"self":[{"href":"https:\/\/us-gc.net\/sq\/wp-json\/wp\/v2\/pages\/2504","targetHints":{"allow":["GET"]}}],"collection":[{"href":"https:\/\/us-gc.net\/sq\/wp-json\/wp\/v2\/pages"}],"about":[{"href":"https:\/\/us-gc.net\/sq\/wp-json\/wp\/v2\/types\/page"}],"author":[{"embeddable":true,"href":"https:\/\/us-gc.net\/sq\/wp-json\/wp\/v2\/users\/1"}],"replies":[{"embeddable":true,"href":"https:\/\/us-gc.net\/sq\/wp-json\/wp\/v2\/comments?post=2504"}],"version-history":[{"count":2,"href":"https:\/\/us-gc.net\/sq\/wp-json\/wp\/v2\/pages\/2504\/revisions"}],"predecessor-version":[{"id":8672,"href":"https:\/\/us-gc.net\/sq\/wp-json\/wp\/v2\/pages\/2504\/revisions\/8672"}],"wp:attachment":[{"href":"https:\/\/us-gc.net\/sq\/wp-json\/wp\/v2\/media?parent=2504"}],"curies":[{"name":"wp","href":"https:\/\/api.w.org\/{rel}","templated":true}]}}