{"id":2488,"date":"2024-01-31T07:59:57","date_gmt":"2024-01-31T07:59:57","guid":{"rendered":"https:\/\/green-card-usa.net\/njoftim-ligjor\/"},"modified":"2025-03-31T10:09:47","modified_gmt":"2025-03-31T10:09:47","slug":"njoftim-ligjor","status":"publish","type":"page","link":"https:\/\/us-gc.net\/sq\/njoftim-ligjor\/","title":{"rendered":"Njoftimet ligjore t\u00eb faqes s\u00eb internetit"},"content":{"rendered":"\n<h1 class=\"wp-block-heading\" id=\"h-mentions-legales-du-site\">Njoftimet ligjore t\u00eb faqes<\/h1>\n\n<h2 class=\"wp-block-heading\" id=\"h-editeur-du-site\">Redaktori i faqes<\/h2>\n\n<p>Ne jemi nj\u00eb faqe interneti informuese p\u00ebr tregun e pun\u00ebs n\u00eb Shtetet e Bashkuara. Faqja jon\u00eb \u00ebsht\u00eb publikuar nga kompania private sipas ligjit maltez <a href=\"https:\/\/alma-consulting.org\/\">Alma Consulting<\/a> . Ne jemi t\u00eb pavarur nga \u00e7do administrat\u00eb publike.    <\/p>\n\n<p>Menaxheri i publikimit t\u00eb faqes \u00ebsht\u00eb Z. Kevin Borg. P\u00ebr t\u00eb na kontaktuar duhet t\u00eb p\u00ebrdorni <a href=\"https:\/\/us-gc.net\/sq\/kontakt\/\">formularin e kontaktit<\/a> .<\/p>\n\n<h2 class=\"wp-block-heading\" id=\"h-hebergement-du-site\">Pritja e faqes<\/h2>\n\n<p>Faqja e internetit \u00ebsht\u00eb pritur nga kompania OVH, selia e s\u00eb cil\u00ebs ndodhet n\u00eb Roubaix n\u00eb Franc\u00eb.\nOVH \u00ebsht\u00eb nj\u00eb kompani e regjistruar n\u00eb regjistrin e kompanive Lille M\u00e9tropole me numrin B424 761 419. <\/p>\n\n<h2 class=\"wp-block-heading\" id=\"h-traitement-des-donnees-personnelles\">P\u00ebrpunimi i t\u00eb dh\u00ebnave personale<\/h2>\n\n<p>Ne nuk mbledhim asnj\u00eb t\u00eb dh\u00ebn\u00eb personale p\u00ebrmes nj\u00eb formulari n\u00eb internet. Procesi i vet\u00ebm i regjistrimit t\u00eb informacionit personal t\u00eb vizitorit t\u00eb faqes ka t\u00eb b\u00ebj\u00eb me informacionin e p\u00ebrmendur n\u00eb formularin e kontaktit. Ky informacion shkat\u00ebrrohet dhe nuk ruhet pas p\u00ebrpunimit t\u00eb emailit t\u00eb marr\u00eb. <\/p>\n\n<p>P\u00ebr sa i p\u00ebrket skedar\u00ebve t\u00eb navigimit, vizitori mund t\u00eb bllokoj\u00eb vet\u00eb p\u00ebrdorimin e skedar\u00ebve t\u00eb navigimit n\u00eb shfletuesin e tij t\u00eb internetit. Ai gjithashtu ka t\u00eb drejt\u00eb t\u00eb aksesoj\u00eb, modifikoj\u00eb, korrigjoj\u00eb dhe fshij\u00eb k\u00ebto t\u00eb dh\u00ebna. P\u00ebr t\u00eb ushtruar k\u00ebt\u00eb t\u00eb drejt\u00eb, ai mund t\u00eb na kontaktoj\u00eb duke p\u00ebrdorur <a href=\"https:\/\/us-gc.net\/sq\/kontakt\/\">formularin e kontaktit<\/a> .<\/p>\n","protected":false},"excerpt":{"rendered":"<p>Njoftimet ligjore t\u00eb faqes Redaktori i faqes Ne jemi nj\u00eb faqe interneti informuese p\u00ebr tregun e pun\u00ebs n\u00eb Shtetet e Bashkuara. Faqja jon\u00eb \u00ebsht\u00eb publikuar nga kompania private sipas ligjit maltez Alma Consulting . Ne jemi t\u00eb pavarur nga \u00e7do administrat\u00eb publike. Menaxheri i publikimit t\u00eb faqes \u00ebsht\u00eb Z. Kevin Borg. P\u00ebr t\u00eb na kontaktuar [&hellip;]<\/p>\n","protected":false},"author":1,"featured_media":0,"parent":0,"menu_order":0,"comment_status":"closed","ping_status":"closed","template":"","meta":{"footnotes":""},"class_list":["post-2488","page","type-page","status-publish","hentry"],"yoast_head":"<!-- This site is optimized with the Yoast SEO plugin v27.4 - https:\/\/yoast.com\/product\/yoast-seo-wordpress\/ -->\n<title>Njoftimet ligjore t\u00eb faqes s\u00eb internetit - USA GC<\/title>\n<meta name=\"description\" content=\"Njoftimet ligjore t\u00eb faqes us-gc.net, faqe informacioni mbi tregun e pun\u00ebsimit dhe imigracionit n\u00eb SHBA\" \/>\n<meta name=\"robots\" content=\"noindex, nofollow\" \/>\n<meta property=\"og:locale\" content=\"sq_AL\" \/>\n<meta property=\"og:type\" content=\"article\" \/>\n<meta property=\"og:title\" content=\"Njoftimet ligjore t\u00eb faqes s\u00eb internetit - USA GC\" \/>\n<meta property=\"og:description\" content=\"Njoftimet ligjore t\u00eb faqes us-gc.net, faqe informacioni mbi tregun e pun\u00ebsimit dhe imigracionit n\u00eb SHBA\" \/>\n<meta property=\"og:url\" content=\"https:\/\/us-gc.net\/sq\/njoftim-ligjor\/\" \/>\n<meta property=\"og:site_name\" content=\"USA GC\" \/>\n<meta property=\"article:modified_time\" content=\"2025-03-31T10:09:47+00:00\" \/>\n<meta name=\"twitter:card\" content=\"summary_large_image\" \/>\n<meta name=\"twitter:label1\" content=\"Est. reading time\" \/>\n\t<meta name=\"twitter:data1\" content=\"1 minute\" \/>\n<script type=\"application\/ld+json\" class=\"yoast-schema-graph\">{\"@context\":\"https:\\\/\\\/schema.org\",\"@graph\":[{\"@type\":\"WebPage\",\"@id\":\"https:\\\/\\\/us-gc.net\\\/sq\\\/njoftim-ligjor\\\/\",\"url\":\"https:\\\/\\\/us-gc.net\\\/sq\\\/njoftim-ligjor\\\/\",\"name\":\"Njoftimet ligjore t\u00eb faqes s\u00eb internetit - USA GC\",\"isPartOf\":{\"@id\":\"https:\\\/\\\/us-gc.net\\\/sq\\\/#website\"},\"datePublished\":\"2024-01-31T07:59:57+00:00\",\"dateModified\":\"2025-03-31T10:09:47+00:00\",\"description\":\"Njoftimet ligjore t\u00eb faqes us-gc.net, faqe informacioni mbi tregun e pun\u00ebsimit dhe imigracionit n\u00eb SHBA\",\"breadcrumb\":{\"@id\":\"https:\\\/\\\/us-gc.net\\\/sq\\\/njoftim-ligjor\\\/#breadcrumb\"},\"inLanguage\":\"sq-AL\",\"potentialAction\":[{\"@type\":\"ReadAction\",\"target\":[\"https:\\\/\\\/us-gc.net\\\/sq\\\/njoftim-ligjor\\\/\"]}]},{\"@type\":\"BreadcrumbList\",\"@id\":\"https:\\\/\\\/us-gc.net\\\/sq\\\/njoftim-ligjor\\\/#breadcrumb\",\"itemListElement\":[{\"@type\":\"ListItem\",\"position\":1,\"name\":\"Accueil\",\"item\":\"https:\\\/\\\/us-gc.net\\\/sq\\\/green-card\\\/\"},{\"@type\":\"ListItem\",\"position\":2,\"name\":\"Njoftimet ligjore t\u00eb faqes s\u00eb internetit\"}]},{\"@type\":\"WebSite\",\"@id\":\"https:\\\/\\\/us-gc.net\\\/sq\\\/#website\",\"url\":\"https:\\\/\\\/us-gc.net\\\/sq\\\/\",\"name\":\"USA GC\",\"description\":\"\",\"potentialAction\":[{\"@type\":\"SearchAction\",\"target\":{\"@type\":\"EntryPoint\",\"urlTemplate\":\"https:\\\/\\\/us-gc.net\\\/sq\\\/?s={search_term_string}\"},\"query-input\":{\"@type\":\"PropertyValueSpecification\",\"valueRequired\":true,\"valueName\":\"search_term_string\"}}],\"inLanguage\":\"sq-AL\"}]}<\/script>\n<!-- \/ Yoast SEO plugin. -->","yoast_head_json":{"title":"Njoftimet ligjore t\u00eb faqes s\u00eb internetit - USA GC","description":"Njoftimet ligjore t\u00eb faqes us-gc.net, faqe informacioni mbi tregun e pun\u00ebsimit dhe imigracionit n\u00eb SHBA","robots":{"index":"noindex","follow":"nofollow"},"og_locale":"sq_AL","og_type":"article","og_title":"Njoftimet ligjore t\u00eb faqes s\u00eb internetit - USA GC","og_description":"Njoftimet ligjore t\u00eb faqes us-gc.net, faqe informacioni mbi tregun e pun\u00ebsimit dhe imigracionit n\u00eb SHBA","og_url":"https:\/\/us-gc.net\/sq\/njoftim-ligjor\/","og_site_name":"USA GC","article_modified_time":"2025-03-31T10:09:47+00:00","twitter_card":"summary_large_image","twitter_misc":{"Est. reading time":"1 minute"},"schema":{"@context":"https:\/\/schema.org","@graph":[{"@type":"WebPage","@id":"https:\/\/us-gc.net\/sq\/njoftim-ligjor\/","url":"https:\/\/us-gc.net\/sq\/njoftim-ligjor\/","name":"Njoftimet ligjore t\u00eb faqes s\u00eb internetit - USA GC","isPartOf":{"@id":"https:\/\/us-gc.net\/sq\/#website"},"datePublished":"2024-01-31T07:59:57+00:00","dateModified":"2025-03-31T10:09:47+00:00","description":"Njoftimet ligjore t\u00eb faqes us-gc.net, faqe informacioni mbi tregun e pun\u00ebsimit dhe imigracionit n\u00eb SHBA","breadcrumb":{"@id":"https:\/\/us-gc.net\/sq\/njoftim-ligjor\/#breadcrumb"},"inLanguage":"sq-AL","potentialAction":[{"@type":"ReadAction","target":["https:\/\/us-gc.net\/sq\/njoftim-ligjor\/"]}]},{"@type":"BreadcrumbList","@id":"https:\/\/us-gc.net\/sq\/njoftim-ligjor\/#breadcrumb","itemListElement":[{"@type":"ListItem","position":1,"name":"Accueil","item":"https:\/\/us-gc.net\/sq\/green-card\/"},{"@type":"ListItem","position":2,"name":"Njoftimet ligjore t\u00eb faqes s\u00eb internetit"}]},{"@type":"WebSite","@id":"https:\/\/us-gc.net\/sq\/#website","url":"https:\/\/us-gc.net\/sq\/","name":"USA GC","description":"","potentialAction":[{"@type":"SearchAction","target":{"@type":"EntryPoint","urlTemplate":"https:\/\/us-gc.net\/sq\/?s={search_term_string}"},"query-input":{"@type":"PropertyValueSpecification","valueRequired":true,"valueName":"search_term_string"}}],"inLanguage":"sq-AL"}]}},"_links":{"self":[{"href":"https:\/\/us-gc.net\/sq\/wp-json\/wp\/v2\/pages\/2488","targetHints":{"allow":["GET"]}}],"collection":[{"href":"https:\/\/us-gc.net\/sq\/wp-json\/wp\/v2\/pages"}],"about":[{"href":"https:\/\/us-gc.net\/sq\/wp-json\/wp\/v2\/types\/page"}],"author":[{"embeddable":true,"href":"https:\/\/us-gc.net\/sq\/wp-json\/wp\/v2\/users\/1"}],"replies":[{"embeddable":true,"href":"https:\/\/us-gc.net\/sq\/wp-json\/wp\/v2\/comments?post=2488"}],"version-history":[{"count":2,"href":"https:\/\/us-gc.net\/sq\/wp-json\/wp\/v2\/pages\/2488\/revisions"}],"predecessor-version":[{"id":8465,"href":"https:\/\/us-gc.net\/sq\/wp-json\/wp\/v2\/pages\/2488\/revisions\/8465"}],"wp:attachment":[{"href":"https:\/\/us-gc.net\/sq\/wp-json\/wp\/v2\/media?parent=2488"}],"curies":[{"name":"wp","href":"https:\/\/api.w.org\/{rel}","templated":true}]}}