{"id":2482,"date":"2024-01-31T16:45:20","date_gmt":"2024-01-31T16:45:20","guid":{"rendered":"https:\/\/green-card-usa.net\/dallimi-midis-green-card-dhe-viza\/"},"modified":"2024-12-30T09:38:52","modified_gmt":"2024-12-30T09:38:52","slug":"dallimi-midis-green-card-dhe-viza","status":"publish","type":"page","link":"https:\/\/us-gc.net\/sq\/dallimi-midis-green-card-dhe-viza\/","title":{"rendered":"Dallimi midis nj\u00eb karte jeshile dhe nj\u00eb vize p\u00ebr SHBA"},"content":{"rendered":"\n<h1 class=\"wp-block-heading\" id=\"h-quelle-est-la-difference-entre-une-green-card-et-un-visa-americain\">Cili \u00ebsht\u00eb ndryshimi midis nj\u00eb karte jeshile dhe nj\u00eb vize amerikane?<\/h1>\n\n<p>Termat Green Card dhe viza amerikane ngat\u00ebrrohen ndonj\u00ebher\u00eb, por ato p\u00ebrfaq\u00ebsojn\u00eb leje q\u00ebndrimi shum\u00eb t\u00eb dallueshme n\u00eb Shtetet e Bashkuara. P\u00ebr t\u00eb kuptuar ndryshimet, kujtojm\u00eb parimet e dy autorizimeve dhe dallimet e tyre kryesore.<\/p>\n\n<h2 class=\"wp-block-heading\" id=\"h-qu-est-ce-qu-une-green-card\">\u00c7far\u00eb \u00ebsht\u00eb nj\u00eb karton jeshil?<\/h2>\n\n<p><a href=\"https:\/\/us-gc.net\/sq\/\">Karta e Gjelb\u00ebr<\/a> \u00ebsht\u00eb nj\u00eb kart\u00eb e q\u00ebndrimit t\u00eb p\u00ebrhersh\u00ebm. Ajo i ofron mbajt\u00ebsit t\u00eb saj mund\u00ebsin\u00eb p\u00ebr t\u00eb jetuar dhe punuar p\u00ebrgjithmon\u00eb n\u00eb Shtetet e Bashkuara. Ndryshe nga viza q\u00eb \u00ebsht\u00eb e p\u00ebrkohshme, Karta e Gjelb\u00ebr jep statusin e rezidentit t\u00eb p\u00ebrhersh\u00ebm. Ai hap rrug\u00ebn drejt shtet\u00ebsis\u00eb amerikane pas nj\u00eb periudhe t\u00eb caktuar.<\/p>\n\n<h2 class=\"wp-block-heading\" id=\"h-qu-est-ce-qu-un-visa-americain\">\u00c7far\u00eb \u00ebsht\u00eb nj\u00eb viz\u00eb amerikane?<\/h2>\n\n<p>Nj\u00eb viz\u00eb amerikane \u00ebsht\u00eb nj\u00eb dokument i l\u00ebshuar nga nj\u00eb ambasad\u00eb amerikane q\u00eb lejon nj\u00eb person t\u00eb udh\u00ebtoj\u00eb n\u00eb kufirin amerikan dhe t\u00eb k\u00ebrkoj\u00eb leje p\u00ebr t\u00eb hyr\u00eb n\u00eb vend. Vizat jan\u00eb p\u00ebr q\u00ebndrim t\u00eb p\u00ebrkohsh\u00ebm ose imigrim t\u00eb p\u00ebrhersh\u00ebm, por nuk japin statusin e rezidentit t\u00eb p\u00ebrhersh\u00ebm.<\/p>\n\n<h2 class=\"wp-block-heading\" id=\"h-les-differences-cles-entre-visa-et-green-card\">Dallimet kryesore midis viz\u00ebs dhe kart\u00ebs jeshile<\/h2>\n\n<ol class=\"wp-block-list\">\n<li><strong>Q\u00ebllimi<\/strong> : Karta e Gjelb\u00ebr \u00ebsht\u00eb menduar p\u00ebr ata q\u00eb k\u00ebrkojn\u00eb t\u00eb b\u00ebhen banor\u00eb t\u00eb p\u00ebrhersh\u00ebm t\u00eb Shteteve t\u00eb Bashkuara. Nj\u00eb viz\u00eb amerikane p\u00ebrdoret p\u00ebr t\u00eb hyr\u00eb p\u00ebrkoh\u00ebsisht n\u00eb Shtetet e Bashkuara ose p\u00ebr t\u00eb emigruar p\u00ebrpara se t\u00eb merrni Kart\u00ebn e Gjelb\u00ebr.<\/li>\n\n\n\n<li><strong>Koh\u00ebzgjatja<\/strong> : Kartoni jeshil \u00ebsht\u00eb i vlefsh\u00ebm p\u00ebr 10 vjet p\u00ebr banor\u00ebt e p\u00ebrhersh\u00ebm dhe duhet t\u00eb rinovohet, por statusi mbetet i p\u00ebrhersh\u00ebm. Vizat kan\u00eb nj\u00eb koh\u00ebzgjatje specifike, t\u00eb p\u00ebrcaktuar nga lloji i viz\u00ebs dhe q\u00ebllimi i q\u00ebndrimit.<\/li>\n\n\n\n<li><strong>T\u00eb drejtat e dh\u00ebna<\/strong> : Mbajt\u00ebsit e kartonit jeshil mund t\u00eb punojn\u00eb kudo n\u00eb Shtetet e Bashkuara dhe t\u00eb marrin p\u00ebrfitime t\u00eb caktuara. Mbajt\u00ebsit e vizave jan\u00eb t\u00eb kufizuar nga kushtet e viz\u00ebs s\u00eb tyre specifike.<\/li>\n\n\n\n<li><strong>Procesi i Marrjes<\/strong> : Procedura p\u00ebr marrjen e Kartonit Jeshil shpesh bazohet n\u00eb familje, pun\u00ebsim ose kategori t\u00eb tjera t\u00eb ve\u00e7anta. Gjithashtu \u00ebsht\u00eb e mundur t\u00eb merrni nj\u00eb <a href=\"https:\/\/us-gc.net\/sq\/lotaria-green-card\/\">Karton jeshil p\u00ebrmes shortit<\/a> . Procesi i vizave zakonisht fillon me nj\u00eb aplikim n\u00eb ambasad\u00ebn ose konsullat\u00ebn e SHBA.<\/li>\n<\/ol>\n","protected":false},"excerpt":{"rendered":"<p>Cili \u00ebsht\u00eb ndryshimi midis nj\u00eb karte jeshile dhe nj\u00eb vize amerikane? Termat Green Card dhe viza amerikane ngat\u00ebrrohen ndonj\u00ebher\u00eb, por ato p\u00ebrfaq\u00ebsojn\u00eb leje q\u00ebndrimi shum\u00eb t\u00eb dallueshme n\u00eb Shtetet e Bashkuara. P\u00ebr t\u00eb kuptuar ndryshimet, kujtojm\u00eb parimet e dy autorizimeve dhe dallimet e tyre kryesore. \u00c7far\u00eb \u00ebsht\u00eb nj\u00eb karton jeshil? Karta e Gjelb\u00ebr \u00ebsht\u00eb nj\u00eb [&hellip;]<\/p>\n","protected":false},"author":1,"featured_media":0,"parent":0,"menu_order":0,"comment_status":"closed","ping_status":"closed","template":"","meta":{"footnotes":""},"class_list":["post-2482","page","type-page","status-publish","hentry"],"yoast_head":"<!-- This site is optimized with the Yoast SEO plugin v27.4 - https:\/\/yoast.com\/product\/yoast-seo-wordpress\/ -->\n<title>Dallimi midis nj\u00eb karte jeshile dhe nj\u00eb vize p\u00ebr SHBA - USA GC<\/title>\n<meta name=\"description\" content=\"Cili \u00ebsht\u00eb ndryshimi midis nj\u00eb karte jeshile dhe nj\u00eb vize amerikane p\u00ebr udh\u00ebtim. K\u00ebto dy dokumente nuk kan\u00eb t\u00eb nj\u00ebjtin funksion.\" \/>\n<meta name=\"robots\" content=\"index, follow, max-snippet:-1, max-image-preview:large, max-video-preview:-1\" \/>\n<link rel=\"canonical\" href=\"https:\/\/us-gc.net\/sq\/dallimi-midis-green-card-dhe-viza\/\" \/>\n<meta property=\"og:locale\" content=\"sq_AL\" \/>\n<meta property=\"og:type\" content=\"article\" \/>\n<meta property=\"og:title\" content=\"Dallimi midis nj\u00eb karte jeshile dhe nj\u00eb vize p\u00ebr SHBA - USA GC\" \/>\n<meta property=\"og:description\" content=\"Cili \u00ebsht\u00eb ndryshimi midis nj\u00eb karte jeshile dhe nj\u00eb vize amerikane p\u00ebr udh\u00ebtim. K\u00ebto dy dokumente nuk kan\u00eb t\u00eb nj\u00ebjtin funksion.\" \/>\n<meta property=\"og:url\" content=\"https:\/\/us-gc.net\/sq\/dallimi-midis-green-card-dhe-viza\/\" \/>\n<meta property=\"og:site_name\" content=\"USA GC\" \/>\n<meta property=\"article:modified_time\" content=\"2024-12-30T09:38:52+00:00\" \/>\n<meta name=\"twitter:card\" content=\"summary_large_image\" \/>\n<meta name=\"twitter:label1\" content=\"Est. reading time\" \/>\n\t<meta name=\"twitter:data1\" content=\"2 minutes\" \/>\n<script type=\"application\/ld+json\" class=\"yoast-schema-graph\">{\"@context\":\"https:\\\/\\\/schema.org\",\"@graph\":[{\"@type\":\"WebPage\",\"@id\":\"https:\\\/\\\/us-gc.net\\\/sq\\\/dallimi-midis-green-card-dhe-viza\\\/\",\"url\":\"https:\\\/\\\/us-gc.net\\\/sq\\\/dallimi-midis-green-card-dhe-viza\\\/\",\"name\":\"Dallimi midis nj\u00eb karte jeshile dhe nj\u00eb vize p\u00ebr SHBA - USA GC\",\"isPartOf\":{\"@id\":\"https:\\\/\\\/us-gc.net\\\/sq\\\/#website\"},\"datePublished\":\"2024-01-31T16:45:20+00:00\",\"dateModified\":\"2024-12-30T09:38:52+00:00\",\"description\":\"Cili \u00ebsht\u00eb ndryshimi midis nj\u00eb karte jeshile dhe nj\u00eb vize amerikane p\u00ebr udh\u00ebtim. K\u00ebto dy dokumente nuk kan\u00eb t\u00eb nj\u00ebjtin funksion.\",\"breadcrumb\":{\"@id\":\"https:\\\/\\\/us-gc.net\\\/sq\\\/dallimi-midis-green-card-dhe-viza\\\/#breadcrumb\"},\"inLanguage\":\"sq-AL\",\"potentialAction\":[{\"@type\":\"ReadAction\",\"target\":[\"https:\\\/\\\/us-gc.net\\\/sq\\\/dallimi-midis-green-card-dhe-viza\\\/\"]}]},{\"@type\":\"BreadcrumbList\",\"@id\":\"https:\\\/\\\/us-gc.net\\\/sq\\\/dallimi-midis-green-card-dhe-viza\\\/#breadcrumb\",\"itemListElement\":[{\"@type\":\"ListItem\",\"position\":1,\"name\":\"Accueil\",\"item\":\"https:\\\/\\\/us-gc.net\\\/sq\\\/green-card\\\/\"},{\"@type\":\"ListItem\",\"position\":2,\"name\":\"Dallimi midis nj\u00eb karte jeshile dhe nj\u00eb vize p\u00ebr SHBA\"}]},{\"@type\":\"WebSite\",\"@id\":\"https:\\\/\\\/us-gc.net\\\/sq\\\/#website\",\"url\":\"https:\\\/\\\/us-gc.net\\\/sq\\\/\",\"name\":\"USA GC\",\"description\":\"\",\"potentialAction\":[{\"@type\":\"SearchAction\",\"target\":{\"@type\":\"EntryPoint\",\"urlTemplate\":\"https:\\\/\\\/us-gc.net\\\/sq\\\/?s={search_term_string}\"},\"query-input\":{\"@type\":\"PropertyValueSpecification\",\"valueRequired\":true,\"valueName\":\"search_term_string\"}}],\"inLanguage\":\"sq-AL\"}]}<\/script>\n<!-- \/ Yoast SEO plugin. -->","yoast_head_json":{"title":"Dallimi midis nj\u00eb karte jeshile dhe nj\u00eb vize p\u00ebr SHBA - USA GC","description":"Cili \u00ebsht\u00eb ndryshimi midis nj\u00eb karte jeshile dhe nj\u00eb vize amerikane p\u00ebr udh\u00ebtim. K\u00ebto dy dokumente nuk kan\u00eb t\u00eb nj\u00ebjtin funksion.","robots":{"index":"index","follow":"follow","max-snippet":"max-snippet:-1","max-image-preview":"max-image-preview:large","max-video-preview":"max-video-preview:-1"},"canonical":"https:\/\/us-gc.net\/sq\/dallimi-midis-green-card-dhe-viza\/","og_locale":"sq_AL","og_type":"article","og_title":"Dallimi midis nj\u00eb karte jeshile dhe nj\u00eb vize p\u00ebr SHBA - USA GC","og_description":"Cili \u00ebsht\u00eb ndryshimi midis nj\u00eb karte jeshile dhe nj\u00eb vize amerikane p\u00ebr udh\u00ebtim. K\u00ebto dy dokumente nuk kan\u00eb t\u00eb nj\u00ebjtin funksion.","og_url":"https:\/\/us-gc.net\/sq\/dallimi-midis-green-card-dhe-viza\/","og_site_name":"USA GC","article_modified_time":"2024-12-30T09:38:52+00:00","twitter_card":"summary_large_image","twitter_misc":{"Est. reading time":"2 minutes"},"schema":{"@context":"https:\/\/schema.org","@graph":[{"@type":"WebPage","@id":"https:\/\/us-gc.net\/sq\/dallimi-midis-green-card-dhe-viza\/","url":"https:\/\/us-gc.net\/sq\/dallimi-midis-green-card-dhe-viza\/","name":"Dallimi midis nj\u00eb karte jeshile dhe nj\u00eb vize p\u00ebr SHBA - USA GC","isPartOf":{"@id":"https:\/\/us-gc.net\/sq\/#website"},"datePublished":"2024-01-31T16:45:20+00:00","dateModified":"2024-12-30T09:38:52+00:00","description":"Cili \u00ebsht\u00eb ndryshimi midis nj\u00eb karte jeshile dhe nj\u00eb vize amerikane p\u00ebr udh\u00ebtim. K\u00ebto dy dokumente nuk kan\u00eb t\u00eb nj\u00ebjtin funksion.","breadcrumb":{"@id":"https:\/\/us-gc.net\/sq\/dallimi-midis-green-card-dhe-viza\/#breadcrumb"},"inLanguage":"sq-AL","potentialAction":[{"@type":"ReadAction","target":["https:\/\/us-gc.net\/sq\/dallimi-midis-green-card-dhe-viza\/"]}]},{"@type":"BreadcrumbList","@id":"https:\/\/us-gc.net\/sq\/dallimi-midis-green-card-dhe-viza\/#breadcrumb","itemListElement":[{"@type":"ListItem","position":1,"name":"Accueil","item":"https:\/\/us-gc.net\/sq\/green-card\/"},{"@type":"ListItem","position":2,"name":"Dallimi midis nj\u00eb karte jeshile dhe nj\u00eb vize p\u00ebr SHBA"}]},{"@type":"WebSite","@id":"https:\/\/us-gc.net\/sq\/#website","url":"https:\/\/us-gc.net\/sq\/","name":"USA GC","description":"","potentialAction":[{"@type":"SearchAction","target":{"@type":"EntryPoint","urlTemplate":"https:\/\/us-gc.net\/sq\/?s={search_term_string}"},"query-input":{"@type":"PropertyValueSpecification","valueRequired":true,"valueName":"search_term_string"}}],"inLanguage":"sq-AL"}]}},"_links":{"self":[{"href":"https:\/\/us-gc.net\/sq\/wp-json\/wp\/v2\/pages\/2482","targetHints":{"allow":["GET"]}}],"collection":[{"href":"https:\/\/us-gc.net\/sq\/wp-json\/wp\/v2\/pages"}],"about":[{"href":"https:\/\/us-gc.net\/sq\/wp-json\/wp\/v2\/types\/page"}],"author":[{"embeddable":true,"href":"https:\/\/us-gc.net\/sq\/wp-json\/wp\/v2\/users\/1"}],"replies":[{"embeddable":true,"href":"https:\/\/us-gc.net\/sq\/wp-json\/wp\/v2\/comments?post=2482"}],"version-history":[{"count":1,"href":"https:\/\/us-gc.net\/sq\/wp-json\/wp\/v2\/pages\/2482\/revisions"}],"predecessor-version":[{"id":7600,"href":"https:\/\/us-gc.net\/sq\/wp-json\/wp\/v2\/pages\/2482\/revisions\/7600"}],"wp:attachment":[{"href":"https:\/\/us-gc.net\/sq\/wp-json\/wp\/v2\/media?parent=2482"}],"curies":[{"name":"wp","href":"https:\/\/api.w.org\/{rel}","templated":true}]}}