{"id":2464,"date":"2024-02-05T09:01:51","date_gmt":"2024-02-05T09:01:51","guid":{"rendered":"https:\/\/green-card-usa.net\/kontakt\/"},"modified":"2025-03-31T10:05:26","modified_gmt":"2025-03-31T10:05:26","slug":"kontakt","status":"publish","type":"page","link":"https:\/\/us-gc.net\/sq\/kontakt\/","title":{"rendered":"Kontaktoni"},"content":{"rendered":"\n<h1 class=\"wp-block-heading\" id=\"h-formulaire-pour-nous-contacter\">Formulari p\u00ebr t\u00eb na kontaktuar<\/h1>\n\n<p>Ne jemi nj\u00eb faqe private e lajmeve n\u00eb internet. Q\u00ebllimi yn\u00eb i vet\u00ebm \u00ebsht\u00eb t\u00eb informojm\u00eb p\u00ebrdoruesit e internetit p\u00ebr tregun e pun\u00ebs n\u00eb Shtetet e Bashkuara. Ne nuk ofrojm\u00eb asnj\u00eb sh\u00ebrbim tregtar n\u00eb sit. <\/p>\n\n<p>Ne nuk jemi n\u00eb asnj\u00eb m\u00ebnyr\u00eb t\u00eb lidhur me administrat\u00ebn amerikane, apo me ndonj\u00eb administrat\u00eb tjet\u00ebr. Ne nuk jemi n\u00eb gjendje t\u00eb ofrojm\u00eb mb\u00ebshtetje p\u00ebr nj\u00eb procedur\u00eb t\u00eb kryer n\u00eb nj\u00eb faqe zyrtare ose n\u00eb nj\u00eb faqe private p\u00ebr asistenc\u00eb me formalitetet administrative.<\/p>\n<div class=\"wpforms-container wpforms-container-full wpforms-block wpforms-block-c46b6f82-8106-4617-8172-d428defcc7bc wpforms-render-modern\" id=\"wpforms-492\"><form id=\"wpforms-form-492\" class=\"wpforms-validate wpforms-form wpforms-ajax-form\" data-formid=\"492\" method=\"post\" enctype=\"multipart\/form-data\" action=\"\/sq\/wp-json\/wp\/v2\/pages\/2464\" data-token=\"7e005af7fd34546ec28c49a951f79d3b\" data-token-time=\"1776953506\"><noscript class=\"wpforms-error-noscript\">Please enable JavaScript in your browser to complete this form.<\/noscript><div class=\"wpforms-hidden\" id=\"wpforms-error-noscript\">Please enable JavaScript in your browser to complete this form.<\/div><div class=\"wpforms-field-container\"><div id=\"wpforms-492-field_0-container\" class=\"wpforms-field wpforms-field-name\" data-field-id=\"0\"><label class=\"wpforms-field-label\" for=\"wpforms-492-field_0\">Nom <span class=\"wpforms-required-label\" aria-hidden=\"true\">*<\/span><\/label><input type=\"text\" id=\"wpforms-492-field_0\" class=\"wpforms-field-medium wpforms-field-required\" name=\"wpforms[fields][0]\" aria-errormessage=\"wpforms-492-field_0-error\" required><\/div><div id=\"wpforms-492-field_1-container\" class=\"wpforms-field wpforms-field-email\" data-field-id=\"1\"><label class=\"wpforms-field-label\" for=\"wpforms-492-field_1\">E-mail <span class=\"wpforms-required-label\" aria-hidden=\"true\">*<\/span><\/label><input type=\"email\" id=\"wpforms-492-field_1\" class=\"wpforms-field-medium wpforms-field-required\" name=\"wpforms[fields][1]\" spellcheck=\"false\" aria-errormessage=\"wpforms-492-field_1-error\" required><\/div><div id=\"wpforms-492-field_2-container\" class=\"wpforms-field wpforms-field-textarea\" data-field-id=\"2\"><label class=\"wpforms-field-label\" for=\"wpforms-492-field_2\">Message <span class=\"wpforms-required-label\" aria-hidden=\"true\">*<\/span><\/label><textarea id=\"wpforms-492-field_2\" class=\"wpforms-field-medium wpforms-field-required\" name=\"wpforms[fields][2]\" aria-errormessage=\"wpforms-492-field_2-error\" required><\/textarea><\/div><\/div><!-- .wpforms-field-container --><div class=\"wpforms-submit-container\" ><input type=\"hidden\" name=\"wpforms[id]\" value=\"492\"><input type=\"hidden\" name=\"page_title\" value=\"\"><input type=\"hidden\" name=\"page_url\" value=\"https:\/\/us-gc.net\/sq\/wp-json\/wp\/v2\/pages\/2464\"><input type=\"hidden\" name=\"url_referer\" value=\"\"><button type=\"submit\" name=\"wpforms[submit]\" id=\"wpforms-submit-492\" class=\"wpforms-submit\" data-alt-text=\"Envoi...\" data-submit-text=\"Envoyer\" aria-live=\"assertive\" value=\"wpforms-submit\">Envoyer<\/button><img decoding=\"async\" src=\"https:\/\/us-gc.net\/wp-content\/plugins\/wpforms\/assets\/images\/submit-spin.svg\" class=\"wpforms-submit-spinner\" style=\"display: none;\" width=\"26\" height=\"26\" alt=\"Loading\"><\/div><\/form><\/div>  <!-- .wpforms-container -->","protected":false},"excerpt":{"rendered":"<p>Formulari p\u00ebr t\u00eb na kontaktuar Ne jemi nj\u00eb faqe private e lajmeve n\u00eb internet. Q\u00ebllimi yn\u00eb i vet\u00ebm \u00ebsht\u00eb t\u00eb informojm\u00eb p\u00ebrdoruesit e internetit p\u00ebr tregun e pun\u00ebs n\u00eb Shtetet e Bashkuara. Ne nuk ofrojm\u00eb asnj\u00eb sh\u00ebrbim tregtar n\u00eb sit. Ne nuk jemi n\u00eb asnj\u00eb m\u00ebnyr\u00eb t\u00eb lidhur me administrat\u00ebn amerikane, apo me ndonj\u00eb administrat\u00eb [&hellip;]<\/p>\n","protected":false},"author":1,"featured_media":0,"parent":0,"menu_order":0,"comment_status":"closed","ping_status":"closed","template":"","meta":{"footnotes":""},"class_list":["post-2464","page","type-page","status-publish","hentry"],"yoast_head":"<!-- This site is optimized with the Yoast SEO plugin v27.4 - https:\/\/yoast.com\/product\/yoast-seo-wordpress\/ -->\n<title>Kontaktoni - USA GC<\/title>\n<meta name=\"description\" content=\"Formulari i kontaktit t\u00eb uebsajtit t\u00eb Usa-gc.com\" \/>\n<meta name=\"robots\" content=\"noindex, nofollow\" \/>\n<meta property=\"og:locale\" content=\"sq_AL\" \/>\n<meta property=\"og:type\" content=\"article\" \/>\n<meta property=\"og:title\" content=\"Kontaktoni - USA GC\" \/>\n<meta property=\"og:description\" content=\"Formulari i kontaktit t\u00eb uebsajtit t\u00eb Usa-gc.com\" \/>\n<meta property=\"og:url\" content=\"https:\/\/us-gc.net\/sq\/kontakt\/\" \/>\n<meta property=\"og:site_name\" content=\"USA GC\" \/>\n<meta property=\"article:modified_time\" content=\"2025-03-31T10:05:26+00:00\" \/>\n<meta name=\"twitter:card\" content=\"summary_large_image\" \/>\n<script type=\"application\/ld+json\" class=\"yoast-schema-graph\">{\"@context\":\"https:\\\/\\\/schema.org\",\"@graph\":[{\"@type\":\"WebPage\",\"@id\":\"https:\\\/\\\/us-gc.net\\\/sq\\\/kontakt\\\/\",\"url\":\"https:\\\/\\\/us-gc.net\\\/sq\\\/kontakt\\\/\",\"name\":\"Kontaktoni - USA GC\",\"isPartOf\":{\"@id\":\"https:\\\/\\\/us-gc.net\\\/sq\\\/#website\"},\"datePublished\":\"2024-02-05T09:01:51+00:00\",\"dateModified\":\"2025-03-31T10:05:26+00:00\",\"description\":\"Formulari i kontaktit t\u00eb uebsajtit t\u00eb Usa-gc.com\",\"breadcrumb\":{\"@id\":\"https:\\\/\\\/us-gc.net\\\/sq\\\/kontakt\\\/#breadcrumb\"},\"inLanguage\":\"sq-AL\",\"potentialAction\":[{\"@type\":\"ReadAction\",\"target\":[\"https:\\\/\\\/us-gc.net\\\/sq\\\/kontakt\\\/\"]}]},{\"@type\":\"BreadcrumbList\",\"@id\":\"https:\\\/\\\/us-gc.net\\\/sq\\\/kontakt\\\/#breadcrumb\",\"itemListElement\":[{\"@type\":\"ListItem\",\"position\":1,\"name\":\"Accueil\",\"item\":\"https:\\\/\\\/us-gc.net\\\/sq\\\/green-card\\\/\"},{\"@type\":\"ListItem\",\"position\":2,\"name\":\"Kontaktoni\"}]},{\"@type\":\"WebSite\",\"@id\":\"https:\\\/\\\/us-gc.net\\\/sq\\\/#website\",\"url\":\"https:\\\/\\\/us-gc.net\\\/sq\\\/\",\"name\":\"USA GC\",\"description\":\"\",\"potentialAction\":[{\"@type\":\"SearchAction\",\"target\":{\"@type\":\"EntryPoint\",\"urlTemplate\":\"https:\\\/\\\/us-gc.net\\\/sq\\\/?s={search_term_string}\"},\"query-input\":{\"@type\":\"PropertyValueSpecification\",\"valueRequired\":true,\"valueName\":\"search_term_string\"}}],\"inLanguage\":\"sq-AL\"}]}<\/script>\n<!-- \/ Yoast SEO plugin. -->","yoast_head_json":{"title":"Kontaktoni - USA GC","description":"Formulari i kontaktit t\u00eb uebsajtit t\u00eb Usa-gc.com","robots":{"index":"noindex","follow":"nofollow"},"og_locale":"sq_AL","og_type":"article","og_title":"Kontaktoni - USA GC","og_description":"Formulari i kontaktit t\u00eb uebsajtit t\u00eb Usa-gc.com","og_url":"https:\/\/us-gc.net\/sq\/kontakt\/","og_site_name":"USA GC","article_modified_time":"2025-03-31T10:05:26+00:00","twitter_card":"summary_large_image","schema":{"@context":"https:\/\/schema.org","@graph":[{"@type":"WebPage","@id":"https:\/\/us-gc.net\/sq\/kontakt\/","url":"https:\/\/us-gc.net\/sq\/kontakt\/","name":"Kontaktoni - USA GC","isPartOf":{"@id":"https:\/\/us-gc.net\/sq\/#website"},"datePublished":"2024-02-05T09:01:51+00:00","dateModified":"2025-03-31T10:05:26+00:00","description":"Formulari i kontaktit t\u00eb uebsajtit t\u00eb Usa-gc.com","breadcrumb":{"@id":"https:\/\/us-gc.net\/sq\/kontakt\/#breadcrumb"},"inLanguage":"sq-AL","potentialAction":[{"@type":"ReadAction","target":["https:\/\/us-gc.net\/sq\/kontakt\/"]}]},{"@type":"BreadcrumbList","@id":"https:\/\/us-gc.net\/sq\/kontakt\/#breadcrumb","itemListElement":[{"@type":"ListItem","position":1,"name":"Accueil","item":"https:\/\/us-gc.net\/sq\/green-card\/"},{"@type":"ListItem","position":2,"name":"Kontaktoni"}]},{"@type":"WebSite","@id":"https:\/\/us-gc.net\/sq\/#website","url":"https:\/\/us-gc.net\/sq\/","name":"USA GC","description":"","potentialAction":[{"@type":"SearchAction","target":{"@type":"EntryPoint","urlTemplate":"https:\/\/us-gc.net\/sq\/?s={search_term_string}"},"query-input":{"@type":"PropertyValueSpecification","valueRequired":true,"valueName":"search_term_string"}}],"inLanguage":"sq-AL"}]}},"_links":{"self":[{"href":"https:\/\/us-gc.net\/sq\/wp-json\/wp\/v2\/pages\/2464","targetHints":{"allow":["GET"]}}],"collection":[{"href":"https:\/\/us-gc.net\/sq\/wp-json\/wp\/v2\/pages"}],"about":[{"href":"https:\/\/us-gc.net\/sq\/wp-json\/wp\/v2\/types\/page"}],"author":[{"embeddable":true,"href":"https:\/\/us-gc.net\/sq\/wp-json\/wp\/v2\/users\/1"}],"replies":[{"embeddable":true,"href":"https:\/\/us-gc.net\/sq\/wp-json\/wp\/v2\/comments?post=2464"}],"version-history":[{"count":2,"href":"https:\/\/us-gc.net\/sq\/wp-json\/wp\/v2\/pages\/2464\/revisions"}],"predecessor-version":[{"id":8518,"href":"https:\/\/us-gc.net\/sq\/wp-json\/wp\/v2\/pages\/2464\/revisions\/8518"}],"wp:attachment":[{"href":"https:\/\/us-gc.net\/sq\/wp-json\/wp\/v2\/media?parent=2464"}],"curies":[{"name":"wp","href":"https:\/\/api.w.org\/{rel}","templated":true}]}}