{"id":4652,"date":"2024-02-02T15:07:30","date_gmt":"2024-02-02T15:07:30","guid":{"rendered":"https:\/\/green-card-usa.net\/rezultate-loteriei-green-card\/"},"modified":"2024-12-30T09:47:01","modified_gmt":"2024-12-30T09:47:01","slug":"rezultate-loteriei-green-card","status":"publish","type":"page","link":"https:\/\/us-gc.net\/ro\/rezultate-loteriei-green-card\/","title":{"rendered":"Rezultatele loteriei Green Card"},"content":{"rendered":"\n<h1 class=\"wp-block-heading\" id=\"h-les-resultats-du-tirage-au-sort-de-la-loterie-de-la-green-card\">Rezultatele tragerii la sor\u021bi a Loteriei pentru Green Card<\/h1>\n\n<p>Rezultatele loteriei americane a c\u0103r\u021bilor verzi sunt publicate \u00een fiecare an \u00een cadrul <a href=\"https:\/\/us-gc.net\/ro\/programul-de-viza-pentru-diversitate\/\">programului Diversity Visa<\/a>. To\u021bi solicitan\u021bii <a href=\"https:\/\/us-gc.net\/ro\/loteria-cartilor-verzi-din-sua\/\">Loteriei C\u0103r\u021bilor Verzi<\/a> pot ob\u021bine rezultatele personale online.<\/p>\n\n<h2 class=\"wp-block-heading\" id=\"h-quand-a-lieu-le-tirage-de-la-loterie-de-la-green-card\">C\u00e2nd are loc tragerea la sor\u021bi a Loteriei pentru Cartea Verde?<\/h2>\n\n<p>Extragerea are loc \u00een luna noiembrie a fiec\u0103rui an. Datele exacte de deschidere \u0219i \u00eenchidere a \u00eenscrierilor sunt publicate cu c\u00e2teva luni \u00eenainte de fiecare an.<\/p>\n\n<h2 class=\"wp-block-heading\" id=\"h-quand-est-ce-que-les-resultats-sont-publies\">C\u00e2nd sunt publicate rezultatele?<\/h2>\n\n<p>Rezultatele <a href=\"https:\/\/us-gc.net\/ro\/loteria-green-card\/\">loteriei pentru Green Card<\/a> sunt disponibile la aproximativ 6 luni de la \u00eenchiderea \u00eenscrierilor. Prin urmare, acestea sunt publicate \u00een fiecare an \u00een jurul lunii mai. Rezultatele tragerii la sor\u021bi Diversity Visa 2025, care a avut loc \u00een noiembrie 2023, au fost publicate online la 4 mai 2024 pe aceast\u0103 pagin\u0103 <a href=\"https:\/\/dvprogram.state.gov\/ESC\/CheckStatus.aspx\">dvprogram.state.<\/a>gov.<\/p>\n\n<h2 class=\"wp-block-heading\" id=\"h-resultats-de-la-loterie-de-2018-a-2022\">Rezultatele Loteriei din 2018 p\u00e2n\u0103 \u00een 2022<\/h2>\n\n<p>Pe baza statisticilor publicate de Departamentul de Stat \u00een fiecare an, iat\u0103 rezultatele loteriei din ultimii 5 ani pentru care rezultatele sunt publice:<\/p>\n\n<figure class=\"wp-block-table\"><table><tbody><tr><td><strong>Zone geografice  <\/strong><\/td><td class=\"has-text-align-center\" data-align=\"center\"><strong>2018<\/strong><\/td><td class=\"has-text-align-center\" data-align=\"center\"><strong>2019<\/strong><\/td><td class=\"has-text-align-center\" data-align=\"center\"><strong>2020<\/strong><\/td><td class=\"has-text-align-center\" data-align=\"center\"><strong>2021<\/strong><\/td><td class=\"has-text-align-center\" data-align=\"center\"><strong>2022<\/strong><\/td><\/tr><tr><td><a href=\"https:\/\/us-gc.net\/ro\/loteria-green-card-participare-tari-africa\/\">\u021a\u0103rile africane<\/a><\/td><td class=\"has-text-align-center\" data-align=\"center\">20 532<\/td><td class=\"has-text-align-center\" data-align=\"center\">20 336<\/td><td class=\"has-text-align-center\" data-align=\"center\">6 017<\/td><td class=\"has-text-align-center\" data-align=\"center\">5 801<\/td><td class=\"has-text-align-center\" data-align=\"center\">19 215<\/td><\/tr><tr><td><a href=\"https:\/\/us-gc.net\/ro\/loteria-green-card-participare-tari-asiatice\/\">\u021a\u0103rile asiatice<\/a><\/td><td class=\"has-text-align-center\" data-align=\"center\">6 290<\/td><td class=\"has-text-align-center\" data-align=\"center\">6 079<\/td><td class=\"has-text-align-center\" data-align=\"center\">4 055<\/td><td class=\"has-text-align-center\" data-align=\"center\">4 498<\/td><td class=\"has-text-align-center\" data-align=\"center\">11 693<\/td><\/tr><tr><td><a href=\"https:\/\/us-gc.net\/ro\/loterie-green-card-europa\/\">\u021a\u0103ri din Europa<\/a><\/td><td class=\"has-text-align-center\" data-align=\"center\">20 434<\/td><td class=\"has-text-align-center\" data-align=\"center\">17 897<\/td><td class=\"has-text-align-center\" data-align=\"center\">7 643<\/td><td class=\"has-text-align-center\" data-align=\"center\">5 795<\/td><td class=\"has-text-align-center\" data-align=\"center\">21 806<\/td><\/tr><tr><td>\u021a\u0103rile din America de Nord (Bahamas)<\/td><td class=\"has-text-align-center\" data-align=\"center\">2<\/td><td class=\"has-text-align-center\" data-align=\"center\">8<\/td><td class=\"has-text-align-center\" data-align=\"center\">13<\/td><td class=\"has-text-align-center\" data-align=\"center\">21<\/td><td class=\"has-text-align-center\" data-align=\"center\">12<\/td><\/tr><tr><td>Oceania<\/td><td class=\"has-text-align-center\" data-align=\"center\">824<\/td><td class=\"has-text-align-center\" data-align=\"center\">592<\/td><td class=\"has-text-align-center\" data-align=\"center\">543<\/td><td class=\"has-text-align-center\" data-align=\"center\">631<\/td><td class=\"has-text-align-center\" data-align=\"center\">1 195<\/td><\/tr><tr><td>\u021a\u0103rile din America Central\u0103 \u0219i de Sud<\/td><td class=\"has-text-align-center\" data-align=\"center\">1 631<\/td><td class=\"has-text-align-center\" data-align=\"center\">977<\/td><td class=\"has-text-align-center\" data-align=\"center\">854<\/td><td class=\"has-text-align-center\" data-align=\"center\">2 166<\/td><td class=\"has-text-align-center\" data-align=\"center\">1 961<\/td><\/tr><tr><td><strong>Total  <\/strong><\/td><td class=\"has-text-align-center\" data-align=\"center\"><strong>49 713<\/strong><\/td><td class=\"has-text-align-center\" data-align=\"center\"><strong><strong>45 889<\/strong><\/strong><\/td><td class=\"has-text-align-center\" data-align=\"center\"><strong><strong>19 125<\/strong><\/strong><\/td><td class=\"has-text-align-center\" data-align=\"center\"><strong><strong>18 912<\/strong><\/strong><\/td><td class=\"has-text-align-center\" data-align=\"center\"><strong>55 882<\/strong><\/td><\/tr><\/tbody><\/table><figcaption class=\"wp-element-caption\">Num\u0103rul de c\u0103r\u021bi verzi ob\u021binute la loterie \u00een perioada 2018-2022, \u00een func\u021bie de zona geografic\u0103<\/figcaption><\/figure>\n\n<h2 class=\"wp-block-heading\" id=\"h-ou-trouver-les-resultats-en-ligne-de-la-loterie-de-la-green-card\">Unde pot g\u0103si online rezultatele loteriei pentru cartea verde?<\/h2>\n\n<p>Site-ul web dedicat programului de diversitate din SUA v\u0103 permite s\u0103 verifica\u021bi direct online rezultatele ob\u021binute de un candidat la loteria Green Card. Pagina pentru verificarea direct\u0103 a rezultatelor personale este <a href=\"https:\/\/dvprogram.state.gov\/ESC\/CheckStatus.aspx\">https:\/\/dvprogram.state.gov\/ESC\/CheckStatus.aspx<\/a>.<\/p>\n\n<p>Pentru a ob\u021bine rezultatele trebuie s\u0103 :<\/p>\n\n<ul class=\"wp-block-list\">\n<li>Introduce\u021bi <strong>num\u0103rul de confirmare a loteriei<\/strong><\/li>\n\n\n\n<li>Introduce\u021bi numele dvs. de familie folosit pentru a v\u0103 \u00eenregistra la loteria Green Card<\/li>\n\n\n\n<li>Introduce\u021bi data de na\u0219tere pentru a v\u0103 confirma identitatea<\/li>\n\n\n\n<li>\u00cen cele din urm\u0103, introduce\u021bi textul care apare \u00een CAPTCHA pentru a v\u0103 autentifica.<\/li>\n<\/ul>\n\n<div style=\"height:9px\" aria-hidden=\"true\" class=\"wp-block-spacer\"><\/div>\n\n<p>Da\u021bi clic pe confirmare pentru a vedea rezultatele particip\u0103rii dumneavoastr\u0103 la loteria Green Card.<\/p>\n\n<p>Iat\u0103 o fotografie a formularului pe care trebuie s\u0103 \u00eel completa\u021bi pentru a ob\u021bine rezultatele loteriei online<\/p>\n\n<figure class=\"wp-block-image size-large\" id=\"Formulaire-de-r&#xE9;sultat-de-la-loterie\"><img fetchpriority=\"high\" decoding=\"async\" width=\"1024\" height=\"953\" src=\"https:\/\/us-gc.net\/wp-content\/uploads\/2024\/02\/check-lotery-green-card-usa-1024x953.jpg\" alt=\"Rezultatele loteriei Green Card\" class=\"wp-image-182\" title=\"Rezultatele loteriei Green Card\" srcset=\"https:\/\/us-gc.net\/wp-content\/uploads\/2024\/02\/check-lotery-green-card-usa-1024x953.jpg 1024w, https:\/\/us-gc.net\/wp-content\/uploads\/2024\/02\/check-lotery-green-card-usa-300x279.jpg 300w, https:\/\/us-gc.net\/wp-content\/uploads\/2024\/02\/check-lotery-green-card-usa-768x714.jpg 768w, https:\/\/us-gc.net\/wp-content\/uploads\/2024\/02\/check-lotery-green-card-usa.jpg 1119w\" sizes=\"(max-width: 1024px) 100vw, 1024px\" \/><\/figure>\n\n<p><\/p>\n","protected":false},"excerpt":{"rendered":"<p>Rezultatele tragerii la sor\u021bi a Loteriei pentru Green Card Rezultatele loteriei americane a c\u0103r\u021bilor verzi sunt publicate \u00een fiecare an \u00een cadrul programului Diversity Visa. To\u021bi solicitan\u021bii Loteriei C\u0103r\u021bilor Verzi pot ob\u021bine rezultatele personale online. C\u00e2nd are loc tragerea la sor\u021bi a Loteriei pentru Cartea Verde? Extragerea are loc \u00een luna noiembrie a fiec\u0103rui an. [&hellip;]<\/p>\n","protected":false},"author":1,"featured_media":0,"parent":0,"menu_order":0,"comment_status":"closed","ping_status":"closed","template":"","meta":{"footnotes":""},"class_list":["post-4652","page","type-page","status-publish","hentry"],"yoast_head":"<!-- This site is optimized with the Yoast SEO plugin v27.4 - https:\/\/yoast.com\/product\/yoast-seo-wordpress\/ -->\n<title>Rezultatele loteriei Green Card - USA GC<\/title>\n<meta name=\"description\" content=\"Consulta\u021bi online rezultatele loteriei US Green Card cu num\u0103rul dumneavoastr\u0103 de confirmare\" \/>\n<meta name=\"robots\" content=\"index, follow, max-snippet:-1, max-image-preview:large, max-video-preview:-1\" \/>\n<link rel=\"canonical\" href=\"https:\/\/us-gc.net\/ro\/rezultate-loteriei-green-card\/\" \/>\n<meta property=\"og:locale\" content=\"ro_RO\" \/>\n<meta property=\"og:type\" content=\"article\" \/>\n<meta property=\"og:title\" content=\"Rezultatele loteriei Green Card - USA GC\" \/>\n<meta property=\"og:description\" content=\"Consulta\u021bi online rezultatele loteriei US Green Card cu num\u0103rul dumneavoastr\u0103 de confirmare\" \/>\n<meta property=\"og:url\" content=\"https:\/\/us-gc.net\/ro\/rezultate-loteriei-green-card\/\" \/>\n<meta property=\"og:site_name\" content=\"USA GC\" \/>\n<meta property=\"article:modified_time\" content=\"2024-12-30T09:47:01+00:00\" \/>\n<meta property=\"og:image\" content=\"https:\/\/us-gc.net\/wp-content\/uploads\/2024\/02\/check-lotery-green-card-usa-1024x953.jpg\" \/>\n<meta name=\"twitter:card\" content=\"summary_large_image\" \/>\n<meta name=\"twitter:label1\" content=\"Timp estimat pentru citire\" \/>\n\t<meta name=\"twitter:data1\" content=\"2 minute\" \/>\n<script type=\"application\/ld+json\" class=\"yoast-schema-graph\">{\"@context\":\"https:\\\/\\\/schema.org\",\"@graph\":[{\"@type\":\"WebPage\",\"@id\":\"https:\\\/\\\/us-gc.net\\\/ro\\\/rezultate-loteriei-green-card\\\/\",\"url\":\"https:\\\/\\\/us-gc.net\\\/ro\\\/rezultate-loteriei-green-card\\\/\",\"name\":\"Rezultatele loteriei Green Card - USA GC\",\"isPartOf\":{\"@id\":\"https:\\\/\\\/us-gc.net\\\/ro\\\/#website\"},\"primaryImageOfPage\":{\"@id\":\"https:\\\/\\\/us-gc.net\\\/ro\\\/rezultate-loteriei-green-card\\\/#primaryimage\"},\"image\":{\"@id\":\"https:\\\/\\\/us-gc.net\\\/ro\\\/rezultate-loteriei-green-card\\\/#primaryimage\"},\"thumbnailUrl\":\"https:\\\/\\\/us-gc.net\\\/wp-content\\\/uploads\\\/2024\\\/02\\\/check-lotery-green-card-usa-1024x953.jpg\",\"datePublished\":\"2024-02-02T15:07:30+00:00\",\"dateModified\":\"2024-12-30T09:47:01+00:00\",\"description\":\"Consulta\u021bi online rezultatele loteriei US Green Card cu num\u0103rul dumneavoastr\u0103 de confirmare\",\"breadcrumb\":{\"@id\":\"https:\\\/\\\/us-gc.net\\\/ro\\\/rezultate-loteriei-green-card\\\/#breadcrumb\"},\"inLanguage\":\"ro-RO\",\"potentialAction\":[{\"@type\":\"ReadAction\",\"target\":[\"https:\\\/\\\/us-gc.net\\\/ro\\\/rezultate-loteriei-green-card\\\/\"]}]},{\"@type\":\"ImageObject\",\"inLanguage\":\"ro-RO\",\"@id\":\"https:\\\/\\\/us-gc.net\\\/ro\\\/rezultate-loteriei-green-card\\\/#primaryimage\",\"url\":\"https:\\\/\\\/us-gc.net\\\/wp-content\\\/uploads\\\/2024\\\/02\\\/check-lotery-green-card-usa-1024x953.jpg\",\"contentUrl\":\"https:\\\/\\\/us-gc.net\\\/wp-content\\\/uploads\\\/2024\\\/02\\\/check-lotery-green-card-usa-1024x953.jpg\"},{\"@type\":\"BreadcrumbList\",\"@id\":\"https:\\\/\\\/us-gc.net\\\/ro\\\/rezultate-loteriei-green-card\\\/#breadcrumb\",\"itemListElement\":[{\"@type\":\"ListItem\",\"position\":1,\"name\":\"Accueil\",\"item\":\"https:\\\/\\\/us-gc.net\\\/ro\\\/green-card\\\/\"},{\"@type\":\"ListItem\",\"position\":2,\"name\":\"Rezultatele loteriei Green Card\"}]},{\"@type\":\"WebSite\",\"@id\":\"https:\\\/\\\/us-gc.net\\\/ro\\\/#website\",\"url\":\"https:\\\/\\\/us-gc.net\\\/ro\\\/\",\"name\":\"USA GC\",\"description\":\"\",\"potentialAction\":[{\"@type\":\"SearchAction\",\"target\":{\"@type\":\"EntryPoint\",\"urlTemplate\":\"https:\\\/\\\/us-gc.net\\\/ro\\\/?s={search_term_string}\"},\"query-input\":{\"@type\":\"PropertyValueSpecification\",\"valueRequired\":true,\"valueName\":\"search_term_string\"}}],\"inLanguage\":\"ro-RO\"}]}<\/script>\n<!-- \/ Yoast SEO plugin. -->","yoast_head_json":{"title":"Rezultatele loteriei Green Card - USA GC","description":"Consulta\u021bi online rezultatele loteriei US Green Card cu num\u0103rul dumneavoastr\u0103 de confirmare","robots":{"index":"index","follow":"follow","max-snippet":"max-snippet:-1","max-image-preview":"max-image-preview:large","max-video-preview":"max-video-preview:-1"},"canonical":"https:\/\/us-gc.net\/ro\/rezultate-loteriei-green-card\/","og_locale":"ro_RO","og_type":"article","og_title":"Rezultatele loteriei Green Card - USA GC","og_description":"Consulta\u021bi online rezultatele loteriei US Green Card cu num\u0103rul dumneavoastr\u0103 de confirmare","og_url":"https:\/\/us-gc.net\/ro\/rezultate-loteriei-green-card\/","og_site_name":"USA GC","article_modified_time":"2024-12-30T09:47:01+00:00","og_image":[{"url":"https:\/\/us-gc.net\/wp-content\/uploads\/2024\/02\/check-lotery-green-card-usa-1024x953.jpg","type":"","width":"","height":""}],"twitter_card":"summary_large_image","twitter_misc":{"Timp estimat pentru citire":"2 minute"},"schema":{"@context":"https:\/\/schema.org","@graph":[{"@type":"WebPage","@id":"https:\/\/us-gc.net\/ro\/rezultate-loteriei-green-card\/","url":"https:\/\/us-gc.net\/ro\/rezultate-loteriei-green-card\/","name":"Rezultatele loteriei Green Card - USA GC","isPartOf":{"@id":"https:\/\/us-gc.net\/ro\/#website"},"primaryImageOfPage":{"@id":"https:\/\/us-gc.net\/ro\/rezultate-loteriei-green-card\/#primaryimage"},"image":{"@id":"https:\/\/us-gc.net\/ro\/rezultate-loteriei-green-card\/#primaryimage"},"thumbnailUrl":"https:\/\/us-gc.net\/wp-content\/uploads\/2024\/02\/check-lotery-green-card-usa-1024x953.jpg","datePublished":"2024-02-02T15:07:30+00:00","dateModified":"2024-12-30T09:47:01+00:00","description":"Consulta\u021bi online rezultatele loteriei US Green Card cu num\u0103rul dumneavoastr\u0103 de confirmare","breadcrumb":{"@id":"https:\/\/us-gc.net\/ro\/rezultate-loteriei-green-card\/#breadcrumb"},"inLanguage":"ro-RO","potentialAction":[{"@type":"ReadAction","target":["https:\/\/us-gc.net\/ro\/rezultate-loteriei-green-card\/"]}]},{"@type":"ImageObject","inLanguage":"ro-RO","@id":"https:\/\/us-gc.net\/ro\/rezultate-loteriei-green-card\/#primaryimage","url":"https:\/\/us-gc.net\/wp-content\/uploads\/2024\/02\/check-lotery-green-card-usa-1024x953.jpg","contentUrl":"https:\/\/us-gc.net\/wp-content\/uploads\/2024\/02\/check-lotery-green-card-usa-1024x953.jpg"},{"@type":"BreadcrumbList","@id":"https:\/\/us-gc.net\/ro\/rezultate-loteriei-green-card\/#breadcrumb","itemListElement":[{"@type":"ListItem","position":1,"name":"Accueil","item":"https:\/\/us-gc.net\/ro\/green-card\/"},{"@type":"ListItem","position":2,"name":"Rezultatele loteriei Green Card"}]},{"@type":"WebSite","@id":"https:\/\/us-gc.net\/ro\/#website","url":"https:\/\/us-gc.net\/ro\/","name":"USA GC","description":"","potentialAction":[{"@type":"SearchAction","target":{"@type":"EntryPoint","urlTemplate":"https:\/\/us-gc.net\/ro\/?s={search_term_string}"},"query-input":{"@type":"PropertyValueSpecification","valueRequired":true,"valueName":"search_term_string"}}],"inLanguage":"ro-RO"}]}},"_links":{"self":[{"href":"https:\/\/us-gc.net\/ro\/wp-json\/wp\/v2\/pages\/4652","targetHints":{"allow":["GET"]}}],"collection":[{"href":"https:\/\/us-gc.net\/ro\/wp-json\/wp\/v2\/pages"}],"about":[{"href":"https:\/\/us-gc.net\/ro\/wp-json\/wp\/v2\/types\/page"}],"author":[{"embeddable":true,"href":"https:\/\/us-gc.net\/ro\/wp-json\/wp\/v2\/users\/1"}],"replies":[{"embeddable":true,"href":"https:\/\/us-gc.net\/ro\/wp-json\/wp\/v2\/comments?post=4652"}],"version-history":[{"count":1,"href":"https:\/\/us-gc.net\/ro\/wp-json\/wp\/v2\/pages\/4652\/revisions"}],"predecessor-version":[{"id":8105,"href":"https:\/\/us-gc.net\/ro\/wp-json\/wp\/v2\/pages\/4652\/revisions\/8105"}],"wp:attachment":[{"href":"https:\/\/us-gc.net\/ro\/wp-json\/wp\/v2\/media?parent=4652"}],"curies":[{"name":"wp","href":"https:\/\/api.w.org\/{rel}","templated":true}]}}