{"id":4650,"date":"2024-02-08T15:57:06","date_gmt":"2024-02-08T15:57:06","guid":{"rendered":"https:\/\/green-card-usa.net\/premiul-green-card\/"},"modified":"2025-03-31T11:22:37","modified_gmt":"2025-03-31T11:22:37","slug":"premiul-green-card","status":"publish","type":"page","link":"https:\/\/us-gc.net\/ro\/premiul-green-card\/","title":{"rendered":"C\u00e2t cost\u0103 Green Card?"},"content":{"rendered":"\n<h1 class=\"wp-block-heading\" id=\"h-prix-a-payer-pour-obtenir-la-green-card\">Costul ob\u021binerii Green Card<\/h1>\n\n<p>Taxele de pl\u0103tit pentru ob\u021binerea unei Green Card depind de tipul de Green Card \u0219i de situa\u021bia solicitantului. Exist\u0103 taxe care trebuie pl\u0103tite \u00een cele patru situa\u021bii principale pentru ob\u021binerea unei cGreen Card.<\/p>\n\n<h2 class=\"wp-block-heading\" id=\"h-quels-sont-les-frais-d-une-green-card-obtenue-a-la-loterie\">C\u00e2t cost\u0103 o Green Card ob\u021binut\u0103 prin loterie?<\/h2>\n\n<p><a href=\"https:\/\/us-gc.net\/ro\/loteria-green-card\/\">Loteria Green Card<\/a> permite unui num\u0103r de peste 50.000 de cet\u0103\u021beni str\u0103ini s\u0103 c\u00e2\u0219tige dreptul de a ob\u021bine un <a href=\"https:\/\/us-gc.net\/ro\/\">Green Card<\/a>. Participarea la tragerea la sor\u021bi este gratuit\u0103. Cu toate acestea, solicitan\u021bii vor trebui s\u0103 pl\u0103teasc\u0103 o tax\u0103 de viz\u0103 de diversitate autorit\u0103\u021bilor americane pentru a ob\u021bine Green Card pe care au c\u00e2\u0219tigat-o la loterie.<\/p>\n\n<p>Aceste taxe nu sunt rambursabile \u0219i sunt direc\u021bionate direct c\u0103tre Departamentul de Stat al SUA. Taxa este evaluat\u0103 pentru a acoperi costurile suportate de Departament pentru administrarea programului DV \u0219i este separat\u0103 de orice tax\u0103 pe care va trebui s\u0103 o pl\u0103ti\u021bi c\u0103tre USCIS ca parte a cererii de viz\u0103.<\/p>\n\n<p><strong>Taxa pentru o viz\u0103 de diversitate ob\u021binut\u0103 prin intermediul loteriei Green Card este de 330 USD<\/strong> pentru fiecare solicitant selectat la loterie. Plata acestor taxe trebuie efectuat\u0103 \u00eenainte de a putea continua procesarea cererii acceptate de <a href=\"https:\/\/www.uscis.gov\/\">USCIS<\/a>. Suma depinde de statutul ini\u021bial al solicitantului de Green Card.<\/p>\n\n<p>Pentru a <strong>v\u0103 asigura un loc la urm\u0103toarea tragere la sor\u021bi anual\u0103<\/strong>, trebuie s\u0103 completa\u021bi <a href=\"https:\/\/us-gc.net\/ro\/formular-loteria-green-card\/\">formularul de \u00eenregistrare la Loteria Green Card<\/a>.<\/p>\n\n<div style=\"height:10px\" aria-hidden=\"true\" class=\"wp-block-spacer\"><\/div>\n\n<h2 class=\"wp-block-heading\" id=\"h-quels-sont-les-frais-d-une-green-card-par-rapprochement-familial\">C\u00e2t cost\u0103 o Green Card pentru re\u00eentregirea familiei?<\/h2>\n\n<p>Un cet\u0103\u021bean str\u0103in care dore\u0219te s\u0103 locuiasc\u0103 permanent \u00een Statele Unite are nevoie de o viz\u0103 de imigrant. Aceast\u0103 viz\u0103 poate fi ob\u021binut\u0103 prin sponsorizarea de c\u0103tre o rud\u0103 apropiat\u0103 care este cet\u0103\u021bean american sau rezident permanent legal al Statelor Unite.<\/p>\n\n<h3 class=\"wp-block-heading\" id=\"h-il-existe-deux-types-de-visas-d-immigrant-familiaux\">Exist\u0103 dou\u0103 tipuri de vize de imigrant pentru familie<\/h3>\n\n<ul class=\"wp-block-list\">\n<li><strong>De la o rud\u0103 apropiat\u0103<\/strong>: Aceste vize se bazeaz\u0103 pe o rela\u021bie familial\u0103 direct\u0103 cu un cet\u0103\u021bean american, cum ar fi so\u021bul\/so\u021bia, copilul sau p\u0103rintele. Nu exist\u0103 o limit\u0103 a num\u0103rului de imigran\u021bi din aceste categorii \u00een fiecare an.<\/li>\n\n\n\n<li><strong>Preferin\u021ba familial\u0103<\/strong>: Aceste vize sunt destinate unor rela\u021bii de familie specifice, mai \u00eendep\u0103rtate, cu un cet\u0103\u021bean american \u0219i anumitor rela\u021bii specifice cu un rezident permanent legal. Num\u0103rul de imigran\u021bi din aceast\u0103 categorie de vize este limitat \u00een fiecare an.<\/li>\n<\/ul>\n\n<div style=\"height:10px\" aria-hidden=\"true\" class=\"wp-block-spacer\"><\/div>\n\n<p>Pentru ambele tipuri de viz\u0103: <strong>Taxa este de 325 USD de persoan\u0103<\/strong>. Aceste taxe nu sunt rambursabile.<\/p>\n","protected":false},"excerpt":{"rendered":"<p>Costul ob\u021binerii Green Card Taxele de pl\u0103tit pentru ob\u021binerea unei Green Card depind de tipul de Green Card \u0219i de situa\u021bia solicitantului. Exist\u0103 taxe care trebuie pl\u0103tite \u00een cele patru situa\u021bii principale pentru ob\u021binerea unei cGreen Card. C\u00e2t cost\u0103 o Green Card ob\u021binut\u0103 prin loterie? Loteria Green Card permite unui num\u0103r de peste 50.000 de [&hellip;]<\/p>\n","protected":false},"author":1,"featured_media":0,"parent":0,"menu_order":0,"comment_status":"closed","ping_status":"closed","template":"","meta":{"footnotes":""},"class_list":["post-4650","page","type-page","status-publish","hentry"],"yoast_head":"<!-- This site is optimized with the Yoast SEO plugin v27.4 - https:\/\/yoast.com\/product\/yoast-seo-wordpress\/ -->\n<title>C\u00e2t cost\u0103 Green Card? - USA GC<\/title>\n<meta name=\"description\" content=\"C\u00e2t cost\u0103 solicitarea unei Green Card americane? Depinde de condi\u021biile de ob\u021binere a acesteia.\" \/>\n<meta name=\"robots\" content=\"index, follow, max-snippet:-1, max-image-preview:large, max-video-preview:-1\" \/>\n<link rel=\"canonical\" href=\"https:\/\/us-gc.net\/ro\/premiul-green-card\/\" \/>\n<meta property=\"og:locale\" content=\"ro_RO\" \/>\n<meta property=\"og:type\" content=\"article\" \/>\n<meta property=\"og:title\" content=\"C\u00e2t cost\u0103 Green Card? - USA GC\" \/>\n<meta property=\"og:description\" content=\"C\u00e2t cost\u0103 solicitarea unei Green Card americane? Depinde de condi\u021biile de ob\u021binere a acesteia.\" \/>\n<meta property=\"og:url\" content=\"https:\/\/us-gc.net\/ro\/premiul-green-card\/\" \/>\n<meta property=\"og:site_name\" content=\"USA GC\" \/>\n<meta property=\"article:modified_time\" content=\"2025-03-31T11:22:37+00:00\" \/>\n<meta name=\"twitter:card\" content=\"summary_large_image\" \/>\n<meta name=\"twitter:label1\" content=\"Timp estimat pentru citire\" \/>\n\t<meta name=\"twitter:data1\" content=\"2 minute\" \/>\n<script type=\"application\/ld+json\" class=\"yoast-schema-graph\">{\"@context\":\"https:\\\/\\\/schema.org\",\"@graph\":[{\"@type\":\"WebPage\",\"@id\":\"https:\\\/\\\/us-gc.net\\\/ro\\\/premiul-green-card\\\/\",\"url\":\"https:\\\/\\\/us-gc.net\\\/ro\\\/premiul-green-card\\\/\",\"name\":\"C\u00e2t cost\u0103 Green Card? - USA GC\",\"isPartOf\":{\"@id\":\"https:\\\/\\\/us-gc.net\\\/ro\\\/#website\"},\"datePublished\":\"2024-02-08T15:57:06+00:00\",\"dateModified\":\"2025-03-31T11:22:37+00:00\",\"description\":\"C\u00e2t cost\u0103 solicitarea unei Green Card americane? Depinde de condi\u021biile de ob\u021binere a acesteia.\",\"breadcrumb\":{\"@id\":\"https:\\\/\\\/us-gc.net\\\/ro\\\/premiul-green-card\\\/#breadcrumb\"},\"inLanguage\":\"ro-RO\",\"potentialAction\":[{\"@type\":\"ReadAction\",\"target\":[\"https:\\\/\\\/us-gc.net\\\/ro\\\/premiul-green-card\\\/\"]}]},{\"@type\":\"BreadcrumbList\",\"@id\":\"https:\\\/\\\/us-gc.net\\\/ro\\\/premiul-green-card\\\/#breadcrumb\",\"itemListElement\":[{\"@type\":\"ListItem\",\"position\":1,\"name\":\"Accueil\",\"item\":\"https:\\\/\\\/us-gc.net\\\/ro\\\/green-card\\\/\"},{\"@type\":\"ListItem\",\"position\":2,\"name\":\"C\u00e2t cost\u0103 Green Card?\"}]},{\"@type\":\"WebSite\",\"@id\":\"https:\\\/\\\/us-gc.net\\\/ro\\\/#website\",\"url\":\"https:\\\/\\\/us-gc.net\\\/ro\\\/\",\"name\":\"USA GC\",\"description\":\"\",\"potentialAction\":[{\"@type\":\"SearchAction\",\"target\":{\"@type\":\"EntryPoint\",\"urlTemplate\":\"https:\\\/\\\/us-gc.net\\\/ro\\\/?s={search_term_string}\"},\"query-input\":{\"@type\":\"PropertyValueSpecification\",\"valueRequired\":true,\"valueName\":\"search_term_string\"}}],\"inLanguage\":\"ro-RO\"}]}<\/script>\n<!-- \/ Yoast SEO plugin. -->","yoast_head_json":{"title":"C\u00e2t cost\u0103 Green Card? - USA GC","description":"C\u00e2t cost\u0103 solicitarea unei Green Card americane? Depinde de condi\u021biile de ob\u021binere a acesteia.","robots":{"index":"index","follow":"follow","max-snippet":"max-snippet:-1","max-image-preview":"max-image-preview:large","max-video-preview":"max-video-preview:-1"},"canonical":"https:\/\/us-gc.net\/ro\/premiul-green-card\/","og_locale":"ro_RO","og_type":"article","og_title":"C\u00e2t cost\u0103 Green Card? - USA GC","og_description":"C\u00e2t cost\u0103 solicitarea unei Green Card americane? Depinde de condi\u021biile de ob\u021binere a acesteia.","og_url":"https:\/\/us-gc.net\/ro\/premiul-green-card\/","og_site_name":"USA GC","article_modified_time":"2025-03-31T11:22:37+00:00","twitter_card":"summary_large_image","twitter_misc":{"Timp estimat pentru citire":"2 minute"},"schema":{"@context":"https:\/\/schema.org","@graph":[{"@type":"WebPage","@id":"https:\/\/us-gc.net\/ro\/premiul-green-card\/","url":"https:\/\/us-gc.net\/ro\/premiul-green-card\/","name":"C\u00e2t cost\u0103 Green Card? - USA GC","isPartOf":{"@id":"https:\/\/us-gc.net\/ro\/#website"},"datePublished":"2024-02-08T15:57:06+00:00","dateModified":"2025-03-31T11:22:37+00:00","description":"C\u00e2t cost\u0103 solicitarea unei Green Card americane? Depinde de condi\u021biile de ob\u021binere a acesteia.","breadcrumb":{"@id":"https:\/\/us-gc.net\/ro\/premiul-green-card\/#breadcrumb"},"inLanguage":"ro-RO","potentialAction":[{"@type":"ReadAction","target":["https:\/\/us-gc.net\/ro\/premiul-green-card\/"]}]},{"@type":"BreadcrumbList","@id":"https:\/\/us-gc.net\/ro\/premiul-green-card\/#breadcrumb","itemListElement":[{"@type":"ListItem","position":1,"name":"Accueil","item":"https:\/\/us-gc.net\/ro\/green-card\/"},{"@type":"ListItem","position":2,"name":"C\u00e2t cost\u0103 Green Card?"}]},{"@type":"WebSite","@id":"https:\/\/us-gc.net\/ro\/#website","url":"https:\/\/us-gc.net\/ro\/","name":"USA GC","description":"","potentialAction":[{"@type":"SearchAction","target":{"@type":"EntryPoint","urlTemplate":"https:\/\/us-gc.net\/ro\/?s={search_term_string}"},"query-input":{"@type":"PropertyValueSpecification","valueRequired":true,"valueName":"search_term_string"}}],"inLanguage":"ro-RO"}]}},"_links":{"self":[{"href":"https:\/\/us-gc.net\/ro\/wp-json\/wp\/v2\/pages\/4650","targetHints":{"allow":["GET"]}}],"collection":[{"href":"https:\/\/us-gc.net\/ro\/wp-json\/wp\/v2\/pages"}],"about":[{"href":"https:\/\/us-gc.net\/ro\/wp-json\/wp\/v2\/types\/page"}],"author":[{"embeddable":true,"href":"https:\/\/us-gc.net\/ro\/wp-json\/wp\/v2\/users\/1"}],"replies":[{"embeddable":true,"href":"https:\/\/us-gc.net\/ro\/wp-json\/wp\/v2\/comments?post=4650"}],"version-history":[{"count":3,"href":"https:\/\/us-gc.net\/ro\/wp-json\/wp\/v2\/pages\/4650\/revisions"}],"predecessor-version":[{"id":10150,"href":"https:\/\/us-gc.net\/ro\/wp-json\/wp\/v2\/pages\/4650\/revisions\/10150"}],"wp:attachment":[{"href":"https:\/\/us-gc.net\/ro\/wp-json\/wp\/v2\/media?parent=4650"}],"curies":[{"name":"wp","href":"https:\/\/api.w.org\/{rel}","templated":true}]}}