{"id":4648,"date":"2024-01-31T08:01:49","date_gmt":"2024-01-31T08:01:49","guid":{"rendered":"https:\/\/green-card-usa.net\/politica-de-confidentialitate\/"},"modified":"2025-03-31T11:22:13","modified_gmt":"2025-03-31T11:22:13","slug":"politica-de-confidentialitate","status":"publish","type":"page","link":"https:\/\/us-gc.net\/ro\/politica-de-confidentialitate\/","title":{"rendered":"Politica de confiden\u021bialitate a datelor cu caracter personal"},"content":{"rendered":"\n<h1 class=\"wp-block-heading\" id=\"h-politique-de-confidentialite\">Politica de confiden\u021bialitate<\/h1>\n\n<p>Suntem un site de informare privind pia\u021ba american\u0103 a muncii. Nu oferim niciun serviciu online \u0219i nu avem un formular de \u00eenregistrare pe site. Singurul formular de pe site este <a href=\"https:\/\/us-gc.net\/ro\/contactati\/\">formularul de contact<\/a>.<\/p>\n\n<h2 class=\"wp-block-heading\" id=\"h-la-collecte-d-informations-sur-le-site\">Colectarea de informa\u021bii pe site<\/h2>\n\n<p>Iat\u0103 lista de informa\u021bii personale care pot fi colectate pe site-ul nostru:<\/p>\n\n<ul class=\"wp-block-list\">\n<li>Informa\u021bii de contact atunci c\u00e2nd trimite\u021bi un e-mail c\u0103tre echipa noastr\u0103 de asisten\u021b\u0103, cum ar fi numele, prenumele \u0219i adresa de e-mail. Informa\u021bii con\u021binute \u00een e-mailurile pe care ni le trimite\u021bi.<\/li>\n<\/ul>\n\n<div style=\"height:10px\" aria-hidden=\"true\" class=\"wp-block-spacer\"><\/div>\n\n<h2 class=\"wp-block-heading\" id=\"h-duree-de-conservation-des-donnees\">Perioada de p\u0103strare a datelor<\/h2>\n\n<p>Datele colectate sunt \u0219terse \u00een mod regulat, ceea ce \u00eenseamn\u0103 c\u0103 nu p\u0103str\u0103m niciun con\u021binut de e-mail trimis nou\u0103 pentru mai mult de o s\u0103pt\u0103m\u00e2n\u0103.  <\/p>\n\n<p>Actualizarea informa\u021biilor p\u0103strate: V\u0103 rug\u0103m s\u0103 ne anun\u021ba\u021bi dac\u0103 dori\u021bi ca informa\u021biile personale pe care le de\u021binem despre dvs. s\u0103 fie corectate sau actualizate \u00een timp ce sunt p\u0103strate.<\/p>\n\n<h2 class=\"wp-block-heading\" id=\"h-securite-de-vos-donnees-personnelles\">Securitatea datelor dumneavoastr\u0103 cu caracter personal<\/h2>\n\n<p>Lu\u0103m m\u0103suri tehnice de precau\u021bie pentru a preveni furtul de informa\u021bii personale con\u021binute \u00een baza noastr\u0103 de date \u00een timpul perioadei de stocare, chiar dac\u0103 aceasta este limitat\u0103. Vom stoca toate informa\u021biile personale transmise pe serverele noastre securizate.<\/p>\n\n<p>Sunte\u021bi de acord c\u0103 transmiterea de informa\u021bii prin internet nu este, \u00een principiu, foarte sigur\u0103. Este practic imposibil pentru noi s\u0103 garant\u0103m securitatea total\u0103 a datelor dumneavoastr\u0103 transmise.<\/p>\n\n<h2 class=\"wp-block-heading\" id=\"h-vos-droits-en-matiere-de-donnees-personnelles\">Drepturile dumneavoastr\u0103 \u00een ceea ce prive\u0219te datele cu caracter personal<\/h2>\n\n<p>Ave\u021bi dreptul de a ne solicita s\u0103 v\u0103 transmitem orice informa\u021bii personale pe care le de\u021binem despre dvs. Acest lucru se poate face pe baza prezent\u0103rii unei dovezi de identitate (fotocopie legalizat\u0103 a pa\u0219aportului + factur\u0103 care s\u0103 arate adresa dvs. de domiciliu).<\/p>\n\n<h2 class=\"wp-block-heading\" id=\"h-mise-a-jour-de-cette-politique-de-confidentialite\">Actualizarea prezentei politici de confiden\u021bialitate<\/h2>\n\n<p>Actualiz\u0103m periodic aceast\u0103 politic\u0103. Este necesar s\u0103 verifica\u021bi aceast\u0103 pagin\u0103 atunci c\u00e2nd utiliza\u021bi site-ul pentru a vedea dac\u0103 au intervenit modific\u0103ri \u00een ceea ce prive\u0219te confiden\u021bialitatea datelor cu caracter personal.<\/p>\n\n<h2 class=\"wp-block-heading\" id=\"h-liens-contextuels-vers-des-sites-web-tiers\">Leg\u0103turi contextuale c\u0103tre site-uri web ale unor ter\u021be p\u0103r\u021bi<\/h2>\n\n<p>Site-ul nostru web con\u021bine hyperlink-uri c\u0103tre site-uri web ale unor ter\u021be p\u0103r\u021bi. Nu de\u021binem niciun control asupra acestor site-uri \u0219i nu suntem responsabili pentru politicile de confiden\u021bialitate sau pentru practicile comerciale sau de marketing ale acestora. Nu ne asum\u0103m nicio r\u0103spundere pentru aceste linkuri.<\/p>\n","protected":false},"excerpt":{"rendered":"<p>Politica de confiden\u021bialitate Suntem un site de informare privind pia\u021ba american\u0103 a muncii. Nu oferim niciun serviciu online \u0219i nu avem un formular de \u00eenregistrare pe site. Singurul formular de pe site este formularul de contact. Colectarea de informa\u021bii pe site Iat\u0103 lista de informa\u021bii personale care pot fi colectate pe site-ul nostru: Perioada de [&hellip;]<\/p>\n","protected":false},"author":1,"featured_media":0,"parent":0,"menu_order":0,"comment_status":"closed","ping_status":"closed","template":"","meta":{"footnotes":""},"class_list":["post-4648","page","type-page","status-publish","hentry"],"yoast_head":"<!-- This site is optimized with the Yoast SEO plugin v27.4 - https:\/\/yoast.com\/product\/yoast-seo-wordpress\/ -->\n<title>Politica de confiden\u021bialitate a datelor cu caracter personal - USA GC<\/title>\n<meta name=\"description\" content=\"Politica de confiden\u021bialitate detaliat\u0103 care respect\u0103 reglement\u0103rile actuale privind protec\u021bia datelor\" \/>\n<meta name=\"robots\" content=\"noindex, nofollow\" \/>\n<meta property=\"og:locale\" content=\"ro_RO\" \/>\n<meta property=\"og:type\" content=\"article\" \/>\n<meta property=\"og:title\" content=\"Politica de confiden\u021bialitate a datelor cu caracter personal - USA GC\" \/>\n<meta property=\"og:description\" content=\"Politica de confiden\u021bialitate detaliat\u0103 care respect\u0103 reglement\u0103rile actuale privind protec\u021bia datelor\" \/>\n<meta property=\"og:url\" content=\"https:\/\/us-gc.net\/ro\/politica-de-confidentialitate\/\" \/>\n<meta property=\"og:site_name\" content=\"USA GC\" \/>\n<meta property=\"article:modified_time\" content=\"2025-03-31T11:22:13+00:00\" \/>\n<meta name=\"twitter:card\" content=\"summary_large_image\" \/>\n<meta name=\"twitter:label1\" content=\"Timp estimat pentru citire\" \/>\n\t<meta name=\"twitter:data1\" content=\"2 minute\" \/>\n<script type=\"application\/ld+json\" class=\"yoast-schema-graph\">{\"@context\":\"https:\\\/\\\/schema.org\",\"@graph\":[{\"@type\":\"WebPage\",\"@id\":\"https:\\\/\\\/us-gc.net\\\/ro\\\/politica-de-confidentialitate\\\/\",\"url\":\"https:\\\/\\\/us-gc.net\\\/ro\\\/politica-de-confidentialitate\\\/\",\"name\":\"Politica de confiden\u021bialitate a datelor cu caracter personal - USA GC\",\"isPartOf\":{\"@id\":\"https:\\\/\\\/us-gc.net\\\/ro\\\/#website\"},\"datePublished\":\"2024-01-31T08:01:49+00:00\",\"dateModified\":\"2025-03-31T11:22:13+00:00\",\"description\":\"Politica de confiden\u021bialitate detaliat\u0103 care respect\u0103 reglement\u0103rile actuale privind protec\u021bia datelor\",\"breadcrumb\":{\"@id\":\"https:\\\/\\\/us-gc.net\\\/ro\\\/politica-de-confidentialitate\\\/#breadcrumb\"},\"inLanguage\":\"ro-RO\",\"potentialAction\":[{\"@type\":\"ReadAction\",\"target\":[\"https:\\\/\\\/us-gc.net\\\/ro\\\/politica-de-confidentialitate\\\/\"]}]},{\"@type\":\"BreadcrumbList\",\"@id\":\"https:\\\/\\\/us-gc.net\\\/ro\\\/politica-de-confidentialitate\\\/#breadcrumb\",\"itemListElement\":[{\"@type\":\"ListItem\",\"position\":1,\"name\":\"Accueil\",\"item\":\"https:\\\/\\\/us-gc.net\\\/ro\\\/green-card\\\/\"},{\"@type\":\"ListItem\",\"position\":2,\"name\":\"Politica de confiden\u021bialitate a datelor cu caracter personal\"}]},{\"@type\":\"WebSite\",\"@id\":\"https:\\\/\\\/us-gc.net\\\/ro\\\/#website\",\"url\":\"https:\\\/\\\/us-gc.net\\\/ro\\\/\",\"name\":\"USA GC\",\"description\":\"\",\"potentialAction\":[{\"@type\":\"SearchAction\",\"target\":{\"@type\":\"EntryPoint\",\"urlTemplate\":\"https:\\\/\\\/us-gc.net\\\/ro\\\/?s={search_term_string}\"},\"query-input\":{\"@type\":\"PropertyValueSpecification\",\"valueRequired\":true,\"valueName\":\"search_term_string\"}}],\"inLanguage\":\"ro-RO\"}]}<\/script>\n<!-- \/ Yoast SEO plugin. -->","yoast_head_json":{"title":"Politica de confiden\u021bialitate a datelor cu caracter personal - USA GC","description":"Politica de confiden\u021bialitate detaliat\u0103 care respect\u0103 reglement\u0103rile actuale privind protec\u021bia datelor","robots":{"index":"noindex","follow":"nofollow"},"og_locale":"ro_RO","og_type":"article","og_title":"Politica de confiden\u021bialitate a datelor cu caracter personal - USA GC","og_description":"Politica de confiden\u021bialitate detaliat\u0103 care respect\u0103 reglement\u0103rile actuale privind protec\u021bia datelor","og_url":"https:\/\/us-gc.net\/ro\/politica-de-confidentialitate\/","og_site_name":"USA GC","article_modified_time":"2025-03-31T11:22:13+00:00","twitter_card":"summary_large_image","twitter_misc":{"Timp estimat pentru citire":"2 minute"},"schema":{"@context":"https:\/\/schema.org","@graph":[{"@type":"WebPage","@id":"https:\/\/us-gc.net\/ro\/politica-de-confidentialitate\/","url":"https:\/\/us-gc.net\/ro\/politica-de-confidentialitate\/","name":"Politica de confiden\u021bialitate a datelor cu caracter personal - USA GC","isPartOf":{"@id":"https:\/\/us-gc.net\/ro\/#website"},"datePublished":"2024-01-31T08:01:49+00:00","dateModified":"2025-03-31T11:22:13+00:00","description":"Politica de confiden\u021bialitate detaliat\u0103 care respect\u0103 reglement\u0103rile actuale privind protec\u021bia datelor","breadcrumb":{"@id":"https:\/\/us-gc.net\/ro\/politica-de-confidentialitate\/#breadcrumb"},"inLanguage":"ro-RO","potentialAction":[{"@type":"ReadAction","target":["https:\/\/us-gc.net\/ro\/politica-de-confidentialitate\/"]}]},{"@type":"BreadcrumbList","@id":"https:\/\/us-gc.net\/ro\/politica-de-confidentialitate\/#breadcrumb","itemListElement":[{"@type":"ListItem","position":1,"name":"Accueil","item":"https:\/\/us-gc.net\/ro\/green-card\/"},{"@type":"ListItem","position":2,"name":"Politica de confiden\u021bialitate a datelor cu caracter personal"}]},{"@type":"WebSite","@id":"https:\/\/us-gc.net\/ro\/#website","url":"https:\/\/us-gc.net\/ro\/","name":"USA GC","description":"","potentialAction":[{"@type":"SearchAction","target":{"@type":"EntryPoint","urlTemplate":"https:\/\/us-gc.net\/ro\/?s={search_term_string}"},"query-input":{"@type":"PropertyValueSpecification","valueRequired":true,"valueName":"search_term_string"}}],"inLanguage":"ro-RO"}]}},"_links":{"self":[{"href":"https:\/\/us-gc.net\/ro\/wp-json\/wp\/v2\/pages\/4648","targetHints":{"allow":["GET"]}}],"collection":[{"href":"https:\/\/us-gc.net\/ro\/wp-json\/wp\/v2\/pages"}],"about":[{"href":"https:\/\/us-gc.net\/ro\/wp-json\/wp\/v2\/types\/page"}],"author":[{"embeddable":true,"href":"https:\/\/us-gc.net\/ro\/wp-json\/wp\/v2\/users\/1"}],"replies":[{"embeddable":true,"href":"https:\/\/us-gc.net\/ro\/wp-json\/wp\/v2\/comments?post=4648"}],"version-history":[{"count":2,"href":"https:\/\/us-gc.net\/ro\/wp-json\/wp\/v2\/pages\/4648\/revisions"}],"predecessor-version":[{"id":8653,"href":"https:\/\/us-gc.net\/ro\/wp-json\/wp\/v2\/pages\/4648\/revisions\/8653"}],"wp:attachment":[{"href":"https:\/\/us-gc.net\/ro\/wp-json\/wp\/v2\/media?parent=4648"}],"curies":[{"name":"wp","href":"https:\/\/api.w.org\/{rel}","templated":true}]}}