{"id":4646,"date":"2024-02-10T08:30:09","date_gmt":"2024-02-10T08:30:09","guid":{"rendered":"https:\/\/green-card-usa.net\/tari-nu-avem-permis-de-joc-la-loteria-green-card\/"},"modified":"2024-12-30T09:46:25","modified_gmt":"2024-12-30T09:46:25","slug":"tari-nu-avem-permis-de-joc-la-loteria-green-card","status":"publish","type":"page","link":"https:\/\/us-gc.net\/ro\/tari-nu-avem-permis-de-joc-la-loteria-green-card\/","title":{"rendered":"\u021a\u0103rile care nu sunt eligibile pentru loteria Green Card"},"content":{"rendered":"\n<h1 class=\"wp-block-heading\" id=\"h-liste-des-pays-non-participants-a-la-loterie-de-la-green-card\">Lista \u021b\u0103rilor care nu particip\u0103 la loteria c\u0103r\u021bilor verzi<\/h1>\n\n<p>Statele Unite doresc s\u0103 men\u021bin\u0103 o popula\u021bie mixt\u0103 de imigran\u021bi. \u00cen fiecare an, Programul de vize pentru diversitate \u00eentocme\u0219te o list\u0103 cu \u021b\u0103rile ai c\u0103ror cet\u0103\u021beni nu au voie s\u0103 participe la loteria Green Card. Aceste \u021b\u0103ri neparticipante sunt cele \u00een care mai mult de 50.000 de cet\u0103\u021beni au imigrat \u00een Statele Unite \u00een ultimii cinci ani \u0219i nu sunt eligibile pentru a participa la extragerea din acest an.<\/p>\n\n<h2 class=\"wp-block-heading\" id=\"h-pays-exclus-de-la-loterie-green-card-dv-2024\">\u021a\u0103ri excluse de la loteria Green Card DV-2024<\/h2>\n\n<p>Pentru extragerea anual\u0103 a loteriei <a href=\"https:\/\/us-gc.net\/ro\/green-card-loteria-2024\/\">DV-2024 a c\u0103r\u021bilor verzi<\/a>, nu au fost eligibili nativii din urm\u0103toarele \u021b\u0103ri \u0219i regiuni, deoarece mai mult de 50 000 de nativi din aceste \u021b\u0103ri au imigrat \u00een Statele Unite \u00een ultimii cinci ani: Bangladesh, Brazilia, Canada, China (inclusiv Hong Kong), Columbia, Republica Dominican\u0103, El Salvador, Haiti, Honduras, India, Jamaica, Mexic, Nigeria, Pakistan, Filipine, Republica Coreea, Regatul Unit (cu excep\u021bia Irlandei de Nord) \u0219i teritoriile sale dependente, Venezuela \u0219i Vietnam.<\/p>\n\n<p><strong>Excep\u021bie chinez\u0103<\/strong>: persoanele n\u0103scute \u00een Macao \u0219i Taiwan au fost eligibile.<\/p>\n\n<h2 class=\"wp-block-heading\" id=\"h-pays-exclus-de-la-loterie-green-card-dv-2025\">\u021a\u0103ri excluse de la loteria DV-2025 a c\u0103r\u021bii verzi<\/h2>\n\n<p>Cet\u0103\u021benii din urm\u0103toarele \u021b\u0103ri nu sunt eligibili pentru tragerea la sor\u021bi anual\u0103 a loteriei <a href=\"https:\/\/us-gc.net\/ro\/loteria-green-card-2025\/\">DV-2025 pentru Green Card<\/a>: Bangladesh, Brazilia, Canada, China (inclusiv Hong Kong), Columbia, Republica Dominican\u0103, El Salvador, Haiti, Honduras, India, Jamaica, Mexic, Nigeria, Pakistan, Filipine, Republica Coreea, Venezuela \u0219i Vietnam.<\/p>\n\n<p><strong>Excep\u021bie chinez\u0103<\/strong>: persoanele n\u0103scute \u00een Macao \u0219i Taiwan au fost eligibile.<\/p>\n\n<p>Un singur teritoriu a fost eliminat de pe lista \u021b\u0103rilor excluse \u00eentre programele DV-2024 \u0219i DV-2025: <strong>Regatul Unit<\/strong>. Astfel, cet\u0103\u021benii britanici au putut din nou s\u0103 aplice la <a href=\"https:\/\/us-gc.net\/ro\/loteria-cartilor-verzi-din-sua\/\">loteria C\u0103r\u021bii Verzi<\/a> ca parte a extragerii DV-2025.<\/p>\n","protected":false},"excerpt":{"rendered":"<p>Lista \u021b\u0103rilor care nu particip\u0103 la loteria c\u0103r\u021bilor verzi Statele Unite doresc s\u0103 men\u021bin\u0103 o popula\u021bie mixt\u0103 de imigran\u021bi. \u00cen fiecare an, Programul de vize pentru diversitate \u00eentocme\u0219te o list\u0103 cu \u021b\u0103rile ai c\u0103ror cet\u0103\u021beni nu au voie s\u0103 participe la loteria Green Card. Aceste \u021b\u0103ri neparticipante sunt cele \u00een care mai mult de 50.000 [&hellip;]<\/p>\n","protected":false},"author":1,"featured_media":0,"parent":0,"menu_order":0,"comment_status":"closed","ping_status":"closed","template":"","meta":{"footnotes":""},"class_list":["post-4646","page","type-page","status-publish","hentry"],"yoast_head":"<!-- This site is optimized with the Yoast SEO plugin v27.4 - https:\/\/yoast.com\/product\/yoast-seo-wordpress\/ -->\n<title>\u021a\u0103rile care nu sunt eligibile pentru loteria Green Card - USA GC<\/title>\n<meta name=\"robots\" content=\"index, follow, max-snippet:-1, max-image-preview:large, max-video-preview:-1\" \/>\n<link rel=\"canonical\" href=\"https:\/\/us-gc.net\/ro\/tari-nu-avem-permis-de-joc-la-loteria-green-card\/\" \/>\n<meta property=\"og:locale\" content=\"ro_RO\" \/>\n<meta property=\"og:type\" content=\"article\" \/>\n<meta property=\"og:title\" content=\"\u021a\u0103rile care nu sunt eligibile pentru loteria Green Card - USA GC\" \/>\n<meta property=\"og:description\" content=\"Lista \u021b\u0103rilor care nu particip\u0103 la loteria c\u0103r\u021bilor verzi Statele Unite doresc s\u0103 men\u021bin\u0103 o popula\u021bie mixt\u0103 de imigran\u021bi. \u00cen fiecare an, Programul de vize pentru diversitate \u00eentocme\u0219te o list\u0103 cu \u021b\u0103rile ai c\u0103ror cet\u0103\u021beni nu au voie s\u0103 participe la loteria Green Card. Aceste \u021b\u0103ri neparticipante sunt cele \u00een care mai mult de 50.000 [&hellip;]\" \/>\n<meta property=\"og:url\" content=\"https:\/\/us-gc.net\/ro\/tari-nu-avem-permis-de-joc-la-loteria-green-card\/\" \/>\n<meta property=\"og:site_name\" content=\"USA GC\" \/>\n<meta property=\"article:modified_time\" content=\"2024-12-30T09:46:25+00:00\" \/>\n<meta name=\"twitter:card\" content=\"summary_large_image\" \/>\n<meta name=\"twitter:label1\" content=\"Timp estimat pentru citire\" \/>\n\t<meta name=\"twitter:data1\" content=\"1 minut\" \/>\n<script type=\"application\/ld+json\" class=\"yoast-schema-graph\">{\"@context\":\"https:\\\/\\\/schema.org\",\"@graph\":[{\"@type\":\"WebPage\",\"@id\":\"https:\\\/\\\/us-gc.net\\\/ro\\\/tari-nu-avem-permis-de-joc-la-loteria-green-card\\\/\",\"url\":\"https:\\\/\\\/us-gc.net\\\/ro\\\/tari-nu-avem-permis-de-joc-la-loteria-green-card\\\/\",\"name\":\"\u021a\u0103rile care nu sunt eligibile pentru loteria Green Card - USA GC\",\"isPartOf\":{\"@id\":\"https:\\\/\\\/us-gc.net\\\/ro\\\/#website\"},\"datePublished\":\"2024-02-10T08:30:09+00:00\",\"dateModified\":\"2024-12-30T09:46:25+00:00\",\"breadcrumb\":{\"@id\":\"https:\\\/\\\/us-gc.net\\\/ro\\\/tari-nu-avem-permis-de-joc-la-loteria-green-card\\\/#breadcrumb\"},\"inLanguage\":\"ro-RO\",\"potentialAction\":[{\"@type\":\"ReadAction\",\"target\":[\"https:\\\/\\\/us-gc.net\\\/ro\\\/tari-nu-avem-permis-de-joc-la-loteria-green-card\\\/\"]}]},{\"@type\":\"BreadcrumbList\",\"@id\":\"https:\\\/\\\/us-gc.net\\\/ro\\\/tari-nu-avem-permis-de-joc-la-loteria-green-card\\\/#breadcrumb\",\"itemListElement\":[{\"@type\":\"ListItem\",\"position\":1,\"name\":\"Accueil\",\"item\":\"https:\\\/\\\/us-gc.net\\\/ro\\\/green-card\\\/\"},{\"@type\":\"ListItem\",\"position\":2,\"name\":\"\u021a\u0103rile care nu sunt eligibile pentru loteria Green Card\"}]},{\"@type\":\"WebSite\",\"@id\":\"https:\\\/\\\/us-gc.net\\\/ro\\\/#website\",\"url\":\"https:\\\/\\\/us-gc.net\\\/ro\\\/\",\"name\":\"USA GC\",\"description\":\"\",\"potentialAction\":[{\"@type\":\"SearchAction\",\"target\":{\"@type\":\"EntryPoint\",\"urlTemplate\":\"https:\\\/\\\/us-gc.net\\\/ro\\\/?s={search_term_string}\"},\"query-input\":{\"@type\":\"PropertyValueSpecification\",\"valueRequired\":true,\"valueName\":\"search_term_string\"}}],\"inLanguage\":\"ro-RO\"}]}<\/script>\n<!-- \/ Yoast SEO plugin. -->","yoast_head_json":{"title":"\u021a\u0103rile care nu sunt eligibile pentru loteria Green Card - USA GC","robots":{"index":"index","follow":"follow","max-snippet":"max-snippet:-1","max-image-preview":"max-image-preview:large","max-video-preview":"max-video-preview:-1"},"canonical":"https:\/\/us-gc.net\/ro\/tari-nu-avem-permis-de-joc-la-loteria-green-card\/","og_locale":"ro_RO","og_type":"article","og_title":"\u021a\u0103rile care nu sunt eligibile pentru loteria Green Card - USA GC","og_description":"Lista \u021b\u0103rilor care nu particip\u0103 la loteria c\u0103r\u021bilor verzi Statele Unite doresc s\u0103 men\u021bin\u0103 o popula\u021bie mixt\u0103 de imigran\u021bi. \u00cen fiecare an, Programul de vize pentru diversitate \u00eentocme\u0219te o list\u0103 cu \u021b\u0103rile ai c\u0103ror cet\u0103\u021beni nu au voie s\u0103 participe la loteria Green Card. Aceste \u021b\u0103ri neparticipante sunt cele \u00een care mai mult de 50.000 [&hellip;]","og_url":"https:\/\/us-gc.net\/ro\/tari-nu-avem-permis-de-joc-la-loteria-green-card\/","og_site_name":"USA GC","article_modified_time":"2024-12-30T09:46:25+00:00","twitter_card":"summary_large_image","twitter_misc":{"Timp estimat pentru citire":"1 minut"},"schema":{"@context":"https:\/\/schema.org","@graph":[{"@type":"WebPage","@id":"https:\/\/us-gc.net\/ro\/tari-nu-avem-permis-de-joc-la-loteria-green-card\/","url":"https:\/\/us-gc.net\/ro\/tari-nu-avem-permis-de-joc-la-loteria-green-card\/","name":"\u021a\u0103rile care nu sunt eligibile pentru loteria Green Card - USA GC","isPartOf":{"@id":"https:\/\/us-gc.net\/ro\/#website"},"datePublished":"2024-02-10T08:30:09+00:00","dateModified":"2024-12-30T09:46:25+00:00","breadcrumb":{"@id":"https:\/\/us-gc.net\/ro\/tari-nu-avem-permis-de-joc-la-loteria-green-card\/#breadcrumb"},"inLanguage":"ro-RO","potentialAction":[{"@type":"ReadAction","target":["https:\/\/us-gc.net\/ro\/tari-nu-avem-permis-de-joc-la-loteria-green-card\/"]}]},{"@type":"BreadcrumbList","@id":"https:\/\/us-gc.net\/ro\/tari-nu-avem-permis-de-joc-la-loteria-green-card\/#breadcrumb","itemListElement":[{"@type":"ListItem","position":1,"name":"Accueil","item":"https:\/\/us-gc.net\/ro\/green-card\/"},{"@type":"ListItem","position":2,"name":"\u021a\u0103rile care nu sunt eligibile pentru loteria Green Card"}]},{"@type":"WebSite","@id":"https:\/\/us-gc.net\/ro\/#website","url":"https:\/\/us-gc.net\/ro\/","name":"USA GC","description":"","potentialAction":[{"@type":"SearchAction","target":{"@type":"EntryPoint","urlTemplate":"https:\/\/us-gc.net\/ro\/?s={search_term_string}"},"query-input":{"@type":"PropertyValueSpecification","valueRequired":true,"valueName":"search_term_string"}}],"inLanguage":"ro-RO"}]}},"_links":{"self":[{"href":"https:\/\/us-gc.net\/ro\/wp-json\/wp\/v2\/pages\/4646","targetHints":{"allow":["GET"]}}],"collection":[{"href":"https:\/\/us-gc.net\/ro\/wp-json\/wp\/v2\/pages"}],"about":[{"href":"https:\/\/us-gc.net\/ro\/wp-json\/wp\/v2\/types\/page"}],"author":[{"embeddable":true,"href":"https:\/\/us-gc.net\/ro\/wp-json\/wp\/v2\/users\/1"}],"replies":[{"embeddable":true,"href":"https:\/\/us-gc.net\/ro\/wp-json\/wp\/v2\/comments?post=4646"}],"version-history":[{"count":1,"href":"https:\/\/us-gc.net\/ro\/wp-json\/wp\/v2\/pages\/4646\/revisions"}],"predecessor-version":[{"id":8040,"href":"https:\/\/us-gc.net\/ro\/wp-json\/wp\/v2\/pages\/4646\/revisions\/8040"}],"wp:attachment":[{"href":"https:\/\/us-gc.net\/ro\/wp-json\/wp\/v2\/media?parent=4646"}],"curies":[{"name":"wp","href":"https:\/\/api.w.org\/{rel}","templated":true}]}}