{"id":4644,"date":"2024-01-31T15:53:04","date_gmt":"2024-01-31T15:53:04","guid":{"rendered":"https:\/\/green-card-usa.net\/loteria-cartilor-verzi-din-sua\/"},"modified":"2024-12-30T09:46:12","modified_gmt":"2024-12-30T09:46:12","slug":"loteria-cartilor-verzi-din-sua","status":"publish","type":"page","link":"https:\/\/us-gc.net\/ro\/loteria-cartilor-verzi-din-sua\/","title":{"rendered":"Participarea la loteria american\u0103 a c\u0103r\u021bilor verzi"},"content":{"rendered":"\n<h1 class=\"wp-block-heading\" id=\"h-la-carte-verte-permet-de-vivre-aux-etats-unis\">Cartea verde v\u0103 permite s\u0103 locui\u021bi \u00een Statele Unite.<\/h1>\n\n<p>\u00cen fiecare an, mii de cet\u0103\u021beni din \u00eentreaga lume \u00eencearc\u0103 s\u0103 ob\u021bin\u0103 o carte verde american\u0103 pentru a putea locui \u00een Statele Unite.<\/p>\n\n<h2 class=\"wp-block-heading\" id=\"h-qu-est-ce-que-la-carte-verte\">Ce este cartea verde?<\/h2>\n\n<p>Cartea verde este un card american care \u00eei confer\u0103 titularului dreptul de a deveni rezident permanent \u00een Statele Unite. Acesta le permite str\u0103inilor s\u0103 lucreze legal \u00een Statele Unite. Acest permis de \u0219edere este cunoscut \u00een \u00eentreaga lume sub numele de American Green Card, deoarece este o carte verde.<\/p>\n\n<h2 class=\"wp-block-heading\" id=\"h-comment-obtenir-une-carte-verte\">Cum pot ob\u021bine o Carte Verde?<\/h2>\n\n<p>Exist\u0103 mai multe modalit\u0103\u021bi de ob\u021binere a unei c\u0103r\u021bi verzi \u00een SUA. Solicitan\u021bii str\u0103ini de Carte Verde pot aplica pentru urm\u0103toarele motive:<\/p>\n\n<ul class=\"wp-block-list\">\n<li><a href=\"https:\/\/us-gc.net\/ro\/green-card-de-nunta\/\">Carte Verde prin c\u0103s\u0103torie<\/a> cu un de\u021bin\u0103tor american de Carte Verde ;<\/li>\n\n\n\n<li>Ob\u021binerea unei <a href=\"https:\/\/us-gc.net\/ro\/green-card-pentru-angajare\/\">c\u0103r\u021bi verzi prin angajare<\/a>;<\/li>\n\n\n\n<li>Ob\u021binerea unei <a href=\"https:\/\/us-gc.net\/ro\/green-card-sponsorizare\/\">c\u0103r\u021bi verzi datorit\u0103 unui sponsor<\/a> din partea familiei sau a unei companii;<\/li>\n<\/ul>\n\n<div style=\"height:10px\" aria-hidden=\"true\" class=\"wp-block-spacer\"><\/div>\n\n<p>Exist\u0103 \u0219i alte modalit\u0103\u021bi de ob\u021binere a unei c\u0103r\u021bi verzi. Cel mai r\u00e2vnit mod de a ob\u021bine o Carte Verde \u00een \u00eentreaga lume este prin intermediul loteriei americane. <strong>Pute\u021bi participa la aceast\u0103 loterie anual\u0103 \u00eenregistr\u00e2ndu-v\u0103<\/strong> online \u00een doar c\u00e2teva minute, d\u00e2nd click pe <a href=\"https:\/\/us-gc.net\/ro\/formular-loteria-green-card\/\">formularul online<\/a>.<\/p>\n\n<div style=\"height:10px\" aria-hidden=\"true\" class=\"wp-block-spacer\"><\/div>\n\n<h2 class=\"wp-block-heading\" id=\"h-qu-est-ce-que-la-loterie-americaine-de-la-carte-verte\">Ce este loteria american\u0103 a c\u0103r\u021bilor verzi?<\/h2>\n\n<p>Statele Unite ale Americii au instituit Programul de vize pentru diversitate pentru a gestiona imigra\u021bia str\u0103in\u0103. Aceasta este o loterie anual\u0103 la care particip\u0103 c\u00e2teva milioane de str\u0103ini \u00een fiecare an pentru a ob\u021bine una dintre cele 50.000 de c\u0103r\u021bi verzi oferite prin tragere la sor\u021bi.<\/p>\n\n<h2 class=\"wp-block-heading\" id=\"h-quand-se-deroule-le-tirage-de-la-loterie-carte-verte\">C\u00e2nd are loc tragerea la sor\u021bi a Loteriei pentru Cartea Verde?<\/h2>\n\n<p>Loteria c\u0103r\u021bilor verzi are loc o dat\u0103 pe an. Acesta are loc la sf\u00e2r\u0219itul anului, \u00een noiembrie. Prin urmare, extragerile loteriei sunt desemnate \u00een func\u021bie de anul \u00een care au loc: exist\u0103 <a href=\"https:\/\/us-gc.net\/ro\/green-card-loteria-2024\/\">Loteria C\u0103r\u021bilor Verzi 2024<\/a>, <a href=\"https:\/\/us-gc.net\/ro\/loteria-green-card-2025\/\">Loteria C\u0103r\u021bilor Verzi 2025<\/a> \u0219i <a href=\"https:\/\/us-gc.net\/ro\/loteria-green-card-2026\/\">Loteria C\u0103r\u021bilor Verzi 2026<\/a>. Candida\u021bii trebuie s\u0103 se \u00eenregistreze \u00eenainte de \u00eenchiderea \u00eenscrierilor pentru a participa la tragerea la sor\u021bi. <a href=\"https:\/\/us-gc.net\/ro\/rezultate-loteriei-green-card\/\">Rezultatele loteriei pentru cartea verde<\/a> sunt apoi publicate direct pe internet.<\/p>\n\n<h2 class=\"wp-block-heading\" id=\"h-comment-s-inscrire-a-la-loterie\">Cum pot participa la loterie?<\/h2>\n\n<p>Solicitan\u021bii trebuie mai \u00eent\u00e2i s\u0103 \u00ee\u0219i verifice eligibilitatea pentru a participa la loterie. \u00cen fiecare an, guvernul american public\u0103 o list\u0103 cu <a href=\"https:\/\/us-gc.net\/ro\/tari-nu-avem-permis-de-joc-la-loteria-green-card\/\">\u021b\u0103rile care nu sunt autorizate s\u0103 participe la loteria Green Card<\/a>.<\/p>\n\n<p>Solicitan\u021bii pentru loteria c\u0103r\u021bilor verzi trebuie s\u0103 se \u00eenregistreze direct online. ace\u0219tia trebuie s\u0103 completeze un <a href=\"https:\/\/us-gc.net\/ro\/formular-loteria-green-card\/\">formular online<\/a> pentru a se \u00eenscrie la loterie.<\/p>\n","protected":false},"excerpt":{"rendered":"<p>Cartea verde v\u0103 permite s\u0103 locui\u021bi \u00een Statele Unite. \u00cen fiecare an, mii de cet\u0103\u021beni din \u00eentreaga lume \u00eencearc\u0103 s\u0103 ob\u021bin\u0103 o carte verde american\u0103 pentru a putea locui \u00een Statele Unite. Ce este cartea verde? Cartea verde este un card american care \u00eei confer\u0103 titularului dreptul de a deveni rezident permanent \u00een Statele Unite. [&hellip;]<\/p>\n","protected":false},"author":1,"featured_media":0,"parent":0,"menu_order":0,"comment_status":"closed","ping_status":"closed","template":"","meta":{"footnotes":""},"class_list":["post-4644","page","type-page","status-publish","hentry"],"yoast_head":"<!-- This site is optimized with the Yoast SEO plugin v27.4 - https:\/\/yoast.com\/product\/yoast-seo-wordpress\/ -->\n<title>Participarea la loteria american\u0103 a c\u0103r\u021bilor verzi - USA GC<\/title>\n<meta name=\"description\" content=\"Participa\u021bi la loteria american\u0103 pentru a c\u00e2\u0219tiga un C\u0103r\u021bilor Verzi din SUA. Acesta este permisul de \u0219edere permanent\u0103 pentru a locui \u00een Statele Unite.\" \/>\n<meta name=\"robots\" content=\"index, follow, max-snippet:-1, max-image-preview:large, max-video-preview:-1\" \/>\n<link rel=\"canonical\" href=\"https:\/\/us-gc.net\/ro\/loteria-cartilor-verzi-din-sua\/\" \/>\n<meta property=\"og:locale\" content=\"ro_RO\" \/>\n<meta property=\"og:type\" content=\"article\" \/>\n<meta property=\"og:title\" content=\"Participarea la loteria american\u0103 a c\u0103r\u021bilor verzi - USA GC\" \/>\n<meta property=\"og:description\" content=\"Participa\u021bi la loteria american\u0103 pentru a c\u00e2\u0219tiga un C\u0103r\u021bilor Verzi din SUA. Acesta este permisul de \u0219edere permanent\u0103 pentru a locui \u00een Statele Unite.\" \/>\n<meta property=\"og:url\" content=\"https:\/\/us-gc.net\/ro\/loteria-cartilor-verzi-din-sua\/\" \/>\n<meta property=\"og:site_name\" content=\"USA GC\" \/>\n<meta property=\"article:modified_time\" content=\"2024-12-30T09:46:12+00:00\" \/>\n<meta name=\"twitter:card\" content=\"summary_large_image\" \/>\n<meta name=\"twitter:label1\" content=\"Timp estimat pentru citire\" \/>\n\t<meta name=\"twitter:data1\" content=\"2 minute\" \/>\n<script type=\"application\/ld+json\" class=\"yoast-schema-graph\">{\"@context\":\"https:\\\/\\\/schema.org\",\"@graph\":[{\"@type\":\"WebPage\",\"@id\":\"https:\\\/\\\/us-gc.net\\\/ro\\\/loteria-cartilor-verzi-din-sua\\\/\",\"url\":\"https:\\\/\\\/us-gc.net\\\/ro\\\/loteria-cartilor-verzi-din-sua\\\/\",\"name\":\"Participarea la loteria american\u0103 a c\u0103r\u021bilor verzi - USA GC\",\"isPartOf\":{\"@id\":\"https:\\\/\\\/us-gc.net\\\/ro\\\/#website\"},\"datePublished\":\"2024-01-31T15:53:04+00:00\",\"dateModified\":\"2024-12-30T09:46:12+00:00\",\"description\":\"Participa\u021bi la loteria american\u0103 pentru a c\u00e2\u0219tiga un C\u0103r\u021bilor Verzi din SUA. Acesta este permisul de \u0219edere permanent\u0103 pentru a locui \u00een Statele Unite.\",\"breadcrumb\":{\"@id\":\"https:\\\/\\\/us-gc.net\\\/ro\\\/loteria-cartilor-verzi-din-sua\\\/#breadcrumb\"},\"inLanguage\":\"ro-RO\",\"potentialAction\":[{\"@type\":\"ReadAction\",\"target\":[\"https:\\\/\\\/us-gc.net\\\/ro\\\/loteria-cartilor-verzi-din-sua\\\/\"]}]},{\"@type\":\"BreadcrumbList\",\"@id\":\"https:\\\/\\\/us-gc.net\\\/ro\\\/loteria-cartilor-verzi-din-sua\\\/#breadcrumb\",\"itemListElement\":[{\"@type\":\"ListItem\",\"position\":1,\"name\":\"Accueil\",\"item\":\"https:\\\/\\\/us-gc.net\\\/ro\\\/green-card\\\/\"},{\"@type\":\"ListItem\",\"position\":2,\"name\":\"Participarea la loteria american\u0103 a c\u0103r\u021bilor verzi\"}]},{\"@type\":\"WebSite\",\"@id\":\"https:\\\/\\\/us-gc.net\\\/ro\\\/#website\",\"url\":\"https:\\\/\\\/us-gc.net\\\/ro\\\/\",\"name\":\"USA GC\",\"description\":\"\",\"potentialAction\":[{\"@type\":\"SearchAction\",\"target\":{\"@type\":\"EntryPoint\",\"urlTemplate\":\"https:\\\/\\\/us-gc.net\\\/ro\\\/?s={search_term_string}\"},\"query-input\":{\"@type\":\"PropertyValueSpecification\",\"valueRequired\":true,\"valueName\":\"search_term_string\"}}],\"inLanguage\":\"ro-RO\"}]}<\/script>\n<!-- \/ Yoast SEO plugin. -->","yoast_head_json":{"title":"Participarea la loteria american\u0103 a c\u0103r\u021bilor verzi - USA GC","description":"Participa\u021bi la loteria american\u0103 pentru a c\u00e2\u0219tiga un C\u0103r\u021bilor Verzi din SUA. Acesta este permisul de \u0219edere permanent\u0103 pentru a locui \u00een Statele Unite.","robots":{"index":"index","follow":"follow","max-snippet":"max-snippet:-1","max-image-preview":"max-image-preview:large","max-video-preview":"max-video-preview:-1"},"canonical":"https:\/\/us-gc.net\/ro\/loteria-cartilor-verzi-din-sua\/","og_locale":"ro_RO","og_type":"article","og_title":"Participarea la loteria american\u0103 a c\u0103r\u021bilor verzi - USA GC","og_description":"Participa\u021bi la loteria american\u0103 pentru a c\u00e2\u0219tiga un C\u0103r\u021bilor Verzi din SUA. Acesta este permisul de \u0219edere permanent\u0103 pentru a locui \u00een Statele Unite.","og_url":"https:\/\/us-gc.net\/ro\/loteria-cartilor-verzi-din-sua\/","og_site_name":"USA GC","article_modified_time":"2024-12-30T09:46:12+00:00","twitter_card":"summary_large_image","twitter_misc":{"Timp estimat pentru citire":"2 minute"},"schema":{"@context":"https:\/\/schema.org","@graph":[{"@type":"WebPage","@id":"https:\/\/us-gc.net\/ro\/loteria-cartilor-verzi-din-sua\/","url":"https:\/\/us-gc.net\/ro\/loteria-cartilor-verzi-din-sua\/","name":"Participarea la loteria american\u0103 a c\u0103r\u021bilor verzi - USA GC","isPartOf":{"@id":"https:\/\/us-gc.net\/ro\/#website"},"datePublished":"2024-01-31T15:53:04+00:00","dateModified":"2024-12-30T09:46:12+00:00","description":"Participa\u021bi la loteria american\u0103 pentru a c\u00e2\u0219tiga un C\u0103r\u021bilor Verzi din SUA. Acesta este permisul de \u0219edere permanent\u0103 pentru a locui \u00een Statele Unite.","breadcrumb":{"@id":"https:\/\/us-gc.net\/ro\/loteria-cartilor-verzi-din-sua\/#breadcrumb"},"inLanguage":"ro-RO","potentialAction":[{"@type":"ReadAction","target":["https:\/\/us-gc.net\/ro\/loteria-cartilor-verzi-din-sua\/"]}]},{"@type":"BreadcrumbList","@id":"https:\/\/us-gc.net\/ro\/loteria-cartilor-verzi-din-sua\/#breadcrumb","itemListElement":[{"@type":"ListItem","position":1,"name":"Accueil","item":"https:\/\/us-gc.net\/ro\/green-card\/"},{"@type":"ListItem","position":2,"name":"Participarea la loteria american\u0103 a c\u0103r\u021bilor verzi"}]},{"@type":"WebSite","@id":"https:\/\/us-gc.net\/ro\/#website","url":"https:\/\/us-gc.net\/ro\/","name":"USA GC","description":"","potentialAction":[{"@type":"SearchAction","target":{"@type":"EntryPoint","urlTemplate":"https:\/\/us-gc.net\/ro\/?s={search_term_string}"},"query-input":{"@type":"PropertyValueSpecification","valueRequired":true,"valueName":"search_term_string"}}],"inLanguage":"ro-RO"}]}},"_links":{"self":[{"href":"https:\/\/us-gc.net\/ro\/wp-json\/wp\/v2\/pages\/4644","targetHints":{"allow":["GET"]}}],"collection":[{"href":"https:\/\/us-gc.net\/ro\/wp-json\/wp\/v2\/pages"}],"about":[{"href":"https:\/\/us-gc.net\/ro\/wp-json\/wp\/v2\/types\/page"}],"author":[{"embeddable":true,"href":"https:\/\/us-gc.net\/ro\/wp-json\/wp\/v2\/users\/1"}],"replies":[{"embeddable":true,"href":"https:\/\/us-gc.net\/ro\/wp-json\/wp\/v2\/comments?post=4644"}],"version-history":[{"count":1,"href":"https:\/\/us-gc.net\/ro\/wp-json\/wp\/v2\/pages\/4644\/revisions"}],"predecessor-version":[{"id":8018,"href":"https:\/\/us-gc.net\/ro\/wp-json\/wp\/v2\/pages\/4644\/revisions\/8018"}],"wp:attachment":[{"href":"https:\/\/us-gc.net\/ro\/wp-json\/wp\/v2\/media?parent=4644"}],"curies":[{"name":"wp","href":"https:\/\/api.w.org\/{rel}","templated":true}]}}