{"id":4642,"date":"2024-01-31T16:36:26","date_gmt":"2024-01-31T16:36:26","guid":{"rendered":"https:\/\/green-card-usa.net\/green-card-sponsorizare\/"},"modified":"2024-12-30T09:46:02","modified_gmt":"2024-12-30T09:46:02","slug":"green-card-sponsorizare","status":"publish","type":"page","link":"https:\/\/us-gc.net\/ro\/green-card-sponsorizare\/","title":{"rendered":"Sponsorizarea unui solicitant de Green Card"},"content":{"rendered":"\n<h1 class=\"wp-block-heading\" id=\"h-obtenir-la-green-card-grace-au-parrainage\">Ob\u021bine\u021bi Green Card prin sponsorizare<\/h1>\n\n<p>Ob\u021binerea unei c\u0103r\u021bi verzi americane prin intermediul unui sponsor le permite imigran\u021bilor s\u0103 devin\u0103 reziden\u021bi permanen\u021bi permanen\u021bi \u00een Statele Unite. Iat\u0103 care sunt aspectele esen\u021biale ale sponsoriz\u0103rii prin Green Card \u0219i obliga\u021biile sponsorului.<\/p>\n\n<h2 class=\"wp-block-heading\" id=\"h-qu-est-ce-que-le-parrainage-de-la-green-card\">Ce este sponsorizarea Green Card?<\/h2>\n\n<p>Sponsorizarea Green Card se refer\u0103 la actul de a sprijini cererea unei persoane pentru reziden\u021b\u0103 permanent\u0103 \u00een Statele Unite. Acest sprijin poate veni din partea unui membru al familiei care este deja cet\u0103\u021bean american sau posesor de <a href=\"https:\/\/us-gc.net\/ro\/\">Green Card<\/a>, sau din partea unui angajator american.<\/p>\n\n<p>Sponsorul este un fel de garant moral pentru solicitantul de Green Card. <\/p>\n\n<h2 class=\"wp-block-heading\" id=\"h-parrainage-familial\">Sponsorizare familial\u0103<\/h2>\n\n<h3 class=\"wp-block-heading\" id=\"h-le-titulaire-d-une-green-card-peut-il-parrainer-ses-parents\">Pot titularii de Green Card s\u0103 \u00ee\u0219i sponsorizeze p\u0103rin\u021bii?<\/h3>\n\n<p>Nu, de\u021bin\u0103torii de Green Card nu \u00ee\u0219i pot sponsoriza p\u0103rin\u021bii. Numai cet\u0103\u021benii americani \u00ee\u0219i pot sponsoriza p\u0103rin\u021bii \u00een vederea ob\u021binerii unei c\u0103r\u021bi verzi \u00een calitate de rude apropiate.<\/p>\n\n<h3 class=\"wp-block-heading\" id=\"h-le-titulaire-d-une-green-card-peut-il-parrainer-son-conjoint\">Poate un de\u021bin\u0103tor de Green Card s\u0103 \u00ee\u0219i sponsorizeze so\u021bul\/so\u021bia?<\/h3>\n\n<p>Da, de\u021bin\u0103torii de Green Card pot sponsoriza so\u021bul\/so\u021bia pentru reziden\u021b\u0103 permanent\u0103 \u00een Statele Unite.<\/p>\n\n<h3 class=\"wp-block-heading\" id=\"h-le-titulaire-d-une-green-card-peut-il-parrainer-ses-freres-et-soeurs\">Pot titularii de Green Card s\u0103 \u00ee\u0219i sponsorizeze fra\u021bii \u0219i surorile?<\/h3>\n\n<p>Nu, de\u021bin\u0103torii de Green Card nu \u00ee\u0219i pot sponsoriza fra\u021bii \u0219i surorile. Aceast\u0103 op\u021biune este disponibil\u0103 doar pentru cet\u0103\u021benii americani.<\/p>\n\n<h3 class=\"wp-block-heading\" id=\"h-le-titulaire-d-une-green-card-peut-il-parrainer-un-enfant-de-plus-de-21-ans\">Poate un de\u021bin\u0103tor de Green Card s\u0103 sponsorizeze un copil cu v\u00e2rsta de peste 21 de ani?<\/h3>\n\n<p>Da, de\u021bin\u0103torii de Green Card \u00ee\u0219i pot sponsoriza copiii nec\u0103s\u0103tori\u021bi cu v\u00e2rsta de peste 21 de ani, dar ace\u0219tia se \u00eencadreaz\u0103 \u00eentr-o categorie preferen\u021bial\u0103, ceea ce poate duce la \u00eent\u00e2rzieri mai mari.<\/p>\n\n<h2 class=\"wp-block-heading\" id=\"h-une-entreprise-peut-elle-sponsoriser-une-green-card\">Poate o companie s\u0103 sponsorizeze o Green Card?<\/h2>\n\n<p>Da, o companie poate sponsoriza un angajat pentru o Green Card prin intermediul procesului de certificare a for\u021bei de munc\u0103 sau al altor categorii de angajare.<\/p>\n\n<h2 class=\"wp-block-heading\" id=\"h-les-etapes-pour-obtenir-une-green-card-grace-a-un-sponsor\">Pa\u0219i pentru a ob\u021bine o Green Card datorit\u0103 unui sponsor<\/h2>\n\n<ol class=\"wp-block-list\">\n<li><strong>Identificarea sponsorului<\/strong>: Determina\u021bi dac\u0103 sunte\u021bi eligibil pentru a fi sponsorizat de un membru al familiei sau de un angajator.<\/li>\n\n\n\n<li><strong>Depunerea formularului I-130<\/strong> pentru o sponsorizare familial\u0103. \u00cen cazul unui angajator care sponsorizeaz\u0103, trebuie lansat un proces de certificare a locului de munc\u0103.<\/li>\n\n\n\n<li><strong>A\u0219teptarea aprob\u0103rii<\/strong>: Durata variaz\u0103 \u00een func\u021bie de categoria de sponsorizare \u0219i de originea na\u021bional\u0103 a solicitantului.<\/li>\n\n\n\n<li><strong>Ajustarea statutului sau procedura consular\u0103<\/strong>: Dac\u0103 v\u0103 afla\u021bi deja \u00een Statele Unite, v\u0103 pute\u021bi ajusta statutul. \u00cen caz contrar, va trebui s\u0103 parcurge\u021bi procedura consular\u0103 \u00een \u021bara de origine.<\/li>\n\n\n\n<li><strong>Interviu \u0219i aprobare<\/strong>: Participa\u021bi la un <a href=\"https:\/\/us-gc.net\/ro\/green-card-de-intretinere\/\">interviu pentru Green Card<\/a> la consulat sau cu personalul <a href=\"https:\/\/www.uscis.gov\/\">USCIS<\/a> pentru a v\u0103 valida cererea.<\/li>\n<\/ol>\n\n<h2 class=\"wp-block-heading\" id=\"h-le-sponsor-peut-il-revoquer-la-green-card\">Poate sponsorul s\u0103 revoce Green Card?<\/h2>\n\n<p>Odat\u0103 ce Green Card a fost acordat\u0103, sponsorul nu o poate, \u00een general, revoca. Cu toate acestea, exist\u0103 excep\u021bii, \u00een special \u00een cazul \u00een care Green Card a fost ob\u021binut\u0103 prin fraud\u0103.<\/p>\n\n<h2 class=\"wp-block-heading\" id=\"h-faut-il-un-sponsor-pour-participer-a-la-loterie\">Am nevoie de un sponsor pentru a participa la loterie?<\/h2>\n\n<p>Nu, nu ave\u021bi nevoie de un sponsor pentru a participa la <a href=\"https:\/\/us-gc.net\/ro\/loteria-green-card\/\">loteria Green Card<\/a>. \u00censcrierea se face integral online, \u00een doar c\u00e2teva minute. Pentru a v\u0103 asigura participarea, face\u021bi clic pe <a href=\"https:\/\/us-gc.net\/ro\/formular-loteria-green-card\/\">formularul online<\/a>.<\/p>\n","protected":false},"excerpt":{"rendered":"<p>Ob\u021bine\u021bi Green Card prin sponsorizare Ob\u021binerea unei c\u0103r\u021bi verzi americane prin intermediul unui sponsor le permite imigran\u021bilor s\u0103 devin\u0103 reziden\u021bi permanen\u021bi permanen\u021bi \u00een Statele Unite. Iat\u0103 care sunt aspectele esen\u021biale ale sponsoriz\u0103rii prin Green Card \u0219i obliga\u021biile sponsorului. Ce este sponsorizarea Green Card? Sponsorizarea Green Card se refer\u0103 la actul de a sprijini cererea unei [&hellip;]<\/p>\n","protected":false},"author":1,"featured_media":0,"parent":0,"menu_order":0,"comment_status":"closed","ping_status":"closed","template":"","meta":{"footnotes":""},"class_list":["post-4642","page","type-page","status-publish","hentry"],"yoast_head":"<!-- This site is optimized with the Yoast SEO plugin v27.4 - https:\/\/yoast.com\/product\/yoast-seo-wordpress\/ -->\n<title>Sponsorizarea unui solicitant de Green Card - USA GC<\/title>\n<meta name=\"description\" content=\"De\u021bin\u0103torii de Green Card pot sponsoriza un solicitant de Green Card \u00een anumite circumstan\u021be\" \/>\n<meta name=\"robots\" content=\"index, follow, max-snippet:-1, max-image-preview:large, max-video-preview:-1\" \/>\n<link rel=\"canonical\" href=\"https:\/\/us-gc.net\/ro\/green-card-sponsorizare\/\" \/>\n<meta property=\"og:locale\" content=\"ro_RO\" \/>\n<meta property=\"og:type\" content=\"article\" \/>\n<meta property=\"og:title\" content=\"Sponsorizarea unui solicitant de Green Card - USA GC\" \/>\n<meta property=\"og:description\" content=\"De\u021bin\u0103torii de Green Card pot sponsoriza un solicitant de Green Card \u00een anumite circumstan\u021be\" \/>\n<meta property=\"og:url\" content=\"https:\/\/us-gc.net\/ro\/green-card-sponsorizare\/\" \/>\n<meta property=\"og:site_name\" content=\"USA GC\" \/>\n<meta property=\"article:modified_time\" content=\"2024-12-30T09:46:02+00:00\" \/>\n<meta name=\"twitter:card\" content=\"summary_large_image\" \/>\n<meta name=\"twitter:label1\" content=\"Timp estimat pentru citire\" \/>\n\t<meta name=\"twitter:data1\" content=\"3 minute\" \/>\n<script type=\"application\/ld+json\" class=\"yoast-schema-graph\">{\"@context\":\"https:\\\/\\\/schema.org\",\"@graph\":[{\"@type\":\"WebPage\",\"@id\":\"https:\\\/\\\/us-gc.net\\\/ro\\\/green-card-sponsorizare\\\/\",\"url\":\"https:\\\/\\\/us-gc.net\\\/ro\\\/green-card-sponsorizare\\\/\",\"name\":\"Sponsorizarea unui solicitant de Green Card - USA GC\",\"isPartOf\":{\"@id\":\"https:\\\/\\\/us-gc.net\\\/ro\\\/#website\"},\"datePublished\":\"2024-01-31T16:36:26+00:00\",\"dateModified\":\"2024-12-30T09:46:02+00:00\",\"description\":\"De\u021bin\u0103torii de Green Card pot sponsoriza un solicitant de Green Card \u00een anumite circumstan\u021be\",\"breadcrumb\":{\"@id\":\"https:\\\/\\\/us-gc.net\\\/ro\\\/green-card-sponsorizare\\\/#breadcrumb\"},\"inLanguage\":\"ro-RO\",\"potentialAction\":[{\"@type\":\"ReadAction\",\"target\":[\"https:\\\/\\\/us-gc.net\\\/ro\\\/green-card-sponsorizare\\\/\"]}]},{\"@type\":\"BreadcrumbList\",\"@id\":\"https:\\\/\\\/us-gc.net\\\/ro\\\/green-card-sponsorizare\\\/#breadcrumb\",\"itemListElement\":[{\"@type\":\"ListItem\",\"position\":1,\"name\":\"Accueil\",\"item\":\"https:\\\/\\\/us-gc.net\\\/ro\\\/green-card\\\/\"},{\"@type\":\"ListItem\",\"position\":2,\"name\":\"Sponsorizarea unui solicitant de Green Card\"}]},{\"@type\":\"WebSite\",\"@id\":\"https:\\\/\\\/us-gc.net\\\/ro\\\/#website\",\"url\":\"https:\\\/\\\/us-gc.net\\\/ro\\\/\",\"name\":\"USA GC\",\"description\":\"\",\"potentialAction\":[{\"@type\":\"SearchAction\",\"target\":{\"@type\":\"EntryPoint\",\"urlTemplate\":\"https:\\\/\\\/us-gc.net\\\/ro\\\/?s={search_term_string}\"},\"query-input\":{\"@type\":\"PropertyValueSpecification\",\"valueRequired\":true,\"valueName\":\"search_term_string\"}}],\"inLanguage\":\"ro-RO\"}]}<\/script>\n<!-- \/ Yoast SEO plugin. -->","yoast_head_json":{"title":"Sponsorizarea unui solicitant de Green Card - USA GC","description":"De\u021bin\u0103torii de Green Card pot sponsoriza un solicitant de Green Card \u00een anumite circumstan\u021be","robots":{"index":"index","follow":"follow","max-snippet":"max-snippet:-1","max-image-preview":"max-image-preview:large","max-video-preview":"max-video-preview:-1"},"canonical":"https:\/\/us-gc.net\/ro\/green-card-sponsorizare\/","og_locale":"ro_RO","og_type":"article","og_title":"Sponsorizarea unui solicitant de Green Card - USA GC","og_description":"De\u021bin\u0103torii de Green Card pot sponsoriza un solicitant de Green Card \u00een anumite circumstan\u021be","og_url":"https:\/\/us-gc.net\/ro\/green-card-sponsorizare\/","og_site_name":"USA GC","article_modified_time":"2024-12-30T09:46:02+00:00","twitter_card":"summary_large_image","twitter_misc":{"Timp estimat pentru citire":"3 minute"},"schema":{"@context":"https:\/\/schema.org","@graph":[{"@type":"WebPage","@id":"https:\/\/us-gc.net\/ro\/green-card-sponsorizare\/","url":"https:\/\/us-gc.net\/ro\/green-card-sponsorizare\/","name":"Sponsorizarea unui solicitant de Green Card - USA GC","isPartOf":{"@id":"https:\/\/us-gc.net\/ro\/#website"},"datePublished":"2024-01-31T16:36:26+00:00","dateModified":"2024-12-30T09:46:02+00:00","description":"De\u021bin\u0103torii de Green Card pot sponsoriza un solicitant de Green Card \u00een anumite circumstan\u021be","breadcrumb":{"@id":"https:\/\/us-gc.net\/ro\/green-card-sponsorizare\/#breadcrumb"},"inLanguage":"ro-RO","potentialAction":[{"@type":"ReadAction","target":["https:\/\/us-gc.net\/ro\/green-card-sponsorizare\/"]}]},{"@type":"BreadcrumbList","@id":"https:\/\/us-gc.net\/ro\/green-card-sponsorizare\/#breadcrumb","itemListElement":[{"@type":"ListItem","position":1,"name":"Accueil","item":"https:\/\/us-gc.net\/ro\/green-card\/"},{"@type":"ListItem","position":2,"name":"Sponsorizarea unui solicitant de Green Card"}]},{"@type":"WebSite","@id":"https:\/\/us-gc.net\/ro\/#website","url":"https:\/\/us-gc.net\/ro\/","name":"USA GC","description":"","potentialAction":[{"@type":"SearchAction","target":{"@type":"EntryPoint","urlTemplate":"https:\/\/us-gc.net\/ro\/?s={search_term_string}"},"query-input":{"@type":"PropertyValueSpecification","valueRequired":true,"valueName":"search_term_string"}}],"inLanguage":"ro-RO"}]}},"_links":{"self":[{"href":"https:\/\/us-gc.net\/ro\/wp-json\/wp\/v2\/pages\/4642","targetHints":{"allow":["GET"]}}],"collection":[{"href":"https:\/\/us-gc.net\/ro\/wp-json\/wp\/v2\/pages"}],"about":[{"href":"https:\/\/us-gc.net\/ro\/wp-json\/wp\/v2\/types\/page"}],"author":[{"embeddable":true,"href":"https:\/\/us-gc.net\/ro\/wp-json\/wp\/v2\/users\/1"}],"replies":[{"embeddable":true,"href":"https:\/\/us-gc.net\/ro\/wp-json\/wp\/v2\/comments?post=4642"}],"version-history":[{"count":1,"href":"https:\/\/us-gc.net\/ro\/wp-json\/wp\/v2\/pages\/4642\/revisions"}],"predecessor-version":[{"id":7996,"href":"https:\/\/us-gc.net\/ro\/wp-json\/wp\/v2\/pages\/4642\/revisions\/7996"}],"wp:attachment":[{"href":"https:\/\/us-gc.net\/ro\/wp-json\/wp\/v2\/media?parent=4642"}],"curies":[{"name":"wp","href":"https:\/\/api.w.org\/{rel}","templated":true}]}}