{"id":4640,"date":"2024-01-31T07:59:57","date_gmt":"2024-01-31T07:59:57","guid":{"rendered":"https:\/\/green-card-usa.net\/note-maxime\/"},"modified":"2025-03-31T10:09:47","modified_gmt":"2025-03-31T10:09:47","slug":"note-maxime","status":"publish","type":"page","link":"https:\/\/us-gc.net\/ro\/note-maxime\/","title":{"rendered":"Informa\u021bii juridice"},"content":{"rendered":"\n<h1 class=\"wp-block-heading\" id=\"h-mentions-legales-du-site\">Informa\u021bii juridice<\/h1>\n\n<h2 class=\"wp-block-heading\" id=\"h-editeur-du-site\">Editor de site-uri web<\/h2>\n\n<p>Suntem un site de informare privind pia\u021ba muncii din Statele Unite. Site-ul nostru este publicat de compania privat\u0103 maltez\u0103 <a href=\"https:\/\/alma-consulting.org\/\">Alma Consulting<\/a>. Suntem independen\u021bi de orice administra\u021bie public\u0103.    <\/p>\n\n<p>Persoana responsabil\u0103 de publicarea site-ului este dl Kevin Borg. Pentru a ne contacta, v\u0103 rug\u0103m s\u0103 utiliza\u021bi <a href=\"https:\/\/us-gc.net\/ro\/contactati\/\">formularul de contact<\/a>.<\/p>\n\n<h2 class=\"wp-block-heading\" id=\"h-hebergement-du-site\">Gazduire site web<\/h2>\n\n<p>Site-ul este g\u0103zduit de OVH, o companie cu sediul \u00een Roubaix, Fran\u021ba.\nOVH este o societate \u00eenregistrat\u0103 \u00een registrul comer\u021bului din Lille M\u00e9tropole cu num\u0103rul B424 761 419. <\/p>\n\n<h2 class=\"wp-block-heading\" id=\"h-traitement-des-donnees-personnelles\">Prelucrarea datelor cu caracter personal<\/h2>\n\n<p>Nu colect\u0103m date cu caracter personal prin intermediul unui formular online. Singurele informa\u021bii personale colectate de la vizitatorii site-ului se refer\u0103 la informa\u021biile furnizate \u00een formularul de contact. Aceste informa\u021bii sunt distruse \u0219i nu sunt p\u0103strate odat\u0103 ce e-mailul a fost procesat. <\/p>\n\n<p>\u00cen ceea ce prive\u0219te cookie-urile de browser, vizitatorii pot bloca singuri utilizarea cookie-urilor de browser. De asemenea, ave\u021bi dreptul de a accesa, modifica, rectifica \u0219i \u0219terge aceste date. Pentru a v\u0103 exercita acest drept, v\u0103 rug\u0103m s\u0103 ne contacta\u021bi folosind <a href=\"https:\/\/us-gc.net\/ro\/contactati\/\">formularul de contact<\/a>.<\/p>\n","protected":false},"excerpt":{"rendered":"<p>Informa\u021bii juridice Editor de site-uri web Suntem un site de informare privind pia\u021ba muncii din Statele Unite. Site-ul nostru este publicat de compania privat\u0103 maltez\u0103 Alma Consulting. Suntem independen\u021bi de orice administra\u021bie public\u0103. Persoana responsabil\u0103 de publicarea site-ului este dl Kevin Borg. Pentru a ne contacta, v\u0103 rug\u0103m s\u0103 utiliza\u021bi formularul de contact. Gazduire site [&hellip;]<\/p>\n","protected":false},"author":1,"featured_media":0,"parent":0,"menu_order":0,"comment_status":"closed","ping_status":"closed","template":"","meta":{"footnotes":""},"class_list":["post-4640","page","type-page","status-publish","hentry"],"yoast_head":"<!-- This site is optimized with the Yoast SEO plugin v27.4 - https:\/\/yoast.com\/product\/yoast-seo-wordpress\/ -->\n<title>Informa\u021bii juridice - USA GC<\/title>\n<meta name=\"description\" content=\"Aviz juridic pentru site-ul web us-gc.net, informa\u021bii privind pia\u021ba for\u021bei de munc\u0103 \u0219i a imigra\u021biei din SUA\" \/>\n<meta name=\"robots\" content=\"noindex, nofollow\" \/>\n<meta property=\"og:locale\" content=\"ro_RO\" \/>\n<meta property=\"og:type\" content=\"article\" \/>\n<meta property=\"og:title\" content=\"Informa\u021bii juridice - USA GC\" \/>\n<meta property=\"og:description\" content=\"Aviz juridic pentru site-ul web us-gc.net, informa\u021bii privind pia\u021ba for\u021bei de munc\u0103 \u0219i a imigra\u021biei din SUA\" \/>\n<meta property=\"og:url\" content=\"https:\/\/us-gc.net\/ro\/note-maxime\/\" \/>\n<meta property=\"og:site_name\" content=\"USA GC\" \/>\n<meta property=\"article:modified_time\" content=\"2025-03-31T10:09:47+00:00\" \/>\n<meta name=\"twitter:card\" content=\"summary_large_image\" \/>\n<meta name=\"twitter:label1\" content=\"Timp estimat pentru citire\" \/>\n\t<meta name=\"twitter:data1\" content=\"1 minut\" \/>\n<script type=\"application\/ld+json\" class=\"yoast-schema-graph\">{\"@context\":\"https:\\\/\\\/schema.org\",\"@graph\":[{\"@type\":\"WebPage\",\"@id\":\"https:\\\/\\\/us-gc.net\\\/ro\\\/note-maxime\\\/\",\"url\":\"https:\\\/\\\/us-gc.net\\\/ro\\\/note-maxime\\\/\",\"name\":\"Informa\u021bii juridice - USA GC\",\"isPartOf\":{\"@id\":\"https:\\\/\\\/us-gc.net\\\/ro\\\/#website\"},\"datePublished\":\"2024-01-31T07:59:57+00:00\",\"dateModified\":\"2025-03-31T10:09:47+00:00\",\"description\":\"Aviz juridic pentru site-ul web us-gc.net, informa\u021bii privind pia\u021ba for\u021bei de munc\u0103 \u0219i a imigra\u021biei din SUA\",\"breadcrumb\":{\"@id\":\"https:\\\/\\\/us-gc.net\\\/ro\\\/note-maxime\\\/#breadcrumb\"},\"inLanguage\":\"ro-RO\",\"potentialAction\":[{\"@type\":\"ReadAction\",\"target\":[\"https:\\\/\\\/us-gc.net\\\/ro\\\/note-maxime\\\/\"]}]},{\"@type\":\"BreadcrumbList\",\"@id\":\"https:\\\/\\\/us-gc.net\\\/ro\\\/note-maxime\\\/#breadcrumb\",\"itemListElement\":[{\"@type\":\"ListItem\",\"position\":1,\"name\":\"Accueil\",\"item\":\"https:\\\/\\\/us-gc.net\\\/ro\\\/green-card\\\/\"},{\"@type\":\"ListItem\",\"position\":2,\"name\":\"Informa\u021bii juridice\"}]},{\"@type\":\"WebSite\",\"@id\":\"https:\\\/\\\/us-gc.net\\\/ro\\\/#website\",\"url\":\"https:\\\/\\\/us-gc.net\\\/ro\\\/\",\"name\":\"USA GC\",\"description\":\"\",\"potentialAction\":[{\"@type\":\"SearchAction\",\"target\":{\"@type\":\"EntryPoint\",\"urlTemplate\":\"https:\\\/\\\/us-gc.net\\\/ro\\\/?s={search_term_string}\"},\"query-input\":{\"@type\":\"PropertyValueSpecification\",\"valueRequired\":true,\"valueName\":\"search_term_string\"}}],\"inLanguage\":\"ro-RO\"}]}<\/script>\n<!-- \/ Yoast SEO plugin. -->","yoast_head_json":{"title":"Informa\u021bii juridice - USA GC","description":"Aviz juridic pentru site-ul web us-gc.net, informa\u021bii privind pia\u021ba for\u021bei de munc\u0103 \u0219i a imigra\u021biei din SUA","robots":{"index":"noindex","follow":"nofollow"},"og_locale":"ro_RO","og_type":"article","og_title":"Informa\u021bii juridice - USA GC","og_description":"Aviz juridic pentru site-ul web us-gc.net, informa\u021bii privind pia\u021ba for\u021bei de munc\u0103 \u0219i a imigra\u021biei din SUA","og_url":"https:\/\/us-gc.net\/ro\/note-maxime\/","og_site_name":"USA GC","article_modified_time":"2025-03-31T10:09:47+00:00","twitter_card":"summary_large_image","twitter_misc":{"Timp estimat pentru citire":"1 minut"},"schema":{"@context":"https:\/\/schema.org","@graph":[{"@type":"WebPage","@id":"https:\/\/us-gc.net\/ro\/note-maxime\/","url":"https:\/\/us-gc.net\/ro\/note-maxime\/","name":"Informa\u021bii juridice - USA GC","isPartOf":{"@id":"https:\/\/us-gc.net\/ro\/#website"},"datePublished":"2024-01-31T07:59:57+00:00","dateModified":"2025-03-31T10:09:47+00:00","description":"Aviz juridic pentru site-ul web us-gc.net, informa\u021bii privind pia\u021ba for\u021bei de munc\u0103 \u0219i a imigra\u021biei din SUA","breadcrumb":{"@id":"https:\/\/us-gc.net\/ro\/note-maxime\/#breadcrumb"},"inLanguage":"ro-RO","potentialAction":[{"@type":"ReadAction","target":["https:\/\/us-gc.net\/ro\/note-maxime\/"]}]},{"@type":"BreadcrumbList","@id":"https:\/\/us-gc.net\/ro\/note-maxime\/#breadcrumb","itemListElement":[{"@type":"ListItem","position":1,"name":"Accueil","item":"https:\/\/us-gc.net\/ro\/green-card\/"},{"@type":"ListItem","position":2,"name":"Informa\u021bii juridice"}]},{"@type":"WebSite","@id":"https:\/\/us-gc.net\/ro\/#website","url":"https:\/\/us-gc.net\/ro\/","name":"USA GC","description":"","potentialAction":[{"@type":"SearchAction","target":{"@type":"EntryPoint","urlTemplate":"https:\/\/us-gc.net\/ro\/?s={search_term_string}"},"query-input":{"@type":"PropertyValueSpecification","valueRequired":true,"valueName":"search_term_string"}}],"inLanguage":"ro-RO"}]}},"_links":{"self":[{"href":"https:\/\/us-gc.net\/ro\/wp-json\/wp\/v2\/pages\/4640","targetHints":{"allow":["GET"]}}],"collection":[{"href":"https:\/\/us-gc.net\/ro\/wp-json\/wp\/v2\/pages"}],"about":[{"href":"https:\/\/us-gc.net\/ro\/wp-json\/wp\/v2\/types\/page"}],"author":[{"embeddable":true,"href":"https:\/\/us-gc.net\/ro\/wp-json\/wp\/v2\/users\/1"}],"replies":[{"embeddable":true,"href":"https:\/\/us-gc.net\/ro\/wp-json\/wp\/v2\/comments?post=4640"}],"version-history":[{"count":2,"href":"https:\/\/us-gc.net\/ro\/wp-json\/wp\/v2\/pages\/4640\/revisions"}],"predecessor-version":[{"id":8446,"href":"https:\/\/us-gc.net\/ro\/wp-json\/wp\/v2\/pages\/4640\/revisions\/8446"}],"wp:attachment":[{"href":"https:\/\/us-gc.net\/ro\/wp-json\/wp\/v2\/media?parent=4640"}],"curies":[{"name":"wp","href":"https:\/\/api.w.org\/{rel}","templated":true}]}}