{"id":4638,"date":"2024-02-04T15:55:27","date_gmt":"2024-02-04T15:55:27","guid":{"rendered":"https:\/\/green-card-usa.net\/loteria-green-card-2026\/"},"modified":"2025-03-31T10:09:30","modified_gmt":"2025-03-31T10:09:30","slug":"loteria-green-card-2026","status":"publish","type":"page","link":"https:\/\/us-gc.net\/ro\/loteria-green-card-2026\/","title":{"rendered":"Green Card Loteria 2026"},"content":{"rendered":"\n<h1 class=\"wp-block-heading\" id=\"h-la-loterie-de-la-green-card-2026\">Loteria c\u0103r\u021bilor verzi din 2026<\/h1>\n\n<p>\u00cen fiecare an, Statele Unite ofer\u0103 la peste 50.000 de cet\u0103\u021beni str\u0103ini posibilitatea de a ob\u021bine un Green Card prin tragere la sor\u021bi. Aceast\u0103 loterie face parte din Programul de vize pentru diversitate al SUA. Acest program a fost \u00eenfiin\u021bat pentru a gestiona imigra\u021bia \u00een Statele Unite.<\/p>\n\n<h2 class=\"wp-block-heading\" id=\"h-qu-est-ce-que-la-loterie-de-la-green-card-2026\">Ce este loteria Green Card 2026?<\/h2>\n\n<p>Fiecare promo\u021bie la tragerea la sor\u021bi a Green Card poart\u0103 num\u0103rul anului \u00een care candida\u021bii vor fi \u00een cele din urm\u0103 posesori ai unei <a href=\"https:\/\/us-gc.net\/ro\/\">Green Card americane<\/a>. Astfel, loteria pentru c\u0103r\u021bi verzi din 2026 se refer\u0103 la cota de c\u0103r\u021bi verzi care va fi emis\u0103 \u00een 2026. Administra\u021bia american\u0103 nume\u0219te aceast\u0103 promovare a noilor vize rezultate din programul de diversitate DV-2026 pentru Diversity-Program 2026.<\/p>\n\n<h2 class=\"wp-block-heading\" id=\"h-quand-se-deroule-le-tirage-au-sort-du-quota-de-green-card-2026\">C\u00e2nd are loc tragerea la sor\u021bi pentru cota de Green Card 2026?<\/h2>\n\n<p>Exist\u0103 mai multe etape \u00een procesul de ob\u021binere a unei c\u0103r\u021bi verzi prin loterie. Prima etap\u0103 este tragerea la sor\u021bi. <\/p>\n\n<p><strong>Candida\u021bii DV2026 au trebuit s\u0103 se \u00eenscrie \u00eencep\u00e2nd cu 2 octombrie 2024<\/strong> pentru a participa la tragerea la sor\u021bi, care are loc \u00een fiecare an la \u00eenceputul lunii noiembrie. \u00cenregistrarea online pentru extragerea DV2026 s-a \u00eencheiat la 5 noiembrie 2024. <\/p>\n\n<h2 class=\"wp-block-heading\" id=\"h-quand-sont-publies-les-resultats-du-tirage-au-sort-du-dv-2026\">C\u00e2nd sunt publicate rezultatele extragerii DV-2026?<\/h2>\n\n<p><a href=\"https:\/\/us-gc.net\/ro\/rezultate-loteriei-green-card\/\">Rezultatele tragerii la sor\u021bi a c\u0103r\u021bii verzi<\/a> sunt publicate la aproximativ 6 luni de la \u00eencheierea cererilor: rezultatele tragerii la sor\u021bi DV2026 sunt publicate \u00eencep\u00e2nd cu luna mai 2025.<\/p>\n\n<h2 class=\"wp-block-heading\" id=\"h-quel-sont-les-etapes-suivantes-pour-les-gagnants-de-la-loterie\">Care sunt urm\u0103torii pa\u0219i pentru c\u00e2\u0219tig\u0103torii loteriei?<\/h2>\n\n<p>C\u00e2\u0219tig\u0103torii trebuie apoi s\u0103 solicite o viz\u0103 pentru diversitate. Principalii pa\u0219i implica\u021bi \u00een ob\u021binerea unei c\u0103r\u021bi verzi sunt :<\/p>\n\n<ul class=\"wp-block-list\">\n<li>Completa\u021bi <a href=\"https:\/\/travel.state.gov\/content\/travel\/en\/us-visas\/visa-information-resources\/forms\/online-immigrant-visa-forms\/ds-260-faqs.html\">formularul de cerere de viz\u0103 DS-260<\/a>.<\/li>\n\n\n\n<li>Plata <a href=\"https:\/\/us-gc.net\/ro\/premiul-green-card\/\">taxelor necesare pentru ob\u021binerea Green Card<\/a> ca parte a acestei cereri de viz\u0103 obligatorii;<\/li>\n\n\n\n<li>Lua\u021bi un <a href=\"https:\/\/us-gc.net\/ro\/green-card-de-intretinere\/\">interviu pentru Green Card<\/a> cu un ofi\u021ber USCIS care particip\u0103 la programul Diversity Visa.<\/li>\n<\/ul>\n\n<div style=\"height:10px\" aria-hidden=\"true\" class=\"wp-block-spacer\"><\/div>\n\n<p><a href=\"https:\/\/us-gc.net\/ro\/diferenta-intre-green-card-si-viza\/\">Green Card \u0219i viza sunt documente diferite<\/a>. Ob\u021binerea unei vize de diversitate este unul dintre pa\u0219ii pentru ob\u021binerea unei c\u0103r\u021bi verzi.<\/p>\n\n<p><\/p>\n\n<p><\/p>\n","protected":false},"excerpt":{"rendered":"<p>Loteria c\u0103r\u021bilor verzi din 2026 \u00cen fiecare an, Statele Unite ofer\u0103 la peste 50.000 de cet\u0103\u021beni str\u0103ini posibilitatea de a ob\u021bine un Green Card prin tragere la sor\u021bi. Aceast\u0103 loterie face parte din Programul de vize pentru diversitate al SUA. Acest program a fost \u00eenfiin\u021bat pentru a gestiona imigra\u021bia \u00een Statele Unite. Ce este loteria [&hellip;]<\/p>\n","protected":false},"author":1,"featured_media":0,"parent":0,"menu_order":0,"comment_status":"closed","ping_status":"closed","template":"","meta":{"footnotes":""},"class_list":["post-4638","page","type-page","status-publish","hentry"],"yoast_head":"<!-- This site is optimized with the Yoast SEO plugin v27.4 - https:\/\/yoast.com\/product\/yoast-seo-wordpress\/ -->\n<title>Green Card Loteria 2026 - USA GC<\/title>\n<meta name=\"description\" content=\"Iat\u0103 toate informa\u021biile despre programul de ob\u021binere a unei c\u0103r\u021bi verzi prin tragere la sor\u021bi \u00een 2026 \u00een SUA\" \/>\n<meta name=\"robots\" content=\"index, follow, max-snippet:-1, max-image-preview:large, max-video-preview:-1\" \/>\n<link rel=\"canonical\" href=\"https:\/\/us-gc.net\/ro\/loteria-green-card-2026\/\" \/>\n<meta property=\"og:locale\" content=\"ro_RO\" \/>\n<meta property=\"og:type\" content=\"article\" \/>\n<meta property=\"og:title\" content=\"Green Card Loteria 2026 - USA GC\" \/>\n<meta property=\"og:description\" content=\"Iat\u0103 toate informa\u021biile despre programul de ob\u021binere a unei c\u0103r\u021bi verzi prin tragere la sor\u021bi \u00een 2026 \u00een SUA\" \/>\n<meta property=\"og:url\" content=\"https:\/\/us-gc.net\/ro\/loteria-green-card-2026\/\" \/>\n<meta property=\"og:site_name\" content=\"USA GC\" \/>\n<meta property=\"article:modified_time\" content=\"2025-03-31T10:09:30+00:00\" \/>\n<meta name=\"twitter:card\" content=\"summary_large_image\" \/>\n<meta name=\"twitter:label1\" content=\"Timp estimat pentru citire\" \/>\n\t<meta name=\"twitter:data1\" content=\"2 minute\" \/>\n<script type=\"application\/ld+json\" class=\"yoast-schema-graph\">{\"@context\":\"https:\\\/\\\/schema.org\",\"@graph\":[{\"@type\":\"WebPage\",\"@id\":\"https:\\\/\\\/us-gc.net\\\/ro\\\/loteria-green-card-2026\\\/\",\"url\":\"https:\\\/\\\/us-gc.net\\\/ro\\\/loteria-green-card-2026\\\/\",\"name\":\"Green Card Loteria 2026 - USA GC\",\"isPartOf\":{\"@id\":\"https:\\\/\\\/us-gc.net\\\/ro\\\/#website\"},\"datePublished\":\"2024-02-04T15:55:27+00:00\",\"dateModified\":\"2025-03-31T10:09:30+00:00\",\"description\":\"Iat\u0103 toate informa\u021biile despre programul de ob\u021binere a unei c\u0103r\u021bi verzi prin tragere la sor\u021bi \u00een 2026 \u00een SUA\",\"breadcrumb\":{\"@id\":\"https:\\\/\\\/us-gc.net\\\/ro\\\/loteria-green-card-2026\\\/#breadcrumb\"},\"inLanguage\":\"ro-RO\",\"potentialAction\":[{\"@type\":\"ReadAction\",\"target\":[\"https:\\\/\\\/us-gc.net\\\/ro\\\/loteria-green-card-2026\\\/\"]}]},{\"@type\":\"BreadcrumbList\",\"@id\":\"https:\\\/\\\/us-gc.net\\\/ro\\\/loteria-green-card-2026\\\/#breadcrumb\",\"itemListElement\":[{\"@type\":\"ListItem\",\"position\":1,\"name\":\"Accueil\",\"item\":\"https:\\\/\\\/us-gc.net\\\/ro\\\/green-card\\\/\"},{\"@type\":\"ListItem\",\"position\":2,\"name\":\"Green Card Loteria 2026\"}]},{\"@type\":\"WebSite\",\"@id\":\"https:\\\/\\\/us-gc.net\\\/ro\\\/#website\",\"url\":\"https:\\\/\\\/us-gc.net\\\/ro\\\/\",\"name\":\"USA GC\",\"description\":\"\",\"potentialAction\":[{\"@type\":\"SearchAction\",\"target\":{\"@type\":\"EntryPoint\",\"urlTemplate\":\"https:\\\/\\\/us-gc.net\\\/ro\\\/?s={search_term_string}\"},\"query-input\":{\"@type\":\"PropertyValueSpecification\",\"valueRequired\":true,\"valueName\":\"search_term_string\"}}],\"inLanguage\":\"ro-RO\"}]}<\/script>\n<!-- \/ Yoast SEO plugin. -->","yoast_head_json":{"title":"Green Card Loteria 2026 - USA GC","description":"Iat\u0103 toate informa\u021biile despre programul de ob\u021binere a unei c\u0103r\u021bi verzi prin tragere la sor\u021bi \u00een 2026 \u00een SUA","robots":{"index":"index","follow":"follow","max-snippet":"max-snippet:-1","max-image-preview":"max-image-preview:large","max-video-preview":"max-video-preview:-1"},"canonical":"https:\/\/us-gc.net\/ro\/loteria-green-card-2026\/","og_locale":"ro_RO","og_type":"article","og_title":"Green Card Loteria 2026 - USA GC","og_description":"Iat\u0103 toate informa\u021biile despre programul de ob\u021binere a unei c\u0103r\u021bi verzi prin tragere la sor\u021bi \u00een 2026 \u00een SUA","og_url":"https:\/\/us-gc.net\/ro\/loteria-green-card-2026\/","og_site_name":"USA GC","article_modified_time":"2025-03-31T10:09:30+00:00","twitter_card":"summary_large_image","twitter_misc":{"Timp estimat pentru citire":"2 minute"},"schema":{"@context":"https:\/\/schema.org","@graph":[{"@type":"WebPage","@id":"https:\/\/us-gc.net\/ro\/loteria-green-card-2026\/","url":"https:\/\/us-gc.net\/ro\/loteria-green-card-2026\/","name":"Green Card Loteria 2026 - USA GC","isPartOf":{"@id":"https:\/\/us-gc.net\/ro\/#website"},"datePublished":"2024-02-04T15:55:27+00:00","dateModified":"2025-03-31T10:09:30+00:00","description":"Iat\u0103 toate informa\u021biile despre programul de ob\u021binere a unei c\u0103r\u021bi verzi prin tragere la sor\u021bi \u00een 2026 \u00een SUA","breadcrumb":{"@id":"https:\/\/us-gc.net\/ro\/loteria-green-card-2026\/#breadcrumb"},"inLanguage":"ro-RO","potentialAction":[{"@type":"ReadAction","target":["https:\/\/us-gc.net\/ro\/loteria-green-card-2026\/"]}]},{"@type":"BreadcrumbList","@id":"https:\/\/us-gc.net\/ro\/loteria-green-card-2026\/#breadcrumb","itemListElement":[{"@type":"ListItem","position":1,"name":"Accueil","item":"https:\/\/us-gc.net\/ro\/green-card\/"},{"@type":"ListItem","position":2,"name":"Green Card Loteria 2026"}]},{"@type":"WebSite","@id":"https:\/\/us-gc.net\/ro\/#website","url":"https:\/\/us-gc.net\/ro\/","name":"USA GC","description":"","potentialAction":[{"@type":"SearchAction","target":{"@type":"EntryPoint","urlTemplate":"https:\/\/us-gc.net\/ro\/?s={search_term_string}"},"query-input":{"@type":"PropertyValueSpecification","valueRequired":true,"valueName":"search_term_string"}}],"inLanguage":"ro-RO"}]}},"_links":{"self":[{"href":"https:\/\/us-gc.net\/ro\/wp-json\/wp\/v2\/pages\/4638","targetHints":{"allow":["GET"]}}],"collection":[{"href":"https:\/\/us-gc.net\/ro\/wp-json\/wp\/v2\/pages"}],"about":[{"href":"https:\/\/us-gc.net\/ro\/wp-json\/wp\/v2\/types\/page"}],"author":[{"embeddable":true,"href":"https:\/\/us-gc.net\/ro\/wp-json\/wp\/v2\/users\/1"}],"replies":[{"embeddable":true,"href":"https:\/\/us-gc.net\/ro\/wp-json\/wp\/v2\/comments?post=4638"}],"version-history":[{"count":3,"href":"https:\/\/us-gc.net\/ro\/wp-json\/wp\/v2\/pages\/4638\/revisions"}],"predecessor-version":[{"id":10129,"href":"https:\/\/us-gc.net\/ro\/wp-json\/wp\/v2\/pages\/4638\/revisions\/10129"}],"wp:attachment":[{"href":"https:\/\/us-gc.net\/ro\/wp-json\/wp\/v2\/media?parent=4638"}],"curies":[{"name":"wp","href":"https:\/\/api.w.org\/{rel}","templated":true}]}}