{"id":4636,"date":"2024-01-31T16:02:41","date_gmt":"2024-01-31T16:02:41","guid":{"rendered":"https:\/\/green-card-usa.net\/loteria-green-card-2025\/"},"modified":"2024-12-30T09:45:45","modified_gmt":"2024-12-30T09:45:45","slug":"loteria-green-card-2025","status":"publish","type":"page","link":"https:\/\/us-gc.net\/ro\/loteria-green-card-2025\/","title":{"rendered":"Green Card 2025 loterie"},"content":{"rendered":"\n<h1 class=\"wp-block-heading\" id=\"h-loterie-de-la-green-card-en-2025\">Loteria Green Card \u00een 2025<\/h1>\n\n<p>Tragerea la sor\u021bi a Loteriei pentru Green Card are loc o singur\u0103 dat\u0103 pe an. Astfel, \u00een fiecare an exist\u0103 un nou lot de c\u00e2\u0219tig\u0103tori ai loteriei, numi\u021bi \u00een func\u021bie de anul \u00een care au ob\u021binut cartea verde.<\/p>\n\n<h2 class=\"wp-block-heading\" id=\"h-qu-est-ce-que-la-loterie-2025-de-la-green-card\">Ce este loteria Green Card 2025?<\/h2>\n\n<p>Loteria Carte verde 2025 se refer\u0103 la cota de c\u0103r\u021bi verzi care urmeaz\u0103 s\u0103 fie emise \u00een 2025. Extragerea pentru loteria din 2025 va avea loc \u00een octombrie 2023. Peste 50 000 de cet\u0103\u021beni str\u0103ini au fost selecta\u021bi \u00een cadrul acestei loterii ca c\u00e2\u0219tig\u0103tori ai dreptului de a ob\u021bine o carte verde \u00een cadrul <a href=\"https:\/\/us-gc.net\/ro\/programul-de-viza-pentru-diversitate\/\">programului Diversity Visa<\/a> al SUA.  <\/p>\n\n<h2 class=\"wp-block-heading\" id=\"h-quand-se-deroule-la-loterie-de-la-green-card-en-2025\">C\u00e2nd are loc loteria pentru Green Card \u00een 2025?<\/h2>\n\n<p>\u00censcrierile pentru tragerea la sor\u021bi, care va avea loc \u00een 2025, se vor deschide \u00een octombrie 2025.<\/p>\n\n<h2 class=\"wp-block-heading\" id=\"h-quelles-sont-les-resultats-de-la-loterie-de-la-green-card-2025\">Care sunt rezultatele loteriei Green Card 2025?<\/h2>\n\n<p><a href=\"https:\/\/us-gc.net\/ro\/rezultate-loteriei-green-card\/\">Rezultatele extragerii c\u0103r\u021bii verzi<\/a> vor fi publicate la aproximativ 6 luni dup\u0103 extragere, care are loc \u00een noiembrie. Rezultatele extragerii loteriei care va avea loc \u00een 2025 vor fi publicate online \u00eencep\u00e2nd cu luna mai 2026.<\/p>\n\n<p>Rezultatele tragerii la sor\u021bi Diversity Visa 2025, organizat\u0103 \u00een noiembrie 2023, sunt disponibile din 4 mai 2024 pe pagina online: <a href=\"https:\/\/dvprogram.state.gov\/ESC\/\">dvprogram.state.gov<\/a>.<\/p>\n\n<h2 class=\"wp-block-heading\" id=\"h-comment-s-inscrire-a-la-loterie-de-la-green-card-2025\">Cum pot participa la loteria Green Card 2025?<\/h2>\n\n<p>\u00censcrierea la <a href=\"https:\/\/us-gc.net\/ro\/loteria-cartilor-verzi-din-sua\/\">loteria C\u0103r\u021bilor Verzi din SUA<\/a> se face \u00een \u00eentregime online. Lua\u021bi parte la <strong>aceast\u0103 loterie anual\u0103 \u00eenregistr\u00e2ndu-v\u0103 online<\/strong> \u00een doar c\u00e2teva minute, f\u0103c\u00e2nd clic pe <a href=\"https:\/\/us-gc.net\/ro\/formular-loteria-green-card\/\">formularul online<\/a>. Procesul dureaz\u0103 doar c\u00e2teva minute.<\/p>\n\n<h2 class=\"wp-block-heading\" id=\"h-quel-sont-les-etapes-suivantes-pour-les-gagnants-de-la-loterie\">Care sunt urm\u0103torii pa\u0219i pentru c\u00e2\u0219tig\u0103torii loteriei?<\/h2>\n\n<p>C\u00e2\u0219tig\u0103torii loteriei trebuie s\u0103 ob\u021bin\u0103 apoi o viz\u0103 de diversitate. Urm\u0103toarele etape ale procedurii sunt :<\/p>\n\n<ul class=\"wp-block-list\">\n<li>Completa\u021bi <a href=\"https:\/\/travel.state.gov\/content\/travel\/en\/us-visas\/visa-information-resources\/forms\/online-immigrant-visa-forms\/ds-260-faqs.html\">formularul de cerere de viz\u0103 DS-260<\/a>.<\/li>\n\n\n\n<li>Plata <a href=\"https:\/\/us-gc.net\/ro\/premiul-green-card\/\">taxelor necesare pentru ob\u021binerea Green Card<\/a> ca parte a acestei cereri de viz\u0103 obligatorii;<\/li>\n\n\n\n<li>Un <a href=\"https:\/\/us-gc.net\/ro\/green-card-de-intretinere\/\">interviu pentru Green Card<\/a> cu un ofi\u021ber al USCIS pentru Programul de vize pentru diversitate;<\/li>\n\n\n\n<li>Efectua\u021bi un examen medical.<\/li>\n<\/ul>\n\n<div style=\"height:10px\" aria-hidden=\"true\" class=\"wp-block-spacer\"><\/div>\n\n<p><a href=\"https:\/\/us-gc.net\/ro\/diferenta-intre-green-card-si-viza\/\">Green Card \u0219i viza sunt documente diferite<\/a>. Ob\u021binerea unei vize de diversitate este unul dintre pa\u0219ii pentru ob\u021binerea unei c\u0103r\u021bi verzi.<\/p>\n","protected":false},"excerpt":{"rendered":"<p>Loteria Green Card \u00een 2025 Tragerea la sor\u021bi a Loteriei pentru Green Card are loc o singur\u0103 dat\u0103 pe an. Astfel, \u00een fiecare an exist\u0103 un nou lot de c\u00e2\u0219tig\u0103tori ai loteriei, numi\u021bi \u00een func\u021bie de anul \u00een care au ob\u021binut cartea verde. Ce este loteria Green Card 2025? Loteria Carte verde 2025 se refer\u0103 [&hellip;]<\/p>\n","protected":false},"author":1,"featured_media":0,"parent":0,"menu_order":0,"comment_status":"closed","ping_status":"closed","template":"","meta":{"footnotes":""},"class_list":["post-4636","page","type-page","status-publish","hentry"],"yoast_head":"<!-- This site is optimized with the Yoast SEO plugin v27.4 - https:\/\/yoast.com\/product\/yoast-seo-wordpress\/ -->\n<title>Green Card 2025 loterie - USA GC<\/title>\n<meta name=\"description\" content=\"s\u0103 participa\u021bi la loteria Green Card din 2025 pentru a ob\u021bine un permis de \u0219edere permanent\u0103 \u00een Statele Unite\" \/>\n<meta name=\"robots\" content=\"index, follow, max-snippet:-1, max-image-preview:large, max-video-preview:-1\" \/>\n<link rel=\"canonical\" href=\"https:\/\/us-gc.net\/ro\/loteria-green-card-2025\/\" \/>\n<meta property=\"og:locale\" content=\"ro_RO\" \/>\n<meta property=\"og:type\" content=\"article\" \/>\n<meta property=\"og:title\" content=\"Green Card 2025 loterie - USA GC\" \/>\n<meta property=\"og:description\" content=\"s\u0103 participa\u021bi la loteria Green Card din 2025 pentru a ob\u021bine un permis de \u0219edere permanent\u0103 \u00een Statele Unite\" \/>\n<meta property=\"og:url\" content=\"https:\/\/us-gc.net\/ro\/loteria-green-card-2025\/\" \/>\n<meta property=\"og:site_name\" content=\"USA GC\" \/>\n<meta property=\"article:modified_time\" content=\"2024-12-30T09:45:45+00:00\" \/>\n<meta name=\"twitter:card\" content=\"summary_large_image\" \/>\n<meta name=\"twitter:label1\" content=\"Timp estimat pentru citire\" \/>\n\t<meta name=\"twitter:data1\" content=\"2 minute\" \/>\n<script type=\"application\/ld+json\" class=\"yoast-schema-graph\">{\"@context\":\"https:\\\/\\\/schema.org\",\"@graph\":[{\"@type\":\"WebPage\",\"@id\":\"https:\\\/\\\/us-gc.net\\\/ro\\\/loteria-green-card-2025\\\/\",\"url\":\"https:\\\/\\\/us-gc.net\\\/ro\\\/loteria-green-card-2025\\\/\",\"name\":\"Green Card 2025 loterie - USA GC\",\"isPartOf\":{\"@id\":\"https:\\\/\\\/us-gc.net\\\/ro\\\/#website\"},\"datePublished\":\"2024-01-31T16:02:41+00:00\",\"dateModified\":\"2024-12-30T09:45:45+00:00\",\"description\":\"s\u0103 participa\u021bi la loteria Green Card din 2025 pentru a ob\u021bine un permis de \u0219edere permanent\u0103 \u00een Statele Unite\",\"breadcrumb\":{\"@id\":\"https:\\\/\\\/us-gc.net\\\/ro\\\/loteria-green-card-2025\\\/#breadcrumb\"},\"inLanguage\":\"ro-RO\",\"potentialAction\":[{\"@type\":\"ReadAction\",\"target\":[\"https:\\\/\\\/us-gc.net\\\/ro\\\/loteria-green-card-2025\\\/\"]}]},{\"@type\":\"BreadcrumbList\",\"@id\":\"https:\\\/\\\/us-gc.net\\\/ro\\\/loteria-green-card-2025\\\/#breadcrumb\",\"itemListElement\":[{\"@type\":\"ListItem\",\"position\":1,\"name\":\"Accueil\",\"item\":\"https:\\\/\\\/us-gc.net\\\/ro\\\/green-card\\\/\"},{\"@type\":\"ListItem\",\"position\":2,\"name\":\"Green Card 2025 loterie\"}]},{\"@type\":\"WebSite\",\"@id\":\"https:\\\/\\\/us-gc.net\\\/ro\\\/#website\",\"url\":\"https:\\\/\\\/us-gc.net\\\/ro\\\/\",\"name\":\"USA GC\",\"description\":\"\",\"potentialAction\":[{\"@type\":\"SearchAction\",\"target\":{\"@type\":\"EntryPoint\",\"urlTemplate\":\"https:\\\/\\\/us-gc.net\\\/ro\\\/?s={search_term_string}\"},\"query-input\":{\"@type\":\"PropertyValueSpecification\",\"valueRequired\":true,\"valueName\":\"search_term_string\"}}],\"inLanguage\":\"ro-RO\"}]}<\/script>\n<!-- \/ Yoast SEO plugin. -->","yoast_head_json":{"title":"Green Card 2025 loterie - USA GC","description":"s\u0103 participa\u021bi la loteria Green Card din 2025 pentru a ob\u021bine un permis de \u0219edere permanent\u0103 \u00een Statele Unite","robots":{"index":"index","follow":"follow","max-snippet":"max-snippet:-1","max-image-preview":"max-image-preview:large","max-video-preview":"max-video-preview:-1"},"canonical":"https:\/\/us-gc.net\/ro\/loteria-green-card-2025\/","og_locale":"ro_RO","og_type":"article","og_title":"Green Card 2025 loterie - USA GC","og_description":"s\u0103 participa\u021bi la loteria Green Card din 2025 pentru a ob\u021bine un permis de \u0219edere permanent\u0103 \u00een Statele Unite","og_url":"https:\/\/us-gc.net\/ro\/loteria-green-card-2025\/","og_site_name":"USA GC","article_modified_time":"2024-12-30T09:45:45+00:00","twitter_card":"summary_large_image","twitter_misc":{"Timp estimat pentru citire":"2 minute"},"schema":{"@context":"https:\/\/schema.org","@graph":[{"@type":"WebPage","@id":"https:\/\/us-gc.net\/ro\/loteria-green-card-2025\/","url":"https:\/\/us-gc.net\/ro\/loteria-green-card-2025\/","name":"Green Card 2025 loterie - USA GC","isPartOf":{"@id":"https:\/\/us-gc.net\/ro\/#website"},"datePublished":"2024-01-31T16:02:41+00:00","dateModified":"2024-12-30T09:45:45+00:00","description":"s\u0103 participa\u021bi la loteria Green Card din 2025 pentru a ob\u021bine un permis de \u0219edere permanent\u0103 \u00een Statele Unite","breadcrumb":{"@id":"https:\/\/us-gc.net\/ro\/loteria-green-card-2025\/#breadcrumb"},"inLanguage":"ro-RO","potentialAction":[{"@type":"ReadAction","target":["https:\/\/us-gc.net\/ro\/loteria-green-card-2025\/"]}]},{"@type":"BreadcrumbList","@id":"https:\/\/us-gc.net\/ro\/loteria-green-card-2025\/#breadcrumb","itemListElement":[{"@type":"ListItem","position":1,"name":"Accueil","item":"https:\/\/us-gc.net\/ro\/green-card\/"},{"@type":"ListItem","position":2,"name":"Green Card 2025 loterie"}]},{"@type":"WebSite","@id":"https:\/\/us-gc.net\/ro\/#website","url":"https:\/\/us-gc.net\/ro\/","name":"USA GC","description":"","potentialAction":[{"@type":"SearchAction","target":{"@type":"EntryPoint","urlTemplate":"https:\/\/us-gc.net\/ro\/?s={search_term_string}"},"query-input":{"@type":"PropertyValueSpecification","valueRequired":true,"valueName":"search_term_string"}}],"inLanguage":"ro-RO"}]}},"_links":{"self":[{"href":"https:\/\/us-gc.net\/ro\/wp-json\/wp\/v2\/pages\/4636","targetHints":{"allow":["GET"]}}],"collection":[{"href":"https:\/\/us-gc.net\/ro\/wp-json\/wp\/v2\/pages"}],"about":[{"href":"https:\/\/us-gc.net\/ro\/wp-json\/wp\/v2\/types\/page"}],"author":[{"embeddable":true,"href":"https:\/\/us-gc.net\/ro\/wp-json\/wp\/v2\/users\/1"}],"replies":[{"embeddable":true,"href":"https:\/\/us-gc.net\/ro\/wp-json\/wp\/v2\/comments?post=4636"}],"version-history":[{"count":1,"href":"https:\/\/us-gc.net\/ro\/wp-json\/wp\/v2\/pages\/4636\/revisions"}],"predecessor-version":[{"id":7952,"href":"https:\/\/us-gc.net\/ro\/wp-json\/wp\/v2\/pages\/4636\/revisions\/7952"}],"wp:attachment":[{"href":"https:\/\/us-gc.net\/ro\/wp-json\/wp\/v2\/media?parent=4636"}],"curies":[{"name":"wp","href":"https:\/\/api.w.org\/{rel}","templated":true}]}}