{"id":4634,"date":"2024-01-31T15:56:24","date_gmt":"2024-01-31T15:56:24","guid":{"rendered":"https:\/\/green-card-usa.net\/green-card-loteria-2024\/"},"modified":"2025-03-31T10:08:02","modified_gmt":"2025-03-31T10:08:02","slug":"green-card-loteria-2024","status":"publish","type":"page","link":"https:\/\/us-gc.net\/ro\/green-card-loteria-2024\/","title":{"rendered":"Green Card 2024 loterie"},"content":{"rendered":"\n<h1 class=\"wp-block-heading\" id=\"h-loterie-de-la-green-card-en-2024\">Loteria Green Card \u00een 2024<\/h1>\n\n<p>Tragerea la sor\u021bi a Loteriei pentru Green Card are loc o singur\u0103 dat\u0103 pe an. Exist\u0103 dou\u0103 modalit\u0103\u021bi de desemnare a anului loteriei:<\/p>\n\n<ul class=\"wp-block-list\">\n<li>Departamentul de Stat al SUA nume\u0219te fiecare promo\u021bie a loteriei \u00een func\u021bie de anul \u00een care solicitan\u021bii vor primi <a href=\"https:\/\/us-gc.net\/ro\/\">Green Card<\/a>. A\u0219adar, extragerea care va avea loc \u00een al patrulea trimestru al anului 2024 este programul <a href=\"https:\/\/us-gc.net\/ro\/loteria-green-card-2026\/\">Green Card 2026<\/a>;<\/li>\n\n\n\n<li>Majoritatea solicitan\u021bilor de extragere dau numele de Green Card 2024 loteriei Green Card 2024 pentru extragerea care are loc \u00een 2024.<\/li>\n<\/ul>\n\n<h2 class=\"wp-block-heading\" id=\"h-qu-est-ce-que-la-loterie-2024-de-la-green-card\">Ce este loteria Green Card 2024?<\/h2>\n\n<p>Loteria Green Card 2024 este cel mai adesea men\u021bionat\u0103 ca fiind extragerea anual\u0103 care are loc \u00een anul 2024. Aceast\u0103 tragere la sor\u021bi are loc o dat\u0103 pe an \u0219i permite unui num\u0103r de peste 50 000 de cet\u0103\u021beni str\u0103ini s\u0103 c\u00e2\u0219tige dreptul de a solicita o carte verde \u00een cadrul Programului de vize pentru diversitate al SUA.<\/p>\n\n<h2 class=\"wp-block-heading\" id=\"h-quand-se-deroule-la-loterie-de-la-green-card-pour-l-annee-2024\">C\u00e2nd va avea loc loteria Green Card pentru 2024?<\/h2>\n\n<p>Ultimele \u00eenscrieri pentru extragerea din 2024 au avut loc \u00een octombrie 2024. Datele exacte pentru 2024 au fost : <\/p>\n\n<ul class=\"wp-block-list\">\n<li>Perioada de \u00eenregistrare a \u00eenceput la 2 octombrie 2024 ;<\/li>\n\n\n\n<li>\u00cenregistrarea s-a \u00eencheiat la 5 noiembrie 2024.<\/li>\n<\/ul>\n\n<div style=\"height:10px\" aria-hidden=\"true\" class=\"wp-block-spacer\"><\/div>\n\n<p>Urm\u0103toarea etap\u0103 de \u00eenregistrare va fi participarea la tragerea la sor\u021bi, care va avea loc \u00een 2025. V\u0103 pute\u021bi pre\u00eenregistra deja f\u0103c\u00e2nd clic pe <a href=\"https:\/\/us-gc.net\/ro\/formular-loteria-green-card\/\">formularul online<\/a> pentru a v\u0103 completa cererea de participare la extragere. <\/p>\n\n<h2 class=\"wp-block-heading\" id=\"h-quelles-sont-les-resultats-de-la-loterie-de-la-green-card-2024\">Care sunt rezultatele loteriei Green Card 2024?<\/h2>\n\n<p><a href=\"https:\/\/us-gc.net\/ro\/rezultate-loteriei-green-card\/\">Rezultatele tragerii la sor\u021bi a Green Card<\/a> sunt publicate \u00een fiecare an, la aproximativ 6 luni de la tragerea la sor\u021bi, care are loc \u00een luna noiembrie. Rezultatele extragerii loteriei care va avea loc \u00een 2024 vor fi publicate online \u00eencep\u00e2nd cu luna mai 2025.<\/p>\n\n<h2 class=\"wp-block-heading\" id=\"h-comment-s-inscrire-a-la-loterie-de-la-green-card-2024\">Cum pot participa la loteria Green Card 2024?<\/h2>\n\n<p>\u00censcrierea la <a href=\"https:\/\/us-gc.net\/ro\/loteria-cartilor-verzi-din-sua\/\">loteria C\u0103r\u021bilor Verzi din SUA<\/a> se face \u00een \u00eentregime online. Lua\u021bi parte la <strong>aceast\u0103 loterie anual\u0103 \u00eenregistr\u00e2ndu-v\u0103 online<\/strong> \u00een doar c\u00e2teva minute, f\u0103c\u00e2nd clic pe <a href=\"https:\/\/us-gc.net\/ro\/formular-loteria-green-card\/\">formularul online<\/a>. Procesul dureaz\u0103 doar c\u00e2teva minute.<\/p>\n\n<h2 class=\"wp-block-heading\" id=\"h-quel-sont-les-etapes-suivantes-pour-les-gagnants-de-la-loterie\">Care sunt urm\u0103torii pa\u0219i pentru c\u00e2\u0219tig\u0103torii loteriei?<\/h2>\n\n<p>C\u00e2\u0219tig\u0103torii loteriei trebuie s\u0103 ob\u021bin\u0103 apoi o viz\u0103 de diversitate. Urm\u0103toarele etape ale procedurii sunt :<\/p>\n\n<ul class=\"wp-block-list\">\n<li>Completa\u021bi <a href=\"https:\/\/travel.state.gov\/content\/travel\/en\/us-visas\/visa-information-resources\/forms\/online-immigrant-visa-forms\/ds-260-faqs.html\">formularul de cerere de viz\u0103 DS-260<\/a>.<\/li>\n\n\n\n<li>Plata <a href=\"https:\/\/us-gc.net\/ro\/premiul-green-card\/\">taxelor necesare pentru ob\u021binerea Green Card<\/a> ca parte a acestei cereri de viz\u0103 obligatorii;<\/li>\n\n\n\n<li>Un <a href=\"https:\/\/us-gc.net\/ro\/green-card-de-intretinere\/\">interviu pentru Green Card<\/a> cu un ofi\u021ber al USCIS pentru Programul de vize pentru diversitate;<\/li>\n\n\n\n<li>Efectua\u021bi un examen medical.<\/li>\n<\/ul>\n\n<div style=\"height:10px\" aria-hidden=\"true\" class=\"wp-block-spacer\"><\/div>\n\n<p><a href=\"https:\/\/us-gc.net\/ro\/diferenta-intre-green-card-si-viza\/\">Green Card \u0219i viza sunt documente diferite<\/a>. Ob\u021binerea unei vize de diversitate este unul dintre pa\u0219ii pentru ob\u021binerea unei c\u0103r\u021bi verzi.<\/p>\n","protected":false},"excerpt":{"rendered":"<p>Loteria Green Card \u00een 2024 Tragerea la sor\u021bi a Loteriei pentru Green Card are loc o singur\u0103 dat\u0103 pe an. Exist\u0103 dou\u0103 modalit\u0103\u021bi de desemnare a anului loteriei: Ce este loteria Green Card 2024? Loteria Green Card 2024 este cel mai adesea men\u021bionat\u0103 ca fiind extragerea anual\u0103 care are loc \u00een anul 2024. Aceast\u0103 tragere [&hellip;]<\/p>\n","protected":false},"author":1,"featured_media":0,"parent":0,"menu_order":0,"comment_status":"closed","ping_status":"closed","template":"","meta":{"footnotes":""},"class_list":["post-4634","page","type-page","status-publish","hentry"],"yoast_head":"<!-- This site is optimized with the Yoast SEO plugin v27.4 - https:\/\/yoast.com\/product\/yoast-seo-wordpress\/ -->\n<title>Green Card 2024 loterie - USA GC<\/title>\n<meta name=\"description\" content=\"Participa\u021bi la tragerea la sor\u021bi pentru Cartea Verde \u00een 2024. \u00cen fiecare an are loc o tragere la sor\u021bi pentru \u0219ansa de a c\u00e2\u0219tiga o Carte Verde.\" \/>\n<meta name=\"robots\" content=\"index, follow, max-snippet:-1, max-image-preview:large, max-video-preview:-1\" \/>\n<link rel=\"canonical\" href=\"https:\/\/us-gc.net\/ro\/green-card-loteria-2024\/\" \/>\n<meta property=\"og:locale\" content=\"ro_RO\" \/>\n<meta property=\"og:type\" content=\"article\" \/>\n<meta property=\"og:title\" content=\"Green Card 2024 loterie - USA GC\" \/>\n<meta property=\"og:description\" content=\"Participa\u021bi la tragerea la sor\u021bi pentru Cartea Verde \u00een 2024. \u00cen fiecare an are loc o tragere la sor\u021bi pentru \u0219ansa de a c\u00e2\u0219tiga o Carte Verde.\" \/>\n<meta property=\"og:url\" content=\"https:\/\/us-gc.net\/ro\/green-card-loteria-2024\/\" \/>\n<meta property=\"og:site_name\" content=\"USA GC\" \/>\n<meta property=\"article:modified_time\" content=\"2025-03-31T10:08:02+00:00\" \/>\n<meta name=\"twitter:card\" content=\"summary_large_image\" \/>\n<meta name=\"twitter:label1\" content=\"Timp estimat pentru citire\" \/>\n\t<meta name=\"twitter:data1\" content=\"2 minute\" \/>\n<script type=\"application\/ld+json\" class=\"yoast-schema-graph\">{\"@context\":\"https:\\\/\\\/schema.org\",\"@graph\":[{\"@type\":\"WebPage\",\"@id\":\"https:\\\/\\\/us-gc.net\\\/ro\\\/green-card-loteria-2024\\\/\",\"url\":\"https:\\\/\\\/us-gc.net\\\/ro\\\/green-card-loteria-2024\\\/\",\"name\":\"Green Card 2024 loterie - USA GC\",\"isPartOf\":{\"@id\":\"https:\\\/\\\/us-gc.net\\\/ro\\\/#website\"},\"datePublished\":\"2024-01-31T15:56:24+00:00\",\"dateModified\":\"2025-03-31T10:08:02+00:00\",\"description\":\"Participa\u021bi la tragerea la sor\u021bi pentru Cartea Verde \u00een 2024. \u00cen fiecare an are loc o tragere la sor\u021bi pentru \u0219ansa de a c\u00e2\u0219tiga o Carte Verde.\",\"breadcrumb\":{\"@id\":\"https:\\\/\\\/us-gc.net\\\/ro\\\/green-card-loteria-2024\\\/#breadcrumb\"},\"inLanguage\":\"ro-RO\",\"potentialAction\":[{\"@type\":\"ReadAction\",\"target\":[\"https:\\\/\\\/us-gc.net\\\/ro\\\/green-card-loteria-2024\\\/\"]}]},{\"@type\":\"BreadcrumbList\",\"@id\":\"https:\\\/\\\/us-gc.net\\\/ro\\\/green-card-loteria-2024\\\/#breadcrumb\",\"itemListElement\":[{\"@type\":\"ListItem\",\"position\":1,\"name\":\"Accueil\",\"item\":\"https:\\\/\\\/us-gc.net\\\/ro\\\/green-card\\\/\"},{\"@type\":\"ListItem\",\"position\":2,\"name\":\"Green Card 2024 loterie\"}]},{\"@type\":\"WebSite\",\"@id\":\"https:\\\/\\\/us-gc.net\\\/ro\\\/#website\",\"url\":\"https:\\\/\\\/us-gc.net\\\/ro\\\/\",\"name\":\"USA GC\",\"description\":\"\",\"potentialAction\":[{\"@type\":\"SearchAction\",\"target\":{\"@type\":\"EntryPoint\",\"urlTemplate\":\"https:\\\/\\\/us-gc.net\\\/ro\\\/?s={search_term_string}\"},\"query-input\":{\"@type\":\"PropertyValueSpecification\",\"valueRequired\":true,\"valueName\":\"search_term_string\"}}],\"inLanguage\":\"ro-RO\"}]}<\/script>\n<!-- \/ Yoast SEO plugin. -->","yoast_head_json":{"title":"Green Card 2024 loterie - USA GC","description":"Participa\u021bi la tragerea la sor\u021bi pentru Cartea Verde \u00een 2024. \u00cen fiecare an are loc o tragere la sor\u021bi pentru \u0219ansa de a c\u00e2\u0219tiga o Carte Verde.","robots":{"index":"index","follow":"follow","max-snippet":"max-snippet:-1","max-image-preview":"max-image-preview:large","max-video-preview":"max-video-preview:-1"},"canonical":"https:\/\/us-gc.net\/ro\/green-card-loteria-2024\/","og_locale":"ro_RO","og_type":"article","og_title":"Green Card 2024 loterie - USA GC","og_description":"Participa\u021bi la tragerea la sor\u021bi pentru Cartea Verde \u00een 2024. \u00cen fiecare an are loc o tragere la sor\u021bi pentru \u0219ansa de a c\u00e2\u0219tiga o Carte Verde.","og_url":"https:\/\/us-gc.net\/ro\/green-card-loteria-2024\/","og_site_name":"USA GC","article_modified_time":"2025-03-31T10:08:02+00:00","twitter_card":"summary_large_image","twitter_misc":{"Timp estimat pentru citire":"2 minute"},"schema":{"@context":"https:\/\/schema.org","@graph":[{"@type":"WebPage","@id":"https:\/\/us-gc.net\/ro\/green-card-loteria-2024\/","url":"https:\/\/us-gc.net\/ro\/green-card-loteria-2024\/","name":"Green Card 2024 loterie - USA GC","isPartOf":{"@id":"https:\/\/us-gc.net\/ro\/#website"},"datePublished":"2024-01-31T15:56:24+00:00","dateModified":"2025-03-31T10:08:02+00:00","description":"Participa\u021bi la tragerea la sor\u021bi pentru Cartea Verde \u00een 2024. \u00cen fiecare an are loc o tragere la sor\u021bi pentru \u0219ansa de a c\u00e2\u0219tiga o Carte Verde.","breadcrumb":{"@id":"https:\/\/us-gc.net\/ro\/green-card-loteria-2024\/#breadcrumb"},"inLanguage":"ro-RO","potentialAction":[{"@type":"ReadAction","target":["https:\/\/us-gc.net\/ro\/green-card-loteria-2024\/"]}]},{"@type":"BreadcrumbList","@id":"https:\/\/us-gc.net\/ro\/green-card-loteria-2024\/#breadcrumb","itemListElement":[{"@type":"ListItem","position":1,"name":"Accueil","item":"https:\/\/us-gc.net\/ro\/green-card\/"},{"@type":"ListItem","position":2,"name":"Green Card 2024 loterie"}]},{"@type":"WebSite","@id":"https:\/\/us-gc.net\/ro\/#website","url":"https:\/\/us-gc.net\/ro\/","name":"USA GC","description":"","potentialAction":[{"@type":"SearchAction","target":{"@type":"EntryPoint","urlTemplate":"https:\/\/us-gc.net\/ro\/?s={search_term_string}"},"query-input":{"@type":"PropertyValueSpecification","valueRequired":true,"valueName":"search_term_string"}}],"inLanguage":"ro-RO"}]}},"_links":{"self":[{"href":"https:\/\/us-gc.net\/ro\/wp-json\/wp\/v2\/pages\/4634","targetHints":{"allow":["GET"]}}],"collection":[{"href":"https:\/\/us-gc.net\/ro\/wp-json\/wp\/v2\/pages"}],"about":[{"href":"https:\/\/us-gc.net\/ro\/wp-json\/wp\/v2\/types\/page"}],"author":[{"embeddable":true,"href":"https:\/\/us-gc.net\/ro\/wp-json\/wp\/v2\/users\/1"}],"replies":[{"embeddable":true,"href":"https:\/\/us-gc.net\/ro\/wp-json\/wp\/v2\/comments?post=4634"}],"version-history":[{"count":3,"href":"https:\/\/us-gc.net\/ro\/wp-json\/wp\/v2\/pages\/4634\/revisions"}],"predecessor-version":[{"id":10108,"href":"https:\/\/us-gc.net\/ro\/wp-json\/wp\/v2\/pages\/4634\/revisions\/10108"}],"wp:attachment":[{"href":"https:\/\/us-gc.net\/ro\/wp-json\/wp\/v2\/media?parent=4634"}],"curies":[{"name":"wp","href":"https:\/\/api.w.org\/{rel}","templated":true}]}}