{"id":4630,"date":"2024-04-08T08:17:47","date_gmt":"2024-04-08T08:17:47","guid":{"rendered":"https:\/\/green-card-usa.net\/loteria-green-card-participare-tari-asiatice\/"},"modified":"2024-12-30T09:44:38","modified_gmt":"2024-12-30T09:44:38","slug":"loteria-green-card-participare-tari-asiatice","status":"publish","type":"page","link":"https:\/\/us-gc.net\/ro\/loteria-green-card-participare-tari-asiatice\/","title":{"rendered":"Loteria Green Card pentru \u021b\u0103rile asiatice"},"content":{"rendered":"\n<h1 class=\"wp-block-heading\" id=\"h-les-pays-d-asie-a-la-loterie-de-la-carte-verte-americaine\">\u021a\u0103rile asiatice \u00een loteria american\u0103 a Green Card<\/h1>\n\n<p>\u00cen fiecare an, milioane de solicitan\u021bi particip\u0103 la loteria american\u0103 a Green Card. Am compilat statisticile publicate de Departamentul de Stat pe <a href=\"https:\/\/travel.state.gov\/content\/travel\/en\/us-visas\/immigrate\/diversity-visa-program-entry\/diversity-visa-program-statistics.html\">travel.state.gov<\/a> pentru a v\u0103 oferi cifrele cheie privind participarea cet\u0103\u021benilor asiatici la loteria Green Card.<\/p>\n\n<h2 class=\"wp-block-heading\" id=\"h-quelle-est-la-participation-des-asiatiques-a-la-loterie\">C\u00e2\u021bi asiatici particip\u0103 la loto?<\/h2>\n\n<p>\u00cen ultimii ani pentru care sunt disponibile statistici, \u00eentre 15% \u0219i 20% dintre solicitan\u021bii la <a href=\"https:\/\/us-gc.net\/ro\/loteria-green-card\/\">loteria Green Card<\/a> au fost cet\u0103\u021beni ai unei \u021b\u0103ri asiatice.<\/p>\n\n<figure class=\"wp-block-table\"><table><tbody><tr><td><strong>Ani<\/strong><\/td><td class=\"has-text-align-center\" data-align=\"center\"><strong>2019<\/strong><\/td><td class=\"has-text-align-center\" data-align=\"center\"><strong>2020<\/strong><\/td><td class=\"has-text-align-center\" data-align=\"center\"><strong>2021<\/strong><\/td><\/tr><tr><td>Num\u0103rul de solicitan\u021bi de \u00eenregistrare asiatici<\/td><td class=\"has-text-align-center\" data-align=\"center\">1 871 824<\/td><td class=\"has-text-align-center\" data-align=\"center\">1 952 489<\/td><td class=\"has-text-align-center\" data-align=\"center\">1 281 046<\/td><\/tr><tr><td>Total fi\u0219iere de \u00eenregistrare<\/td><td class=\"has-text-align-center\" data-align=\"center\">14 352 013<\/td><td class=\"has-text-align-center\" data-align=\"center\">14 722 798<\/td><td class=\"has-text-align-center\" data-align=\"center\">6 741 128<\/td><\/tr><tr><td><strong>Ponderea solicitan\u021bilor de \u00eenregistrare din Asia<\/strong><\/td><td class=\"has-text-align-center\" data-align=\"center\"><strong>13%<\/strong><\/td><td class=\"has-text-align-center\" data-align=\"center\"><strong>13%<\/strong><\/td><td class=\"has-text-align-center\" data-align=\"center\"><strong>19%<\/strong><\/td><\/tr><\/tbody><\/table><figcaption class=\"wp-element-caption\">Propor\u021bia de asiatici \u00eenregistra\u021bi la loteria Green Card<\/figcaption><\/figure>\n\n<h2 class=\"wp-block-heading\" id=\"h-quels-sont-les-principaux-pays-d-asie-d-ou-proviennent-les-candidats\">Care sunt principalele \u021b\u0103ri asiatice din care provin candida\u021bii?<\/h2>\n\n<p>Iat\u0103 num\u0103rul de solicit\u0103ri la loteria Green Card pentru cele 20 de \u021b\u0103ri asiatice principale. Cele mai recente cifre publicate de Departamentul de Stat acoper\u0103 anii 2019 &#8211; 2021:<\/p>\n\n<figure class=\"wp-block-table\"><table><tbody><tr><td><strong>\u021a\u0103rile asiatice<\/strong><\/td><td class=\"has-text-align-center\" data-align=\"center\"><strong>2019<\/strong><\/td><td class=\"has-text-align-center\" data-align=\"center\"><strong>2020<\/strong><\/td><td class=\"has-text-align-center\" data-align=\"center\"><strong>2021<\/strong><\/td><\/tr><tr><td>Nepal<\/td><td class=\"has-text-align-center\" data-align=\"center\">684 180<\/td><td class=\"has-text-align-center\" data-align=\"center\">637 696<\/td><td class=\"has-text-align-center\" data-align=\"center\">421 765<\/td><\/tr><tr><td>Iran<\/td><td class=\"has-text-align-center\" data-align=\"center\">453 242<\/td><td class=\"has-text-align-center\" data-align=\"center\">709 469<\/td><td class=\"has-text-align-center\" data-align=\"center\">404 863<\/td><\/tr><tr><td>Afganistan<\/td><td class=\"has-text-align-center\" data-align=\"center\">35 939<\/td><td class=\"has-text-align-center\" data-align=\"center\">58 711<\/td><td class=\"has-text-align-center\" data-align=\"center\">60 602<\/td><\/tr><tr><td>Cambodgia<\/td><td class=\"has-text-align-center\" data-align=\"center\">179 662<\/td><td class=\"has-text-align-center\" data-align=\"center\">109 881<\/td><td class=\"has-text-align-center\" data-align=\"center\">46 110<\/td><\/tr><tr><td>Sri Lanka<\/td><td class=\"has-text-align-center\" data-align=\"center\">53 396<\/td><td class=\"has-text-align-center\" data-align=\"center\">47 705<\/td><td class=\"has-text-align-center\" data-align=\"center\">41 595<\/td><\/tr><tr><td>Yemen<\/td><td class=\"has-text-align-center\" data-align=\"center\">141 679<\/td><td class=\"has-text-align-center\" data-align=\"center\">62 389<\/td><td class=\"has-text-align-center\" data-align=\"center\">41 495<\/td><\/tr><tr><td>Jordan<\/td><td class=\"has-text-align-center\" data-align=\"center\">39 092<\/td><td class=\"has-text-align-center\" data-align=\"center\">42 116<\/td><td class=\"has-text-align-center\" data-align=\"center\">36 815<\/td><\/tr><tr><td>Irak<\/td><td class=\"has-text-align-center\" data-align=\"center\">47 368<\/td><td class=\"has-text-align-center\" data-align=\"center\">40 852<\/td><td class=\"has-text-align-center\" data-align=\"center\">31 197<\/td><\/tr><tr><td>Arabia Saudit\u0103<\/td><td class=\"has-text-align-center\" data-align=\"center\">40 114<\/td><td class=\"has-text-align-center\" data-align=\"center\">41 019<\/td><td class=\"has-text-align-center\" data-align=\"center\">30 844<\/td><\/tr><tr><td>Taiwan<\/td><td class=\"has-text-align-center\" data-align=\"center\">30 603<\/td><td class=\"has-text-align-center\" data-align=\"center\">31 640<\/td><td class=\"has-text-align-center\" data-align=\"center\">24 645<\/td><\/tr><tr><td>Birmania<\/td><td class=\"has-text-align-center\" data-align=\"center\">20 078<\/td><td class=\"has-text-align-center\" data-align=\"center\">29 504<\/td><td class=\"has-text-align-center\" data-align=\"center\">21 555<\/td><\/tr><tr><td>Japonia<\/td><td class=\"has-text-align-center\" data-align=\"center\">24 895<\/td><td class=\"has-text-align-center\" data-align=\"center\">21 674<\/td><td class=\"has-text-align-center\" data-align=\"center\">17 181<\/td><\/tr><tr><td>Hong Kong<\/td><td class=\"has-text-align-center\" data-align=\"center\">6 358<\/td><td class=\"has-text-align-center\" data-align=\"center\">5 451<\/td><td class=\"has-text-align-center\" data-align=\"center\">15 471<\/td><\/tr><tr><td>Thailanda<\/td><td class=\"has-text-align-center\" data-align=\"center\">10 969<\/td><td class=\"has-text-align-center\" data-align=\"center\">12 354<\/td><td class=\"has-text-align-center\" data-align=\"center\">14 187<\/td><\/tr><tr><td>Siria<\/td><td class=\"has-text-align-center\" data-align=\"center\">20 124<\/td><td class=\"has-text-align-center\" data-align=\"center\">14 168<\/td><td class=\"has-text-align-center\" data-align=\"center\">11 424<\/td><\/tr><tr><td>Mongolia<\/td><td class=\"has-text-align-center\" data-align=\"center\">10 546<\/td><td class=\"has-text-align-center\" data-align=\"center\">11 242<\/td><td class=\"has-text-align-center\" data-align=\"center\">9 871<\/td><\/tr><tr><td>Israel<\/td><td class=\"has-text-align-center\" data-align=\"center\">14 234<\/td><td class=\"has-text-align-center\" data-align=\"center\">12 727<\/td><td class=\"has-text-align-center\" data-align=\"center\">8 793<\/td><\/tr><tr><td>Indonezia<\/td><td class=\"has-text-align-center\" data-align=\"center\">10 970<\/td><td class=\"has-text-align-center\" data-align=\"center\">10 691<\/td><td class=\"has-text-align-center\" data-align=\"center\">8 440<\/td><\/tr><tr><td>Emiratele Arabe Unite<\/td><td class=\"has-text-align-center\" data-align=\"center\">10 281<\/td><td class=\"has-text-align-center\" data-align=\"center\">10 964<\/td><td class=\"has-text-align-center\" data-align=\"center\">8 030<\/td><\/tr><tr><td>Liban<\/td><td class=\"has-text-align-center\" data-align=\"center\">12 868<\/td><td class=\"has-text-align-center\" data-align=\"center\">11 184<\/td><td class=\"has-text-align-center\" data-align=\"center\">7 250<\/td><\/tr><\/tbody><\/table><figcaption class=\"wp-element-caption\">Principalele \u021b\u0103ri asiatice \u00een func\u021bie de num\u0103rul de participan\u021bi la loteria american\u0103 a c\u0103r\u021bilor verzi<\/figcaption><\/figure>\n\n<h2 class=\"wp-block-heading\" id=\"h-quels-sont-les-gagnants-a-la-loterie-provenant-de-pays-d-asie\">Cine sunt c\u00e2\u0219tig\u0103torii loteriei din \u021b\u0103rile asiatice?<\/h2>\n\n<p>Departamentul de Stat public\u0103, de asemenea, num\u0103rul de vize ob\u021binute \u00een fiecare an prin programul de diversitate. Aceste <a href=\"https:\/\/us-gc.net\/ro\/rezultate-loteriei-green-card\/\">rezultate ale loteriei<\/a> sunt publicate pe zone geografice \u0219i defalcate pe \u021b\u0103ri.<\/p>\n\n<p>Iat\u0103 num\u0103rul de vize ob\u021binute prin <a href=\"https:\/\/us-gc.net\/ro\/loteria-cartilor-verzi-din-sua\/\">loteria C\u0103r\u021bii Verzi<\/a> pentru primele 20 de \u021b\u0103ri asiatice \u00eentre 2018 \u0219i 2022:<\/p>\n\n<figure class=\"wp-block-table\"><table><tbody><tr><td><strong>\u021a\u0103rile asiatice<\/strong><\/td><td class=\"has-text-align-center\" data-align=\"center\"><strong>2018<\/strong><\/td><td class=\"has-text-align-center\" data-align=\"center\"><strong>2019<\/strong><\/td><td class=\"has-text-align-center\" data-align=\"center\"><strong>2020<\/strong><\/td><td class=\"has-text-align-center\" data-align=\"center\"><strong>2021<\/strong><\/td><td class=\"has-text-align-center\" data-align=\"center\"><strong>2022<\/strong><\/td><\/tr><tr><td>Nepal<\/td><td class=\"has-text-align-center\" data-align=\"center\">3 307<\/td><td class=\"has-text-align-center\" data-align=\"center\">2 795<\/td><td class=\"has-text-align-center\" data-align=\"center\">2 085<\/td><td class=\"has-text-align-center\" data-align=\"center\">1 372<\/td><td class=\"has-text-align-center\" data-align=\"center\">3 345<\/td><\/tr><tr><td>Iran<\/td><td class=\"has-text-align-center\" data-align=\"center\">318<\/td><td class=\"has-text-align-center\" data-align=\"center\">298<\/td><td class=\"has-text-align-center\" data-align=\"center\">131<\/td><td class=\"has-text-align-center\" data-align=\"center\">244<\/td><td class=\"has-text-align-center\" data-align=\"center\">2 024<\/td><\/tr><tr><td>Afganistan<\/td><td class=\"has-text-align-center\" data-align=\"center\">231<\/td><td class=\"has-text-align-center\" data-align=\"center\">265<\/td><td class=\"has-text-align-center\" data-align=\"center\">165<\/td><td class=\"has-text-align-center\" data-align=\"center\">87<\/td><td class=\"has-text-align-center\" data-align=\"center\">723<\/td><\/tr><tr><td>Jordan<\/td><td class=\"has-text-align-center\" data-align=\"center\">254<\/td><td class=\"has-text-align-center\" data-align=\"center\">330<\/td><td class=\"has-text-align-center\" data-align=\"center\">266<\/td><td class=\"has-text-align-center\" data-align=\"center\">542<\/td><td class=\"has-text-align-center\" data-align=\"center\">713<\/td><\/tr><tr><td>Irak<\/td><td class=\"has-text-align-center\" data-align=\"center\">297<\/td><td class=\"has-text-align-center\" data-align=\"center\">264<\/td><td class=\"has-text-align-center\" data-align=\"center\">86<\/td><td class=\"has-text-align-center\" data-align=\"center\">30<\/td><td class=\"has-text-align-center\" data-align=\"center\">650<\/td><\/tr><tr><td>Yemen<\/td><td class=\"has-text-align-center\" data-align=\"center\">28<\/td><td class=\"has-text-align-center\" data-align=\"center\">70<\/td><td class=\"has-text-align-center\" data-align=\"center\">13<\/td><td class=\"has-text-align-center\" data-align=\"center\">228<\/td><td class=\"has-text-align-center\" data-align=\"center\">625<\/td><\/tr><tr><td>Sri Lanka<\/td><td class=\"has-text-align-center\" data-align=\"center\">360<\/td><td class=\"has-text-align-center\" data-align=\"center\">331<\/td><td class=\"has-text-align-center\" data-align=\"center\">225<\/td><td class=\"has-text-align-center\" data-align=\"center\">438<\/td><td class=\"has-text-align-center\" data-align=\"center\">583<\/td><\/tr><tr><td>Arabia Saudit\u0103<\/td><td class=\"has-text-align-center\" data-align=\"center\">218<\/td><td class=\"has-text-align-center\" data-align=\"center\">262<\/td><td class=\"has-text-align-center\" data-align=\"center\">143<\/td><td class=\"has-text-align-center\" data-align=\"center\">117<\/td><td class=\"has-text-align-center\" data-align=\"center\">450<\/td><\/tr><tr><td>Birmania<\/td><td class=\"has-text-align-center\" data-align=\"center\">125<\/td><td class=\"has-text-align-center\" data-align=\"center\">210<\/td><td class=\"has-text-align-center\" data-align=\"center\">82<\/td><td class=\"has-text-align-center\" data-align=\"center\">96<\/td><td class=\"has-text-align-center\" data-align=\"center\">422<\/td><\/tr><tr><td>Japonia<\/td><td class=\"has-text-align-center\" data-align=\"center\">164<\/td><td class=\"has-text-align-center\" data-align=\"center\">223<\/td><td class=\"has-text-align-center\" data-align=\"center\">135<\/td><td class=\"has-text-align-center\" data-align=\"center\">237<\/td><td class=\"has-text-align-center\" data-align=\"center\">331<\/td><\/tr><tr><td>Taiwan<\/td><td class=\"has-text-align-center\" data-align=\"center\">174<\/td><td class=\"has-text-align-center\" data-align=\"center\">180<\/td><td class=\"has-text-align-center\" data-align=\"center\">142<\/td><td class=\"has-text-align-center\" data-align=\"center\">178<\/td><td class=\"has-text-align-center\" data-align=\"center\">301<\/td><\/tr><tr><td>Siria<\/td><td class=\"has-text-align-center\" data-align=\"center\">55<\/td><td class=\"has-text-align-center\" data-align=\"center\">83<\/td><td class=\"has-text-align-center\" data-align=\"center\">36<\/td><td class=\"has-text-align-center\" data-align=\"center\">84<\/td><td class=\"has-text-align-center\" data-align=\"center\">240<\/td><\/tr><tr><td>Liban<\/td><td class=\"has-text-align-center\" data-align=\"center\">44<\/td><td class=\"has-text-align-center\" data-align=\"center\">77<\/td><td class=\"has-text-align-center\" data-align=\"center\">26<\/td><td class=\"has-text-align-center\" data-align=\"center\">107<\/td><td class=\"has-text-align-center\" data-align=\"center\">209<\/td><\/tr><tr><td>Mongolia<\/td><td class=\"has-text-align-center\" data-align=\"center\">160<\/td><td class=\"has-text-align-center\" data-align=\"center\">143<\/td><td class=\"has-text-align-center\" data-align=\"center\">114<\/td><td class=\"has-text-align-center\" data-align=\"center\">197<\/td><td class=\"has-text-align-center\" data-align=\"center\">196<\/td><\/tr><tr><td>Cambodgia<\/td><td class=\"has-text-align-center\" data-align=\"center\">121<\/td><td class=\"has-text-align-center\" data-align=\"center\">86<\/td><td class=\"has-text-align-center\" data-align=\"center\">69<\/td><td class=\"has-text-align-center\" data-align=\"center\">51<\/td><td class=\"has-text-align-center\" data-align=\"center\">166<\/td><\/tr><tr><td>Thailanda<\/td><td class=\"has-text-align-center\" data-align=\"center\">32<\/td><td class=\"has-text-align-center\" data-align=\"center\">60<\/td><td class=\"has-text-align-center\" data-align=\"center\">36<\/td><td class=\"has-text-align-center\" data-align=\"center\">51<\/td><td class=\"has-text-align-center\" data-align=\"center\">142<\/td><\/tr><tr><td>Indonezia<\/td><td class=\"has-text-align-center\" data-align=\"center\">64<\/td><td class=\"has-text-align-center\" data-align=\"center\">63<\/td><td class=\"has-text-align-center\" data-align=\"center\">58<\/td><td class=\"has-text-align-center\" data-align=\"center\">85<\/td><td class=\"has-text-align-center\" data-align=\"center\">106<\/td><\/tr><tr><td>Kuweit<\/td><td class=\"has-text-align-center\" data-align=\"center\">81<\/td><td class=\"has-text-align-center\" data-align=\"center\">51<\/td><td class=\"has-text-align-center\" data-align=\"center\">37<\/td><td class=\"has-text-align-center\" data-align=\"center\">52<\/td><td class=\"has-text-align-center\" data-align=\"center\">106<\/td><\/tr><tr><td>Emiratele Arabe Unite<\/td><td class=\"has-text-align-center\" data-align=\"center\">64<\/td><td class=\"has-text-align-center\" data-align=\"center\">78<\/td><td class=\"has-text-align-center\" data-align=\"center\">71<\/td><td class=\"has-text-align-center\" data-align=\"center\">50<\/td><td class=\"has-text-align-center\" data-align=\"center\">85<\/td><\/tr><tr><td>Bhutan<\/td><td class=\"has-text-align-center\" data-align=\"center\">7<\/td><td class=\"has-text-align-center\" data-align=\"center\">20<\/td><td class=\"has-text-align-center\" data-align=\"center\">5<\/td><td class=\"has-text-align-center\" data-align=\"center\">18<\/td><td class=\"has-text-align-center\" data-align=\"center\">80<\/td><\/tr><\/tbody><\/table><figcaption class=\"wp-element-caption\">Num\u0103rul de vize eliberate \u00een cadrul <a href=\"https:\/\/us-gc.net\/ro\/programul-de-viza-pentru-diversitate\/\">Programului de vize pentru diversitate<\/a> pentru principalele \u021b\u0103ri asiatice<\/figcaption><\/figure>\n\n<p><\/p>\n","protected":false},"excerpt":{"rendered":"<p>\u021a\u0103rile asiatice \u00een loteria american\u0103 a Green Card \u00cen fiecare an, milioane de solicitan\u021bi particip\u0103 la loteria american\u0103 a Green Card. Am compilat statisticile publicate de Departamentul de Stat pe travel.state.gov pentru a v\u0103 oferi cifrele cheie privind participarea cet\u0103\u021benilor asiatici la loteria Green Card. C\u00e2\u021bi asiatici particip\u0103 la loto? \u00cen ultimii ani pentru care [&hellip;]<\/p>\n","protected":false},"author":1,"featured_media":0,"parent":0,"menu_order":0,"comment_status":"closed","ping_status":"closed","template":"","meta":{"footnotes":""},"class_list":["post-4630","page","type-page","status-publish","hentry"],"yoast_head":"<!-- This site is optimized with the Yoast SEO plugin v27.4 - https:\/\/yoast.com\/product\/yoast-seo-wordpress\/ -->\n<title>Loteria Green Card pentru \u021b\u0103rile asiatice - USA GC<\/title>\n<meta name=\"robots\" content=\"index, follow, max-snippet:-1, max-image-preview:large, max-video-preview:-1\" \/>\n<link rel=\"canonical\" href=\"https:\/\/us-gc.net\/ro\/loteria-green-card-participare-tari-asiatice\/\" \/>\n<meta property=\"og:locale\" content=\"ro_RO\" \/>\n<meta property=\"og:type\" content=\"article\" \/>\n<meta property=\"og:title\" content=\"Loteria Green Card pentru \u021b\u0103rile asiatice - USA GC\" \/>\n<meta property=\"og:description\" content=\"\u021a\u0103rile asiatice \u00een loteria american\u0103 a Green Card \u00cen fiecare an, milioane de solicitan\u021bi particip\u0103 la loteria american\u0103 a Green Card. Am compilat statisticile publicate de Departamentul de Stat pe travel.state.gov pentru a v\u0103 oferi cifrele cheie privind participarea cet\u0103\u021benilor asiatici la loteria Green Card. C\u00e2\u021bi asiatici particip\u0103 la loto? \u00cen ultimii ani pentru care [&hellip;]\" \/>\n<meta property=\"og:url\" content=\"https:\/\/us-gc.net\/ro\/loteria-green-card-participare-tari-asiatice\/\" \/>\n<meta property=\"og:site_name\" content=\"USA GC\" \/>\n<meta property=\"article:modified_time\" content=\"2024-12-30T09:44:38+00:00\" \/>\n<meta name=\"twitter:card\" content=\"summary_large_image\" \/>\n<meta name=\"twitter:label1\" content=\"Timp estimat pentru citire\" \/>\n\t<meta name=\"twitter:data1\" content=\"1 minut\" \/>\n<script type=\"application\/ld+json\" class=\"yoast-schema-graph\">{\"@context\":\"https:\\\/\\\/schema.org\",\"@graph\":[{\"@type\":\"WebPage\",\"@id\":\"https:\\\/\\\/us-gc.net\\\/ro\\\/loteria-green-card-participare-tari-asiatice\\\/\",\"url\":\"https:\\\/\\\/us-gc.net\\\/ro\\\/loteria-green-card-participare-tari-asiatice\\\/\",\"name\":\"Loteria Green Card pentru \u021b\u0103rile asiatice - USA GC\",\"isPartOf\":{\"@id\":\"https:\\\/\\\/us-gc.net\\\/ro\\\/#website\"},\"datePublished\":\"2024-04-08T08:17:47+00:00\",\"dateModified\":\"2024-12-30T09:44:38+00:00\",\"breadcrumb\":{\"@id\":\"https:\\\/\\\/us-gc.net\\\/ro\\\/loteria-green-card-participare-tari-asiatice\\\/#breadcrumb\"},\"inLanguage\":\"ro-RO\",\"potentialAction\":[{\"@type\":\"ReadAction\",\"target\":[\"https:\\\/\\\/us-gc.net\\\/ro\\\/loteria-green-card-participare-tari-asiatice\\\/\"]}]},{\"@type\":\"BreadcrumbList\",\"@id\":\"https:\\\/\\\/us-gc.net\\\/ro\\\/loteria-green-card-participare-tari-asiatice\\\/#breadcrumb\",\"itemListElement\":[{\"@type\":\"ListItem\",\"position\":1,\"name\":\"Accueil\",\"item\":\"https:\\\/\\\/us-gc.net\\\/ro\\\/green-card\\\/\"},{\"@type\":\"ListItem\",\"position\":2,\"name\":\"Loteria Green Card pentru \u021b\u0103rile asiatice\"}]},{\"@type\":\"WebSite\",\"@id\":\"https:\\\/\\\/us-gc.net\\\/ro\\\/#website\",\"url\":\"https:\\\/\\\/us-gc.net\\\/ro\\\/\",\"name\":\"USA GC\",\"description\":\"\",\"potentialAction\":[{\"@type\":\"SearchAction\",\"target\":{\"@type\":\"EntryPoint\",\"urlTemplate\":\"https:\\\/\\\/us-gc.net\\\/ro\\\/?s={search_term_string}\"},\"query-input\":{\"@type\":\"PropertyValueSpecification\",\"valueRequired\":true,\"valueName\":\"search_term_string\"}}],\"inLanguage\":\"ro-RO\"}]}<\/script>\n<!-- \/ Yoast SEO plugin. -->","yoast_head_json":{"title":"Loteria Green Card pentru \u021b\u0103rile asiatice - USA GC","robots":{"index":"index","follow":"follow","max-snippet":"max-snippet:-1","max-image-preview":"max-image-preview:large","max-video-preview":"max-video-preview:-1"},"canonical":"https:\/\/us-gc.net\/ro\/loteria-green-card-participare-tari-asiatice\/","og_locale":"ro_RO","og_type":"article","og_title":"Loteria Green Card pentru \u021b\u0103rile asiatice - USA GC","og_description":"\u021a\u0103rile asiatice \u00een loteria american\u0103 a Green Card \u00cen fiecare an, milioane de solicitan\u021bi particip\u0103 la loteria american\u0103 a Green Card. Am compilat statisticile publicate de Departamentul de Stat pe travel.state.gov pentru a v\u0103 oferi cifrele cheie privind participarea cet\u0103\u021benilor asiatici la loteria Green Card. C\u00e2\u021bi asiatici particip\u0103 la loto? \u00cen ultimii ani pentru care [&hellip;]","og_url":"https:\/\/us-gc.net\/ro\/loteria-green-card-participare-tari-asiatice\/","og_site_name":"USA GC","article_modified_time":"2024-12-30T09:44:38+00:00","twitter_card":"summary_large_image","twitter_misc":{"Timp estimat pentru citire":"1 minut"},"schema":{"@context":"https:\/\/schema.org","@graph":[{"@type":"WebPage","@id":"https:\/\/us-gc.net\/ro\/loteria-green-card-participare-tari-asiatice\/","url":"https:\/\/us-gc.net\/ro\/loteria-green-card-participare-tari-asiatice\/","name":"Loteria Green Card pentru \u021b\u0103rile asiatice - USA GC","isPartOf":{"@id":"https:\/\/us-gc.net\/ro\/#website"},"datePublished":"2024-04-08T08:17:47+00:00","dateModified":"2024-12-30T09:44:38+00:00","breadcrumb":{"@id":"https:\/\/us-gc.net\/ro\/loteria-green-card-participare-tari-asiatice\/#breadcrumb"},"inLanguage":"ro-RO","potentialAction":[{"@type":"ReadAction","target":["https:\/\/us-gc.net\/ro\/loteria-green-card-participare-tari-asiatice\/"]}]},{"@type":"BreadcrumbList","@id":"https:\/\/us-gc.net\/ro\/loteria-green-card-participare-tari-asiatice\/#breadcrumb","itemListElement":[{"@type":"ListItem","position":1,"name":"Accueil","item":"https:\/\/us-gc.net\/ro\/green-card\/"},{"@type":"ListItem","position":2,"name":"Loteria Green Card pentru \u021b\u0103rile asiatice"}]},{"@type":"WebSite","@id":"https:\/\/us-gc.net\/ro\/#website","url":"https:\/\/us-gc.net\/ro\/","name":"USA GC","description":"","potentialAction":[{"@type":"SearchAction","target":{"@type":"EntryPoint","urlTemplate":"https:\/\/us-gc.net\/ro\/?s={search_term_string}"},"query-input":{"@type":"PropertyValueSpecification","valueRequired":true,"valueName":"search_term_string"}}],"inLanguage":"ro-RO"}]}},"_links":{"self":[{"href":"https:\/\/us-gc.net\/ro\/wp-json\/wp\/v2\/pages\/4630","targetHints":{"allow":["GET"]}}],"collection":[{"href":"https:\/\/us-gc.net\/ro\/wp-json\/wp\/v2\/pages"}],"about":[{"href":"https:\/\/us-gc.net\/ro\/wp-json\/wp\/v2\/types\/page"}],"author":[{"embeddable":true,"href":"https:\/\/us-gc.net\/ro\/wp-json\/wp\/v2\/users\/1"}],"replies":[{"embeddable":true,"href":"https:\/\/us-gc.net\/ro\/wp-json\/wp\/v2\/comments?post=4630"}],"version-history":[{"count":1,"href":"https:\/\/us-gc.net\/ro\/wp-json\/wp\/v2\/pages\/4630\/revisions"}],"predecessor-version":[{"id":7908,"href":"https:\/\/us-gc.net\/ro\/wp-json\/wp\/v2\/pages\/4630\/revisions\/7908"}],"wp:attachment":[{"href":"https:\/\/us-gc.net\/ro\/wp-json\/wp\/v2\/media?parent=4630"}],"curies":[{"name":"wp","href":"https:\/\/api.w.org\/{rel}","templated":true}]}}