{"id":4626,"date":"2024-02-13T15:26:40","date_gmt":"2024-02-13T15:26:40","guid":{"rendered":"https:\/\/green-card-usa.net\/loteria-green-card-participare-tari-africa\/"},"modified":"2024-12-30T09:44:30","modified_gmt":"2024-12-30T09:44:30","slug":"loteria-green-card-participare-tari-africa","status":"publish","type":"page","link":"https:\/\/us-gc.net\/ro\/loteria-green-card-participare-tari-africa\/","title":{"rendered":"Loteria Green Card pentru \u021b\u0103rile africane"},"content":{"rendered":"\n<h1 class=\"wp-block-heading\" id=\"h-les-pays-d-afrique-a-la-loterie-de-la-carte-verte-americaine\">\u021a\u0103rile africane \u00een loteria american\u0103 a Green Card<\/h1>\n\n<p>\u00cen fiecare an, milioane de solicitan\u021bi particip\u0103 la loteria american\u0103 a Green Card. Am compilat statisticile publicate de Departamentul de Stat pe <a href=\"https:\/\/travel.state.gov\/content\/travel\/en\/us-visas\/immigrate\/diversity-visa-program-entry\/diversity-visa-program-statistics.html\">travel.state.gov<\/a> pentru a v\u0103 oferi cifrele cheie privind participarea cet\u0103\u021benilor africani la loteria pentru Green Card.<\/p>\n\n<h2 class=\"wp-block-heading\" id=\"h-quelle-est-la-participation-des-africains-a-la-loterie\">C\u00e2\u021bi africani particip\u0103 la loto?<\/h2>\n\n<p>Aproximativ 50% dintre solicitan\u021bii la <a href=\"https:\/\/us-gc.net\/ro\/loteria-green-card\/\">loteria c\u0103r\u021bii verzi<\/a> au fost cet\u0103\u021beni ai unei \u021b\u0103ri africane \u00een ultimii c\u00e2\u021biva ani pentru care sunt disponibile statistici.<\/p>\n\n<figure class=\"wp-block-table\"><table><tbody><tr><td><strong>Ani<\/strong><\/td><td class=\"has-text-align-center\" data-align=\"center\"><strong>2019<\/strong><\/td><td class=\"has-text-align-center\" data-align=\"center\"><strong>2020<\/strong><\/td><td class=\"has-text-align-center\" data-align=\"center\"><strong>2021<\/strong><\/td><\/tr><tr><td>Num\u0103rul de solicitan\u021bi africani \u00eenregistra\u021bi<\/td><td class=\"has-text-align-center\" data-align=\"center\">7 832 894<\/td><td class=\"has-text-align-center\" data-align=\"center\">8 145 390<\/td><td class=\"has-text-align-center\" data-align=\"center\">3 100 982<\/td><\/tr><tr><td>Total fi\u0219iere de \u00eenregistrare<\/td><td class=\"has-text-align-center\" data-align=\"center\">14 352 013<\/td><td class=\"has-text-align-center\" data-align=\"center\">14 722 798<\/td><td class=\"has-text-align-center\" data-align=\"center\">6 741 128<\/td><\/tr><tr><td><strong>Ponderea persoanelor \u00eenregistrate din Africa<\/strong><\/td><td class=\"has-text-align-center\" data-align=\"center\"><strong>55%<\/strong><\/td><td class=\"has-text-align-center\" data-align=\"center\"><strong>55%<\/strong><\/td><td class=\"has-text-align-center\" data-align=\"center\"><strong>46%<\/strong><\/td><\/tr><\/tbody><\/table><figcaption class=\"wp-element-caption\">Procentul de africani \u00eenregistra\u021bi pentru loteria Green Card<\/figcaption><\/figure>\n\n<h2 class=\"wp-block-heading\" id=\"h-quels-sont-les-principaux-pays-d-afrique-d-ou-proviennent-les-candidats\">Care sunt principalele \u021b\u0103ri africane din care provin candida\u021bii?<\/h2>\n\n<p>Iat\u0103 num\u0103rul de solicit\u0103ri pentru loteria c\u0103r\u021bilor verzi pentru principalele 20 de \u021b\u0103ri africane. Cele mai recente cifre publicate de Departamentul de Stat acoper\u0103 anii 2019 &#8211; 2021:<\/p>\n\n<figure class=\"wp-block-table\"><table><tbody><tr><td><strong>\u021a\u0103rile africane<\/strong><\/td><td class=\"has-text-align-center\" data-align=\"center\"><strong>2019<\/strong><\/td><td class=\"has-text-align-center\" data-align=\"center\"><strong>2020<\/strong><\/td><td class=\"has-text-align-center\" data-align=\"center\"><strong>2021<\/strong><\/td><\/tr><tr><td>Congo Kinshasa<\/td><td class=\"has-text-align-center\" data-align=\"center\">617 573<\/td><td class=\"has-text-align-center\" data-align=\"center\">924 918<\/td><td class=\"has-text-align-center\" data-align=\"center\">593 917<\/td><\/tr><tr><td>Etiopia<\/td><td class=\"has-text-align-center\" data-align=\"center\">781 945<\/td><td class=\"has-text-align-center\" data-align=\"center\">775 252<\/td><td class=\"has-text-align-center\" data-align=\"center\">401 661<\/td><\/tr><tr><td>Egipt<\/td><td class=\"has-text-align-center\" data-align=\"center\">525 593<\/td><td class=\"has-text-align-center\" data-align=\"center\">525 717<\/td><td class=\"has-text-align-center\" data-align=\"center\">327 401<\/td><\/tr><tr><td>Ghana<\/td><td class=\"has-text-align-center\" data-align=\"center\">2 010 531<\/td><td class=\"has-text-align-center\" data-align=\"center\">1 905 520<\/td><td class=\"has-text-align-center\" data-align=\"center\">298 151<\/td><\/tr><tr><td>Sudan<\/td><td class=\"has-text-align-center\" data-align=\"center\">276 827<\/td><td class=\"has-text-align-center\" data-align=\"center\">327 475<\/td><td class=\"has-text-align-center\" data-align=\"center\">232 832<\/td><\/tr><tr><td>Algeria<\/td><td class=\"has-text-align-center\" data-align=\"center\">227 019<\/td><td class=\"has-text-align-center\" data-align=\"center\">252 684<\/td><td class=\"has-text-align-center\" data-align=\"center\">221 212<\/td><\/tr><tr><td>Maroc<\/td><td class=\"has-text-align-center\" data-align=\"center\">203 581<\/td><td class=\"has-text-align-center\" data-align=\"center\">253 336<\/td><td class=\"has-text-align-center\" data-align=\"center\">161 349<\/td><\/tr><tr><td>Camerun<\/td><td class=\"has-text-align-center\" data-align=\"center\">310 373<\/td><td class=\"has-text-align-center\" data-align=\"center\">310 802<\/td><td class=\"has-text-align-center\" data-align=\"center\">150 970<\/td><\/tr><tr><td>Kenya<\/td><td class=\"has-text-align-center\" data-align=\"center\">322 307<\/td><td class=\"has-text-align-center\" data-align=\"center\">398 959<\/td><td class=\"has-text-align-center\" data-align=\"center\">102 018<\/td><\/tr><tr><td>Benin<\/td><td class=\"has-text-align-center\" data-align=\"center\">128 911<\/td><td class=\"has-text-align-center\" data-align=\"center\">150 386<\/td><td class=\"has-text-align-center\" data-align=\"center\">92 847<\/td><\/tr><tr><td>Liberia<\/td><td class=\"has-text-align-center\" data-align=\"center\">438 333<\/td><td class=\"has-text-align-center\" data-align=\"center\">459 005<\/td><td class=\"has-text-align-center\" data-align=\"center\">71 724<\/td><\/tr><tr><td>Togo<\/td><td class=\"has-text-align-center\" data-align=\"center\">231 564<\/td><td class=\"has-text-align-center\" data-align=\"center\">259 819<\/td><td class=\"has-text-align-center\" data-align=\"center\">68 994<\/td><\/tr><tr><td>Sierra Leone<\/td><td class=\"has-text-align-center\" data-align=\"center\">1 005 370<\/td><td class=\"has-text-align-center\" data-align=\"center\">947 803<\/td><td class=\"has-text-align-center\" data-align=\"center\">57 779<\/td><\/tr><tr><td>Guineea<\/td><td class=\"has-text-align-center\" data-align=\"center\">179 735<\/td><td class=\"has-text-align-center\" data-align=\"center\">142 008<\/td><td class=\"has-text-align-center\" data-align=\"center\">47 607<\/td><\/tr><tr><td>Coasta de Filde\u0219<\/td><td class=\"has-text-align-center\" data-align=\"center\">160 790<\/td><td class=\"has-text-align-center\" data-align=\"center\">145 913<\/td><td class=\"has-text-align-center\" data-align=\"center\">35 090<\/td><\/tr><tr><td>Uganda<\/td><td class=\"has-text-align-center\" data-align=\"center\">33 460<\/td><td class=\"has-text-align-center\" data-align=\"center\">37 079<\/td><td class=\"has-text-align-center\" data-align=\"center\">26 852<\/td><\/tr><tr><td>Rwanda<\/td><td class=\"has-text-align-center\" data-align=\"center\">41 526<\/td><td class=\"has-text-align-center\" data-align=\"center\">50 711<\/td><td class=\"has-text-align-center\" data-align=\"center\">26 612<\/td><\/tr><tr><td>Congo Brazzaville<\/td><td class=\"has-text-align-center\" data-align=\"center\">21 793<\/td><td class=\"has-text-align-center\" data-align=\"center\">25 592<\/td><td class=\"has-text-align-center\" data-align=\"center\">21 958<\/td><\/tr><tr><td>Senegal<\/td><td class=\"has-text-align-center\" data-align=\"center\">44 785<\/td><td class=\"has-text-align-center\" data-align=\"center\">33 063<\/td><td class=\"has-text-align-center\" data-align=\"center\">16 920<\/td><\/tr><tr><td>Eritreea<\/td><td class=\"has-text-align-center\" data-align=\"center\">26 121<\/td><td class=\"has-text-align-center\" data-align=\"center\">17 872<\/td><td class=\"has-text-align-center\" data-align=\"center\">16 610<\/td><\/tr><\/tbody><\/table><figcaption class=\"wp-element-caption\">Principalele \u021b\u0103ri africane \u00een func\u021bie de num\u0103rul de participan\u021bi la loteria american\u0103 a c\u0103r\u021bilor verzi<\/figcaption><\/figure>\n\n<h2 class=\"wp-block-heading\" id=\"h-quels-sont-les-gagnants-a-la-loterie-provenant-de-pays-d-afrique\">Cine sunt c\u00e2\u0219tig\u0103torii loteriei din \u021b\u0103rile africane?<\/h2>\n\n<p>Departamentul de Stat public\u0103, de asemenea, num\u0103rul de vize ob\u021binute \u00een fiecare an prin programul de diversitate. Aceste <a href=\"https:\/\/us-gc.net\/ro\/rezultate-loteriei-green-card\/\">rezultate ale loteriei<\/a> sunt publicate pe zone geografice \u0219i defalcate pe \u021b\u0103ri.<\/p>\n\n<p>Iat\u0103 num\u0103rul de vize ob\u021binute prin <a href=\"https:\/\/us-gc.net\/ro\/loteria-cartilor-verzi-din-sua\/\">loteria c\u0103r\u021bii verzi<\/a> pentru primele 20 de \u021b\u0103ri africane \u00eentre 2018 \u0219i 2022:<\/p>\n\n<figure class=\"wp-block-table\"><table><tbody><tr><td><strong>\u021a\u0103rile africane<\/strong><\/td><td class=\"has-text-align-center\" data-align=\"center\"><strong>2018<\/strong><\/td><td class=\"has-text-align-center\" data-align=\"center\"><strong>2019<\/strong><\/td><td class=\"has-text-align-center\" data-align=\"center\"><strong>2020<\/strong><\/td><td class=\"has-text-align-center\" data-align=\"center\"><strong>2021<\/strong><\/td><td class=\"has-text-align-center\" data-align=\"center\"><strong>2022<\/strong><\/td><\/tr><tr><td>Maroc<\/td><td class=\"has-text-align-center\" data-align=\"center\">1011<\/td><td class=\"has-text-align-center\" data-align=\"center\">1132<\/td><td class=\"has-text-align-center\" data-align=\"center\">719<\/td><td class=\"has-text-align-center\" data-align=\"center\">1126<\/td><td class=\"has-text-align-center\" data-align=\"center\">2559<\/td><\/tr><tr><td>Algeria<\/td><td class=\"has-text-align-center\" data-align=\"center\">1346<\/td><td class=\"has-text-align-center\" data-align=\"center\">1649<\/td><td class=\"has-text-align-center\" data-align=\"center\">783<\/td><td class=\"has-text-align-center\" data-align=\"center\">814<\/td><td class=\"has-text-align-center\" data-align=\"center\">2380<\/td><\/tr><tr><td>Egipt<\/td><td class=\"has-text-align-center\" data-align=\"center\">3466<\/td><td class=\"has-text-align-center\" data-align=\"center\">3312<\/td><td class=\"has-text-align-center\" data-align=\"center\">1297<\/td><td class=\"has-text-align-center\" data-align=\"center\">447<\/td><td class=\"has-text-align-center\" data-align=\"center\">2147<\/td><\/tr><tr><td>Camerun<\/td><td class=\"has-text-align-center\" data-align=\"center\">1626<\/td><td class=\"has-text-align-center\" data-align=\"center\">1661<\/td><td class=\"has-text-align-center\" data-align=\"center\">460<\/td><td class=\"has-text-align-center\" data-align=\"center\">653<\/td><td class=\"has-text-align-center\" data-align=\"center\">1705<\/td><\/tr><tr><td>Sudan<\/td><td class=\"has-text-align-center\" data-align=\"center\">1680<\/td><td class=\"has-text-align-center\" data-align=\"center\">1548<\/td><td class=\"has-text-align-center\" data-align=\"center\">403<\/td><td class=\"has-text-align-center\" data-align=\"center\">249<\/td><td class=\"has-text-align-center\" data-align=\"center\">1704<\/td><\/tr><tr><td>Kenya<\/td><td class=\"has-text-align-center\" data-align=\"center\">1220<\/td><td class=\"has-text-align-center\" data-align=\"center\">1207<\/td><td class=\"has-text-align-center\" data-align=\"center\">393<\/td><td class=\"has-text-align-center\" data-align=\"center\">278<\/td><td class=\"has-text-align-center\" data-align=\"center\">1157<\/td><\/tr><tr><td>Congo Kinshasa<\/td><td class=\"has-text-align-center\" data-align=\"center\">2874<\/td><td class=\"has-text-align-center\" data-align=\"center\">3096<\/td><td class=\"has-text-align-center\" data-align=\"center\">478<\/td><td class=\"has-text-align-center\" data-align=\"center\">592<\/td><td class=\"has-text-align-center\" data-align=\"center\">903<\/td><\/tr><tr><td>Togo<\/td><td class=\"has-text-align-center\" data-align=\"center\">664<\/td><td class=\"has-text-align-center\" data-align=\"center\">757<\/td><td class=\"has-text-align-center\" data-align=\"center\">208<\/td><td class=\"has-text-align-center\" data-align=\"center\">186<\/td><td class=\"has-text-align-center\" data-align=\"center\">838<\/td><\/tr><tr><td>Rwanda<\/td><td class=\"has-text-align-center\" data-align=\"center\">277<\/td><td class=\"has-text-align-center\" data-align=\"center\">338<\/td><td class=\"has-text-align-center\" data-align=\"center\">115<\/td><td class=\"has-text-align-center\" data-align=\"center\">155<\/td><td class=\"has-text-align-center\" data-align=\"center\">661<\/td><\/tr><tr><td>Etiopia<\/td><td class=\"has-text-align-center\" data-align=\"center\">2106<\/td><td class=\"has-text-align-center\" data-align=\"center\">1696<\/td><td class=\"has-text-align-center\" data-align=\"center\">339<\/td><td class=\"has-text-align-center\" data-align=\"center\">67<\/td><td class=\"has-text-align-center\" data-align=\"center\">621<\/td><\/tr><tr><td>Liberia<\/td><td class=\"has-text-align-center\" data-align=\"center\">1249<\/td><td class=\"has-text-align-center\" data-align=\"center\">653<\/td><td class=\"has-text-align-center\" data-align=\"center\">89<\/td><td class=\"has-text-align-center\" data-align=\"center\">46<\/td><td class=\"has-text-align-center\" data-align=\"center\">531<\/td><\/tr><tr><td>Coasta de Filde\u0219<\/td><td class=\"has-text-align-center\" data-align=\"center\">386<\/td><td class=\"has-text-align-center\" data-align=\"center\">424<\/td><td class=\"has-text-align-center\" data-align=\"center\">76<\/td><td class=\"has-text-align-center\" data-align=\"center\">144<\/td><td class=\"has-text-align-center\" data-align=\"center\">383<\/td><\/tr><tr><td>Guineea<\/td><td class=\"has-text-align-center\" data-align=\"center\">155<\/td><td class=\"has-text-align-center\" data-align=\"center\">300<\/td><td class=\"has-text-align-center\" data-align=\"center\">38<\/td><td class=\"has-text-align-center\" data-align=\"center\">41<\/td><td class=\"has-text-align-center\" data-align=\"center\">377<\/td><\/tr><tr><td>Ghana<\/td><td class=\"has-text-align-center\" data-align=\"center\">777<\/td><td class=\"has-text-align-center\" data-align=\"center\">640<\/td><td class=\"has-text-align-center\" data-align=\"center\">111<\/td><td class=\"has-text-align-center\" data-align=\"center\">229<\/td><td class=\"has-text-align-center\" data-align=\"center\">355<\/td><\/tr><tr><td>Angola<\/td><td class=\"has-text-align-center\" data-align=\"center\">20<\/td><td class=\"has-text-align-center\" data-align=\"center\">60<\/td><td class=\"has-text-align-center\" data-align=\"center\">9<\/td><td class=\"has-text-align-center\" data-align=\"center\">17<\/td><td class=\"has-text-align-center\" data-align=\"center\">293<\/td><\/tr><tr><td>Benin<\/td><td class=\"has-text-align-center\" data-align=\"center\">237<\/td><td class=\"has-text-align-center\" data-align=\"center\">364<\/td><td class=\"has-text-align-center\" data-align=\"center\">92<\/td><td class=\"has-text-align-center\" data-align=\"center\">58<\/td><td class=\"has-text-align-center\" data-align=\"center\">266<\/td><\/tr><tr><td>Africa de Sud<\/td><td class=\"has-text-align-center\" data-align=\"center\">175<\/td><td class=\"has-text-align-center\" data-align=\"center\">180<\/td><td class=\"has-text-align-center\" data-align=\"center\">38<\/td><td class=\"has-text-align-center\" data-align=\"center\">106<\/td><td class=\"has-text-align-center\" data-align=\"center\">266<\/td><\/tr><tr><td>Sierra Leone<\/td><td class=\"has-text-align-center\" data-align=\"center\">119<\/td><td class=\"has-text-align-center\" data-align=\"center\">172<\/td><td class=\"has-text-align-center\" data-align=\"center\">13<\/td><td class=\"has-text-align-center\" data-align=\"center\">70<\/td><td class=\"has-text-align-center\" data-align=\"center\">207<\/td><\/tr><tr><td>Uganda<\/td><td class=\"has-text-align-center\" data-align=\"center\">177<\/td><td class=\"has-text-align-center\" data-align=\"center\">133<\/td><td class=\"has-text-align-center\" data-align=\"center\">64<\/td><td class=\"has-text-align-center\" data-align=\"center\">69<\/td><td class=\"has-text-align-center\" data-align=\"center\">206<\/td><\/tr><tr><td>Libia<\/td><td class=\"has-text-align-center\" data-align=\"center\">47<\/td><td class=\"has-text-align-center\" data-align=\"center\">72<\/td><td class=\"has-text-align-center\" data-align=\"center\">24<\/td><td class=\"has-text-align-center\" data-align=\"center\">59<\/td><td class=\"has-text-align-center\" data-align=\"center\">192<\/td><\/tr><\/tbody><\/table><figcaption class=\"wp-element-caption\">Num\u0103rul de vize eliberate prin <a href=\"https:\/\/us-gc.net\/ro\/programul-de-viza-pentru-diversitate\/\">Programul de vize pentru diversitate<\/a> pentru principalele \u021b\u0103ri africane<\/figcaption><\/figure>\n\n<p><\/p>\n","protected":false},"excerpt":{"rendered":"<p>\u021a\u0103rile africane \u00een loteria american\u0103 a Green Card \u00cen fiecare an, milioane de solicitan\u021bi particip\u0103 la loteria american\u0103 a Green Card. Am compilat statisticile publicate de Departamentul de Stat pe travel.state.gov pentru a v\u0103 oferi cifrele cheie privind participarea cet\u0103\u021benilor africani la loteria pentru Green Card. C\u00e2\u021bi africani particip\u0103 la loto? Aproximativ 50% dintre solicitan\u021bii [&hellip;]<\/p>\n","protected":false},"author":1,"featured_media":0,"parent":0,"menu_order":0,"comment_status":"closed","ping_status":"closed","template":"","meta":{"footnotes":""},"class_list":["post-4626","page","type-page","status-publish","hentry"],"yoast_head":"<!-- This site is optimized with the Yoast SEO plugin v27.4 - https:\/\/yoast.com\/product\/yoast-seo-wordpress\/ -->\n<title>Loteria Green Card pentru \u021b\u0103rile africane - USA GC<\/title>\n<meta name=\"description\" content=\"Participarea detaliat\u0103 a resortisan\u021bilor din \u021b\u0103rile africane la loteria Green Card din SUA \u00een ultimii ani\" \/>\n<meta name=\"robots\" content=\"index, follow, max-snippet:-1, max-image-preview:large, max-video-preview:-1\" \/>\n<link rel=\"canonical\" href=\"https:\/\/us-gc.net\/ro\/loteria-green-card-participare-tari-africa\/\" \/>\n<meta property=\"og:locale\" content=\"ro_RO\" \/>\n<meta property=\"og:type\" content=\"article\" \/>\n<meta property=\"og:title\" content=\"Loteria Green Card pentru \u021b\u0103rile africane - USA GC\" \/>\n<meta property=\"og:description\" content=\"Participarea detaliat\u0103 a resortisan\u021bilor din \u021b\u0103rile africane la loteria Green Card din SUA \u00een ultimii ani\" \/>\n<meta property=\"og:url\" content=\"https:\/\/us-gc.net\/ro\/loteria-green-card-participare-tari-africa\/\" \/>\n<meta property=\"og:site_name\" content=\"USA GC\" \/>\n<meta property=\"article:modified_time\" content=\"2024-12-30T09:44:30+00:00\" \/>\n<meta name=\"twitter:card\" content=\"summary_large_image\" \/>\n<meta name=\"twitter:label1\" content=\"Timp estimat pentru citire\" \/>\n\t<meta name=\"twitter:data1\" content=\"2 minute\" \/>\n<script type=\"application\/ld+json\" class=\"yoast-schema-graph\">{\"@context\":\"https:\\\/\\\/schema.org\",\"@graph\":[{\"@type\":\"WebPage\",\"@id\":\"https:\\\/\\\/us-gc.net\\\/ro\\\/loteria-green-card-participare-tari-africa\\\/\",\"url\":\"https:\\\/\\\/us-gc.net\\\/ro\\\/loteria-green-card-participare-tari-africa\\\/\",\"name\":\"Loteria Green Card pentru \u021b\u0103rile africane - USA GC\",\"isPartOf\":{\"@id\":\"https:\\\/\\\/us-gc.net\\\/ro\\\/#website\"},\"datePublished\":\"2024-02-13T15:26:40+00:00\",\"dateModified\":\"2024-12-30T09:44:30+00:00\",\"description\":\"Participarea detaliat\u0103 a resortisan\u021bilor din \u021b\u0103rile africane la loteria Green Card din SUA \u00een ultimii ani\",\"breadcrumb\":{\"@id\":\"https:\\\/\\\/us-gc.net\\\/ro\\\/loteria-green-card-participare-tari-africa\\\/#breadcrumb\"},\"inLanguage\":\"ro-RO\",\"potentialAction\":[{\"@type\":\"ReadAction\",\"target\":[\"https:\\\/\\\/us-gc.net\\\/ro\\\/loteria-green-card-participare-tari-africa\\\/\"]}]},{\"@type\":\"BreadcrumbList\",\"@id\":\"https:\\\/\\\/us-gc.net\\\/ro\\\/loteria-green-card-participare-tari-africa\\\/#breadcrumb\",\"itemListElement\":[{\"@type\":\"ListItem\",\"position\":1,\"name\":\"Accueil\",\"item\":\"https:\\\/\\\/us-gc.net\\\/ro\\\/green-card\\\/\"},{\"@type\":\"ListItem\",\"position\":2,\"name\":\"Loteria Green Card pentru \u021b\u0103rile africane\"}]},{\"@type\":\"WebSite\",\"@id\":\"https:\\\/\\\/us-gc.net\\\/ro\\\/#website\",\"url\":\"https:\\\/\\\/us-gc.net\\\/ro\\\/\",\"name\":\"USA GC\",\"description\":\"\",\"potentialAction\":[{\"@type\":\"SearchAction\",\"target\":{\"@type\":\"EntryPoint\",\"urlTemplate\":\"https:\\\/\\\/us-gc.net\\\/ro\\\/?s={search_term_string}\"},\"query-input\":{\"@type\":\"PropertyValueSpecification\",\"valueRequired\":true,\"valueName\":\"search_term_string\"}}],\"inLanguage\":\"ro-RO\"}]}<\/script>\n<!-- \/ Yoast SEO plugin. -->","yoast_head_json":{"title":"Loteria Green Card pentru \u021b\u0103rile africane - USA GC","description":"Participarea detaliat\u0103 a resortisan\u021bilor din \u021b\u0103rile africane la loteria Green Card din SUA \u00een ultimii ani","robots":{"index":"index","follow":"follow","max-snippet":"max-snippet:-1","max-image-preview":"max-image-preview:large","max-video-preview":"max-video-preview:-1"},"canonical":"https:\/\/us-gc.net\/ro\/loteria-green-card-participare-tari-africa\/","og_locale":"ro_RO","og_type":"article","og_title":"Loteria Green Card pentru \u021b\u0103rile africane - USA GC","og_description":"Participarea detaliat\u0103 a resortisan\u021bilor din \u021b\u0103rile africane la loteria Green Card din SUA \u00een ultimii ani","og_url":"https:\/\/us-gc.net\/ro\/loteria-green-card-participare-tari-africa\/","og_site_name":"USA GC","article_modified_time":"2024-12-30T09:44:30+00:00","twitter_card":"summary_large_image","twitter_misc":{"Timp estimat pentru citire":"2 minute"},"schema":{"@context":"https:\/\/schema.org","@graph":[{"@type":"WebPage","@id":"https:\/\/us-gc.net\/ro\/loteria-green-card-participare-tari-africa\/","url":"https:\/\/us-gc.net\/ro\/loteria-green-card-participare-tari-africa\/","name":"Loteria Green Card pentru \u021b\u0103rile africane - USA GC","isPartOf":{"@id":"https:\/\/us-gc.net\/ro\/#website"},"datePublished":"2024-02-13T15:26:40+00:00","dateModified":"2024-12-30T09:44:30+00:00","description":"Participarea detaliat\u0103 a resortisan\u021bilor din \u021b\u0103rile africane la loteria Green Card din SUA \u00een ultimii ani","breadcrumb":{"@id":"https:\/\/us-gc.net\/ro\/loteria-green-card-participare-tari-africa\/#breadcrumb"},"inLanguage":"ro-RO","potentialAction":[{"@type":"ReadAction","target":["https:\/\/us-gc.net\/ro\/loteria-green-card-participare-tari-africa\/"]}]},{"@type":"BreadcrumbList","@id":"https:\/\/us-gc.net\/ro\/loteria-green-card-participare-tari-africa\/#breadcrumb","itemListElement":[{"@type":"ListItem","position":1,"name":"Accueil","item":"https:\/\/us-gc.net\/ro\/green-card\/"},{"@type":"ListItem","position":2,"name":"Loteria Green Card pentru \u021b\u0103rile africane"}]},{"@type":"WebSite","@id":"https:\/\/us-gc.net\/ro\/#website","url":"https:\/\/us-gc.net\/ro\/","name":"USA GC","description":"","potentialAction":[{"@type":"SearchAction","target":{"@type":"EntryPoint","urlTemplate":"https:\/\/us-gc.net\/ro\/?s={search_term_string}"},"query-input":{"@type":"PropertyValueSpecification","valueRequired":true,"valueName":"search_term_string"}}],"inLanguage":"ro-RO"}]}},"_links":{"self":[{"href":"https:\/\/us-gc.net\/ro\/wp-json\/wp\/v2\/pages\/4626","targetHints":{"allow":["GET"]}}],"collection":[{"href":"https:\/\/us-gc.net\/ro\/wp-json\/wp\/v2\/pages"}],"about":[{"href":"https:\/\/us-gc.net\/ro\/wp-json\/wp\/v2\/types\/page"}],"author":[{"embeddable":true,"href":"https:\/\/us-gc.net\/ro\/wp-json\/wp\/v2\/users\/1"}],"replies":[{"embeddable":true,"href":"https:\/\/us-gc.net\/ro\/wp-json\/wp\/v2\/comments?post=4626"}],"version-history":[{"count":1,"href":"https:\/\/us-gc.net\/ro\/wp-json\/wp\/v2\/pages\/4626\/revisions"}],"predecessor-version":[{"id":7886,"href":"https:\/\/us-gc.net\/ro\/wp-json\/wp\/v2\/pages\/4626\/revisions\/7886"}],"wp:attachment":[{"href":"https:\/\/us-gc.net\/ro\/wp-json\/wp\/v2\/media?parent=4626"}],"curies":[{"name":"wp","href":"https:\/\/api.w.org\/{rel}","templated":true}]}}