{"id":4622,"date":"2024-02-13T10:11:47","date_gmt":"2024-02-13T10:11:47","guid":{"rendered":"https:\/\/green-card-usa.net\/loterie-green-card-europa\/"},"modified":"2024-12-30T09:43:03","modified_gmt":"2024-12-30T09:43:03","slug":"loterie-green-card-europa","status":"publish","type":"page","link":"https:\/\/us-gc.net\/ro\/loterie-green-card-europa\/","title":{"rendered":"Loteria c\u0103r\u021bilor verzi pentru cet\u0103\u021benii europeni"},"content":{"rendered":"\n<h1 class=\"wp-block-heading\" id=\"h-la-loterie-de-la-carte-verte-pour-les-pays-europeens\">Loteria c\u0103r\u021bilor verzi pentru \u021b\u0103rile europene<\/h1>\n\n<p>\u00cen fiecare an, milioane de solicitan\u021bi particip\u0103 la loteria american\u0103 a Green Card. Am compilat statisticile publicate de Departamentul de Stat pe site-ul <a href=\"https:\/\/travel.state.gov\/content\/travel\/en\/us-visas\/immigrate\/diversity-visa-program-entry\/diversity-visa-program-statistics.html\">travel.state.gov<\/a> pentru a v\u0103 oferi cifrele cheie privind participarea cet\u0103\u021benilor europeni la loteria Green Card.<\/p>\n\n<h2 class=\"wp-block-heading\" id=\"h-quelle-est-la-participation-des-europeens-a-la-loterie-de-la-carte-verte\">C\u00e2\u021bi europeni particip\u0103 la loteria c\u0103r\u021bilor verzi?<\/h2>\n\n<p>Aproximativ 30 % dintre solicitan\u021bii la <a href=\"https:\/\/us-gc.net\/ro\/loteria-green-card\/\">loteria Green Card<\/a> au fost cet\u0103\u021beni ai unei \u021b\u0103ri europene \u00een ultimii ani pentru care exist\u0103 statistici disponibile.<\/p>\n\n<figure class=\"wp-block-table\"><table><tbody><tr><td><strong>Ani<\/strong><\/td><td class=\"has-text-align-center\" data-align=\"center\"><strong>2019<\/strong><\/td><td class=\"has-text-align-center\" data-align=\"center\"><strong>2020<\/strong><\/td><td class=\"has-text-align-center\" data-align=\"center\"><strong>2021<\/strong><\/td><\/tr><tr><td>Num\u0103rul de solicitan\u021bi de \u00eenregistrare europeni<\/td><td class=\"has-text-align-center\" data-align=\"center\">4 349 555<\/td><td class=\"has-text-align-center\" data-align=\"center\">4 072 324<\/td><td class=\"has-text-align-center\" data-align=\"center\">2 014 089<\/td><\/tr><tr><td>Total fi\u0219iere de \u00eenregistrare<\/td><td class=\"has-text-align-center\" data-align=\"center\">14 352 013<\/td><td class=\"has-text-align-center\" data-align=\"center\">14 722 798<\/td><td class=\"has-text-align-center\" data-align=\"center\">6 741 128<\/td><\/tr><tr><td><strong>Procentul de \u00eenregistra\u021bi europeni<\/strong><\/td><td class=\"has-text-align-center\" data-align=\"center\"><strong>30%<\/strong><\/td><td class=\"has-text-align-center\" data-align=\"center\"><strong>28%<\/strong><\/td><td class=\"has-text-align-center\" data-align=\"center\"><strong>30%<\/strong><\/td><\/tr><\/tbody><\/table><figcaption class=\"wp-element-caption\">Procentul europenilor \u00eenscri\u0219i la loteria pentru Green Card<\/figcaption><\/figure>\n\n<h2 class=\"wp-block-heading\" id=\"h-quels-sont-les-principaux-pays-d-europe-d-ou-proviennent-les-candidats\">Care sunt principalele \u021b\u0103ri europene din care provin candida\u021bii?<\/h2>\n\n<p>Iat\u0103 num\u0103rul de solicit\u0103ri pentru loteria c\u0103r\u021bii verzi pentru principalele 20 de \u021b\u0103ri europene. Cele mai recente cifre publicate de Departamentul de Stat acoper\u0103 anii 2019 &#8211; 2021:<\/p>\n\n<figure class=\"wp-block-table\"><table><tbody><tr><td><strong>\u021a\u0103rile europene<\/strong><\/td><td class=\"has-text-align-center\" data-align=\"center\"><strong>2019<\/strong><\/td><td class=\"has-text-align-center\" data-align=\"center\"><strong>2020<\/strong><\/td><td class=\"has-text-align-center\" data-align=\"center\"><strong>2021<\/strong><\/td><\/tr><tr><td>Uzbekistan<\/td><td class=\"has-text-align-center\" data-align=\"center\">1 813 357<\/td><td class=\"has-text-align-center\" data-align=\"center\">1 674 787<\/td><td class=\"has-text-align-center\" data-align=\"center\">466 480<\/td><\/tr><tr><td>Rusia<\/td><td class=\"has-text-align-center\" data-align=\"center\">240 323<\/td><td class=\"has-text-align-center\" data-align=\"center\">289 910<\/td><td class=\"has-text-align-center\" data-align=\"center\">260 292<\/td><\/tr><tr><td>Ucraina<\/td><td class=\"has-text-align-center\" data-align=\"center\">665 764<\/td><td class=\"has-text-align-center\" data-align=\"center\">586 088<\/td><td class=\"has-text-align-center\" data-align=\"center\">210 570<\/td><\/tr><tr><td>Moldova<\/td><td class=\"has-text-align-center\" data-align=\"center\">323 102<\/td><td class=\"has-text-align-center\" data-align=\"center\">200 204<\/td><td class=\"has-text-align-center\" data-align=\"center\">135 992<\/td><\/tr><tr><td>Albania<\/td><td class=\"has-text-align-center\" data-align=\"center\">172 817<\/td><td class=\"has-text-align-center\" data-align=\"center\">181 270<\/td><td class=\"has-text-align-center\" data-align=\"center\">128 871<\/td><\/tr><tr><td>Turcia<\/td><td class=\"has-text-align-center\" data-align=\"center\">188 579<\/td><td class=\"has-text-align-center\" data-align=\"center\">221 271<\/td><td class=\"has-text-align-center\" data-align=\"center\">128 743<\/td><\/tr><tr><td>Belarus<\/td><td class=\"has-text-align-center\" data-align=\"center\">107 223<\/td><td class=\"has-text-align-center\" data-align=\"center\">98 617<\/td><td class=\"has-text-align-center\" data-align=\"center\">83 001<\/td><\/tr><tr><td>Armenia<\/td><td class=\"has-text-align-center\" data-align=\"center\">102 653<\/td><td class=\"has-text-align-center\" data-align=\"center\">79 628<\/td><td class=\"has-text-align-center\" data-align=\"center\">68 309<\/td><\/tr><tr><td>Kazahstan<\/td><td class=\"has-text-align-center\" data-align=\"center\">55 686<\/td><td class=\"has-text-align-center\" data-align=\"center\">82 180<\/td><td class=\"has-text-align-center\" data-align=\"center\">67 593<\/td><\/tr><tr><td>Tadjikistan<\/td><td class=\"has-text-align-center\" data-align=\"center\">62 581<\/td><td class=\"has-text-align-center\" data-align=\"center\">77 745<\/td><td class=\"has-text-align-center\" data-align=\"center\">63 944<\/td><\/tr><tr><td>K\u00e2rg\u00e2zstan<\/td><td class=\"has-text-align-center\" data-align=\"center\">46 045<\/td><td class=\"has-text-align-center\" data-align=\"center\">77 540<\/td><td class=\"has-text-align-center\" data-align=\"center\">55 178<\/td><\/tr><tr><td>Azerbaidjan<\/td><td class=\"has-text-align-center\" data-align=\"center\">93 736<\/td><td class=\"has-text-align-center\" data-align=\"center\">91 137<\/td><td class=\"has-text-align-center\" data-align=\"center\">52 659<\/td><\/tr><tr><td>Georgia<\/td><td class=\"has-text-align-center\" data-align=\"center\">56 781<\/td><td class=\"has-text-align-center\" data-align=\"center\">61 292<\/td><td class=\"has-text-align-center\" data-align=\"center\">50 272<\/td><\/tr><tr><td>Germania<\/td><td class=\"has-text-align-center\" data-align=\"center\">45 947<\/td><td class=\"has-text-align-center\" data-align=\"center\">38 618<\/td><td class=\"has-text-align-center\" data-align=\"center\">30 417<\/td><\/tr><tr><td>Turkmenistan<\/td><td class=\"has-text-align-center\" data-align=\"center\">15 057<\/td><td class=\"has-text-align-center\" data-align=\"center\">23 362<\/td><td class=\"has-text-align-center\" data-align=\"center\">23 907<\/td><\/tr><tr><td>Italia<\/td><td class=\"has-text-align-center\" data-align=\"center\">35 326<\/td><td class=\"has-text-align-center\" data-align=\"center\">28 947<\/td><td class=\"has-text-align-center\" data-align=\"center\">22 693<\/td><\/tr><tr><td>Fran\u021ba<\/td><td class=\"has-text-align-center\" data-align=\"center\">34 077<\/td><td class=\"has-text-align-center\" data-align=\"center\">27 304<\/td><td class=\"has-text-align-center\" data-align=\"center\">19 947<\/td><\/tr><tr><td>Polonia<\/td><td class=\"has-text-align-center\" data-align=\"center\">38 539<\/td><td class=\"has-text-align-center\" data-align=\"center\">25 215<\/td><td class=\"has-text-align-center\" data-align=\"center\">16 150<\/td><\/tr><tr><td>Rom\u00e2nia<\/td><td class=\"has-text-align-center\" data-align=\"center\">35 367<\/td><td class=\"has-text-align-center\" data-align=\"center\">23 830<\/td><td class=\"has-text-align-center\" data-align=\"center\">15 637<\/td><\/tr><tr><td>Bulgaria<\/td><td class=\"has-text-align-center\" data-align=\"center\">30 649<\/td><td class=\"has-text-align-center\" data-align=\"center\">22 696<\/td><td class=\"has-text-align-center\" data-align=\"center\">14 407<\/td><\/tr><\/tbody><\/table><figcaption class=\"wp-element-caption\">Principalele \u021b\u0103ri europene \u00een func\u021bie de num\u0103rul de participan\u021bi la loteria american\u0103 a c\u0103r\u021bilor verzi<\/figcaption><\/figure>\n\n<h2 class=\"wp-block-heading\" id=\"h-quels-sont-les-gagnants-a-la-loterie-provenant-de-pays-europeens\">Ce c\u00e2\u0219tig\u0103tori la loto provin din \u021b\u0103ri europene?<\/h2>\n\n<p>Departamentul de Stat public\u0103, de asemenea, num\u0103rul de vize ob\u021binute \u00een fiecare an prin programul de diversitate. Aceste <a href=\"https:\/\/us-gc.net\/ro\/rezultate-loteriei-green-card\/\">rezultate ale loteriei<\/a> sunt publicate pe zone geografice \u0219i defalcate pe \u021b\u0103ri.<\/p>\n\n<p>Iat\u0103 num\u0103rul de vize ob\u021binute datorit\u0103 <a href=\"https:\/\/us-gc.net\/ro\/loteria-cartilor-verzi-din-sua\/\">loteriei Green Card<\/a> pentru principalele 20 de \u021b\u0103ri europene \u00eentre 2018 \u0219i 2022:<\/p>\n\n<figure class=\"wp-block-table\"><table><tbody><tr><td><strong>\u021a\u0103rile europene<\/strong><\/td><td class=\"has-text-align-center\" data-align=\"center\"><strong>2018<\/strong><\/td><td class=\"has-text-align-center\" data-align=\"center\"><strong>2019<\/strong><\/td><td class=\"has-text-align-center\" data-align=\"center\"><strong>2020<\/strong><\/td><td class=\"has-text-align-center\" data-align=\"center\"><strong>2021<\/strong><\/td><td class=\"has-text-align-center\" data-align=\"center\"><strong>2022<\/strong><\/td><\/tr><tr><td>Rusia<\/td><td class=\"has-text-align-center\" data-align=\"center\">2 175<\/td><td class=\"has-text-align-center\" data-align=\"center\">2 506<\/td><td class=\"has-text-align-center\" data-align=\"center\">947<\/td><td class=\"has-text-align-center\" data-align=\"center\">414<\/td><td class=\"has-text-align-center\" data-align=\"center\">2 784<\/td><\/tr><tr><td>Ucraina<\/td><td class=\"has-text-align-center\" data-align=\"center\">2 653<\/td><td class=\"has-text-align-center\" data-align=\"center\">2 062<\/td><td class=\"has-text-align-center\" data-align=\"center\">1 101<\/td><td class=\"has-text-align-center\" data-align=\"center\">938<\/td><td class=\"has-text-align-center\" data-align=\"center\">2 636<\/td><\/tr><tr><td>Uzbekistan<\/td><td class=\"has-text-align-center\" data-align=\"center\">2 058<\/td><td class=\"has-text-align-center\" data-align=\"center\">823<\/td><td class=\"has-text-align-center\" data-align=\"center\">314<\/td><td class=\"has-text-align-center\" data-align=\"center\">89<\/td><td class=\"has-text-align-center\" data-align=\"center\">  2 413<\/td><\/tr><tr><td>Albania<\/td><td class=\"has-text-align-center\" data-align=\"center\">2 630<\/td><td class=\"has-text-align-center\" data-align=\"center\">2 284<\/td><td class=\"has-text-align-center\" data-align=\"center\">460<\/td><td class=\"has-text-align-center\" data-align=\"center\">653<\/td><td class=\"has-text-align-center\" data-align=\"center\">2 054<\/td><\/tr><tr><td>K\u00e2rg\u00e2zstan<\/td><td class=\"has-text-align-center\" data-align=\"center\">383<\/td><td class=\"has-text-align-center\" data-align=\"center\">383<\/td><td class=\"has-text-align-center\" data-align=\"center\">149<\/td><td class=\"has-text-align-center\" data-align=\"center\">358<\/td><td class=\"has-text-align-center\" data-align=\"center\">1 394<\/td><\/tr><tr><td>Turcia<\/td><td class=\"has-text-align-center\" data-align=\"center\">1 821<\/td><td class=\"has-text-align-center\" data-align=\"center\">1 387<\/td><td class=\"has-text-align-center\" data-align=\"center\">708<\/td><td class=\"has-text-align-center\" data-align=\"center\">588<\/td><td class=\"has-text-align-center\" data-align=\"center\">1 330<\/td><\/tr><tr><td>Armenia<\/td><td class=\"has-text-align-center\" data-align=\"center\">1 662<\/td><td class=\"has-text-align-center\" data-align=\"center\">1 313<\/td><td class=\"has-text-align-center\" data-align=\"center\">373<\/td><td class=\"has-text-align-center\" data-align=\"center\">133<\/td><td class=\"has-text-align-center\" data-align=\"center\">1 308<\/td><\/tr><tr><td>Georgia<\/td><td class=\"has-text-align-center\" data-align=\"center\">676<\/td><td class=\"has-text-align-center\" data-align=\"center\">662<\/td><td class=\"has-text-align-center\" data-align=\"center\">399<\/td><td class=\"has-text-align-center\" data-align=\"center\">265<\/td><td class=\"has-text-align-center\" data-align=\"center\">1 290<\/td><\/tr><tr><td>Kazahstan<\/td><td class=\"has-text-align-center\" data-align=\"center\">514<\/td><td class=\"has-text-align-center\" data-align=\"center\">576<\/td><td class=\"has-text-align-center\" data-align=\"center\">392<\/td><td class=\"has-text-align-center\" data-align=\"center\">325<\/td><td class=\"has-text-align-center\" data-align=\"center\">865<\/td><\/tr><tr><td>Belarus<\/td><td class=\"has-text-align-center\" data-align=\"center\">828<\/td><td class=\"has-text-align-center\" data-align=\"center\">929<\/td><td class=\"has-text-align-center\" data-align=\"center\">361<\/td><td class=\"has-text-align-center\" data-align=\"center\">503<\/td><td class=\"has-text-align-center\" data-align=\"center\">863<\/td><\/tr><tr><td>Tadjikistan<\/td><td class=\"has-text-align-center\" data-align=\"center\">698<\/td><td class=\"has-text-align-center\" data-align=\"center\">919<\/td><td class=\"has-text-align-center\" data-align=\"center\">159<\/td><td class=\"has-text-align-center\" data-align=\"center\">243<\/td><td class=\"has-text-align-center\" data-align=\"center\">723<\/td><\/tr><tr><td>Azerbaidjan<\/td><td class=\"has-text-align-center\" data-align=\"center\">508<\/td><td class=\"has-text-align-center\" data-align=\"center\">822<\/td><td class=\"has-text-align-center\" data-align=\"center\">189<\/td><td class=\"has-text-align-center\" data-align=\"center\">188<\/td><td class=\"has-text-align-center\" data-align=\"center\">720<\/td><\/tr><tr><td>Turkmenistan<\/td><td class=\"has-text-align-center\" data-align=\"center\">157<\/td><td class=\"has-text-align-center\" data-align=\"center\">177<\/td><td class=\"has-text-align-center\" data-align=\"center\">61<\/td><td class=\"has-text-align-center\" data-align=\"center\">235<\/td><td class=\"has-text-align-center\" data-align=\"center\">547<\/td><\/tr><tr><td>Moldova<\/td><td class=\"has-text-align-center\" data-align=\"center\">574<\/td><td class=\"has-text-align-center\" data-align=\"center\">626<\/td><td class=\"has-text-align-center\" data-align=\"center\">226<\/td><td class=\"has-text-align-center\" data-align=\"center\">168<\/td><td class=\"has-text-align-center\" data-align=\"center\">481<\/td><\/tr><tr><td>Germania<\/td><td class=\"has-text-align-center\" data-align=\"center\">311<\/td><td class=\"has-text-align-center\" data-align=\"center\">203<\/td><td class=\"has-text-align-center\" data-align=\"center\">92<\/td><td class=\"has-text-align-center\" data-align=\"center\">88<\/td><td class=\"has-text-align-center\" data-align=\"center\">309<\/td><\/tr><tr><td>Kosovo<\/td><td class=\"has-text-align-center\" data-align=\"center\">230<\/td><td class=\"has-text-align-center\" data-align=\"center\">232<\/td><td class=\"has-text-align-center\" data-align=\"center\">113<\/td><td class=\"has-text-align-center\" data-align=\"center\">114<\/td><td class=\"has-text-align-center\" data-align=\"center\">295<\/td><\/tr><tr><td>Macedonia de Nord<\/td><td class=\"has-text-align-center\" data-align=\"center\">284<\/td><td class=\"has-text-align-center\" data-align=\"center\">194<\/td><td class=\"has-text-align-center\" data-align=\"center\">61<\/td><td class=\"has-text-align-center\" data-align=\"center\">61<\/td><td class=\"has-text-align-center\" data-align=\"center\">224<\/td><\/tr><tr><td>Polonia<\/td><td class=\"has-text-align-center\" data-align=\"center\">277<\/td><td class=\"has-text-align-center\" data-align=\"center\">215<\/td><td class=\"has-text-align-center\" data-align=\"center\">37<\/td><td class=\"has-text-align-center\" data-align=\"center\">92<\/td><td class=\"has-text-align-center\" data-align=\"center\">192<\/td><\/tr><tr><td>Rom\u00e2nia<\/td><td class=\"has-text-align-center\" data-align=\"center\">199<\/td><td class=\"has-text-align-center\" data-align=\"center\">242<\/td><td class=\"has-text-align-center\" data-align=\"center\">94<\/td><td class=\"has-text-align-center\" data-align=\"center\">106<\/td><td class=\"has-text-align-center\" data-align=\"center\">188<\/td><\/tr><tr><td>Italia<\/td><td class=\"has-text-align-center\" data-align=\"center\">162<\/td><td class=\"has-text-align-center\" data-align=\"center\">141<\/td><td class=\"has-text-align-center\" data-align=\"center\">66<\/td><td class=\"has-text-align-center\" data-align=\"center\">120<\/td><td class=\"has-text-align-center\" data-align=\"center\">161<\/td><\/tr><\/tbody><\/table><figcaption class=\"wp-element-caption\">Num\u0103rul de vize eliberate \u00een cadrul <a href=\"https:\/\/us-gc.net\/ro\/programul-de-viza-pentru-diversitate\/\">Programului de vize pentru diversitate<\/a> pentru principalele \u021b\u0103ri europene<\/figcaption><\/figure>\n\n<p><\/p>\n","protected":false},"excerpt":{"rendered":"<p>Loteria c\u0103r\u021bilor verzi pentru \u021b\u0103rile europene \u00cen fiecare an, milioane de solicitan\u021bi particip\u0103 la loteria american\u0103 a Green Card. Am compilat statisticile publicate de Departamentul de Stat pe site-ul travel.state.gov pentru a v\u0103 oferi cifrele cheie privind participarea cet\u0103\u021benilor europeni la loteria Green Card. C\u00e2\u021bi europeni particip\u0103 la loteria c\u0103r\u021bilor verzi? Aproximativ 30 % dintre [&hellip;]<\/p>\n","protected":false},"author":1,"featured_media":0,"parent":0,"menu_order":0,"comment_status":"closed","ping_status":"closed","template":"","meta":{"footnotes":""},"class_list":["post-4622","page","type-page","status-publish","hentry"],"yoast_head":"<!-- This site is optimized with the Yoast SEO plugin v27.4 - https:\/\/yoast.com\/product\/yoast-seo-wordpress\/ -->\n<title>Loteria c\u0103r\u021bilor verzi pentru cet\u0103\u021benii europeni - USA GC<\/title>\n<meta name=\"description\" content=\"Participarea cet\u0103\u021benilor europeni la loteria c\u0103r\u021bilor verzi din SUA \u00een ultimii ani\" \/>\n<meta name=\"robots\" content=\"index, follow, max-snippet:-1, max-image-preview:large, max-video-preview:-1\" \/>\n<link rel=\"canonical\" href=\"https:\/\/us-gc.net\/ro\/loterie-green-card-europa\/\" \/>\n<meta property=\"og:locale\" content=\"ro_RO\" \/>\n<meta property=\"og:type\" content=\"article\" \/>\n<meta property=\"og:title\" content=\"Loteria c\u0103r\u021bilor verzi pentru cet\u0103\u021benii europeni - USA GC\" \/>\n<meta property=\"og:description\" content=\"Participarea cet\u0103\u021benilor europeni la loteria c\u0103r\u021bilor verzi din SUA \u00een ultimii ani\" \/>\n<meta property=\"og:url\" content=\"https:\/\/us-gc.net\/ro\/loterie-green-card-europa\/\" \/>\n<meta property=\"og:site_name\" content=\"USA GC\" \/>\n<meta property=\"article:modified_time\" content=\"2024-12-30T09:43:03+00:00\" \/>\n<meta name=\"twitter:card\" content=\"summary_large_image\" \/>\n<meta name=\"twitter:label1\" content=\"Timp estimat pentru citire\" \/>\n\t<meta name=\"twitter:data1\" content=\"2 minute\" \/>\n<script type=\"application\/ld+json\" class=\"yoast-schema-graph\">{\"@context\":\"https:\\\/\\\/schema.org\",\"@graph\":[{\"@type\":\"WebPage\",\"@id\":\"https:\\\/\\\/us-gc.net\\\/ro\\\/loterie-green-card-europa\\\/\",\"url\":\"https:\\\/\\\/us-gc.net\\\/ro\\\/loterie-green-card-europa\\\/\",\"name\":\"Loteria c\u0103r\u021bilor verzi pentru cet\u0103\u021benii europeni - USA GC\",\"isPartOf\":{\"@id\":\"https:\\\/\\\/us-gc.net\\\/ro\\\/#website\"},\"datePublished\":\"2024-02-13T10:11:47+00:00\",\"dateModified\":\"2024-12-30T09:43:03+00:00\",\"description\":\"Participarea cet\u0103\u021benilor europeni la loteria c\u0103r\u021bilor verzi din SUA \u00een ultimii ani\",\"breadcrumb\":{\"@id\":\"https:\\\/\\\/us-gc.net\\\/ro\\\/loterie-green-card-europa\\\/#breadcrumb\"},\"inLanguage\":\"ro-RO\",\"potentialAction\":[{\"@type\":\"ReadAction\",\"target\":[\"https:\\\/\\\/us-gc.net\\\/ro\\\/loterie-green-card-europa\\\/\"]}]},{\"@type\":\"BreadcrumbList\",\"@id\":\"https:\\\/\\\/us-gc.net\\\/ro\\\/loterie-green-card-europa\\\/#breadcrumb\",\"itemListElement\":[{\"@type\":\"ListItem\",\"position\":1,\"name\":\"Accueil\",\"item\":\"https:\\\/\\\/us-gc.net\\\/ro\\\/green-card\\\/\"},{\"@type\":\"ListItem\",\"position\":2,\"name\":\"Loteria c\u0103r\u021bilor verzi pentru cet\u0103\u021benii europeni\"}]},{\"@type\":\"WebSite\",\"@id\":\"https:\\\/\\\/us-gc.net\\\/ro\\\/#website\",\"url\":\"https:\\\/\\\/us-gc.net\\\/ro\\\/\",\"name\":\"USA GC\",\"description\":\"\",\"potentialAction\":[{\"@type\":\"SearchAction\",\"target\":{\"@type\":\"EntryPoint\",\"urlTemplate\":\"https:\\\/\\\/us-gc.net\\\/ro\\\/?s={search_term_string}\"},\"query-input\":{\"@type\":\"PropertyValueSpecification\",\"valueRequired\":true,\"valueName\":\"search_term_string\"}}],\"inLanguage\":\"ro-RO\"}]}<\/script>\n<!-- \/ Yoast SEO plugin. -->","yoast_head_json":{"title":"Loteria c\u0103r\u021bilor verzi pentru cet\u0103\u021benii europeni - USA GC","description":"Participarea cet\u0103\u021benilor europeni la loteria c\u0103r\u021bilor verzi din SUA \u00een ultimii ani","robots":{"index":"index","follow":"follow","max-snippet":"max-snippet:-1","max-image-preview":"max-image-preview:large","max-video-preview":"max-video-preview:-1"},"canonical":"https:\/\/us-gc.net\/ro\/loterie-green-card-europa\/","og_locale":"ro_RO","og_type":"article","og_title":"Loteria c\u0103r\u021bilor verzi pentru cet\u0103\u021benii europeni - USA GC","og_description":"Participarea cet\u0103\u021benilor europeni la loteria c\u0103r\u021bilor verzi din SUA \u00een ultimii ani","og_url":"https:\/\/us-gc.net\/ro\/loterie-green-card-europa\/","og_site_name":"USA GC","article_modified_time":"2024-12-30T09:43:03+00:00","twitter_card":"summary_large_image","twitter_misc":{"Timp estimat pentru citire":"2 minute"},"schema":{"@context":"https:\/\/schema.org","@graph":[{"@type":"WebPage","@id":"https:\/\/us-gc.net\/ro\/loterie-green-card-europa\/","url":"https:\/\/us-gc.net\/ro\/loterie-green-card-europa\/","name":"Loteria c\u0103r\u021bilor verzi pentru cet\u0103\u021benii europeni - USA GC","isPartOf":{"@id":"https:\/\/us-gc.net\/ro\/#website"},"datePublished":"2024-02-13T10:11:47+00:00","dateModified":"2024-12-30T09:43:03+00:00","description":"Participarea cet\u0103\u021benilor europeni la loteria c\u0103r\u021bilor verzi din SUA \u00een ultimii ani","breadcrumb":{"@id":"https:\/\/us-gc.net\/ro\/loterie-green-card-europa\/#breadcrumb"},"inLanguage":"ro-RO","potentialAction":[{"@type":"ReadAction","target":["https:\/\/us-gc.net\/ro\/loterie-green-card-europa\/"]}]},{"@type":"BreadcrumbList","@id":"https:\/\/us-gc.net\/ro\/loterie-green-card-europa\/#breadcrumb","itemListElement":[{"@type":"ListItem","position":1,"name":"Accueil","item":"https:\/\/us-gc.net\/ro\/green-card\/"},{"@type":"ListItem","position":2,"name":"Loteria c\u0103r\u021bilor verzi pentru cet\u0103\u021benii europeni"}]},{"@type":"WebSite","@id":"https:\/\/us-gc.net\/ro\/#website","url":"https:\/\/us-gc.net\/ro\/","name":"USA GC","description":"","potentialAction":[{"@type":"SearchAction","target":{"@type":"EntryPoint","urlTemplate":"https:\/\/us-gc.net\/ro\/?s={search_term_string}"},"query-input":{"@type":"PropertyValueSpecification","valueRequired":true,"valueName":"search_term_string"}}],"inLanguage":"ro-RO"}]}},"_links":{"self":[{"href":"https:\/\/us-gc.net\/ro\/wp-json\/wp\/v2\/pages\/4622","targetHints":{"allow":["GET"]}}],"collection":[{"href":"https:\/\/us-gc.net\/ro\/wp-json\/wp\/v2\/pages"}],"about":[{"href":"https:\/\/us-gc.net\/ro\/wp-json\/wp\/v2\/types\/page"}],"author":[{"embeddable":true,"href":"https:\/\/us-gc.net\/ro\/wp-json\/wp\/v2\/users\/1"}],"replies":[{"embeddable":true,"href":"https:\/\/us-gc.net\/ro\/wp-json\/wp\/v2\/comments?post=4622"}],"version-history":[{"count":1,"href":"https:\/\/us-gc.net\/ro\/wp-json\/wp\/v2\/pages\/4622\/revisions"}],"predecessor-version":[{"id":7842,"href":"https:\/\/us-gc.net\/ro\/wp-json\/wp\/v2\/pages\/4622\/revisions\/7842"}],"wp:attachment":[{"href":"https:\/\/us-gc.net\/ro\/wp-json\/wp\/v2\/media?parent=4622"}],"curies":[{"name":"wp","href":"https:\/\/api.w.org\/{rel}","templated":true}]}}