{"id":4620,"date":"2024-01-31T07:57:06","date_gmt":"2024-01-31T07:57:06","guid":{"rendered":"https:\/\/green-card-usa.net\/loteria-green-card\/"},"modified":"2025-02-21T09:17:40","modified_gmt":"2025-02-21T09:17:40","slug":"loteria-green-card","status":"publish","type":"page","link":"https:\/\/us-gc.net\/ro\/loteria-green-card\/","title":{"rendered":"American Green Card loteria"},"content":{"rendered":"\n<h1 class=\"wp-block-heading\" id=\"h-loterie-americaine-pour-obtenir-une-green-card\">Loteria american\u0103 pentru a ob\u021bine un Green Card<\/h1>\n\n<p>\u00cen fiecare an, peste 50.000 de persoane din \u00eentreaga lume ob\u021bin o Green Card datorit\u0103 loteriei americane. Pentru a c\u00e2\u0219tiga dreptul la Green Card, solicitan\u021bii particip\u0103 la o tragere la sor\u021bi computerizat\u0103, care are loc o dat\u0103 pe an.<\/p>\n\n<p>Lua\u021bi parte <strong>la aceast\u0103 loterie anual\u0103 \u00eenregistr\u00e2ndu-v\u0103<\/strong> online \u00een doar c\u00e2teva minute, f\u0103c\u00e2nd clic pe <a href=\"https:\/\/us-gc.net\/ro\/formular-loteria-green-card\/\">formularul online<\/a>.  <\/p>\n\n<div style=\"height:10px\" aria-hidden=\"true\" class=\"wp-block-spacer\"><\/div>\n\n<h2 class=\"wp-block-heading\" id=\"h-qu-est-ce-que-la-loterie-de-la-green-card\">Ce este loteria Green Card?<\/h2>\n\n<p>Statele Unite au instituit un program de gestionare a diversit\u0103\u021bii imigra\u021biei str\u0103ine. Acest proces se nume\u0219te Programul de vize pentru diversitate. Acesta include o tragere la sor\u021bi anual\u0103 \u00eentre solicitan\u021bii de imigrare \u00een SUA. C\u00e2\u0219tig\u0103torii sunt eligibili pentru a solicita o <a href=\"https:\/\/us-gc.net\/ro\/green-card\/\">Green Card<\/a> \u00een cadrul Programului de vize pentru diversitate.<\/p>\n\n<h2 class=\"wp-block-heading\" id=\"h-quand-se-deroule-la-loterie-de-la-green-card\">C\u00e2nd are loc loteria pentru Green Card?<\/h2>\n\n<p>\u00censcrierile pentru tragerea la sor\u021bi a loteriei Green Card se fac \u00eentr-o perioad\u0103 stabilit\u0103 de administra\u021bia SUA. Aceast\u0103 etap\u0103 de \u00eenregistrare se desf\u0103\u0219oar\u0103 dup\u0103 cum urmeaz\u0103:<\/p>\n\n<ul class=\"wp-block-list\">\n<li>Perioada de \u00eenscriere \u00eencepe \u00een prima s\u0103pt\u0103m\u00e2n\u0103 din octombrie;<\/li>\n\n\n\n<li>\u00censcrierile se \u00eencheie \u00een prima s\u0103pt\u0103m\u00e2n\u0103 din noiembrie.<\/li>\n<\/ul>\n\n<div style=\"height:10px\" aria-hidden=\"true\" class=\"wp-block-spacer\"><\/div>\n\n<p>Extragerea final\u0103 are loc \u00een luna noiembrie a fiec\u0103rui an.<\/p>\n\n<h2 class=\"wp-block-heading\" id=\"h-comment-s-inscrire-a-la-loterie\">Cum pot participa la loterie?<\/h2>\n\n<p>\u00censcrierea se face numai online. \u00cenregistrarea se face \u00een dou\u0103 etape principale:<\/p>\n\n<ul class=\"wp-block-list\">\n<li>Solicitan\u021bii trebuie s\u0103 \u00ee\u0219i verifice eligibilitatea pentru a participa la loteria programului Diversity Visa Program<\/li>\n\n\n\n<li>Solicitan\u021bii trebuie s\u0103 completeze un formular online pentru a se \u00eenscrie la loterie.<\/li>\n<\/ul>\n\n<h3 class=\"wp-block-heading\" id=\"h-verifier-son-eligibilite-pour-participer-a-la-loterie\">Verifica\u021bi dac\u0103 sunte\u021bi eligibil pentru a participa la loterie<\/h3>\n\n<p><strong>Prima condi\u021bie de eligibilitate<\/strong>: prima condi\u021bie pentru a participa la loteria Green Card este s\u0103 nu fi\u021bi cet\u0103\u021bean al unei \u021b\u0103ri care nu este autorizat\u0103 s\u0103 participe.<\/p>\n\n<p>Statele Unite doresc s\u0103 men\u021bin\u0103 o popula\u021bie mixt\u0103 de imigran\u021bi. \u00cen fiecare an, guvernul SUA decide ce <a href=\"https:\/\/us-gc.net\/ro\/tari-nu-avem-permis-de-joc-la-loteria-green-card\/\">\u021b\u0103ri nu au voie s\u0103 participe la loteria Green Card<\/a>. Aceast\u0103 selec\u021bie a \u021b\u0103rilor neparticipante se bazeaz\u0103 pe urm\u0103toarea regul\u0103: Nu pot participa la tragerea la sor\u021bi din acest an cet\u0103\u021benii din \u021b\u0103rile \u00een care peste 50.000 de cet\u0103\u021beni au imigrat \u00een Statele Unite \u00een ultimii cinci ani.<\/p>\n\n<p><strong>A doua condi\u021bie de eligibilitate <\/strong>: candidatul trebuie s\u0103 aib\u0103 diplom\u0103 de bacalaureat sau s\u0103 fi ocupat o func\u021bie de cel pu\u021bin 2 ani \u00een ultimii 5 ani, care necesit\u0103 un nivel de formare sau experien\u021b\u0103 de cel pu\u021bin 2 ani.<\/p>\n\n<h3 class=\"wp-block-heading\" id=\"h-s-inscrire-en-ligne-a-la-loterie\">\u00censcrie\u021bi-v\u0103 la loteria online<\/h3>\n\n<p>V\u0103 pute\u021bi \u00eenscrie online la <a href=\"https:\/\/us-gc.net\/ro\/loteria-cartilor-verzi-din-sua\/\">loteria C\u0103r\u021bii Verzi<\/a> \u00een doar c\u00e2teva minute, complet\u00e2nd <a href=\"https:\/\/us-gc.net\/ro\/formular-loteria-green-card\/\">formularul online<\/a>. <\/p>\n\n<h2 class=\"wp-block-heading\" id=\"h-comment-connaitre-les-resultats-de-la-loterie-de-la-green-card\">Cum pot afla rezultatele loteriei pentru Green Card?<\/h2>\n\n<p><a href=\"https:\/\/us-gc.net\/ro\/rezultate-loteriei-green-card\/\">Rezultatele tragerii la sor\u021bi a Green Card<\/a> sunt publicate \u00een fiecare an, la cel pu\u021bin 6 luni dup\u0103 extragerea din noiembrie. Rezultatele extragerii loteriei sunt publicate online \u00eencep\u00e2nd cu luna mai a anului urm\u0103tor.<\/p>\n\n<p>Departamentul de Stat al SUA, care gestioneaz\u0103 Programul de vize pentru diversitate, public\u0103 online statisticile privind solicitan\u021bii care particip\u0103 la loterie \u00een fiecare an.  <\/p>\n\n<h2 class=\"wp-block-heading\" id=\"h-est-ce-qu-il-y-a-des-quotas-par-pays-pour-la-loterie\">Exist\u0103 cote pe \u021bar\u0103 pentru loterie?<\/h2>\n\n<p>Nu exist\u0103 cote pe \u021bar\u0103 atunci c\u00e2nd v\u0103 \u00eenregistra\u021bi pentru a participa la loteria Green Card. Pe de alt\u0103 parte, programul de vize pentru diversitate stabile\u0219te cote pe \u021b\u0103ri pentru alocarea final\u0103 a vizelor rezultate din programul de diversitate: <strong>cet\u0103\u021benii unei singure \u021b\u0103ri nu pot reprezenta mai mult de 7% din num\u0103rul total de c\u00e2\u0219tig\u0103tori<\/strong>.<\/p>\n\n<p><strong>Exemplu pentru 2023<\/strong>: La un total de 55 000 de c\u0103r\u021bi verzi emise \u00een 2023, nicio \u021bar\u0103 nu poate avea mai mult de 7% din acestea, adic\u0103 maximum 3 850 de c\u0103r\u021bi verzi.<\/p>\n\n<h2 class=\"wp-block-heading\" id=\"h-synthese-des-candidats-ayant-participes-a-la-loterie-de-2019-a-2021\">Rezumat al candida\u021bilor care au participat la loteria din 2019 p\u00e2n\u0103 \u00een 2021<\/h2>\n\n<p>Cele mai recente cifre publicate de Departamentul de Stat al SUA privind num\u0103rul de cereri online pentru loteria Green Card sunt pentru anul 2021. Iat\u0103 un rezumat al particip\u0103rii din 2019 p\u00e2n\u0103 \u00een 2021, defalcat pe zone geografice:  <\/p>\n\n<figure class=\"wp-block-table\"><table><tbody><tr><td><strong>Zone geografice  <\/strong><\/td><td class=\"has-text-align-center\" data-align=\"center\"><strong>2019<\/strong><\/td><td class=\"has-text-align-center\" data-align=\"center\"><strong>2020<\/strong><\/td><td class=\"has-text-align-center\" data-align=\"center\"><strong>2021<\/strong><\/td><\/tr><tr><td><a href=\"https:\/\/us-gc.net\/ro\/loteria-green-card-participare-tari-africa\/\">\u021a\u0103rile africane<\/a><\/td><td class=\"has-text-align-center\" data-align=\"center\">7 832 894<\/td><td class=\"has-text-align-center\" data-align=\"center\">8 145 390<\/td><td class=\"has-text-align-center\" data-align=\"center\">3 100 982<\/td><\/tr><tr><td><a href=\"https:\/\/us-gc.net\/ro\/loteria-green-card-participare-tari-asiatice\/\">\u021a\u0103rile asiatice<\/a><\/td><td class=\"has-text-align-center\" data-align=\"center\">1 871 824<\/td><td class=\"has-text-align-center\" data-align=\"center\">1 952 489<\/td><td class=\"has-text-align-center\" data-align=\"center\">1 281 046<\/td><\/tr><tr><td><a href=\"https:\/\/us-gc.net\/ro\/loterie-green-card-europa\/\">\u021a\u0103ri din Europa<\/a><\/td><td class=\"has-text-align-center\" data-align=\"center\">4 349 555<\/td><td class=\"has-text-align-center\" data-align=\"center\">4 072 324<\/td><td class=\"has-text-align-center\" data-align=\"center\">2 014 089<\/td><\/tr><tr><td>\u021a\u0103rile din America de Nord (Bahamas)<\/td><td class=\"has-text-align-center\" data-align=\"center\">1 506<\/td><td class=\"has-text-align-center\" data-align=\"center\">1 445<\/td><td class=\"has-text-align-center\" data-align=\"center\">937<\/td><\/tr><tr><td>Oceania<\/td><td class=\"has-text-align-center\" data-align=\"center\">23 201<\/td><td class=\"has-text-align-center\" data-align=\"center\">22 722<\/td><td class=\"has-text-align-center\" data-align=\"center\">16 672<\/td><\/tr><tr><td>\u021a\u0103rile din America Central\u0103 \u0219i de Sud<\/td><td class=\"has-text-align-center\" data-align=\"center\">273 033<\/td><td class=\"has-text-align-center\" data-align=\"center\">528 428<\/td><td class=\"has-text-align-center\" data-align=\"center\">327 402<\/td><\/tr><tr><td><strong>Num\u0103rul total de cereri<\/strong><\/td><td class=\"has-text-align-center\" data-align=\"center\"><strong>14 352 013<\/strong><\/td><td class=\"has-text-align-center\" data-align=\"center\"><strong>14 722 798<\/strong><\/td><td class=\"has-text-align-center\" data-align=\"center\"><strong>6 741 128<\/strong><\/td><\/tr><\/tbody><\/table><\/figure>\n\n<p>Aceste statistici au fost compilate din datele publice publicate de Departamentul de Stat pe <a href=\"https:\/\/travel.state.gov\/content\/travel\/en\/us-visas\/immigrate\/diversity-visa-program-entry\/diversity-visa-program-statistics.html\">travel.state.gov<\/a>.<\/p>\n\n<h2 class=\"wp-block-heading\" id=\"h-qu-est-ce-qu-il-se-passe-apres-la-loterie-de-la-green-card\">Ce se \u00eent\u00e2mpl\u0103 dup\u0103 loteria Green Card?<\/h2>\n\n<p>C\u00e2\u0219tig\u0103torii loteriei trebuie s\u0103 urmeze o serie de pa\u0219i dup\u0103 ce au c\u00e2\u0219tigat la loterie. Urm\u0103toarele etape ale procedurii sunt :<\/p>\n\n<ul class=\"wp-block-list\">\n<li>Completa\u021bi <a href=\"https:\/\/travel.state.gov\/content\/travel\/en\/us-visas\/visa-information-resources\/forms\/online-immigrant-visa-forms\/ds-260-faqs.html\">formularul de cerere de viz\u0103 DS-260<\/a>.<\/li>\n\n\n\n<li>Plata <a href=\"https:\/\/us-gc.net\/ro\/premiul-green-card\/\">taxelor necesare pentru ob\u021binerea Green Card<\/a> ca parte a acestei cereri de viz\u0103 obligatorii;<\/li>\n\n\n\n<li>Un <a href=\"https:\/\/us-gc.net\/ro\/green-card-de-intretinere\/\">interviu pentru Green Card<\/a> cu un ofi\u021ber al USCIS pentru Programul de vize pentru diversitate;<\/li>\n\n\n\n<li>Efectua\u021bi un examen medical.<\/li>\n<\/ul>\n\n<div style=\"height:10px\" aria-hidden=\"true\" class=\"wp-block-spacer\"><\/div>\n","protected":false},"excerpt":{"rendered":"<p>Loteria american\u0103 pentru a ob\u021bine un Green Card \u00cen fiecare an, peste 50.000 de persoane din \u00eentreaga lume ob\u021bin o Green Card datorit\u0103 loteriei americane. Pentru a c\u00e2\u0219tiga dreptul la Green Card, solicitan\u021bii particip\u0103 la o tragere la sor\u021bi computerizat\u0103, care are loc o dat\u0103 pe an. Lua\u021bi parte la aceast\u0103 loterie anual\u0103 \u00eenregistr\u00e2ndu-v\u0103 online [&hellip;]<\/p>\n","protected":false},"author":1,"featured_media":0,"parent":0,"menu_order":0,"comment_status":"closed","ping_status":"closed","template":"","meta":{"footnotes":""},"class_list":["post-4620","page","type-page","status-publish","hentry"],"yoast_head":"<!-- This site is optimized with the Yoast SEO plugin v27.4 - https:\/\/yoast.com\/product\/yoast-seo-wordpress\/ -->\n<title>American Green Card loteria - USA GC<\/title>\n<meta name=\"description\" content=\"Participa\u021bi la loteria american\u0103 anual\u0103 pentru a ob\u021bine un Green Card, la fel ca al\u021bi 50.000 de c\u00e2\u0219tig\u0103tori la o tragere la sor\u021bi.\" \/>\n<meta name=\"robots\" content=\"index, follow, max-snippet:-1, max-image-preview:large, max-video-preview:-1\" \/>\n<link rel=\"canonical\" href=\"https:\/\/us-gc.net\/ro\/loteria-green-card\/\" \/>\n<meta property=\"og:locale\" content=\"ro_RO\" \/>\n<meta property=\"og:type\" content=\"article\" \/>\n<meta property=\"og:title\" content=\"American Green Card loteria - USA GC\" \/>\n<meta property=\"og:description\" content=\"Participa\u021bi la loteria american\u0103 anual\u0103 pentru a ob\u021bine un Green Card, la fel ca al\u021bi 50.000 de c\u00e2\u0219tig\u0103tori la o tragere la sor\u021bi.\" \/>\n<meta property=\"og:url\" content=\"https:\/\/us-gc.net\/ro\/loteria-green-card\/\" \/>\n<meta property=\"og:site_name\" content=\"USA GC\" \/>\n<meta property=\"article:modified_time\" content=\"2025-02-21T09:17:40+00:00\" \/>\n<meta name=\"twitter:card\" content=\"summary_large_image\" \/>\n<meta name=\"twitter:label1\" content=\"Timp estimat pentru citire\" \/>\n\t<meta name=\"twitter:data1\" content=\"4 minute\" \/>\n<script type=\"application\/ld+json\" class=\"yoast-schema-graph\">{\"@context\":\"https:\\\/\\\/schema.org\",\"@graph\":[{\"@type\":\"WebPage\",\"@id\":\"https:\\\/\\\/us-gc.net\\\/ro\\\/loteria-green-card\\\/\",\"url\":\"https:\\\/\\\/us-gc.net\\\/ro\\\/loteria-green-card\\\/\",\"name\":\"American Green Card loteria - USA GC\",\"isPartOf\":{\"@id\":\"https:\\\/\\\/us-gc.net\\\/ro\\\/#website\"},\"datePublished\":\"2024-01-31T07:57:06+00:00\",\"dateModified\":\"2025-02-21T09:17:40+00:00\",\"description\":\"Participa\u021bi la loteria american\u0103 anual\u0103 pentru a ob\u021bine un Green Card, la fel ca al\u021bi 50.000 de c\u00e2\u0219tig\u0103tori la o tragere la sor\u021bi.\",\"breadcrumb\":{\"@id\":\"https:\\\/\\\/us-gc.net\\\/ro\\\/loteria-green-card\\\/#breadcrumb\"},\"inLanguage\":\"ro-RO\",\"potentialAction\":[{\"@type\":\"ReadAction\",\"target\":[\"https:\\\/\\\/us-gc.net\\\/ro\\\/loteria-green-card\\\/\"]}]},{\"@type\":\"BreadcrumbList\",\"@id\":\"https:\\\/\\\/us-gc.net\\\/ro\\\/loteria-green-card\\\/#breadcrumb\",\"itemListElement\":[{\"@type\":\"ListItem\",\"position\":1,\"name\":\"Accueil\",\"item\":\"https:\\\/\\\/us-gc.net\\\/ro\\\/green-card\\\/\"},{\"@type\":\"ListItem\",\"position\":2,\"name\":\"American Green Card loteria\"}]},{\"@type\":\"WebSite\",\"@id\":\"https:\\\/\\\/us-gc.net\\\/ro\\\/#website\",\"url\":\"https:\\\/\\\/us-gc.net\\\/ro\\\/\",\"name\":\"USA GC\",\"description\":\"\",\"potentialAction\":[{\"@type\":\"SearchAction\",\"target\":{\"@type\":\"EntryPoint\",\"urlTemplate\":\"https:\\\/\\\/us-gc.net\\\/ro\\\/?s={search_term_string}\"},\"query-input\":{\"@type\":\"PropertyValueSpecification\",\"valueRequired\":true,\"valueName\":\"search_term_string\"}}],\"inLanguage\":\"ro-RO\"}]}<\/script>\n<!-- \/ Yoast SEO plugin. -->","yoast_head_json":{"title":"American Green Card loteria - USA GC","description":"Participa\u021bi la loteria american\u0103 anual\u0103 pentru a ob\u021bine un Green Card, la fel ca al\u021bi 50.000 de c\u00e2\u0219tig\u0103tori la o tragere la sor\u021bi.","robots":{"index":"index","follow":"follow","max-snippet":"max-snippet:-1","max-image-preview":"max-image-preview:large","max-video-preview":"max-video-preview:-1"},"canonical":"https:\/\/us-gc.net\/ro\/loteria-green-card\/","og_locale":"ro_RO","og_type":"article","og_title":"American Green Card loteria - USA GC","og_description":"Participa\u021bi la loteria american\u0103 anual\u0103 pentru a ob\u021bine un Green Card, la fel ca al\u021bi 50.000 de c\u00e2\u0219tig\u0103tori la o tragere la sor\u021bi.","og_url":"https:\/\/us-gc.net\/ro\/loteria-green-card\/","og_site_name":"USA GC","article_modified_time":"2025-02-21T09:17:40+00:00","twitter_card":"summary_large_image","twitter_misc":{"Timp estimat pentru citire":"4 minute"},"schema":{"@context":"https:\/\/schema.org","@graph":[{"@type":"WebPage","@id":"https:\/\/us-gc.net\/ro\/loteria-green-card\/","url":"https:\/\/us-gc.net\/ro\/loteria-green-card\/","name":"American Green Card loteria - USA GC","isPartOf":{"@id":"https:\/\/us-gc.net\/ro\/#website"},"datePublished":"2024-01-31T07:57:06+00:00","dateModified":"2025-02-21T09:17:40+00:00","description":"Participa\u021bi la loteria american\u0103 anual\u0103 pentru a ob\u021bine un Green Card, la fel ca al\u021bi 50.000 de c\u00e2\u0219tig\u0103tori la o tragere la sor\u021bi.","breadcrumb":{"@id":"https:\/\/us-gc.net\/ro\/loteria-green-card\/#breadcrumb"},"inLanguage":"ro-RO","potentialAction":[{"@type":"ReadAction","target":["https:\/\/us-gc.net\/ro\/loteria-green-card\/"]}]},{"@type":"BreadcrumbList","@id":"https:\/\/us-gc.net\/ro\/loteria-green-card\/#breadcrumb","itemListElement":[{"@type":"ListItem","position":1,"name":"Accueil","item":"https:\/\/us-gc.net\/ro\/green-card\/"},{"@type":"ListItem","position":2,"name":"American Green Card loteria"}]},{"@type":"WebSite","@id":"https:\/\/us-gc.net\/ro\/#website","url":"https:\/\/us-gc.net\/ro\/","name":"USA GC","description":"","potentialAction":[{"@type":"SearchAction","target":{"@type":"EntryPoint","urlTemplate":"https:\/\/us-gc.net\/ro\/?s={search_term_string}"},"query-input":{"@type":"PropertyValueSpecification","valueRequired":true,"valueName":"search_term_string"}}],"inLanguage":"ro-RO"}]}},"_links":{"self":[{"href":"https:\/\/us-gc.net\/ro\/wp-json\/wp\/v2\/pages\/4620","targetHints":{"allow":["GET"]}}],"collection":[{"href":"https:\/\/us-gc.net\/ro\/wp-json\/wp\/v2\/pages"}],"about":[{"href":"https:\/\/us-gc.net\/ro\/wp-json\/wp\/v2\/types\/page"}],"author":[{"embeddable":true,"href":"https:\/\/us-gc.net\/ro\/wp-json\/wp\/v2\/users\/1"}],"replies":[{"embeddable":true,"href":"https:\/\/us-gc.net\/ro\/wp-json\/wp\/v2\/comments?post=4620"}],"version-history":[{"count":2,"href":"https:\/\/us-gc.net\/ro\/wp-json\/wp\/v2\/pages\/4620\/revisions"}],"predecessor-version":[{"id":9826,"href":"https:\/\/us-gc.net\/ro\/wp-json\/wp\/v2\/pages\/4620\/revisions\/9826"}],"wp:attachment":[{"href":"https:\/\/us-gc.net\/ro\/wp-json\/wp\/v2\/media?parent=4620"}],"curies":[{"name":"wp","href":"https:\/\/api.w.org\/{rel}","templated":true}]}}