{"id":4618,"date":"2024-01-31T16:27:17","date_gmt":"2024-01-31T16:27:17","guid":{"rendered":"https:\/\/green-card-usa.net\/green-card-de-intretinere\/"},"modified":"2024-12-30T09:41:03","modified_gmt":"2024-12-30T09:41:03","slug":"green-card-de-intretinere","status":"publish","type":"page","link":"https:\/\/us-gc.net\/ro\/green-card-de-intretinere\/","title":{"rendered":"Cum s\u0103 ob\u021bine\u021bi Green Card"},"content":{"rendered":"\n<h1 class=\"wp-block-heading\" id=\"h-comment-preparer-l-entretien-pour-la-green-card\">Cum s\u0103 v\u0103 preg\u0103ti\u021bi pentru interviul pentru Green Card<\/h1>\n\n<h3 class=\"wp-block-heading\" id=\"h-confirmation-du-rendez-vous-pour-passer-l-entretien\">Confirmarea numirii pentru interviu<\/h3>\n\n<p>Dup\u0103 ce autorit\u0103\u021bile americane au analizat formularul DS-260 completat, solicitantul va primi un e-mail prin care va fi informat c\u0103 a fost programat un interviu la ambasada sau la consulatul SUA selectat. Solicitan\u021bii trebuie s\u0103 se conecteze la site-ul web al <a href=\"https:\/\/us-gc.net\/ro\/programul-de-viza-pentru-diversitate\/\">programului Diversity Visa<\/a> folosind num\u0103rul lor de \u00eenregistrare. Aceast\u0103 conexiune le va permite s\u0103 confirme data, ora \u0219i locul interviului.<\/p>\n\n<h3 class=\"wp-block-heading\" id=\"h-preparation-de-l-interview\">Preg\u0103tirea pentru interviu<\/h3>\n\n<p>Preg\u0103tirea pentru interviu este esen\u021bial\u0103. Candidatul trebuie s\u0103 parcurg\u0103 urm\u0103torii pa\u0219i importan\u021bi \u00eenainte de data interviului:<\/p>\n\n<ol class=\"wp-block-list\">\n<li>Examina\u021bi informa\u021biile \u00een calitate de participant pe site-ul web al <a href=\"https:\/\/us-gc.net\/ro\/programul-de-viza-pentru-diversitate\/\">Programului DV<\/a>;<\/li>\n\n\n\n<li>Consulta\u021bi instruc\u021biunile de interviu ale ambasadei unde are loc interviul;<\/li>\n\n\n\n<li>Planificarea \u0219i efectuarea unui examen medical. Trebuie s\u0103 v\u0103 face\u021bi o programare la un medic autorizat \u00een \u021bara \u00een care ve\u021bi fi intervievat. Trebuie s\u0103 trece\u021bi examenul medical, precum \u0219i toate vaccinurile necesare, \u00eenainte de data programat\u0103 pentru interviul pentru viz\u0103. Dup\u0103 finalizarea examin\u0103rii medicale, ve\u021bi primi un plic sigilat pe care \u00eel ve\u021bi aduce la interviul pentru viz\u0103. Unii medici vor trimite rezultatele examin\u0103rii medicale direct ambasadei sau consulatului.<\/li>\n\n\n\n<li>Aduna\u021bi fotografiile \u0219i toate documentele necesare. Fiecare solicitant trebuie s\u0103 aduc\u0103 la interviu dou\u0103 <a href=\"https:\/\/us-gc.net\/ro\/green-card-fotografie\/\">fotografii<\/a> identice <a href=\"https:\/\/us-gc.net\/ro\/green-card-fotografie\/\">cu cartea verde<\/a>.<\/li>\n<\/ol>\n\n<div style=\"height:10px\" aria-hidden=\"true\" class=\"wp-block-spacer\"><\/div>\n\n<h3 class=\"wp-block-heading\" id=\"h-documents-a-fournir-lors-de-l-entretien-pour-la-green-card\">Documentele care trebuie prezentate la interviul pentru Green Card<\/h3>\n\n<p>La interviul de la <a href=\"https:\/\/www.usembassy.gov\/\">Ambasada SUA<\/a>, solicitan\u021bii trebuie s\u0103 prezinte urm\u0103toarele informa\u021bii:<\/p>\n\n<ul class=\"wp-block-list\">\n<li>Informa\u021bii privind programarea tip\u0103rite din contul participantului de pe site-ul web al <a href=\"https:\/\/us-gc.net\/ro\/programul-de-viza-pentru-diversitate\/\">Programului DV<\/a>;<\/li>\n\n\n\n<li>Pagina de confirmare a formularului DS-260 tip\u0103rit ;<\/li>\n\n\n\n<li>Un pa\u0219aport valabil timp de \u0219ase luni de la data planificat\u0103 de intrare \u00een Statele Unite ;<\/li>\n\n\n\n<li>Documente originale sau copii legalizate ale actelor de stare civil\u0103 depuse la Centrul consular din Kentucky \u00een momentul valid\u0103rii formularului DS-260.<\/li>\n<\/ul>\n\n<div style=\"height:10px\" aria-hidden=\"true\" class=\"wp-block-spacer\"><\/div>\n\n<h3 class=\"wp-block-heading\" id=\"h-payer-les-frais-de-visa\">Plata taxelor de viz\u0103<\/h3>\n\n<p>\u00cenainte de interviul de la ambasad\u0103, fiecare solicitant trebuie s\u0103 achite <a href=\"https:\/\/us-gc.net\/ro\/premiul-green-card\/\">taxa pentru viza de diversitate<\/a>. Pentru solicitan\u021bii <a href=\"https:\/\/us-gc.net\/ro\/green-card-loteria-2024\/\">Loteriei Green Card 2024<\/a>: <strong>taxa este de 330 de dolari de persoan\u0103<\/strong>. Aceast\u0103 tax\u0103 nu este rambursabil\u0103, indiferent de rezultatul cererii de viz\u0103 pentru Programul Diversitate.<\/p>\n\n<p>Trebuie s\u0103 v\u0103 achita\u021bi taxele \u00eenainte de data \u0219i ora interviului, urm\u00e2nd instruc\u021biunile ambasadei sau consulatului american unde ve\u021bi fi intervievat.<\/p>\n\n<div style=\"height:10px\" aria-hidden=\"true\" class=\"wp-block-spacer\"><\/div>\n\n<h2 class=\"wp-block-heading\" id=\"h-l-entretien-pour-obtenir-la-green-card-peut-il-etre-annule\">Poate fi anulat interviul pentru Green Card?<\/h2>\n\n<p>Da, interviul pentru <a href=\"https:\/\/us-gc.net\/ro\/\">Green Card<\/a> poate fi anulat sau am\u00e2nat \u00een anumite circumstan\u021be. Iat\u0103 c\u00e2teva motive pentru care se poate \u00eent\u00e2mpla acest lucru:<\/p>\n\n<ul class=\"wp-block-list\">\n<li><strong>Cererea de am\u00e2nare a candidatului<\/strong>: Dac\u0103 ave\u021bi un conflict sau o urgen\u021b\u0103, pute\u021bi cere USCIS s\u0103 v\u0103 am\u00e2ne interviul. Este important s\u0103 furniza\u021bi un motiv valabil \u0219i, dac\u0103 este necesar, dovezi \u00een sprijinul acestuia;<\/li>\n\n\n\n<li><strong>O problem\u0103 administrativ\u0103<\/strong>: USCIS poate anula sau am\u00e2na un interviu dac\u0103 lipsesc documente, dac\u0103 exist\u0103 probleme cu dosarul dvs. sau dac\u0103 func\u021bionarul care se ocup\u0103 de dosarul dvs. nu este disponibil;<\/li>\n\n\n\n<li><strong>Condi\u021bii meteorologice sau dezastre naturale<\/strong>: Evenimente neprev\u0103zute, cum ar fi furtuni puternice sau alte dezastre naturale, pot for\u021ba USCIS s\u0103 \u00ee\u0219i \u00eenchid\u0103 birourile \u0219i s\u0103 anuleze interviurile programate;<\/li>\n\n\n\n<li><strong>Motive de siguran\u021b\u0103 sau de s\u0103n\u0103tate public\u0103<\/strong>: Situa\u021bii precum pandemiile pot duce la anularea interviurilor din motive de siguran\u021b\u0103 sau de s\u0103n\u0103tate public\u0103.<\/li>\n<\/ul>\n\n<p>\u00cen cazul \u00een care interviul dumneavoastr\u0103 este anulat, este esen\u021bial s\u0103 v\u0103 p\u0103stra\u021bi datele de contact actualizate cu USCIS pentru a v\u0103 asigura c\u0103 primi\u021bi toate comunic\u0103rile importante referitoare la cazul dumneavoastr\u0103.<\/p>\n\n<h2 class=\"wp-block-heading\" id=\"h-peut-on-obtenir-la-green-card-sans-passer-l-interview\">Pot ob\u021bine o Green Card f\u0103r\u0103 a sus\u021bine un interviu?<\/h2>\n\n<p>Marea majoritate a solicitan\u021bilor de Green Card trebuie s\u0103 participe la un interviu. Interviul permite USCIS s\u0103 verifice informa\u021biile furnizate \u00een cerere, s\u0103 autentifice documentele \u0219i s\u0103 se asigure c\u0103 solicitantul \u00eendepline\u0219te toate condi\u021biile necesare pentru a deveni rezident permanent.  <\/p>\n\n<p>Cu toate acestea, \u00een anumite circumstan\u021be specifice, este posibil ca \u00eentre\u021binerea s\u0103 nu fie necesar\u0103. Iat\u0103 c\u00e2teva situa\u021bii \u00een care se poate \u00eent\u00e2mpla acest lucru:<\/p>\n\n<ul class=\"wp-block-list\">\n<li><strong>Ajustarea statutului pentru anumite categorii de imigran\u021bi<\/strong>: \u00cen unele cazuri, pentru anumite categorii specifice de imigran\u021bi, USCIS poate decide c\u0103 un interviu nu este necesar \u0219i poate aproba cererea de ajustare a statutului f\u0103r\u0103 interviu. Acest lucru se poate \u00eent\u00e2mpla pentru anumite categorii de vize de munc\u0103, \u00een special dac\u0103 dosarul este deosebit de clar \u0219i complet;<\/li>\n\n\n\n<li><strong>Renun\u021b\u0103ri la interviu<\/strong>: \u00cen cazuri rare, dac\u0103 solicitantul poate demonstra c\u0103 deplasarea pentru interviu ar cauza dificult\u0103\u021bi extreme sau inutile, USCIS poate lua \u00een considerare renun\u021barea la interviu. Aceste situa\u021bii sunt excep\u021bionale;<\/li>\n\n\n\n<li><strong>Experien\u021ba anterioar\u0103<\/strong>: \u00cen perioadele de cerere mare sau de constr\u00e2ngeri opera\u021bionale, USCIS \u0219i-a ajustat uneori practicile prin limitarea interviurilor pentru anumite categorii de solicitan\u021bi. Acest lucru a fost valabil \u00een trecut pentru anumite re\u00eennoiri de Green Card sau ajust\u0103ri de statut care nu au ridicat probleme complexe care s\u0103 necesite un interviu.<\/li>\n\n\n\n<li><strong>Modific\u0103ri de politici ca r\u0103spuns la o criz\u0103<\/strong>: \u00cen timpul unei crize de s\u0103n\u0103tate, cum ar fi pandemia COVID-19, USCIS \u0219i-a adaptat politicile \u0219i procedurile. Num\u0103rul de interviuri necesare a fost redus.<\/li>\n<\/ul>\n\n<div style=\"height:10px\" aria-hidden=\"true\" class=\"wp-block-spacer\"><\/div>\n\n<h2 class=\"wp-block-heading\" id=\"h-combien-de-temps-dure-l-entretien\">C\u00e2t dureaz\u0103 interviul?<\/h2>\n\n<p>Durata interviului pentru ob\u021binerea unei c\u0103r\u021bi verzi poate varia \u00een func\u021bie de o serie de factori. De obicei, dureaz\u0103 \u00eentre 20 de minute \u0219i o or\u0103. Complexitatea cazului, \u00eentreb\u0103rile pe care dore\u0219te s\u0103 le adreseze ofi\u021berul de imigrare \u0219i num\u0103rul de documente care trebuie verificate pot influen\u021ba durata interviului.<\/p>\n\n<p>Este recomandabil s\u0103 ajunge\u021bi la interviu bine preg\u0103ti\u021bi \u0219i gata s\u0103 r\u0103spunde\u021bi complet la toate \u00eentreb\u0103rile. Ar trebui s\u0103 acorda\u021bi suficient timp \u00eenainte \u0219i dup\u0103 interviu pentru orice proceduri administrative suplimentare la fa\u021ba locului.<\/p>\n\n<h2 class=\"wp-block-heading\" id=\"h-combien-de-temps-apres-l-entretien-on-obtient-la-green-card\">C\u00e2t timp dureaz\u0103 ob\u021binerea unei c\u0103r\u021bi verzi dup\u0103 interviu?<\/h2>\n\n<p>Ca regul\u0103 general\u0103, USCIS informeaz\u0103 solicitantul cu privire la decizia privind cererea sa la scurt timp dup\u0103 interviu. \u00cen cazul \u00een care cererea este aprobat\u0103, este posibil s\u0103 dureze c\u00e2teva s\u0103pt\u0103m\u00e2ni p\u00e2n\u0103 la finalizarea produc\u021biei \u0219i expedierii c\u0103r\u021bii verzi. USCIS ofer\u0103 adesea un termen estimativ pentru primirea cardului odat\u0103 ce cererea a fost aprobat\u0103.<\/p>\n\n<p>Este important s\u0103 p\u0103stra\u021bi leg\u0103tura cu USCIS \u0219i s\u0103 monitoriza\u021bi statutul cererii pe site-ul web al <a href=\"https:\/\/us-gc.net\/ro\/programul-de-viza-pentru-diversitate\/\">Programului de vize pentru diversitate<\/a>.<\/p>\n","protected":false},"excerpt":{"rendered":"<p>Cum s\u0103 v\u0103 preg\u0103ti\u021bi pentru interviul pentru Green Card Confirmarea numirii pentru interviu Dup\u0103 ce autorit\u0103\u021bile americane au analizat formularul DS-260 completat, solicitantul va primi un e-mail prin care va fi informat c\u0103 a fost programat un interviu la ambasada sau la consulatul SUA selectat. Solicitan\u021bii trebuie s\u0103 se conecteze la site-ul web al programului [&hellip;]<\/p>\n","protected":false},"author":1,"featured_media":0,"parent":0,"menu_order":0,"comment_status":"closed","ping_status":"closed","template":"","meta":{"footnotes":""},"class_list":["post-4618","page","type-page","status-publish","hentry"],"yoast_head":"<!-- This site is optimized with the Yoast SEO plugin v27.4 - https:\/\/yoast.com\/product\/yoast-seo-wordpress\/ -->\n<title>Cum s\u0103 ob\u021bine\u021bi Green Card - USA GC<\/title>\n<meta name=\"description\" content=\"Cum s\u0103 ave\u021bi un interviu de succes pentru Green Card\" \/>\n<meta name=\"robots\" content=\"index, follow, max-snippet:-1, max-image-preview:large, max-video-preview:-1\" \/>\n<link rel=\"canonical\" href=\"https:\/\/us-gc.net\/ro\/green-card-de-intretinere\/\" \/>\n<meta property=\"og:locale\" content=\"ro_RO\" \/>\n<meta property=\"og:type\" content=\"article\" \/>\n<meta property=\"og:title\" content=\"Cum s\u0103 ob\u021bine\u021bi Green Card - USA GC\" \/>\n<meta property=\"og:description\" content=\"Cum s\u0103 ave\u021bi un interviu de succes pentru Green Card\" \/>\n<meta property=\"og:url\" content=\"https:\/\/us-gc.net\/ro\/green-card-de-intretinere\/\" \/>\n<meta property=\"og:site_name\" content=\"USA GC\" \/>\n<meta property=\"article:modified_time\" content=\"2024-12-30T09:41:03+00:00\" \/>\n<meta name=\"twitter:card\" content=\"summary_large_image\" \/>\n<meta name=\"twitter:label1\" content=\"Timp estimat pentru citire\" \/>\n\t<meta name=\"twitter:data1\" content=\"5 minute\" \/>\n<script type=\"application\/ld+json\" class=\"yoast-schema-graph\">{\"@context\":\"https:\\\/\\\/schema.org\",\"@graph\":[{\"@type\":\"WebPage\",\"@id\":\"https:\\\/\\\/us-gc.net\\\/ro\\\/green-card-de-intretinere\\\/\",\"url\":\"https:\\\/\\\/us-gc.net\\\/ro\\\/green-card-de-intretinere\\\/\",\"name\":\"Cum s\u0103 ob\u021bine\u021bi Green Card - USA GC\",\"isPartOf\":{\"@id\":\"https:\\\/\\\/us-gc.net\\\/ro\\\/#website\"},\"datePublished\":\"2024-01-31T16:27:17+00:00\",\"dateModified\":\"2024-12-30T09:41:03+00:00\",\"description\":\"Cum s\u0103 ave\u021bi un interviu de succes pentru Green Card\",\"breadcrumb\":{\"@id\":\"https:\\\/\\\/us-gc.net\\\/ro\\\/green-card-de-intretinere\\\/#breadcrumb\"},\"inLanguage\":\"ro-RO\",\"potentialAction\":[{\"@type\":\"ReadAction\",\"target\":[\"https:\\\/\\\/us-gc.net\\\/ro\\\/green-card-de-intretinere\\\/\"]}]},{\"@type\":\"BreadcrumbList\",\"@id\":\"https:\\\/\\\/us-gc.net\\\/ro\\\/green-card-de-intretinere\\\/#breadcrumb\",\"itemListElement\":[{\"@type\":\"ListItem\",\"position\":1,\"name\":\"Accueil\",\"item\":\"https:\\\/\\\/us-gc.net\\\/ro\\\/green-card\\\/\"},{\"@type\":\"ListItem\",\"position\":2,\"name\":\"Cum s\u0103 ob\u021bine\u021bi Green Card\"}]},{\"@type\":\"WebSite\",\"@id\":\"https:\\\/\\\/us-gc.net\\\/ro\\\/#website\",\"url\":\"https:\\\/\\\/us-gc.net\\\/ro\\\/\",\"name\":\"USA GC\",\"description\":\"\",\"potentialAction\":[{\"@type\":\"SearchAction\",\"target\":{\"@type\":\"EntryPoint\",\"urlTemplate\":\"https:\\\/\\\/us-gc.net\\\/ro\\\/?s={search_term_string}\"},\"query-input\":{\"@type\":\"PropertyValueSpecification\",\"valueRequired\":true,\"valueName\":\"search_term_string\"}}],\"inLanguage\":\"ro-RO\"}]}<\/script>\n<!-- \/ Yoast SEO plugin. -->","yoast_head_json":{"title":"Cum s\u0103 ob\u021bine\u021bi Green Card - USA GC","description":"Cum s\u0103 ave\u021bi un interviu de succes pentru Green Card","robots":{"index":"index","follow":"follow","max-snippet":"max-snippet:-1","max-image-preview":"max-image-preview:large","max-video-preview":"max-video-preview:-1"},"canonical":"https:\/\/us-gc.net\/ro\/green-card-de-intretinere\/","og_locale":"ro_RO","og_type":"article","og_title":"Cum s\u0103 ob\u021bine\u021bi Green Card - USA GC","og_description":"Cum s\u0103 ave\u021bi un interviu de succes pentru Green Card","og_url":"https:\/\/us-gc.net\/ro\/green-card-de-intretinere\/","og_site_name":"USA GC","article_modified_time":"2024-12-30T09:41:03+00:00","twitter_card":"summary_large_image","twitter_misc":{"Timp estimat pentru citire":"5 minute"},"schema":{"@context":"https:\/\/schema.org","@graph":[{"@type":"WebPage","@id":"https:\/\/us-gc.net\/ro\/green-card-de-intretinere\/","url":"https:\/\/us-gc.net\/ro\/green-card-de-intretinere\/","name":"Cum s\u0103 ob\u021bine\u021bi Green Card - USA GC","isPartOf":{"@id":"https:\/\/us-gc.net\/ro\/#website"},"datePublished":"2024-01-31T16:27:17+00:00","dateModified":"2024-12-30T09:41:03+00:00","description":"Cum s\u0103 ave\u021bi un interviu de succes pentru Green Card","breadcrumb":{"@id":"https:\/\/us-gc.net\/ro\/green-card-de-intretinere\/#breadcrumb"},"inLanguage":"ro-RO","potentialAction":[{"@type":"ReadAction","target":["https:\/\/us-gc.net\/ro\/green-card-de-intretinere\/"]}]},{"@type":"BreadcrumbList","@id":"https:\/\/us-gc.net\/ro\/green-card-de-intretinere\/#breadcrumb","itemListElement":[{"@type":"ListItem","position":1,"name":"Accueil","item":"https:\/\/us-gc.net\/ro\/green-card\/"},{"@type":"ListItem","position":2,"name":"Cum s\u0103 ob\u021bine\u021bi Green Card"}]},{"@type":"WebSite","@id":"https:\/\/us-gc.net\/ro\/#website","url":"https:\/\/us-gc.net\/ro\/","name":"USA GC","description":"","potentialAction":[{"@type":"SearchAction","target":{"@type":"EntryPoint","urlTemplate":"https:\/\/us-gc.net\/ro\/?s={search_term_string}"},"query-input":{"@type":"PropertyValueSpecification","valueRequired":true,"valueName":"search_term_string"}}],"inLanguage":"ro-RO"}]}},"_links":{"self":[{"href":"https:\/\/us-gc.net\/ro\/wp-json\/wp\/v2\/pages\/4618","targetHints":{"allow":["GET"]}}],"collection":[{"href":"https:\/\/us-gc.net\/ro\/wp-json\/wp\/v2\/pages"}],"about":[{"href":"https:\/\/us-gc.net\/ro\/wp-json\/wp\/v2\/types\/page"}],"author":[{"embeddable":true,"href":"https:\/\/us-gc.net\/ro\/wp-json\/wp\/v2\/users\/1"}],"replies":[{"embeddable":true,"href":"https:\/\/us-gc.net\/ro\/wp-json\/wp\/v2\/comments?post=4618"}],"version-history":[{"count":1,"href":"https:\/\/us-gc.net\/ro\/wp-json\/wp\/v2\/pages\/4618\/revisions"}],"predecessor-version":[{"id":7752,"href":"https:\/\/us-gc.net\/ro\/wp-json\/wp\/v2\/pages\/4618\/revisions\/7752"}],"wp:attachment":[{"href":"https:\/\/us-gc.net\/ro\/wp-json\/wp\/v2\/media?parent=4618"}],"curies":[{"name":"wp","href":"https:\/\/api.w.org\/{rel}","templated":true}]}}