{"id":4616,"date":"2024-02-13T09:26:58","date_gmt":"2024-02-13T09:26:58","guid":{"rendered":"https:\/\/green-card-usa.net\/programul-de-viza-pentru-diversitate\/"},"modified":"2024-12-30T09:40:51","modified_gmt":"2024-12-30T09:40:51","slug":"programul-de-viza-pentru-diversitate","status":"publish","type":"page","link":"https:\/\/us-gc.net\/ro\/programul-de-viza-pentru-diversitate\/","title":{"rendered":"Programul american de vize de diversitate"},"content":{"rendered":"\n<h1 class=\"wp-block-heading\" id=\"h-le-diversity-visa-program-des-etats-unis\">Programul de vize pentru diversitate \u00een Statele Unite  <\/h1>\n\n<h2 class=\"wp-block-heading\" id=\"h-qu-est-ce-que-le-diversity-visa-program\">Ce este Programul de vize pentru diversitate?<\/h2>\n\n<p>Programul de vize pentru diversitate este o ini\u021biativ\u0103 a guvernului SUA menit\u0103 s\u0103 diversifice popula\u021bia de imigran\u021bi din SUA. \u00cen fiecare an, peste 50.000 de vize sunt eliberate pentru persoane din \u021b\u0103ri cu rate sc\u0103zute de imigrare \u00een Statele Unite. Programul DV este cunoscut sub numele de <a href=\"https:\/\/us-gc.net\/ro\/loteria-cartilor-verzi-din-sua\/\">loteria c\u0103r\u021bilor verzi<\/a>.<\/p>\n\n<h2 class=\"wp-block-heading\" id=\"h-comment-fonctionne-t-il\">Cum func\u021bioneaz\u0103?<\/h2>\n\n<p>Participarea la Programul de vize pentru diversitate este supus\u0103 unui proces de selec\u021bie aleatorie. Solicitan\u021bii trebuie s\u0103 depun\u0103 o <a href=\"https:\/\/us-gc.net\/ro\/formular-loteria-green-card\/\">cerere online<\/a> p\u00e2n\u0103 la sf\u00e2r\u0219itul lunii octombrie a fiec\u0103rui an. Printre criteriile de eligibilitate se num\u0103r\u0103 posesia unei diplome de studii medii sau a unui document echivalent sau o experien\u021b\u0103 profesional\u0103 de doi ani \u00eentr-un domeniu care necesit\u0103 cel pu\u021bin doi ani de formare sau experien\u021b\u0103 \u00een ultimii cinci ani.<\/p>\n\n<h2 class=\"wp-block-heading\" id=\"h-qui-peut-en-beneficier\">Cine poate beneficia?<\/h2>\n\n<p>Sunt eligibili cet\u0103\u021benii din \u021b\u0103rile cu rate sc\u0103zute de imigrare \u00een Statele Unite. \u00cen fiecare an, Departamentul de Stat al SUA public\u0103 o list\u0103 a <a href=\"https:\/\/us-gc.net\/ro\/tari-nu-avem-permis-de-joc-la-loteria-green-card\/\">\u021b\u0103rilor ai c\u0103ror cet\u0103\u021beni nu sunt eligibili pentru a participa<\/a>. Sunt excluse persoanele din \u021b\u0103rile cu o rat\u0103 ridicat\u0103 de imigrare \u00een Statele Unite. Pute\u021bi consulta statisticile noastre pe paginile noastre dedicate:<\/p>\n\n<ul class=\"wp-block-list\">\n<li><a href=\"https:\/\/us-gc.net\/ro\/loterie-green-card-europa\/\">Carte verde pentru cet\u0103\u021benii europeni<\/a><\/li>\n\n\n\n<li><a href=\"https:\/\/us-gc.net\/ro\/loteria-green-card-participare-tari-africa\/\">Carte verde pentru cet\u0103\u021benii africani<\/a><\/li>\n\n\n\n<li><a href=\"https:\/\/us-gc.net\/ro\/loteria-green-card-participare-tari-asiatice\/\">Carte verde pentru cet\u0103\u021benii asiatici<\/a><\/li>\n<\/ul>\n\n<div style=\"height:10px\" aria-hidden=\"true\" class=\"wp-block-spacer\"><\/div>\n\n<h2 class=\"wp-block-heading\" id=\"h-qu-apporte-le-programme\">Ce ofer\u0103 programul?<\/h2>\n\n<p>Programul de vize pentru diversitate ofer\u0103 o oportunitate unic\u0103 de a ob\u021bine reziden\u021b\u0103 permanent\u0103 \u00een Statele Unite, deschiz\u00e2nd calea c\u0103tre angajare, educa\u021bie \u0219i posibilitatea de a deveni cet\u0103\u021bean american dup\u0103 cinci ani. Este o \u0219ans\u0103 pentru beneficiari de a experimenta visul american \u0219i de a contribui la diversitatea cultural\u0103 a Statelor Unite.<\/p>\n\n<h2 class=\"wp-block-heading\" id=\"h-qu-est-ce-que-la-loterie-du-dv\">Ce este loteria DV?<\/h2>\n\n<p><a href=\"https:\/\/us-gc.net\/ro\/loteria-green-card\/\">Loteria DV Green Card<\/a> este procesul de selec\u021bie care se afl\u0103 \u00een centrul Programului de vize pentru diversitate. \u00censcrierile se fac prin intermediul unui <a href=\"https:\/\/us-gc.net\/ro\/formular-loteria-green-card\/\">formular online<\/a> \u00een ultimul trimestru al fiec\u0103rui an. <a href=\"https:\/\/us-gc.net\/ro\/rezultate-loteriei-green-card\/\">Rezultatele loteriei<\/a> sunt publicate 6 luni mai t\u00e2rziu. C\u00e2\u0219tig\u0103torii sunt ale\u0219i la \u00eent\u00e2mplare dintre to\u021bi participan\u021bii eligibili. Acest proces asigur\u0103 c\u0103 to\u021bi participan\u021bii au \u0219anse egale de c\u00e2\u0219tig, indiferent de statutul lor social, economic sau educa\u021bional.<\/p>\n\n<p><\/p>\n","protected":false},"excerpt":{"rendered":"<p>Programul de vize pentru diversitate \u00een Statele Unite Ce este Programul de vize pentru diversitate? Programul de vize pentru diversitate este o ini\u021biativ\u0103 a guvernului SUA menit\u0103 s\u0103 diversifice popula\u021bia de imigran\u021bi din SUA. \u00cen fiecare an, peste 50.000 de vize sunt eliberate pentru persoane din \u021b\u0103ri cu rate sc\u0103zute de imigrare \u00een Statele Unite. [&hellip;]<\/p>\n","protected":false},"author":1,"featured_media":0,"parent":0,"menu_order":0,"comment_status":"closed","ping_status":"closed","template":"","meta":{"footnotes":""},"class_list":["post-4616","page","type-page","status-publish","hentry"],"yoast_head":"<!-- This site is optimized with the Yoast SEO plugin v27.4 - https:\/\/yoast.com\/product\/yoast-seo-wordpress\/ -->\n<title>Programul american de vize de diversitate - USA GC<\/title>\n<meta name=\"robots\" content=\"index, follow, max-snippet:-1, max-image-preview:large, max-video-preview:-1\" \/>\n<link rel=\"canonical\" href=\"https:\/\/us-gc.net\/ro\/programul-de-viza-pentru-diversitate\/\" \/>\n<meta property=\"og:locale\" content=\"ro_RO\" \/>\n<meta property=\"og:type\" content=\"article\" \/>\n<meta property=\"og:title\" content=\"Programul american de vize de diversitate - USA GC\" \/>\n<meta property=\"og:description\" content=\"Programul de vize pentru diversitate \u00een Statele Unite Ce este Programul de vize pentru diversitate? Programul de vize pentru diversitate este o ini\u021biativ\u0103 a guvernului SUA menit\u0103 s\u0103 diversifice popula\u021bia de imigran\u021bi din SUA. \u00cen fiecare an, peste 50.000 de vize sunt eliberate pentru persoane din \u021b\u0103ri cu rate sc\u0103zute de imigrare \u00een Statele Unite. [&hellip;]\" \/>\n<meta property=\"og:url\" content=\"https:\/\/us-gc.net\/ro\/programul-de-viza-pentru-diversitate\/\" \/>\n<meta property=\"og:site_name\" content=\"USA GC\" \/>\n<meta property=\"article:modified_time\" content=\"2024-12-30T09:40:51+00:00\" \/>\n<meta name=\"twitter:card\" content=\"summary_large_image\" \/>\n<meta name=\"twitter:label1\" content=\"Timp estimat pentru citire\" \/>\n\t<meta name=\"twitter:data1\" content=\"2 minute\" \/>\n<script type=\"application\/ld+json\" class=\"yoast-schema-graph\">{\"@context\":\"https:\\\/\\\/schema.org\",\"@graph\":[{\"@type\":\"WebPage\",\"@id\":\"https:\\\/\\\/us-gc.net\\\/ro\\\/programul-de-viza-pentru-diversitate\\\/\",\"url\":\"https:\\\/\\\/us-gc.net\\\/ro\\\/programul-de-viza-pentru-diversitate\\\/\",\"name\":\"Programul american de vize de diversitate - USA GC\",\"isPartOf\":{\"@id\":\"https:\\\/\\\/us-gc.net\\\/ro\\\/#website\"},\"datePublished\":\"2024-02-13T09:26:58+00:00\",\"dateModified\":\"2024-12-30T09:40:51+00:00\",\"breadcrumb\":{\"@id\":\"https:\\\/\\\/us-gc.net\\\/ro\\\/programul-de-viza-pentru-diversitate\\\/#breadcrumb\"},\"inLanguage\":\"ro-RO\",\"potentialAction\":[{\"@type\":\"ReadAction\",\"target\":[\"https:\\\/\\\/us-gc.net\\\/ro\\\/programul-de-viza-pentru-diversitate\\\/\"]}]},{\"@type\":\"BreadcrumbList\",\"@id\":\"https:\\\/\\\/us-gc.net\\\/ro\\\/programul-de-viza-pentru-diversitate\\\/#breadcrumb\",\"itemListElement\":[{\"@type\":\"ListItem\",\"position\":1,\"name\":\"Accueil\",\"item\":\"https:\\\/\\\/us-gc.net\\\/ro\\\/green-card\\\/\"},{\"@type\":\"ListItem\",\"position\":2,\"name\":\"Programul american de vize de diversitate\"}]},{\"@type\":\"WebSite\",\"@id\":\"https:\\\/\\\/us-gc.net\\\/ro\\\/#website\",\"url\":\"https:\\\/\\\/us-gc.net\\\/ro\\\/\",\"name\":\"USA GC\",\"description\":\"\",\"potentialAction\":[{\"@type\":\"SearchAction\",\"target\":{\"@type\":\"EntryPoint\",\"urlTemplate\":\"https:\\\/\\\/us-gc.net\\\/ro\\\/?s={search_term_string}\"},\"query-input\":{\"@type\":\"PropertyValueSpecification\",\"valueRequired\":true,\"valueName\":\"search_term_string\"}}],\"inLanguage\":\"ro-RO\"}]}<\/script>\n<!-- \/ Yoast SEO plugin. -->","yoast_head_json":{"title":"Programul american de vize de diversitate - USA GC","robots":{"index":"index","follow":"follow","max-snippet":"max-snippet:-1","max-image-preview":"max-image-preview:large","max-video-preview":"max-video-preview:-1"},"canonical":"https:\/\/us-gc.net\/ro\/programul-de-viza-pentru-diversitate\/","og_locale":"ro_RO","og_type":"article","og_title":"Programul american de vize de diversitate - USA GC","og_description":"Programul de vize pentru diversitate \u00een Statele Unite Ce este Programul de vize pentru diversitate? Programul de vize pentru diversitate este o ini\u021biativ\u0103 a guvernului SUA menit\u0103 s\u0103 diversifice popula\u021bia de imigran\u021bi din SUA. \u00cen fiecare an, peste 50.000 de vize sunt eliberate pentru persoane din \u021b\u0103ri cu rate sc\u0103zute de imigrare \u00een Statele Unite. [&hellip;]","og_url":"https:\/\/us-gc.net\/ro\/programul-de-viza-pentru-diversitate\/","og_site_name":"USA GC","article_modified_time":"2024-12-30T09:40:51+00:00","twitter_card":"summary_large_image","twitter_misc":{"Timp estimat pentru citire":"2 minute"},"schema":{"@context":"https:\/\/schema.org","@graph":[{"@type":"WebPage","@id":"https:\/\/us-gc.net\/ro\/programul-de-viza-pentru-diversitate\/","url":"https:\/\/us-gc.net\/ro\/programul-de-viza-pentru-diversitate\/","name":"Programul american de vize de diversitate - USA GC","isPartOf":{"@id":"https:\/\/us-gc.net\/ro\/#website"},"datePublished":"2024-02-13T09:26:58+00:00","dateModified":"2024-12-30T09:40:51+00:00","breadcrumb":{"@id":"https:\/\/us-gc.net\/ro\/programul-de-viza-pentru-diversitate\/#breadcrumb"},"inLanguage":"ro-RO","potentialAction":[{"@type":"ReadAction","target":["https:\/\/us-gc.net\/ro\/programul-de-viza-pentru-diversitate\/"]}]},{"@type":"BreadcrumbList","@id":"https:\/\/us-gc.net\/ro\/programul-de-viza-pentru-diversitate\/#breadcrumb","itemListElement":[{"@type":"ListItem","position":1,"name":"Accueil","item":"https:\/\/us-gc.net\/ro\/green-card\/"},{"@type":"ListItem","position":2,"name":"Programul american de vize de diversitate"}]},{"@type":"WebSite","@id":"https:\/\/us-gc.net\/ro\/#website","url":"https:\/\/us-gc.net\/ro\/","name":"USA GC","description":"","potentialAction":[{"@type":"SearchAction","target":{"@type":"EntryPoint","urlTemplate":"https:\/\/us-gc.net\/ro\/?s={search_term_string}"},"query-input":{"@type":"PropertyValueSpecification","valueRequired":true,"valueName":"search_term_string"}}],"inLanguage":"ro-RO"}]}},"_links":{"self":[{"href":"https:\/\/us-gc.net\/ro\/wp-json\/wp\/v2\/pages\/4616","targetHints":{"allow":["GET"]}}],"collection":[{"href":"https:\/\/us-gc.net\/ro\/wp-json\/wp\/v2\/pages"}],"about":[{"href":"https:\/\/us-gc.net\/ro\/wp-json\/wp\/v2\/types\/page"}],"author":[{"embeddable":true,"href":"https:\/\/us-gc.net\/ro\/wp-json\/wp\/v2\/users\/1"}],"replies":[{"embeddable":true,"href":"https:\/\/us-gc.net\/ro\/wp-json\/wp\/v2\/comments?post=4616"}],"version-history":[{"count":1,"href":"https:\/\/us-gc.net\/ro\/wp-json\/wp\/v2\/pages\/4616\/revisions"}],"predecessor-version":[{"id":7730,"href":"https:\/\/us-gc.net\/ro\/wp-json\/wp\/v2\/pages\/4616\/revisions\/7730"}],"wp:attachment":[{"href":"https:\/\/us-gc.net\/ro\/wp-json\/wp\/v2\/media?parent=4616"}],"curies":[{"name":"wp","href":"https:\/\/api.w.org\/{rel}","templated":true}]}}