{"id":4613,"date":"2024-01-30T17:24:00","date_gmt":"2024-01-30T17:24:00","guid":{"rendered":"https:\/\/green-card-usa.net\/green-card\/"},"modified":"2024-12-30T09:40:07","modified_gmt":"2024-12-30T09:40:07","slug":"green-card","status":"publish","type":"page","link":"https:\/\/us-gc.net\/ro\/","title":{"rendered":"Carte verde SUA | Carte de rezident permanent"},"content":{"rendered":"\n<h1 class=\"wp-block-heading\" id=\"h-la-green-card-pour-resider-aux-etats-unis\">Cartea verde pentru a locui \u00een Statele Unite<\/h1>\n\n<p>Statele Unite ale Americii este cea mai c\u0103utat\u0103 \u021bar\u0103 din lume de c\u0103tre cet\u0103\u021benii str\u0103ini care doresc s\u0103 emigreze. Cartea verde este o oportunitate pentru mul\u021bi str\u0103ini de a ob\u021bine dreptul de a tr\u0103i \u0219i de a munci \u00een Statele Unite.<\/p>\n\n<h2 class=\"wp-block-heading\" id=\"h-qu-est-ce-que-la-green-card\">Ce este Cartea Verde?<\/h2>\n\n<p>Cartea verde este un permis de \u0219edere permanent\u0103 \u00een Statele Unite. Acesta permite cet\u0103\u021benilor str\u0103ini s\u0103 locuiasc\u0103 \u0219i s\u0103 lucreze permanent \u00een Statele Unite. Condi\u021biile de ob\u021binere a c\u0103r\u021bii verzi depind de motivul pentru care se depune cererea.<\/p>\n\n<h2 class=\"wp-block-heading\" id=\"h-quelle-est-son-utilite\">Care este scopul s\u0103u?<\/h2>\n\n<p>Utilitatea c\u0103r\u021bii verzi const\u0103 \u00een accesul pe care \u00eel ofer\u0103 la Statele Unite \u0219i la vasta sa pia\u021b\u0103 a for\u021bei de munc\u0103. \u00cen fiecare an, sute de mii de solicitan\u021bi sper\u0103 s\u0103 ob\u021bin\u0103 o Carte Verde pentru a veni \u0219i a lucra \u00een Statele Unite.<\/p>\n\n<h2 class=\"wp-block-heading\" id=\"h-comment-obtenir-une-green-card\">Cum pot ob\u021bine o Carte Verde?<\/h2>\n\n<p>Exist\u0103 mai multe modalit\u0103\u021bi de ob\u021binere a unei c\u0103r\u021bi verzi. Procedura de ob\u021binere a cardului depinde de motivul pentru care solicitantul solicit\u0103 un card de rezident \u00een SUA. Iat\u0103 care sunt cele patru motive principale pentru ob\u021binerea unei c\u0103r\u021bi verzi:<\/p>\n\n<ul class=\"wp-block-list\">\n<li><a href=\"https:\/\/us-gc.net\/ro\/green-card-pentru-angajare\/\">Green Card bazat\u0103 pe ocuparea<\/a> for\u021bei de munc\u0103<\/li>\n\n\n\n<li><a href=\"https:\/\/us-gc.net\/ro\/green-card-de-nunta\/\">Green Card prin c\u0103s\u0103torie <\/a><\/li>\n\n\n\n<li><a href=\"https:\/\/us-gc.net\/ro\/green-card-sponsorizare\/\">Green Card prin sponsorizarea<\/a> de c\u0103tre un membru al familiei sau o companie<\/li>\n\n\n\n<li>Participarea la <a href=\"https:\/\/us-gc.net\/ro\/loteria-green-card\/\">Loteria pentru Green Card<\/a><\/li>\n<\/ul>\n\n<div style=\"height:10px\" aria-hidden=\"true\" class=\"wp-block-spacer\"><\/div>\n\n<p>Fiecare procedur\u0103 este diferit\u0103 \u00een ceea ce prive\u0219te documenta\u021bia \u0219i condi\u021biile necesare pentru ob\u021binerea c\u0103r\u021bii verzi.  <\/p>\n\n<h2 class=\"wp-block-heading\" id=\"h-quand-effectuer-la-demande-d-une-green-card\">C\u00e2nd ar trebui s\u0103 aplic pentru o Carte Verde?<\/h2>\n\n<p>Exist\u0103 dou\u0103 situa\u021bii diferite, \u00een func\u021bie de tipul de Carte Verde solicitat.  <\/p>\n\n<ol class=\"wp-block-list\">\n<li>Toate cererile de Carte Verde, fie c\u0103 se bazeaz\u0103 pe angajare, sponsorizare sau c\u0103s\u0103torie, pot fi depuse \u00een orice moment al anului. Imediat ce cererea este complet\u0103, dosarul este analizat.<\/li>\n\n\n\n<li><a href=\"https:\/\/us-gc.net\/ro\/loteria-cartilor-verzi-din-sua\/\">Loteria american\u0103 a c\u0103r\u021bilor verzi<\/a> are loc doar o dat\u0103 pe an. Tragerea la sor\u021bi care va avea loc la sf\u00e2r\u0219itul anului 2024 se refer\u0103 la alocarea <a href=\"https:\/\/us-gc.net\/ro\/loteria-green-card-2026\/\">loteriei pentru Green Card din 2026<\/a>. \u00censcrierea la loterie trebuie finalizat\u0103 p\u00e2n\u0103 \u00een prima s\u0103pt\u0103m\u00e2n\u0103 a lunii noiembrie a fiec\u0103rui an. \u00cen cursul anului 2024, USCIS va finaliza procesul de atribuire a c\u0103r\u021bilor verzi c\u00e2\u0219tigate \u00een cadrul campaniei <a href=\"https:\/\/us-gc.net\/ro\/green-card-loteria-2024\/\">loteriei de Green Card din 2024<\/a>. De asemenea, continu\u0103 s\u0103 proceseze rezultatele tragerii la sor\u021bi a <a href=\"https:\/\/us-gc.net\/ro\/loteria-green-card-2025\/\">loteriei Green Card 2025<\/a>.<\/li>\n<\/ol>\n\n<div style=\"height:10px\" aria-hidden=\"true\" class=\"wp-block-spacer\"><\/div>\n\n<p>\u00cen toate cazurile, procesul de ob\u021binere a unei <a href=\"https:\/\/us-gc.net\/ro\/green-card-de-intretinere\/\">Green Card include un interviu<\/a> cu un ofi\u021ber USCIS. Solicitan\u021bii trebuie s\u0103 aduc\u0103 la \u00eent\u00e2lnire documentele justificative originale pentru cererea de Carte Verde.<\/p>\n\n<h2 class=\"wp-block-heading\" id=\"h-comment-renouveler-une-green-card\">Cum se re\u00eennoie\u0219te o Carte Verde?<\/h2>\n\n<p>Pentru a re\u00eennoi o Carte Verde, trebuie s\u0103 depune\u021bi un formular I-90 la USCIS \u00eenainte de expirarea c\u0103r\u021bii actuale, de obicei la fiecare 10 ani.<\/p>\n\n<h2 class=\"wp-block-heading\" id=\"h-a-quoi-ressemble-une-green-card\">Cum arat\u0103 o Carte Verde?<\/h2>\n\n<p>Dup\u0103 cum sugereaz\u0103 \u0219i numele s\u0103u, cartea verde este o carte verde. Seam\u0103n\u0103 cu o carte de identitate cu o fotografie a titularului. Aceast\u0103 <a href=\"https:\/\/us-gc.net\/ro\/green-card-fotografie\/\">fotografie a C\u0103r\u021bii Verzi<\/a> are dimensiuni specifice, a\u0219a cum se arat\u0103 \u00een imaginea de mai jos. Acesta trebuie s\u0103 fie mai vechi de 6 luni \u00een momentul \u00een care este utilizat pentru eliberarea c\u0103r\u021bii verzi.<\/p>\n\n<figure class=\"wp-block-image size-full\"><img decoding=\"async\" src=\"https:\/\/us-gc.net\/wp-content\/uploads\/2024\/05\/Green-card-2024-1.jpg\" alt=\"imagine a unei c&#x103;r&#x21B;i verzi valabile &#xEE;n 2024\" class=\"wp-image-4848\"\/><figcaption class=\"wp-element-caption\">Imaginea unei c\u0103r\u021bi verzi pentru SUA<\/figcaption><\/figure>\n\n<h2 class=\"wp-block-heading\" id=\"h-combien-coute-une-green-card\">C\u00e2t cost\u0103 o Carte Verde?<\/h2>\n\n<p>Procedura de ob\u021binere a c\u0103r\u021bii verzi include plata unor taxe administrative obligatorii. <a href=\"https:\/\/us-gc.net\/ro\/premiul-green-card\/\">Taxele pentru Green Card<\/a> variaz\u0103 \u00een func\u021bie de tipul de Carte Verde solicitat.<\/p>\n\n<h2 class=\"wp-block-heading\" id=\"h-peut-on-voyager-avec-une-green-card\">Pot c\u0103l\u0103tori cu o Carte Verde?<\/h2>\n\n<p>Posesorii de Carte Verde pot c\u0103l\u0103tori \u00een anumite \u021b\u0103ri din \u00eentreaga lume cu acelea\u0219i facilit\u0103\u021bi ca \u0219i posesorii de pa\u0219apoarte americane. Aceast\u0103 posibilitate de a <a href=\"https:\/\/us-gc.net\/ro\/calatorii-si-calatorii-in-strainatate-cu-green-card\/\">c\u0103l\u0103tori cu Green Card<\/a> se aplic\u0103 numai \u00een anumite \u021b\u0103ri care au semnat acorduri specifice cu Statele Unite. Principalele \u021b\u0103ri partenere sunt vecini geografici, cum ar fi Canada \u0219i Mexic.<\/p>\n","protected":false},"excerpt":{"rendered":"<p>Cartea verde pentru a locui \u00een Statele Unite Statele Unite ale Americii este cea mai c\u0103utat\u0103 \u021bar\u0103 din lume de c\u0103tre cet\u0103\u021benii str\u0103ini care doresc s\u0103 emigreze. Cartea verde este o oportunitate pentru mul\u021bi str\u0103ini de a ob\u021bine dreptul de a tr\u0103i \u0219i de a munci \u00een Statele Unite. Ce este Cartea Verde? Cartea verde [&hellip;]<\/p>\n","protected":false},"author":1,"featured_media":0,"parent":0,"menu_order":0,"comment_status":"closed","ping_status":"closed","template":"","meta":{"footnotes":""},"class_list":["post-4613","page","type-page","status-publish","hentry"],"yoast_head":"<!-- This site is optimized with the Yoast SEO plugin v27.4 - https:\/\/yoast.com\/product\/yoast-seo-wordpress\/ -->\n<title>Carte verde SUA | Carte de rezident permanent - USA GC<\/title>\n<meta name=\"description\" content=\"Cartea verde este un permis de \u0219edere permanent\u0103 \u00een Statele Unite. Exist\u0103 mai multe modalit\u0103\u021bi de a ob\u021bine un permis de \u0219edere pentru a locui \u0219i a lucra \u00een SUA\" \/>\n<meta name=\"robots\" content=\"index, follow, max-snippet:-1, max-image-preview:large, max-video-preview:-1\" \/>\n<link rel=\"canonical\" href=\"https:\/\/us-gc.net\/ro\/\" \/>\n<meta property=\"og:locale\" content=\"ro_RO\" \/>\n<meta property=\"og:type\" content=\"article\" \/>\n<meta property=\"og:title\" content=\"Carte verde SUA | Carte de rezident permanent - USA GC\" \/>\n<meta property=\"og:description\" content=\"Cartea verde este un permis de \u0219edere permanent\u0103 \u00een Statele Unite. Exist\u0103 mai multe modalit\u0103\u021bi de a ob\u021bine un permis de \u0219edere pentru a locui \u0219i a lucra \u00een SUA\" \/>\n<meta property=\"og:url\" content=\"https:\/\/us-gc.net\/ro\/\" \/>\n<meta property=\"og:site_name\" content=\"USA GC\" \/>\n<meta property=\"article:modified_time\" content=\"2024-12-30T09:40:07+00:00\" \/>\n<meta property=\"og:image\" content=\"https:\/\/us-gc.net\/wp-content\/uploads\/2024\/05\/Green-card-2024-1.jpg\" \/>\n<meta name=\"twitter:card\" content=\"summary_large_image\" \/>\n<meta name=\"twitter:label1\" content=\"Timp estimat pentru citire\" \/>\n\t<meta name=\"twitter:data1\" content=\"3 minute\" \/>\n<script type=\"application\/ld+json\" class=\"yoast-schema-graph\">{\"@context\":\"https:\\\/\\\/schema.org\",\"@graph\":[{\"@type\":\"WebPage\",\"@id\":\"https:\\\/\\\/us-gc.net\\\/ro\\\/\",\"url\":\"https:\\\/\\\/us-gc.net\\\/ro\\\/\",\"name\":\"Carte verde SUA | Carte de rezident permanent - USA GC\",\"isPartOf\":{\"@id\":\"https:\\\/\\\/us-gc.net\\\/ro\\\/#website\"},\"primaryImageOfPage\":{\"@id\":\"https:\\\/\\\/us-gc.net\\\/ro\\\/#primaryimage\"},\"image\":{\"@id\":\"https:\\\/\\\/us-gc.net\\\/ro\\\/#primaryimage\"},\"thumbnailUrl\":\"https:\\\/\\\/us-gc.net\\\/wp-content\\\/uploads\\\/2024\\\/05\\\/Green-card-2024-1.jpg\",\"datePublished\":\"2024-01-30T17:24:00+00:00\",\"dateModified\":\"2024-12-30T09:40:07+00:00\",\"description\":\"Cartea verde este un permis de \u0219edere permanent\u0103 \u00een Statele Unite. Exist\u0103 mai multe modalit\u0103\u021bi de a ob\u021bine un permis de \u0219edere pentru a locui \u0219i a lucra \u00een SUA\",\"breadcrumb\":{\"@id\":\"https:\\\/\\\/us-gc.net\\\/ro\\\/#breadcrumb\"},\"inLanguage\":\"ro-RO\",\"potentialAction\":[{\"@type\":\"ReadAction\",\"target\":[\"https:\\\/\\\/us-gc.net\\\/ro\\\/\"]}]},{\"@type\":\"ImageObject\",\"inLanguage\":\"ro-RO\",\"@id\":\"https:\\\/\\\/us-gc.net\\\/ro\\\/#primaryimage\",\"url\":\"https:\\\/\\\/us-gc.net\\\/wp-content\\\/uploads\\\/2024\\\/05\\\/Green-card-2024-1.jpg\",\"contentUrl\":\"https:\\\/\\\/us-gc.net\\\/wp-content\\\/uploads\\\/2024\\\/05\\\/Green-card-2024-1.jpg\"},{\"@type\":\"BreadcrumbList\",\"@id\":\"https:\\\/\\\/us-gc.net\\\/ro\\\/#breadcrumb\",\"itemListElement\":[{\"@type\":\"ListItem\",\"position\":1,\"name\":\"Accueil\",\"item\":\"https:\\\/\\\/us-gc.net\\\/ro\\\/green-card\\\/\"},{\"@type\":\"ListItem\",\"position\":2,\"name\":\"Carte verde SUA | Carte de rezident permanent\"}]},{\"@type\":\"WebSite\",\"@id\":\"https:\\\/\\\/us-gc.net\\\/ro\\\/#website\",\"url\":\"https:\\\/\\\/us-gc.net\\\/ro\\\/\",\"name\":\"USA GC\",\"description\":\"\",\"potentialAction\":[{\"@type\":\"SearchAction\",\"target\":{\"@type\":\"EntryPoint\",\"urlTemplate\":\"https:\\\/\\\/us-gc.net\\\/ro\\\/?s={search_term_string}\"},\"query-input\":{\"@type\":\"PropertyValueSpecification\",\"valueRequired\":true,\"valueName\":\"search_term_string\"}}],\"inLanguage\":\"ro-RO\"}]}<\/script>\n<!-- \/ Yoast SEO plugin. -->","yoast_head_json":{"title":"Carte verde SUA | Carte de rezident permanent - USA GC","description":"Cartea verde este un permis de \u0219edere permanent\u0103 \u00een Statele Unite. Exist\u0103 mai multe modalit\u0103\u021bi de a ob\u021bine un permis de \u0219edere pentru a locui \u0219i a lucra \u00een SUA","robots":{"index":"index","follow":"follow","max-snippet":"max-snippet:-1","max-image-preview":"max-image-preview:large","max-video-preview":"max-video-preview:-1"},"canonical":"https:\/\/us-gc.net\/ro\/","og_locale":"ro_RO","og_type":"article","og_title":"Carte verde SUA | Carte de rezident permanent - USA GC","og_description":"Cartea verde este un permis de \u0219edere permanent\u0103 \u00een Statele Unite. Exist\u0103 mai multe modalit\u0103\u021bi de a ob\u021bine un permis de \u0219edere pentru a locui \u0219i a lucra \u00een SUA","og_url":"https:\/\/us-gc.net\/ro\/","og_site_name":"USA GC","article_modified_time":"2024-12-30T09:40:07+00:00","og_image":[{"url":"https:\/\/us-gc.net\/wp-content\/uploads\/2024\/05\/Green-card-2024-1.jpg","type":"","width":"","height":""}],"twitter_card":"summary_large_image","twitter_misc":{"Timp estimat pentru citire":"3 minute"},"schema":{"@context":"https:\/\/schema.org","@graph":[{"@type":"WebPage","@id":"https:\/\/us-gc.net\/ro\/","url":"https:\/\/us-gc.net\/ro\/","name":"Carte verde SUA | Carte de rezident permanent - USA GC","isPartOf":{"@id":"https:\/\/us-gc.net\/ro\/#website"},"primaryImageOfPage":{"@id":"https:\/\/us-gc.net\/ro\/#primaryimage"},"image":{"@id":"https:\/\/us-gc.net\/ro\/#primaryimage"},"thumbnailUrl":"https:\/\/us-gc.net\/wp-content\/uploads\/2024\/05\/Green-card-2024-1.jpg","datePublished":"2024-01-30T17:24:00+00:00","dateModified":"2024-12-30T09:40:07+00:00","description":"Cartea verde este un permis de \u0219edere permanent\u0103 \u00een Statele Unite. Exist\u0103 mai multe modalit\u0103\u021bi de a ob\u021bine un permis de \u0219edere pentru a locui \u0219i a lucra \u00een SUA","breadcrumb":{"@id":"https:\/\/us-gc.net\/ro\/#breadcrumb"},"inLanguage":"ro-RO","potentialAction":[{"@type":"ReadAction","target":["https:\/\/us-gc.net\/ro\/"]}]},{"@type":"ImageObject","inLanguage":"ro-RO","@id":"https:\/\/us-gc.net\/ro\/#primaryimage","url":"https:\/\/us-gc.net\/wp-content\/uploads\/2024\/05\/Green-card-2024-1.jpg","contentUrl":"https:\/\/us-gc.net\/wp-content\/uploads\/2024\/05\/Green-card-2024-1.jpg"},{"@type":"BreadcrumbList","@id":"https:\/\/us-gc.net\/ro\/#breadcrumb","itemListElement":[{"@type":"ListItem","position":1,"name":"Accueil","item":"https:\/\/us-gc.net\/ro\/green-card\/"},{"@type":"ListItem","position":2,"name":"Carte verde SUA | Carte de rezident permanent"}]},{"@type":"WebSite","@id":"https:\/\/us-gc.net\/ro\/#website","url":"https:\/\/us-gc.net\/ro\/","name":"USA GC","description":"","potentialAction":[{"@type":"SearchAction","target":{"@type":"EntryPoint","urlTemplate":"https:\/\/us-gc.net\/ro\/?s={search_term_string}"},"query-input":{"@type":"PropertyValueSpecification","valueRequired":true,"valueName":"search_term_string"}}],"inLanguage":"ro-RO"}]}},"_links":{"self":[{"href":"https:\/\/us-gc.net\/ro\/wp-json\/wp\/v2\/pages\/4613","targetHints":{"allow":["GET"]}}],"collection":[{"href":"https:\/\/us-gc.net\/ro\/wp-json\/wp\/v2\/pages"}],"about":[{"href":"https:\/\/us-gc.net\/ro\/wp-json\/wp\/v2\/types\/page"}],"author":[{"embeddable":true,"href":"https:\/\/us-gc.net\/ro\/wp-json\/wp\/v2\/users\/1"}],"replies":[{"embeddable":true,"href":"https:\/\/us-gc.net\/ro\/wp-json\/wp\/v2\/comments?post=4613"}],"version-history":[{"count":1,"href":"https:\/\/us-gc.net\/ro\/wp-json\/wp\/v2\/pages\/4613\/revisions"}],"predecessor-version":[{"id":7708,"href":"https:\/\/us-gc.net\/ro\/wp-json\/wp\/v2\/pages\/4613\/revisions\/7708"}],"wp:attachment":[{"href":"https:\/\/us-gc.net\/ro\/wp-json\/wp\/v2\/media?parent=4613"}],"curies":[{"name":"wp","href":"https:\/\/api.w.org\/{rel}","templated":true}]}}