{"id":4611,"date":"2024-01-31T14:45:08","date_gmt":"2024-01-31T14:45:08","guid":{"rendered":"https:\/\/green-card-usa.net\/green-card-fotografie\/"},"modified":"2024-12-30T09:39:53","modified_gmt":"2024-12-30T09:39:53","slug":"green-card-fotografie","status":"publish","type":"page","link":"https:\/\/us-gc.net\/ro\/green-card-fotografie\/","title":{"rendered":"Specifica\u021bii privind fotografia de identitate Green Card"},"content":{"rendered":"\n<h1 class=\"wp-block-heading\" id=\"h-les-specificites-de-la-photo-pour-la-green-card\">Specifica\u021bii foto pentru Green Card<\/h1>\n\n<p>Atunci c\u00e2nd solicit\u0103 o Green Card, solicitan\u021bii trebuie s\u0103 prezinte o fotografie tip pa\u0219aport. Formatul acestei fotografii este specific \u0219i exist\u0103 o serie de reguli imperative care trebuie respectate pentru ca fotografia s\u0103 nu fie respins\u0103.  <\/p>\n\n<h2 class=\"wp-block-heading\" id=\"h-quelles-sont-les-principales-regles-concernant-la-photo\">Care sunt principalele reguli pentru fotografie?<\/h2>\n\n<p>Principalele reguli pentru fotografia pentru Green Card sunt urm\u0103toarele:<\/p>\n\n<ol class=\"wp-block-list\">\n<li>Format foto<\/li>\n\n\n\n<li>V\u00e2rsta fotografiei<\/li>\n\n\n\n<li>Pozi\u021bia capului \u00een fotografie<\/li>\n\n\n\n<li>Fundalul fotografiei<\/li>\n\n\n\n<li>Ce po\u021bi purta \u00een fotografie?<\/li>\n<\/ol>\n\n<h3 class=\"wp-block-heading\" id=\"h-1-quel-est-le-format-de-la-photo-pour-la-green-card\">1. Care este formatul fotografiei pentru cartea verde?<\/h3>\n\n<p>Versiunea digital\u0103 a fotografiei trebuie s\u0103 fie un fi\u0219ier JPEG. Dimensiunea minim\u0103 a fotografiei trebuie s\u0103 fie de cel pu\u021bin 600 de pixeli pe 600 de pixeli \u0219i de cel pu\u021bin 54 kb.<\/p>\n\n<h3 class=\"wp-block-heading\" id=\"h-2-quelle-peut-etre-l-anciennete-de-la-photo\">2. C\u00e2t de veche este fotografia?<\/h3>\n\n<p>Fotografia depus\u0103 pentru ob\u021binerea c\u0103r\u021bii verzi nu trebuie s\u0103 fie mai veche de 6 luni. Acest lucru permite Departamentului de Stat al SUA s\u0103 se asigure c\u0103 fotografia se potrive\u0219te cu fa\u021ba solicitantului. Aceast\u0103 regul\u0103 este imperativ\u0103 \u0219i trebuie luat\u0103 foarte \u00een serios. Fotografia este validat\u0103 definitiv la un <a href=\"https:\/\/us-gc.net\/ro\/green-card-de-intretinere\/\">interviu final pentru cartea verde<\/a>.<\/p>\n\n<h3 class=\"wp-block-heading\" id=\"h-3-quelle-doit-etre-la-position-de-la-tete-sur-la-photo\">3. \u00cen ce pozi\u021bie ar trebui s\u0103 fie capul \u00een fotografie?<\/h3>\n\n<p>Candidatul trebuie s\u0103 aib\u0103 o expresie facial\u0103 neutr\u0103 \u0219i s\u0103 nu z\u00e2mbeasc\u0103. Fa\u021ba dumneavoastr\u0103 trebuie s\u0103 fie complet vizibil\u0103 \u0219i s\u0103 se afle \u00een centrul fotografiei. Candida\u021bii trebuie s\u0103 fie cu fa\u021ba la camer\u0103, iar capul lor trebuie s\u0103 reprezinte 60% din \u00een\u0103l\u021bimea total\u0103 a fotografiei. Ochii lui trebuie s\u0103 fie larg deschi\u0219i.<\/p>\n\n<h3 class=\"wp-block-heading\" id=\"h-4-comment-doit-etre-l-arriere-plan-de-la-prise-de-vue\">4. Cum ar trebui s\u0103 arate fundalul fotografiei?<\/h3>\n\n<p>Fundalul fotografiei trebuie s\u0103 fie de o culoare solid\u0103, deschis\u0103, f\u0103r\u0103 umbre. Culoarea de fundal poate fi alb\u0103 sau alb-portocaliu.<\/p>\n\n<h3 class=\"wp-block-heading\" id=\"h-5-peut-on-porter-des-lunettes-ou-le-voile-sur-la-photo\">5. Pot purta ochelari sau un voal \u00een fotografie?<\/h3>\n\n<p>Este interzis\u0103 purtarea ochelarilor la fotografia pentru Green Card. Nici solicitan\u021bii de Green Card nu pot purta \u0219epci sau p\u0103l\u0103rii.<\/p>\n\n<p>Cu toate acestea, la fotografia pentru Green Card se poate purta un v\u0103l religios. Cu toate acestea, fa\u021ba trebuie s\u0103 fie vizibil\u0103 din v\u00e2rful frun\u021bii p\u00e2n\u0103 la baza b\u0103rbiei.<\/p>\n\n<p>Aceste reguli se aplic\u0103 tuturor procedurilor de ob\u021binere a unei c\u0103r\u021bi verzi, indiferent dac\u0103 :<\/p>\n\n<ul class=\"wp-block-list\">\n<li>Fotografia <a href=\"https:\/\/us-gc.net\/ro\/loteria-green-card\/\">loteriei pentru Green Card<\/a>;<\/li>\n\n\n\n<li>Fotografia depus\u0103 pentru o <a href=\"https:\/\/us-gc.net\/ro\/green-card-de-nunta\/\">Green Card prin c\u0103s\u0103torie<\/a>, o <a href=\"https:\/\/us-gc.net\/ro\/green-card-sponsorizare\/\">Green Card prin sponsor<\/a> sau orice alt\u0103 procedur\u0103 de ob\u021binere a unei Green Card.<\/li>\n<\/ul>\n\n<div style=\"height:10px\" aria-hidden=\"true\" class=\"wp-block-spacer\"><\/div>\n\n<h2 class=\"wp-block-heading\" id=\"h-dimensions-de-la-photo-d-identite-de-la-green-card\">Dimensiunile fotografiei de pa\u0219aport pentru Cartea Verde<\/h2>\n\n<figure class=\"wp-block-image size-full\"><img fetchpriority=\"high\" decoding=\"async\" width=\"601\" height=\"378\" src=\"https:\/\/us-gc.net\/wp-content\/uploads\/2024\/05\/Green-card-2024.jpg\" alt=\"Imaginea unei c&#x103;r&#x21B;i verzi valabile &#xEE;n 2024\" class=\"wp-image-4826\" srcset=\"https:\/\/us-gc.net\/wp-content\/uploads\/2024\/05\/Green-card-2024.jpg 601w, https:\/\/us-gc.net\/wp-content\/uploads\/2024\/05\/Green-card-2024-300x189.jpg 300w\" sizes=\"(max-width: 601px) 100vw, 601px\" \/><figcaption class=\"wp-element-caption\">Carte verde pentru reziden\u021bii permanen\u021bi \u00een SUA<\/figcaption><\/figure>\n","protected":false},"excerpt":{"rendered":"<p>Specifica\u021bii foto pentru Green Card Atunci c\u00e2nd solicit\u0103 o Green Card, solicitan\u021bii trebuie s\u0103 prezinte o fotografie tip pa\u0219aport. Formatul acestei fotografii este specific \u0219i exist\u0103 o serie de reguli imperative care trebuie respectate pentru ca fotografia s\u0103 nu fie respins\u0103. Care sunt principalele reguli pentru fotografie? Principalele reguli pentru fotografia pentru Green Card sunt [&hellip;]<\/p>\n","protected":false},"author":1,"featured_media":0,"parent":0,"menu_order":0,"comment_status":"closed","ping_status":"closed","template":"","meta":{"footnotes":""},"class_list":["post-4611","page","type-page","status-publish","hentry"],"yoast_head":"<!-- This site is optimized with the Yoast SEO plugin v27.4 - https:\/\/yoast.com\/product\/yoast-seo-wordpress\/ -->\n<title>Specifica\u021bii privind fotografia de identitate Green Card - USA GC<\/title>\n<meta name=\"description\" content=\"Pentru a ob\u021bine sau a re\u00eennoi o Green Card, solicitan\u021bii trebuie s\u0103 prezinte o fotografie de pa\u0219aport \u00een conformitate cu anumite reguli.\" \/>\n<meta name=\"robots\" content=\"index, follow, max-snippet:-1, max-image-preview:large, max-video-preview:-1\" \/>\n<link rel=\"canonical\" href=\"https:\/\/us-gc.net\/ro\/green-card-fotografie\/\" \/>\n<meta property=\"og:locale\" content=\"ro_RO\" \/>\n<meta property=\"og:type\" content=\"article\" \/>\n<meta property=\"og:title\" content=\"Specifica\u021bii privind fotografia de identitate Green Card - USA GC\" \/>\n<meta property=\"og:description\" content=\"Pentru a ob\u021bine sau a re\u00eennoi o Green Card, solicitan\u021bii trebuie s\u0103 prezinte o fotografie de pa\u0219aport \u00een conformitate cu anumite reguli.\" \/>\n<meta property=\"og:url\" content=\"https:\/\/us-gc.net\/ro\/green-card-fotografie\/\" \/>\n<meta property=\"og:site_name\" content=\"USA GC\" \/>\n<meta property=\"article:modified_time\" content=\"2024-12-30T09:39:53+00:00\" \/>\n<meta property=\"og:image\" content=\"https:\/\/us-gc.net\/wp-content\/uploads\/2024\/05\/Green-card-2024.jpg\" \/>\n<meta name=\"twitter:card\" content=\"summary_large_image\" \/>\n<meta name=\"twitter:label1\" content=\"Timp estimat pentru citire\" \/>\n\t<meta name=\"twitter:data1\" content=\"2 minute\" \/>\n<script type=\"application\/ld+json\" class=\"yoast-schema-graph\">{\"@context\":\"https:\\\/\\\/schema.org\",\"@graph\":[{\"@type\":\"WebPage\",\"@id\":\"https:\\\/\\\/us-gc.net\\\/ro\\\/green-card-fotografie\\\/\",\"url\":\"https:\\\/\\\/us-gc.net\\\/ro\\\/green-card-fotografie\\\/\",\"name\":\"Specifica\u021bii privind fotografia de identitate Green Card - USA GC\",\"isPartOf\":{\"@id\":\"https:\\\/\\\/us-gc.net\\\/ro\\\/#website\"},\"primaryImageOfPage\":{\"@id\":\"https:\\\/\\\/us-gc.net\\\/ro\\\/green-card-fotografie\\\/#primaryimage\"},\"image\":{\"@id\":\"https:\\\/\\\/us-gc.net\\\/ro\\\/green-card-fotografie\\\/#primaryimage\"},\"thumbnailUrl\":\"https:\\\/\\\/us-gc.net\\\/wp-content\\\/uploads\\\/2024\\\/05\\\/Green-card-2024.jpg\",\"datePublished\":\"2024-01-31T14:45:08+00:00\",\"dateModified\":\"2024-12-30T09:39:53+00:00\",\"description\":\"Pentru a ob\u021bine sau a re\u00eennoi o Green Card, solicitan\u021bii trebuie s\u0103 prezinte o fotografie de pa\u0219aport \u00een conformitate cu anumite reguli.\",\"breadcrumb\":{\"@id\":\"https:\\\/\\\/us-gc.net\\\/ro\\\/green-card-fotografie\\\/#breadcrumb\"},\"inLanguage\":\"ro-RO\",\"potentialAction\":[{\"@type\":\"ReadAction\",\"target\":[\"https:\\\/\\\/us-gc.net\\\/ro\\\/green-card-fotografie\\\/\"]}]},{\"@type\":\"ImageObject\",\"inLanguage\":\"ro-RO\",\"@id\":\"https:\\\/\\\/us-gc.net\\\/ro\\\/green-card-fotografie\\\/#primaryimage\",\"url\":\"https:\\\/\\\/us-gc.net\\\/wp-content\\\/uploads\\\/2024\\\/05\\\/Green-card-2024.jpg\",\"contentUrl\":\"https:\\\/\\\/us-gc.net\\\/wp-content\\\/uploads\\\/2024\\\/05\\\/Green-card-2024.jpg\"},{\"@type\":\"BreadcrumbList\",\"@id\":\"https:\\\/\\\/us-gc.net\\\/ro\\\/green-card-fotografie\\\/#breadcrumb\",\"itemListElement\":[{\"@type\":\"ListItem\",\"position\":1,\"name\":\"Accueil\",\"item\":\"https:\\\/\\\/us-gc.net\\\/ro\\\/green-card\\\/\"},{\"@type\":\"ListItem\",\"position\":2,\"name\":\"Specifica\u021bii privind fotografia de identitate Green Card\"}]},{\"@type\":\"WebSite\",\"@id\":\"https:\\\/\\\/us-gc.net\\\/ro\\\/#website\",\"url\":\"https:\\\/\\\/us-gc.net\\\/ro\\\/\",\"name\":\"USA GC\",\"description\":\"\",\"potentialAction\":[{\"@type\":\"SearchAction\",\"target\":{\"@type\":\"EntryPoint\",\"urlTemplate\":\"https:\\\/\\\/us-gc.net\\\/ro\\\/?s={search_term_string}\"},\"query-input\":{\"@type\":\"PropertyValueSpecification\",\"valueRequired\":true,\"valueName\":\"search_term_string\"}}],\"inLanguage\":\"ro-RO\"}]}<\/script>\n<!-- \/ Yoast SEO plugin. -->","yoast_head_json":{"title":"Specifica\u021bii privind fotografia de identitate Green Card - USA GC","description":"Pentru a ob\u021bine sau a re\u00eennoi o Green Card, solicitan\u021bii trebuie s\u0103 prezinte o fotografie de pa\u0219aport \u00een conformitate cu anumite reguli.","robots":{"index":"index","follow":"follow","max-snippet":"max-snippet:-1","max-image-preview":"max-image-preview:large","max-video-preview":"max-video-preview:-1"},"canonical":"https:\/\/us-gc.net\/ro\/green-card-fotografie\/","og_locale":"ro_RO","og_type":"article","og_title":"Specifica\u021bii privind fotografia de identitate Green Card - USA GC","og_description":"Pentru a ob\u021bine sau a re\u00eennoi o Green Card, solicitan\u021bii trebuie s\u0103 prezinte o fotografie de pa\u0219aport \u00een conformitate cu anumite reguli.","og_url":"https:\/\/us-gc.net\/ro\/green-card-fotografie\/","og_site_name":"USA GC","article_modified_time":"2024-12-30T09:39:53+00:00","og_image":[{"url":"https:\/\/us-gc.net\/wp-content\/uploads\/2024\/05\/Green-card-2024.jpg","type":"","width":"","height":""}],"twitter_card":"summary_large_image","twitter_misc":{"Timp estimat pentru citire":"2 minute"},"schema":{"@context":"https:\/\/schema.org","@graph":[{"@type":"WebPage","@id":"https:\/\/us-gc.net\/ro\/green-card-fotografie\/","url":"https:\/\/us-gc.net\/ro\/green-card-fotografie\/","name":"Specifica\u021bii privind fotografia de identitate Green Card - USA GC","isPartOf":{"@id":"https:\/\/us-gc.net\/ro\/#website"},"primaryImageOfPage":{"@id":"https:\/\/us-gc.net\/ro\/green-card-fotografie\/#primaryimage"},"image":{"@id":"https:\/\/us-gc.net\/ro\/green-card-fotografie\/#primaryimage"},"thumbnailUrl":"https:\/\/us-gc.net\/wp-content\/uploads\/2024\/05\/Green-card-2024.jpg","datePublished":"2024-01-31T14:45:08+00:00","dateModified":"2024-12-30T09:39:53+00:00","description":"Pentru a ob\u021bine sau a re\u00eennoi o Green Card, solicitan\u021bii trebuie s\u0103 prezinte o fotografie de pa\u0219aport \u00een conformitate cu anumite reguli.","breadcrumb":{"@id":"https:\/\/us-gc.net\/ro\/green-card-fotografie\/#breadcrumb"},"inLanguage":"ro-RO","potentialAction":[{"@type":"ReadAction","target":["https:\/\/us-gc.net\/ro\/green-card-fotografie\/"]}]},{"@type":"ImageObject","inLanguage":"ro-RO","@id":"https:\/\/us-gc.net\/ro\/green-card-fotografie\/#primaryimage","url":"https:\/\/us-gc.net\/wp-content\/uploads\/2024\/05\/Green-card-2024.jpg","contentUrl":"https:\/\/us-gc.net\/wp-content\/uploads\/2024\/05\/Green-card-2024.jpg"},{"@type":"BreadcrumbList","@id":"https:\/\/us-gc.net\/ro\/green-card-fotografie\/#breadcrumb","itemListElement":[{"@type":"ListItem","position":1,"name":"Accueil","item":"https:\/\/us-gc.net\/ro\/green-card\/"},{"@type":"ListItem","position":2,"name":"Specifica\u021bii privind fotografia de identitate Green Card"}]},{"@type":"WebSite","@id":"https:\/\/us-gc.net\/ro\/#website","url":"https:\/\/us-gc.net\/ro\/","name":"USA GC","description":"","potentialAction":[{"@type":"SearchAction","target":{"@type":"EntryPoint","urlTemplate":"https:\/\/us-gc.net\/ro\/?s={search_term_string}"},"query-input":{"@type":"PropertyValueSpecification","valueRequired":true,"valueName":"search_term_string"}}],"inLanguage":"ro-RO"}]}},"_links":{"self":[{"href":"https:\/\/us-gc.net\/ro\/wp-json\/wp\/v2\/pages\/4611","targetHints":{"allow":["GET"]}}],"collection":[{"href":"https:\/\/us-gc.net\/ro\/wp-json\/wp\/v2\/pages"}],"about":[{"href":"https:\/\/us-gc.net\/ro\/wp-json\/wp\/v2\/types\/page"}],"author":[{"embeddable":true,"href":"https:\/\/us-gc.net\/ro\/wp-json\/wp\/v2\/users\/1"}],"replies":[{"embeddable":true,"href":"https:\/\/us-gc.net\/ro\/wp-json\/wp\/v2\/comments?post=4611"}],"version-history":[{"count":1,"href":"https:\/\/us-gc.net\/ro\/wp-json\/wp\/v2\/pages\/4611\/revisions"}],"predecessor-version":[{"id":7686,"href":"https:\/\/us-gc.net\/ro\/wp-json\/wp\/v2\/pages\/4611\/revisions\/7686"}],"wp:attachment":[{"href":"https:\/\/us-gc.net\/ro\/wp-json\/wp\/v2\/media?parent=4611"}],"curies":[{"name":"wp","href":"https:\/\/api.w.org\/{rel}","templated":true}]}}