{"id":4609,"date":"2024-01-31T14:33:04","date_gmt":"2024-01-31T14:33:04","guid":{"rendered":"https:\/\/green-card-usa.net\/green-card-de-nunta\/"},"modified":"2024-12-30T09:39:39","modified_gmt":"2024-12-30T09:39:39","slug":"green-card-de-nunta","status":"publish","type":"page","link":"https:\/\/us-gc.net\/ro\/green-card-de-nunta\/","title":{"rendered":"Green Card ob\u021binut\u0103 prin c\u0103s\u0103torie"},"content":{"rendered":"\n<h1 class=\"wp-block-heading\" id=\"h-obtenir-une-green-card-par-mariage\">Ob\u021binerea unei c\u0103r\u021bi verzi prin c\u0103s\u0103torie<\/h1>\n\n<p>Green Card poate fi ob\u021binut\u0103 pe baza c\u0103s\u0103toriei cu un cet\u0103\u021bean american sau cu un rezident permanent legal (LPR). Prin urmare, c\u0103s\u0103toria v\u0103 permite s\u0103 deveni\u021bi rezident permanent al Statelor Unite. Iat\u0103 care sunt etapele \u0219i condi\u021biile esen\u021biale pentru a beneficia de acest sistem.<\/p>\n\n<h2 class=\"wp-block-heading\" id=\"h-eligibilite-a-la-green-card-par-mariage\">Eligibilitatea pentru o Green Card prin c\u0103s\u0103torie<\/h2>\n\n<p>Pentru a fi eligibil pentru un Green Card prin c\u0103s\u0103torie, trebuie s\u0103 fi\u021bi c\u0103s\u0103torit cu un cet\u0103\u021bean american sau cu un LPR. C\u0103s\u0103toria trebuie s\u0103 fie legal\u0103 \u0219i s\u0103 se bazeze pe o rela\u021bie autentic\u0103. Ambi\u021bia de a deveni rezident permanent american nu ar trebui s\u0103 fie principalul motiv pentru c\u0103s\u0103torie.<\/p>\n\n<h2 class=\"wp-block-heading\" id=\"h-conditions-et-preuves-requises\">Condi\u021bii \u0219i dovezi necesare<\/h2>\n\n<p>Cuplurile trebuie s\u0103 furnizeze dovezi substan\u021biale ale c\u0103s\u0103toriei lor legitime. De exemplu, cuplul poate furniza extrase de cont bancar comune, contracte de \u00eenchiriere sau ipoteci comune, fotografii de la nunt\u0103 \u0219i evenimente de familie. Orice alt document care atest\u0103 rela\u021bia lor poate fi relevant \u0219i trebuie anexat la cerere.<\/p>\n\n<p>\u00cen cazul \u00een care nu \u00eendeplini\u021bi condi\u021biile, pute\u021bi ob\u021bine totu\u0219i o <a href=\"https:\/\/us-gc.net\/ro\/loteria-green-card\/\">Green Card prin tragere la sor\u021bi<\/a>. Pentru a <strong>participa la tragerea la sor\u021bi anual\u0103<\/strong>, trebuie doar s\u0103 completa\u021bi <a href=\"https:\/\/us-gc.net\/ro\/formular-loteria-green-card\/\">formularul online<\/a>.<\/p>\n\n<div style=\"height:10px\" aria-hidden=\"true\" class=\"wp-block-spacer\"><\/div>\n\n<h2 class=\"wp-block-heading\" id=\"h-processus-de-demande\">Procesul de aplicare<\/h2>\n\n<p>Solicitarea unei <a href=\"https:\/\/us-gc.net\/ro\/\">Green Card<\/a> \u00een leg\u0103tur\u0103 cu o c\u0103s\u0103torie presupune mai multe etape.<\/p>\n\n<ol class=\"wp-block-list\">\n<li><strong>Depunerea peti\u021biei<\/strong>: Partenerul cet\u0103\u021bean sau RPL trebuie s\u0103 depun\u0103 mai \u00eent\u00e2i <a href=\"https:\/\/www.uscis.gov\/i-130\">formularul I-130<\/a>. Aceasta este o peti\u021bie pentru un p\u0103rinte str\u0103in care trebuie depus\u0103 la Serviciul de Cet\u0103\u021benie \u0219i Imigrare al Statelor Unite (USCIS).<\/li>\n\n\n\n<li><strong>Ajustarea statutului sau procedura consular\u0103<\/strong>: Dac\u0103 so\u021bul\/so\u021bia necet\u0103\u021bean(\u0103) se afl\u0103 deja \u00een Statele Unite, acesta poate solicita o ajustare a statutului folosind <a href=\"https:\/\/www.uscis.gov\/i-485\">formularul I-485<\/a>. \u00cen cazul \u00een care so\u021bul\/so\u021bia se afl\u0103 \u00een afara Statelor Unite, acesta trebuie s\u0103 se adreseze consulatului \u021b\u0103rii sale de origine.<\/li>\n\n\n\n<li><strong>Interviu \u0219i aprobare<\/strong>: Ambii parteneri vor fi invita\u021bi la un <a href=\"https:\/\/us-gc.net\/ro\/green-card-de-intretinere\/\">interviu pentru Green Card<\/a> pentru a verifica autenticitatea c\u0103s\u0103toriei. \u00cen cazul \u00een care cererea este aprobat\u0103, so\u021bului\/so\u021biei necet\u0103\u021bene\u0219ti i se va elibera o Green Card.<\/li>\n<\/ol>\n\n<h2 class=\"wp-block-heading\" id=\"h-green-card-conditionnelle\">Green Card condi\u021bionat\u0103<\/h2>\n\n<p>\u00cen cazul \u00een care c\u0103s\u0103toria are mai pu\u021bin de doi ani la momentul aprob\u0103rii, so\u021bul\/so\u021bia necet\u0103\u021bean(\u0103) va primi o Green Card condi\u021bionat\u0103, valabil\u0103 timp de doi ani. \u00cenainte de expirare, cuplul va trebui s\u0103 depun\u0103 <a href=\"https:\/\/www.uscis.gov\/sites\/default\/files\/document\/forms\/i-751.pdf\">formularul I-751<\/a> pentru a solicita \u00eenl\u0103turarea condi\u021biilor \u0219i a ob\u021bine o Green Card permanent\u0103.<\/p>\n\n<h2 class=\"wp-block-heading\" id=\"h-conseils-pour-une-reussir-la-demande-de-green-card\">Sfaturi pentru o aplica\u021bie de succes pentru Green Card<\/h2>\n\n<p>O Green Card \u00eei confer\u0103 titularului dreptul de \u0219edere permanent\u0103 \u00een Statele Unite. Procedura de ob\u021binere a unei c\u0103r\u021bi verzi prin c\u0103s\u0103torie este deosebit de minu\u021bioas\u0103, iar succesul nu este garantat. Iat\u0103 c\u00e2teva sfaturi pentru a v\u0103 maximiza \u0219ansele de succes:<\/p>\n\n<ul class=\"wp-block-list\">\n<li><strong>Documenta\u021bi-v\u0103 temeinic rela \u021bia<\/strong>: P\u0103stra\u021bi o eviden\u021b\u0103 a documentelor \u0219i fotografiilor care dovedesc continuitatea \u0219i autenticitatea rela\u021biei dumneavoastr\u0103.<\/li>\n\n\n\n<li><strong>Preg\u0103ti\u021bi-v\u0103 pentru interviu<\/strong>: Fi\u021bi preg\u0103ti\u021bi s\u0103 r\u0103spunde\u021bi deschis \u0219i sincer la \u00eentreb\u0103ri despre rela\u021bia \u0219i c\u0103s\u0103toria dumneavoastr\u0103.<\/li>\n\n\n\n<li><strong>Respecta\u021bi termenele<\/strong>: Asigura\u021bi-v\u0103 c\u0103 depune\u021bi toate cererile \u0219i documentele necesare \u00een termenele stabilite.<\/li>\n<\/ul>\n\n<p><\/p>\n","protected":false},"excerpt":{"rendered":"<p>Ob\u021binerea unei c\u0103r\u021bi verzi prin c\u0103s\u0103torie Green Card poate fi ob\u021binut\u0103 pe baza c\u0103s\u0103toriei cu un cet\u0103\u021bean american sau cu un rezident permanent legal (LPR). Prin urmare, c\u0103s\u0103toria v\u0103 permite s\u0103 deveni\u021bi rezident permanent al Statelor Unite. Iat\u0103 care sunt etapele \u0219i condi\u021biile esen\u021biale pentru a beneficia de acest sistem. Eligibilitatea pentru o Green Card [&hellip;]<\/p>\n","protected":false},"author":1,"featured_media":0,"parent":0,"menu_order":0,"comment_status":"closed","ping_status":"closed","template":"","meta":{"footnotes":""},"class_list":["post-4609","page","type-page","status-publish","hentry"],"yoast_head":"<!-- This site is optimized with the Yoast SEO plugin v27.4 - https:\/\/yoast.com\/product\/yoast-seo-wordpress\/ -->\n<title>Green Card ob\u021binut\u0103 prin c\u0103s\u0103torie - USA GC<\/title>\n<meta name=\"description\" content=\"Ob\u021binerea unei c\u0103r\u021bi verzi prin c\u0103s\u0103toria cu un cet\u0103\u021bean american sau cu un de\u021bin\u0103tor al unei c\u0103r\u021bi verzi americane\" \/>\n<meta name=\"robots\" content=\"index, follow, max-snippet:-1, max-image-preview:large, max-video-preview:-1\" \/>\n<link rel=\"canonical\" href=\"https:\/\/us-gc.net\/ro\/green-card-de-nunta\/\" \/>\n<meta property=\"og:locale\" content=\"ro_RO\" \/>\n<meta property=\"og:type\" content=\"article\" \/>\n<meta property=\"og:title\" content=\"Green Card ob\u021binut\u0103 prin c\u0103s\u0103torie - USA GC\" \/>\n<meta property=\"og:description\" content=\"Ob\u021binerea unei c\u0103r\u021bi verzi prin c\u0103s\u0103toria cu un cet\u0103\u021bean american sau cu un de\u021bin\u0103tor al unei c\u0103r\u021bi verzi americane\" \/>\n<meta property=\"og:url\" content=\"https:\/\/us-gc.net\/ro\/green-card-de-nunta\/\" \/>\n<meta property=\"og:site_name\" content=\"USA GC\" \/>\n<meta property=\"article:modified_time\" content=\"2024-12-30T09:39:39+00:00\" \/>\n<meta name=\"twitter:card\" content=\"summary_large_image\" \/>\n<meta name=\"twitter:label1\" content=\"Timp estimat pentru citire\" \/>\n\t<meta name=\"twitter:data1\" content=\"3 minute\" \/>\n<script type=\"application\/ld+json\" class=\"yoast-schema-graph\">{\"@context\":\"https:\\\/\\\/schema.org\",\"@graph\":[{\"@type\":\"WebPage\",\"@id\":\"https:\\\/\\\/us-gc.net\\\/ro\\\/green-card-de-nunta\\\/\",\"url\":\"https:\\\/\\\/us-gc.net\\\/ro\\\/green-card-de-nunta\\\/\",\"name\":\"Green Card ob\u021binut\u0103 prin c\u0103s\u0103torie - USA GC\",\"isPartOf\":{\"@id\":\"https:\\\/\\\/us-gc.net\\\/ro\\\/#website\"},\"datePublished\":\"2024-01-31T14:33:04+00:00\",\"dateModified\":\"2024-12-30T09:39:39+00:00\",\"description\":\"Ob\u021binerea unei c\u0103r\u021bi verzi prin c\u0103s\u0103toria cu un cet\u0103\u021bean american sau cu un de\u021bin\u0103tor al unei c\u0103r\u021bi verzi americane\",\"breadcrumb\":{\"@id\":\"https:\\\/\\\/us-gc.net\\\/ro\\\/green-card-de-nunta\\\/#breadcrumb\"},\"inLanguage\":\"ro-RO\",\"potentialAction\":[{\"@type\":\"ReadAction\",\"target\":[\"https:\\\/\\\/us-gc.net\\\/ro\\\/green-card-de-nunta\\\/\"]}]},{\"@type\":\"BreadcrumbList\",\"@id\":\"https:\\\/\\\/us-gc.net\\\/ro\\\/green-card-de-nunta\\\/#breadcrumb\",\"itemListElement\":[{\"@type\":\"ListItem\",\"position\":1,\"name\":\"Accueil\",\"item\":\"https:\\\/\\\/us-gc.net\\\/ro\\\/green-card\\\/\"},{\"@type\":\"ListItem\",\"position\":2,\"name\":\"Green Card ob\u021binut\u0103 prin c\u0103s\u0103torie\"}]},{\"@type\":\"WebSite\",\"@id\":\"https:\\\/\\\/us-gc.net\\\/ro\\\/#website\",\"url\":\"https:\\\/\\\/us-gc.net\\\/ro\\\/\",\"name\":\"USA GC\",\"description\":\"\",\"potentialAction\":[{\"@type\":\"SearchAction\",\"target\":{\"@type\":\"EntryPoint\",\"urlTemplate\":\"https:\\\/\\\/us-gc.net\\\/ro\\\/?s={search_term_string}\"},\"query-input\":{\"@type\":\"PropertyValueSpecification\",\"valueRequired\":true,\"valueName\":\"search_term_string\"}}],\"inLanguage\":\"ro-RO\"}]}<\/script>\n<!-- \/ Yoast SEO plugin. -->","yoast_head_json":{"title":"Green Card ob\u021binut\u0103 prin c\u0103s\u0103torie - USA GC","description":"Ob\u021binerea unei c\u0103r\u021bi verzi prin c\u0103s\u0103toria cu un cet\u0103\u021bean american sau cu un de\u021bin\u0103tor al unei c\u0103r\u021bi verzi americane","robots":{"index":"index","follow":"follow","max-snippet":"max-snippet:-1","max-image-preview":"max-image-preview:large","max-video-preview":"max-video-preview:-1"},"canonical":"https:\/\/us-gc.net\/ro\/green-card-de-nunta\/","og_locale":"ro_RO","og_type":"article","og_title":"Green Card ob\u021binut\u0103 prin c\u0103s\u0103torie - USA GC","og_description":"Ob\u021binerea unei c\u0103r\u021bi verzi prin c\u0103s\u0103toria cu un cet\u0103\u021bean american sau cu un de\u021bin\u0103tor al unei c\u0103r\u021bi verzi americane","og_url":"https:\/\/us-gc.net\/ro\/green-card-de-nunta\/","og_site_name":"USA GC","article_modified_time":"2024-12-30T09:39:39+00:00","twitter_card":"summary_large_image","twitter_misc":{"Timp estimat pentru citire":"3 minute"},"schema":{"@context":"https:\/\/schema.org","@graph":[{"@type":"WebPage","@id":"https:\/\/us-gc.net\/ro\/green-card-de-nunta\/","url":"https:\/\/us-gc.net\/ro\/green-card-de-nunta\/","name":"Green Card ob\u021binut\u0103 prin c\u0103s\u0103torie - USA GC","isPartOf":{"@id":"https:\/\/us-gc.net\/ro\/#website"},"datePublished":"2024-01-31T14:33:04+00:00","dateModified":"2024-12-30T09:39:39+00:00","description":"Ob\u021binerea unei c\u0103r\u021bi verzi prin c\u0103s\u0103toria cu un cet\u0103\u021bean american sau cu un de\u021bin\u0103tor al unei c\u0103r\u021bi verzi americane","breadcrumb":{"@id":"https:\/\/us-gc.net\/ro\/green-card-de-nunta\/#breadcrumb"},"inLanguage":"ro-RO","potentialAction":[{"@type":"ReadAction","target":["https:\/\/us-gc.net\/ro\/green-card-de-nunta\/"]}]},{"@type":"BreadcrumbList","@id":"https:\/\/us-gc.net\/ro\/green-card-de-nunta\/#breadcrumb","itemListElement":[{"@type":"ListItem","position":1,"name":"Accueil","item":"https:\/\/us-gc.net\/ro\/green-card\/"},{"@type":"ListItem","position":2,"name":"Green Card ob\u021binut\u0103 prin c\u0103s\u0103torie"}]},{"@type":"WebSite","@id":"https:\/\/us-gc.net\/ro\/#website","url":"https:\/\/us-gc.net\/ro\/","name":"USA GC","description":"","potentialAction":[{"@type":"SearchAction","target":{"@type":"EntryPoint","urlTemplate":"https:\/\/us-gc.net\/ro\/?s={search_term_string}"},"query-input":{"@type":"PropertyValueSpecification","valueRequired":true,"valueName":"search_term_string"}}],"inLanguage":"ro-RO"}]}},"_links":{"self":[{"href":"https:\/\/us-gc.net\/ro\/wp-json\/wp\/v2\/pages\/4609","targetHints":{"allow":["GET"]}}],"collection":[{"href":"https:\/\/us-gc.net\/ro\/wp-json\/wp\/v2\/pages"}],"about":[{"href":"https:\/\/us-gc.net\/ro\/wp-json\/wp\/v2\/types\/page"}],"author":[{"embeddable":true,"href":"https:\/\/us-gc.net\/ro\/wp-json\/wp\/v2\/users\/1"}],"replies":[{"embeddable":true,"href":"https:\/\/us-gc.net\/ro\/wp-json\/wp\/v2\/comments?post=4609"}],"version-history":[{"count":1,"href":"https:\/\/us-gc.net\/ro\/wp-json\/wp\/v2\/pages\/4609\/revisions"}],"predecessor-version":[{"id":7664,"href":"https:\/\/us-gc.net\/ro\/wp-json\/wp\/v2\/pages\/4609\/revisions\/7664"}],"wp:attachment":[{"href":"https:\/\/us-gc.net\/ro\/wp-json\/wp\/v2\/media?parent=4609"}],"curies":[{"name":"wp","href":"https:\/\/api.w.org\/{rel}","templated":true}]}}