{"id":4607,"date":"2024-01-31T14:27:27","date_gmt":"2024-01-31T14:27:27","guid":{"rendered":"https:\/\/green-card-usa.net\/green-card-pentru-angajare\/"},"modified":"2024-12-30T09:39:25","modified_gmt":"2024-12-30T09:39:25","slug":"green-card-pentru-angajare","status":"publish","type":"page","link":"https:\/\/us-gc.net\/ro\/green-card-pentru-angajare\/","title":{"rendered":"Green Card pentru imigran\u021bi bazat\u0103 pe ocuparea for\u021bei de munc\u0103"},"content":{"rendered":"\n<h1 class=\"wp-block-heading\" id=\"h-obtenir-une-green-card-basee-sur-l-emploi\">Ob\u021binerea unei c\u0103r\u021bi verzi pe baza unui loc de munc\u0103<\/h1>\n\n<p>Afla\u021bi cum s\u0103 ob\u021bine\u021bi o <a href=\"https:\/\/us-gc.net\/ro\/\">Green Card<\/a> \u00een Statele Unite prin angajare. Green Card bazat\u0103 pe ocuparea for\u021bei de munc\u0103 este foarte popular\u0103 printre imigran\u021bii califica\u021bi care doresc s\u0103 lucreze \u0219i s\u0103 locuiasc\u0103 legal \u00een Statele Unite.<\/p>\n\n<h2 class=\"wp-block-heading\" id=\"h-qu-est-ce-qu-une-green-card-basee-sur-l-emploi\">Ce este o Green Card bazat\u0103 pe ocuparea for\u021bei de munc\u0103?<\/h2>\n\n<p>Green Card bazat\u0103 pe ocuparea for\u021bei de munc\u0103 este o modalitate prin care lucr\u0103torii str\u0103ini califica\u021bi pot ob\u021bine reziden\u021ba permanent\u0103 \u00een Statele Unite prin angajare. Spre deosebire de alte op\u021biuni de imigrare, aceasta se adreseaz\u0103 \u00een special persoanelor cu competen\u021be profesionale care sunt solicitate de angajatorii americani. Aceasta permite titularilor de vize de munc\u0103 s\u0103 devin\u0103 reziden\u021bi permanen\u021bi.<\/p>\n\n<h2 class=\"wp-block-heading\" id=\"h-eligibilite-et-criteres-de-qualification\">Criterii de eligibilitate \u0219i calificare<\/h2>\n\n<p>Pentru a fi eligibil pentru o Green Card bazat\u0103 pe ocuparea for\u021bei de munc\u0103, solicitantul trebuie s\u0103 \u00eendeplineasc\u0103 anumite condi\u021bii:<\/p>\n\n<ul class=\"wp-block-list\">\n<li>Experien\u021b\u0103 profesional\u0103 adecvat\u0103 \u00eentr-un domeniu specific;<\/li>\n\n\n\n<li>O ofert\u0103 de munc\u0103 valabil\u0103 de la un angajator american;<\/li>\n\n\n\n<li>calific\u0103ri educa\u021bionale sau profesionale care \u00eendeplinesc cerin\u021bele postului oferit.  <\/li>\n<\/ul>\n\n<p>\u00cen cele din urm\u0103, angajatorul trebuie s\u0103 fie preg\u0103tit s\u0103 <a href=\"https:\/\/us-gc.net\/ro\/green-card-sponsorizare\/\">sponsorizeze solicitantul pentru Green Card<\/a> \u0219i s\u0103 respecte toate obliga\u021biile legale legate de recrutarea de lucr\u0103tori str\u0103ini.<\/p>\n\n<h2 class=\"wp-block-heading\" id=\"h-processus-de-demande\">Procesul de aplicare<\/h2>\n\n<p>Procesul de solicitare a c\u0103r\u021bii verzi bazat pe ocuparea for\u021bei de munc\u0103 presupune mai multe etape. \u00cen primul r\u00e2nd, angajatorul trebuie s\u0103 ob\u021bin\u0103 un certificat de munc\u0103 de la Departamentul Muncii din SUA. Solicitantul trebuie apoi s\u0103 depun\u0103 o cerere de viz\u0103 de munc\u0103 <a href=\"https:\/\/www.uscis.gov\/\">la USCIS<\/a>. Odat\u0103 ce viza de munc\u0103 a fost aprobat\u0103, solicitantul poate \u00eencepe procesul de solicitare a c\u0103r\u021bii verzi. Aceast\u0103 procedur\u0103 include :<\/p>\n\n<ul class=\"wp-block-list\">\n<li>Depunerea formularului de cerere ;<\/li>\n\n\n\n<li>Colectarea documentelor justificative ;<\/li>\n\n\n\n<li>Un <a href=\"https:\/\/us-gc.net\/ro\/green-card-de-intretinere\/\">interviu pentru Green Card<\/a>;<\/li>\n\n\n\n<li>Un examen medical.<\/li>\n<\/ul>\n\n<h2 class=\"wp-block-heading\" id=\"h-duree-et-delais-de-traitement\">Timpii \u0219i termenele de procesare<\/h2>\n\n<p>Timpul necesar pentru a ob\u021bine o Green Card pe baza unui loc de munc\u0103 poate varia considerabil \u00een func\u021bie de diver\u0219i factori, cum ar fi: categoria de viz\u0103, volumul de munc\u0103 al <a href=\"https:\/\/www.uscis.gov\/green-card\/green-card-processes-and-procedures\">USCIS<\/a> \u0219i alte circumstan\u021be individuale. <\/p>\n\n<p>Ca regul\u0103 general\u0103, procesul poate dura de la c\u00e2teva luni p\u00e2n\u0103 la c\u00e2\u021biva ani. Este important ca candida\u021bii s\u0103 aib\u0103 r\u0103bdare \u0219i s\u0103 fie preg\u0103ti\u021bi s\u0103 fac\u0103 fa\u021b\u0103 unor posibile \u00eent\u00e2rzieri \u00een timpul procesului. Solicitan\u021bii pot, de asemenea, s\u0103 se \u00eenscrie la <a href=\"https:\/\/us-gc.net\/ro\/loteria-green-card\/\">loteria Green Card<\/a>.<\/p>\n\n<p><\/p>\n","protected":false},"excerpt":{"rendered":"<p>Ob\u021binerea unei c\u0103r\u021bi verzi pe baza unui loc de munc\u0103 Afla\u021bi cum s\u0103 ob\u021bine\u021bi o Green Card \u00een Statele Unite prin angajare. Green Card bazat\u0103 pe ocuparea for\u021bei de munc\u0103 este foarte popular\u0103 printre imigran\u021bii califica\u021bi care doresc s\u0103 lucreze \u0219i s\u0103 locuiasc\u0103 legal \u00een Statele Unite. Ce este o Green Card bazat\u0103 pe ocuparea [&hellip;]<\/p>\n","protected":false},"author":1,"featured_media":0,"parent":0,"menu_order":0,"comment_status":"closed","ping_status":"closed","template":"","meta":{"footnotes":""},"class_list":["post-4607","page","type-page","status-publish","hentry"],"yoast_head":"<!-- This site is optimized with the Yoast SEO plugin v27.4 - https:\/\/yoast.com\/product\/yoast-seo-wordpress\/ -->\n<title>Green Card pentru imigran\u021bi bazat\u0103 pe ocuparea for\u021bei de munc\u0103 - USA GC<\/title>\n<meta name=\"description\" content=\"Ob\u021binerea unei c\u0103r\u021bi verzi americane pe baza unui loc de munc\u0103 ob\u021binut pe teritoriul american. Toate informa\u021biile de care ave\u021bi nevoie pentru a ob\u021bine o Green Card\" \/>\n<meta name=\"robots\" content=\"index, follow, max-snippet:-1, max-image-preview:large, max-video-preview:-1\" \/>\n<link rel=\"canonical\" href=\"https:\/\/us-gc.net\/ro\/green-card-pentru-angajare\/\" \/>\n<meta property=\"og:locale\" content=\"ro_RO\" \/>\n<meta property=\"og:type\" content=\"article\" \/>\n<meta property=\"og:title\" content=\"Green Card pentru imigran\u021bi bazat\u0103 pe ocuparea for\u021bei de munc\u0103 - USA GC\" \/>\n<meta property=\"og:description\" content=\"Ob\u021binerea unei c\u0103r\u021bi verzi americane pe baza unui loc de munc\u0103 ob\u021binut pe teritoriul american. Toate informa\u021biile de care ave\u021bi nevoie pentru a ob\u021bine o Green Card\" \/>\n<meta property=\"og:url\" content=\"https:\/\/us-gc.net\/ro\/green-card-pentru-angajare\/\" \/>\n<meta property=\"og:site_name\" content=\"USA GC\" \/>\n<meta property=\"article:modified_time\" content=\"2024-12-30T09:39:25+00:00\" \/>\n<meta name=\"twitter:card\" content=\"summary_large_image\" \/>\n<meta name=\"twitter:label1\" content=\"Timp estimat pentru citire\" \/>\n\t<meta name=\"twitter:data1\" content=\"2 minute\" \/>\n<script type=\"application\/ld+json\" class=\"yoast-schema-graph\">{\"@context\":\"https:\\\/\\\/schema.org\",\"@graph\":[{\"@type\":\"WebPage\",\"@id\":\"https:\\\/\\\/us-gc.net\\\/ro\\\/green-card-pentru-angajare\\\/\",\"url\":\"https:\\\/\\\/us-gc.net\\\/ro\\\/green-card-pentru-angajare\\\/\",\"name\":\"Green Card pentru imigran\u021bi bazat\u0103 pe ocuparea for\u021bei de munc\u0103 - USA GC\",\"isPartOf\":{\"@id\":\"https:\\\/\\\/us-gc.net\\\/ro\\\/#website\"},\"datePublished\":\"2024-01-31T14:27:27+00:00\",\"dateModified\":\"2024-12-30T09:39:25+00:00\",\"description\":\"Ob\u021binerea unei c\u0103r\u021bi verzi americane pe baza unui loc de munc\u0103 ob\u021binut pe teritoriul american. Toate informa\u021biile de care ave\u021bi nevoie pentru a ob\u021bine o Green Card\",\"breadcrumb\":{\"@id\":\"https:\\\/\\\/us-gc.net\\\/ro\\\/green-card-pentru-angajare\\\/#breadcrumb\"},\"inLanguage\":\"ro-RO\",\"potentialAction\":[{\"@type\":\"ReadAction\",\"target\":[\"https:\\\/\\\/us-gc.net\\\/ro\\\/green-card-pentru-angajare\\\/\"]}]},{\"@type\":\"BreadcrumbList\",\"@id\":\"https:\\\/\\\/us-gc.net\\\/ro\\\/green-card-pentru-angajare\\\/#breadcrumb\",\"itemListElement\":[{\"@type\":\"ListItem\",\"position\":1,\"name\":\"Accueil\",\"item\":\"https:\\\/\\\/us-gc.net\\\/ro\\\/green-card\\\/\"},{\"@type\":\"ListItem\",\"position\":2,\"name\":\"Green Card pentru imigran\u021bi bazat\u0103 pe ocuparea for\u021bei de munc\u0103\"}]},{\"@type\":\"WebSite\",\"@id\":\"https:\\\/\\\/us-gc.net\\\/ro\\\/#website\",\"url\":\"https:\\\/\\\/us-gc.net\\\/ro\\\/\",\"name\":\"USA GC\",\"description\":\"\",\"potentialAction\":[{\"@type\":\"SearchAction\",\"target\":{\"@type\":\"EntryPoint\",\"urlTemplate\":\"https:\\\/\\\/us-gc.net\\\/ro\\\/?s={search_term_string}\"},\"query-input\":{\"@type\":\"PropertyValueSpecification\",\"valueRequired\":true,\"valueName\":\"search_term_string\"}}],\"inLanguage\":\"ro-RO\"}]}<\/script>\n<!-- \/ Yoast SEO plugin. -->","yoast_head_json":{"title":"Green Card pentru imigran\u021bi bazat\u0103 pe ocuparea for\u021bei de munc\u0103 - USA GC","description":"Ob\u021binerea unei c\u0103r\u021bi verzi americane pe baza unui loc de munc\u0103 ob\u021binut pe teritoriul american. Toate informa\u021biile de care ave\u021bi nevoie pentru a ob\u021bine o Green Card","robots":{"index":"index","follow":"follow","max-snippet":"max-snippet:-1","max-image-preview":"max-image-preview:large","max-video-preview":"max-video-preview:-1"},"canonical":"https:\/\/us-gc.net\/ro\/green-card-pentru-angajare\/","og_locale":"ro_RO","og_type":"article","og_title":"Green Card pentru imigran\u021bi bazat\u0103 pe ocuparea for\u021bei de munc\u0103 - USA GC","og_description":"Ob\u021binerea unei c\u0103r\u021bi verzi americane pe baza unui loc de munc\u0103 ob\u021binut pe teritoriul american. Toate informa\u021biile de care ave\u021bi nevoie pentru a ob\u021bine o Green Card","og_url":"https:\/\/us-gc.net\/ro\/green-card-pentru-angajare\/","og_site_name":"USA GC","article_modified_time":"2024-12-30T09:39:25+00:00","twitter_card":"summary_large_image","twitter_misc":{"Timp estimat pentru citire":"2 minute"},"schema":{"@context":"https:\/\/schema.org","@graph":[{"@type":"WebPage","@id":"https:\/\/us-gc.net\/ro\/green-card-pentru-angajare\/","url":"https:\/\/us-gc.net\/ro\/green-card-pentru-angajare\/","name":"Green Card pentru imigran\u021bi bazat\u0103 pe ocuparea for\u021bei de munc\u0103 - USA GC","isPartOf":{"@id":"https:\/\/us-gc.net\/ro\/#website"},"datePublished":"2024-01-31T14:27:27+00:00","dateModified":"2024-12-30T09:39:25+00:00","description":"Ob\u021binerea unei c\u0103r\u021bi verzi americane pe baza unui loc de munc\u0103 ob\u021binut pe teritoriul american. Toate informa\u021biile de care ave\u021bi nevoie pentru a ob\u021bine o Green Card","breadcrumb":{"@id":"https:\/\/us-gc.net\/ro\/green-card-pentru-angajare\/#breadcrumb"},"inLanguage":"ro-RO","potentialAction":[{"@type":"ReadAction","target":["https:\/\/us-gc.net\/ro\/green-card-pentru-angajare\/"]}]},{"@type":"BreadcrumbList","@id":"https:\/\/us-gc.net\/ro\/green-card-pentru-angajare\/#breadcrumb","itemListElement":[{"@type":"ListItem","position":1,"name":"Accueil","item":"https:\/\/us-gc.net\/ro\/green-card\/"},{"@type":"ListItem","position":2,"name":"Green Card pentru imigran\u021bi bazat\u0103 pe ocuparea for\u021bei de munc\u0103"}]},{"@type":"WebSite","@id":"https:\/\/us-gc.net\/ro\/#website","url":"https:\/\/us-gc.net\/ro\/","name":"USA GC","description":"","potentialAction":[{"@type":"SearchAction","target":{"@type":"EntryPoint","urlTemplate":"https:\/\/us-gc.net\/ro\/?s={search_term_string}"},"query-input":{"@type":"PropertyValueSpecification","valueRequired":true,"valueName":"search_term_string"}}],"inLanguage":"ro-RO"}]}},"_links":{"self":[{"href":"https:\/\/us-gc.net\/ro\/wp-json\/wp\/v2\/pages\/4607","targetHints":{"allow":["GET"]}}],"collection":[{"href":"https:\/\/us-gc.net\/ro\/wp-json\/wp\/v2\/pages"}],"about":[{"href":"https:\/\/us-gc.net\/ro\/wp-json\/wp\/v2\/types\/page"}],"author":[{"embeddable":true,"href":"https:\/\/us-gc.net\/ro\/wp-json\/wp\/v2\/users\/1"}],"replies":[{"embeddable":true,"href":"https:\/\/us-gc.net\/ro\/wp-json\/wp\/v2\/comments?post=4607"}],"version-history":[{"count":1,"href":"https:\/\/us-gc.net\/ro\/wp-json\/wp\/v2\/pages\/4607\/revisions"}],"predecessor-version":[{"id":7642,"href":"https:\/\/us-gc.net\/ro\/wp-json\/wp\/v2\/pages\/4607\/revisions\/7642"}],"wp:attachment":[{"href":"https:\/\/us-gc.net\/ro\/wp-json\/wp\/v2\/media?parent=4607"}],"curies":[{"name":"wp","href":"https:\/\/api.w.org\/{rel}","templated":true}]}}