{"id":4605,"date":"2024-02-01T08:19:27","date_gmt":"2024-02-01T08:19:27","guid":{"rendered":"https:\/\/green-card-usa.net\/formular-loteria-green-card\/"},"modified":"2025-03-31T10:05:57","modified_gmt":"2025-03-31T10:05:57","slug":"formular-loteria-green-card","status":"publish","type":"page","link":"https:\/\/us-gc.net\/ro\/formular-loteria-green-card\/","title":{"rendered":"Formular de \u00eenregistrare online la loteria Green Card"},"content":{"rendered":"\t\t<div data-elementor-type=\"wp-page\" data-elementor-id=\"4605\" class=\"elementor elementor-4605 elementor-145\" data-elementor-post-type=\"page\">\n\t\t\t\t<div class=\"elementor-element elementor-element-75ef7d8 e-flex e-con-boxed e-con e-parent\" data-id=\"75ef7d8\" data-element_type=\"container\" data-e-type=\"container\">\n\t\t\t\t\t<div class=\"e-con-inner\">\n\t\t\t\t<div class=\"elementor-element elementor-element-3149e08 elementor-widget elementor-widget-heading\" data-id=\"3149e08\" data-element_type=\"widget\" data-e-type=\"widget\" data-widget_type=\"heading.default\">\n\t\t\t\t<div class=\"elementor-widget-container\">\n\t\t\t\t\t<h1 class=\"elementor-heading-title elementor-size-default\">Formular de \u00eenregistrare la loteria Green Card<\/h1>\t\t\t\t<\/div>\n\t\t\t\t<\/div>\n\t\t\t\t\t<\/div>\n\t\t\t\t<\/div>\n\t\t<div class=\"elementor-element elementor-element-1c60801 e-flex e-con-boxed e-con e-parent\" data-id=\"1c60801\" data-element_type=\"container\" data-e-type=\"container\">\n\t\t\t\t\t<div class=\"e-con-inner\">\n\t\t\t\t<div class=\"elementor-element elementor-element-2e9ffc9 elementor-widget elementor-widget-text-editor\" data-id=\"2e9ffc9\" data-element_type=\"widget\" data-e-type=\"widget\" data-widget_type=\"text-editor.default\">\n\t\t\t\t<div class=\"elementor-widget-container\">\n\t\t\t\t\t\t\t\t\t<p>\u00censcrierea la urm\u0103toarea extragere a Loteriei pentru Green Card se face \u00een \u00eentregime online. Completarea formularului dureaz\u0103 doar c\u00e2teva minute. Asigura\u021bi-v\u0103 cererea c\u00e2t mai devreme posibil pentru a nu rata termenul limit\u0103 de \u00eenscriere.<\/p>\n\t\t\t\t\t\t\t\t<\/div>\n\t\t\t\t<\/div>\n\t\t\t\t\t<\/div>\n\t\t\t\t<\/div>\n\t\t<div class=\"elementor-element elementor-element-9d42428 e-flex e-con-boxed e-con e-parent\" data-id=\"9d42428\" data-element_type=\"container\" data-e-type=\"container\">\n\t\t\t\t\t<div class=\"e-con-inner\">\n\t\t\t\t<div class=\"elementor-element elementor-element-6933e78 elementor-widget elementor-widget-text-editor\" data-id=\"6933e78\" data-element_type=\"widget\" data-e-type=\"widget\" data-widget_type=\"text-editor.default\">\n\t\t\t\t<div class=\"elementor-widget-container\">\n\t\t\t\t\t\t\t\t\t<p>Formularul de \u00eenregistrare se completeaz\u0103 destul de rapid. Trebuie s\u0103 completa\u021bi o serie de date personale \u0219i s\u0103 \u00eendeplini\u021bi anumite condi\u021bii de eligibilitate.<\/p>\n\t\t\t\t\t\t\t\t<\/div>\n\t\t\t\t<\/div>\n\t\t\t\t\t<\/div>\n\t\t\t\t<\/div>\n\t\t<div class=\"elementor-element elementor-element-6306da8 e-flex e-con-boxed e-con e-parent\" data-id=\"6306da8\" data-element_type=\"container\" data-e-type=\"container\">\n\t\t\t\t\t<div class=\"e-con-inner\">\n\t\t\t\t<div class=\"elementor-element elementor-element-b506912 elementor-widget elementor-widget-heading\" data-id=\"b506912\" data-element_type=\"widget\" data-e-type=\"widget\" data-widget_type=\"heading.default\">\n\t\t\t\t<div class=\"elementor-widget-container\">\n\t\t\t\t\t<h2 class=\"elementor-heading-title elementor-size-default\">Cum se completeaz\u0103 formularul<\/h2>\t\t\t\t<\/div>\n\t\t\t\t<\/div>\n\t\t\t\t\t<\/div>\n\t\t\t\t<\/div>\n\t\t<div class=\"elementor-element elementor-element-e5c6b45 e-flex e-con-boxed e-con e-parent\" data-id=\"e5c6b45\" data-element_type=\"container\" data-e-type=\"container\">\n\t\t\t\t\t<div class=\"e-con-inner\">\n\t\t\t\t<div class=\"elementor-element elementor-element-e90f36f elementor-widget elementor-widget-text-editor\" data-id=\"e90f36f\" data-element_type=\"widget\" data-e-type=\"widget\" data-widget_type=\"text-editor.default\">\n\t\t\t\t<div class=\"elementor-widget-container\">\n\t\t\t\t\t\t\t\t\t<p>Formularul se completeaz\u0103 \u00een \u00eentregime online. informa\u021biile necesare pentru validarea \u00eenregistr\u0103rii dumneavoastr\u0103 sunt :<\/p>\n<ul>\n<li>Starea dumneavoastr\u0103 civil\u0103 ;<\/li>\n<li>Locul de re\u0219edin\u021b\u0103 ;<\/li>\n<li>Adresa dumneavoastr\u0103 de e-mail \u0219i num\u0103rul de telefon ;<\/li>\n<li>Nivelul dumneavoastr\u0103 de educa\u021bie ;<\/li>\n<li>Situa\u021bia dumneavoastr\u0103 familial\u0103 ;<\/li>\n<li>Pa\u0219aportul dumneavoastr\u0103 valabil.<\/li>\n<\/ul>\n<div> <\/div>\n<div>Pentru a finaliza \u00eenregistrarea pentru loteria c\u0103r\u021bii verzi, va trebui s\u0103 trimite\u021bi o <span style=\"text-decoration: underline;\"><a href=\"https:\/\/us-gc.net\/ro\/green-card-fotografie\/\">fotografie pentru cartea verde<\/a><\/span> veche de mai pu\u021bin de 6 luni, \u00een formatul solicitat.<\/div>\n\t\t\t\t\t\t\t\t<\/div>\n\t\t\t\t<\/div>\n\t\t\t\t\t<\/div>\n\t\t\t\t<\/div>\n\t\t<div class=\"elementor-element elementor-element-b40a6c1 e-flex e-con-boxed e-con e-parent\" data-id=\"b40a6c1\" data-element_type=\"container\" data-e-type=\"container\">\n\t\t\t\t\t<div class=\"e-con-inner\">\n\t\t\t\t<div class=\"elementor-element elementor-element-844f7e4 elementor-widget elementor-widget-heading\" data-id=\"844f7e4\" data-element_type=\"widget\" data-e-type=\"widget\" data-widget_type=\"heading.default\">\n\t\t\t\t<div class=\"elementor-widget-container\">\n\t\t\t\t\t<h2 class=\"elementor-heading-title elementor-size-default\">Condi\u021bii de eligibilitate<\/h2>\t\t\t\t<\/div>\n\t\t\t\t<\/div>\n\t\t\t\t\t<\/div>\n\t\t\t\t<\/div>\n\t\t<div class=\"elementor-element elementor-element-905f167 e-flex e-con-boxed e-con e-parent\" data-id=\"905f167\" data-element_type=\"container\" data-e-type=\"container\">\n\t\t\t\t\t<div class=\"e-con-inner\">\n\t\t\t\t<div class=\"elementor-element elementor-element-a70162a elementor-widget elementor-widget-text-editor\" data-id=\"a70162a\" data-element_type=\"widget\" data-e-type=\"widget\" data-widget_type=\"text-editor.default\">\n\t\t\t\t<div class=\"elementor-widget-container\">\n\t\t\t\t\t\t\t\t\t<p>Cerin\u021bele de eligibilitate pentru a participa la loteria anual\u0103 a c\u0103r\u021bilor verzi americane sunt foarte simple. Exist\u0103 dou\u0103 criterii principale care trebuie \u00eendeplinite:<\/p>\n<h3>Trebuie s\u0103 fi\u021bi cet\u0103\u021bean al unei \u021b\u0103ri eligibile<\/h3>\n<p>Nu toate \u021b\u0103rile sunt autorizate s\u0103 ia parte la <span style=\"text-decoration: underline;\"><a href=\"https:\/\/us-gc.net\/ro\/loteria-green-card\/\">Loteria c\u0103r\u021bii verzi<\/a><\/span>. Statele Unite \u00eencearc\u0103 s\u0103 men\u021bin\u0103 o popula\u021bie mixt\u0103 de imigran\u021bi. Cet\u0103\u021benii \u021b\u0103rilor \u00een care mai mult de 50.000 de cet\u0103\u021beni au imigrat \u00een Statele Unite \u00een ultimii cinci ani nu sunt eligibili pentru a solicita o <span style=\"text-decoration: underline;\"><a href=\"https:\/\/us-gc.net\/ro\/\">Carte verde<\/a><\/span>. Lista \u021b\u0103rilor ai c\u0103ror cet\u0103\u021beni nu pot participa este publicat\u0103 \u00een fiecare an de USCIS. Iat\u0103 lista \u021b\u0103rilor care nu sunt autorizate s\u0103 participe la extragerea pentru <span style=\"text-decoration: underline;\"><a href=\"https:\/\/us-gc.net\/ro\/loteria-green-card-2025\/\">Loteria Carte Verde 2025<\/a><\/span>.<\/p>\n<h3>Trebuie s\u0103 ave\u021bi un nivel minim de studii superioare<\/h3>\n<p>Pentru a lua parte la <span style=\"text-decoration: underline;\"><a href=\"https:\/\/us-gc.net\/ro\/loteria-cartilor-verzi-din-sua\/\">loteria c\u0103r\u021bilor verzi<\/a><\/span> trebuie s\u0103 ave\u021bi un nivel academic minim. Acest nivel mai ridicat de educa\u021bie poate fi justificat \u00een dou\u0103 moduri:<\/p>\n<ul>\n<li>S\u0103 fi ob\u021binut bacalaureatul sau un titlu echivalent;<\/li>\n<li>S\u0103 fi ocupat o func\u021bie de cel pu\u021bin 2 ani \u00een ultimii 5 ani, care necesit\u0103 cel pu\u021bin 2 ani de formare sau experien\u021b\u0103.<\/li>\n<\/ul>\n\t\t\t\t\t\t\t\t<\/div>\n\t\t\t\t<\/div>\n\t\t\t\t\t<\/div>\n\t\t\t\t<\/div>\n\t\t<div class=\"elementor-element elementor-element-6a0528e e-flex e-con-boxed e-con e-parent\" data-id=\"6a0528e\" data-element_type=\"container\" data-e-type=\"container\">\n\t\t\t\t\t<div class=\"e-con-inner\">\n\t\t\t\t<div class=\"elementor-element elementor-element-57b8aba elementor-widget elementor-widget-heading\" data-id=\"57b8aba\" data-element_type=\"widget\" data-e-type=\"widget\" data-widget_type=\"heading.default\">\n\t\t\t\t<div class=\"elementor-widget-container\">\n\t\t\t\t\t<h2 class=\"elementor-heading-title elementor-size-default\">Rezultatele loteriei Green Card<\/h2>\t\t\t\t<\/div>\n\t\t\t\t<\/div>\n\t\t\t\t\t<\/div>\n\t\t\t\t<\/div>\n\t\t<div class=\"elementor-element elementor-element-5bfb210 e-flex e-con-boxed e-con e-parent\" data-id=\"5bfb210\" data-element_type=\"container\" data-e-type=\"container\">\n\t\t\t\t\t<div class=\"e-con-inner\">\n\t\t\t\t<div class=\"elementor-element elementor-element-2e3ef98 elementor-widget elementor-widget-text-editor\" data-id=\"2e3ef98\" data-element_type=\"widget\" data-e-type=\"widget\" data-widget_type=\"text-editor.default\">\n\t\t\t\t<div class=\"elementor-widget-container\">\n\t\t\t\t\t\t\t\t\t<p>Vizit\u0103 <span style=\"text-decoration: underline;\"><a href=\"https:\/\/us-gc.net\/ro\/rezultate-loteriei-green-card\/\">Rezultatele loteriei Carte verde<\/a><\/span> loteria sunt publicate online \u00een fiecare an. Pentru to\u021bi solicitan\u021bii care au c\u00e2\u0219tigat la tragerea la sor\u021bi, \u00eencepe procesul de ob\u021binere a c\u0103r\u021bii verzi. Acest proces se desf\u0103\u0219oar\u0103 pe parcursul mai multor luni. Etapa final\u0103 este un <span style=\"text-decoration: underline;\"><a href=\"https:\/\/us-gc.net\/ro\/green-card-de-intretinere\/\">interviu pentru ob\u021binerea c\u0103r\u021bii verzi<\/a><\/span>. Acest interviu are loc cu un ofi\u021ber USCIS \u0219i finalizeaz\u0103 procesul.<\/p>\n\t\t\t\t\t\t\t\t<\/div>\n\t\t\t\t<\/div>\n\t\t\t\t\t<\/div>\n\t\t\t\t<\/div>\n\t\t\t\t<\/div>\n\t\t","protected":false},"excerpt":{"rendered":"<p>Formular de \u00eenregistrare la loteria Green Card \u00censcrierea la urm\u0103toarea extragere a Loteriei pentru Green Card se face \u00een \u00eentregime online. Completarea formularului dureaz\u0103 doar c\u00e2teva minute. Asigura\u021bi-v\u0103 cererea c\u00e2t mai devreme posibil pentru a nu rata termenul limit\u0103 de \u00eenscriere. Formularul de \u00eenregistrare se completeaz\u0103 destul de rapid. Trebuie s\u0103 completa\u021bi o serie de [&hellip;]<\/p>\n","protected":false},"author":1,"featured_media":0,"parent":0,"menu_order":0,"comment_status":"closed","ping_status":"closed","template":"","meta":{"footnotes":""},"class_list":["post-4605","page","type-page","status-publish","hentry"],"yoast_head":"<!-- This site is optimized with the Yoast SEO plugin v27.4 - https:\/\/yoast.com\/product\/yoast-seo-wordpress\/ -->\n<title>Formular de \u00eenregistrare online la loteria Green Card - USA GC<\/title>\n<meta name=\"description\" content=\"\u00censcrie\u021bi-v\u0103 direct online pentru a participa la urm\u0103toarea extragere a loteriei American Green Card\" \/>\n<meta name=\"robots\" content=\"index, follow, max-snippet:-1, max-image-preview:large, max-video-preview:-1\" \/>\n<link rel=\"canonical\" href=\"https:\/\/us-gc.net\/ro\/formular-loteria-green-card\/\" \/>\n<meta property=\"og:locale\" content=\"ro_RO\" \/>\n<meta property=\"og:type\" content=\"article\" \/>\n<meta property=\"og:title\" content=\"Formular de \u00eenregistrare online la loteria Green Card - USA GC\" \/>\n<meta property=\"og:description\" content=\"\u00censcrie\u021bi-v\u0103 direct online pentru a participa la urm\u0103toarea extragere a loteriei American Green Card\" \/>\n<meta property=\"og:url\" content=\"https:\/\/us-gc.net\/ro\/formular-loteria-green-card\/\" \/>\n<meta property=\"og:site_name\" content=\"USA GC\" \/>\n<meta property=\"article:modified_time\" content=\"2025-03-31T10:05:57+00:00\" \/>\n<meta name=\"twitter:card\" content=\"summary_large_image\" \/>\n<meta name=\"twitter:label1\" content=\"Timp estimat pentru citire\" \/>\n\t<meta name=\"twitter:data1\" content=\"2 minute\" \/>\n<script type=\"application\/ld+json\" class=\"yoast-schema-graph\">{\"@context\":\"https:\\\/\\\/schema.org\",\"@graph\":[{\"@type\":\"WebPage\",\"@id\":\"https:\\\/\\\/us-gc.net\\\/ro\\\/formular-loteria-green-card\\\/\",\"url\":\"https:\\\/\\\/us-gc.net\\\/ro\\\/formular-loteria-green-card\\\/\",\"name\":\"Formular de \u00eenregistrare online la loteria Green Card - USA GC\",\"isPartOf\":{\"@id\":\"https:\\\/\\\/us-gc.net\\\/ro\\\/#website\"},\"datePublished\":\"2024-02-01T08:19:27+00:00\",\"dateModified\":\"2025-03-31T10:05:57+00:00\",\"description\":\"\u00censcrie\u021bi-v\u0103 direct online pentru a participa la urm\u0103toarea extragere a loteriei American Green Card\",\"breadcrumb\":{\"@id\":\"https:\\\/\\\/us-gc.net\\\/ro\\\/formular-loteria-green-card\\\/#breadcrumb\"},\"inLanguage\":\"ro-RO\",\"potentialAction\":[{\"@type\":\"ReadAction\",\"target\":[\"https:\\\/\\\/us-gc.net\\\/ro\\\/formular-loteria-green-card\\\/\"]}]},{\"@type\":\"BreadcrumbList\",\"@id\":\"https:\\\/\\\/us-gc.net\\\/ro\\\/formular-loteria-green-card\\\/#breadcrumb\",\"itemListElement\":[{\"@type\":\"ListItem\",\"position\":1,\"name\":\"Accueil\",\"item\":\"https:\\\/\\\/us-gc.net\\\/ro\\\/green-card\\\/\"},{\"@type\":\"ListItem\",\"position\":2,\"name\":\"Formular de \u00eenregistrare online la loteria Green Card\"}]},{\"@type\":\"WebSite\",\"@id\":\"https:\\\/\\\/us-gc.net\\\/ro\\\/#website\",\"url\":\"https:\\\/\\\/us-gc.net\\\/ro\\\/\",\"name\":\"USA GC\",\"description\":\"\",\"potentialAction\":[{\"@type\":\"SearchAction\",\"target\":{\"@type\":\"EntryPoint\",\"urlTemplate\":\"https:\\\/\\\/us-gc.net\\\/ro\\\/?s={search_term_string}\"},\"query-input\":{\"@type\":\"PropertyValueSpecification\",\"valueRequired\":true,\"valueName\":\"search_term_string\"}}],\"inLanguage\":\"ro-RO\"}]}<\/script>\n<!-- \/ Yoast SEO plugin. -->","yoast_head_json":{"title":"Formular de \u00eenregistrare online la loteria Green Card - USA GC","description":"\u00censcrie\u021bi-v\u0103 direct online pentru a participa la urm\u0103toarea extragere a loteriei American Green Card","robots":{"index":"index","follow":"follow","max-snippet":"max-snippet:-1","max-image-preview":"max-image-preview:large","max-video-preview":"max-video-preview:-1"},"canonical":"https:\/\/us-gc.net\/ro\/formular-loteria-green-card\/","og_locale":"ro_RO","og_type":"article","og_title":"Formular de \u00eenregistrare online la loteria Green Card - USA GC","og_description":"\u00censcrie\u021bi-v\u0103 direct online pentru a participa la urm\u0103toarea extragere a loteriei American Green Card","og_url":"https:\/\/us-gc.net\/ro\/formular-loteria-green-card\/","og_site_name":"USA GC","article_modified_time":"2025-03-31T10:05:57+00:00","twitter_card":"summary_large_image","twitter_misc":{"Timp estimat pentru citire":"2 minute"},"schema":{"@context":"https:\/\/schema.org","@graph":[{"@type":"WebPage","@id":"https:\/\/us-gc.net\/ro\/formular-loteria-green-card\/","url":"https:\/\/us-gc.net\/ro\/formular-loteria-green-card\/","name":"Formular de \u00eenregistrare online la loteria Green Card - USA GC","isPartOf":{"@id":"https:\/\/us-gc.net\/ro\/#website"},"datePublished":"2024-02-01T08:19:27+00:00","dateModified":"2025-03-31T10:05:57+00:00","description":"\u00censcrie\u021bi-v\u0103 direct online pentru a participa la urm\u0103toarea extragere a loteriei American Green Card","breadcrumb":{"@id":"https:\/\/us-gc.net\/ro\/formular-loteria-green-card\/#breadcrumb"},"inLanguage":"ro-RO","potentialAction":[{"@type":"ReadAction","target":["https:\/\/us-gc.net\/ro\/formular-loteria-green-card\/"]}]},{"@type":"BreadcrumbList","@id":"https:\/\/us-gc.net\/ro\/formular-loteria-green-card\/#breadcrumb","itemListElement":[{"@type":"ListItem","position":1,"name":"Accueil","item":"https:\/\/us-gc.net\/ro\/green-card\/"},{"@type":"ListItem","position":2,"name":"Formular de \u00eenregistrare online la loteria Green Card"}]},{"@type":"WebSite","@id":"https:\/\/us-gc.net\/ro\/#website","url":"https:\/\/us-gc.net\/ro\/","name":"USA GC","description":"","potentialAction":[{"@type":"SearchAction","target":{"@type":"EntryPoint","urlTemplate":"https:\/\/us-gc.net\/ro\/?s={search_term_string}"},"query-input":{"@type":"PropertyValueSpecification","valueRequired":true,"valueName":"search_term_string"}}],"inLanguage":"ro-RO"}]}},"_links":{"self":[{"href":"https:\/\/us-gc.net\/ro\/wp-json\/wp\/v2\/pages\/4605","targetHints":{"allow":["GET"]}}],"collection":[{"href":"https:\/\/us-gc.net\/ro\/wp-json\/wp\/v2\/pages"}],"about":[{"href":"https:\/\/us-gc.net\/ro\/wp-json\/wp\/v2\/types\/page"}],"author":[{"embeddable":true,"href":"https:\/\/us-gc.net\/ro\/wp-json\/wp\/v2\/users\/1"}],"replies":[{"embeddable":true,"href":"https:\/\/us-gc.net\/ro\/wp-json\/wp\/v2\/comments?post=4605"}],"version-history":[{"count":4,"href":"https:\/\/us-gc.net\/ro\/wp-json\/wp\/v2\/pages\/4605\/revisions"}],"predecessor-version":[{"id":10087,"href":"https:\/\/us-gc.net\/ro\/wp-json\/wp\/v2\/pages\/4605\/revisions\/10087"}],"wp:attachment":[{"href":"https:\/\/us-gc.net\/ro\/wp-json\/wp\/v2\/media?parent=4605"}],"curies":[{"name":"wp","href":"https:\/\/api.w.org\/{rel}","templated":true}]}}