{"id":4603,"date":"2024-01-31T16:45:20","date_gmt":"2024-01-31T16:45:20","guid":{"rendered":"https:\/\/green-card-usa.net\/diferenta-intre-green-card-si-viza\/"},"modified":"2024-12-30T09:38:52","modified_gmt":"2024-12-30T09:38:52","slug":"diferenta-intre-green-card-si-viza","status":"publish","type":"page","link":"https:\/\/us-gc.net\/ro\/diferenta-intre-green-card-si-viza\/","title":{"rendered":"Diferen\u021ba dintre Green Card \u0219i viza pentru SUA"},"content":{"rendered":"\n<h1 class=\"wp-block-heading\" id=\"h-quelle-est-la-difference-entre-une-green-card-et-un-visa-americain\">Care este diferen\u021ba dintre o Green Card \u0219i o viz\u0103 american\u0103?<\/h1>\n\n<p>Termenii &#8222;carte verde&#8221; \u0219i &#8222;viz\u0103 american\u0103&#8221; sunt uneori confunda\u021bi, \u00eens\u0103 ace\u0219tia reprezint\u0103 permise de \u0219edere \u00een Statele Unite cu totul diferite. Pentru a v\u0103 ajuta s\u0103 \u00een\u021belege\u021bi diferen\u021bele, v\u0103 vom prezenta principiile celor dou\u0103 autoriza\u021bii \u0219i principalele diferen\u021be dintre ele.<\/p>\n\n<h2 class=\"wp-block-heading\" id=\"h-qu-est-ce-qu-une-green-card\">Ce este o Green Card?<\/h2>\n\n<p><a href=\"https:\/\/us-gc.net\/ro\/\">Green Card<\/a> este un permis de \u0219edere permanent\u0103. Acesta \u00eei permite titularului s\u0103u s\u0103 locuiasc\u0103 \u0219i s\u0103 lucreze permanent \u00een Statele Unite. Spre deosebire de o viz\u0103 temporar\u0103, cartea verde confer\u0103 statutul de rezident permanent. Aceasta deschide calea c\u0103tre cet\u0103\u021benia american\u0103 dup\u0103 o anumit\u0103 perioad\u0103.<\/p>\n\n<h2 class=\"wp-block-heading\" id=\"h-qu-est-ce-qu-un-visa-americain\">Ce este o viz\u0103 american\u0103?<\/h2>\n\n<p>O viz\u0103 american\u0103 este un document eliberat de o ambasad\u0103 american\u0103 care permite unei persoane s\u0103 se deplaseze la grani\u021ba SUA \u0219i s\u0103 solicite permisiunea de a intra \u00een \u021bar\u0103. Vizele sunt destinate \u0219ederii temporare sau imigra\u021biei permanente, dar nu confer\u0103 statutul de rezident permanent.<\/p>\n\n<h2 class=\"wp-block-heading\" id=\"h-les-differences-cles-entre-visa-et-green-card\">Principalele diferen\u021be dintre viz\u0103 \u0219i cartea verde<\/h2>\n\n<ol class=\"wp-block-list\">\n<li><strong>Scop<\/strong>: Green Card este destinat\u0103 celor care doresc s\u0103 devin\u0103 reziden\u021bi permanen\u021bi permanen\u021bi \u00een Statele Unite. O viz\u0103 american\u0103 este utilizat\u0103 pentru a intra temporar \u00een Statele Unite sau pentru a emigra \u00eenainte de a ob\u021bine o Green Card.<\/li>\n\n\n\n<li><strong>Durat\u0103<\/strong>: Green Card este valabil\u0103 timp de 10 ani pentru reziden\u021bii permanen\u021bi \u0219i trebuie re\u00eennoit\u0103, dar statutul r\u0103m\u00e2ne permanent. Vizele au o durat\u0103 specific\u0103, determinat\u0103 de tipul de viz\u0103 \u0219i de scopul \u0219ederii.<\/li>\n\n\n\n<li><strong>Drepturi acordate<\/strong>: De\u021bin\u0103torii de Green Card pot lucra oriunde \u00een Statele Unite \u0219i se pot bucura de anumite beneficii sociale. De\u021bin\u0103torii de vize sunt limita\u021bi de condi\u021biile specifice ale vizei lor.<\/li>\n\n\n\n<li><strong>Procesul de solicitare<\/strong>: Procedura de ob\u021binere a unei c\u0103r\u021bi verzi se bazeaz\u0103 adesea pe familie, pe ocuparea unui loc de munc\u0103 sau pe alte categorii speciale. De asemenea, este posibil s\u0103 se ob\u021bin\u0103 o <a href=\"https:\/\/us-gc.net\/ro\/loteria-green-card\/\">Green Card prin tragere la sor\u021bi<\/a>. Procesul de ob\u021binere a vizei \u00eencepe, \u00een general, cu o cerere adresat\u0103 ambasadei sau consulatului SUA.<\/li>\n<\/ol>\n","protected":false},"excerpt":{"rendered":"<p>Care este diferen\u021ba dintre o Green Card \u0219i o viz\u0103 american\u0103? Termenii &#8222;carte verde&#8221; \u0219i &#8222;viz\u0103 american\u0103&#8221; sunt uneori confunda\u021bi, \u00eens\u0103 ace\u0219tia reprezint\u0103 permise de \u0219edere \u00een Statele Unite cu totul diferite. Pentru a v\u0103 ajuta s\u0103 \u00een\u021belege\u021bi diferen\u021bele, v\u0103 vom prezenta principiile celor dou\u0103 autoriza\u021bii \u0219i principalele diferen\u021be dintre ele. Ce este o Green [&hellip;]<\/p>\n","protected":false},"author":1,"featured_media":0,"parent":0,"menu_order":0,"comment_status":"closed","ping_status":"closed","template":"","meta":{"footnotes":""},"class_list":["post-4603","page","type-page","status-publish","hentry"],"yoast_head":"<!-- This site is optimized with the Yoast SEO plugin v27.4 - https:\/\/yoast.com\/product\/yoast-seo-wordpress\/ -->\n<title>Diferen\u021ba dintre Green Card \u0219i viza pentru SUA - USA GC<\/title>\n<meta name=\"description\" content=\"Care este diferen\u021ba dintre o Green Card \u0219i o viz\u0103 de c\u0103l\u0103torie \u00een SUA? Aceste dou\u0103 documente nu au aceea\u0219i func\u021bie.\" \/>\n<meta name=\"robots\" content=\"index, follow, max-snippet:-1, max-image-preview:large, max-video-preview:-1\" \/>\n<link rel=\"canonical\" href=\"https:\/\/us-gc.net\/ro\/diferenta-intre-green-card-si-viza\/\" \/>\n<meta property=\"og:locale\" content=\"ro_RO\" \/>\n<meta property=\"og:type\" content=\"article\" \/>\n<meta property=\"og:title\" content=\"Diferen\u021ba dintre Green Card \u0219i viza pentru SUA - USA GC\" \/>\n<meta property=\"og:description\" content=\"Care este diferen\u021ba dintre o Green Card \u0219i o viz\u0103 de c\u0103l\u0103torie \u00een SUA? Aceste dou\u0103 documente nu au aceea\u0219i func\u021bie.\" \/>\n<meta property=\"og:url\" content=\"https:\/\/us-gc.net\/ro\/diferenta-intre-green-card-si-viza\/\" \/>\n<meta property=\"og:site_name\" content=\"USA GC\" \/>\n<meta property=\"article:modified_time\" content=\"2024-12-30T09:38:52+00:00\" \/>\n<meta name=\"twitter:card\" content=\"summary_large_image\" \/>\n<meta name=\"twitter:label1\" content=\"Timp estimat pentru citire\" \/>\n\t<meta name=\"twitter:data1\" content=\"2 minute\" \/>\n<script type=\"application\/ld+json\" class=\"yoast-schema-graph\">{\"@context\":\"https:\\\/\\\/schema.org\",\"@graph\":[{\"@type\":\"WebPage\",\"@id\":\"https:\\\/\\\/us-gc.net\\\/ro\\\/diferenta-intre-green-card-si-viza\\\/\",\"url\":\"https:\\\/\\\/us-gc.net\\\/ro\\\/diferenta-intre-green-card-si-viza\\\/\",\"name\":\"Diferen\u021ba dintre Green Card \u0219i viza pentru SUA - USA GC\",\"isPartOf\":{\"@id\":\"https:\\\/\\\/us-gc.net\\\/ro\\\/#website\"},\"datePublished\":\"2024-01-31T16:45:20+00:00\",\"dateModified\":\"2024-12-30T09:38:52+00:00\",\"description\":\"Care este diferen\u021ba dintre o Green Card \u0219i o viz\u0103 de c\u0103l\u0103torie \u00een SUA? Aceste dou\u0103 documente nu au aceea\u0219i func\u021bie.\",\"breadcrumb\":{\"@id\":\"https:\\\/\\\/us-gc.net\\\/ro\\\/diferenta-intre-green-card-si-viza\\\/#breadcrumb\"},\"inLanguage\":\"ro-RO\",\"potentialAction\":[{\"@type\":\"ReadAction\",\"target\":[\"https:\\\/\\\/us-gc.net\\\/ro\\\/diferenta-intre-green-card-si-viza\\\/\"]}]},{\"@type\":\"BreadcrumbList\",\"@id\":\"https:\\\/\\\/us-gc.net\\\/ro\\\/diferenta-intre-green-card-si-viza\\\/#breadcrumb\",\"itemListElement\":[{\"@type\":\"ListItem\",\"position\":1,\"name\":\"Accueil\",\"item\":\"https:\\\/\\\/us-gc.net\\\/ro\\\/green-card\\\/\"},{\"@type\":\"ListItem\",\"position\":2,\"name\":\"Diferen\u021ba dintre Green Card \u0219i viza pentru SUA\"}]},{\"@type\":\"WebSite\",\"@id\":\"https:\\\/\\\/us-gc.net\\\/ro\\\/#website\",\"url\":\"https:\\\/\\\/us-gc.net\\\/ro\\\/\",\"name\":\"USA GC\",\"description\":\"\",\"potentialAction\":[{\"@type\":\"SearchAction\",\"target\":{\"@type\":\"EntryPoint\",\"urlTemplate\":\"https:\\\/\\\/us-gc.net\\\/ro\\\/?s={search_term_string}\"},\"query-input\":{\"@type\":\"PropertyValueSpecification\",\"valueRequired\":true,\"valueName\":\"search_term_string\"}}],\"inLanguage\":\"ro-RO\"}]}<\/script>\n<!-- \/ Yoast SEO plugin. -->","yoast_head_json":{"title":"Diferen\u021ba dintre Green Card \u0219i viza pentru SUA - USA GC","description":"Care este diferen\u021ba dintre o Green Card \u0219i o viz\u0103 de c\u0103l\u0103torie \u00een SUA? Aceste dou\u0103 documente nu au aceea\u0219i func\u021bie.","robots":{"index":"index","follow":"follow","max-snippet":"max-snippet:-1","max-image-preview":"max-image-preview:large","max-video-preview":"max-video-preview:-1"},"canonical":"https:\/\/us-gc.net\/ro\/diferenta-intre-green-card-si-viza\/","og_locale":"ro_RO","og_type":"article","og_title":"Diferen\u021ba dintre Green Card \u0219i viza pentru SUA - USA GC","og_description":"Care este diferen\u021ba dintre o Green Card \u0219i o viz\u0103 de c\u0103l\u0103torie \u00een SUA? Aceste dou\u0103 documente nu au aceea\u0219i func\u021bie.","og_url":"https:\/\/us-gc.net\/ro\/diferenta-intre-green-card-si-viza\/","og_site_name":"USA GC","article_modified_time":"2024-12-30T09:38:52+00:00","twitter_card":"summary_large_image","twitter_misc":{"Timp estimat pentru citire":"2 minute"},"schema":{"@context":"https:\/\/schema.org","@graph":[{"@type":"WebPage","@id":"https:\/\/us-gc.net\/ro\/diferenta-intre-green-card-si-viza\/","url":"https:\/\/us-gc.net\/ro\/diferenta-intre-green-card-si-viza\/","name":"Diferen\u021ba dintre Green Card \u0219i viza pentru SUA - USA GC","isPartOf":{"@id":"https:\/\/us-gc.net\/ro\/#website"},"datePublished":"2024-01-31T16:45:20+00:00","dateModified":"2024-12-30T09:38:52+00:00","description":"Care este diferen\u021ba dintre o Green Card \u0219i o viz\u0103 de c\u0103l\u0103torie \u00een SUA? Aceste dou\u0103 documente nu au aceea\u0219i func\u021bie.","breadcrumb":{"@id":"https:\/\/us-gc.net\/ro\/diferenta-intre-green-card-si-viza\/#breadcrumb"},"inLanguage":"ro-RO","potentialAction":[{"@type":"ReadAction","target":["https:\/\/us-gc.net\/ro\/diferenta-intre-green-card-si-viza\/"]}]},{"@type":"BreadcrumbList","@id":"https:\/\/us-gc.net\/ro\/diferenta-intre-green-card-si-viza\/#breadcrumb","itemListElement":[{"@type":"ListItem","position":1,"name":"Accueil","item":"https:\/\/us-gc.net\/ro\/green-card\/"},{"@type":"ListItem","position":2,"name":"Diferen\u021ba dintre Green Card \u0219i viza pentru SUA"}]},{"@type":"WebSite","@id":"https:\/\/us-gc.net\/ro\/#website","url":"https:\/\/us-gc.net\/ro\/","name":"USA GC","description":"","potentialAction":[{"@type":"SearchAction","target":{"@type":"EntryPoint","urlTemplate":"https:\/\/us-gc.net\/ro\/?s={search_term_string}"},"query-input":{"@type":"PropertyValueSpecification","valueRequired":true,"valueName":"search_term_string"}}],"inLanguage":"ro-RO"}]}},"_links":{"self":[{"href":"https:\/\/us-gc.net\/ro\/wp-json\/wp\/v2\/pages\/4603","targetHints":{"allow":["GET"]}}],"collection":[{"href":"https:\/\/us-gc.net\/ro\/wp-json\/wp\/v2\/pages"}],"about":[{"href":"https:\/\/us-gc.net\/ro\/wp-json\/wp\/v2\/types\/page"}],"author":[{"embeddable":true,"href":"https:\/\/us-gc.net\/ro\/wp-json\/wp\/v2\/users\/1"}],"replies":[{"embeddable":true,"href":"https:\/\/us-gc.net\/ro\/wp-json\/wp\/v2\/comments?post=4603"}],"version-history":[{"count":1,"href":"https:\/\/us-gc.net\/ro\/wp-json\/wp\/v2\/pages\/4603\/revisions"}],"predecessor-version":[{"id":7598,"href":"https:\/\/us-gc.net\/ro\/wp-json\/wp\/v2\/pages\/4603\/revisions\/7598"}],"wp:attachment":[{"href":"https:\/\/us-gc.net\/ro\/wp-json\/wp\/v2\/media?parent=4603"}],"curies":[{"name":"wp","href":"https:\/\/api.w.org\/{rel}","templated":true}]}}