{"id":905,"date":"2024-01-31T07:57:06","date_gmt":"2024-01-31T07:57:06","guid":{"rendered":"https:\/\/green-card-usa.net\/green-card-loteria\/"},"modified":"2025-02-21T09:13:33","modified_gmt":"2025-02-21T09:13:33","slug":"green-card-loteria","status":"publish","type":"page","link":"https:\/\/us-gc.net\/pt-br\/green-card-loteria\/","title":{"rendered":"Loteria do Green Card americano"},"content":{"rendered":"\n<h1 class=\"wp-block-heading\" id=\"h-loterie-americaine-pour-obtenir-une-green-card\">Loteria americana para obter um Green Card<\/h1>\n\n<p>Todos os anos, mais de 50.000 pessoas em todo o mundo obt\u00eam um Green Card gra\u00e7as \u00e0 loteria americana. Para ganhar o direito a um Green Card, os solicitantes participam de um sorteio aleat\u00f3rio realizado por computador uma vez por ano.<\/p>\n\n<p><strong>Participe dessa loteria anual registrando-se on-line<\/strong> em apenas alguns minutos, clicando no <a href=\"https:\/\/us-gc.net\/pt-br\/green-card-loteria-formulario\/\">formul\u00e1rio on-line<\/a>.  <\/p>\n\n<div style=\"height:10px\" aria-hidden=\"true\" class=\"wp-block-spacer\"><\/div>\n\n<h2 class=\"wp-block-heading\" id=\"h-qu-est-ce-que-la-loterie-de-la-green-card\">O que \u00e9 a loteria do Green Card?<\/h2>\n\n<p>Os Estados Unidos criaram um programa para gerenciar a diversidade da imigra\u00e7\u00e3o estrangeira. Esse processo \u00e9 chamado de Programa de Visto de Diversidade. Ele inclui um sorteio anual entre os candidatos a imigrar para os EUA. Os vencedores podem se candidatar a um <a href=\"https:\/\/us-gc.net\/pt-br\/green-card\/\">Green Card<\/a> no \u00e2mbito do Programa de Visto de Diversidade.<\/p>\n\n<h2 class=\"wp-block-heading\" id=\"h-quand-se-deroule-la-loterie-de-la-green-card\">Quando \u00e9 realizada a loteria do Green Card?<\/h2>\n\n<p>As inscri\u00e7\u00f5es para o sorteio da loteria do Green Card s\u00e3o feitas durante um per\u00edodo definido pela administra\u00e7\u00e3o dos EUA. Essa fase de registro ocorre da seguinte forma:<\/p>\n\n<ul class=\"wp-block-list\">\n<li>O per\u00edodo de registro come\u00e7a na primeira semana de outubro;<\/li>\n\n\n\n<li>As inscri\u00e7\u00f5es se encerram na primeira semana de novembro.<\/li>\n<\/ul>\n\n<div style=\"height:10px\" aria-hidden=\"true\" class=\"wp-block-spacer\"><\/div>\n\n<p>O sorteio final \u00e9 realizado em novembro de cada ano.<\/p>\n\n<h2 class=\"wp-block-heading\" id=\"h-comment-s-inscrire-a-la-loterie\">Como fa\u00e7o para participar da loteria?<\/h2>\n\n<p>O registro \u00e9 somente on-line. H\u00e1 dois est\u00e1gios principais para o registro:<\/p>\n\n<ul class=\"wp-block-list\">\n<li>Os candidatos devem verificar sua elegibilidade para participar da loteria do Programa de Visto de Diversidade<\/li>\n\n\n\n<li>Os candidatos devem preencher um formul\u00e1rio on-line para se inscreverem na loteria.<\/li>\n<\/ul>\n\n<h3 class=\"wp-block-heading\" id=\"h-verifier-son-eligibilite-pour-participer-a-la-loterie\">Verifique sua elegibilidade para participar da loteria<\/h3>\n\n<p><strong>A primeira condi\u00e7\u00e3o de elegibilidade<\/strong>: a primeira condi\u00e7\u00e3o para participar da loteria do Green Card \u00e9 n\u00e3o ser cidad\u00e3o de um pa\u00eds que n\u00e3o esteja autorizado a participar.<\/p>\n\n<p>Os Estados Unidos querem manter uma popula\u00e7\u00e3o mista de imigrantes. Todos os anos, o governo dos EUA decide quais <a href=\"https:\/\/us-gc.net\/pt-br\/loteria-green-card-paises-nao-participantes\/\">pa\u00edses n\u00e3o t\u00eam permiss\u00e3o para participar da loteria do Green Card<\/a>. Essa sele\u00e7\u00e3o de pa\u00edses n\u00e3o participantes \u00e9 baseada na seguinte regra: Cidad\u00e3os de pa\u00edses onde mais de 50.000 cidad\u00e3os imigraram para os Estados Unidos nos \u00faltimos cinco anos n\u00e3o podem participar do sorteio deste ano.<\/p>\n\n<p><strong>A segunda condi\u00e7\u00e3o de elegibilidade <\/strong>: o candidato deve ter um diploma de bacharelado ou ter ocupado um cargo por 2 anos ou mais nos \u00faltimos 5 anos, o que exige um n\u00edvel de treinamento ou experi\u00eancia de pelo menos 2 anos.<\/p>\n\n<h3 class=\"wp-block-heading\" id=\"h-s-inscrire-en-ligne-a-la-loterie\">Registre-se para a loteria on-line<\/h3>\n\n<p>Voc\u00ea pode se inscrever na <a href=\"https:\/\/us-gc.net\/pt-br\/cartao-verde-loteria-americana\/\">loteria do Green Card<\/a> on-line em apenas alguns minutos, preenchendo o <a href=\"https:\/\/us-gc.net\/pt-br\/green-card-loteria-formulario\/\">formul\u00e1rio on-line<\/a>.  <\/p>\n\n<h2 class=\"wp-block-heading\" id=\"h-comment-connaitre-les-resultats-de-la-loterie-de-la-green-card\">Como posso saber os resultados da loteria do Green Card?<\/h2>\n\n<p>Os <a href=\"https:\/\/us-gc.net\/pt-br\/resultados-loteria-green-card\/\">resultados do sorteio do Green Card<\/a> s\u00e3o publicados todos os anos, pelo menos seis meses ap\u00f3s o sorteio de novembro. Os resultados do sorteio da loteria s\u00e3o publicados on-line a partir de maio do ano seguinte.<\/p>\n\n<p>O Departamento de Estado dos EUA, que gerencia o Programa de Visto de Diversidade, publica estat\u00edsticas on-line sobre os candidatos que participam da loteria a cada ano.  <\/p>\n\n<h2 class=\"wp-block-heading\" id=\"h-est-ce-qu-il-y-a-des-quotas-par-pays-pour-la-loterie\">H\u00e1 cotas por pa\u00eds para a loteria?<\/h2>\n\n<p>N\u00e3o h\u00e1 cotas por pa\u00eds quando voc\u00ea se inscreve para participar da loteria do Green Card. Por outro lado, o Programa de Visto de Diversidade estabelece cotas por pa\u00eds para a aloca\u00e7\u00e3o final de vistos resultantes do programa de diversidade: <strong>os cidad\u00e3os de um \u00fanico pa\u00eds n\u00e3o podem representar mais de 7% do n\u00famero total de vencedores<\/strong>.<\/p>\n\n<p><strong>Exemplo para 2023<\/strong>: Para um total de 55.000 Green Cards emitidos em 2023, nenhum pa\u00eds poderia ter mais de 7% deles, ou seja, um m\u00e1ximo de 3.850 Green Cards.<\/p>\n\n<h2 class=\"wp-block-heading\" id=\"h-synthese-des-candidats-ayant-participes-a-la-loterie-de-2019-a-2021\">Resumo dos candidatos que participaram da loteria de 2019 a 2021<\/h2>\n\n<p>Os \u00faltimos n\u00fameros publicados pelo Departamento de Estado dos EUA sobre o n\u00famero de solicita\u00e7\u00f5es on-line para a loteria do Green Card s\u00e3o referentes a 2021. Aqui est\u00e1 um resumo da participa\u00e7\u00e3o de 2019 a 2021, dividida por \u00e1rea geogr\u00e1fica:  <\/p>\n\n<figure class=\"wp-block-table\"><table><tbody><tr><td><strong>Zonas geogr\u00e1ficas <\/strong><\/td><td class=\"has-text-align-center\" data-align=\"center\"><strong>2019<\/strong><\/td><td class=\"has-text-align-center\" data-align=\"center\"><strong>2020<\/strong><\/td><td class=\"has-text-align-center\" data-align=\"center\"><strong>2021<\/strong><\/td><\/tr><tr><td><a href=\"https:\/\/us-gc.net\/pt-br\/loteria-green-card-paises-africa\/\">Pa\u00edses africanos<\/a><\/td><td class=\"has-text-align-center\" data-align=\"center\">7 832 894<\/td><td class=\"has-text-align-center\" data-align=\"center\">8 145 390<\/td><td class=\"has-text-align-center\" data-align=\"center\">3 100 982<\/td><\/tr><tr><td><a href=\"https:\/\/us-gc.net\/pt-br\/loteria-green-card-paises-asiaticos\/\">Pa\u00edses asi\u00e1ticos<\/a><\/td><td class=\"has-text-align-center\" data-align=\"center\">1 871 824<\/td><td class=\"has-text-align-center\" data-align=\"center\">1 952 489<\/td><td class=\"has-text-align-center\" data-align=\"center\">1 281 046<\/td><\/tr><tr><td><a href=\"https:\/\/us-gc.net\/pt-br\/loteria-green-card-europa\/\">Pa\u00edses da Europa<\/a><\/td><td class=\"has-text-align-center\" data-align=\"center\">4 349 555<\/td><td class=\"has-text-align-center\" data-align=\"center\">4 072 324<\/td><td class=\"has-text-align-center\" data-align=\"center\">2 014 089<\/td><\/tr><tr><td>Pa\u00edses da Am\u00e9rica do Norte (Bahamas)<\/td><td class=\"has-text-align-center\" data-align=\"center\">1 506<\/td><td class=\"has-text-align-center\" data-align=\"center\">1 445<\/td><td class=\"has-text-align-center\" data-align=\"center\">937<\/td><\/tr><tr><td>Oceania<\/td><td class=\"has-text-align-center\" data-align=\"center\">23 201<\/td><td class=\"has-text-align-center\" data-align=\"center\">22 722<\/td><td class=\"has-text-align-center\" data-align=\"center\">16 672<\/td><\/tr><tr><td>Pa\u00edses da Am\u00e9rica Central e do Sul<\/td><td class=\"has-text-align-center\" data-align=\"center\">273 033<\/td><td class=\"has-text-align-center\" data-align=\"center\">528 428<\/td><td class=\"has-text-align-center\" data-align=\"center\">327 402<\/td><\/tr><tr><td><strong>N\u00famero total de solicita\u00e7\u00f5es<\/strong><\/td><td class=\"has-text-align-center\" data-align=\"center\"><strong>14 352 013<\/strong><\/td><td class=\"has-text-align-center\" data-align=\"center\"><strong>14 722 798<\/strong><\/td><td class=\"has-text-align-center\" data-align=\"center\"><strong>6 741 128<\/strong><\/td><\/tr><\/tbody><\/table><\/figure>\n\n<p>Essas estat\u00edsticas foram compiladas a partir de dados p\u00fablicos publicados pelo Departamento de Estado em <a href=\"https:\/\/travel.state.gov\/content\/travel\/en\/us-visas\/immigrate\/diversity-visa-program-entry\/diversity-visa-program-statistics.html\">travel.state.gov<\/a>.<\/p>\n\n<h2 class=\"wp-block-heading\" id=\"h-qu-est-ce-qu-il-se-passe-apres-la-loterie-de-la-green-card\">O que acontece depois da loteria do Green Card?<\/h2>\n\n<p>Os ganhadores da loteria devem seguir uma s\u00e9rie de etapas ap\u00f3s ganharem a loteria. As pr\u00f3ximas etapas do procedimento s\u00e3o :<\/p>\n\n<ul class=\"wp-block-list\">\n<li>Preencher o <a href=\"https:\/\/travel.state.gov\/content\/travel\/en\/us-visas\/visa-information-resources\/forms\/online-immigrant-visa-forms\/ds-260-faqs.html\">formul\u00e1rio DS-260<\/a> de solicita\u00e7\u00e3o de visto.<\/li>\n\n\n\n<li>Pagamento das <a href=\"https:\/\/us-gc.net\/pt-br\/preco-green-card\/\">taxas necess\u00e1rias para obter o Green Card<\/a> como parte dessa solicita\u00e7\u00e3o obrigat\u00f3ria de visto;<\/li>\n\n\n\n<li>Uma <a href=\"https:\/\/us-gc.net\/pt-br\/green-card-entrevista\/\">entrevista para o Green Card<\/a> com um funcion\u00e1rio do Programa de Vistos de Diversidade do USCIS;<\/li>\n\n\n\n<li>Realizar um exame m\u00e9dico.<\/li>\n<\/ul>\n\n<div style=\"height:10px\" aria-hidden=\"true\" class=\"wp-block-spacer\"><\/div>\n","protected":false},"excerpt":{"rendered":"<p>Loteria americana para obter um Green Card Todos os anos, mais de 50.000 pessoas em todo o mundo obt\u00eam um Green Card gra\u00e7as \u00e0 loteria americana. Para ganhar o direito a um Green Card, os solicitantes participam de um sorteio aleat\u00f3rio realizado por computador uma vez por ano. Participe dessa loteria anual registrando-se on-line em [&hellip;]<\/p>\n","protected":false},"author":1,"featured_media":0,"parent":0,"menu_order":0,"comment_status":"closed","ping_status":"closed","template":"","meta":{"footnotes":""},"class_list":["post-905","page","type-page","status-publish","hentry"],"yoast_head":"<!-- This site is optimized with the Yoast SEO plugin v27.2 - https:\/\/yoast.com\/product\/yoast-seo-wordpress\/ -->\n<title>Loteria do Green Card americano - USA GC<\/title>\n<meta name=\"description\" content=\"Participe da loteria americana anual para obter um Green Card como 50.000 outros ganhadores em um sorteio aleat\u00f3rio.\" \/>\n<meta name=\"robots\" content=\"index, follow, max-snippet:-1, max-image-preview:large, max-video-preview:-1\" \/>\n<link rel=\"canonical\" href=\"https:\/\/us-gc.net\/pt-br\/green-card-loteria\/\" \/>\n<meta property=\"og:locale\" content=\"pt_BR\" \/>\n<meta property=\"og:type\" content=\"article\" \/>\n<meta property=\"og:title\" content=\"Loteria do Green Card americano - USA GC\" \/>\n<meta property=\"og:description\" content=\"Participe da loteria americana anual para obter um Green Card como 50.000 outros ganhadores em um sorteio aleat\u00f3rio.\" \/>\n<meta property=\"og:url\" content=\"https:\/\/us-gc.net\/pt-br\/green-card-loteria\/\" \/>\n<meta property=\"og:site_name\" content=\"USA GC\" \/>\n<meta property=\"article:modified_time\" content=\"2025-02-21T09:13:33+00:00\" \/>\n<meta name=\"twitter:card\" content=\"summary_large_image\" \/>\n<meta name=\"twitter:label1\" content=\"Est. tempo de leitura\" \/>\n\t<meta name=\"twitter:data1\" content=\"4 minutos\" \/>\n<script type=\"application\/ld+json\" class=\"yoast-schema-graph\">{\"@context\":\"https:\/\/schema.org\",\"@graph\":[{\"@type\":\"WebPage\",\"@id\":\"https:\/\/us-gc.net\/pt-br\/green-card-loteria\/\",\"url\":\"https:\/\/us-gc.net\/pt-br\/green-card-loteria\/\",\"name\":\"Loteria do Green Card americano - USA GC\",\"isPartOf\":{\"@id\":\"https:\/\/us-gc.net\/pt-br\/#website\"},\"datePublished\":\"2024-01-31T07:57:06+00:00\",\"dateModified\":\"2025-02-21T09:13:33+00:00\",\"description\":\"Participe da loteria americana anual para obter um Green Card como 50.000 outros ganhadores em um sorteio aleat\u00f3rio.\",\"breadcrumb\":{\"@id\":\"https:\/\/us-gc.net\/pt-br\/green-card-loteria\/#breadcrumb\"},\"inLanguage\":\"pt-BR\",\"potentialAction\":[{\"@type\":\"ReadAction\",\"target\":[\"https:\/\/us-gc.net\/pt-br\/green-card-loteria\/\"]}]},{\"@type\":\"BreadcrumbList\",\"@id\":\"https:\/\/us-gc.net\/pt-br\/green-card-loteria\/#breadcrumb\",\"itemListElement\":[{\"@type\":\"ListItem\",\"position\":1,\"name\":\"Accueil\",\"item\":\"https:\/\/us-gc.net\/pt-br\/green-card\/\"},{\"@type\":\"ListItem\",\"position\":2,\"name\":\"Loteria do Green Card americano\"}]},{\"@type\":\"WebSite\",\"@id\":\"https:\/\/us-gc.net\/pt-br\/#website\",\"url\":\"https:\/\/us-gc.net\/pt-br\/\",\"name\":\"USA GC\",\"description\":\"\",\"potentialAction\":[{\"@type\":\"SearchAction\",\"target\":{\"@type\":\"EntryPoint\",\"urlTemplate\":\"https:\/\/us-gc.net\/pt-br\/?s={search_term_string}\"},\"query-input\":{\"@type\":\"PropertyValueSpecification\",\"valueRequired\":true,\"valueName\":\"search_term_string\"}}],\"inLanguage\":\"pt-BR\"}]}<\/script>\n<!-- \/ Yoast SEO plugin. -->","yoast_head_json":{"title":"Loteria do Green Card americano - USA GC","description":"Participe da loteria americana anual para obter um Green Card como 50.000 outros ganhadores em um sorteio aleat\u00f3rio.","robots":{"index":"index","follow":"follow","max-snippet":"max-snippet:-1","max-image-preview":"max-image-preview:large","max-video-preview":"max-video-preview:-1"},"canonical":"https:\/\/us-gc.net\/pt-br\/green-card-loteria\/","og_locale":"pt_BR","og_type":"article","og_title":"Loteria do Green Card americano - USA GC","og_description":"Participe da loteria americana anual para obter um Green Card como 50.000 outros ganhadores em um sorteio aleat\u00f3rio.","og_url":"https:\/\/us-gc.net\/pt-br\/green-card-loteria\/","og_site_name":"USA GC","article_modified_time":"2025-02-21T09:13:33+00:00","twitter_card":"summary_large_image","twitter_misc":{"Est. tempo de leitura":"4 minutos"},"schema":{"@context":"https:\/\/schema.org","@graph":[{"@type":"WebPage","@id":"https:\/\/us-gc.net\/pt-br\/green-card-loteria\/","url":"https:\/\/us-gc.net\/pt-br\/green-card-loteria\/","name":"Loteria do Green Card americano - USA GC","isPartOf":{"@id":"https:\/\/us-gc.net\/pt-br\/#website"},"datePublished":"2024-01-31T07:57:06+00:00","dateModified":"2025-02-21T09:13:33+00:00","description":"Participe da loteria americana anual para obter um Green Card como 50.000 outros ganhadores em um sorteio aleat\u00f3rio.","breadcrumb":{"@id":"https:\/\/us-gc.net\/pt-br\/green-card-loteria\/#breadcrumb"},"inLanguage":"pt-BR","potentialAction":[{"@type":"ReadAction","target":["https:\/\/us-gc.net\/pt-br\/green-card-loteria\/"]}]},{"@type":"BreadcrumbList","@id":"https:\/\/us-gc.net\/pt-br\/green-card-loteria\/#breadcrumb","itemListElement":[{"@type":"ListItem","position":1,"name":"Accueil","item":"https:\/\/us-gc.net\/pt-br\/green-card\/"},{"@type":"ListItem","position":2,"name":"Loteria do Green Card americano"}]},{"@type":"WebSite","@id":"https:\/\/us-gc.net\/pt-br\/#website","url":"https:\/\/us-gc.net\/pt-br\/","name":"USA GC","description":"","potentialAction":[{"@type":"SearchAction","target":{"@type":"EntryPoint","urlTemplate":"https:\/\/us-gc.net\/pt-br\/?s={search_term_string}"},"query-input":{"@type":"PropertyValueSpecification","valueRequired":true,"valueName":"search_term_string"}}],"inLanguage":"pt-BR"}]}},"_links":{"self":[{"href":"https:\/\/us-gc.net\/pt-br\/wp-json\/wp\/v2\/pages\/905","targetHints":{"allow":["GET"]}}],"collection":[{"href":"https:\/\/us-gc.net\/pt-br\/wp-json\/wp\/v2\/pages"}],"about":[{"href":"https:\/\/us-gc.net\/pt-br\/wp-json\/wp\/v2\/types\/page"}],"author":[{"embeddable":true,"href":"https:\/\/us-gc.net\/pt-br\/wp-json\/wp\/v2\/users\/1"}],"replies":[{"embeddable":true,"href":"https:\/\/us-gc.net\/pt-br\/wp-json\/wp\/v2\/comments?post=905"}],"version-history":[{"count":2,"href":"https:\/\/us-gc.net\/pt-br\/wp-json\/wp\/v2\/pages\/905\/revisions"}],"predecessor-version":[{"id":9777,"href":"https:\/\/us-gc.net\/pt-br\/wp-json\/wp\/v2\/pages\/905\/revisions\/9777"}],"wp:attachment":[{"href":"https:\/\/us-gc.net\/pt-br\/wp-json\/wp\/v2\/media?parent=905"}],"curies":[{"name":"wp","href":"https:\/\/api.w.org\/{rel}","templated":true}]}}