{"id":854,"date":"2024-01-31T16:18:19","date_gmt":"2024-01-31T16:18:19","guid":{"rendered":"https:\/\/green-card-usa.net\/viajar-para-exterior-com-o-green-card\/"},"modified":"2025-03-31T11:23:15","modified_gmt":"2025-03-31T11:23:15","slug":"viajar-para-exterior-com-o-green-card","status":"publish","type":"page","link":"https:\/\/us-gc.net\/pt-br\/viajar-para-exterior-com-o-green-card\/","title":{"rendered":"Viajar para o exterior com o Green Card"},"content":{"rendered":"\n<h1 class=\"wp-block-heading\" id=\"h-voyager-hors-des-etats-unis-avec-une-green-card\">Viajar para fora dos Estados Unidos com um Green Card<\/h1>\n\n<p>O poder do passaporte americano significa que os cidad\u00e3os americanos podem viajar para mais de 140 pa\u00edses em todo o mundo sem precisar de visto. Alguns desses pa\u00edses estenderam esse direito de viajar sem visto aos portadores de um <a href=\"https:\/\/us-gc.net\/pt-br\/\">Green Card dos EUA<\/a>.<\/p>\n\n<h2 class=\"wp-block-heading\" id=\"h-ou-peut-on-voyager-a-l-etranger-avec-une-green-card\">Para onde posso viajar para o exterior com um Green Card?<\/h2>\n\n<p>Um acordo regional est\u00e1 em vigor com alguns pa\u00edses vizinhos dos Estados Unidos para permitir que os portadores do Green Card cruzem suas fronteiras. Os residentes dos EUA podem atravessar as fronteiras dos seguintes pa\u00edses:<\/p>\n\n<ul class=\"wp-block-list\">\n<li>Canad\u00e1<\/li>\n\n\n\n<li>M\u00e9xico<\/li>\n\n\n\n<li>Costa Rica<\/li>\n\n\n\n<li>Ilhas Virgens Brit\u00e2nicas<\/li>\n\n\n\n<li>Aruba e Cura\u00e7ao<\/li>\n<\/ul>\n\n<p>Outros pa\u00edses muito mais distantes tamb\u00e9m permitem que os portadores do Green Card dos EUA viajem sem visto, como Ge\u00f3rgia, Cingapura e os pa\u00edses dos B\u00e1lc\u00e3s, como Alb\u00e2nia, B\u00f3snia-Herzegovina, Kosovo, Montenegro e S\u00e9rvia.<\/p>\n\n<p>Se voc\u00ea obteve seu <a href=\"https:\/\/us-gc.net\/pt-br\/green-card-por-casamento\/\">Green Card por casamento<\/a> ou ganhou um <a href=\"https:\/\/us-gc.net\/pt-br\/green-card-loteria\/\">Green Card na loteria<\/a>, voc\u00ea tem os mesmos direitos que todos os portadores de Green Card americanos.<\/p>\n\n<h2 class=\"wp-block-heading\" id=\"h-comment-voyager-au-canada-avec-une-green-card\">Como fa\u00e7o para viajar para o Canad\u00e1 com um Green Card?<\/h2>\n\n<p>Se voc\u00ea tiver um Green Card americano, poder\u00e1 cruzar a fronteira com o Canad\u00e1 sem precisar obter um visto de turista canadense. Essa regra se aplica a todos os portadores de Green Card, independentemente de sua nacionalidade.  <\/p>\n\n<p>Entretanto, se estiver viajando de avi\u00e3o ou em tr\u00e2nsito pelo Canad\u00e1, precisar\u00e1 obter um ETA canadense antes de embarcar. Por fim, se estiver cruzando a fronteira por terra, tudo o que voc\u00ea precisa \u00e9 do seu passaporte e do Green Card.<\/p>\n\n<h2 class=\"wp-block-heading\" id=\"h-peut-on-voyager-a-l-etranger-avec-une-green-card-sans-passeport\">Posso viajar para o exterior com um Green Card sem passaporte?<\/h2>\n\n<p>O passaporte \u00e9 geralmente essencial para viajar para o exterior. Ter um Green Card por si s\u00f3 n\u00e3o \u00e9 suficiente para cruzar fronteiras internacionais. Seja por via a\u00e9rea ou terrestre, as autoridades alfandeg\u00e1rias e de imigra\u00e7\u00e3o exigem a apresenta\u00e7\u00e3o de um passaporte v\u00e1lido. Somente o passaporte pode comprovar a identidade e a nacionalidade do viajante.<\/p>\n\n<p>No entanto, h\u00e1 exce\u00e7\u00f5es limitadas a essa regra. Em alguns casos espec\u00edficos, os pa\u00edses conclu\u00edram um acordo regional para cruzar suas fronteiras sem apresentar passaporte. O exemplo mais importante diz respeito aos cidad\u00e3os de pa\u00edses do espa\u00e7o Schengen. Eles podem circular livremente entre os Estados-Membros sem apresentar um passaporte.<\/p>\n\n<h2 class=\"wp-block-heading\" id=\"h-peut-on-voyager-avec-une-copie-de-la-green-card\">Posso viajar com uma c\u00f3pia do meu Green Card?<\/h2>\n\n<p>O Green Card \u00e9 um documento oficial que comprova o status de residente permanente nos Estados Unidos. N\u00e3o \u00e9 aconselh\u00e1vel viajar para o exterior com apenas uma c\u00f3pia de seu Green Card. Para viagens internacionais, as autoridades de fronteira exigem a apresenta\u00e7\u00e3o dos documentos originais para verificar a identidade e o status do viajante.<\/p>\n\n<p>Se voc\u00ea estiver viajando para fora dos Estados Unidos, dever\u00e1 levar seu Green Card original para entrar novamente no pa\u00eds. Uma c\u00f3pia do seu Green Card n\u00e3o \u00e9 suficiente para comprovar seu status de residente permanente.<\/p>\n\n<p>Se o seu Green Card for perdido ou roubado enquanto estiver no exterior, voc\u00ea deve entrar em contato com a embaixada ou o consulado americano imediatamente. A embaixada lhe fornecer\u00e1 um documento de substitui\u00e7\u00e3o que lhe permitir\u00e1 embarcar e retornar aos Estados Unidos.<\/p>\n","protected":false},"excerpt":{"rendered":"<p>Viajar para fora dos Estados Unidos com um Green Card O poder do passaporte americano significa que os cidad\u00e3os americanos podem viajar para mais de 140 pa\u00edses em todo o mundo sem precisar de visto. Alguns desses pa\u00edses estenderam esse direito de viajar sem visto aos portadores de um Green Card dos EUA. Para onde [&hellip;]<\/p>\n","protected":false},"author":1,"featured_media":0,"parent":0,"menu_order":0,"comment_status":"closed","ping_status":"closed","template":"","meta":{"footnotes":""},"class_list":["post-854","page","type-page","status-publish","hentry"],"yoast_head":"<!-- This site is optimized with the Yoast SEO plugin v27.4 - https:\/\/yoast.com\/product\/yoast-seo-wordpress\/ -->\n<title>Viajar para o exterior com o Green Card - USA GC<\/title>\n<meta name=\"description\" content=\"Quais regras se aplicam a viagens ao exterior com um Green Card para um residente dos EUA?\" \/>\n<meta name=\"robots\" content=\"index, follow, max-snippet:-1, max-image-preview:large, max-video-preview:-1\" \/>\n<link rel=\"canonical\" href=\"https:\/\/us-gc.net\/pt-br\/viajar-para-exterior-com-o-green-card\/\" \/>\n<meta property=\"og:locale\" content=\"pt_BR\" \/>\n<meta property=\"og:type\" content=\"article\" \/>\n<meta property=\"og:title\" content=\"Viajar para o exterior com o Green Card - USA GC\" \/>\n<meta property=\"og:description\" content=\"Quais regras se aplicam a viagens ao exterior com um Green Card para um residente dos EUA?\" \/>\n<meta property=\"og:url\" content=\"https:\/\/us-gc.net\/pt-br\/viajar-para-exterior-com-o-green-card\/\" \/>\n<meta property=\"og:site_name\" content=\"USA GC\" \/>\n<meta property=\"article:modified_time\" content=\"2025-03-31T11:23:15+00:00\" \/>\n<meta name=\"twitter:card\" content=\"summary_large_image\" \/>\n<meta name=\"twitter:label1\" content=\"Est. tempo de leitura\" \/>\n\t<meta name=\"twitter:data1\" content=\"3 minutos\" \/>\n<script type=\"application\/ld+json\" class=\"yoast-schema-graph\">{\"@context\":\"https:\\\/\\\/schema.org\",\"@graph\":[{\"@type\":\"WebPage\",\"@id\":\"https:\\\/\\\/us-gc.net\\\/pt-br\\\/viajar-para-exterior-com-o-green-card\\\/\",\"url\":\"https:\\\/\\\/us-gc.net\\\/pt-br\\\/viajar-para-exterior-com-o-green-card\\\/\",\"name\":\"Viajar para o exterior com o Green Card - USA GC\",\"isPartOf\":{\"@id\":\"https:\\\/\\\/us-gc.net\\\/pt-br\\\/#website\"},\"datePublished\":\"2024-01-31T16:18:19+00:00\",\"dateModified\":\"2025-03-31T11:23:15+00:00\",\"description\":\"Quais regras se aplicam a viagens ao exterior com um Green Card para um residente dos EUA?\",\"breadcrumb\":{\"@id\":\"https:\\\/\\\/us-gc.net\\\/pt-br\\\/viajar-para-exterior-com-o-green-card\\\/#breadcrumb\"},\"inLanguage\":\"pt-BR\",\"potentialAction\":[{\"@type\":\"ReadAction\",\"target\":[\"https:\\\/\\\/us-gc.net\\\/pt-br\\\/viajar-para-exterior-com-o-green-card\\\/\"]}]},{\"@type\":\"BreadcrumbList\",\"@id\":\"https:\\\/\\\/us-gc.net\\\/pt-br\\\/viajar-para-exterior-com-o-green-card\\\/#breadcrumb\",\"itemListElement\":[{\"@type\":\"ListItem\",\"position\":1,\"name\":\"Accueil\",\"item\":\"https:\\\/\\\/us-gc.net\\\/pt-br\\\/green-card\\\/\"},{\"@type\":\"ListItem\",\"position\":2,\"name\":\"Viajar para o exterior com o Green Card\"}]},{\"@type\":\"WebSite\",\"@id\":\"https:\\\/\\\/us-gc.net\\\/pt-br\\\/#website\",\"url\":\"https:\\\/\\\/us-gc.net\\\/pt-br\\\/\",\"name\":\"USA GC\",\"description\":\"\",\"potentialAction\":[{\"@type\":\"SearchAction\",\"target\":{\"@type\":\"EntryPoint\",\"urlTemplate\":\"https:\\\/\\\/us-gc.net\\\/pt-br\\\/?s={search_term_string}\"},\"query-input\":{\"@type\":\"PropertyValueSpecification\",\"valueRequired\":true,\"valueName\":\"search_term_string\"}}],\"inLanguage\":\"pt-BR\"}]}<\/script>\n<!-- \/ Yoast SEO plugin. -->","yoast_head_json":{"title":"Viajar para o exterior com o Green Card - USA GC","description":"Quais regras se aplicam a viagens ao exterior com um Green Card para um residente dos EUA?","robots":{"index":"index","follow":"follow","max-snippet":"max-snippet:-1","max-image-preview":"max-image-preview:large","max-video-preview":"max-video-preview:-1"},"canonical":"https:\/\/us-gc.net\/pt-br\/viajar-para-exterior-com-o-green-card\/","og_locale":"pt_BR","og_type":"article","og_title":"Viajar para o exterior com o Green Card - USA GC","og_description":"Quais regras se aplicam a viagens ao exterior com um Green Card para um residente dos EUA?","og_url":"https:\/\/us-gc.net\/pt-br\/viajar-para-exterior-com-o-green-card\/","og_site_name":"USA GC","article_modified_time":"2025-03-31T11:23:15+00:00","twitter_card":"summary_large_image","twitter_misc":{"Est. tempo de leitura":"3 minutos"},"schema":{"@context":"https:\/\/schema.org","@graph":[{"@type":"WebPage","@id":"https:\/\/us-gc.net\/pt-br\/viajar-para-exterior-com-o-green-card\/","url":"https:\/\/us-gc.net\/pt-br\/viajar-para-exterior-com-o-green-card\/","name":"Viajar para o exterior com o Green Card - USA GC","isPartOf":{"@id":"https:\/\/us-gc.net\/pt-br\/#website"},"datePublished":"2024-01-31T16:18:19+00:00","dateModified":"2025-03-31T11:23:15+00:00","description":"Quais regras se aplicam a viagens ao exterior com um Green Card para um residente dos EUA?","breadcrumb":{"@id":"https:\/\/us-gc.net\/pt-br\/viajar-para-exterior-com-o-green-card\/#breadcrumb"},"inLanguage":"pt-BR","potentialAction":[{"@type":"ReadAction","target":["https:\/\/us-gc.net\/pt-br\/viajar-para-exterior-com-o-green-card\/"]}]},{"@type":"BreadcrumbList","@id":"https:\/\/us-gc.net\/pt-br\/viajar-para-exterior-com-o-green-card\/#breadcrumb","itemListElement":[{"@type":"ListItem","position":1,"name":"Accueil","item":"https:\/\/us-gc.net\/pt-br\/green-card\/"},{"@type":"ListItem","position":2,"name":"Viajar para o exterior com o Green Card"}]},{"@type":"WebSite","@id":"https:\/\/us-gc.net\/pt-br\/#website","url":"https:\/\/us-gc.net\/pt-br\/","name":"USA GC","description":"","potentialAction":[{"@type":"SearchAction","target":{"@type":"EntryPoint","urlTemplate":"https:\/\/us-gc.net\/pt-br\/?s={search_term_string}"},"query-input":{"@type":"PropertyValueSpecification","valueRequired":true,"valueName":"search_term_string"}}],"inLanguage":"pt-BR"}]}},"_links":{"self":[{"href":"https:\/\/us-gc.net\/pt-br\/wp-json\/wp\/v2\/pages\/854","targetHints":{"allow":["GET"]}}],"collection":[{"href":"https:\/\/us-gc.net\/pt-br\/wp-json\/wp\/v2\/pages"}],"about":[{"href":"https:\/\/us-gc.net\/pt-br\/wp-json\/wp\/v2\/types\/page"}],"author":[{"embeddable":true,"href":"https:\/\/us-gc.net\/pt-br\/wp-json\/wp\/v2\/users\/1"}],"replies":[{"embeddable":true,"href":"https:\/\/us-gc.net\/pt-br\/wp-json\/wp\/v2\/comments?post=854"}],"version-history":[{"count":3,"href":"https:\/\/us-gc.net\/pt-br\/wp-json\/wp\/v2\/pages\/854\/revisions"}],"predecessor-version":[{"id":10170,"href":"https:\/\/us-gc.net\/pt-br\/wp-json\/wp\/v2\/pages\/854\/revisions\/10170"}],"wp:attachment":[{"href":"https:\/\/us-gc.net\/pt-br\/wp-json\/wp\/v2\/media?parent=854"}],"curies":[{"name":"wp","href":"https:\/\/api.w.org\/{rel}","templated":true}]}}