{"id":737,"date":"2024-01-31T14:45:08","date_gmt":"2024-01-31T14:45:08","guid":{"rendered":"https:\/\/green-card-usa.net\/foto-green-card\/"},"modified":"2024-12-30T09:39:52","modified_gmt":"2024-12-30T09:39:52","slug":"foto-green-card","status":"publish","type":"page","link":"https:\/\/us-gc.net\/pt-br\/foto-green-card\/","title":{"rendered":"Especifica\u00e7\u00f5es da foto de identifica\u00e7\u00e3o do Green Card"},"content":{"rendered":"\n<h1 class=\"wp-block-heading\" id=\"h-les-specificites-de-la-photo-pour-la-green-card\">Especifica\u00e7\u00f5es de fotos para o Green Card<\/h1>\n\n<p>Ao solicitar um Green Card, os solicitantes devem fornecer uma foto de passaporte. O formato dessa foto \u00e9 espec\u00edfico, e h\u00e1 v\u00e1rias regras imperativas que devem ser respeitadas para garantir que a foto n\u00e3o seja rejeitada.  <\/p>\n\n<h2 class=\"wp-block-heading\" id=\"h-quelles-sont-les-principales-regles-concernant-la-photo\">Quais s\u00e3o as principais regras para a fotografia?<\/h2>\n\n<p>As principais regras para a foto do Green Card s\u00e3o as seguintes:<\/p>\n\n<ol class=\"wp-block-list\">\n<li>Formato da foto<\/li>\n\n\n\n<li>A idade da foto<\/li>\n\n\n\n<li>A posi\u00e7\u00e3o da cabe\u00e7a na foto<\/li>\n\n\n\n<li>O plano de fundo da foto<\/li>\n\n\n\n<li>O que posso usar na foto?<\/li>\n<\/ol>\n\n<h3 class=\"wp-block-heading\" id=\"h-1-quel-est-le-format-de-la-photo-pour-la-green-card\">1. Qual \u00e9 o formato da foto para o Green Card?<\/h3>\n\n<p>A vers\u00e3o digital da foto deve ser um arquivo JPEG. O tamanho m\u00ednimo da foto deve ser de pelo menos 600 pixels por 600 pixels e de pelo menos 54 kb.<\/p>\n\n<h3 class=\"wp-block-heading\" id=\"h-2-quelle-peut-etre-l-anciennete-de-la-photo\">2. Qual \u00e9 a idade da foto?<\/h3>\n\n<p>A foto apresentada para obter o Green Card n\u00e3o pode ter mais de 6 meses. Isso permite que o Departamento de Estado dos EUA garanta que a foto corresponde ao rosto do solicitante. Essa regra \u00e9 imperativa e deve ser levada muito a s\u00e9rio. A foto \u00e9 definitivamente validada em uma <a href=\"https:\/\/us-gc.net\/pt-br\/green-card-entrevista\/\">entrevista final para o Green Card<\/a>.<\/p>\n\n<h3 class=\"wp-block-heading\" id=\"h-3-quelle-doit-etre-la-position-de-la-tete-sur-la-photo\">3. Em que posi\u00e7\u00e3o a cabe\u00e7a deve estar na foto?<\/h3>\n\n<p>O candidato deve ter uma express\u00e3o facial neutra e n\u00e3o deve sorrir. Seu rosto deve estar totalmente vis\u00edvel e no centro da foto. Os candidatos devem estar de frente para a c\u00e2mera e sua cabe\u00e7a deve representar 60% da altura total da foto. Seus olhos devem estar bem abertos.<\/p>\n\n<h3 class=\"wp-block-heading\" id=\"h-4-comment-doit-etre-l-arriere-plan-de-la-prise-de-vue\">4. Como deve ser o fundo da foto?<\/h3>\n\n<p>O plano de fundo da foto deve ser de uma cor s\u00f3lida e clara, sem sombras. A cor de fundo pode ser branca ou esbranqui\u00e7ada.<\/p>\n\n<h3 class=\"wp-block-heading\" id=\"h-5-peut-on-porter-des-lunettes-ou-le-voile-sur-la-photo\">5. Posso usar \u00f3culos ou v\u00e9u na foto?<\/h3>\n\n<p>\u00c9 proibido usar \u00f3culos na foto do Green Card. Os solicitantes do Green Card tamb\u00e9m n\u00e3o podem usar bon\u00e9s ou chap\u00e9us.<\/p>\n\n<p>No entanto, um len\u00e7o de cabe\u00e7a religioso pode ser usado na foto do Green Card. No entanto, o rosto deve estar vis\u00edvel da parte superior da testa at\u00e9 a parte inferior do queixo.<\/p>\n\n<p>Essas regras se aplicam a todos os procedimentos para obten\u00e7\u00e3o de um Green Card, seja :<\/p>\n\n<ul class=\"wp-block-list\">\n<li>Foto da <a href=\"https:\/\/us-gc.net\/pt-br\/green-card-loteria\/\">loteria do Green Card<\/a>;<\/li>\n\n\n\n<li>A foto enviada para um Green <a href=\"https:\/\/us-gc.net\/pt-br\/green-card-por-casamento\/\">Card por casamento<\/a>, um <a href=\"https:\/\/us-gc.net\/pt-br\/green-card-patrocinio\/\">Green Card por patrocinador<\/a> ou qualquer outro procedimento para obten\u00e7\u00e3o de um Green Card.<\/li>\n<\/ul>\n\n<div style=\"height:10px\" aria-hidden=\"true\" class=\"wp-block-spacer\"><\/div>\n\n<h2 class=\"wp-block-heading\" id=\"h-dimensions-de-la-photo-d-identite-de-la-green-card\">Dimens\u00f5es da foto de passaporte do Green Card<\/h2>\n\n<figure class=\"wp-block-image size-full\"><img fetchpriority=\"high\" decoding=\"async\" width=\"601\" height=\"378\" src=\"https:\/\/us-gc.net\/wp-content\/uploads\/2024\/05\/Green-card-2024.jpg\" alt=\"Imagem de um Green Card v&#xE1;lido em 2024\" class=\"wp-image-4826\" srcset=\"https:\/\/us-gc.net\/wp-content\/uploads\/2024\/05\/Green-card-2024.jpg 601w, https:\/\/us-gc.net\/wp-content\/uploads\/2024\/05\/Green-card-2024-300x189.jpg 300w\" sizes=\"(max-width: 601px) 100vw, 601px\" \/><figcaption class=\"wp-element-caption\">Green Card para residentes permanentes nos EUA<\/figcaption><\/figure>\n","protected":false},"excerpt":{"rendered":"<p>Especifica\u00e7\u00f5es de fotos para o Green Card Ao solicitar um Green Card, os solicitantes devem fornecer uma foto de passaporte. O formato dessa foto \u00e9 espec\u00edfico, e h\u00e1 v\u00e1rias regras imperativas que devem ser respeitadas para garantir que a foto n\u00e3o seja rejeitada. Quais s\u00e3o as principais regras para a fotografia? As principais regras para [&hellip;]<\/p>\n","protected":false},"author":1,"featured_media":0,"parent":0,"menu_order":0,"comment_status":"closed","ping_status":"closed","template":"","meta":{"footnotes":""},"class_list":["post-737","page","type-page","status-publish","hentry"],"yoast_head":"<!-- This site is optimized with the Yoast SEO plugin v27.2 - https:\/\/yoast.com\/product\/yoast-seo-wordpress\/ -->\n<title>Especifica\u00e7\u00f5es da foto de identifica\u00e7\u00e3o do Green Card - USA GC<\/title>\n<meta name=\"description\" content=\"Para obter ou renovar um Green Card, os solicitantes devem fornecer sua foto de passaporte de acordo com determinadas regras.\" \/>\n<meta name=\"robots\" content=\"index, follow, max-snippet:-1, max-image-preview:large, max-video-preview:-1\" \/>\n<link rel=\"canonical\" href=\"https:\/\/us-gc.net\/pt-br\/foto-green-card\/\" \/>\n<meta property=\"og:locale\" content=\"pt_BR\" \/>\n<meta property=\"og:type\" content=\"article\" \/>\n<meta property=\"og:title\" content=\"Especifica\u00e7\u00f5es da foto de identifica\u00e7\u00e3o do Green Card - USA GC\" \/>\n<meta property=\"og:description\" content=\"Para obter ou renovar um Green Card, os solicitantes devem fornecer sua foto de passaporte de acordo com determinadas regras.\" \/>\n<meta property=\"og:url\" content=\"https:\/\/us-gc.net\/pt-br\/foto-green-card\/\" \/>\n<meta property=\"og:site_name\" content=\"USA GC\" \/>\n<meta property=\"article:modified_time\" content=\"2024-12-30T09:39:52+00:00\" \/>\n<meta property=\"og:image\" content=\"https:\/\/us-gc.net\/wp-content\/uploads\/2024\/05\/Green-card-2024.jpg\" \/>\n<meta name=\"twitter:card\" content=\"summary_large_image\" \/>\n<meta name=\"twitter:label1\" content=\"Est. tempo de leitura\" \/>\n\t<meta name=\"twitter:data1\" content=\"2 minutos\" \/>\n<script type=\"application\/ld+json\" class=\"yoast-schema-graph\">{\"@context\":\"https:\/\/schema.org\",\"@graph\":[{\"@type\":\"WebPage\",\"@id\":\"https:\/\/us-gc.net\/pt-br\/foto-green-card\/\",\"url\":\"https:\/\/us-gc.net\/pt-br\/foto-green-card\/\",\"name\":\"Especifica\u00e7\u00f5es da foto de identifica\u00e7\u00e3o do Green Card - USA GC\",\"isPartOf\":{\"@id\":\"https:\/\/us-gc.net\/pt-br\/#website\"},\"primaryImageOfPage\":{\"@id\":\"https:\/\/us-gc.net\/pt-br\/foto-green-card\/#primaryimage\"},\"image\":{\"@id\":\"https:\/\/us-gc.net\/pt-br\/foto-green-card\/#primaryimage\"},\"thumbnailUrl\":\"https:\/\/us-gc.net\/wp-content\/uploads\/2024\/05\/Green-card-2024.jpg\",\"datePublished\":\"2024-01-31T14:45:08+00:00\",\"dateModified\":\"2024-12-30T09:39:52+00:00\",\"description\":\"Para obter ou renovar um Green Card, os solicitantes devem fornecer sua foto de passaporte de acordo com determinadas regras.\",\"breadcrumb\":{\"@id\":\"https:\/\/us-gc.net\/pt-br\/foto-green-card\/#breadcrumb\"},\"inLanguage\":\"pt-BR\",\"potentialAction\":[{\"@type\":\"ReadAction\",\"target\":[\"https:\/\/us-gc.net\/pt-br\/foto-green-card\/\"]}]},{\"@type\":\"ImageObject\",\"inLanguage\":\"pt-BR\",\"@id\":\"https:\/\/us-gc.net\/pt-br\/foto-green-card\/#primaryimage\",\"url\":\"https:\/\/us-gc.net\/wp-content\/uploads\/2024\/05\/Green-card-2024.jpg\",\"contentUrl\":\"https:\/\/us-gc.net\/wp-content\/uploads\/2024\/05\/Green-card-2024.jpg\"},{\"@type\":\"BreadcrumbList\",\"@id\":\"https:\/\/us-gc.net\/pt-br\/foto-green-card\/#breadcrumb\",\"itemListElement\":[{\"@type\":\"ListItem\",\"position\":1,\"name\":\"Accueil\",\"item\":\"https:\/\/us-gc.net\/pt-br\/green-card\/\"},{\"@type\":\"ListItem\",\"position\":2,\"name\":\"Especifica\u00e7\u00f5es da foto de identifica\u00e7\u00e3o do Green Card\"}]},{\"@type\":\"WebSite\",\"@id\":\"https:\/\/us-gc.net\/pt-br\/#website\",\"url\":\"https:\/\/us-gc.net\/pt-br\/\",\"name\":\"USA GC\",\"description\":\"\",\"potentialAction\":[{\"@type\":\"SearchAction\",\"target\":{\"@type\":\"EntryPoint\",\"urlTemplate\":\"https:\/\/us-gc.net\/pt-br\/?s={search_term_string}\"},\"query-input\":{\"@type\":\"PropertyValueSpecification\",\"valueRequired\":true,\"valueName\":\"search_term_string\"}}],\"inLanguage\":\"pt-BR\"}]}<\/script>\n<!-- \/ Yoast SEO plugin. -->","yoast_head_json":{"title":"Especifica\u00e7\u00f5es da foto de identifica\u00e7\u00e3o do Green Card - USA GC","description":"Para obter ou renovar um Green Card, os solicitantes devem fornecer sua foto de passaporte de acordo com determinadas regras.","robots":{"index":"index","follow":"follow","max-snippet":"max-snippet:-1","max-image-preview":"max-image-preview:large","max-video-preview":"max-video-preview:-1"},"canonical":"https:\/\/us-gc.net\/pt-br\/foto-green-card\/","og_locale":"pt_BR","og_type":"article","og_title":"Especifica\u00e7\u00f5es da foto de identifica\u00e7\u00e3o do Green Card - USA GC","og_description":"Para obter ou renovar um Green Card, os solicitantes devem fornecer sua foto de passaporte de acordo com determinadas regras.","og_url":"https:\/\/us-gc.net\/pt-br\/foto-green-card\/","og_site_name":"USA GC","article_modified_time":"2024-12-30T09:39:52+00:00","og_image":[{"url":"https:\/\/us-gc.net\/wp-content\/uploads\/2024\/05\/Green-card-2024.jpg","type":"","width":"","height":""}],"twitter_card":"summary_large_image","twitter_misc":{"Est. tempo de leitura":"2 minutos"},"schema":{"@context":"https:\/\/schema.org","@graph":[{"@type":"WebPage","@id":"https:\/\/us-gc.net\/pt-br\/foto-green-card\/","url":"https:\/\/us-gc.net\/pt-br\/foto-green-card\/","name":"Especifica\u00e7\u00f5es da foto de identifica\u00e7\u00e3o do Green Card - USA GC","isPartOf":{"@id":"https:\/\/us-gc.net\/pt-br\/#website"},"primaryImageOfPage":{"@id":"https:\/\/us-gc.net\/pt-br\/foto-green-card\/#primaryimage"},"image":{"@id":"https:\/\/us-gc.net\/pt-br\/foto-green-card\/#primaryimage"},"thumbnailUrl":"https:\/\/us-gc.net\/wp-content\/uploads\/2024\/05\/Green-card-2024.jpg","datePublished":"2024-01-31T14:45:08+00:00","dateModified":"2024-12-30T09:39:52+00:00","description":"Para obter ou renovar um Green Card, os solicitantes devem fornecer sua foto de passaporte de acordo com determinadas regras.","breadcrumb":{"@id":"https:\/\/us-gc.net\/pt-br\/foto-green-card\/#breadcrumb"},"inLanguage":"pt-BR","potentialAction":[{"@type":"ReadAction","target":["https:\/\/us-gc.net\/pt-br\/foto-green-card\/"]}]},{"@type":"ImageObject","inLanguage":"pt-BR","@id":"https:\/\/us-gc.net\/pt-br\/foto-green-card\/#primaryimage","url":"https:\/\/us-gc.net\/wp-content\/uploads\/2024\/05\/Green-card-2024.jpg","contentUrl":"https:\/\/us-gc.net\/wp-content\/uploads\/2024\/05\/Green-card-2024.jpg"},{"@type":"BreadcrumbList","@id":"https:\/\/us-gc.net\/pt-br\/foto-green-card\/#breadcrumb","itemListElement":[{"@type":"ListItem","position":1,"name":"Accueil","item":"https:\/\/us-gc.net\/pt-br\/green-card\/"},{"@type":"ListItem","position":2,"name":"Especifica\u00e7\u00f5es da foto de identifica\u00e7\u00e3o do Green Card"}]},{"@type":"WebSite","@id":"https:\/\/us-gc.net\/pt-br\/#website","url":"https:\/\/us-gc.net\/pt-br\/","name":"USA GC","description":"","potentialAction":[{"@type":"SearchAction","target":{"@type":"EntryPoint","urlTemplate":"https:\/\/us-gc.net\/pt-br\/?s={search_term_string}"},"query-input":{"@type":"PropertyValueSpecification","valueRequired":true,"valueName":"search_term_string"}}],"inLanguage":"pt-BR"}]}},"_links":{"self":[{"href":"https:\/\/us-gc.net\/pt-br\/wp-json\/wp\/v2\/pages\/737","targetHints":{"allow":["GET"]}}],"collection":[{"href":"https:\/\/us-gc.net\/pt-br\/wp-json\/wp\/v2\/pages"}],"about":[{"href":"https:\/\/us-gc.net\/pt-br\/wp-json\/wp\/v2\/types\/page"}],"author":[{"embeddable":true,"href":"https:\/\/us-gc.net\/pt-br\/wp-json\/wp\/v2\/users\/1"}],"replies":[{"embeddable":true,"href":"https:\/\/us-gc.net\/pt-br\/wp-json\/wp\/v2\/comments?post=737"}],"version-history":[{"count":1,"href":"https:\/\/us-gc.net\/pt-br\/wp-json\/wp\/v2\/pages\/737\/revisions"}],"predecessor-version":[{"id":7685,"href":"https:\/\/us-gc.net\/pt-br\/wp-json\/wp\/v2\/pages\/737\/revisions\/7685"}],"wp:attachment":[{"href":"https:\/\/us-gc.net\/pt-br\/wp-json\/wp\/v2\/media?parent=737"}],"curies":[{"name":"wp","href":"https:\/\/api.w.org\/{rel}","templated":true}]}}