{"id":719,"date":"2024-01-31T14:27:27","date_gmt":"2024-01-31T14:27:27","guid":{"rendered":"https:\/\/green-card-usa.net\/green-card-para-emprego\/"},"modified":"2024-12-30T09:39:25","modified_gmt":"2024-12-30T09:39:25","slug":"green-card-para-emprego","status":"publish","type":"page","link":"https:\/\/us-gc.net\/pt-br\/green-card-para-emprego\/","title":{"rendered":"Green Card baseado em emprego para imigrantes"},"content":{"rendered":"\n<h1 class=\"wp-block-heading\" id=\"h-obtenir-une-green-card-basee-sur-l-emploi\">Obten\u00e7\u00e3o de um Green Card com base no emprego<\/h1>\n\n<p>Saiba como obter um <a href=\"https:\/\/us-gc.net\/pt-br\/\">Green Card<\/a> nos Estados Unidos por meio de emprego. O Green Card baseado em emprego \u00e9 muito popular para imigrantes qualificados que desejam trabalhar e residir legalmente nos Estados Unidos.<\/p>\n\n<h2 class=\"wp-block-heading\" id=\"h-qu-est-ce-qu-une-green-card-basee-sur-l-emploi\">O que \u00e9 um Green Card baseado em emprego?<\/h2>\n\n<p>O Green Card baseado em emprego \u00e9 uma forma de trabalhadores estrangeiros qualificados obterem resid\u00eancia permanente nos Estados Unidos por meio de emprego. Diferentemente de outras op\u00e7\u00f5es de imigra\u00e7\u00e3o, essa \u00e9 voltada especificamente para indiv\u00edduos com habilidades profissionais que s\u00e3o procuradas pelos empregadores americanos. Ele permite que os portadores de vistos de trabalho se tornem residentes permanentes.<\/p>\n\n<h2 class=\"wp-block-heading\" id=\"h-eligibilite-et-criteres-de-qualification\">Crit\u00e9rios de elegibilidade e qualifica\u00e7\u00e3o<\/h2>\n\n<p>Para se qualificar para um Green Card baseado em emprego, os candidatos devem atender a determinadas condi\u00e7\u00f5es:<\/p>\n\n<ul class=\"wp-block-list\">\n<li>Experi\u00eancia profissional adequada em um campo espec\u00edfico;<\/li>\n\n\n\n<li>Uma oferta de emprego v\u00e1lida de um empregador americano;<\/li>\n\n\n\n<li>Qualifica\u00e7\u00f5es educacionais ou profissionais que atendam aos requisitos do cargo oferecido.  <\/li>\n<\/ul>\n\n<p>Por fim, o empregador deve estar preparado para <a href=\"https:\/\/us-gc.net\/pt-br\/green-card-patrocinio\/\">patrocinar o candidato ao Green Card<\/a> e cumprir todas as obriga\u00e7\u00f5es legais relacionadas ao recrutamento de trabalhadores estrangeiros.<\/p>\n\n<h2 class=\"wp-block-heading\" id=\"h-processus-de-demande\">Processo de inscri\u00e7\u00e3o<\/h2>\n\n<p>O processo de solicita\u00e7\u00e3o do Green Card baseado em emprego envolve v\u00e1rias etapas. Em primeiro lugar, o empregador deve obter a certifica\u00e7\u00e3o trabalhista do Departamento do Trabalho dos EUA. O candidato deve, ent\u00e3o, enviar uma solicita\u00e7\u00e3o de visto de trabalho <a href=\"https:\/\/www.uscis.gov\/\">ao USCIS<\/a>. Depois que o visto de trabalho for aprovado, o candidato poder\u00e1 iniciar o processo de solicita\u00e7\u00e3o do Green Card. Esse procedimento inclui :<\/p>\n\n<ul class=\"wp-block-list\">\n<li>Envio do formul\u00e1rio de inscri\u00e7\u00e3o ;<\/li>\n\n\n\n<li>Coleta de documentos de apoio ;<\/li>\n\n\n\n<li>Uma <a href=\"https:\/\/us-gc.net\/pt-br\/green-card-entrevista\/\">entrevista para o Green Card<\/a>;<\/li>\n\n\n\n<li>Um exame m\u00e9dico.<\/li>\n<\/ul>\n\n<h2 class=\"wp-block-heading\" id=\"h-duree-et-delais-de-traitement\">Tempos e prazos de processamento<\/h2>\n\n<p>O tempo necess\u00e1rio para obter um Green Card com base no emprego pode variar consideravelmente, dependendo de v\u00e1rios fatores, como: categoria do visto, carga de trabalho do <a href=\"https:\/\/www.uscis.gov\/green-card\/green-card-processes-and-procedures\">USCIS<\/a> e outras circunst\u00e2ncias individuais. <\/p>\n\n<p>Como regra geral, o processo pode levar de v\u00e1rios meses a v\u00e1rios anos. \u00c9 importante que os candidatos sejam pacientes e estejam preparados para lidar com poss\u00edveis atrasos durante o processo. Os candidatos tamb\u00e9m podem se inscrever na <a href=\"https:\/\/us-gc.net\/pt-br\/green-card-loteria\/\">loteria do Green Card<\/a>.<\/p>\n\n<p><\/p>\n","protected":false},"excerpt":{"rendered":"<p>Obten\u00e7\u00e3o de um Green Card com base no emprego Saiba como obter um Green Card nos Estados Unidos por meio de emprego. O Green Card baseado em emprego \u00e9 muito popular para imigrantes qualificados que desejam trabalhar e residir legalmente nos Estados Unidos. O que \u00e9 um Green Card baseado em emprego? O Green Card [&hellip;]<\/p>\n","protected":false},"author":1,"featured_media":0,"parent":0,"menu_order":0,"comment_status":"closed","ping_status":"closed","template":"","meta":{"footnotes":""},"class_list":["post-719","page","type-page","status-publish","hentry"],"yoast_head":"<!-- This site is optimized with the Yoast SEO plugin v27.4 - https:\/\/yoast.com\/product\/yoast-seo-wordpress\/ -->\n<title>Green Card baseado em emprego para imigrantes - USA GC<\/title>\n<meta name=\"description\" content=\"Obter um Green Card americano com base em um emprego nos Estados Unidos. Todas as informa\u00e7\u00f5es de que voc\u00ea precisa para obter um Green Card\" \/>\n<meta name=\"robots\" content=\"index, follow, max-snippet:-1, max-image-preview:large, max-video-preview:-1\" \/>\n<link rel=\"canonical\" href=\"https:\/\/us-gc.net\/pt-br\/green-card-para-emprego\/\" \/>\n<meta property=\"og:locale\" content=\"pt_BR\" \/>\n<meta property=\"og:type\" content=\"article\" \/>\n<meta property=\"og:title\" content=\"Green Card baseado em emprego para imigrantes - USA GC\" \/>\n<meta property=\"og:description\" content=\"Obter um Green Card americano com base em um emprego nos Estados Unidos. Todas as informa\u00e7\u00f5es de que voc\u00ea precisa para obter um Green Card\" \/>\n<meta property=\"og:url\" content=\"https:\/\/us-gc.net\/pt-br\/green-card-para-emprego\/\" \/>\n<meta property=\"og:site_name\" content=\"USA GC\" \/>\n<meta property=\"article:modified_time\" content=\"2024-12-30T09:39:25+00:00\" \/>\n<meta name=\"twitter:card\" content=\"summary_large_image\" \/>\n<meta name=\"twitter:label1\" content=\"Est. tempo de leitura\" \/>\n\t<meta name=\"twitter:data1\" content=\"2 minutos\" \/>\n<script type=\"application\/ld+json\" class=\"yoast-schema-graph\">{\"@context\":\"https:\\\/\\\/schema.org\",\"@graph\":[{\"@type\":\"WebPage\",\"@id\":\"https:\\\/\\\/us-gc.net\\\/pt-br\\\/green-card-para-emprego\\\/\",\"url\":\"https:\\\/\\\/us-gc.net\\\/pt-br\\\/green-card-para-emprego\\\/\",\"name\":\"Green Card baseado em emprego para imigrantes - USA GC\",\"isPartOf\":{\"@id\":\"https:\\\/\\\/us-gc.net\\\/pt-br\\\/#website\"},\"datePublished\":\"2024-01-31T14:27:27+00:00\",\"dateModified\":\"2024-12-30T09:39:25+00:00\",\"description\":\"Obter um Green Card americano com base em um emprego nos Estados Unidos. Todas as informa\u00e7\u00f5es de que voc\u00ea precisa para obter um Green Card\",\"breadcrumb\":{\"@id\":\"https:\\\/\\\/us-gc.net\\\/pt-br\\\/green-card-para-emprego\\\/#breadcrumb\"},\"inLanguage\":\"pt-BR\",\"potentialAction\":[{\"@type\":\"ReadAction\",\"target\":[\"https:\\\/\\\/us-gc.net\\\/pt-br\\\/green-card-para-emprego\\\/\"]}]},{\"@type\":\"BreadcrumbList\",\"@id\":\"https:\\\/\\\/us-gc.net\\\/pt-br\\\/green-card-para-emprego\\\/#breadcrumb\",\"itemListElement\":[{\"@type\":\"ListItem\",\"position\":1,\"name\":\"Accueil\",\"item\":\"https:\\\/\\\/us-gc.net\\\/pt-br\\\/green-card\\\/\"},{\"@type\":\"ListItem\",\"position\":2,\"name\":\"Green Card baseado em emprego para imigrantes\"}]},{\"@type\":\"WebSite\",\"@id\":\"https:\\\/\\\/us-gc.net\\\/pt-br\\\/#website\",\"url\":\"https:\\\/\\\/us-gc.net\\\/pt-br\\\/\",\"name\":\"USA GC\",\"description\":\"\",\"potentialAction\":[{\"@type\":\"SearchAction\",\"target\":{\"@type\":\"EntryPoint\",\"urlTemplate\":\"https:\\\/\\\/us-gc.net\\\/pt-br\\\/?s={search_term_string}\"},\"query-input\":{\"@type\":\"PropertyValueSpecification\",\"valueRequired\":true,\"valueName\":\"search_term_string\"}}],\"inLanguage\":\"pt-BR\"}]}<\/script>\n<!-- \/ Yoast SEO plugin. -->","yoast_head_json":{"title":"Green Card baseado em emprego para imigrantes - USA GC","description":"Obter um Green Card americano com base em um emprego nos Estados Unidos. Todas as informa\u00e7\u00f5es de que voc\u00ea precisa para obter um Green Card","robots":{"index":"index","follow":"follow","max-snippet":"max-snippet:-1","max-image-preview":"max-image-preview:large","max-video-preview":"max-video-preview:-1"},"canonical":"https:\/\/us-gc.net\/pt-br\/green-card-para-emprego\/","og_locale":"pt_BR","og_type":"article","og_title":"Green Card baseado em emprego para imigrantes - USA GC","og_description":"Obter um Green Card americano com base em um emprego nos Estados Unidos. Todas as informa\u00e7\u00f5es de que voc\u00ea precisa para obter um Green Card","og_url":"https:\/\/us-gc.net\/pt-br\/green-card-para-emprego\/","og_site_name":"USA GC","article_modified_time":"2024-12-30T09:39:25+00:00","twitter_card":"summary_large_image","twitter_misc":{"Est. tempo de leitura":"2 minutos"},"schema":{"@context":"https:\/\/schema.org","@graph":[{"@type":"WebPage","@id":"https:\/\/us-gc.net\/pt-br\/green-card-para-emprego\/","url":"https:\/\/us-gc.net\/pt-br\/green-card-para-emprego\/","name":"Green Card baseado em emprego para imigrantes - USA GC","isPartOf":{"@id":"https:\/\/us-gc.net\/pt-br\/#website"},"datePublished":"2024-01-31T14:27:27+00:00","dateModified":"2024-12-30T09:39:25+00:00","description":"Obter um Green Card americano com base em um emprego nos Estados Unidos. Todas as informa\u00e7\u00f5es de que voc\u00ea precisa para obter um Green Card","breadcrumb":{"@id":"https:\/\/us-gc.net\/pt-br\/green-card-para-emprego\/#breadcrumb"},"inLanguage":"pt-BR","potentialAction":[{"@type":"ReadAction","target":["https:\/\/us-gc.net\/pt-br\/green-card-para-emprego\/"]}]},{"@type":"BreadcrumbList","@id":"https:\/\/us-gc.net\/pt-br\/green-card-para-emprego\/#breadcrumb","itemListElement":[{"@type":"ListItem","position":1,"name":"Accueil","item":"https:\/\/us-gc.net\/pt-br\/green-card\/"},{"@type":"ListItem","position":2,"name":"Green Card baseado em emprego para imigrantes"}]},{"@type":"WebSite","@id":"https:\/\/us-gc.net\/pt-br\/#website","url":"https:\/\/us-gc.net\/pt-br\/","name":"USA GC","description":"","potentialAction":[{"@type":"SearchAction","target":{"@type":"EntryPoint","urlTemplate":"https:\/\/us-gc.net\/pt-br\/?s={search_term_string}"},"query-input":{"@type":"PropertyValueSpecification","valueRequired":true,"valueName":"search_term_string"}}],"inLanguage":"pt-BR"}]}},"_links":{"self":[{"href":"https:\/\/us-gc.net\/pt-br\/wp-json\/wp\/v2\/pages\/719","targetHints":{"allow":["GET"]}}],"collection":[{"href":"https:\/\/us-gc.net\/pt-br\/wp-json\/wp\/v2\/pages"}],"about":[{"href":"https:\/\/us-gc.net\/pt-br\/wp-json\/wp\/v2\/types\/page"}],"author":[{"embeddable":true,"href":"https:\/\/us-gc.net\/pt-br\/wp-json\/wp\/v2\/users\/1"}],"replies":[{"embeddable":true,"href":"https:\/\/us-gc.net\/pt-br\/wp-json\/wp\/v2\/comments?post=719"}],"version-history":[{"count":1,"href":"https:\/\/us-gc.net\/pt-br\/wp-json\/wp\/v2\/pages\/719\/revisions"}],"predecessor-version":[{"id":7641,"href":"https:\/\/us-gc.net\/pt-br\/wp-json\/wp\/v2\/pages\/719\/revisions\/7641"}],"wp:attachment":[{"href":"https:\/\/us-gc.net\/pt-br\/wp-json\/wp\/v2\/media?parent=719"}],"curies":[{"name":"wp","href":"https:\/\/api.w.org\/{rel}","templated":true}]}}