{"id":672,"date":"2024-01-31T08:01:49","date_gmt":"2024-01-31T08:01:49","guid":{"rendered":"https:\/\/green-card-usa.net\/privacy-policy\/"},"modified":"2025-03-31T11:22:13","modified_gmt":"2025-03-31T11:22:13","slug":"privacy-policy","status":"publish","type":"page","link":"https:\/\/us-gc.net\/pt-br\/privacy-policy\/","title":{"rendered":"Pol\u00edtica de confidencialidade de dados pessoais"},"content":{"rendered":"\n<h1 class=\"wp-block-heading\" id=\"h-politique-de-confidentialite\">Pol\u00edtica de privacidade<\/h1>\n\n<p>Somos um site de informa\u00e7\u00f5es sobre o mercado de trabalho americano. N\u00e3o oferecemos nenhum servi\u00e7o on-line e n\u00e3o temos um formul\u00e1rio de registro no site. O \u00fanico formul\u00e1rio no site \u00e9 o nosso <a href=\"https:\/\/us-gc.net\/pt-br\/contact\/\">formul\u00e1rio de contato<\/a>.<\/p>\n\n<h2 class=\"wp-block-heading\" id=\"h-la-collecte-d-informations-sur-le-site\">Coleta de informa\u00e7\u00f5es no site<\/h2>\n\n<p>Aqui est\u00e1 a lista de informa\u00e7\u00f5es pessoais que podem ser coletadas em nosso site:<\/p>\n\n<ul class=\"wp-block-list\">\n<li>Informa\u00e7\u00f5es de contato quando voc\u00ea envia um e-mail para nossa equipe de suporte, como seu sobrenome, nome e endere\u00e7o de e-mail. Informa\u00e7\u00f5es contidas nos e-mails que voc\u00ea nos envia.<\/li>\n<\/ul>\n\n<div style=\"height:10px\" aria-hidden=\"true\" class=\"wp-block-spacer\"><\/div>\n\n<h2 class=\"wp-block-heading\" id=\"h-duree-de-conservation-des-donnees\">Per\u00edodo de reten\u00e7\u00e3o de dados<\/h2>\n\n<p>Os dados coletados s\u00e3o exclu\u00eddos regularmente, o que significa que n\u00e3o mantemos nenhum conte\u00fado de e-mail enviado a n\u00f3s por mais de uma semana.  <\/p>\n\n<p>Atualiza\u00e7\u00e3o de informa\u00e7\u00f5es retidas: informe-nos se desejar que as informa\u00e7\u00f5es pessoais que mantemos sobre voc\u00ea sejam corrigidas ou atualizadas enquanto estiverem retidas.<\/p>\n\n<h2 class=\"wp-block-heading\" id=\"h-securite-de-vos-donnees-personnelles\">Seguran\u00e7a de seus dados pessoais<\/h2>\n\n<p>Tomamos precau\u00e7\u00f5es t\u00e9cnicas para evitar o roubo de informa\u00e7\u00f5es pessoais contidas em nosso banco de dados durante o per\u00edodo de armazenamento, mesmo que ele seja limitado. Armazenaremos todas as informa\u00e7\u00f5es pessoais transmitidas em nossos servidores seguros.<\/p>\n\n<p>Voc\u00ea aceita que o envio de informa\u00e7\u00f5es pela Internet n\u00e3o \u00e9, em princ\u00edpio, muito seguro. \u00c9 praticamente imposs\u00edvel para n\u00f3s garantir a seguran\u00e7a total de seus dados transmitidos.<\/p>\n\n<h2 class=\"wp-block-heading\" id=\"h-vos-droits-en-matiere-de-donnees-personnelles\">Seus direitos com rela\u00e7\u00e3o aos dados pessoais<\/h2>\n\n<p>Voc\u00ea tem o direito de solicitar que passemos para voc\u00ea quaisquer informa\u00e7\u00f5es pessoais que tenhamos a seu respeito, o que pode ser feito mediante a apresenta\u00e7\u00e3o de comprovante de sua identidade (fotoc\u00f3pia autenticada do passaporte + fatura mostrando seu endere\u00e7o residencial).<\/p>\n\n<h2 class=\"wp-block-heading\" id=\"h-mise-a-jour-de-cette-politique-de-confidentialite\">Atualiza\u00e7\u00e3o desta pol\u00edtica de privacidade<\/h2>\n\n<p>Esta pol\u00edtica \u00e9 atualizada regularmente. \u00c9 necess\u00e1rio verificar essa p\u00e1gina ao usar o site para saber se houve altera\u00e7\u00f5es na confidencialidade dos dados pessoais.<\/p>\n\n<h2 class=\"wp-block-heading\" id=\"h-liens-contextuels-vers-des-sites-web-tiers\">Links contextuais para sites de terceiros<\/h2>\n\n<p>Nosso site cont\u00e9m hyperlinks para sites de terceiros. N\u00e3o temos controle sobre esses sites e n\u00e3o somos respons\u00e1veis por suas pol\u00edticas de confidencialidade ou por suas pr\u00e1ticas comerciais ou de marketing. N\u00e3o aceitamos nenhuma responsabilidade por esses links.<\/p>\n","protected":false},"excerpt":{"rendered":"<p>Pol\u00edtica de privacidade Somos um site de informa\u00e7\u00f5es sobre o mercado de trabalho americano. N\u00e3o oferecemos nenhum servi\u00e7o on-line e n\u00e3o temos um formul\u00e1rio de registro no site. O \u00fanico formul\u00e1rio no site \u00e9 o nosso formul\u00e1rio de contato. Coleta de informa\u00e7\u00f5es no site Aqui est\u00e1 a lista de informa\u00e7\u00f5es pessoais que podem ser coletadas [&hellip;]<\/p>\n","protected":false},"author":1,"featured_media":0,"parent":0,"menu_order":0,"comment_status":"closed","ping_status":"closed","template":"","meta":{"footnotes":""},"class_list":["post-672","page","type-page","status-publish","hentry"],"yoast_head":"<!-- This site is optimized with the Yoast SEO plugin v27.2 - https:\/\/yoast.com\/product\/yoast-seo-wordpress\/ -->\n<title>Pol\u00edtica de confidencialidade de dados pessoais - USA GC<\/title>\n<meta name=\"description\" content=\"Uma pol\u00edtica de privacidade detalhada que esteja em conformidade com as normas atuais de prote\u00e7\u00e3o de dados\" \/>\n<meta name=\"robots\" content=\"noindex, nofollow\" \/>\n<meta property=\"og:locale\" content=\"pt_BR\" \/>\n<meta property=\"og:type\" content=\"article\" \/>\n<meta property=\"og:title\" content=\"Pol\u00edtica de confidencialidade de dados pessoais - USA GC\" \/>\n<meta property=\"og:description\" content=\"Uma pol\u00edtica de privacidade detalhada que esteja em conformidade com as normas atuais de prote\u00e7\u00e3o de dados\" \/>\n<meta property=\"og:url\" content=\"https:\/\/us-gc.net\/pt-br\/privacy-policy\/\" \/>\n<meta property=\"og:site_name\" content=\"USA GC\" \/>\n<meta property=\"article:modified_time\" content=\"2025-03-31T11:22:13+00:00\" \/>\n<meta name=\"twitter:card\" content=\"summary_large_image\" \/>\n<meta name=\"twitter:label1\" content=\"Est. tempo de leitura\" \/>\n\t<meta name=\"twitter:data1\" content=\"2 minutos\" \/>\n<script type=\"application\/ld+json\" class=\"yoast-schema-graph\">{\"@context\":\"https:\/\/schema.org\",\"@graph\":[{\"@type\":\"WebPage\",\"@id\":\"https:\/\/us-gc.net\/pt-br\/privacy-policy\/\",\"url\":\"https:\/\/us-gc.net\/pt-br\/privacy-policy\/\",\"name\":\"Pol\u00edtica de confidencialidade de dados pessoais - USA GC\",\"isPartOf\":{\"@id\":\"https:\/\/us-gc.net\/pt-br\/#website\"},\"datePublished\":\"2024-01-31T08:01:49+00:00\",\"dateModified\":\"2025-03-31T11:22:13+00:00\",\"description\":\"Uma pol\u00edtica de privacidade detalhada que esteja em conformidade com as normas atuais de prote\u00e7\u00e3o de dados\",\"breadcrumb\":{\"@id\":\"https:\/\/us-gc.net\/pt-br\/privacy-policy\/#breadcrumb\"},\"inLanguage\":\"pt-BR\",\"potentialAction\":[{\"@type\":\"ReadAction\",\"target\":[\"https:\/\/us-gc.net\/pt-br\/privacy-policy\/\"]}]},{\"@type\":\"BreadcrumbList\",\"@id\":\"https:\/\/us-gc.net\/pt-br\/privacy-policy\/#breadcrumb\",\"itemListElement\":[{\"@type\":\"ListItem\",\"position\":1,\"name\":\"Accueil\",\"item\":\"https:\/\/us-gc.net\/pt-br\/green-card\/\"},{\"@type\":\"ListItem\",\"position\":2,\"name\":\"Pol\u00edtica de confidencialidade de dados pessoais\"}]},{\"@type\":\"WebSite\",\"@id\":\"https:\/\/us-gc.net\/pt-br\/#website\",\"url\":\"https:\/\/us-gc.net\/pt-br\/\",\"name\":\"USA GC\",\"description\":\"\",\"potentialAction\":[{\"@type\":\"SearchAction\",\"target\":{\"@type\":\"EntryPoint\",\"urlTemplate\":\"https:\/\/us-gc.net\/pt-br\/?s={search_term_string}\"},\"query-input\":{\"@type\":\"PropertyValueSpecification\",\"valueRequired\":true,\"valueName\":\"search_term_string\"}}],\"inLanguage\":\"pt-BR\"}]}<\/script>\n<!-- \/ Yoast SEO plugin. -->","yoast_head_json":{"title":"Pol\u00edtica de confidencialidade de dados pessoais - USA GC","description":"Uma pol\u00edtica de privacidade detalhada que esteja em conformidade com as normas atuais de prote\u00e7\u00e3o de dados","robots":{"index":"noindex","follow":"nofollow"},"og_locale":"pt_BR","og_type":"article","og_title":"Pol\u00edtica de confidencialidade de dados pessoais - USA GC","og_description":"Uma pol\u00edtica de privacidade detalhada que esteja em conformidade com as normas atuais de prote\u00e7\u00e3o de dados","og_url":"https:\/\/us-gc.net\/pt-br\/privacy-policy\/","og_site_name":"USA GC","article_modified_time":"2025-03-31T11:22:13+00:00","twitter_card":"summary_large_image","twitter_misc":{"Est. tempo de leitura":"2 minutos"},"schema":{"@context":"https:\/\/schema.org","@graph":[{"@type":"WebPage","@id":"https:\/\/us-gc.net\/pt-br\/privacy-policy\/","url":"https:\/\/us-gc.net\/pt-br\/privacy-policy\/","name":"Pol\u00edtica de confidencialidade de dados pessoais - USA GC","isPartOf":{"@id":"https:\/\/us-gc.net\/pt-br\/#website"},"datePublished":"2024-01-31T08:01:49+00:00","dateModified":"2025-03-31T11:22:13+00:00","description":"Uma pol\u00edtica de privacidade detalhada que esteja em conformidade com as normas atuais de prote\u00e7\u00e3o de dados","breadcrumb":{"@id":"https:\/\/us-gc.net\/pt-br\/privacy-policy\/#breadcrumb"},"inLanguage":"pt-BR","potentialAction":[{"@type":"ReadAction","target":["https:\/\/us-gc.net\/pt-br\/privacy-policy\/"]}]},{"@type":"BreadcrumbList","@id":"https:\/\/us-gc.net\/pt-br\/privacy-policy\/#breadcrumb","itemListElement":[{"@type":"ListItem","position":1,"name":"Accueil","item":"https:\/\/us-gc.net\/pt-br\/green-card\/"},{"@type":"ListItem","position":2,"name":"Pol\u00edtica de confidencialidade de dados pessoais"}]},{"@type":"WebSite","@id":"https:\/\/us-gc.net\/pt-br\/#website","url":"https:\/\/us-gc.net\/pt-br\/","name":"USA GC","description":"","potentialAction":[{"@type":"SearchAction","target":{"@type":"EntryPoint","urlTemplate":"https:\/\/us-gc.net\/pt-br\/?s={search_term_string}"},"query-input":{"@type":"PropertyValueSpecification","valueRequired":true,"valueName":"search_term_string"}}],"inLanguage":"pt-BR"}]}},"_links":{"self":[{"href":"https:\/\/us-gc.net\/pt-br\/wp-json\/wp\/v2\/pages\/672","targetHints":{"allow":["GET"]}}],"collection":[{"href":"https:\/\/us-gc.net\/pt-br\/wp-json\/wp\/v2\/pages"}],"about":[{"href":"https:\/\/us-gc.net\/pt-br\/wp-json\/wp\/v2\/types\/page"}],"author":[{"embeddable":true,"href":"https:\/\/us-gc.net\/pt-br\/wp-json\/wp\/v2\/users\/1"}],"replies":[{"embeddable":true,"href":"https:\/\/us-gc.net\/pt-br\/wp-json\/wp\/v2\/comments?post=672"}],"version-history":[{"count":2,"href":"https:\/\/us-gc.net\/pt-br\/wp-json\/wp\/v2\/pages\/672\/revisions"}],"predecessor-version":[{"id":8656,"href":"https:\/\/us-gc.net\/pt-br\/wp-json\/wp\/v2\/pages\/672\/revisions\/8656"}],"wp:attachment":[{"href":"https:\/\/us-gc.net\/pt-br\/wp-json\/wp\/v2\/media?parent=672"}],"curies":[{"name":"wp","href":"https:\/\/api.w.org\/{rel}","templated":true}]}}