{"id":639,"date":"2024-01-31T07:59:57","date_gmt":"2024-01-31T07:59:57","guid":{"rendered":"https:\/\/green-card-usa.net\/noticia-legal\/"},"modified":"2025-03-31T10:09:47","modified_gmt":"2025-03-31T10:09:47","slug":"noticia-legal","status":"publish","type":"page","link":"https:\/\/us-gc.net\/pt-br\/noticia-legal\/","title":{"rendered":"Informa\u00e7\u00f5es legais"},"content":{"rendered":"\n<h1 class=\"wp-block-heading\" id=\"h-mentions-legales-du-site\">Informa\u00e7\u00f5es legais<\/h1>\n\n<h2 class=\"wp-block-heading\" id=\"h-editeur-du-site\">Editor do site<\/h2>\n\n<p>Somos um site de informa\u00e7\u00f5es sobre o mercado de trabalho nos Estados Unidos. Nosso site \u00e9 publicado pela empresa privada maltesa <a href=\"https:\/\/alma-consulting.org\/\">Alma Consulting<\/a>. Somos independentes de qualquer administra\u00e7\u00e3o p\u00fablica.    <\/p>\n\n<p>A pessoa respons\u00e1vel pela publica\u00e7\u00e3o do site \u00e9 o Sr. Kevin Borg. Para entrar em contato conosco, use o <a href=\"https:\/\/us-gc.net\/pt-br\/contact\/\">formul\u00e1rio de contato<\/a>.<\/p>\n\n<h2 class=\"wp-block-heading\" id=\"h-hebergement-du-site\">Hospedagem de sites<\/h2>\n\n<p>O site \u00e9 hospedado pela OVH, uma empresa com sede em Roubaix, na Fran\u00e7a.\nA OVH \u00e9 uma empresa registrada no registro de empresas de Lille M\u00e9tropole sob o n\u00famero B424 761 419. <\/p>\n\n<h2 class=\"wp-block-heading\" id=\"h-traitement-des-donnees-personnelles\">Processamento de dados pessoais<\/h2>\n\n<p>N\u00e3o coletamos nenhum dado pessoal por meio de um formul\u00e1rio on-line. As \u00fanicas informa\u00e7\u00f5es pessoais coletadas dos visitantes do site s\u00e3o as informa\u00e7\u00f5es fornecidas no formul\u00e1rio de contato. Essas informa\u00e7\u00f5es s\u00e3o destru\u00eddas e n\u00e3o s\u00e3o mantidas depois que o e-mail \u00e9 processado. <\/p>\n\n<p>Com rela\u00e7\u00e3o aos cookies do navegador, os pr\u00f3prios visitantes podem bloquear o uso de cookies do navegador. Voc\u00ea tamb\u00e9m tem o direito de acessar, modificar, retificar e excluir esses dados. Para exercer esse direito, entre em contato conosco usando o <a href=\"https:\/\/us-gc.net\/pt-br\/contact\/\">formul\u00e1rio de contato<\/a>.<\/p>\n","protected":false},"excerpt":{"rendered":"<p>Informa\u00e7\u00f5es legais Editor do site Somos um site de informa\u00e7\u00f5es sobre o mercado de trabalho nos Estados Unidos. Nosso site \u00e9 publicado pela empresa privada maltesa Alma Consulting. Somos independentes de qualquer administra\u00e7\u00e3o p\u00fablica. A pessoa respons\u00e1vel pela publica\u00e7\u00e3o do site \u00e9 o Sr. Kevin Borg. Para entrar em contato conosco, use o formul\u00e1rio de [&hellip;]<\/p>\n","protected":false},"author":1,"featured_media":0,"parent":0,"menu_order":0,"comment_status":"closed","ping_status":"closed","template":"","meta":{"footnotes":""},"class_list":["post-639","page","type-page","status-publish","hentry"],"yoast_head":"<!-- This site is optimized with the Yoast SEO plugin v27.4 - https:\/\/yoast.com\/product\/yoast-seo-wordpress\/ -->\n<title>Informa\u00e7\u00f5es legais - USA GC<\/title>\n<meta name=\"description\" content=\"Aviso legal para o site us-gc.net, informa\u00e7\u00f5es sobre o mercado de trabalho e imigra\u00e7\u00e3o dos EUA\" \/>\n<meta name=\"robots\" content=\"noindex, nofollow\" \/>\n<meta property=\"og:locale\" content=\"pt_BR\" \/>\n<meta property=\"og:type\" content=\"article\" \/>\n<meta property=\"og:title\" content=\"Informa\u00e7\u00f5es legais - USA GC\" \/>\n<meta property=\"og:description\" content=\"Aviso legal para o site us-gc.net, informa\u00e7\u00f5es sobre o mercado de trabalho e imigra\u00e7\u00e3o dos EUA\" \/>\n<meta property=\"og:url\" content=\"https:\/\/us-gc.net\/pt-br\/noticia-legal\/\" \/>\n<meta property=\"og:site_name\" content=\"USA GC\" \/>\n<meta property=\"article:modified_time\" content=\"2025-03-31T10:09:47+00:00\" \/>\n<meta name=\"twitter:card\" content=\"summary_large_image\" \/>\n<meta name=\"twitter:label1\" content=\"Est. tempo de leitura\" \/>\n\t<meta name=\"twitter:data1\" content=\"1 minuto\" \/>\n<script type=\"application\/ld+json\" class=\"yoast-schema-graph\">{\"@context\":\"https:\\\/\\\/schema.org\",\"@graph\":[{\"@type\":\"WebPage\",\"@id\":\"https:\\\/\\\/us-gc.net\\\/pt-br\\\/noticia-legal\\\/\",\"url\":\"https:\\\/\\\/us-gc.net\\\/pt-br\\\/noticia-legal\\\/\",\"name\":\"Informa\u00e7\u00f5es legais - USA GC\",\"isPartOf\":{\"@id\":\"https:\\\/\\\/us-gc.net\\\/pt-br\\\/#website\"},\"datePublished\":\"2024-01-31T07:59:57+00:00\",\"dateModified\":\"2025-03-31T10:09:47+00:00\",\"description\":\"Aviso legal para o site us-gc.net, informa\u00e7\u00f5es sobre o mercado de trabalho e imigra\u00e7\u00e3o dos EUA\",\"breadcrumb\":{\"@id\":\"https:\\\/\\\/us-gc.net\\\/pt-br\\\/noticia-legal\\\/#breadcrumb\"},\"inLanguage\":\"pt-BR\",\"potentialAction\":[{\"@type\":\"ReadAction\",\"target\":[\"https:\\\/\\\/us-gc.net\\\/pt-br\\\/noticia-legal\\\/\"]}]},{\"@type\":\"BreadcrumbList\",\"@id\":\"https:\\\/\\\/us-gc.net\\\/pt-br\\\/noticia-legal\\\/#breadcrumb\",\"itemListElement\":[{\"@type\":\"ListItem\",\"position\":1,\"name\":\"Accueil\",\"item\":\"https:\\\/\\\/us-gc.net\\\/pt-br\\\/green-card\\\/\"},{\"@type\":\"ListItem\",\"position\":2,\"name\":\"Informa\u00e7\u00f5es legais\"}]},{\"@type\":\"WebSite\",\"@id\":\"https:\\\/\\\/us-gc.net\\\/pt-br\\\/#website\",\"url\":\"https:\\\/\\\/us-gc.net\\\/pt-br\\\/\",\"name\":\"USA GC\",\"description\":\"\",\"potentialAction\":[{\"@type\":\"SearchAction\",\"target\":{\"@type\":\"EntryPoint\",\"urlTemplate\":\"https:\\\/\\\/us-gc.net\\\/pt-br\\\/?s={search_term_string}\"},\"query-input\":{\"@type\":\"PropertyValueSpecification\",\"valueRequired\":true,\"valueName\":\"search_term_string\"}}],\"inLanguage\":\"pt-BR\"}]}<\/script>\n<!-- \/ Yoast SEO plugin. -->","yoast_head_json":{"title":"Informa\u00e7\u00f5es legais - USA GC","description":"Aviso legal para o site us-gc.net, informa\u00e7\u00f5es sobre o mercado de trabalho e imigra\u00e7\u00e3o dos EUA","robots":{"index":"noindex","follow":"nofollow"},"og_locale":"pt_BR","og_type":"article","og_title":"Informa\u00e7\u00f5es legais - USA GC","og_description":"Aviso legal para o site us-gc.net, informa\u00e7\u00f5es sobre o mercado de trabalho e imigra\u00e7\u00e3o dos EUA","og_url":"https:\/\/us-gc.net\/pt-br\/noticia-legal\/","og_site_name":"USA GC","article_modified_time":"2025-03-31T10:09:47+00:00","twitter_card":"summary_large_image","twitter_misc":{"Est. tempo de leitura":"1 minuto"},"schema":{"@context":"https:\/\/schema.org","@graph":[{"@type":"WebPage","@id":"https:\/\/us-gc.net\/pt-br\/noticia-legal\/","url":"https:\/\/us-gc.net\/pt-br\/noticia-legal\/","name":"Informa\u00e7\u00f5es legais - USA GC","isPartOf":{"@id":"https:\/\/us-gc.net\/pt-br\/#website"},"datePublished":"2024-01-31T07:59:57+00:00","dateModified":"2025-03-31T10:09:47+00:00","description":"Aviso legal para o site us-gc.net, informa\u00e7\u00f5es sobre o mercado de trabalho e imigra\u00e7\u00e3o dos EUA","breadcrumb":{"@id":"https:\/\/us-gc.net\/pt-br\/noticia-legal\/#breadcrumb"},"inLanguage":"pt-BR","potentialAction":[{"@type":"ReadAction","target":["https:\/\/us-gc.net\/pt-br\/noticia-legal\/"]}]},{"@type":"BreadcrumbList","@id":"https:\/\/us-gc.net\/pt-br\/noticia-legal\/#breadcrumb","itemListElement":[{"@type":"ListItem","position":1,"name":"Accueil","item":"https:\/\/us-gc.net\/pt-br\/green-card\/"},{"@type":"ListItem","position":2,"name":"Informa\u00e7\u00f5es legais"}]},{"@type":"WebSite","@id":"https:\/\/us-gc.net\/pt-br\/#website","url":"https:\/\/us-gc.net\/pt-br\/","name":"USA GC","description":"","potentialAction":[{"@type":"SearchAction","target":{"@type":"EntryPoint","urlTemplate":"https:\/\/us-gc.net\/pt-br\/?s={search_term_string}"},"query-input":{"@type":"PropertyValueSpecification","valueRequired":true,"valueName":"search_term_string"}}],"inLanguage":"pt-BR"}]}},"_links":{"self":[{"href":"https:\/\/us-gc.net\/pt-br\/wp-json\/wp\/v2\/pages\/639","targetHints":{"allow":["GET"]}}],"collection":[{"href":"https:\/\/us-gc.net\/pt-br\/wp-json\/wp\/v2\/pages"}],"about":[{"href":"https:\/\/us-gc.net\/pt-br\/wp-json\/wp\/v2\/types\/page"}],"author":[{"embeddable":true,"href":"https:\/\/us-gc.net\/pt-br\/wp-json\/wp\/v2\/users\/1"}],"replies":[{"embeddable":true,"href":"https:\/\/us-gc.net\/pt-br\/wp-json\/wp\/v2\/comments?post=639"}],"version-history":[{"count":2,"href":"https:\/\/us-gc.net\/pt-br\/wp-json\/wp\/v2\/pages\/639\/revisions"}],"predecessor-version":[{"id":8447,"href":"https:\/\/us-gc.net\/pt-br\/wp-json\/wp\/v2\/pages\/639\/revisions\/8447"}],"wp:attachment":[{"href":"https:\/\/us-gc.net\/pt-br\/wp-json\/wp\/v2\/media?parent=639"}],"curies":[{"name":"wp","href":"https:\/\/api.w.org\/{rel}","templated":true}]}}