{"id":452,"date":"2024-02-01T08:19:27","date_gmt":"2024-02-01T08:19:27","guid":{"rendered":"https:\/\/green-card-usa.net\/green-card-loteria-formulario\/"},"modified":"2025-03-31T10:05:56","modified_gmt":"2025-03-31T10:05:56","slug":"green-card-loteria-formulario","status":"publish","type":"page","link":"https:\/\/us-gc.net\/pt-br\/green-card-loteria-formulario\/","title":{"rendered":"Formul\u00e1rio de registro on-line da loteria do Green Card"},"content":{"rendered":"\t\t<div data-elementor-type=\"wp-page\" data-elementor-id=\"452\" class=\"elementor elementor-452 elementor-145\" data-elementor-post-type=\"page\">\n\t\t\t\t<div class=\"elementor-element elementor-element-75ef7d8 e-flex e-con-boxed e-con e-parent\" data-id=\"75ef7d8\" data-element_type=\"container\" data-e-type=\"container\">\n\t\t\t\t\t<div class=\"e-con-inner\">\n\t\t\t\t<div class=\"elementor-element elementor-element-3149e08 elementor-widget elementor-widget-heading\" data-id=\"3149e08\" data-element_type=\"widget\" data-e-type=\"widget\" data-widget_type=\"heading.default\">\n\t\t\t\t<div class=\"elementor-widget-container\">\n\t\t\t\t\t<h1 class=\"elementor-heading-title elementor-size-default\">Formul\u00e1rio de registro na loteria do Green Card<\/h1>\t\t\t\t<\/div>\n\t\t\t\t<\/div>\n\t\t\t\t\t<\/div>\n\t\t\t\t<\/div>\n\t\t<div class=\"elementor-element elementor-element-1c60801 e-flex e-con-boxed e-con e-parent\" data-id=\"1c60801\" data-element_type=\"container\" data-e-type=\"container\">\n\t\t\t\t\t<div class=\"e-con-inner\">\n\t\t\t\t<div class=\"elementor-element elementor-element-2e9ffc9 elementor-widget elementor-widget-text-editor\" data-id=\"2e9ffc9\" data-element_type=\"widget\" data-e-type=\"widget\" data-widget_type=\"text-editor.default\">\n\t\t\t\t<div class=\"elementor-widget-container\">\n\t\t\t\t\t\t\t\t\t<p>A inscri\u00e7\u00e3o para o pr\u00f3ximo sorteio da loteria do Green Card \u00e9 totalmente on-line. O formul\u00e1rio leva apenas alguns minutos para ser preenchido. Fa\u00e7a sua inscri\u00e7\u00e3o o mais cedo poss\u00edvel para n\u00e3o perder o prazo de inscri\u00e7\u00e3o.<\/p>\n\t\t\t\t\t\t\t\t<\/div>\n\t\t\t\t<\/div>\n\t\t\t\t\t<\/div>\n\t\t\t\t<\/div>\n\t\t<div class=\"elementor-element elementor-element-9d42428 e-flex e-con-boxed e-con e-parent\" data-id=\"9d42428\" data-element_type=\"container\" data-e-type=\"container\">\n\t\t\t\t\t<div class=\"e-con-inner\">\n\t\t\t\t<div class=\"elementor-element elementor-element-6933e78 elementor-widget elementor-widget-text-editor\" data-id=\"6933e78\" data-element_type=\"widget\" data-e-type=\"widget\" data-widget_type=\"text-editor.default\">\n\t\t\t\t<div class=\"elementor-widget-container\">\n\t\t\t\t\t\t\t\t\t<p>O formul\u00e1rio de registro \u00e9 bastante r\u00e1pido de ser preenchido. Voc\u00ea precisa preencher uma s\u00e9rie de dados pessoais e atender a determinadas condi\u00e7\u00f5es de elegibilidade.<\/p>\n\t\t\t\t\t\t\t\t<\/div>\n\t\t\t\t<\/div>\n\t\t\t\t\t<\/div>\n\t\t\t\t<\/div>\n\t\t<div class=\"elementor-element elementor-element-6306da8 e-flex e-con-boxed e-con e-parent\" data-id=\"6306da8\" data-element_type=\"container\" data-e-type=\"container\">\n\t\t\t\t\t<div class=\"e-con-inner\">\n\t\t\t\t<div class=\"elementor-element elementor-element-b506912 elementor-widget elementor-widget-heading\" data-id=\"b506912\" data-element_type=\"widget\" data-e-type=\"widget\" data-widget_type=\"heading.default\">\n\t\t\t\t<div class=\"elementor-widget-container\">\n\t\t\t\t\t<h2 class=\"elementor-heading-title elementor-size-default\">Como preencher o formul\u00e1rio<\/h2>\t\t\t\t<\/div>\n\t\t\t\t<\/div>\n\t\t\t\t\t<\/div>\n\t\t\t\t<\/div>\n\t\t<div class=\"elementor-element elementor-element-e5c6b45 e-flex e-con-boxed e-con e-parent\" data-id=\"e5c6b45\" data-element_type=\"container\" data-e-type=\"container\">\n\t\t\t\t\t<div class=\"e-con-inner\">\n\t\t\t\t<div class=\"elementor-element elementor-element-e90f36f elementor-widget elementor-widget-text-editor\" data-id=\"e90f36f\" data-element_type=\"widget\" data-e-type=\"widget\" data-widget_type=\"text-editor.default\">\n\t\t\t\t<div class=\"elementor-widget-container\">\n\t\t\t\t\t\t\t\t\t<p>O formul\u00e1rio \u00e9 preenchido totalmente on-line. As informa\u00e7\u00f5es necess\u00e1rias para validar seu registro s\u00e3o :<\/p>\n<ul>\n<li>Seu estado civil ;<\/li>\n<li>Seu local de resid\u00eancia ;<\/li>\n<li>Seu endere\u00e7o de e-mail e n\u00famero de telefone;<\/li>\n<li>Seu n\u00edvel de escolaridade;<\/li>\n<li>Sua situa\u00e7\u00e3o familiar;<\/li>\n<li>Seu passaporte v\u00e1lido.<\/li>\n<\/ul>\n<div> <\/div>\n<div>Para finalizar sua inscri\u00e7\u00e3o na loteria do Green Card, voc\u00ea precisar\u00e1 enviar uma <span style=\"text-decoration: underline;\"><a href=\"https:\/\/us-gc.net\/pt-br\/foto-green-card\/\">foto para o Green Card<\/a><\/span> que tenha menos de 6 meses, no formato exigido.<\/div>\n\t\t\t\t\t\t\t\t<\/div>\n\t\t\t\t<\/div>\n\t\t\t\t\t<\/div>\n\t\t\t\t<\/div>\n\t\t<div class=\"elementor-element elementor-element-b40a6c1 e-flex e-con-boxed e-con e-parent\" data-id=\"b40a6c1\" data-element_type=\"container\" data-e-type=\"container\">\n\t\t\t\t\t<div class=\"e-con-inner\">\n\t\t\t\t<div class=\"elementor-element elementor-element-844f7e4 elementor-widget elementor-widget-heading\" data-id=\"844f7e4\" data-element_type=\"widget\" data-e-type=\"widget\" data-widget_type=\"heading.default\">\n\t\t\t\t<div class=\"elementor-widget-container\">\n\t\t\t\t\t<h2 class=\"elementor-heading-title elementor-size-default\">Condi\u00e7\u00f5es de elegibilidade<\/h2>\t\t\t\t<\/div>\n\t\t\t\t<\/div>\n\t\t\t\t\t<\/div>\n\t\t\t\t<\/div>\n\t\t<div class=\"elementor-element elementor-element-905f167 e-flex e-con-boxed e-con e-parent\" data-id=\"905f167\" data-element_type=\"container\" data-e-type=\"container\">\n\t\t\t\t\t<div class=\"e-con-inner\">\n\t\t\t\t<div class=\"elementor-element elementor-element-a70162a elementor-widget elementor-widget-text-editor\" data-id=\"a70162a\" data-element_type=\"widget\" data-e-type=\"widget\" data-widget_type=\"text-editor.default\">\n\t\t\t\t<div class=\"elementor-widget-container\">\n\t\t\t\t\t\t\t\t\t<p>Os requisitos de qualifica\u00e7\u00e3o para participar da loteria anual do Green Card americano s\u00e3o muito simples. H\u00e1 dois crit\u00e9rios principais a serem atendidos:<\/p>\n<h3>Voc\u00ea deve ser cidad\u00e3o de um pa\u00eds eleg\u00edvel<\/h3>\n<p>Nem todos os pa\u00edses t\u00eam permiss\u00e3o para participar da <span style=\"text-decoration: underline;\"><a href=\"https:\/\/us-gc.net\/pt-br\/green-card-loteria\/\">loteria do Green Card<\/a><\/span>. Os Estados Unidos est\u00e3o tentando manter uma popula\u00e7\u00e3o mista de imigrantes. Os cidad\u00e3os de pa\u00edses onde mais de 50.000 cidad\u00e3os imigraram para os Estados Unidos nos \u00faltimos cinco anos n\u00e3o se qualificam para solicitar um <span style=\"text-decoration: underline;\"><a href=\"https:\/\/us-gc.net\/pt-br\/\">Green Card<\/a><\/span>. A lista de pa\u00edses cujos cidad\u00e3os n\u00e3o podem participar \u00e9 publicada todos os anos pelo USCIS. Aqui est\u00e1 a lista de pa\u00edses n\u00e3o autorizados a participar do sorteio da <span style=\"text-decoration: underline;\"><a href=\"https:\/\/us-gc.net\/pt-br\/loteria-green-card-2025\/\">loteria do Green Card 2025<\/a><\/span>.<\/p>\n<h3>Voc\u00ea deve ter um n\u00edvel m\u00ednimo de educa\u00e7\u00e3o superior<\/h3>\n<p>Para participar da <span style=\"text-decoration: underline;\"><a href=\"https:\/\/us-gc.net\/pt-br\/cartao-verde-loteria-americana\/\">loteria do green card<\/a><\/span> voc\u00ea deve ter um n\u00edvel acad\u00eamico m\u00ednimo. Esse n\u00edvel mais alto de educa\u00e7\u00e3o pode ser justificado de duas maneiras:<\/p>\n<ul>\n<li>Ter obtido o diploma de bacharel ou equivalente;<\/li>\n<li>Ter ocupado um cargo por 2 anos ou mais nos \u00faltimos 5 anos, que exija pelo menos 2 anos de treinamento ou experi\u00eancia.<\/li>\n<\/ul>\n\t\t\t\t\t\t\t\t<\/div>\n\t\t\t\t<\/div>\n\t\t\t\t\t<\/div>\n\t\t\t\t<\/div>\n\t\t<div class=\"elementor-element elementor-element-6a0528e e-flex e-con-boxed e-con e-parent\" data-id=\"6a0528e\" data-element_type=\"container\" data-e-type=\"container\">\n\t\t\t\t\t<div class=\"e-con-inner\">\n\t\t\t\t<div class=\"elementor-element elementor-element-57b8aba elementor-widget elementor-widget-heading\" data-id=\"57b8aba\" data-element_type=\"widget\" data-e-type=\"widget\" data-widget_type=\"heading.default\">\n\t\t\t\t<div class=\"elementor-widget-container\">\n\t\t\t\t\t<h2 class=\"elementor-heading-title elementor-size-default\">Resultados da loteria do Green Card<\/h2>\t\t\t\t<\/div>\n\t\t\t\t<\/div>\n\t\t\t\t\t<\/div>\n\t\t\t\t<\/div>\n\t\t<div class=\"elementor-element elementor-element-5bfb210 e-flex e-con-boxed e-con e-parent\" data-id=\"5bfb210\" data-element_type=\"container\" data-e-type=\"container\">\n\t\t\t\t\t<div class=\"e-con-inner\">\n\t\t\t\t<div class=\"elementor-element elementor-element-2e3ef98 elementor-widget elementor-widget-text-editor\" data-id=\"2e3ef98\" data-element_type=\"widget\" data-e-type=\"widget\" data-widget_type=\"text-editor.default\">\n\t\t\t\t<div class=\"elementor-widget-container\">\n\t\t\t\t\t\t\t\t\t<p>Visite <span style=\"text-decoration: underline;\"><a href=\"https:\/\/us-gc.net\/pt-br\/resultados-loteria-green-card\/\">Resultados da loteria do Green Card<\/a><\/span> A loteria \u00e9 publicada on-line todos os anos. Para todos os candidatos que ganham na loteria, o processo de obten\u00e7\u00e3o do Green Card come\u00e7a. Esse processo ocorre durante v\u00e1rios meses. A etapa final \u00e9 uma <span style=\"text-decoration: underline;\"><a href=\"https:\/\/us-gc.net\/pt-br\/green-card-entrevista\/\">entrevista para obter o Green Card<\/a><\/span>. Essa entrevista \u00e9 realizada com um funcion\u00e1rio do USCIS e finaliza o processo.<\/p>\n\t\t\t\t\t\t\t\t<\/div>\n\t\t\t\t<\/div>\n\t\t\t\t\t<\/div>\n\t\t\t\t<\/div>\n\t\t\t\t<\/div>\n\t\t","protected":false},"excerpt":{"rendered":"<p>Formul\u00e1rio de registro na loteria do Green Card A inscri\u00e7\u00e3o para o pr\u00f3ximo sorteio da loteria do Green Card \u00e9 totalmente on-line. O formul\u00e1rio leva apenas alguns minutos para ser preenchido. Fa\u00e7a sua inscri\u00e7\u00e3o o mais cedo poss\u00edvel para n\u00e3o perder o prazo de inscri\u00e7\u00e3o. O formul\u00e1rio de registro \u00e9 bastante r\u00e1pido de ser preenchido. [&hellip;]<\/p>\n","protected":false},"author":1,"featured_media":0,"parent":0,"menu_order":0,"comment_status":"closed","ping_status":"closed","template":"","meta":{"footnotes":""},"class_list":["post-452","page","type-page","status-publish","hentry"],"yoast_head":"<!-- This site is optimized with the Yoast SEO plugin v27.2 - https:\/\/yoast.com\/product\/yoast-seo-wordpress\/ -->\n<title>Formul\u00e1rio de registro on-line da loteria do Green Card - USA GC<\/title>\n<meta name=\"description\" content=\"Registre-se diretamente on-line para participar do pr\u00f3ximo sorteio da loteria do Green Card americano\" \/>\n<meta name=\"robots\" content=\"index, follow, max-snippet:-1, max-image-preview:large, max-video-preview:-1\" \/>\n<link rel=\"canonical\" href=\"https:\/\/us-gc.net\/pt-br\/green-card-loteria-formulario\/\" \/>\n<meta property=\"og:locale\" content=\"pt_BR\" \/>\n<meta property=\"og:type\" content=\"article\" \/>\n<meta property=\"og:title\" content=\"Formul\u00e1rio de registro on-line da loteria do Green Card - USA GC\" \/>\n<meta property=\"og:description\" content=\"Registre-se diretamente on-line para participar do pr\u00f3ximo sorteio da loteria do Green Card americano\" \/>\n<meta property=\"og:url\" content=\"https:\/\/us-gc.net\/pt-br\/green-card-loteria-formulario\/\" \/>\n<meta property=\"og:site_name\" content=\"USA GC\" \/>\n<meta property=\"article:modified_time\" content=\"2025-03-31T10:05:56+00:00\" \/>\n<meta name=\"twitter:card\" content=\"summary_large_image\" \/>\n<meta name=\"twitter:label1\" content=\"Est. tempo de leitura\" \/>\n\t<meta name=\"twitter:data1\" content=\"2 minutos\" \/>\n<script type=\"application\/ld+json\" class=\"yoast-schema-graph\">{\"@context\":\"https:\/\/schema.org\",\"@graph\":[{\"@type\":\"WebPage\",\"@id\":\"https:\/\/us-gc.net\/pt-br\/green-card-loteria-formulario\/\",\"url\":\"https:\/\/us-gc.net\/pt-br\/green-card-loteria-formulario\/\",\"name\":\"Formul\u00e1rio de registro on-line da loteria do Green Card - USA GC\",\"isPartOf\":{\"@id\":\"https:\/\/us-gc.net\/pt-br\/#website\"},\"datePublished\":\"2024-02-01T08:19:27+00:00\",\"dateModified\":\"2025-03-31T10:05:56+00:00\",\"description\":\"Registre-se diretamente on-line para participar do pr\u00f3ximo sorteio da loteria do Green Card americano\",\"breadcrumb\":{\"@id\":\"https:\/\/us-gc.net\/pt-br\/green-card-loteria-formulario\/#breadcrumb\"},\"inLanguage\":\"pt-BR\",\"potentialAction\":[{\"@type\":\"ReadAction\",\"target\":[\"https:\/\/us-gc.net\/pt-br\/green-card-loteria-formulario\/\"]}]},{\"@type\":\"BreadcrumbList\",\"@id\":\"https:\/\/us-gc.net\/pt-br\/green-card-loteria-formulario\/#breadcrumb\",\"itemListElement\":[{\"@type\":\"ListItem\",\"position\":1,\"name\":\"Accueil\",\"item\":\"https:\/\/us-gc.net\/pt-br\/green-card\/\"},{\"@type\":\"ListItem\",\"position\":2,\"name\":\"Formul\u00e1rio de registro on-line da loteria do Green Card\"}]},{\"@type\":\"WebSite\",\"@id\":\"https:\/\/us-gc.net\/pt-br\/#website\",\"url\":\"https:\/\/us-gc.net\/pt-br\/\",\"name\":\"USA GC\",\"description\":\"\",\"potentialAction\":[{\"@type\":\"SearchAction\",\"target\":{\"@type\":\"EntryPoint\",\"urlTemplate\":\"https:\/\/us-gc.net\/pt-br\/?s={search_term_string}\"},\"query-input\":{\"@type\":\"PropertyValueSpecification\",\"valueRequired\":true,\"valueName\":\"search_term_string\"}}],\"inLanguage\":\"pt-BR\"}]}<\/script>\n<!-- \/ Yoast SEO plugin. -->","yoast_head_json":{"title":"Formul\u00e1rio de registro on-line da loteria do Green Card - USA GC","description":"Registre-se diretamente on-line para participar do pr\u00f3ximo sorteio da loteria do Green Card americano","robots":{"index":"index","follow":"follow","max-snippet":"max-snippet:-1","max-image-preview":"max-image-preview:large","max-video-preview":"max-video-preview:-1"},"canonical":"https:\/\/us-gc.net\/pt-br\/green-card-loteria-formulario\/","og_locale":"pt_BR","og_type":"article","og_title":"Formul\u00e1rio de registro on-line da loteria do Green Card - USA GC","og_description":"Registre-se diretamente on-line para participar do pr\u00f3ximo sorteio da loteria do Green Card americano","og_url":"https:\/\/us-gc.net\/pt-br\/green-card-loteria-formulario\/","og_site_name":"USA GC","article_modified_time":"2025-03-31T10:05:56+00:00","twitter_card":"summary_large_image","twitter_misc":{"Est. tempo de leitura":"2 minutos"},"schema":{"@context":"https:\/\/schema.org","@graph":[{"@type":"WebPage","@id":"https:\/\/us-gc.net\/pt-br\/green-card-loteria-formulario\/","url":"https:\/\/us-gc.net\/pt-br\/green-card-loteria-formulario\/","name":"Formul\u00e1rio de registro on-line da loteria do Green Card - USA GC","isPartOf":{"@id":"https:\/\/us-gc.net\/pt-br\/#website"},"datePublished":"2024-02-01T08:19:27+00:00","dateModified":"2025-03-31T10:05:56+00:00","description":"Registre-se diretamente on-line para participar do pr\u00f3ximo sorteio da loteria do Green Card americano","breadcrumb":{"@id":"https:\/\/us-gc.net\/pt-br\/green-card-loteria-formulario\/#breadcrumb"},"inLanguage":"pt-BR","potentialAction":[{"@type":"ReadAction","target":["https:\/\/us-gc.net\/pt-br\/green-card-loteria-formulario\/"]}]},{"@type":"BreadcrumbList","@id":"https:\/\/us-gc.net\/pt-br\/green-card-loteria-formulario\/#breadcrumb","itemListElement":[{"@type":"ListItem","position":1,"name":"Accueil","item":"https:\/\/us-gc.net\/pt-br\/green-card\/"},{"@type":"ListItem","position":2,"name":"Formul\u00e1rio de registro on-line da loteria do Green Card"}]},{"@type":"WebSite","@id":"https:\/\/us-gc.net\/pt-br\/#website","url":"https:\/\/us-gc.net\/pt-br\/","name":"USA GC","description":"","potentialAction":[{"@type":"SearchAction","target":{"@type":"EntryPoint","urlTemplate":"https:\/\/us-gc.net\/pt-br\/?s={search_term_string}"},"query-input":{"@type":"PropertyValueSpecification","valueRequired":true,"valueName":"search_term_string"}}],"inLanguage":"pt-BR"}]}},"_links":{"self":[{"href":"https:\/\/us-gc.net\/pt-br\/wp-json\/wp\/v2\/pages\/452","targetHints":{"allow":["GET"]}}],"collection":[{"href":"https:\/\/us-gc.net\/pt-br\/wp-json\/wp\/v2\/pages"}],"about":[{"href":"https:\/\/us-gc.net\/pt-br\/wp-json\/wp\/v2\/types\/page"}],"author":[{"embeddable":true,"href":"https:\/\/us-gc.net\/pt-br\/wp-json\/wp\/v2\/users\/1"}],"replies":[{"embeddable":true,"href":"https:\/\/us-gc.net\/pt-br\/wp-json\/wp\/v2\/comments?post=452"}],"version-history":[{"count":4,"href":"https:\/\/us-gc.net\/pt-br\/wp-json\/wp\/v2\/pages\/452\/revisions"}],"predecessor-version":[{"id":10086,"href":"https:\/\/us-gc.net\/pt-br\/wp-json\/wp\/v2\/pages\/452\/revisions\/10086"}],"wp:attachment":[{"href":"https:\/\/us-gc.net\/pt-br\/wp-json\/wp\/v2\/media?parent=452"}],"curies":[{"name":"wp","href":"https:\/\/api.w.org\/{rel}","templated":true}]}}