{"id":4268,"date":"2024-04-08T08:17:47","date_gmt":"2024-04-08T08:17:47","guid":{"rendered":"https:\/\/green-card-usa.net\/loteria-green-card-paises-asiaticos\/"},"modified":"2024-12-30T09:44:38","modified_gmt":"2024-12-30T09:44:38","slug":"loteria-green-card-paises-asiaticos","status":"publish","type":"page","link":"https:\/\/us-gc.net\/pt-br\/loteria-green-card-paises-asiaticos\/","title":{"rendered":"Loteria do Green Card para pa\u00edses asi\u00e1ticos"},"content":{"rendered":"\n<h1 class=\"wp-block-heading\" id=\"h-les-pays-d-asie-a-la-loterie-de-la-carte-verte-americaine\">Pa\u00edses asi\u00e1ticos na loteria do Green Card dos EUA<\/h1>\n\n<p>Todos os anos, milh\u00f5es de candidatos participam da loteria do Green Card americano. Compilamos as estat\u00edsticas publicadas pelo Departamento de Estado em <a href=\"https:\/\/travel.state.gov\/content\/travel\/en\/us-visas\/immigrate\/diversity-visa-program-entry\/diversity-visa-program-statistics.html\">travel.state.gov<\/a> para apresentar os principais n\u00fameros da participa\u00e7\u00e3o de cidad\u00e3os asi\u00e1ticos na loteria do Green Card.<\/p>\n\n<h2 class=\"wp-block-heading\" id=\"h-quelle-est-la-participation-des-asiatiques-a-la-loterie\">Quantos asi\u00e1ticos participam da loteria?<\/h2>\n\n<p>Cerca de 15% a 20% dos candidatos \u00e0 <a href=\"https:\/\/us-gc.net\/pt-br\/green-card-loteria\/\">loteria do Green Card<\/a> eram cidad\u00e3os de um pa\u00eds asi\u00e1tico nos \u00faltimos anos para os quais h\u00e1 estat\u00edsticas dispon\u00edveis.<\/p>\n\n<figure class=\"wp-block-table\"><table><tbody><tr><td><strong>Anos<\/strong><\/td><td class=\"has-text-align-center\" data-align=\"center\"><strong>2019<\/strong><\/td><td class=\"has-text-align-center\" data-align=\"center\"><strong>2020<\/strong><\/td><td class=\"has-text-align-center\" data-align=\"center\"><strong>2021<\/strong><\/td><\/tr><tr><td>N\u00famero de registrantes asi\u00e1ticos<\/td><td class=\"has-text-align-center\" data-align=\"center\">1 871 824<\/td><td class=\"has-text-align-center\" data-align=\"center\">1 952 489<\/td><td class=\"has-text-align-center\" data-align=\"center\">1 281 046<\/td><\/tr><tr><td>Total de arquivos de registro<\/td><td class=\"has-text-align-center\" data-align=\"center\">14 352 013<\/td><td class=\"has-text-align-center\" data-align=\"center\">14 722 798<\/td><td class=\"has-text-align-center\" data-align=\"center\">6 741 128<\/td><\/tr><tr><td><strong>Participa\u00e7\u00e3o de registrantes asi\u00e1ticos<\/strong><\/td><td class=\"has-text-align-center\" data-align=\"center\"><strong>13%<\/strong><\/td><td class=\"has-text-align-center\" data-align=\"center\"><strong>13%<\/strong><\/td><td class=\"has-text-align-center\" data-align=\"center\"><strong>19%<\/strong><\/td><\/tr><\/tbody><\/table><figcaption class=\"wp-element-caption\">Percentual de asi\u00e1ticos registrados na loteria do Green Card<\/figcaption><\/figure>\n\n<h2 class=\"wp-block-heading\" id=\"h-quels-sont-les-principaux-pays-d-asie-d-ou-proviennent-les-candidats\">Quais s\u00e3o os principais pa\u00edses asi\u00e1ticos de onde v\u00eam os candidatos?<\/h2>\n\n<p>Aqui est\u00e1 o n\u00famero de solicita\u00e7\u00f5es para a loteria do Green Card para os 20 principais pa\u00edses asi\u00e1ticos. Os \u00faltimos n\u00fameros publicados pelo Departamento de Estado abrangem os anos de 2019 a 2021:<\/p>\n\n<figure class=\"wp-block-table\"><table><tbody><tr><td><strong>Pa\u00edses asi\u00e1ticos<\/strong><\/td><td class=\"has-text-align-center\" data-align=\"center\"><strong>2019<\/strong><\/td><td class=\"has-text-align-center\" data-align=\"center\"><strong>2020<\/strong><\/td><td class=\"has-text-align-center\" data-align=\"center\"><strong>2021<\/strong><\/td><\/tr><tr><td>Nepal<\/td><td class=\"has-text-align-center\" data-align=\"center\">684 180<\/td><td class=\"has-text-align-center\" data-align=\"center\">637 696<\/td><td class=\"has-text-align-center\" data-align=\"center\">421 765<\/td><\/tr><tr><td>Ir\u00e3<\/td><td class=\"has-text-align-center\" data-align=\"center\">453 242<\/td><td class=\"has-text-align-center\" data-align=\"center\">709 469<\/td><td class=\"has-text-align-center\" data-align=\"center\">404 863<\/td><\/tr><tr><td>Afeganist\u00e3o<\/td><td class=\"has-text-align-center\" data-align=\"center\">35 939<\/td><td class=\"has-text-align-center\" data-align=\"center\">58 711<\/td><td class=\"has-text-align-center\" data-align=\"center\">60 602<\/td><\/tr><tr><td>Camboja<\/td><td class=\"has-text-align-center\" data-align=\"center\">179 662<\/td><td class=\"has-text-align-center\" data-align=\"center\">109 881<\/td><td class=\"has-text-align-center\" data-align=\"center\">46 110<\/td><\/tr><tr><td>Sri Lanka<\/td><td class=\"has-text-align-center\" data-align=\"center\">53 396<\/td><td class=\"has-text-align-center\" data-align=\"center\">47 705<\/td><td class=\"has-text-align-center\" data-align=\"center\">41 595<\/td><\/tr><tr><td>I\u00eamen<\/td><td class=\"has-text-align-center\" data-align=\"center\">141 679<\/td><td class=\"has-text-align-center\" data-align=\"center\">62 389<\/td><td class=\"has-text-align-center\" data-align=\"center\">41 495<\/td><\/tr><tr><td>Jord\u00e2nia<\/td><td class=\"has-text-align-center\" data-align=\"center\">39 092<\/td><td class=\"has-text-align-center\" data-align=\"center\">42 116<\/td><td class=\"has-text-align-center\" data-align=\"center\">36 815<\/td><\/tr><tr><td>Iraque<\/td><td class=\"has-text-align-center\" data-align=\"center\">47 368<\/td><td class=\"has-text-align-center\" data-align=\"center\">40 852<\/td><td class=\"has-text-align-center\" data-align=\"center\">31 197<\/td><\/tr><tr><td>Ar\u00e1bia Saudita<\/td><td class=\"has-text-align-center\" data-align=\"center\">40 114<\/td><td class=\"has-text-align-center\" data-align=\"center\">41 019<\/td><td class=\"has-text-align-center\" data-align=\"center\">30 844<\/td><\/tr><tr><td>Taiwan<\/td><td class=\"has-text-align-center\" data-align=\"center\">30 603<\/td><td class=\"has-text-align-center\" data-align=\"center\">31 640<\/td><td class=\"has-text-align-center\" data-align=\"center\">24 645<\/td><\/tr><tr><td>Birm\u00e2nia<\/td><td class=\"has-text-align-center\" data-align=\"center\">20 078<\/td><td class=\"has-text-align-center\" data-align=\"center\">29 504<\/td><td class=\"has-text-align-center\" data-align=\"center\">21 555<\/td><\/tr><tr><td>Jap\u00e3o<\/td><td class=\"has-text-align-center\" data-align=\"center\">24 895<\/td><td class=\"has-text-align-center\" data-align=\"center\">21 674<\/td><td class=\"has-text-align-center\" data-align=\"center\">17 181<\/td><\/tr><tr><td>Hong Kong<\/td><td class=\"has-text-align-center\" data-align=\"center\">6 358<\/td><td class=\"has-text-align-center\" data-align=\"center\">5 451<\/td><td class=\"has-text-align-center\" data-align=\"center\">15 471<\/td><\/tr><tr><td>Tail\u00e2ndia<\/td><td class=\"has-text-align-center\" data-align=\"center\">10 969<\/td><td class=\"has-text-align-center\" data-align=\"center\">12 354<\/td><td class=\"has-text-align-center\" data-align=\"center\">14 187<\/td><\/tr><tr><td>S\u00edria<\/td><td class=\"has-text-align-center\" data-align=\"center\">20 124<\/td><td class=\"has-text-align-center\" data-align=\"center\">14 168<\/td><td class=\"has-text-align-center\" data-align=\"center\">11 424<\/td><\/tr><tr><td>Mong\u00f3lia<\/td><td class=\"has-text-align-center\" data-align=\"center\">10 546<\/td><td class=\"has-text-align-center\" data-align=\"center\">11 242<\/td><td class=\"has-text-align-center\" data-align=\"center\">9 871<\/td><\/tr><tr><td>Israel<\/td><td class=\"has-text-align-center\" data-align=\"center\">14 234<\/td><td class=\"has-text-align-center\" data-align=\"center\">12 727<\/td><td class=\"has-text-align-center\" data-align=\"center\">8 793<\/td><\/tr><tr><td>Indon\u00e9sia<\/td><td class=\"has-text-align-center\" data-align=\"center\">10 970<\/td><td class=\"has-text-align-center\" data-align=\"center\">10 691<\/td><td class=\"has-text-align-center\" data-align=\"center\">8 440<\/td><\/tr><tr><td>Emirados \u00c1rabes Unidos<\/td><td class=\"has-text-align-center\" data-align=\"center\">10 281<\/td><td class=\"has-text-align-center\" data-align=\"center\">10 964<\/td><td class=\"has-text-align-center\" data-align=\"center\">8 030<\/td><\/tr><tr><td>L\u00edbano<\/td><td class=\"has-text-align-center\" data-align=\"center\">12 868<\/td><td class=\"has-text-align-center\" data-align=\"center\">11 184<\/td><td class=\"has-text-align-center\" data-align=\"center\">7 250<\/td><\/tr><\/tbody><\/table><figcaption class=\"wp-element-caption\">Os principais pa\u00edses asi\u00e1ticos por n\u00famero de participantes na loteria do green card dos EUA<\/figcaption><\/figure>\n\n<h2 class=\"wp-block-heading\" id=\"h-quels-sont-les-gagnants-a-la-loterie-provenant-de-pays-d-asie\">Quem s\u00e3o os ganhadores da loteria dos pa\u00edses asi\u00e1ticos?<\/h2>\n\n<p>O Departamento de Estado tamb\u00e9m publica o n\u00famero de vistos obtidos a cada ano por meio do programa de diversidade. Os <a href=\"https:\/\/us-gc.net\/pt-br\/resultados-loteria-green-card\/\">resultados das loterias<\/a> s\u00e3o publicados por \u00e1rea geogr\u00e1fica e discriminados por pa\u00eds.<\/p>\n\n<p>Aqui est\u00e1 o n\u00famero de vistos obtidos por meio da <a href=\"https:\/\/us-gc.net\/pt-br\/cartao-verde-loteria-americana\/\">loteria do Cart\u00e3o Verde<\/a> para os 20 principais pa\u00edses asi\u00e1ticos entre 2018 e 2022:<\/p>\n\n<figure class=\"wp-block-table\"><table><tbody><tr><td><strong>Pa\u00edses asi\u00e1ticos<\/strong><\/td><td class=\"has-text-align-center\" data-align=\"center\"><strong>2018<\/strong><\/td><td class=\"has-text-align-center\" data-align=\"center\"><strong>2019<\/strong><\/td><td class=\"has-text-align-center\" data-align=\"center\"><strong>2020<\/strong><\/td><td class=\"has-text-align-center\" data-align=\"center\"><strong>2021<\/strong><\/td><td class=\"has-text-align-center\" data-align=\"center\"><strong>2022<\/strong><\/td><\/tr><tr><td>Nepal<\/td><td class=\"has-text-align-center\" data-align=\"center\">3 307<\/td><td class=\"has-text-align-center\" data-align=\"center\">2 795<\/td><td class=\"has-text-align-center\" data-align=\"center\">2 085<\/td><td class=\"has-text-align-center\" data-align=\"center\">1 372<\/td><td class=\"has-text-align-center\" data-align=\"center\">3 345<\/td><\/tr><tr><td>Ir\u00e3<\/td><td class=\"has-text-align-center\" data-align=\"center\">318<\/td><td class=\"has-text-align-center\" data-align=\"center\">298<\/td><td class=\"has-text-align-center\" data-align=\"center\">131<\/td><td class=\"has-text-align-center\" data-align=\"center\">244<\/td><td class=\"has-text-align-center\" data-align=\"center\">2 024<\/td><\/tr><tr><td>Afeganist\u00e3o<\/td><td class=\"has-text-align-center\" data-align=\"center\">231<\/td><td class=\"has-text-align-center\" data-align=\"center\">265<\/td><td class=\"has-text-align-center\" data-align=\"center\">165<\/td><td class=\"has-text-align-center\" data-align=\"center\">87<\/td><td class=\"has-text-align-center\" data-align=\"center\">723<\/td><\/tr><tr><td>Jord\u00e2nia<\/td><td class=\"has-text-align-center\" data-align=\"center\">254<\/td><td class=\"has-text-align-center\" data-align=\"center\">330<\/td><td class=\"has-text-align-center\" data-align=\"center\">266<\/td><td class=\"has-text-align-center\" data-align=\"center\">542<\/td><td class=\"has-text-align-center\" data-align=\"center\">713<\/td><\/tr><tr><td>Iraque<\/td><td class=\"has-text-align-center\" data-align=\"center\">297<\/td><td class=\"has-text-align-center\" data-align=\"center\">264<\/td><td class=\"has-text-align-center\" data-align=\"center\">86<\/td><td class=\"has-text-align-center\" data-align=\"center\">30<\/td><td class=\"has-text-align-center\" data-align=\"center\">650<\/td><\/tr><tr><td>I\u00eamen<\/td><td class=\"has-text-align-center\" data-align=\"center\">28<\/td><td class=\"has-text-align-center\" data-align=\"center\">70<\/td><td class=\"has-text-align-center\" data-align=\"center\">13<\/td><td class=\"has-text-align-center\" data-align=\"center\">228<\/td><td class=\"has-text-align-center\" data-align=\"center\">625<\/td><\/tr><tr><td>Sri Lanka<\/td><td class=\"has-text-align-center\" data-align=\"center\">360<\/td><td class=\"has-text-align-center\" data-align=\"center\">331<\/td><td class=\"has-text-align-center\" data-align=\"center\">225<\/td><td class=\"has-text-align-center\" data-align=\"center\">438<\/td><td class=\"has-text-align-center\" data-align=\"center\">583<\/td><\/tr><tr><td>Ar\u00e1bia Saudita<\/td><td class=\"has-text-align-center\" data-align=\"center\">218<\/td><td class=\"has-text-align-center\" data-align=\"center\">262<\/td><td class=\"has-text-align-center\" data-align=\"center\">143<\/td><td class=\"has-text-align-center\" data-align=\"center\">117<\/td><td class=\"has-text-align-center\" data-align=\"center\">450<\/td><\/tr><tr><td>Birm\u00e2nia<\/td><td class=\"has-text-align-center\" data-align=\"center\">125<\/td><td class=\"has-text-align-center\" data-align=\"center\">210<\/td><td class=\"has-text-align-center\" data-align=\"center\">82<\/td><td class=\"has-text-align-center\" data-align=\"center\">96<\/td><td class=\"has-text-align-center\" data-align=\"center\">422<\/td><\/tr><tr><td>Jap\u00e3o<\/td><td class=\"has-text-align-center\" data-align=\"center\">164<\/td><td class=\"has-text-align-center\" data-align=\"center\">223<\/td><td class=\"has-text-align-center\" data-align=\"center\">135<\/td><td class=\"has-text-align-center\" data-align=\"center\">237<\/td><td class=\"has-text-align-center\" data-align=\"center\">331<\/td><\/tr><tr><td>Taiwan<\/td><td class=\"has-text-align-center\" data-align=\"center\">174<\/td><td class=\"has-text-align-center\" data-align=\"center\">180<\/td><td class=\"has-text-align-center\" data-align=\"center\">142<\/td><td class=\"has-text-align-center\" data-align=\"center\">178<\/td><td class=\"has-text-align-center\" data-align=\"center\">301<\/td><\/tr><tr><td>S\u00edria<\/td><td class=\"has-text-align-center\" data-align=\"center\">55<\/td><td class=\"has-text-align-center\" data-align=\"center\">83<\/td><td class=\"has-text-align-center\" data-align=\"center\">36<\/td><td class=\"has-text-align-center\" data-align=\"center\">84<\/td><td class=\"has-text-align-center\" data-align=\"center\">240<\/td><\/tr><tr><td>L\u00edbano<\/td><td class=\"has-text-align-center\" data-align=\"center\">44<\/td><td class=\"has-text-align-center\" data-align=\"center\">77<\/td><td class=\"has-text-align-center\" data-align=\"center\">26<\/td><td class=\"has-text-align-center\" data-align=\"center\">107<\/td><td class=\"has-text-align-center\" data-align=\"center\">209<\/td><\/tr><tr><td>Mong\u00f3lia<\/td><td class=\"has-text-align-center\" data-align=\"center\">160<\/td><td class=\"has-text-align-center\" data-align=\"center\">143<\/td><td class=\"has-text-align-center\" data-align=\"center\">114<\/td><td class=\"has-text-align-center\" data-align=\"center\">197<\/td><td class=\"has-text-align-center\" data-align=\"center\">196<\/td><\/tr><tr><td>Camboja<\/td><td class=\"has-text-align-center\" data-align=\"center\">121<\/td><td class=\"has-text-align-center\" data-align=\"center\">86<\/td><td class=\"has-text-align-center\" data-align=\"center\">69<\/td><td class=\"has-text-align-center\" data-align=\"center\">51<\/td><td class=\"has-text-align-center\" data-align=\"center\">166<\/td><\/tr><tr><td>Tail\u00e2ndia<\/td><td class=\"has-text-align-center\" data-align=\"center\">32<\/td><td class=\"has-text-align-center\" data-align=\"center\">60<\/td><td class=\"has-text-align-center\" data-align=\"center\">36<\/td><td class=\"has-text-align-center\" data-align=\"center\">51<\/td><td class=\"has-text-align-center\" data-align=\"center\">142<\/td><\/tr><tr><td>Indon\u00e9sia<\/td><td class=\"has-text-align-center\" data-align=\"center\">64<\/td><td class=\"has-text-align-center\" data-align=\"center\">63<\/td><td class=\"has-text-align-center\" data-align=\"center\">58<\/td><td class=\"has-text-align-center\" data-align=\"center\">85<\/td><td class=\"has-text-align-center\" data-align=\"center\">106<\/td><\/tr><tr><td>Kuwait<\/td><td class=\"has-text-align-center\" data-align=\"center\">81<\/td><td class=\"has-text-align-center\" data-align=\"center\">51<\/td><td class=\"has-text-align-center\" data-align=\"center\">37<\/td><td class=\"has-text-align-center\" data-align=\"center\">52<\/td><td class=\"has-text-align-center\" data-align=\"center\">106<\/td><\/tr><tr><td>Emirados \u00c1rabes Unidos<\/td><td class=\"has-text-align-center\" data-align=\"center\">64<\/td><td class=\"has-text-align-center\" data-align=\"center\">78<\/td><td class=\"has-text-align-center\" data-align=\"center\">71<\/td><td class=\"has-text-align-center\" data-align=\"center\">50<\/td><td class=\"has-text-align-center\" data-align=\"center\">85<\/td><\/tr><tr><td>But\u00e3o<\/td><td class=\"has-text-align-center\" data-align=\"center\">7<\/td><td class=\"has-text-align-center\" data-align=\"center\">20<\/td><td class=\"has-text-align-center\" data-align=\"center\">5<\/td><td class=\"has-text-align-center\" data-align=\"center\">18<\/td><td class=\"has-text-align-center\" data-align=\"center\">80<\/td><\/tr><\/tbody><\/table><figcaption class=\"wp-element-caption\">N\u00famero de vistos emitidos pelo <a href=\"https:\/\/us-gc.net\/pt-br\/programa-de-vistos-para-diversidade\/\">Programa de Visto de Diversidade<\/a> para os principais pa\u00edses asi\u00e1ticos<\/figcaption><\/figure>\n\n<p><\/p>\n","protected":false},"excerpt":{"rendered":"<p>Pa\u00edses asi\u00e1ticos na loteria do Green Card dos EUA Todos os anos, milh\u00f5es de candidatos participam da loteria do Green Card americano. Compilamos as estat\u00edsticas publicadas pelo Departamento de Estado em travel.state.gov para apresentar os principais n\u00fameros da participa\u00e7\u00e3o de cidad\u00e3os asi\u00e1ticos na loteria do Green Card. Quantos asi\u00e1ticos participam da loteria? Cerca de 15% [&hellip;]<\/p>\n","protected":false},"author":1,"featured_media":0,"parent":0,"menu_order":0,"comment_status":"closed","ping_status":"closed","template":"","meta":{"footnotes":""},"class_list":["post-4268","page","type-page","status-publish","hentry"],"yoast_head":"<!-- This site is optimized with the Yoast SEO plugin v27.4 - https:\/\/yoast.com\/product\/yoast-seo-wordpress\/ -->\n<title>Loteria do Green Card para pa\u00edses asi\u00e1ticos - USA GC<\/title>\n<meta name=\"robots\" content=\"index, follow, max-snippet:-1, max-image-preview:large, max-video-preview:-1\" \/>\n<link rel=\"canonical\" href=\"https:\/\/us-gc.net\/pt-br\/loteria-green-card-paises-asiaticos\/\" \/>\n<meta property=\"og:locale\" content=\"pt_BR\" \/>\n<meta property=\"og:type\" content=\"article\" \/>\n<meta property=\"og:title\" content=\"Loteria do Green Card para pa\u00edses asi\u00e1ticos - USA GC\" \/>\n<meta property=\"og:description\" content=\"Pa\u00edses asi\u00e1ticos na loteria do Green Card dos EUA Todos os anos, milh\u00f5es de candidatos participam da loteria do Green Card americano. Compilamos as estat\u00edsticas publicadas pelo Departamento de Estado em travel.state.gov para apresentar os principais n\u00fameros da participa\u00e7\u00e3o de cidad\u00e3os asi\u00e1ticos na loteria do Green Card. Quantos asi\u00e1ticos participam da loteria? Cerca de 15% [&hellip;]\" \/>\n<meta property=\"og:url\" content=\"https:\/\/us-gc.net\/pt-br\/loteria-green-card-paises-asiaticos\/\" \/>\n<meta property=\"og:site_name\" content=\"USA GC\" \/>\n<meta property=\"article:modified_time\" content=\"2024-12-30T09:44:38+00:00\" \/>\n<meta name=\"twitter:card\" content=\"summary_large_image\" \/>\n<meta name=\"twitter:label1\" content=\"Est. tempo de leitura\" \/>\n\t<meta name=\"twitter:data1\" content=\"2 minutos\" \/>\n<script type=\"application\/ld+json\" class=\"yoast-schema-graph\">{\"@context\":\"https:\\\/\\\/schema.org\",\"@graph\":[{\"@type\":\"WebPage\",\"@id\":\"https:\\\/\\\/us-gc.net\\\/pt-br\\\/loteria-green-card-paises-asiaticos\\\/\",\"url\":\"https:\\\/\\\/us-gc.net\\\/pt-br\\\/loteria-green-card-paises-asiaticos\\\/\",\"name\":\"Loteria do Green Card para pa\u00edses asi\u00e1ticos - USA GC\",\"isPartOf\":{\"@id\":\"https:\\\/\\\/us-gc.net\\\/pt-br\\\/#website\"},\"datePublished\":\"2024-04-08T08:17:47+00:00\",\"dateModified\":\"2024-12-30T09:44:38+00:00\",\"breadcrumb\":{\"@id\":\"https:\\\/\\\/us-gc.net\\\/pt-br\\\/loteria-green-card-paises-asiaticos\\\/#breadcrumb\"},\"inLanguage\":\"pt-BR\",\"potentialAction\":[{\"@type\":\"ReadAction\",\"target\":[\"https:\\\/\\\/us-gc.net\\\/pt-br\\\/loteria-green-card-paises-asiaticos\\\/\"]}]},{\"@type\":\"BreadcrumbList\",\"@id\":\"https:\\\/\\\/us-gc.net\\\/pt-br\\\/loteria-green-card-paises-asiaticos\\\/#breadcrumb\",\"itemListElement\":[{\"@type\":\"ListItem\",\"position\":1,\"name\":\"Accueil\",\"item\":\"https:\\\/\\\/us-gc.net\\\/pt-br\\\/green-card\\\/\"},{\"@type\":\"ListItem\",\"position\":2,\"name\":\"Loteria do Green Card para pa\u00edses asi\u00e1ticos\"}]},{\"@type\":\"WebSite\",\"@id\":\"https:\\\/\\\/us-gc.net\\\/pt-br\\\/#website\",\"url\":\"https:\\\/\\\/us-gc.net\\\/pt-br\\\/\",\"name\":\"USA GC\",\"description\":\"\",\"potentialAction\":[{\"@type\":\"SearchAction\",\"target\":{\"@type\":\"EntryPoint\",\"urlTemplate\":\"https:\\\/\\\/us-gc.net\\\/pt-br\\\/?s={search_term_string}\"},\"query-input\":{\"@type\":\"PropertyValueSpecification\",\"valueRequired\":true,\"valueName\":\"search_term_string\"}}],\"inLanguage\":\"pt-BR\"}]}<\/script>\n<!-- \/ Yoast SEO plugin. -->","yoast_head_json":{"title":"Loteria do Green Card para pa\u00edses asi\u00e1ticos - USA GC","robots":{"index":"index","follow":"follow","max-snippet":"max-snippet:-1","max-image-preview":"max-image-preview:large","max-video-preview":"max-video-preview:-1"},"canonical":"https:\/\/us-gc.net\/pt-br\/loteria-green-card-paises-asiaticos\/","og_locale":"pt_BR","og_type":"article","og_title":"Loteria do Green Card para pa\u00edses asi\u00e1ticos - USA GC","og_description":"Pa\u00edses asi\u00e1ticos na loteria do Green Card dos EUA Todos os anos, milh\u00f5es de candidatos participam da loteria do Green Card americano. Compilamos as estat\u00edsticas publicadas pelo Departamento de Estado em travel.state.gov para apresentar os principais n\u00fameros da participa\u00e7\u00e3o de cidad\u00e3os asi\u00e1ticos na loteria do Green Card. Quantos asi\u00e1ticos participam da loteria? Cerca de 15% [&hellip;]","og_url":"https:\/\/us-gc.net\/pt-br\/loteria-green-card-paises-asiaticos\/","og_site_name":"USA GC","article_modified_time":"2024-12-30T09:44:38+00:00","twitter_card":"summary_large_image","twitter_misc":{"Est. tempo de leitura":"2 minutos"},"schema":{"@context":"https:\/\/schema.org","@graph":[{"@type":"WebPage","@id":"https:\/\/us-gc.net\/pt-br\/loteria-green-card-paises-asiaticos\/","url":"https:\/\/us-gc.net\/pt-br\/loteria-green-card-paises-asiaticos\/","name":"Loteria do Green Card para pa\u00edses asi\u00e1ticos - USA GC","isPartOf":{"@id":"https:\/\/us-gc.net\/pt-br\/#website"},"datePublished":"2024-04-08T08:17:47+00:00","dateModified":"2024-12-30T09:44:38+00:00","breadcrumb":{"@id":"https:\/\/us-gc.net\/pt-br\/loteria-green-card-paises-asiaticos\/#breadcrumb"},"inLanguage":"pt-BR","potentialAction":[{"@type":"ReadAction","target":["https:\/\/us-gc.net\/pt-br\/loteria-green-card-paises-asiaticos\/"]}]},{"@type":"BreadcrumbList","@id":"https:\/\/us-gc.net\/pt-br\/loteria-green-card-paises-asiaticos\/#breadcrumb","itemListElement":[{"@type":"ListItem","position":1,"name":"Accueil","item":"https:\/\/us-gc.net\/pt-br\/green-card\/"},{"@type":"ListItem","position":2,"name":"Loteria do Green Card para pa\u00edses asi\u00e1ticos"}]},{"@type":"WebSite","@id":"https:\/\/us-gc.net\/pt-br\/#website","url":"https:\/\/us-gc.net\/pt-br\/","name":"USA GC","description":"","potentialAction":[{"@type":"SearchAction","target":{"@type":"EntryPoint","urlTemplate":"https:\/\/us-gc.net\/pt-br\/?s={search_term_string}"},"query-input":{"@type":"PropertyValueSpecification","valueRequired":true,"valueName":"search_term_string"}}],"inLanguage":"pt-BR"}]}},"_links":{"self":[{"href":"https:\/\/us-gc.net\/pt-br\/wp-json\/wp\/v2\/pages\/4268","targetHints":{"allow":["GET"]}}],"collection":[{"href":"https:\/\/us-gc.net\/pt-br\/wp-json\/wp\/v2\/pages"}],"about":[{"href":"https:\/\/us-gc.net\/pt-br\/wp-json\/wp\/v2\/types\/page"}],"author":[{"embeddable":true,"href":"https:\/\/us-gc.net\/pt-br\/wp-json\/wp\/v2\/users\/1"}],"replies":[{"embeddable":true,"href":"https:\/\/us-gc.net\/pt-br\/wp-json\/wp\/v2\/comments?post=4268"}],"version-history":[{"count":1,"href":"https:\/\/us-gc.net\/pt-br\/wp-json\/wp\/v2\/pages\/4268\/revisions"}],"predecessor-version":[{"id":7907,"href":"https:\/\/us-gc.net\/pt-br\/wp-json\/wp\/v2\/pages\/4268\/revisions\/7907"}],"wp:attachment":[{"href":"https:\/\/us-gc.net\/pt-br\/wp-json\/wp\/v2\/media?parent=4268"}],"curies":[{"name":"wp","href":"https:\/\/api.w.org\/{rel}","templated":true}]}}