{"id":413,"date":"2024-01-30T17:24:00","date_gmt":"2024-01-30T17:24:00","guid":{"rendered":"https:\/\/green-card-usa.net\/green-card\/"},"modified":"2024-12-30T09:40:07","modified_gmt":"2024-12-30T09:40:07","slug":"green-card","status":"publish","type":"page","link":"https:\/\/us-gc.net\/pt-br\/","title":{"rendered":"Green Card EUA | Cart\u00e3o de Residente Permanente"},"content":{"rendered":"\n<h1 class=\"wp-block-heading\" id=\"h-la-green-card-pour-resider-aux-etats-unis\">O Green Card para viver nos Estados Unidos<\/h1>\n\n<p>Os Estados Unidos da Am\u00e9rica s\u00e3o o pa\u00eds mais procurado do mundo por estrangeiros que desejam imigrar. O Green Card \u00e9 uma oportunidade para muitos estrangeiros obterem o direito de viver e trabalhar nos Estados Unidos.<\/p>\n\n<h2 class=\"wp-block-heading\" id=\"h-qu-est-ce-que-la-green-card\">O que \u00e9 o Green Card?<\/h2>\n\n<p>O Green Card \u00e9 um cart\u00e3o de resid\u00eancia permanente nos Estados Unidos. Ele permite que os estrangeiros vivam e trabalhem permanentemente nos Estados Unidos. As condi\u00e7\u00f5es para obter um Green Card dependem do motivo da solicita\u00e7\u00e3o.<\/p>\n\n<h2 class=\"wp-block-heading\" id=\"h-quelle-est-son-utilite\">Qual \u00e9 o seu objetivo?<\/h2>\n\n<p>A utilidade do Green Card est\u00e1 no acesso que ele oferece aos Estados Unidos e ao seu vasto mercado de trabalho. Todos os anos, centenas de milhares de solicitantes esperam obter um Green Card para vir trabalhar nos Estados Unidos.<\/p>\n\n<h2 class=\"wp-block-heading\" id=\"h-comment-obtenir-une-green-card\">Como fa\u00e7o para obter um Green Card?<\/h2>\n\n<p>H\u00e1 v\u00e1rias maneiras de obter um Green Card. O procedimento para obter o cart\u00e3o depende do motivo pelo qual o requerente est\u00e1 solicitando um cart\u00e3o de residente nos EUA. Aqui est\u00e3o as quatro principais raz\u00f5es para obter um Green Card:<\/p>\n\n<ul class=\"wp-block-list\">\n<li>O <a href=\"https:\/\/us-gc.net\/pt-br\/green-card-para-emprego\/\">Green Card baseado em emprego<\/a><\/li>\n\n\n\n<li>O <a href=\"https:\/\/us-gc.net\/pt-br\/green-card-por-casamento\/\">Green Card por meio de casamento<\/a><\/li>\n\n\n\n<li>O <a href=\"https:\/\/us-gc.net\/pt-br\/green-card-patrocinio\/\">Green Card por meio do patroc\u00ednio<\/a> de um membro da fam\u00edlia ou de uma empresa<\/li>\n\n\n\n<li>Participa\u00e7\u00e3o na <a href=\"https:\/\/us-gc.net\/pt-br\/green-card-loteria\/\">Loteria do Green Card<\/a><\/li>\n<\/ul>\n\n<div style=\"height:10px\" aria-hidden=\"true\" class=\"wp-block-spacer\"><\/div>\n\n<p>Cada procedimento \u00e9 diferente em termos de documenta\u00e7\u00e3o e condi\u00e7\u00f5es necess\u00e1rias para obter o Green Card.  <\/p>\n\n<h2 class=\"wp-block-heading\" id=\"h-quand-effectuer-la-demande-d-une-green-card\">Quando devo solicitar um Green Card?<\/h2>\n\n<p>H\u00e1 duas situa\u00e7\u00f5es diferentes, dependendo do tipo de Green Card solicitado.  <\/p>\n\n<ol class=\"wp-block-list\">\n<li>Todas as solicita\u00e7\u00f5es de Green Card, sejam elas baseadas em emprego, patroc\u00ednio ou casamento, podem ser feitas em qualquer \u00e9poca do ano. O processo de inscri\u00e7\u00e3o come\u00e7a assim que a inscri\u00e7\u00e3o \u00e9 conclu\u00edda.<\/li>\n\n\n\n<li>A <a href=\"https:\/\/us-gc.net\/pt-br\/cartao-verde-loteria-americana\/\">loteria do green card americano<\/a> ocorre apenas uma vez por ano. O sorteio que ocorrer\u00e1 no final de 2024 diz respeito \u00e0 aloca\u00e7\u00e3o da <a href=\"https:\/\/us-gc.net\/pt-br\/loteria-green-card-2026\/\">loteria do Green Card 2026<\/a>. O registro para a loteria deve ser conclu\u00eddo at\u00e9 a primeira semana de novembro de cada ano. Em 2024, o USCIS finalizar\u00e1 o processo de concess\u00e3o dos Green Cards obtidos durante a campanha de <a href=\"https:\/\/us-gc.net\/pt-br\/green-card-loteria-2024\/\">loteria do Green Card de 2024<\/a>. Tamb\u00e9m continua a processar os resultados do sorteio da <a href=\"https:\/\/us-gc.net\/pt-br\/loteria-green-card-2025\/\">loteria do Green Card 2025<\/a>.<\/li>\n<\/ol>\n\n<div style=\"height:10px\" aria-hidden=\"true\" class=\"wp-block-spacer\"><\/div>\n\n<p>Em todos os casos, o processo de obten\u00e7\u00e3o do <a href=\"https:\/\/us-gc.net\/pt-br\/green-card-entrevista\/\">Green Card inclui uma entrevista<\/a> com um funcion\u00e1rio do USCIS. Os candidatos devem levar os documentos originais de apoio \u00e0 solicita\u00e7\u00e3o do Green Card para a entrevista.<\/p>\n\n<h2 class=\"wp-block-heading\" id=\"h-comment-renouveler-une-green-card\">Como fa\u00e7o para renovar um Green Card?<\/h2>\n\n<p>Para renovar um Green Card, um formul\u00e1rio I-90 deve ser enviado ao USCIS antes do vencimento do cart\u00e3o atual, geralmente a cada 10 anos.<\/p>\n\n<h2 class=\"wp-block-heading\" id=\"h-a-quoi-ressemble-une-green-card\">Qual \u00e9 a apar\u00eancia de um Green Card?<\/h2>\n\n<p>Como o pr\u00f3prio nome sugere, o Green Card \u00e9 um cart\u00e3o verde. Ele se parece com uma carteira de identidade com uma foto do titular. Essa <a href=\"https:\/\/us-gc.net\/pt-br\/foto-green-card\/\">foto do Green Card<\/a> tem dimens\u00f5es espec\u00edficas, conforme mostrado na imagem abaixo. Ele deve ter menos de 6 meses quando for usado para emitir o Green Card.<\/p>\n\n<figure class=\"wp-block-image size-full\"><img decoding=\"async\" src=\"https:\/\/us-gc.net\/wp-content\/uploads\/2024\/05\/Green-card-2024-1.jpg\" alt=\"imagem de um Green Card v&#xE1;lido em 2024\" class=\"wp-image-4848\"\/><figcaption class=\"wp-element-caption\">Imagem de um Green Card para os EUA<\/figcaption><\/figure>\n\n<h2 class=\"wp-block-heading\" id=\"h-combien-coute-une-green-card\">Quanto custa um Green Card?<\/h2>\n\n<p>O procedimento para obten\u00e7\u00e3o do Green Card inclui o pagamento de taxas administrativas obrigat\u00f3rias. <a href=\"https:\/\/us-gc.net\/pt-br\/preco-green-card\/\">As taxas do Green Card<\/a> variam de acordo com o tipo de Green Card solicitado.<\/p>\n\n<h2 class=\"wp-block-heading\" id=\"h-peut-on-voyager-avec-une-green-card\">Posso viajar com um Green Card?<\/h2>\n\n<p>Os portadores do Green Card podem viajar para determinados pa\u00edses do mundo com as mesmas facilidades que os portadores de passaportes americanos. Essa oportunidade de <a href=\"https:\/\/us-gc.net\/pt-br\/viajar-para-exterior-com-o-green-card\/\">viajar com um Green Card<\/a> s\u00f3 se aplica a determinados pa\u00edses que assinaram acordos espec\u00edficos com os Estados Unidos. Os principais pa\u00edses parceiros s\u00e3o vizinhos geogr\u00e1ficos, como o Canad\u00e1 e o M\u00e9xico.<\/p>\n","protected":false},"excerpt":{"rendered":"<p>O Green Card para viver nos Estados Unidos Os Estados Unidos da Am\u00e9rica s\u00e3o o pa\u00eds mais procurado do mundo por estrangeiros que desejam imigrar. O Green Card \u00e9 uma oportunidade para muitos estrangeiros obterem o direito de viver e trabalhar nos Estados Unidos. O que \u00e9 o Green Card? O Green Card \u00e9 um [&hellip;]<\/p>\n","protected":false},"author":1,"featured_media":0,"parent":0,"menu_order":0,"comment_status":"closed","ping_status":"closed","template":"","meta":{"footnotes":""},"class_list":["post-413","page","type-page","status-publish","hentry"],"yoast_head":"<!-- This site is optimized with the Yoast SEO plugin v27.4 - https:\/\/yoast.com\/product\/yoast-seo-wordpress\/ -->\n<title>Green Card EUA | Cart\u00e3o de Residente Permanente - USA GC<\/title>\n<meta name=\"description\" content=\"O Green Card \u00e9 o cart\u00e3o de residente permanente dos Estados Unidos. H\u00e1 v\u00e1rias maneiras de obter uma autoriza\u00e7\u00e3o de resid\u00eancia para morar e trabalhar nos EUA\" \/>\n<meta name=\"robots\" content=\"index, follow, max-snippet:-1, max-image-preview:large, max-video-preview:-1\" \/>\n<link rel=\"canonical\" href=\"https:\/\/us-gc.net\/pt-br\/\" \/>\n<meta property=\"og:locale\" content=\"pt_BR\" \/>\n<meta property=\"og:type\" content=\"article\" \/>\n<meta property=\"og:title\" content=\"Green Card EUA | Cart\u00e3o de Residente Permanente - USA GC\" \/>\n<meta property=\"og:description\" content=\"O Green Card \u00e9 o cart\u00e3o de residente permanente dos Estados Unidos. H\u00e1 v\u00e1rias maneiras de obter uma autoriza\u00e7\u00e3o de resid\u00eancia para morar e trabalhar nos EUA\" \/>\n<meta property=\"og:url\" content=\"https:\/\/us-gc.net\/pt-br\/\" \/>\n<meta property=\"og:site_name\" content=\"USA GC\" \/>\n<meta property=\"article:modified_time\" content=\"2024-12-30T09:40:07+00:00\" \/>\n<meta property=\"og:image\" content=\"https:\/\/us-gc.net\/wp-content\/uploads\/2024\/05\/Green-card-2024-1.jpg\" \/>\n<meta name=\"twitter:card\" content=\"summary_large_image\" \/>\n<meta name=\"twitter:label1\" content=\"Est. tempo de leitura\" \/>\n\t<meta name=\"twitter:data1\" content=\"3 minutos\" \/>\n<script type=\"application\/ld+json\" class=\"yoast-schema-graph\">{\"@context\":\"https:\\\/\\\/schema.org\",\"@graph\":[{\"@type\":\"WebPage\",\"@id\":\"https:\\\/\\\/us-gc.net\\\/pt-br\\\/\",\"url\":\"https:\\\/\\\/us-gc.net\\\/pt-br\\\/\",\"name\":\"Green Card EUA | Cart\u00e3o de Residente Permanente - USA GC\",\"isPartOf\":{\"@id\":\"https:\\\/\\\/us-gc.net\\\/pt-br\\\/#website\"},\"primaryImageOfPage\":{\"@id\":\"https:\\\/\\\/us-gc.net\\\/pt-br\\\/#primaryimage\"},\"image\":{\"@id\":\"https:\\\/\\\/us-gc.net\\\/pt-br\\\/#primaryimage\"},\"thumbnailUrl\":\"https:\\\/\\\/us-gc.net\\\/wp-content\\\/uploads\\\/2024\\\/05\\\/Green-card-2024-1.jpg\",\"datePublished\":\"2024-01-30T17:24:00+00:00\",\"dateModified\":\"2024-12-30T09:40:07+00:00\",\"description\":\"O Green Card \u00e9 o cart\u00e3o de residente permanente dos Estados Unidos. H\u00e1 v\u00e1rias maneiras de obter uma autoriza\u00e7\u00e3o de resid\u00eancia para morar e trabalhar nos EUA\",\"breadcrumb\":{\"@id\":\"https:\\\/\\\/us-gc.net\\\/pt-br\\\/#breadcrumb\"},\"inLanguage\":\"pt-BR\",\"potentialAction\":[{\"@type\":\"ReadAction\",\"target\":[\"https:\\\/\\\/us-gc.net\\\/pt-br\\\/\"]}]},{\"@type\":\"ImageObject\",\"inLanguage\":\"pt-BR\",\"@id\":\"https:\\\/\\\/us-gc.net\\\/pt-br\\\/#primaryimage\",\"url\":\"https:\\\/\\\/us-gc.net\\\/wp-content\\\/uploads\\\/2024\\\/05\\\/Green-card-2024-1.jpg\",\"contentUrl\":\"https:\\\/\\\/us-gc.net\\\/wp-content\\\/uploads\\\/2024\\\/05\\\/Green-card-2024-1.jpg\"},{\"@type\":\"BreadcrumbList\",\"@id\":\"https:\\\/\\\/us-gc.net\\\/pt-br\\\/#breadcrumb\",\"itemListElement\":[{\"@type\":\"ListItem\",\"position\":1,\"name\":\"Accueil\",\"item\":\"https:\\\/\\\/us-gc.net\\\/pt-br\\\/green-card\\\/\"},{\"@type\":\"ListItem\",\"position\":2,\"name\":\"Green Card EUA | Cart\u00e3o de Residente Permanente\"}]},{\"@type\":\"WebSite\",\"@id\":\"https:\\\/\\\/us-gc.net\\\/pt-br\\\/#website\",\"url\":\"https:\\\/\\\/us-gc.net\\\/pt-br\\\/\",\"name\":\"USA GC\",\"description\":\"\",\"potentialAction\":[{\"@type\":\"SearchAction\",\"target\":{\"@type\":\"EntryPoint\",\"urlTemplate\":\"https:\\\/\\\/us-gc.net\\\/pt-br\\\/?s={search_term_string}\"},\"query-input\":{\"@type\":\"PropertyValueSpecification\",\"valueRequired\":true,\"valueName\":\"search_term_string\"}}],\"inLanguage\":\"pt-BR\"}]}<\/script>\n<!-- \/ Yoast SEO plugin. -->","yoast_head_json":{"title":"Green Card EUA | Cart\u00e3o de Residente Permanente - USA GC","description":"O Green Card \u00e9 o cart\u00e3o de residente permanente dos Estados Unidos. H\u00e1 v\u00e1rias maneiras de obter uma autoriza\u00e7\u00e3o de resid\u00eancia para morar e trabalhar nos EUA","robots":{"index":"index","follow":"follow","max-snippet":"max-snippet:-1","max-image-preview":"max-image-preview:large","max-video-preview":"max-video-preview:-1"},"canonical":"https:\/\/us-gc.net\/pt-br\/","og_locale":"pt_BR","og_type":"article","og_title":"Green Card EUA | Cart\u00e3o de Residente Permanente - USA GC","og_description":"O Green Card \u00e9 o cart\u00e3o de residente permanente dos Estados Unidos. H\u00e1 v\u00e1rias maneiras de obter uma autoriza\u00e7\u00e3o de resid\u00eancia para morar e trabalhar nos EUA","og_url":"https:\/\/us-gc.net\/pt-br\/","og_site_name":"USA GC","article_modified_time":"2024-12-30T09:40:07+00:00","og_image":[{"url":"https:\/\/us-gc.net\/wp-content\/uploads\/2024\/05\/Green-card-2024-1.jpg","type":"","width":"","height":""}],"twitter_card":"summary_large_image","twitter_misc":{"Est. tempo de leitura":"3 minutos"},"schema":{"@context":"https:\/\/schema.org","@graph":[{"@type":"WebPage","@id":"https:\/\/us-gc.net\/pt-br\/","url":"https:\/\/us-gc.net\/pt-br\/","name":"Green Card EUA | Cart\u00e3o de Residente Permanente - USA GC","isPartOf":{"@id":"https:\/\/us-gc.net\/pt-br\/#website"},"primaryImageOfPage":{"@id":"https:\/\/us-gc.net\/pt-br\/#primaryimage"},"image":{"@id":"https:\/\/us-gc.net\/pt-br\/#primaryimage"},"thumbnailUrl":"https:\/\/us-gc.net\/wp-content\/uploads\/2024\/05\/Green-card-2024-1.jpg","datePublished":"2024-01-30T17:24:00+00:00","dateModified":"2024-12-30T09:40:07+00:00","description":"O Green Card \u00e9 o cart\u00e3o de residente permanente dos Estados Unidos. H\u00e1 v\u00e1rias maneiras de obter uma autoriza\u00e7\u00e3o de resid\u00eancia para morar e trabalhar nos EUA","breadcrumb":{"@id":"https:\/\/us-gc.net\/pt-br\/#breadcrumb"},"inLanguage":"pt-BR","potentialAction":[{"@type":"ReadAction","target":["https:\/\/us-gc.net\/pt-br\/"]}]},{"@type":"ImageObject","inLanguage":"pt-BR","@id":"https:\/\/us-gc.net\/pt-br\/#primaryimage","url":"https:\/\/us-gc.net\/wp-content\/uploads\/2024\/05\/Green-card-2024-1.jpg","contentUrl":"https:\/\/us-gc.net\/wp-content\/uploads\/2024\/05\/Green-card-2024-1.jpg"},{"@type":"BreadcrumbList","@id":"https:\/\/us-gc.net\/pt-br\/#breadcrumb","itemListElement":[{"@type":"ListItem","position":1,"name":"Accueil","item":"https:\/\/us-gc.net\/pt-br\/green-card\/"},{"@type":"ListItem","position":2,"name":"Green Card EUA | Cart\u00e3o de Residente Permanente"}]},{"@type":"WebSite","@id":"https:\/\/us-gc.net\/pt-br\/#website","url":"https:\/\/us-gc.net\/pt-br\/","name":"USA GC","description":"","potentialAction":[{"@type":"SearchAction","target":{"@type":"EntryPoint","urlTemplate":"https:\/\/us-gc.net\/pt-br\/?s={search_term_string}"},"query-input":{"@type":"PropertyValueSpecification","valueRequired":true,"valueName":"search_term_string"}}],"inLanguage":"pt-BR"}]}},"_links":{"self":[{"href":"https:\/\/us-gc.net\/pt-br\/wp-json\/wp\/v2\/pages\/413","targetHints":{"allow":["GET"]}}],"collection":[{"href":"https:\/\/us-gc.net\/pt-br\/wp-json\/wp\/v2\/pages"}],"about":[{"href":"https:\/\/us-gc.net\/pt-br\/wp-json\/wp\/v2\/types\/page"}],"author":[{"embeddable":true,"href":"https:\/\/us-gc.net\/pt-br\/wp-json\/wp\/v2\/users\/1"}],"replies":[{"embeddable":true,"href":"https:\/\/us-gc.net\/pt-br\/wp-json\/wp\/v2\/comments?post=413"}],"version-history":[{"count":1,"href":"https:\/\/us-gc.net\/pt-br\/wp-json\/wp\/v2\/pages\/413\/revisions"}],"predecessor-version":[{"id":7707,"href":"https:\/\/us-gc.net\/pt-br\/wp-json\/wp\/v2\/pages\/413\/revisions\/7707"}],"wp:attachment":[{"href":"https:\/\/us-gc.net\/pt-br\/wp-json\/wp\/v2\/media?parent=413"}],"curies":[{"name":"wp","href":"https:\/\/api.w.org\/{rel}","templated":true}]}}