{"id":3595,"date":"2024-02-13T10:11:47","date_gmt":"2024-02-13T10:11:47","guid":{"rendered":"https:\/\/green-card-usa.net\/loteria-green-card-europa\/"},"modified":"2024-12-30T09:43:03","modified_gmt":"2024-12-30T09:43:03","slug":"loteria-green-card-europa","status":"publish","type":"page","link":"https:\/\/us-gc.net\/pt-br\/loteria-green-card-europa\/","title":{"rendered":"Loteria do Green Card para cidad\u00e3os europeus"},"content":{"rendered":"\n<h1 class=\"wp-block-heading\" id=\"h-la-loterie-de-la-carte-verte-pour-les-pays-europeens\">Loteria do Green Card para pa\u00edses europeus<\/h1>\n\n<p>Todos os anos, milh\u00f5es de candidatos participam da loteria do Green Card americano. Compilamos as estat\u00edsticas publicadas pelo Departamento de Estado em <a href=\"https:\/\/travel.state.gov\/content\/travel\/en\/us-visas\/immigrate\/diversity-visa-program-entry\/diversity-visa-program-statistics.html\">travel.state.gov<\/a> para apresentar os principais n\u00fameros da participa\u00e7\u00e3o de cidad\u00e3os europeus na loteria do Green Card.<\/p>\n\n<h2 class=\"wp-block-heading\" id=\"h-quelle-est-la-participation-des-europeens-a-la-loterie-de-la-carte-verte\">Quantos europeus participam da loteria do Green Card?<\/h2>\n\n<p>Cerca de 30% dos candidatos \u00e0 <a href=\"https:\/\/us-gc.net\/pt-br\/green-card-loteria\/\">loteria do Green Card<\/a> foram cidad\u00e3os de um pa\u00eds europeu nos \u00faltimos anos para os quais h\u00e1 estat\u00edsticas dispon\u00edveis.<\/p>\n\n<figure class=\"wp-block-table\"><table><tbody><tr><td><strong>Anos<\/strong><\/td><td class=\"has-text-align-center\" data-align=\"center\"><strong>2019<\/strong><\/td><td class=\"has-text-align-center\" data-align=\"center\"><strong>2020<\/strong><\/td><td class=\"has-text-align-center\" data-align=\"center\"><strong>2021<\/strong><\/td><\/tr><tr><td>N\u00famero de registrantes europeus<\/td><td class=\"has-text-align-center\" data-align=\"center\">4 349 555<\/td><td class=\"has-text-align-center\" data-align=\"center\">4 072 324<\/td><td class=\"has-text-align-center\" data-align=\"center\">2 014 089<\/td><\/tr><tr><td>Total de arquivos de registro<\/td><td class=\"has-text-align-center\" data-align=\"center\">14 352 013<\/td><td class=\"has-text-align-center\" data-align=\"center\">14 722 798<\/td><td class=\"has-text-align-center\" data-align=\"center\">6 741 128<\/td><\/tr><tr><td><strong>Porcentagem de registrantes europeus<\/strong><\/td><td class=\"has-text-align-center\" data-align=\"center\"><strong>30%<\/strong><\/td><td class=\"has-text-align-center\" data-align=\"center\"><strong>28%<\/strong><\/td><td class=\"has-text-align-center\" data-align=\"center\"><strong>30%<\/strong><\/td><\/tr><\/tbody><\/table><figcaption class=\"wp-element-caption\">Porcentagem de europeus registrados na loteria do Green Card<\/figcaption><\/figure>\n\n<h2 class=\"wp-block-heading\" id=\"h-quels-sont-les-principaux-pays-d-europe-d-ou-proviennent-les-candidats\">Quais s\u00e3o os principais pa\u00edses europeus de origem dos candidatos?<\/h2>\n\n<p>Aqui est\u00e1 o n\u00famero de solicita\u00e7\u00f5es para a loteria do Green Card para os 20 principais pa\u00edses europeus. Os \u00faltimos n\u00fameros publicados pelo Departamento de Estado abrangem os anos de 2019 a 2021:<\/p>\n\n<figure class=\"wp-block-table\"><table><tbody><tr><td><strong>Pa\u00edses europeus<\/strong><\/td><td class=\"has-text-align-center\" data-align=\"center\"><strong>2019<\/strong><\/td><td class=\"has-text-align-center\" data-align=\"center\"><strong>2020<\/strong><\/td><td class=\"has-text-align-center\" data-align=\"center\"><strong>2021<\/strong><\/td><\/tr><tr><td>Uzbequist\u00e3o<\/td><td class=\"has-text-align-center\" data-align=\"center\">1 813 357<\/td><td class=\"has-text-align-center\" data-align=\"center\">1 674 787<\/td><td class=\"has-text-align-center\" data-align=\"center\">466 480<\/td><\/tr><tr><td>R\u00fassia<\/td><td class=\"has-text-align-center\" data-align=\"center\">240 323<\/td><td class=\"has-text-align-center\" data-align=\"center\">289 910<\/td><td class=\"has-text-align-center\" data-align=\"center\">260 292<\/td><\/tr><tr><td>Ucr\u00e2nia<\/td><td class=\"has-text-align-center\" data-align=\"center\">665 764<\/td><td class=\"has-text-align-center\" data-align=\"center\">586 088<\/td><td class=\"has-text-align-center\" data-align=\"center\">210 570<\/td><\/tr><tr><td>Mold\u00e1via<\/td><td class=\"has-text-align-center\" data-align=\"center\">323 102<\/td><td class=\"has-text-align-center\" data-align=\"center\">200 204<\/td><td class=\"has-text-align-center\" data-align=\"center\">135 992<\/td><\/tr><tr><td>Alb\u00e2nia<\/td><td class=\"has-text-align-center\" data-align=\"center\">172 817<\/td><td class=\"has-text-align-center\" data-align=\"center\">181 270<\/td><td class=\"has-text-align-center\" data-align=\"center\">128 871<\/td><\/tr><tr><td>Turquia<\/td><td class=\"has-text-align-center\" data-align=\"center\">188 579<\/td><td class=\"has-text-align-center\" data-align=\"center\">221 271<\/td><td class=\"has-text-align-center\" data-align=\"center\">128 743<\/td><\/tr><tr><td>Belarus<\/td><td class=\"has-text-align-center\" data-align=\"center\">107 223<\/td><td class=\"has-text-align-center\" data-align=\"center\">98 617<\/td><td class=\"has-text-align-center\" data-align=\"center\">83 001<\/td><\/tr><tr><td>Arm\u00eania<\/td><td class=\"has-text-align-center\" data-align=\"center\">102 653<\/td><td class=\"has-text-align-center\" data-align=\"center\">79 628<\/td><td class=\"has-text-align-center\" data-align=\"center\">68 309<\/td><\/tr><tr><td>Cazaquist\u00e3o<\/td><td class=\"has-text-align-center\" data-align=\"center\">55 686<\/td><td class=\"has-text-align-center\" data-align=\"center\">82 180<\/td><td class=\"has-text-align-center\" data-align=\"center\">67 593<\/td><\/tr><tr><td>Tajiquist\u00e3o<\/td><td class=\"has-text-align-center\" data-align=\"center\">62 581<\/td><td class=\"has-text-align-center\" data-align=\"center\">77 745<\/td><td class=\"has-text-align-center\" data-align=\"center\">63 944<\/td><\/tr><tr><td>Quirguist\u00e3o<\/td><td class=\"has-text-align-center\" data-align=\"center\">46 045<\/td><td class=\"has-text-align-center\" data-align=\"center\">77 540<\/td><td class=\"has-text-align-center\" data-align=\"center\">55 178<\/td><\/tr><tr><td>Azerbaij\u00e3o<\/td><td class=\"has-text-align-center\" data-align=\"center\">93 736<\/td><td class=\"has-text-align-center\" data-align=\"center\">91 137<\/td><td class=\"has-text-align-center\" data-align=\"center\">52 659<\/td><\/tr><tr><td>Ge\u00f3rgia<\/td><td class=\"has-text-align-center\" data-align=\"center\">56 781<\/td><td class=\"has-text-align-center\" data-align=\"center\">61 292<\/td><td class=\"has-text-align-center\" data-align=\"center\">50 272<\/td><\/tr><tr><td>Alemanha<\/td><td class=\"has-text-align-center\" data-align=\"center\">45 947<\/td><td class=\"has-text-align-center\" data-align=\"center\">38 618<\/td><td class=\"has-text-align-center\" data-align=\"center\">30 417<\/td><\/tr><tr><td>Turcomenist\u00e3o<\/td><td class=\"has-text-align-center\" data-align=\"center\">15 057<\/td><td class=\"has-text-align-center\" data-align=\"center\">23 362<\/td><td class=\"has-text-align-center\" data-align=\"center\">23 907<\/td><\/tr><tr><td>It\u00e1lia<\/td><td class=\"has-text-align-center\" data-align=\"center\">35 326<\/td><td class=\"has-text-align-center\" data-align=\"center\">28 947<\/td><td class=\"has-text-align-center\" data-align=\"center\">22 693<\/td><\/tr><tr><td>Fran\u00e7a<\/td><td class=\"has-text-align-center\" data-align=\"center\">34 077<\/td><td class=\"has-text-align-center\" data-align=\"center\">27 304<\/td><td class=\"has-text-align-center\" data-align=\"center\">19 947<\/td><\/tr><tr><td>Pol\u00f4nia<\/td><td class=\"has-text-align-center\" data-align=\"center\">38 539<\/td><td class=\"has-text-align-center\" data-align=\"center\">25 215<\/td><td class=\"has-text-align-center\" data-align=\"center\">16 150<\/td><\/tr><tr><td>Rom\u00eania<\/td><td class=\"has-text-align-center\" data-align=\"center\">35 367<\/td><td class=\"has-text-align-center\" data-align=\"center\">23 830<\/td><td class=\"has-text-align-center\" data-align=\"center\">15 637<\/td><\/tr><tr><td>Bulg\u00e1ria<\/td><td class=\"has-text-align-center\" data-align=\"center\">30 649<\/td><td class=\"has-text-align-center\" data-align=\"center\">22 696<\/td><td class=\"has-text-align-center\" data-align=\"center\">14 407<\/td><\/tr><\/tbody><\/table><figcaption class=\"wp-element-caption\">Os principais pa\u00edses europeus em termos de n\u00famero de participantes na loteria do green card dos EUA<\/figcaption><\/figure>\n\n<h2 class=\"wp-block-heading\" id=\"h-quels-sont-les-gagnants-a-la-loterie-provenant-de-pays-europeens\">Quem s\u00e3o os ganhadores da loteria dos pa\u00edses europeus?<\/h2>\n\n<p>O Departamento de Estado tamb\u00e9m publica o n\u00famero de vistos obtidos a cada ano por meio do programa de diversidade. Os <a href=\"https:\/\/us-gc.net\/pt-br\/resultados-loteria-green-card\/\">resultados das loterias<\/a> s\u00e3o publicados por \u00e1rea geogr\u00e1fica e discriminados por pa\u00eds.<\/p>\n\n<p>Aqui est\u00e1 o n\u00famero de vistos obtidos gra\u00e7as \u00e0 <a href=\"https:\/\/us-gc.net\/pt-br\/cartao-verde-loteria-americana\/\">loteria do cart\u00e3o verde<\/a> para os 20 principais pa\u00edses europeus entre 2018 e 2022:<\/p>\n\n<figure class=\"wp-block-table\"><table><tbody><tr><td><strong>Pa\u00edses europeus<\/strong><\/td><td class=\"has-text-align-center\" data-align=\"center\"><strong>2018<\/strong><\/td><td class=\"has-text-align-center\" data-align=\"center\"><strong>2019<\/strong><\/td><td class=\"has-text-align-center\" data-align=\"center\"><strong>2020<\/strong><\/td><td class=\"has-text-align-center\" data-align=\"center\"><strong>2021<\/strong><\/td><td class=\"has-text-align-center\" data-align=\"center\"><strong>2022<\/strong><\/td><\/tr><tr><td>R\u00fassia<\/td><td class=\"has-text-align-center\" data-align=\"center\">2 175<\/td><td class=\"has-text-align-center\" data-align=\"center\">2 506<\/td><td class=\"has-text-align-center\" data-align=\"center\">947<\/td><td class=\"has-text-align-center\" data-align=\"center\">414<\/td><td class=\"has-text-align-center\" data-align=\"center\">2 784<\/td><\/tr><tr><td>Ucr\u00e2nia<\/td><td class=\"has-text-align-center\" data-align=\"center\">2 653<\/td><td class=\"has-text-align-center\" data-align=\"center\">2 062<\/td><td class=\"has-text-align-center\" data-align=\"center\">1 101<\/td><td class=\"has-text-align-center\" data-align=\"center\">938<\/td><td class=\"has-text-align-center\" data-align=\"center\">2 636<\/td><\/tr><tr><td>Uzbequist\u00e3o<\/td><td class=\"has-text-align-center\" data-align=\"center\">2 058<\/td><td class=\"has-text-align-center\" data-align=\"center\">823<\/td><td class=\"has-text-align-center\" data-align=\"center\">314<\/td><td class=\"has-text-align-center\" data-align=\"center\">89<\/td><td class=\"has-text-align-center\" data-align=\"center\">  2 413<\/td><\/tr><tr><td>Alb\u00e2nia<\/td><td class=\"has-text-align-center\" data-align=\"center\">2 630<\/td><td class=\"has-text-align-center\" data-align=\"center\">2 284<\/td><td class=\"has-text-align-center\" data-align=\"center\">460<\/td><td class=\"has-text-align-center\" data-align=\"center\">653<\/td><td class=\"has-text-align-center\" data-align=\"center\">2 054<\/td><\/tr><tr><td>Quirguist\u00e3o<\/td><td class=\"has-text-align-center\" data-align=\"center\">383<\/td><td class=\"has-text-align-center\" data-align=\"center\">383<\/td><td class=\"has-text-align-center\" data-align=\"center\">149<\/td><td class=\"has-text-align-center\" data-align=\"center\">358<\/td><td class=\"has-text-align-center\" data-align=\"center\">1 394<\/td><\/tr><tr><td>Turquia<\/td><td class=\"has-text-align-center\" data-align=\"center\">1 821<\/td><td class=\"has-text-align-center\" data-align=\"center\">1 387<\/td><td class=\"has-text-align-center\" data-align=\"center\">708<\/td><td class=\"has-text-align-center\" data-align=\"center\">588<\/td><td class=\"has-text-align-center\" data-align=\"center\">1 330<\/td><\/tr><tr><td>Arm\u00eania<\/td><td class=\"has-text-align-center\" data-align=\"center\">1 662<\/td><td class=\"has-text-align-center\" data-align=\"center\">1 313<\/td><td class=\"has-text-align-center\" data-align=\"center\">373<\/td><td class=\"has-text-align-center\" data-align=\"center\">133<\/td><td class=\"has-text-align-center\" data-align=\"center\">1 308<\/td><\/tr><tr><td>Ge\u00f3rgia<\/td><td class=\"has-text-align-center\" data-align=\"center\">676<\/td><td class=\"has-text-align-center\" data-align=\"center\">662<\/td><td class=\"has-text-align-center\" data-align=\"center\">399<\/td><td class=\"has-text-align-center\" data-align=\"center\">265<\/td><td class=\"has-text-align-center\" data-align=\"center\">1 290<\/td><\/tr><tr><td>Cazaquist\u00e3o<\/td><td class=\"has-text-align-center\" data-align=\"center\">514<\/td><td class=\"has-text-align-center\" data-align=\"center\">576<\/td><td class=\"has-text-align-center\" data-align=\"center\">392<\/td><td class=\"has-text-align-center\" data-align=\"center\">325<\/td><td class=\"has-text-align-center\" data-align=\"center\">865<\/td><\/tr><tr><td>Belarus<\/td><td class=\"has-text-align-center\" data-align=\"center\">828<\/td><td class=\"has-text-align-center\" data-align=\"center\">929<\/td><td class=\"has-text-align-center\" data-align=\"center\">361<\/td><td class=\"has-text-align-center\" data-align=\"center\">503<\/td><td class=\"has-text-align-center\" data-align=\"center\">863<\/td><\/tr><tr><td>Tajiquist\u00e3o<\/td><td class=\"has-text-align-center\" data-align=\"center\">698<\/td><td class=\"has-text-align-center\" data-align=\"center\">919<\/td><td class=\"has-text-align-center\" data-align=\"center\">159<\/td><td class=\"has-text-align-center\" data-align=\"center\">243<\/td><td class=\"has-text-align-center\" data-align=\"center\">723<\/td><\/tr><tr><td>Azerbaij\u00e3o<\/td><td class=\"has-text-align-center\" data-align=\"center\">508<\/td><td class=\"has-text-align-center\" data-align=\"center\">822<\/td><td class=\"has-text-align-center\" data-align=\"center\">189<\/td><td class=\"has-text-align-center\" data-align=\"center\">188<\/td><td class=\"has-text-align-center\" data-align=\"center\">720<\/td><\/tr><tr><td>Turcomenist\u00e3o<\/td><td class=\"has-text-align-center\" data-align=\"center\">157<\/td><td class=\"has-text-align-center\" data-align=\"center\">177<\/td><td class=\"has-text-align-center\" data-align=\"center\">61<\/td><td class=\"has-text-align-center\" data-align=\"center\">235<\/td><td class=\"has-text-align-center\" data-align=\"center\">547<\/td><\/tr><tr><td>Mold\u00e1via<\/td><td class=\"has-text-align-center\" data-align=\"center\">574<\/td><td class=\"has-text-align-center\" data-align=\"center\">626<\/td><td class=\"has-text-align-center\" data-align=\"center\">226<\/td><td class=\"has-text-align-center\" data-align=\"center\">168<\/td><td class=\"has-text-align-center\" data-align=\"center\">481<\/td><\/tr><tr><td>Alemanha<\/td><td class=\"has-text-align-center\" data-align=\"center\">311<\/td><td class=\"has-text-align-center\" data-align=\"center\">203<\/td><td class=\"has-text-align-center\" data-align=\"center\">92<\/td><td class=\"has-text-align-center\" data-align=\"center\">88<\/td><td class=\"has-text-align-center\" data-align=\"center\">309<\/td><\/tr><tr><td>Kosovo<\/td><td class=\"has-text-align-center\" data-align=\"center\">230<\/td><td class=\"has-text-align-center\" data-align=\"center\">232<\/td><td class=\"has-text-align-center\" data-align=\"center\">113<\/td><td class=\"has-text-align-center\" data-align=\"center\">114<\/td><td class=\"has-text-align-center\" data-align=\"center\">295<\/td><\/tr><tr><td>Maced\u00f4nia do Norte<\/td><td class=\"has-text-align-center\" data-align=\"center\">284<\/td><td class=\"has-text-align-center\" data-align=\"center\">194<\/td><td class=\"has-text-align-center\" data-align=\"center\">61<\/td><td class=\"has-text-align-center\" data-align=\"center\">61<\/td><td class=\"has-text-align-center\" data-align=\"center\">224<\/td><\/tr><tr><td>Pol\u00f4nia<\/td><td class=\"has-text-align-center\" data-align=\"center\">277<\/td><td class=\"has-text-align-center\" data-align=\"center\">215<\/td><td class=\"has-text-align-center\" data-align=\"center\">37<\/td><td class=\"has-text-align-center\" data-align=\"center\">92<\/td><td class=\"has-text-align-center\" data-align=\"center\">192<\/td><\/tr><tr><td>Rom\u00eania<\/td><td class=\"has-text-align-center\" data-align=\"center\">199<\/td><td class=\"has-text-align-center\" data-align=\"center\">242<\/td><td class=\"has-text-align-center\" data-align=\"center\">94<\/td><td class=\"has-text-align-center\" data-align=\"center\">106<\/td><td class=\"has-text-align-center\" data-align=\"center\">188<\/td><\/tr><tr><td>It\u00e1lia<\/td><td class=\"has-text-align-center\" data-align=\"center\">162<\/td><td class=\"has-text-align-center\" data-align=\"center\">141<\/td><td class=\"has-text-align-center\" data-align=\"center\">66<\/td><td class=\"has-text-align-center\" data-align=\"center\">120<\/td><td class=\"has-text-align-center\" data-align=\"center\">161<\/td><\/tr><\/tbody><\/table><figcaption class=\"wp-element-caption\">N\u00famero de vistos emitidos no \u00e2mbito do <a href=\"https:\/\/us-gc.net\/pt-br\/programa-de-vistos-para-diversidade\/\">Programa de Visto de Diversidade<\/a> para os principais pa\u00edses europeus<\/figcaption><\/figure>\n\n<p><\/p>\n","protected":false},"excerpt":{"rendered":"<p>Loteria do Green Card para pa\u00edses europeus Todos os anos, milh\u00f5es de candidatos participam da loteria do Green Card americano. Compilamos as estat\u00edsticas publicadas pelo Departamento de Estado em travel.state.gov para apresentar os principais n\u00fameros da participa\u00e7\u00e3o de cidad\u00e3os europeus na loteria do Green Card. Quantos europeus participam da loteria do Green Card? Cerca de [&hellip;]<\/p>\n","protected":false},"author":1,"featured_media":0,"parent":0,"menu_order":0,"comment_status":"closed","ping_status":"closed","template":"","meta":{"footnotes":""},"class_list":["post-3595","page","type-page","status-publish","hentry"],"yoast_head":"<!-- This site is optimized with the Yoast SEO plugin v27.4 - https:\/\/yoast.com\/product\/yoast-seo-wordpress\/ -->\n<title>Loteria do Green Card para cidad\u00e3os europeus - USA GC<\/title>\n<meta name=\"description\" content=\"Participa\u00e7\u00e3o na loteria do Green Card dos EUA por cidad\u00e3os europeus nos \u00faltimos anos\" \/>\n<meta name=\"robots\" content=\"index, follow, max-snippet:-1, max-image-preview:large, max-video-preview:-1\" \/>\n<link rel=\"canonical\" href=\"https:\/\/us-gc.net\/pt-br\/loteria-green-card-europa\/\" \/>\n<meta property=\"og:locale\" content=\"pt_BR\" \/>\n<meta property=\"og:type\" content=\"article\" \/>\n<meta property=\"og:title\" content=\"Loteria do Green Card para cidad\u00e3os europeus - USA GC\" \/>\n<meta property=\"og:description\" content=\"Participa\u00e7\u00e3o na loteria do Green Card dos EUA por cidad\u00e3os europeus nos \u00faltimos anos\" \/>\n<meta property=\"og:url\" content=\"https:\/\/us-gc.net\/pt-br\/loteria-green-card-europa\/\" \/>\n<meta property=\"og:site_name\" content=\"USA GC\" \/>\n<meta property=\"article:modified_time\" content=\"2024-12-30T09:43:03+00:00\" \/>\n<meta name=\"twitter:card\" content=\"summary_large_image\" \/>\n<meta name=\"twitter:label1\" content=\"Est. tempo de leitura\" \/>\n\t<meta name=\"twitter:data1\" content=\"2 minutos\" \/>\n<script type=\"application\/ld+json\" class=\"yoast-schema-graph\">{\"@context\":\"https:\\\/\\\/schema.org\",\"@graph\":[{\"@type\":\"WebPage\",\"@id\":\"https:\\\/\\\/us-gc.net\\\/pt-br\\\/loteria-green-card-europa\\\/\",\"url\":\"https:\\\/\\\/us-gc.net\\\/pt-br\\\/loteria-green-card-europa\\\/\",\"name\":\"Loteria do Green Card para cidad\u00e3os europeus - USA GC\",\"isPartOf\":{\"@id\":\"https:\\\/\\\/us-gc.net\\\/pt-br\\\/#website\"},\"datePublished\":\"2024-02-13T10:11:47+00:00\",\"dateModified\":\"2024-12-30T09:43:03+00:00\",\"description\":\"Participa\u00e7\u00e3o na loteria do Green Card dos EUA por cidad\u00e3os europeus nos \u00faltimos anos\",\"breadcrumb\":{\"@id\":\"https:\\\/\\\/us-gc.net\\\/pt-br\\\/loteria-green-card-europa\\\/#breadcrumb\"},\"inLanguage\":\"pt-BR\",\"potentialAction\":[{\"@type\":\"ReadAction\",\"target\":[\"https:\\\/\\\/us-gc.net\\\/pt-br\\\/loteria-green-card-europa\\\/\"]}]},{\"@type\":\"BreadcrumbList\",\"@id\":\"https:\\\/\\\/us-gc.net\\\/pt-br\\\/loteria-green-card-europa\\\/#breadcrumb\",\"itemListElement\":[{\"@type\":\"ListItem\",\"position\":1,\"name\":\"Accueil\",\"item\":\"https:\\\/\\\/us-gc.net\\\/pt-br\\\/green-card\\\/\"},{\"@type\":\"ListItem\",\"position\":2,\"name\":\"Loteria do Green Card para cidad\u00e3os europeus\"}]},{\"@type\":\"WebSite\",\"@id\":\"https:\\\/\\\/us-gc.net\\\/pt-br\\\/#website\",\"url\":\"https:\\\/\\\/us-gc.net\\\/pt-br\\\/\",\"name\":\"USA GC\",\"description\":\"\",\"potentialAction\":[{\"@type\":\"SearchAction\",\"target\":{\"@type\":\"EntryPoint\",\"urlTemplate\":\"https:\\\/\\\/us-gc.net\\\/pt-br\\\/?s={search_term_string}\"},\"query-input\":{\"@type\":\"PropertyValueSpecification\",\"valueRequired\":true,\"valueName\":\"search_term_string\"}}],\"inLanguage\":\"pt-BR\"}]}<\/script>\n<!-- \/ Yoast SEO plugin. -->","yoast_head_json":{"title":"Loteria do Green Card para cidad\u00e3os europeus - USA GC","description":"Participa\u00e7\u00e3o na loteria do Green Card dos EUA por cidad\u00e3os europeus nos \u00faltimos anos","robots":{"index":"index","follow":"follow","max-snippet":"max-snippet:-1","max-image-preview":"max-image-preview:large","max-video-preview":"max-video-preview:-1"},"canonical":"https:\/\/us-gc.net\/pt-br\/loteria-green-card-europa\/","og_locale":"pt_BR","og_type":"article","og_title":"Loteria do Green Card para cidad\u00e3os europeus - USA GC","og_description":"Participa\u00e7\u00e3o na loteria do Green Card dos EUA por cidad\u00e3os europeus nos \u00faltimos anos","og_url":"https:\/\/us-gc.net\/pt-br\/loteria-green-card-europa\/","og_site_name":"USA GC","article_modified_time":"2024-12-30T09:43:03+00:00","twitter_card":"summary_large_image","twitter_misc":{"Est. tempo de leitura":"2 minutos"},"schema":{"@context":"https:\/\/schema.org","@graph":[{"@type":"WebPage","@id":"https:\/\/us-gc.net\/pt-br\/loteria-green-card-europa\/","url":"https:\/\/us-gc.net\/pt-br\/loteria-green-card-europa\/","name":"Loteria do Green Card para cidad\u00e3os europeus - USA GC","isPartOf":{"@id":"https:\/\/us-gc.net\/pt-br\/#website"},"datePublished":"2024-02-13T10:11:47+00:00","dateModified":"2024-12-30T09:43:03+00:00","description":"Participa\u00e7\u00e3o na loteria do Green Card dos EUA por cidad\u00e3os europeus nos \u00faltimos anos","breadcrumb":{"@id":"https:\/\/us-gc.net\/pt-br\/loteria-green-card-europa\/#breadcrumb"},"inLanguage":"pt-BR","potentialAction":[{"@type":"ReadAction","target":["https:\/\/us-gc.net\/pt-br\/loteria-green-card-europa\/"]}]},{"@type":"BreadcrumbList","@id":"https:\/\/us-gc.net\/pt-br\/loteria-green-card-europa\/#breadcrumb","itemListElement":[{"@type":"ListItem","position":1,"name":"Accueil","item":"https:\/\/us-gc.net\/pt-br\/green-card\/"},{"@type":"ListItem","position":2,"name":"Loteria do Green Card para cidad\u00e3os europeus"}]},{"@type":"WebSite","@id":"https:\/\/us-gc.net\/pt-br\/#website","url":"https:\/\/us-gc.net\/pt-br\/","name":"USA GC","description":"","potentialAction":[{"@type":"SearchAction","target":{"@type":"EntryPoint","urlTemplate":"https:\/\/us-gc.net\/pt-br\/?s={search_term_string}"},"query-input":{"@type":"PropertyValueSpecification","valueRequired":true,"valueName":"search_term_string"}}],"inLanguage":"pt-BR"}]}},"_links":{"self":[{"href":"https:\/\/us-gc.net\/pt-br\/wp-json\/wp\/v2\/pages\/3595","targetHints":{"allow":["GET"]}}],"collection":[{"href":"https:\/\/us-gc.net\/pt-br\/wp-json\/wp\/v2\/pages"}],"about":[{"href":"https:\/\/us-gc.net\/pt-br\/wp-json\/wp\/v2\/types\/page"}],"author":[{"embeddable":true,"href":"https:\/\/us-gc.net\/pt-br\/wp-json\/wp\/v2\/users\/1"}],"replies":[{"embeddable":true,"href":"https:\/\/us-gc.net\/pt-br\/wp-json\/wp\/v2\/comments?post=3595"}],"version-history":[{"count":1,"href":"https:\/\/us-gc.net\/pt-br\/wp-json\/wp\/v2\/pages\/3595\/revisions"}],"predecessor-version":[{"id":7841,"href":"https:\/\/us-gc.net\/pt-br\/wp-json\/wp\/v2\/pages\/3595\/revisions\/7841"}],"wp:attachment":[{"href":"https:\/\/us-gc.net\/pt-br\/wp-json\/wp\/v2\/media?parent=3595"}],"curies":[{"name":"wp","href":"https:\/\/api.w.org\/{rel}","templated":true}]}}