{"id":2242,"date":"2024-02-13T09:26:58","date_gmt":"2024-02-13T09:26:58","guid":{"rendered":"https:\/\/green-card-usa.net\/programa-de-vistos-para-diversidade\/"},"modified":"2024-12-30T09:40:51","modified_gmt":"2024-12-30T09:40:51","slug":"programa-de-vistos-para-diversidade","status":"publish","type":"page","link":"https:\/\/us-gc.net\/pt-br\/programa-de-vistos-para-diversidade\/","title":{"rendered":"O programa americano de vistos de diversidade"},"content":{"rendered":"\n<h1 class=\"wp-block-heading\" id=\"h-le-diversity-visa-program-des-etats-unis\">O Programa de Visto de Diversidade nos Estados Unidos  <\/h1>\n\n<h2 class=\"wp-block-heading\" id=\"h-qu-est-ce-que-le-diversity-visa-program\">O que \u00e9 o Programa de Visto de Diversidade?<\/h2>\n\n<p>O Programa de Visto de Diversidade \u00e9 uma iniciativa do governo dos EUA criada para diversificar a popula\u00e7\u00e3o de imigrantes dos EUA. Todos os anos, mais de 50.000 vistos s\u00e3o emitidos para pessoas de pa\u00edses com baixas taxas de imigra\u00e7\u00e3o para os Estados Unidos. O Programa DV \u00e9 conhecido como a <a href=\"https:\/\/us-gc.net\/pt-br\/cartao-verde-loteria-americana\/\">loteria do green card<\/a>.<\/p>\n\n<h2 class=\"wp-block-heading\" id=\"h-comment-fonctionne-t-il\">Como isso funciona?<\/h2>\n\n<p>A participa\u00e7\u00e3o no Programa de Visto de Diversidade est\u00e1 sujeita a um processo de sele\u00e7\u00e3o aleat\u00f3rio. Os candidatos devem enviar uma <a href=\"https:\/\/us-gc.net\/pt-br\/green-card-loteria-formulario\/\">inscri\u00e7\u00e3o on-line<\/a> at\u00e9 o final de outubro de cada ano. Os crit\u00e9rios de qualifica\u00e7\u00e3o incluem a posse de um diploma de ensino m\u00e9dio ou equivalente, ou dois anos de experi\u00eancia profissional em um campo que exija pelo menos dois anos de treinamento ou experi\u00eancia nos \u00faltimos cinco anos.<\/p>\n\n<h2 class=\"wp-block-heading\" id=\"h-qui-peut-en-beneficier\">Quem pode se beneficiar?<\/h2>\n\n<p>Cidad\u00e3os de pa\u00edses com baixas taxas de imigra\u00e7\u00e3o para os Estados Unidos s\u00e3o eleg\u00edveis. Todos os anos, o Departamento de Estado dos EUA publica uma lista de <a href=\"https:\/\/us-gc.net\/pt-br\/loteria-green-card-paises-nao-participantes\/\">pa\u00edses cujos cidad\u00e3os n\u00e3o s\u00e3o eleg\u00edveis para participar<\/a>. Pessoas de pa\u00edses com uma alta taxa de imigra\u00e7\u00e3o para os Estados Unidos est\u00e3o exclu\u00eddas. Voc\u00ea pode consultar nossas estat\u00edsticas em nossas p\u00e1ginas dedicadas:<\/p>\n\n<ul class=\"wp-block-list\">\n<li><a href=\"https:\/\/us-gc.net\/pt-br\/loteria-green-card-europa\/\">Green card para cidad\u00e3os europeus<\/a><\/li>\n\n\n\n<li><a href=\"https:\/\/us-gc.net\/pt-br\/loteria-green-card-paises-africa\/\">Green card para cidad\u00e3os africanos<\/a><\/li>\n\n\n\n<li><a href=\"https:\/\/us-gc.net\/pt-br\/loteria-green-card-paises-asiaticos\/\">Green card para cidad\u00e3os asi\u00e1ticos<\/a><\/li>\n<\/ul>\n\n<div style=\"height:10px\" aria-hidden=\"true\" class=\"wp-block-spacer\"><\/div>\n\n<h2 class=\"wp-block-heading\" id=\"h-qu-apporte-le-programme\">O que o programa oferece?<\/h2>\n\n<p>O Programa de Visto de Diversidade oferece uma oportunidade \u00fanica de obter resid\u00eancia permanente nos Estados Unidos, abrindo as portas para o emprego, a educa\u00e7\u00e3o e a possibilidade de se tornar um cidad\u00e3o americano ap\u00f3s cinco anos. \u00c9 uma chance para os benefici\u00e1rios vivenciarem o sonho americano e contribu\u00edrem para a diversidade cultural dos Estados Unidos.<\/p>\n\n<h2 class=\"wp-block-heading\" id=\"h-qu-est-ce-que-la-loterie-du-dv\">O que \u00e9 a loteria DV?<\/h2>\n\n<p>A <a href=\"https:\/\/us-gc.net\/pt-br\/green-card-loteria\/\">loteria<\/a> do DV <a href=\"https:\/\/us-gc.net\/pt-br\/green-card-loteria\/\">Green Card<\/a> \u00e9 o processo de sele\u00e7\u00e3o no centro do Programa de Visto de Diversidade. As inscri\u00e7\u00f5es s\u00e3o feitas por meio de um <a href=\"https:\/\/us-gc.net\/pt-br\/green-card-loteria-formulario\/\">formul\u00e1rio on-line<\/a> no \u00faltimo trimestre de cada ano. <a href=\"https:\/\/us-gc.net\/pt-br\/resultados-loteria-green-card\/\">Os resultados da loteria<\/a> s\u00e3o publicados seis meses depois. Os vencedores s\u00e3o escolhidos aleatoriamente entre todos os participantes eleg\u00edveis. Esse processo garante que todos os participantes tenham a mesma chance de ganhar, independentemente de sua condi\u00e7\u00e3o social, econ\u00f4mica ou educacional.<\/p>\n\n<p><\/p>\n","protected":false},"excerpt":{"rendered":"<p>O Programa de Visto de Diversidade nos Estados Unidos O que \u00e9 o Programa de Visto de Diversidade? O Programa de Visto de Diversidade \u00e9 uma iniciativa do governo dos EUA criada para diversificar a popula\u00e7\u00e3o de imigrantes dos EUA. Todos os anos, mais de 50.000 vistos s\u00e3o emitidos para pessoas de pa\u00edses com baixas [&hellip;]<\/p>\n","protected":false},"author":1,"featured_media":0,"parent":0,"menu_order":0,"comment_status":"closed","ping_status":"closed","template":"","meta":{"footnotes":""},"class_list":["post-2242","page","type-page","status-publish","hentry"],"yoast_head":"<!-- This site is optimized with the Yoast SEO plugin v27.4 - https:\/\/yoast.com\/product\/yoast-seo-wordpress\/ -->\n<title>O programa americano de vistos de diversidade - USA GC<\/title>\n<meta name=\"robots\" content=\"index, follow, max-snippet:-1, max-image-preview:large, max-video-preview:-1\" \/>\n<link rel=\"canonical\" href=\"https:\/\/us-gc.net\/pt-br\/programa-de-vistos-para-diversidade\/\" \/>\n<meta property=\"og:locale\" content=\"pt_BR\" \/>\n<meta property=\"og:type\" content=\"article\" \/>\n<meta property=\"og:title\" content=\"O programa americano de vistos de diversidade - USA GC\" \/>\n<meta property=\"og:description\" content=\"O Programa de Visto de Diversidade nos Estados Unidos O que \u00e9 o Programa de Visto de Diversidade? O Programa de Visto de Diversidade \u00e9 uma iniciativa do governo dos EUA criada para diversificar a popula\u00e7\u00e3o de imigrantes dos EUA. Todos os anos, mais de 50.000 vistos s\u00e3o emitidos para pessoas de pa\u00edses com baixas [&hellip;]\" \/>\n<meta property=\"og:url\" content=\"https:\/\/us-gc.net\/pt-br\/programa-de-vistos-para-diversidade\/\" \/>\n<meta property=\"og:site_name\" content=\"USA GC\" \/>\n<meta property=\"article:modified_time\" content=\"2024-12-30T09:40:51+00:00\" \/>\n<meta name=\"twitter:card\" content=\"summary_large_image\" \/>\n<meta name=\"twitter:label1\" content=\"Est. tempo de leitura\" \/>\n\t<meta name=\"twitter:data1\" content=\"2 minutos\" \/>\n<script type=\"application\/ld+json\" class=\"yoast-schema-graph\">{\"@context\":\"https:\\\/\\\/schema.org\",\"@graph\":[{\"@type\":\"WebPage\",\"@id\":\"https:\\\/\\\/us-gc.net\\\/pt-br\\\/programa-de-vistos-para-diversidade\\\/\",\"url\":\"https:\\\/\\\/us-gc.net\\\/pt-br\\\/programa-de-vistos-para-diversidade\\\/\",\"name\":\"O programa americano de vistos de diversidade - USA GC\",\"isPartOf\":{\"@id\":\"https:\\\/\\\/us-gc.net\\\/pt-br\\\/#website\"},\"datePublished\":\"2024-02-13T09:26:58+00:00\",\"dateModified\":\"2024-12-30T09:40:51+00:00\",\"breadcrumb\":{\"@id\":\"https:\\\/\\\/us-gc.net\\\/pt-br\\\/programa-de-vistos-para-diversidade\\\/#breadcrumb\"},\"inLanguage\":\"pt-BR\",\"potentialAction\":[{\"@type\":\"ReadAction\",\"target\":[\"https:\\\/\\\/us-gc.net\\\/pt-br\\\/programa-de-vistos-para-diversidade\\\/\"]}]},{\"@type\":\"BreadcrumbList\",\"@id\":\"https:\\\/\\\/us-gc.net\\\/pt-br\\\/programa-de-vistos-para-diversidade\\\/#breadcrumb\",\"itemListElement\":[{\"@type\":\"ListItem\",\"position\":1,\"name\":\"Accueil\",\"item\":\"https:\\\/\\\/us-gc.net\\\/pt-br\\\/green-card\\\/\"},{\"@type\":\"ListItem\",\"position\":2,\"name\":\"O programa americano de vistos de diversidade\"}]},{\"@type\":\"WebSite\",\"@id\":\"https:\\\/\\\/us-gc.net\\\/pt-br\\\/#website\",\"url\":\"https:\\\/\\\/us-gc.net\\\/pt-br\\\/\",\"name\":\"USA GC\",\"description\":\"\",\"potentialAction\":[{\"@type\":\"SearchAction\",\"target\":{\"@type\":\"EntryPoint\",\"urlTemplate\":\"https:\\\/\\\/us-gc.net\\\/pt-br\\\/?s={search_term_string}\"},\"query-input\":{\"@type\":\"PropertyValueSpecification\",\"valueRequired\":true,\"valueName\":\"search_term_string\"}}],\"inLanguage\":\"pt-BR\"}]}<\/script>\n<!-- \/ Yoast SEO plugin. -->","yoast_head_json":{"title":"O programa americano de vistos de diversidade - USA GC","robots":{"index":"index","follow":"follow","max-snippet":"max-snippet:-1","max-image-preview":"max-image-preview:large","max-video-preview":"max-video-preview:-1"},"canonical":"https:\/\/us-gc.net\/pt-br\/programa-de-vistos-para-diversidade\/","og_locale":"pt_BR","og_type":"article","og_title":"O programa americano de vistos de diversidade - USA GC","og_description":"O Programa de Visto de Diversidade nos Estados Unidos O que \u00e9 o Programa de Visto de Diversidade? O Programa de Visto de Diversidade \u00e9 uma iniciativa do governo dos EUA criada para diversificar a popula\u00e7\u00e3o de imigrantes dos EUA. Todos os anos, mais de 50.000 vistos s\u00e3o emitidos para pessoas de pa\u00edses com baixas [&hellip;]","og_url":"https:\/\/us-gc.net\/pt-br\/programa-de-vistos-para-diversidade\/","og_site_name":"USA GC","article_modified_time":"2024-12-30T09:40:51+00:00","twitter_card":"summary_large_image","twitter_misc":{"Est. tempo de leitura":"2 minutos"},"schema":{"@context":"https:\/\/schema.org","@graph":[{"@type":"WebPage","@id":"https:\/\/us-gc.net\/pt-br\/programa-de-vistos-para-diversidade\/","url":"https:\/\/us-gc.net\/pt-br\/programa-de-vistos-para-diversidade\/","name":"O programa americano de vistos de diversidade - USA GC","isPartOf":{"@id":"https:\/\/us-gc.net\/pt-br\/#website"},"datePublished":"2024-02-13T09:26:58+00:00","dateModified":"2024-12-30T09:40:51+00:00","breadcrumb":{"@id":"https:\/\/us-gc.net\/pt-br\/programa-de-vistos-para-diversidade\/#breadcrumb"},"inLanguage":"pt-BR","potentialAction":[{"@type":"ReadAction","target":["https:\/\/us-gc.net\/pt-br\/programa-de-vistos-para-diversidade\/"]}]},{"@type":"BreadcrumbList","@id":"https:\/\/us-gc.net\/pt-br\/programa-de-vistos-para-diversidade\/#breadcrumb","itemListElement":[{"@type":"ListItem","position":1,"name":"Accueil","item":"https:\/\/us-gc.net\/pt-br\/green-card\/"},{"@type":"ListItem","position":2,"name":"O programa americano de vistos de diversidade"}]},{"@type":"WebSite","@id":"https:\/\/us-gc.net\/pt-br\/#website","url":"https:\/\/us-gc.net\/pt-br\/","name":"USA GC","description":"","potentialAction":[{"@type":"SearchAction","target":{"@type":"EntryPoint","urlTemplate":"https:\/\/us-gc.net\/pt-br\/?s={search_term_string}"},"query-input":{"@type":"PropertyValueSpecification","valueRequired":true,"valueName":"search_term_string"}}],"inLanguage":"pt-BR"}]}},"_links":{"self":[{"href":"https:\/\/us-gc.net\/pt-br\/wp-json\/wp\/v2\/pages\/2242","targetHints":{"allow":["GET"]}}],"collection":[{"href":"https:\/\/us-gc.net\/pt-br\/wp-json\/wp\/v2\/pages"}],"about":[{"href":"https:\/\/us-gc.net\/pt-br\/wp-json\/wp\/v2\/types\/page"}],"author":[{"embeddable":true,"href":"https:\/\/us-gc.net\/pt-br\/wp-json\/wp\/v2\/users\/1"}],"replies":[{"embeddable":true,"href":"https:\/\/us-gc.net\/pt-br\/wp-json\/wp\/v2\/comments?post=2242"}],"version-history":[{"count":1,"href":"https:\/\/us-gc.net\/pt-br\/wp-json\/wp\/v2\/pages\/2242\/revisions"}],"predecessor-version":[{"id":7729,"href":"https:\/\/us-gc.net\/pt-br\/wp-json\/wp\/v2\/pages\/2242\/revisions\/7729"}],"wp:attachment":[{"href":"https:\/\/us-gc.net\/pt-br\/wp-json\/wp\/v2\/media?parent=2242"}],"curies":[{"name":"wp","href":"https:\/\/api.w.org\/{rel}","templated":true}]}}