{"id":1501,"date":"2024-02-08T15:57:06","date_gmt":"2024-02-08T15:57:06","guid":{"rendered":"https:\/\/green-card-usa.net\/preco-green-card\/"},"modified":"2025-03-31T11:22:37","modified_gmt":"2025-03-31T11:22:37","slug":"preco-green-card","status":"publish","type":"page","link":"https:\/\/us-gc.net\/pt-br\/preco-green-card\/","title":{"rendered":"Quanto custa o Green Card?"},"content":{"rendered":"\n<h1 class=\"wp-block-heading\" id=\"h-prix-a-payer-pour-obtenir-la-green-card\">Custo de obten\u00e7\u00e3o do Green Card<\/h1>\n\n<p>O custo de obten\u00e7\u00e3o de um Green Card depende do tipo de Green Card e da situa\u00e7\u00e3o do solicitante. H\u00e1 taxas a serem pagas nas quatro situa\u00e7\u00f5es principais para a obten\u00e7\u00e3o do Green Card.<\/p>\n\n<h2 class=\"wp-block-heading\" id=\"h-quels-sont-les-frais-d-une-green-card-obtenue-a-la-loterie\">Quanto custa um Green Card obtido por sorteio?<\/h2>\n\n<p>A <a href=\"https:\/\/us-gc.net\/pt-br\/green-card-loteria\/\">loteria do Green Card<\/a> permite que mais de 50.000 estrangeiros ganhem o direito de obter um <a href=\"https:\/\/us-gc.net\/pt-br\/\">Green Card<\/a>. A participa\u00e7\u00e3o no sorteio do pr\u00eamio \u00e9 gratuita. Entretanto, os solicitantes ter\u00e3o de pagar uma taxa de visto de diversidade \u00e0s autoridades dos EUA para obter o Green Card que ganharam na loteria.<\/p>\n\n<p>Essas taxas n\u00e3o s\u00e3o reembols\u00e1veis e v\u00e3o diretamente para o Departamento de Estado dos EUA. A taxa \u00e9 avaliada para cobrir os custos incorridos pelo Departamento na administra\u00e7\u00e3o do programa DV e \u00e9 separada de quaisquer taxas que voc\u00ea ter\u00e1 de pagar ao USCIS como parte de sua solicita\u00e7\u00e3o de visto.<\/p>\n\n<p>A <strong>taxa para um visto de diversidade obtido por meio da loteria do Green Card \u00e9 de US$ 330<\/strong> por candidato selecionado na loteria. O pagamento dessas taxas deve ser feito antes que o processamento da solicita\u00e7\u00e3o aceita pelo <a href=\"https:\/\/www.uscis.gov\/\">USCIS<\/a> possa continuar. O valor depende do status inicial do solicitante do Green Card.<\/p>\n\n<p><strong>Para garantir seu lugar no pr\u00f3ximo sorteio anual<\/strong>, voc\u00ea deve preencher o <a href=\"https:\/\/us-gc.net\/pt-br\/green-card-loteria-formulario\/\">formul\u00e1rio de registro da loteria do Green Card<\/a>.<\/p>\n\n<div style=\"height:10px\" aria-hidden=\"true\" class=\"wp-block-spacer\"><\/div>\n\n<h2 class=\"wp-block-heading\" id=\"h-quels-sont-les-frais-d-une-green-card-par-rapprochement-familial\">Quanto custa um Green Card para reunifica\u00e7\u00e3o familiar?<\/h2>\n\n<p>Um cidad\u00e3o estrangeiro que deseja viver permanentemente nos Estados Unidos precisa de um visto de imigrante. Esse visto pode ser obtido ao ser patrocinado por um parente imediato que seja cidad\u00e3o americano ou residente permanente legal dos Estados Unidos.<\/p>\n\n<h3 class=\"wp-block-heading\" id=\"h-il-existe-deux-types-de-visas-d-immigrant-familiaux\">H\u00e1 dois tipos de visto de imigrante familiar<\/h3>\n\n<ul class=\"wp-block-list\">\n<li><strong>De um parente imediato<\/strong>: esses vistos s\u00e3o baseados em um relacionamento familiar direto com um cidad\u00e3o americano, como c\u00f4njuge, filho ou pai. N\u00e3o h\u00e1 limite para o n\u00famero de imigrantes nessas categorias a cada ano.<\/li>\n\n\n\n<li><strong>Prefer\u00eancia familiar<\/strong>: esses vistos s\u00e3o destinados a relacionamentos familiares espec\u00edficos e mais distantes com um cidad\u00e3o americano e a certos relacionamentos espec\u00edficos com um residente permanente legal. O n\u00famero de imigrantes nessa categoria de visto \u00e9 limitado a cada ano.<\/li>\n<\/ul>\n\n<div style=\"height:10px\" aria-hidden=\"true\" class=\"wp-block-spacer\"><\/div>\n\n<p>Para ambos os tipos de visto: <strong>A taxa \u00e9 de US$ 325 por pessoa<\/strong>. Essas taxas n\u00e3o s\u00e3o reembols\u00e1veis.<\/p>\n","protected":false},"excerpt":{"rendered":"<p>Custo de obten\u00e7\u00e3o do Green Card O custo de obten\u00e7\u00e3o de um Green Card depende do tipo de Green Card e da situa\u00e7\u00e3o do solicitante. H\u00e1 taxas a serem pagas nas quatro situa\u00e7\u00f5es principais para a obten\u00e7\u00e3o do Green Card. Quanto custa um Green Card obtido por sorteio? A loteria do Green Card permite que [&hellip;]<\/p>\n","protected":false},"author":1,"featured_media":0,"parent":0,"menu_order":0,"comment_status":"closed","ping_status":"closed","template":"","meta":{"footnotes":""},"class_list":["post-1501","page","type-page","status-publish","hentry"],"yoast_head":"<!-- This site is optimized with the Yoast SEO plugin v27.4 - https:\/\/yoast.com\/product\/yoast-seo-wordpress\/ -->\n<title>Quanto custa o Green Card? - USA GC<\/title>\n<meta name=\"description\" content=\"Quanto custa a solicita\u00e7\u00e3o de um Green Card americano? Depende das condi\u00e7\u00f5es para obt\u00ea-lo.\" \/>\n<meta name=\"robots\" content=\"index, follow, max-snippet:-1, max-image-preview:large, max-video-preview:-1\" \/>\n<link rel=\"canonical\" href=\"https:\/\/us-gc.net\/pt-br\/preco-green-card\/\" \/>\n<meta property=\"og:locale\" content=\"pt_BR\" \/>\n<meta property=\"og:type\" content=\"article\" \/>\n<meta property=\"og:title\" content=\"Quanto custa o Green Card? - USA GC\" \/>\n<meta property=\"og:description\" content=\"Quanto custa a solicita\u00e7\u00e3o de um Green Card americano? Depende das condi\u00e7\u00f5es para obt\u00ea-lo.\" \/>\n<meta property=\"og:url\" content=\"https:\/\/us-gc.net\/pt-br\/preco-green-card\/\" \/>\n<meta property=\"og:site_name\" content=\"USA GC\" \/>\n<meta property=\"article:modified_time\" content=\"2025-03-31T11:22:37+00:00\" \/>\n<meta name=\"twitter:card\" content=\"summary_large_image\" \/>\n<meta name=\"twitter:label1\" content=\"Est. tempo de leitura\" \/>\n\t<meta name=\"twitter:data1\" content=\"2 minutos\" \/>\n<script type=\"application\/ld+json\" class=\"yoast-schema-graph\">{\"@context\":\"https:\\\/\\\/schema.org\",\"@graph\":[{\"@type\":\"WebPage\",\"@id\":\"https:\\\/\\\/us-gc.net\\\/pt-br\\\/preco-green-card\\\/\",\"url\":\"https:\\\/\\\/us-gc.net\\\/pt-br\\\/preco-green-card\\\/\",\"name\":\"Quanto custa o Green Card? - USA GC\",\"isPartOf\":{\"@id\":\"https:\\\/\\\/us-gc.net\\\/pt-br\\\/#website\"},\"datePublished\":\"2024-02-08T15:57:06+00:00\",\"dateModified\":\"2025-03-31T11:22:37+00:00\",\"description\":\"Quanto custa a solicita\u00e7\u00e3o de um Green Card americano? Depende das condi\u00e7\u00f5es para obt\u00ea-lo.\",\"breadcrumb\":{\"@id\":\"https:\\\/\\\/us-gc.net\\\/pt-br\\\/preco-green-card\\\/#breadcrumb\"},\"inLanguage\":\"pt-BR\",\"potentialAction\":[{\"@type\":\"ReadAction\",\"target\":[\"https:\\\/\\\/us-gc.net\\\/pt-br\\\/preco-green-card\\\/\"]}]},{\"@type\":\"BreadcrumbList\",\"@id\":\"https:\\\/\\\/us-gc.net\\\/pt-br\\\/preco-green-card\\\/#breadcrumb\",\"itemListElement\":[{\"@type\":\"ListItem\",\"position\":1,\"name\":\"Accueil\",\"item\":\"https:\\\/\\\/us-gc.net\\\/pt-br\\\/green-card\\\/\"},{\"@type\":\"ListItem\",\"position\":2,\"name\":\"Quanto custa o Green Card?\"}]},{\"@type\":\"WebSite\",\"@id\":\"https:\\\/\\\/us-gc.net\\\/pt-br\\\/#website\",\"url\":\"https:\\\/\\\/us-gc.net\\\/pt-br\\\/\",\"name\":\"USA GC\",\"description\":\"\",\"potentialAction\":[{\"@type\":\"SearchAction\",\"target\":{\"@type\":\"EntryPoint\",\"urlTemplate\":\"https:\\\/\\\/us-gc.net\\\/pt-br\\\/?s={search_term_string}\"},\"query-input\":{\"@type\":\"PropertyValueSpecification\",\"valueRequired\":true,\"valueName\":\"search_term_string\"}}],\"inLanguage\":\"pt-BR\"}]}<\/script>\n<!-- \/ Yoast SEO plugin. -->","yoast_head_json":{"title":"Quanto custa o Green Card? - USA GC","description":"Quanto custa a solicita\u00e7\u00e3o de um Green Card americano? Depende das condi\u00e7\u00f5es para obt\u00ea-lo.","robots":{"index":"index","follow":"follow","max-snippet":"max-snippet:-1","max-image-preview":"max-image-preview:large","max-video-preview":"max-video-preview:-1"},"canonical":"https:\/\/us-gc.net\/pt-br\/preco-green-card\/","og_locale":"pt_BR","og_type":"article","og_title":"Quanto custa o Green Card? - USA GC","og_description":"Quanto custa a solicita\u00e7\u00e3o de um Green Card americano? Depende das condi\u00e7\u00f5es para obt\u00ea-lo.","og_url":"https:\/\/us-gc.net\/pt-br\/preco-green-card\/","og_site_name":"USA GC","article_modified_time":"2025-03-31T11:22:37+00:00","twitter_card":"summary_large_image","twitter_misc":{"Est. tempo de leitura":"2 minutos"},"schema":{"@context":"https:\/\/schema.org","@graph":[{"@type":"WebPage","@id":"https:\/\/us-gc.net\/pt-br\/preco-green-card\/","url":"https:\/\/us-gc.net\/pt-br\/preco-green-card\/","name":"Quanto custa o Green Card? - USA GC","isPartOf":{"@id":"https:\/\/us-gc.net\/pt-br\/#website"},"datePublished":"2024-02-08T15:57:06+00:00","dateModified":"2025-03-31T11:22:37+00:00","description":"Quanto custa a solicita\u00e7\u00e3o de um Green Card americano? Depende das condi\u00e7\u00f5es para obt\u00ea-lo.","breadcrumb":{"@id":"https:\/\/us-gc.net\/pt-br\/preco-green-card\/#breadcrumb"},"inLanguage":"pt-BR","potentialAction":[{"@type":"ReadAction","target":["https:\/\/us-gc.net\/pt-br\/preco-green-card\/"]}]},{"@type":"BreadcrumbList","@id":"https:\/\/us-gc.net\/pt-br\/preco-green-card\/#breadcrumb","itemListElement":[{"@type":"ListItem","position":1,"name":"Accueil","item":"https:\/\/us-gc.net\/pt-br\/green-card\/"},{"@type":"ListItem","position":2,"name":"Quanto custa o Green Card?"}]},{"@type":"WebSite","@id":"https:\/\/us-gc.net\/pt-br\/#website","url":"https:\/\/us-gc.net\/pt-br\/","name":"USA GC","description":"","potentialAction":[{"@type":"SearchAction","target":{"@type":"EntryPoint","urlTemplate":"https:\/\/us-gc.net\/pt-br\/?s={search_term_string}"},"query-input":{"@type":"PropertyValueSpecification","valueRequired":true,"valueName":"search_term_string"}}],"inLanguage":"pt-BR"}]}},"_links":{"self":[{"href":"https:\/\/us-gc.net\/pt-br\/wp-json\/wp\/v2\/pages\/1501","targetHints":{"allow":["GET"]}}],"collection":[{"href":"https:\/\/us-gc.net\/pt-br\/wp-json\/wp\/v2\/pages"}],"about":[{"href":"https:\/\/us-gc.net\/pt-br\/wp-json\/wp\/v2\/types\/page"}],"author":[{"embeddable":true,"href":"https:\/\/us-gc.net\/pt-br\/wp-json\/wp\/v2\/users\/1"}],"replies":[{"embeddable":true,"href":"https:\/\/us-gc.net\/pt-br\/wp-json\/wp\/v2\/comments?post=1501"}],"version-history":[{"count":3,"href":"https:\/\/us-gc.net\/pt-br\/wp-json\/wp\/v2\/pages\/1501\/revisions"}],"predecessor-version":[{"id":10149,"href":"https:\/\/us-gc.net\/pt-br\/wp-json\/wp\/v2\/pages\/1501\/revisions\/10149"}],"wp:attachment":[{"href":"https:\/\/us-gc.net\/pt-br\/wp-json\/wp\/v2\/media?parent=1501"}],"curies":[{"name":"wp","href":"https:\/\/api.w.org\/{rel}","templated":true}]}}