{"id":1374,"date":"2024-02-10T08:30:09","date_gmt":"2024-02-10T08:30:09","guid":{"rendered":"https:\/\/green-card-usa.net\/loteria-green-card-paises-nao-participantes\/"},"modified":"2024-12-30T09:46:25","modified_gmt":"2024-12-30T09:46:25","slug":"loteria-green-card-paises-nao-participantes","status":"publish","type":"page","link":"https:\/\/us-gc.net\/pt-br\/loteria-green-card-paises-nao-participantes\/","title":{"rendered":"Pa\u00edses n\u00e3o qualificados para a loteria do Green Card"},"content":{"rendered":"\n<h1 class=\"wp-block-heading\" id=\"h-liste-des-pays-non-participants-a-la-loterie-de-la-green-card\">Lista de pa\u00edses que n\u00e3o participam da loteria do Green Card<\/h1>\n\n<p>Os Estados Unidos querem manter uma popula\u00e7\u00e3o mista de imigrantes. Todos os anos, o Programa de Visto de Diversidade elabora uma lista de pa\u00edses cujos cidad\u00e3os n\u00e3o t\u00eam permiss\u00e3o para participar da loteria do Green Card. Esses pa\u00edses n\u00e3o participantes s\u00e3o aqueles em que mais de 50.000 cidad\u00e3os imigraram para os Estados Unidos nos \u00faltimos cinco anos e n\u00e3o est\u00e3o qualificados para participar do sorteio deste ano.<\/p>\n\n<h2 class=\"wp-block-heading\" id=\"h-pays-exclus-de-la-loterie-green-card-dv-2024\">Pa\u00edses exclu\u00eddos da loteria do Green Card DV-2024<\/h2>\n\n<p>Para o sorteio anual da loteria do <a href=\"https:\/\/us-gc.net\/pt-br\/green-card-loteria-2024\/\">Green Card DV-2024<\/a>, os nativos dos seguintes pa\u00edses e regi\u00f5es n\u00e3o eram eleg\u00edveis, pois mais de 50.000 nativos desses pa\u00edses imigraram para os Estados Unidos nos cinco anos anteriores: Bangladesh, Brasil, Canad\u00e1, China (incluindo Hong Kong), Col\u00f4mbia, Rep\u00fablica Dominicana, El Salvador, Haiti, Honduras, \u00cdndia, Jamaica, M\u00e9xico, Nig\u00e9ria, Paquist\u00e3o, Filipinas, Rep\u00fablica da Coreia, Reino Unido (excluindo a Irlanda do Norte) e seus territ\u00f3rios dependentes, Venezuela e Vietn\u00e3.<\/p>\n\n<p><strong>Exce\u00e7\u00e3o chinesa<\/strong>: pessoas nascidas em Macau e Taiwan eram eleg\u00edveis.<\/p>\n\n<h2 class=\"wp-block-heading\" id=\"h-pays-exclus-de-la-loterie-green-card-dv-2025\">Pa\u00edses exclu\u00eddos da loteria do Green Card DV-2025<\/h2>\n\n<p>Os cidad\u00e3os dos seguintes pa\u00edses n\u00e3o s\u00e3o eleg\u00edveis para o sorteio anual da loteria do <a href=\"https:\/\/us-gc.net\/pt-br\/loteria-green-card-2025\/\">Green Card DV-2025<\/a>: Bangladesh, Brasil, Canad\u00e1, China (incluindo Hong Kong), Col\u00f4mbia, Rep\u00fablica Dominicana, El Salvador, Haiti, Honduras, \u00cdndia, Jamaica, M\u00e9xico, Nig\u00e9ria, Paquist\u00e3o, Filipinas, Rep\u00fablica da Coreia, Venezuela e Vietn\u00e3.<\/p>\n\n<p><strong>Exce\u00e7\u00e3o chinesa<\/strong>: pessoas nascidas em Macau e Taiwan eram eleg\u00edveis.<\/p>\n\n<p>Apenas um territ\u00f3rio foi removido da lista de pa\u00edses exclu\u00eddos entre os programas DV-2024 e DV-2025: <strong>o Reino Unido<\/strong>. Assim, os cidad\u00e3os brit\u00e2nicos puderam mais uma vez se inscrever na <a href=\"https:\/\/us-gc.net\/pt-br\/cartao-verde-loteria-americana\/\">loteria do Cart\u00e3o Verde<\/a> como parte do sorteio DV-2025.<\/p>\n","protected":false},"excerpt":{"rendered":"<p>Lista de pa\u00edses que n\u00e3o participam da loteria do Green Card Os Estados Unidos querem manter uma popula\u00e7\u00e3o mista de imigrantes. Todos os anos, o Programa de Visto de Diversidade elabora uma lista de pa\u00edses cujos cidad\u00e3os n\u00e3o t\u00eam permiss\u00e3o para participar da loteria do Green Card. Esses pa\u00edses n\u00e3o participantes s\u00e3o aqueles em que [&hellip;]<\/p>\n","protected":false},"author":1,"featured_media":0,"parent":0,"menu_order":0,"comment_status":"closed","ping_status":"closed","template":"","meta":{"footnotes":""},"class_list":["post-1374","page","type-page","status-publish","hentry"],"yoast_head":"<!-- This site is optimized with the Yoast SEO plugin v27.2 - https:\/\/yoast.com\/product\/yoast-seo-wordpress\/ -->\n<title>Pa\u00edses n\u00e3o qualificados para a loteria do Green Card - USA GC<\/title>\n<meta name=\"robots\" content=\"index, follow, max-snippet:-1, max-image-preview:large, max-video-preview:-1\" \/>\n<link rel=\"canonical\" href=\"https:\/\/us-gc.net\/pt-br\/loteria-green-card-paises-nao-participantes\/\" \/>\n<meta property=\"og:locale\" content=\"pt_BR\" \/>\n<meta property=\"og:type\" content=\"article\" \/>\n<meta property=\"og:title\" content=\"Pa\u00edses n\u00e3o qualificados para a loteria do Green Card - USA GC\" \/>\n<meta property=\"og:description\" content=\"Lista de pa\u00edses que n\u00e3o participam da loteria do Green Card Os Estados Unidos querem manter uma popula\u00e7\u00e3o mista de imigrantes. Todos os anos, o Programa de Visto de Diversidade elabora uma lista de pa\u00edses cujos cidad\u00e3os n\u00e3o t\u00eam permiss\u00e3o para participar da loteria do Green Card. Esses pa\u00edses n\u00e3o participantes s\u00e3o aqueles em que [&hellip;]\" \/>\n<meta property=\"og:url\" content=\"https:\/\/us-gc.net\/pt-br\/loteria-green-card-paises-nao-participantes\/\" \/>\n<meta property=\"og:site_name\" content=\"USA GC\" \/>\n<meta property=\"article:modified_time\" content=\"2024-12-30T09:46:25+00:00\" \/>\n<meta name=\"twitter:card\" content=\"summary_large_image\" \/>\n<meta name=\"twitter:label1\" content=\"Est. tempo de leitura\" \/>\n\t<meta name=\"twitter:data1\" content=\"2 minutos\" \/>\n<script type=\"application\/ld+json\" class=\"yoast-schema-graph\">{\"@context\":\"https:\/\/schema.org\",\"@graph\":[{\"@type\":\"WebPage\",\"@id\":\"https:\/\/us-gc.net\/pt-br\/loteria-green-card-paises-nao-participantes\/\",\"url\":\"https:\/\/us-gc.net\/pt-br\/loteria-green-card-paises-nao-participantes\/\",\"name\":\"Pa\u00edses n\u00e3o qualificados para a loteria do Green Card - USA GC\",\"isPartOf\":{\"@id\":\"https:\/\/us-gc.net\/pt-br\/#website\"},\"datePublished\":\"2024-02-10T08:30:09+00:00\",\"dateModified\":\"2024-12-30T09:46:25+00:00\",\"breadcrumb\":{\"@id\":\"https:\/\/us-gc.net\/pt-br\/loteria-green-card-paises-nao-participantes\/#breadcrumb\"},\"inLanguage\":\"pt-BR\",\"potentialAction\":[{\"@type\":\"ReadAction\",\"target\":[\"https:\/\/us-gc.net\/pt-br\/loteria-green-card-paises-nao-participantes\/\"]}]},{\"@type\":\"BreadcrumbList\",\"@id\":\"https:\/\/us-gc.net\/pt-br\/loteria-green-card-paises-nao-participantes\/#breadcrumb\",\"itemListElement\":[{\"@type\":\"ListItem\",\"position\":1,\"name\":\"Accueil\",\"item\":\"https:\/\/us-gc.net\/pt-br\/green-card\/\"},{\"@type\":\"ListItem\",\"position\":2,\"name\":\"Pa\u00edses n\u00e3o qualificados para a loteria do Green Card\"}]},{\"@type\":\"WebSite\",\"@id\":\"https:\/\/us-gc.net\/pt-br\/#website\",\"url\":\"https:\/\/us-gc.net\/pt-br\/\",\"name\":\"USA GC\",\"description\":\"\",\"potentialAction\":[{\"@type\":\"SearchAction\",\"target\":{\"@type\":\"EntryPoint\",\"urlTemplate\":\"https:\/\/us-gc.net\/pt-br\/?s={search_term_string}\"},\"query-input\":{\"@type\":\"PropertyValueSpecification\",\"valueRequired\":true,\"valueName\":\"search_term_string\"}}],\"inLanguage\":\"pt-BR\"}]}<\/script>\n<!-- \/ Yoast SEO plugin. -->","yoast_head_json":{"title":"Pa\u00edses n\u00e3o qualificados para a loteria do Green Card - USA GC","robots":{"index":"index","follow":"follow","max-snippet":"max-snippet:-1","max-image-preview":"max-image-preview:large","max-video-preview":"max-video-preview:-1"},"canonical":"https:\/\/us-gc.net\/pt-br\/loteria-green-card-paises-nao-participantes\/","og_locale":"pt_BR","og_type":"article","og_title":"Pa\u00edses n\u00e3o qualificados para a loteria do Green Card - USA GC","og_description":"Lista de pa\u00edses que n\u00e3o participam da loteria do Green Card Os Estados Unidos querem manter uma popula\u00e7\u00e3o mista de imigrantes. Todos os anos, o Programa de Visto de Diversidade elabora uma lista de pa\u00edses cujos cidad\u00e3os n\u00e3o t\u00eam permiss\u00e3o para participar da loteria do Green Card. Esses pa\u00edses n\u00e3o participantes s\u00e3o aqueles em que [&hellip;]","og_url":"https:\/\/us-gc.net\/pt-br\/loteria-green-card-paises-nao-participantes\/","og_site_name":"USA GC","article_modified_time":"2024-12-30T09:46:25+00:00","twitter_card":"summary_large_image","twitter_misc":{"Est. tempo de leitura":"2 minutos"},"schema":{"@context":"https:\/\/schema.org","@graph":[{"@type":"WebPage","@id":"https:\/\/us-gc.net\/pt-br\/loteria-green-card-paises-nao-participantes\/","url":"https:\/\/us-gc.net\/pt-br\/loteria-green-card-paises-nao-participantes\/","name":"Pa\u00edses n\u00e3o qualificados para a loteria do Green Card - USA GC","isPartOf":{"@id":"https:\/\/us-gc.net\/pt-br\/#website"},"datePublished":"2024-02-10T08:30:09+00:00","dateModified":"2024-12-30T09:46:25+00:00","breadcrumb":{"@id":"https:\/\/us-gc.net\/pt-br\/loteria-green-card-paises-nao-participantes\/#breadcrumb"},"inLanguage":"pt-BR","potentialAction":[{"@type":"ReadAction","target":["https:\/\/us-gc.net\/pt-br\/loteria-green-card-paises-nao-participantes\/"]}]},{"@type":"BreadcrumbList","@id":"https:\/\/us-gc.net\/pt-br\/loteria-green-card-paises-nao-participantes\/#breadcrumb","itemListElement":[{"@type":"ListItem","position":1,"name":"Accueil","item":"https:\/\/us-gc.net\/pt-br\/green-card\/"},{"@type":"ListItem","position":2,"name":"Pa\u00edses n\u00e3o qualificados para a loteria do Green Card"}]},{"@type":"WebSite","@id":"https:\/\/us-gc.net\/pt-br\/#website","url":"https:\/\/us-gc.net\/pt-br\/","name":"USA GC","description":"","potentialAction":[{"@type":"SearchAction","target":{"@type":"EntryPoint","urlTemplate":"https:\/\/us-gc.net\/pt-br\/?s={search_term_string}"},"query-input":{"@type":"PropertyValueSpecification","valueRequired":true,"valueName":"search_term_string"}}],"inLanguage":"pt-BR"}]}},"_links":{"self":[{"href":"https:\/\/us-gc.net\/pt-br\/wp-json\/wp\/v2\/pages\/1374","targetHints":{"allow":["GET"]}}],"collection":[{"href":"https:\/\/us-gc.net\/pt-br\/wp-json\/wp\/v2\/pages"}],"about":[{"href":"https:\/\/us-gc.net\/pt-br\/wp-json\/wp\/v2\/types\/page"}],"author":[{"embeddable":true,"href":"https:\/\/us-gc.net\/pt-br\/wp-json\/wp\/v2\/users\/1"}],"replies":[{"embeddable":true,"href":"https:\/\/us-gc.net\/pt-br\/wp-json\/wp\/v2\/comments?post=1374"}],"version-history":[{"count":1,"href":"https:\/\/us-gc.net\/pt-br\/wp-json\/wp\/v2\/pages\/1374\/revisions"}],"predecessor-version":[{"id":8039,"href":"https:\/\/us-gc.net\/pt-br\/wp-json\/wp\/v2\/pages\/1374\/revisions\/8039"}],"wp:attachment":[{"href":"https:\/\/us-gc.net\/pt-br\/wp-json\/wp\/v2\/media?parent=1374"}],"curies":[{"name":"wp","href":"https:\/\/api.w.org\/{rel}","templated":true}]}}